{"id":39508,"date":"2025-04-22T13:33:55","date_gmt":"2025-04-22T13:33:55","guid":{"rendered":"https:\/\/aptus-holland.com\/find-your-program\/"},"modified":"2025-05-08T07:53:50","modified_gmt":"2025-05-08T07:53:50","slug":"encontre-seu-programa-ideal","status":"publish","type":"page","link":"https:\/\/aptus-holland.com\/pt-pt\/encontre-seu-programa-ideal\/","title":{"rendered":"Encontre seu Programa Ideal"},"content":{"rendered":"\t\t<div data-elementor-type=\"wp-page\" data-elementor-id=\"39508\" class=\"elementor elementor-39508 elementor-38948\" data-elementor-settings=\"[]\">\n\t\t\t\t\t\t\t<div class=\"elementor-section-wrap\">\n\t\t\t\t\t\t\t<section class=\"elementor-section elementor-top-section elementor-element elementor-element-cb4074c elementor-section-full_width ot-traditional elementor-section-height-default elementor-section-height-default\" data-id=\"cb4074c\" data-element_type=\"section\">\n\t\t\t\t\t\t<div class=\"elementor-container elementor-column-gap-extended\">\n\t\t\t\t\t<div class=\"elementor-column elementor-col-100 elementor-top-column elementor-element elementor-element-9e78e1d ot-flex-column-vertical elementor-invisible\" data-id=\"9e78e1d\" data-element_type=\"column\" data-settings=\"{&quot;background_background&quot;:&quot;classic&quot;,&quot;animation&quot;:&quot;fadeInRight&quot;}\">\n\t\t\t<div class=\"elementor-widget-wrap elementor-element-populated\">\n\t\t\t\t\t\t\t\t<div class=\"elementor-element elementor-element-925ee15 elementor-widget elementor-widget-iheading\" data-id=\"925ee15\" data-element_type=\"widget\" data-widget_type=\"iheading.default\">\n\t\t\t\t<div class=\"elementor-widget-container\">\n\t\t\t\t\t<div class=\"ot-heading\">\r\n\t        \t            <span>\/\/ ENCONTRE SEU PROGRAMA \u2013 P\u00e1gina Saiba Mais<\/span>\r\n\t        <h2 class=\"main-heading\">Qual Programa de Nutrientes \u00e9 Ideal para Voc\u00ea?<\/h2>\t    <\/div>\r\n\t    \t\t<\/div>\n\t\t\t\t<\/div>\n\t\t\t\t<div class=\"elementor-element elementor-element-f9ab05f elementor-widget elementor-widget-text-editor\" data-id=\"f9ab05f\" data-element_type=\"widget\" data-widget_type=\"text-editor.default\">\n\t\t\t\t<div class=\"elementor-widget-container\">\n\t\t\t\t\t\t\t\t<p>N\u00e3o sabe por onde come\u00e7ar? Aqui vai um guia r\u00e1pido para te ajudar a escolher o programa de nutrientes Aptus ideal para o seu cultivo e seus objetivos.<\/p>\t\t\t\t\t\t<\/div>\n\t\t\t\t<\/div>\n\t\t\t\t\t<\/div>\n\t\t<\/div>\n\t\t\t\t\t\t\t<\/div>\n\t\t<\/section>\n\t\t\t\t<section class=\"elementor-section elementor-top-section elementor-element elementor-element-1322bbd ot-traditional elementor-section-boxed elementor-section-height-default elementor-section-height-default\" data-id=\"1322bbd\" data-element_type=\"section\">\n\t\t\t\t\t\t<div class=\"elementor-container elementor-column-gap-wide\">\n\t\t\t\t\t<div class=\"elementor-column elementor-col-33 elementor-top-column elementor-element elementor-element-48af011 ot-column-items-top ot-flex-column-vertical\" data-id=\"48af011\" data-element_type=\"column\">\n\t\t\t<div class=\"elementor-widget-wrap elementor-element-populated\">\n\t\t\t\t\t\t\t\t<div class=\"elementor-element elementor-element-76cb805 elementor-widget elementor-widget-image\" data-id=\"76cb805\" data-element_type=\"widget\" data-widget_type=\"image.default\">\n\t\t\t\t<div class=\"elementor-widget-container\">\n\t\t\t\t\t\t\t\t\t\t\t\t\t\t\t<img loading=\"lazy\" decoding=\"async\" width=\"900\" height=\"900\" src=\"https:\/\/aptus-holland.com\/wp-content\/uploads\/2025\/05\/img-premium-organo.webp\" class=\"attachment-full size-full\" alt=\"\" srcset=\"https:\/\/aptus-holland.com\/wp-content\/uploads\/2025\/05\/img-premium-organo.webp 900w, https:\/\/aptus-holland.com\/wp-content\/uploads\/2025\/05\/img-premium-organo-300x300.webp 300w, https:\/\/aptus-holland.com\/wp-content\/uploads\/2025\/05\/img-premium-organo-150x150.webp 150w, https:\/\/aptus-holland.com\/wp-content\/uploads\/2025\/05\/img-premium-organo-768x768.webp 768w, https:\/\/aptus-holland.com\/wp-content\/uploads\/2025\/05\/img-premium-organo-720x720.webp 720w, https:\/\/aptus-holland.com\/wp-content\/uploads\/2025\/05\/img-premium-organo-24x24.webp 24w, https:\/\/aptus-holland.com\/wp-content\/uploads\/2025\/05\/img-premium-organo-36x36.webp 36w, https:\/\/aptus-holland.com\/wp-content\/uploads\/2025\/05\/img-premium-organo-48x48.webp 48w\" sizes=\"auto, (max-width: 900px) 100vw, 900px\" \/>\t\t\t\t\t\t\t\t\t\t\t\t\t\t\t<\/div>\n\t\t\t\t<\/div>\n\t\t\t\t<div class=\"elementor-element elementor-element-204b212 elementor-widget elementor-widget-text-editor\" data-id=\"204b212\" data-element_type=\"widget\" data-widget_type=\"text-editor.default\">\n\t\t\t\t<div class=\"elementor-widget-container\">\n\t\t\t\t\t\t\t\t<h5><strong>Premium<\/strong><\/h5><p><em>Para controle total e resultados premium<\/em><\/p><ul><li>H\u00edbrido de insumos org\u00e2nicos + minerais<\/li><li>Projetado para flores e extratos de alta qualidade<\/li><li>Ideal para cultivadores artesanais com altos padr\u00f5es<\/li><li>Troca de reservat\u00f3rio a cada 1\u20133 dias<\/li><\/ul>\t\t\t\t\t\t<\/div>\n\t\t\t\t<\/div>\n\t\t\t\t<div class=\"elementor-element elementor-element-e1a7f1c elementor-align-left elementor-widget elementor-widget-ibutton\" data-id=\"e1a7f1c\" data-element_type=\"widget\" data-widget_type=\"ibutton.default\">\n\t\t\t\t<div class=\"elementor-widget-container\">\n\t\t\t\t\t<div class=\"ot-button\">\r\n\t\t\t<a href=\"\/pt-pt\/premium-programs\/\" class=\"octf-btn octf-btn-primary\">Explorar Premium Program<\/a>\r\n\t    <\/div>\r\n\t    \t\t<\/div>\n\t\t\t\t<\/div>\n\t\t\t\t\t<\/div>\n\t\t<\/div>\n\t\t\t\t<div class=\"elementor-column elementor-col-33 elementor-top-column elementor-element elementor-element-a8e29d7 ot-column-items-top ot-flex-column-vertical\" data-id=\"a8e29d7\" data-element_type=\"column\">\n\t\t\t<div class=\"elementor-widget-wrap elementor-element-populated\">\n\t\t\t\t\t\t\t\t<div class=\"elementor-element elementor-element-cf95874 elementor-widget elementor-widget-image\" data-id=\"cf95874\" data-element_type=\"widget\" data-widget_type=\"image.default\">\n\t\t\t\t<div class=\"elementor-widget-container\">\n\t\t\t\t\t\t\t\t\t\t\t\t\t\t\t<img loading=\"lazy\" decoding=\"async\" width=\"900\" height=\"900\" src=\"https:\/\/aptus-holland.com\/wp-content\/uploads\/2025\/05\/img-clean-mineral.webp\" class=\"attachment-full size-full\" alt=\"\" srcset=\"https:\/\/aptus-holland.com\/wp-content\/uploads\/2025\/05\/img-clean-mineral.webp 900w, https:\/\/aptus-holland.com\/wp-content\/uploads\/2025\/05\/img-clean-mineral-300x300.webp 300w, https:\/\/aptus-holland.com\/wp-content\/uploads\/2025\/05\/img-clean-mineral-150x150.webp 150w, https:\/\/aptus-holland.com\/wp-content\/uploads\/2025\/05\/img-clean-mineral-768x768.webp 768w, https:\/\/aptus-holland.com\/wp-content\/uploads\/2025\/05\/img-clean-mineral-720x720.webp 720w, https:\/\/aptus-holland.com\/wp-content\/uploads\/2025\/05\/img-clean-mineral-24x24.webp 24w, https:\/\/aptus-holland.com\/wp-content\/uploads\/2025\/05\/img-clean-mineral-36x36.webp 36w, https:\/\/aptus-holland.com\/wp-content\/uploads\/2025\/05\/img-clean-mineral-48x48.webp 48w\" sizes=\"auto, (max-width: 900px) 100vw, 900px\" \/>\t\t\t\t\t\t\t\t\t\t\t\t\t\t\t<\/div>\n\t\t\t\t<\/div>\n\t\t\t\t<div class=\"elementor-element elementor-element-c455214 elementor-widget elementor-widget-text-editor\" data-id=\"c455214\" data-element_type=\"widget\" data-widget_type=\"text-editor.default\">\n\t\t\t\t<div class=\"elementor-widget-container\">\n\t\t\t\t\t\t\t\t<h5><strong>Clean<\/strong><\/h5><p><em>Para resultados limpos, eficientes e simples<\/em><\/p><ul><li>F\u00f3rmula 100% mineral e est\u00e1vel em pH<\/li><li>Poucos res\u00edduos, f\u00e1cil de usar<\/li><li>Ideal para iniciantes, sistemas hidrop\u00f4nicos ou quem quer simplicidade<\/li><li>At\u00e9 10 dias fresco no reservat\u00f3rio<\/li><\/ul>\t\t\t\t\t\t<\/div>\n\t\t\t\t<\/div>\n\t\t\t\t<div class=\"elementor-element elementor-element-2cc9d06 elementor-align-left elementor-widget elementor-widget-ibutton\" data-id=\"2cc9d06\" data-element_type=\"widget\" data-widget_type=\"ibutton.default\">\n\t\t\t\t<div class=\"elementor-widget-container\">\n\t\t\t\t\t<div class=\"ot-button\">\r\n\t\t\t<a href=\"\/pt-pt\/clean-programs\/\" class=\"octf-btn octf-btn-primary\">Explorar Clean Program<\/a>\r\n\t    <\/div>\r\n\t    \t\t<\/div>\n\t\t\t\t<\/div>\n\t\t\t\t\t<\/div>\n\t\t<\/div>\n\t\t\t\t<div class=\"elementor-column elementor-col-33 elementor-top-column elementor-element elementor-element-a9a0079 ot-column-items-top ot-flex-column-vertical\" data-id=\"a9a0079\" data-element_type=\"column\">\n\t\t\t<div class=\"elementor-widget-wrap elementor-element-populated\">\n\t\t\t\t\t\t\t\t<div class=\"elementor-element elementor-element-06e6341 elementor-widget elementor-widget-image\" data-id=\"06e6341\" data-element_type=\"widget\" data-widget_type=\"image.default\">\n\t\t\t\t<div class=\"elementor-widget-container\">\n\t\t\t\t\t\t\t\t\t\t\t\t\t\t\t<img loading=\"lazy\" decoding=\"async\" width=\"900\" height=\"900\" src=\"https:\/\/aptus-holland.com\/wp-content\/uploads\/2025\/05\/img-soil-organic.webp\" class=\"attachment-full size-full\" alt=\"\" srcset=\"https:\/\/aptus-holland.com\/wp-content\/uploads\/2025\/05\/img-soil-organic.webp 900w, https:\/\/aptus-holland.com\/wp-content\/uploads\/2025\/05\/img-soil-organic-300x300.webp 300w, https:\/\/aptus-holland.com\/wp-content\/uploads\/2025\/05\/img-soil-organic-150x150.webp 150w, https:\/\/aptus-holland.com\/wp-content\/uploads\/2025\/05\/img-soil-organic-768x768.webp 768w, https:\/\/aptus-holland.com\/wp-content\/uploads\/2025\/05\/img-soil-organic-720x720.webp 720w, https:\/\/aptus-holland.com\/wp-content\/uploads\/2025\/05\/img-soil-organic-24x24.webp 24w, https:\/\/aptus-holland.com\/wp-content\/uploads\/2025\/05\/img-soil-organic-36x36.webp 36w, https:\/\/aptus-holland.com\/wp-content\/uploads\/2025\/05\/img-soil-organic-48x48.webp 48w\" sizes=\"auto, (max-width: 900px) 100vw, 900px\" \/>\t\t\t\t\t\t\t\t\t\t\t\t\t\t\t<\/div>\n\t\t\t\t<\/div>\n\t\t\t\t<div class=\"elementor-element elementor-element-d1c588f elementor-widget elementor-widget-text-editor\" data-id=\"d1c588f\" data-element_type=\"widget\" data-widget_type=\"text-editor.default\">\n\t\t\t\t<div class=\"elementor-widget-container\">\n\t\t\t\t\t\t\t\t<h5><strong>Super Soil<\/strong><\/h5><p>Para o cultivador natural e sem complica\u00e7\u00f5es<\/p><ul><li>Aditivos secos org\u00e2nicos + suporte microbiano<\/li><li>Projetado para sistemas baseados em solo, com baixa interven\u00e7\u00e3o<\/li><li>Basta adicionar \u00e1gua \u2014 ideal para pr\u00e1ticas sustent\u00e1veis e com solo vivo<\/li><\/ul>\t\t\t\t\t\t<\/div>\n\t\t\t\t<\/div>\n\t\t\t\t<div class=\"elementor-element elementor-element-7a4f460 elementor-align-left elementor-widget elementor-widget-ibutton\" data-id=\"7a4f460\" data-element_type=\"widget\" data-widget_type=\"ibutton.default\">\n\t\t\t\t<div class=\"elementor-widget-container\">\n\t\t\t\t\t<div class=\"ot-button\">\r\n\t\t\t<a href=\"\/pt-pt\/super-soil-programs\/\" class=\"octf-btn octf-btn-primary\">Explorar Super Soil Program<\/a>\r\n\t    <\/div>\r\n\t    \t\t<\/div>\n\t\t\t\t<\/div>\n\t\t\t\t\t<\/div>\n\t\t<\/div>\n\t\t\t\t\t\t\t<\/div>\n\t\t<\/section>\n\t\t\t\t<section class=\"elementor-section elementor-top-section elementor-element elementor-element-64efcff groene-vlakken-producten elementor-section-full_width ot-traditional elementor-section-height-default elementor-section-height-default\" data-id=\"64efcff\" data-element_type=\"section\" data-settings=\"{&quot;background_background&quot;:&quot;classic&quot;}\">\n\t\t\t\t\t\t<div class=\"elementor-container elementor-column-gap-extended\">\n\t\t\t\t\t<div class=\"elementor-column elementor-col-100 elementor-top-column elementor-element elementor-element-af00bde ot-flex-column-vertical\" data-id=\"af00bde\" data-element_type=\"column\">\n\t\t\t<div class=\"elementor-widget-wrap elementor-element-populated\">\n\t\t\t\t\t\t\t\t<section class=\"elementor-section elementor-inner-section elementor-element elementor-element-f52de27 ot-traditional elementor-section-boxed elementor-section-height-default elementor-section-height-default\" data-id=\"f52de27\" data-element_type=\"section\">\n\t\t\t\t\t\t<div class=\"elementor-container elementor-column-gap-default\">\n\t\t\t\t\t<div class=\"elementor-column elementor-col-100 elementor-inner-column elementor-element elementor-element-f6ec26d ot-flex-column-vertical\" data-id=\"f6ec26d\" data-element_type=\"column\">\n\t\t\t<div class=\"elementor-widget-wrap elementor-element-populated\">\n\t\t\t\t\t\t\t\t<div class=\"elementor-element elementor-element-8775d6a elementor-widget elementor-widget-iheading\" data-id=\"8775d6a\" data-element_type=\"widget\" data-widget_type=\"iheading.default\">\n\t\t\t\t<div class=\"elementor-widget-container\">\n\t\t\t\t\t<div class=\"ot-heading\">\r\n\t        <h2 class=\"main-heading\">Ainda est\u00e1 com d\u00favidas?<\/h2>\t    <\/div>\r\n\t    \t\t<\/div>\n\t\t\t\t<\/div>\n\t\t\t\t<div class=\"elementor-element elementor-element-c385351 elementor-widget elementor-widget-text-editor\" data-id=\"c385351\" data-element_type=\"widget\" data-widget_type=\"text-editor.default\">\n\t\t\t\t<div class=\"elementor-widget-container\">\n\t\t\t\t\t\t\t\t<p>Fale conosco ou baixe todos os programas para compar\u00e1-los.<\/p>\t\t\t\t\t\t<\/div>\n\t\t\t\t<\/div>\n\t\t\t\t\t<\/div>\n\t\t<\/div>\n\t\t\t\t\t\t\t<\/div>\n\t\t<\/section>\n\t\t\t\t<div class=\"elementor-element elementor-element-bfb33b3 elementor-align-center elementor-widget elementor-widget-ibutton\" data-id=\"bfb33b3\" data-element_type=\"widget\" data-widget_type=\"ibutton.default\">\n\t\t\t\t<div class=\"elementor-widget-container\">\n\t\t\t\t\t<div class=\"ot-button\">\r\n\t\t\t<a href=\"\/pt-pt\/programas-de-alimentacao\/\" class=\"octf-btn octf-btn-primary\">Baixar Todos os <br>Programas de Nutrientes<\/a>\r\n\t    <\/div>\r\n\t    \t\t<\/div>\n\t\t\t\t<\/div>\n\t\t\t\t<div class=\"elementor-element elementor-element-c00021d elementor-align-center elementor-widget elementor-widget-ibutton\" data-id=\"c00021d\" data-element_type=\"widget\" data-widget_type=\"ibutton.default\">\n\t\t\t\t<div class=\"elementor-widget-container\">\n\t\t\t\t\t<div class=\"ot-button\">\r\n\t\t\t<a href=\"\/pt-pt\/contactos\/\" class=\"octf-btn octf-btn-primary\">Entrar em Contato com o Suporte de Cultivo<\/a>\r\n\t    <\/div>\r\n\t    \t\t<\/div>\n\t\t\t\t<\/div>\n\t\t\t\t\t<\/div>\n\t\t<\/div>\n\t\t\t\t\t\t\t<\/div>\n\t\t<\/section>\n\t\t\t\t\t\t<\/div>\n\t\t\t\t\t<\/div>\n\t\t","protected":false},"excerpt":{"rendered":"<p>\/\/ ENCONTRE SEU PROGRAMA \u2013 P\u00e1gina Saiba Mais Qual Programa de Nutrientes \u00e9 Ideal para Voc\u00ea? N\u00e3o sabe por onde come\u00e7ar? Aqui vai um guia r\u00e1pido para te ajudar a escolher o programa de nutrientes Aptus ideal para o seu cultivo e seus objetivos. Premium Para controle total e resultados premium H\u00edbrido de insumos org\u00e2nicos [&hellip;]<\/p>\n","protected":false},"author":2,"featured_media":0,"parent":0,"menu_order":0,"comment_status":"closed","ping_status":"closed","template":"","meta":{"_monsterinsights_skip_tracking":false,"_monsterinsights_sitenote_active":false,"_monsterinsights_sitenote_note":"","_monsterinsights_sitenote_category":0,"footnotes":""},"class_list":["post-39508","page","type-page","status-publish","hentry"],"yoast_head":"<!-- This site is optimized with the Yoast SEO plugin v27.0 - https:\/\/yoast.com\/product\/yoast-seo-wordpress\/ -->\n<title>Encontre seu Programa Ideal | Aptus Holland | Aptus Plant Tech<\/title>\n<meta name=\"description\" content=\"Saiba mais sobre o programa de alimenta\u00e7\u00e3o da Aptus Holland e escolha o cronograma que melhor se adapta a voc\u00ea.\" \/>\n<meta name=\"robots\" content=\"index, follow, max-snippet:-1, max-image-preview:large, max-video-preview:-1\" \/>\n<link rel=\"canonical\" href=\"https:\/\/aptus-holland.com\/pt-pt\/encontre-seu-programa-ideal\/\" \/>\n<meta property=\"og:locale\" content=\"pt_PT\" \/>\n<meta property=\"og:type\" content=\"article\" \/>\n<meta property=\"og:title\" content=\"Encontre seu Programa Ideal | Aptus Holland | Aptus Plant Tech\" \/>\n<meta property=\"og:description\" content=\"Saiba mais sobre o programa de alimenta\u00e7\u00e3o da Aptus Holland e escolha o cronograma que melhor se adapta a voc\u00ea.\" \/>\n<meta property=\"og:url\" content=\"https:\/\/aptus-holland.com\/pt-pt\/encontre-seu-programa-ideal\/\" \/>\n<meta property=\"og:site_name\" content=\"Aptus Holland\" \/>\n<meta property=\"article:modified_time\" content=\"2025-05-08T07:53:50+00:00\" \/>\n<meta property=\"og:image\" content=\"http:\/\/aptus-holland.com\/wp-content\/uploads\/2025\/05\/img-premium-organo.webp\" \/>\n<meta name=\"twitter:card\" content=\"summary_large_image\" \/>\n<meta name=\"twitter:label1\" content=\"Tempo estimado de leitura\" \/>\n\t<meta name=\"twitter:data1\" content=\"2 minutos\" \/>\n<script type=\"application\/ld+json\" class=\"yoast-schema-graph\">{\"@context\":\"https:\/\/schema.org\",\"@graph\":[{\"@type\":\"WebPage\",\"@id\":\"https:\/\/aptus-holland.com\/pt-pt\/encontre-seu-programa-ideal\/\",\"url\":\"https:\/\/aptus-holland.com\/pt-pt\/encontre-seu-programa-ideal\/\",\"name\":\"Encontre seu Programa Ideal | Aptus Holland | Aptus Plant Tech\",\"isPartOf\":{\"@id\":\"https:\/\/aptus-holland.com\/pt-pt\/#website\"},\"primaryImageOfPage\":{\"@id\":\"https:\/\/aptus-holland.com\/pt-pt\/encontre-seu-programa-ideal\/#primaryimage\"},\"image\":{\"@id\":\"https:\/\/aptus-holland.com\/pt-pt\/encontre-seu-programa-ideal\/#primaryimage\"},\"thumbnailUrl\":\"http:\/\/aptus-holland.com\/wp-content\/uploads\/2025\/05\/img-premium-organo.webp\",\"datePublished\":\"2025-04-22T13:33:55+00:00\",\"dateModified\":\"2025-05-08T07:53:50+00:00\",\"description\":\"Saiba mais sobre o programa de alimenta\u00e7\u00e3o da Aptus Holland e escolha o cronograma que melhor se adapta a voc\u00ea.\",\"breadcrumb\":{\"@id\":\"https:\/\/aptus-holland.com\/pt-pt\/encontre-seu-programa-ideal\/#breadcrumb\"},\"inLanguage\":\"pt-PT\",\"potentialAction\":[{\"@type\":\"ReadAction\",\"target\":[\"https:\/\/aptus-holland.com\/pt-pt\/encontre-seu-programa-ideal\/\"]}]},{\"@type\":\"ImageObject\",\"inLanguage\":\"pt-PT\",\"@id\":\"https:\/\/aptus-holland.com\/pt-pt\/encontre-seu-programa-ideal\/#primaryimage\",\"url\":\"http:\/\/aptus-holland.com\/wp-content\/uploads\/2025\/05\/img-premium-organo.webp\",\"contentUrl\":\"http:\/\/aptus-holland.com\/wp-content\/uploads\/2025\/05\/img-premium-organo.webp\"},{\"@type\":\"BreadcrumbList\",\"@id\":\"https:\/\/aptus-holland.com\/pt-pt\/encontre-seu-programa-ideal\/#breadcrumb\",\"itemListElement\":[{\"@type\":\"ListItem\",\"position\":1,\"name\":\"Home\",\"item\":\"https:\/\/aptus-holland.com\/pt-pt\/\"},{\"@type\":\"ListItem\",\"position\":2,\"name\":\"Encontre seu Programa Ideal\"}]},{\"@type\":\"WebSite\",\"@id\":\"https:\/\/aptus-holland.com\/pt-pt\/#website\",\"url\":\"https:\/\/aptus-holland.com\/pt-pt\/\",\"name\":\"Aptus Holland\",\"description\":\"Plant Tech\",\"publisher\":{\"@id\":\"https:\/\/aptus-holland.com\/pt-pt\/#organization\"},\"potentialAction\":[{\"@type\":\"SearchAction\",\"target\":{\"@type\":\"EntryPoint\",\"urlTemplate\":\"https:\/\/aptus-holland.com\/pt-pt\/?s={search_term_string}\"},\"query-input\":{\"@type\":\"PropertyValueSpecification\",\"valueRequired\":true,\"valueName\":\"search_term_string\"}}],\"inLanguage\":\"pt-PT\"},{\"@type\":\"Organization\",\"@id\":\"https:\/\/aptus-holland.com\/pt-pt\/#organization\",\"name\":\"Aptus Holland\",\"url\":\"https:\/\/aptus-holland.com\/pt-pt\/\",\"logo\":{\"@type\":\"ImageObject\",\"inLanguage\":\"pt-PT\",\"@id\":\"https:\/\/aptus-holland.com\/pt-pt\/#\/schema\/logo\/image\/\",\"url\":\"https:\/\/aptus-holland.com\/wp-content\/uploads\/2021\/07\/logo-aptus-holland.png\",\"contentUrl\":\"https:\/\/aptus-holland.com\/wp-content\/uploads\/2021\/07\/logo-aptus-holland.png\",\"width\":365,\"height\":200,\"caption\":\"Aptus Holland\"},\"image\":{\"@id\":\"https:\/\/aptus-holland.com\/pt-pt\/#\/schema\/logo\/image\/\"}}]}<\/script>\n<!-- \/ Yoast SEO plugin. -->","yoast_head_json":{"title":"Encontre seu Programa Ideal | Aptus Holland | Aptus Plant Tech","description":"Saiba mais sobre o programa de alimenta\u00e7\u00e3o da Aptus Holland e escolha o cronograma que melhor se adapta a voc\u00ea.","robots":{"index":"index","follow":"follow","max-snippet":"max-snippet:-1","max-image-preview":"max-image-preview:large","max-video-preview":"max-video-preview:-1"},"canonical":"https:\/\/aptus-holland.com\/pt-pt\/encontre-seu-programa-ideal\/","og_locale":"pt_PT","og_type":"article","og_title":"Encontre seu Programa Ideal | Aptus Holland | Aptus Plant Tech","og_description":"Saiba mais sobre o programa de alimenta\u00e7\u00e3o da Aptus Holland e escolha o cronograma que melhor se adapta a voc\u00ea.","og_url":"https:\/\/aptus-holland.com\/pt-pt\/encontre-seu-programa-ideal\/","og_site_name":"Aptus Holland","article_modified_time":"2025-05-08T07:53:50+00:00","og_image":[{"url":"http:\/\/aptus-holland.com\/wp-content\/uploads\/2025\/05\/img-premium-organo.webp","type":"","width":"","height":""}],"twitter_card":"summary_large_image","twitter_misc":{"Tempo estimado de leitura":"2 minutos"},"schema":{"@context":"https:\/\/schema.org","@graph":[{"@type":"WebPage","@id":"https:\/\/aptus-holland.com\/pt-pt\/encontre-seu-programa-ideal\/","url":"https:\/\/aptus-holland.com\/pt-pt\/encontre-seu-programa-ideal\/","name":"Encontre seu Programa Ideal | Aptus Holland | Aptus Plant Tech","isPartOf":{"@id":"https:\/\/aptus-holland.com\/pt-pt\/#website"},"primaryImageOfPage":{"@id":"https:\/\/aptus-holland.com\/pt-pt\/encontre-seu-programa-ideal\/#primaryimage"},"image":{"@id":"https:\/\/aptus-holland.com\/pt-pt\/encontre-seu-programa-ideal\/#primaryimage"},"thumbnailUrl":"http:\/\/aptus-holland.com\/wp-content\/uploads\/2025\/05\/img-premium-organo.webp","datePublished":"2025-04-22T13:33:55+00:00","dateModified":"2025-05-08T07:53:50+00:00","description":"Saiba mais sobre o programa de alimenta\u00e7\u00e3o da Aptus Holland e escolha o cronograma que melhor se adapta a voc\u00ea.","breadcrumb":{"@id":"https:\/\/aptus-holland.com\/pt-pt\/encontre-seu-programa-ideal\/#breadcrumb"},"inLanguage":"pt-PT","potentialAction":[{"@type":"ReadAction","target":["https:\/\/aptus-holland.com\/pt-pt\/encontre-seu-programa-ideal\/"]}]},{"@type":"ImageObject","inLanguage":"pt-PT","@id":"https:\/\/aptus-holland.com\/pt-pt\/encontre-seu-programa-ideal\/#primaryimage","url":"http:\/\/aptus-holland.com\/wp-content\/uploads\/2025\/05\/img-premium-organo.webp","contentUrl":"http:\/\/aptus-holland.com\/wp-content\/uploads\/2025\/05\/img-premium-organo.webp"},{"@type":"BreadcrumbList","@id":"https:\/\/aptus-holland.com\/pt-pt\/encontre-seu-programa-ideal\/#breadcrumb","itemListElement":[{"@type":"ListItem","position":1,"name":"Home","item":"https:\/\/aptus-holland.com\/pt-pt\/"},{"@type":"ListItem","position":2,"name":"Encontre seu Programa Ideal"}]},{"@type":"WebSite","@id":"https:\/\/aptus-holland.com\/pt-pt\/#website","url":"https:\/\/aptus-holland.com\/pt-pt\/","name":"Aptus Holland","description":"Plant Tech","publisher":{"@id":"https:\/\/aptus-holland.com\/pt-pt\/#organization"},"potentialAction":[{"@type":"SearchAction","target":{"@type":"EntryPoint","urlTemplate":"https:\/\/aptus-holland.com\/pt-pt\/?s={search_term_string}"},"query-input":{"@type":"PropertyValueSpecification","valueRequired":true,"valueName":"search_term_string"}}],"inLanguage":"pt-PT"},{"@type":"Organization","@id":"https:\/\/aptus-holland.com\/pt-pt\/#organization","name":"Aptus Holland","url":"https:\/\/aptus-holland.com\/pt-pt\/","logo":{"@type":"ImageObject","inLanguage":"pt-PT","@id":"https:\/\/aptus-holland.com\/pt-pt\/#\/schema\/logo\/image\/","url":"https:\/\/aptus-holland.com\/wp-content\/uploads\/2021\/07\/logo-aptus-holland.png","contentUrl":"https:\/\/aptus-holland.com\/wp-content\/uploads\/2021\/07\/logo-aptus-holland.png","width":365,"height":200,"caption":"Aptus Holland"},"image":{"@id":"https:\/\/aptus-holland.com\/pt-pt\/#\/schema\/logo\/image\/"}}]}},"_links":{"self":[{"href":"https:\/\/aptus-holland.com\/pt-pt\/wp-json\/wp\/v2\/pages\/39508","targetHints":{"allow":["GET"]}}],"collection":[{"href":"https:\/\/aptus-holland.com\/pt-pt\/wp-json\/wp\/v2\/pages"}],"about":[{"href":"https:\/\/aptus-holland.com\/pt-pt\/wp-json\/wp\/v2\/types\/page"}],"author":[{"embeddable":true,"href":"https:\/\/aptus-holland.com\/pt-pt\/wp-json\/wp\/v2\/users\/2"}],"replies":[{"embeddable":true,"href":"https:\/\/aptus-holland.com\/pt-pt\/wp-json\/wp\/v2\/comments?post=39508"}],"version-history":[{"count":4,"href":"https:\/\/aptus-holland.com\/pt-pt\/wp-json\/wp\/v2\/pages\/39508\/revisions"}],"predecessor-version":[{"id":39714,"href":"https:\/\/aptus-holland.com\/pt-pt\/wp-json\/wp\/v2\/pages\/39508\/revisions\/39714"}],"wp:attachment":[{"href":"https:\/\/aptus-holland.com\/pt-pt\/wp-json\/wp\/v2\/media?parent=39508"}],"curies":[{"name":"wp","href":"https:\/\/api.w.org\/{rel}","templated":true}]}}