{"id":38143,"date":"2025-03-06T15:07:59","date_gmt":"2025-03-06T15:07:59","guid":{"rendered":"https:\/\/aptus-holland.com\/produtos\/all-in-one-pro\/"},"modified":"2025-03-06T15:36:10","modified_gmt":"2025-03-06T15:36:10","slug":"all-in-one-pro","status":"publish","type":"page","link":"https:\/\/aptus-holland.com\/pt-pt\/produtos\/all-in-one-pro\/","title":{"rendered":"All-In-One Pro"},"content":{"rendered":"\t\t<div data-elementor-type=\"wp-page\" data-elementor-id=\"38143\" class=\"elementor elementor-38143 elementor-38124\" data-elementor-settings=\"[]\">\n\t\t\t\t\t\t\t<div class=\"elementor-section-wrap\">\n\t\t\t\t\t\t\t<section class=\"elementor-section elementor-top-section elementor-element elementor-element-cb4074c elementor-section-full_width ot-traditional elementor-section-height-default elementor-section-height-default\" data-id=\"cb4074c\" data-element_type=\"section\">\n\t\t\t\t\t\t<div class=\"elementor-container elementor-column-gap-extended\">\n\t\t\t\t\t<div class=\"elementor-column elementor-col-50 elementor-top-column elementor-element elementor-element-ccf0919 ot-column-items-top ot-flex-column-vertical\" data-id=\"ccf0919\" data-element_type=\"column\">\n\t\t\t<div class=\"elementor-widget-wrap elementor-element-populated\">\n\t\t\t\t\t\t\t\t<div class=\"elementor-element elementor-element-85abb63 product-img-aptus elementor-widget elementor-widget-image\" data-id=\"85abb63\" data-element_type=\"widget\" data-widget_type=\"image.default\">\n\t\t\t\t<div class=\"elementor-widget-container\">\n\t\t\t\t\t\t\t\t\t\t\t\t\t\t\t<img loading=\"lazy\" decoding=\"async\" width=\"800\" height=\"661\" src=\"https:\/\/aptus-holland.com\/wp-content\/uploads\/2025\/03\/Aptus-Holland-All-in-One-Pro-fam.webp\" class=\"attachment-full size-full\" alt=\"\" srcset=\"https:\/\/aptus-holland.com\/wp-content\/uploads\/2025\/03\/Aptus-Holland-All-in-One-Pro-fam.webp 800w, https:\/\/aptus-holland.com\/wp-content\/uploads\/2025\/03\/Aptus-Holland-All-in-One-Pro-fam-300x248.webp 300w, https:\/\/aptus-holland.com\/wp-content\/uploads\/2025\/03\/Aptus-Holland-All-in-One-Pro-fam-768x635.webp 768w, https:\/\/aptus-holland.com\/wp-content\/uploads\/2025\/03\/Aptus-Holland-All-in-One-Pro-fam-720x595.webp 720w, https:\/\/aptus-holland.com\/wp-content\/uploads\/2025\/03\/Aptus-Holland-All-in-One-Pro-fam-24x20.webp 24w, https:\/\/aptus-holland.com\/wp-content\/uploads\/2025\/03\/Aptus-Holland-All-in-One-Pro-fam-36x30.webp 36w, https:\/\/aptus-holland.com\/wp-content\/uploads\/2025\/03\/Aptus-Holland-All-in-One-Pro-fam-48x40.webp 48w\" sizes=\"auto, (max-width: 800px) 100vw, 800px\" \/>\t\t\t\t\t\t\t\t\t\t\t\t\t\t\t<\/div>\n\t\t\t\t<\/div>\n\t\t\t\t\t<\/div>\n\t\t<\/div>\n\t\t\t\t<div class=\"elementor-column elementor-col-50 elementor-top-column elementor-element elementor-element-9e78e1d ot-flex-column-vertical elementor-invisible\" data-id=\"9e78e1d\" data-element_type=\"column\" data-settings=\"{&quot;background_background&quot;:&quot;classic&quot;,&quot;animation&quot;:&quot;fadeInRight&quot;}\">\n\t\t\t<div class=\"elementor-widget-wrap elementor-element-populated\">\n\t\t\t\t\t\t\t\t<div class=\"elementor-element elementor-element-925ee15 elementor-widget elementor-widget-iheading\" data-id=\"925ee15\" data-element_type=\"widget\" data-widget_type=\"iheading.default\">\n\t\t\t\t<div class=\"elementor-widget-container\">\n\t\t\t\t\t<div class=\"ot-heading\">\r\n\t        \t            <span>\/\/ 100% sol\u00favel em \u00e1gua e altamente concentrado<\/span>\r\n\t        <h2 class=\"main-heading\">All-in-One Pro<\/h2>\t    <\/div>\r\n\t    \t\t<\/div>\n\t\t\t\t<\/div>\n\t\t\t\t<div class=\"elementor-element elementor-element-f9ab05f elementor-widget elementor-widget-text-editor\" data-id=\"f9ab05f\" data-element_type=\"widget\" data-widget_type=\"text-editor.default\">\n\t\t\t\t<div class=\"elementor-widget-container\">\n\t\t\t\t\t\t\t\t<p>O ALL-IN-ONE PRO \u00e9 um fertilizante mineral 100% sol\u00favel em \u00e1gua e altamente concentrado, desenvolvido para cultivadores profissionais e comerciais. Ele oferece uma solu\u00e7\u00e3o nutricional completa e equilibrada, apoiando as plantas durante todo o ciclo de vida, desde a fase vegetativa at\u00e9 a flora\u00e7\u00e3o. Projetado para cultivo de precis\u00e3o, esta f\u00f3rmula garante crescimento ideal, rendimento m\u00e1ximo e resultados de alta qualidade em qualquer sistema de cultivo.<\/p>\t\t\t\t\t\t<\/div>\n\t\t\t\t<\/div>\n\t\t\t\t\t<\/div>\n\t\t<\/div>\n\t\t\t\t\t\t\t<\/div>\n\t\t<\/section>\n\t\t\t\t<section class=\"elementor-section elementor-top-section elementor-element elementor-element-683d3b1 groene-vlakken-producten ot-traditional elementor-section-boxed elementor-section-height-default elementor-section-height-default\" data-id=\"683d3b1\" data-element_type=\"section\" data-settings=\"{&quot;background_background&quot;:&quot;classic&quot;}\">\n\t\t\t\t\t\t<div class=\"elementor-container elementor-column-gap-extended\">\n\t\t\t\t\t<div class=\"elementor-column elementor-col-50 elementor-top-column elementor-element elementor-element-9aaa582 ot-flex-column-vertical\" data-id=\"9aaa582\" data-element_type=\"column\">\n\t\t\t<div class=\"elementor-widget-wrap elementor-element-populated\">\n\t\t\t\t\t\t\t\t<div class=\"elementor-element elementor-element-d58ba4b elementor-widget elementor-widget-iheading\" data-id=\"d58ba4b\" data-element_type=\"widget\" data-widget_type=\"iheading.default\">\n\t\t\t\t<div class=\"elementor-widget-container\">\n\t\t\t\t\t<div class=\"ot-heading\">\r\n\t        <h2 class=\"main-heading\">PORQU\u00ca UTILIZAR O ALL-IN-ONE PRO?<\/h2>\t    <\/div>\r\n\t    \t\t<\/div>\n\t\t\t\t<\/div>\n\t\t\t\t<div class=\"elementor-element elementor-element-b6c8371 elementor-icon-list--layout-traditional elementor-list-item-link-full_width elementor-widget elementor-widget-icon-list\" data-id=\"b6c8371\" data-element_type=\"widget\" data-widget_type=\"icon-list.default\">\n\t\t\t\t<div class=\"elementor-widget-container\">\n\t\t\t\t\t<ul class=\"elementor-icon-list-items\">\n\t\t\t\t\t\t\t<li class=\"elementor-icon-list-item\">\n\t\t\t\t\t\t\t\t\t\t\t<span class=\"elementor-icon-list-icon\">\n\t\t\t\t\t\t\t<i aria-hidden=\"true\" class=\"fas fa-check\"><\/i>\t\t\t\t\t\t<\/span>\n\t\t\t\t\t\t\t\t\t\t<span class=\"elementor-icon-list-text\">Completo e equilibrado \u2013 Cont\u00e9m todos os macronutrientes, mesonutrientes e micronutrientes essenciais.<\/span>\n\t\t\t\t\t\t\t\t\t<\/li>\n\t\t\t\t\t\t\t\t<li class=\"elementor-icon-list-item\">\n\t\t\t\t\t\t\t\t\t\t\t<span class=\"elementor-icon-list-icon\">\n\t\t\t\t\t\t\t<i aria-hidden=\"true\" class=\"fas fa-check\"><\/i>\t\t\t\t\t\t<\/span>\n\t\t\t\t\t\t\t\t\t\t<span class=\"elementor-icon-list-text\">Alta concentra\u00e7\u00e3o \u2013 Baixas taxas de aplica\u00e7\u00e3o tornam-no econ\u00f4mico e eficiente.<\/span>\n\t\t\t\t\t\t\t\t\t<\/li>\n\t\t\t\t\t\t\t\t<li class=\"elementor-icon-list-item\">\n\t\t\t\t\t\t\t\t\t\t\t<span class=\"elementor-icon-list-icon\">\n\t\t\t\t\t\t\t<i aria-hidden=\"true\" class=\"fas fa-check\"><\/i>\t\t\t\t\t\t<\/span>\n\t\t\t\t\t\t\t\t\t\t<span class=\"elementor-icon-list-text\">Est\u00e1vel em pH \u2013 O tamp\u00e3o de pH integrado mant\u00e9m os nutrientes dispon\u00edveis por at\u00e9 10 dias no reservat\u00f3rio.<\/span>\n\t\t\t\t\t\t\t\t\t<\/li>\n\t\t\t\t\t\t\t\t<li class=\"elementor-icon-list-item\">\n\t\t\t\t\t\t\t\t\t\t\t<span class=\"elementor-icon-list-icon\">\n\t\t\t\t\t\t\t<i aria-hidden=\"true\" class=\"fas fa-check\"><\/i>\t\t\t\t\t\t<\/span>\n\t\t\t\t\t\t\t\t\t\t<span class=\"elementor-icon-list-text\">Totalmente sol\u00favel em \u00e1gua \u2013 Sem res\u00edduos ou entupimentos, ideal para hidroponia, solo e fibra de coco.<\/span>\n\t\t\t\t\t\t\t\t\t<\/li>\n\t\t\t\t\t\t\t\t<li class=\"elementor-icon-list-item\">\n\t\t\t\t\t\t\t\t\t\t\t<span class=\"elementor-icon-list-icon\">\n\t\t\t\t\t\t\t<i aria-hidden=\"true\" class=\"fas fa-check\"><\/i>\t\t\t\t\t\t<\/span>\n\t\t\t\t\t\t\t\t\t\t<span class=\"elementor-icon-list-text\">Adequado para todos os m\u00e9todos de cultivo, incluindo sistemas de recircula\u00e7\u00e3o e drenagem para desperd\u00edcio.<\/span>\n\t\t\t\t\t\t\t\t\t<\/li>\n\t\t\t\t\t\t\t\t<li class=\"elementor-icon-list-item\">\n\t\t\t\t\t\t\t\t\t\t\t<span class=\"elementor-icon-list-icon\">\n\t\t\t\t\t\t\t<i aria-hidden=\"true\" class=\"fas fa-check\"><\/i>\t\t\t\t\t\t<\/span>\n\t\t\t\t\t\t\t\t\t\t<span class=\"elementor-icon-list-text\">Economiza at\u00e9 30% de fertilizante em compara\u00e7\u00e3o com nutrientes minerais padr\u00e3o.<\/span>\n\t\t\t\t\t\t\t\t\t<\/li>\n\t\t\t\t\t\t\t\t<li class=\"elementor-icon-list-item\">\n\t\t\t\t\t\t\t\t\t\t\t<span class=\"elementor-icon-list-icon\">\n\t\t\t\t\t\t\t<i aria-hidden=\"true\" class=\"fas fa-check\"><\/i>\t\t\t\t\t\t<\/span>\n\t\t\t\t\t\t\t\t\t\t<span class=\"elementor-icon-list-text\">Baixo teor de metais pesados e fabricado sob rigorosos padr\u00f5es ISO.<\/span>\n\t\t\t\t\t\t\t\t\t<\/li>\n\t\t\t\t\t\t<\/ul>\n\t\t\t\t<\/div>\n\t\t\t\t<\/div>\n\t\t\t\t\t<\/div>\n\t\t<\/div>\n\t\t\t\t<div class=\"elementor-column elementor-col-50 elementor-top-column elementor-element elementor-element-f46f3a7 ot-flex-column-vertical\" data-id=\"f46f3a7\" data-element_type=\"column\">\n\t\t\t<div class=\"elementor-widget-wrap elementor-element-populated\">\n\t\t\t\t\t\t\t\t<div class=\"elementor-element elementor-element-9b95014 elementor-aspect-ratio-169 elementor-widget elementor-widget-video\" data-id=\"9b95014\" data-element_type=\"widget\" data-settings=\"{&quot;youtube_url&quot;:&quot;https:\\\/\\\/www.youtube.com\\\/watch?v=NfcU9MBE29A&amp;ab_channel=AptusPlantTech&quot;,&quot;video_type&quot;:&quot;youtube&quot;,&quot;controls&quot;:&quot;yes&quot;,&quot;aspect_ratio&quot;:&quot;169&quot;}\" data-widget_type=\"video.default\">\n\t\t\t\t<div class=\"elementor-widget-container\">\n\t\t\t\t\t<div class=\"elementor-wrapper elementor-fit-aspect-ratio elementor-open-inline\">\n\t\t\t<div class=\"elementor-video\"><\/div>\t\t<\/div>\n\t\t\t\t<\/div>\n\t\t\t\t<\/div>\n\t\t\t\t\t<\/div>\n\t\t<\/div>\n\t\t\t\t\t\t\t<\/div>\n\t\t<\/section>\n\t\t\t\t<section class=\"elementor-section elementor-top-section elementor-element elementor-element-3946652 elementor-section-full_width groene-vlakken-producten ot-traditional elementor-section-height-default elementor-section-height-default\" data-id=\"3946652\" data-element_type=\"section\" data-settings=\"{&quot;background_background&quot;:&quot;classic&quot;}\">\n\t\t\t\t\t\t<div class=\"elementor-container elementor-column-gap-extended\">\n\t\t\t\t\t<div class=\"elementor-column elementor-col-50 elementor-top-column elementor-element elementor-element-42163fa ot-flex-column-vertical\" data-id=\"42163fa\" data-element_type=\"column\" data-settings=\"{&quot;background_background&quot;:&quot;classic&quot;,&quot;animation&quot;:&quot;none&quot;}\">\n\t\t\t<div class=\"elementor-widget-wrap elementor-element-populated\">\n\t\t\t\t\t\t\t\t<div class=\"elementor-element elementor-element-adaf3f4 product-pagina-inhoud elementor-invisible elementor-widget elementor-widget-text-editor\" data-id=\"adaf3f4\" data-element_type=\"widget\" data-settings=\"{&quot;_animation_delay&quot;:600,&quot;_animation&quot;:&quot;fadeInLeft&quot;}\" data-widget_type=\"text-editor.default\">\n\t\t\t\t<div class=\"elementor-widget-container\">\n\t\t\t\t\t\t\t\t<h2>COMO UTILIZAR O ALL-IN-ONE PRO?<\/h2><p>100% sol\u00favel em \u00e1gua e pode ser usado em sistemas de irriga\u00e7\u00e3o, fertirriga\u00e7\u00e3o ou rega manual.<br \/>Dosagem padr\u00e3o: 0,5 &#8211; 2 g\/L de \u00e1gua.<\/p><ul><li>Guia EC:<ul><li>0,5 g\/L = 0,5 EC<\/li><li>1 g\/L = 1,0 EC<\/li><li>1,5 g\/L = 1,5 EC<\/li><li>2 g\/L = 2,0 EC<\/li><\/ul><\/li><\/ul><p>A solu\u00e7\u00e3o nutritiva permanece est\u00e1vel em pH por at\u00e9 10 dias, se misturada corretamente. Ajuste a dosagem com base nas necessidades da cultura, fase de crescimento e fatores ambientais.<\/p>\t\t\t\t\t\t<\/div>\n\t\t\t\t<\/div>\n\t\t\t\t<div class=\"elementor-element elementor-element-9d139e3 product-pagina-inhoud elementor-invisible elementor-widget elementor-widget-text-editor\" data-id=\"9d139e3\" data-element_type=\"widget\" data-settings=\"{&quot;_animation_delay&quot;:600,&quot;_animation&quot;:&quot;fadeInLeft&quot;}\" data-widget_type=\"text-editor.default\">\n\t\t\t\t<div class=\"elementor-widget-container\">\n\t\t\t\t\t\t\t\t<h2>ALL-IN-ONE PRO CONT\u00c9M<\/h2><p>Uma mistura precisa e completa de macro, meso e micronutrientes para suportar o crescimento saud\u00e1vel e maximizar a produ\u00e7\u00e3o:<\/p><ul><li><strong>Macronutrientes:<\/strong> Nitrog\u00eanio (N), F\u00f3sforo (P), Pot\u00e1ssio (K)<\/li><li><strong>Mesonutrientes:<\/strong> C\u00e1lcio (Ca), Magn\u00e9sio (Mg), Enxofre (S)<\/li><li><strong>Micronutrientes:<\/strong> Ferro (Fe), Mangan\u00eas (Mn), Zinco (Zn), Cobre (Cu), Boro (B), Molibd\u00eanio (Mo)<\/li><\/ul>\t\t\t\t\t\t<\/div>\n\t\t\t\t<\/div>\n\t\t\t\t\t<\/div>\n\t\t<\/div>\n\t\t\t\t<div class=\"elementor-column elementor-col-50 elementor-top-column elementor-element elementor-element-cf69460 ot-flex-column-vertical\" data-id=\"cf69460\" data-element_type=\"column\" data-settings=\"{&quot;background_background&quot;:&quot;classic&quot;}\">\n\t\t\t<div class=\"elementor-widget-wrap elementor-element-populated\">\n\t\t\t\t\t\t\t\t<div class=\"elementor-element elementor-element-5e91773 product-pagina-inhoud elementor-invisible elementor-widget elementor-widget-text-editor\" data-id=\"5e91773\" data-element_type=\"widget\" data-settings=\"{&quot;_animation_delay&quot;:600,&quot;_animation&quot;:&quot;fadeInRight&quot;}\" data-widget_type=\"text-editor.default\">\n\t\t\t\t<div class=\"elementor-widget-container\">\n\t\t\t\t\t\t\t\t<h2>COMO FUNCIONA O ALL-IN-ONE PRO?<\/h2><p>ALL-IN-ONE PRO fornece nutri\u00e7\u00e3o equilibrada durante todo o ciclo de crescimento, garantindo absor\u00e7\u00e3o ideal e sa\u00fade das plantas.<\/p><ul><li>Otimizado para cultivo comercial \u2013 Reduz o desperd\u00edcio de fertilizantes, diminui custos e simplifica a gest\u00e3o nutricional.<\/li><li>Fornecimento est\u00e1vel de nutrientes \u2013 Garante que as plantas recebam uma mistura precisa e consistente de elementos essenciais.<\/li><\/ul>\t\t\t\t\t\t<\/div>\n\t\t\t\t<\/div>\n\t\t\t\t<div class=\"elementor-element elementor-element-c2492b1 product-pagina-inhoud elementor-invisible elementor-widget elementor-widget-text-editor\" data-id=\"c2492b1\" data-element_type=\"widget\" data-settings=\"{&quot;_animation_delay&quot;:600,&quot;_animation&quot;:&quot;fadeInRight&quot;}\" data-widget_type=\"text-editor.default\">\n\t\t\t\t<div class=\"elementor-widget-container\">\n\t\t\t\t\t\t\t\t<h2>DICAS DE CULTIVADORES DE SUCESSO<\/h2><ul><li>Ajuste os n\u00edveis de EC \u2013 Regule a concentra\u00e7\u00e3o de nutrientes conforme as necessidades da planta e as condi\u00e7\u00f5es ambientais.<\/li><li>Use com os boosters da Aptus \u2013 A combina\u00e7\u00e3o com aditivos Aptus melhora a resist\u00eancia, o sabor e a produtividade.<\/li><li>Adapte ao seu sistema \u2013 Compat\u00edvel com gotejamento, hidroponia, coco, solo e sistemas recirculantes.<\/li><\/ul>\t\t\t\t\t\t<\/div>\n\t\t\t\t<\/div>\n\t\t\t\t\t<\/div>\n\t\t<\/div>\n\t\t\t\t\t\t\t<\/div>\n\t\t<\/section>\n\t\t\t\t\t\t<\/div>\n\t\t\t\t\t<\/div>\n\t\t","protected":false},"excerpt":{"rendered":"<p>\/\/ 100% sol\u00favel em \u00e1gua e altamente concentrado All-in-One Pro O ALL-IN-ONE PRO \u00e9 um fertilizante mineral 100% sol\u00favel em \u00e1gua e altamente concentrado, desenvolvido para cultivadores profissionais e comerciais. Ele oferece uma solu\u00e7\u00e3o nutricional completa e equilibrada, apoiando as plantas durante todo o ciclo de vida, desde a fase vegetativa at\u00e9 a flora\u00e7\u00e3o. Projetado [&hellip;]<\/p>\n","protected":false},"author":2,"featured_media":0,"parent":35437,"menu_order":0,"comment_status":"closed","ping_status":"closed","template":"","meta":{"_monsterinsights_skip_tracking":false,"_monsterinsights_sitenote_active":false,"_monsterinsights_sitenote_note":"","_monsterinsights_sitenote_category":0,"footnotes":""},"class_list":["post-38143","page","type-page","status-publish","hentry"],"yoast_head":"<!-- This site is optimized with the Yoast SEO plugin v27.0 - https:\/\/yoast.com\/product\/yoast-seo-wordpress\/ -->\n<title>All-In-One Pro - Aptus Holland<\/title>\n<meta name=\"robots\" content=\"index, follow, max-snippet:-1, max-image-preview:large, max-video-preview:-1\" \/>\n<link rel=\"canonical\" href=\"https:\/\/aptus-holland.com\/pt-pt\/produtos\/all-in-one-pro\/\" \/>\n<meta property=\"og:locale\" content=\"pt_PT\" \/>\n<meta property=\"og:type\" content=\"article\" \/>\n<meta property=\"og:title\" content=\"All-In-One Pro - Aptus Holland\" \/>\n<meta property=\"og:description\" content=\"\/\/ 100% sol\u00favel em \u00e1gua e altamente concentrado All-in-One Pro O ALL-IN-ONE PRO \u00e9 um fertilizante mineral 100% sol\u00favel em \u00e1gua e altamente concentrado, desenvolvido para cultivadores profissionais e comerciais. Ele oferece uma solu\u00e7\u00e3o nutricional completa e equilibrada, apoiando as plantas durante todo o ciclo de vida, desde a fase vegetativa at\u00e9 a flora\u00e7\u00e3o. Projetado [&hellip;]\" \/>\n<meta property=\"og:url\" content=\"https:\/\/aptus-holland.com\/pt-pt\/produtos\/all-in-one-pro\/\" \/>\n<meta property=\"og:site_name\" content=\"Aptus Holland\" \/>\n<meta property=\"article:modified_time\" content=\"2025-03-06T15:36:10+00:00\" \/>\n<meta property=\"og:image\" content=\"http:\/\/aptus-holland.com\/wp-content\/uploads\/2025\/03\/Aptus-Holland-All-in-One-Pro-fam.webp\" \/>\n<meta name=\"twitter:card\" content=\"summary_large_image\" \/>\n<meta name=\"twitter:label1\" content=\"Tempo estimado de leitura\" \/>\n\t<meta name=\"twitter:data1\" content=\"3 minutos\" \/>\n<script type=\"application\/ld+json\" class=\"yoast-schema-graph\">{\"@context\":\"https:\/\/schema.org\",\"@graph\":[{\"@type\":\"WebPage\",\"@id\":\"https:\/\/aptus-holland.com\/pt-pt\/produtos\/all-in-one-pro\/\",\"url\":\"https:\/\/aptus-holland.com\/pt-pt\/produtos\/all-in-one-pro\/\",\"name\":\"All-In-One Pro - Aptus Holland\",\"isPartOf\":{\"@id\":\"https:\/\/aptus-holland.com\/pt-pt\/#website\"},\"primaryImageOfPage\":{\"@id\":\"https:\/\/aptus-holland.com\/pt-pt\/produtos\/all-in-one-pro\/#primaryimage\"},\"image\":{\"@id\":\"https:\/\/aptus-holland.com\/pt-pt\/produtos\/all-in-one-pro\/#primaryimage\"},\"thumbnailUrl\":\"http:\/\/aptus-holland.com\/wp-content\/uploads\/2025\/03\/Aptus-Holland-All-in-One-Pro-fam.webp\",\"datePublished\":\"2025-03-06T15:07:59+00:00\",\"dateModified\":\"2025-03-06T15:36:10+00:00\",\"breadcrumb\":{\"@id\":\"https:\/\/aptus-holland.com\/pt-pt\/produtos\/all-in-one-pro\/#breadcrumb\"},\"inLanguage\":\"pt-PT\",\"potentialAction\":[{\"@type\":\"ReadAction\",\"target\":[\"https:\/\/aptus-holland.com\/pt-pt\/produtos\/all-in-one-pro\/\"]}]},{\"@type\":\"ImageObject\",\"inLanguage\":\"pt-PT\",\"@id\":\"https:\/\/aptus-holland.com\/pt-pt\/produtos\/all-in-one-pro\/#primaryimage\",\"url\":\"http:\/\/aptus-holland.com\/wp-content\/uploads\/2025\/03\/Aptus-Holland-All-in-One-Pro-fam.webp\",\"contentUrl\":\"http:\/\/aptus-holland.com\/wp-content\/uploads\/2025\/03\/Aptus-Holland-All-in-One-Pro-fam.webp\"},{\"@type\":\"BreadcrumbList\",\"@id\":\"https:\/\/aptus-holland.com\/pt-pt\/produtos\/all-in-one-pro\/#breadcrumb\",\"itemListElement\":[{\"@type\":\"ListItem\",\"position\":1,\"name\":\"Home\",\"item\":\"https:\/\/aptus-holland.com\/pt-pt\/\"},{\"@type\":\"ListItem\",\"position\":2,\"name\":\"Produtos\",\"item\":\"https:\/\/aptus-holland.com\/pt-pt\/products\/\"},{\"@type\":\"ListItem\",\"position\":3,\"name\":\"All-In-One Pro\"}]},{\"@type\":\"WebSite\",\"@id\":\"https:\/\/aptus-holland.com\/pt-pt\/#website\",\"url\":\"https:\/\/aptus-holland.com\/pt-pt\/\",\"name\":\"Aptus Holland\",\"description\":\"Plant Tech\",\"publisher\":{\"@id\":\"https:\/\/aptus-holland.com\/pt-pt\/#organization\"},\"potentialAction\":[{\"@type\":\"SearchAction\",\"target\":{\"@type\":\"EntryPoint\",\"urlTemplate\":\"https:\/\/aptus-holland.com\/pt-pt\/?s={search_term_string}\"},\"query-input\":{\"@type\":\"PropertyValueSpecification\",\"valueRequired\":true,\"valueName\":\"search_term_string\"}}],\"inLanguage\":\"pt-PT\"},{\"@type\":\"Organization\",\"@id\":\"https:\/\/aptus-holland.com\/pt-pt\/#organization\",\"name\":\"Aptus Holland\",\"url\":\"https:\/\/aptus-holland.com\/pt-pt\/\",\"logo\":{\"@type\":\"ImageObject\",\"inLanguage\":\"pt-PT\",\"@id\":\"https:\/\/aptus-holland.com\/pt-pt\/#\/schema\/logo\/image\/\",\"url\":\"https:\/\/aptus-holland.com\/wp-content\/uploads\/2021\/07\/logo-aptus-holland.png\",\"contentUrl\":\"https:\/\/aptus-holland.com\/wp-content\/uploads\/2021\/07\/logo-aptus-holland.png\",\"width\":365,\"height\":200,\"caption\":\"Aptus Holland\"},\"image\":{\"@id\":\"https:\/\/aptus-holland.com\/pt-pt\/#\/schema\/logo\/image\/\"}}]}<\/script>\n<!-- \/ Yoast SEO plugin. -->","yoast_head_json":{"title":"All-In-One Pro - Aptus Holland","robots":{"index":"index","follow":"follow","max-snippet":"max-snippet:-1","max-image-preview":"max-image-preview:large","max-video-preview":"max-video-preview:-1"},"canonical":"https:\/\/aptus-holland.com\/pt-pt\/produtos\/all-in-one-pro\/","og_locale":"pt_PT","og_type":"article","og_title":"All-In-One Pro - Aptus Holland","og_description":"\/\/ 100% sol\u00favel em \u00e1gua e altamente concentrado All-in-One Pro O ALL-IN-ONE PRO \u00e9 um fertilizante mineral 100% sol\u00favel em \u00e1gua e altamente concentrado, desenvolvido para cultivadores profissionais e comerciais. Ele oferece uma solu\u00e7\u00e3o nutricional completa e equilibrada, apoiando as plantas durante todo o ciclo de vida, desde a fase vegetativa at\u00e9 a flora\u00e7\u00e3o. Projetado [&hellip;]","og_url":"https:\/\/aptus-holland.com\/pt-pt\/produtos\/all-in-one-pro\/","og_site_name":"Aptus Holland","article_modified_time":"2025-03-06T15:36:10+00:00","og_image":[{"url":"http:\/\/aptus-holland.com\/wp-content\/uploads\/2025\/03\/Aptus-Holland-All-in-One-Pro-fam.webp","type":"","width":"","height":""}],"twitter_card":"summary_large_image","twitter_misc":{"Tempo estimado de leitura":"3 minutos"},"schema":{"@context":"https:\/\/schema.org","@graph":[{"@type":"WebPage","@id":"https:\/\/aptus-holland.com\/pt-pt\/produtos\/all-in-one-pro\/","url":"https:\/\/aptus-holland.com\/pt-pt\/produtos\/all-in-one-pro\/","name":"All-In-One Pro - Aptus Holland","isPartOf":{"@id":"https:\/\/aptus-holland.com\/pt-pt\/#website"},"primaryImageOfPage":{"@id":"https:\/\/aptus-holland.com\/pt-pt\/produtos\/all-in-one-pro\/#primaryimage"},"image":{"@id":"https:\/\/aptus-holland.com\/pt-pt\/produtos\/all-in-one-pro\/#primaryimage"},"thumbnailUrl":"http:\/\/aptus-holland.com\/wp-content\/uploads\/2025\/03\/Aptus-Holland-All-in-One-Pro-fam.webp","datePublished":"2025-03-06T15:07:59+00:00","dateModified":"2025-03-06T15:36:10+00:00","breadcrumb":{"@id":"https:\/\/aptus-holland.com\/pt-pt\/produtos\/all-in-one-pro\/#breadcrumb"},"inLanguage":"pt-PT","potentialAction":[{"@type":"ReadAction","target":["https:\/\/aptus-holland.com\/pt-pt\/produtos\/all-in-one-pro\/"]}]},{"@type":"ImageObject","inLanguage":"pt-PT","@id":"https:\/\/aptus-holland.com\/pt-pt\/produtos\/all-in-one-pro\/#primaryimage","url":"http:\/\/aptus-holland.com\/wp-content\/uploads\/2025\/03\/Aptus-Holland-All-in-One-Pro-fam.webp","contentUrl":"http:\/\/aptus-holland.com\/wp-content\/uploads\/2025\/03\/Aptus-Holland-All-in-One-Pro-fam.webp"},{"@type":"BreadcrumbList","@id":"https:\/\/aptus-holland.com\/pt-pt\/produtos\/all-in-one-pro\/#breadcrumb","itemListElement":[{"@type":"ListItem","position":1,"name":"Home","item":"https:\/\/aptus-holland.com\/pt-pt\/"},{"@type":"ListItem","position":2,"name":"Produtos","item":"https:\/\/aptus-holland.com\/pt-pt\/products\/"},{"@type":"ListItem","position":3,"name":"All-In-One Pro"}]},{"@type":"WebSite","@id":"https:\/\/aptus-holland.com\/pt-pt\/#website","url":"https:\/\/aptus-holland.com\/pt-pt\/","name":"Aptus Holland","description":"Plant Tech","publisher":{"@id":"https:\/\/aptus-holland.com\/pt-pt\/#organization"},"potentialAction":[{"@type":"SearchAction","target":{"@type":"EntryPoint","urlTemplate":"https:\/\/aptus-holland.com\/pt-pt\/?s={search_term_string}"},"query-input":{"@type":"PropertyValueSpecification","valueRequired":true,"valueName":"search_term_string"}}],"inLanguage":"pt-PT"},{"@type":"Organization","@id":"https:\/\/aptus-holland.com\/pt-pt\/#organization","name":"Aptus Holland","url":"https:\/\/aptus-holland.com\/pt-pt\/","logo":{"@type":"ImageObject","inLanguage":"pt-PT","@id":"https:\/\/aptus-holland.com\/pt-pt\/#\/schema\/logo\/image\/","url":"https:\/\/aptus-holland.com\/wp-content\/uploads\/2021\/07\/logo-aptus-holland.png","contentUrl":"https:\/\/aptus-holland.com\/wp-content\/uploads\/2021\/07\/logo-aptus-holland.png","width":365,"height":200,"caption":"Aptus Holland"},"image":{"@id":"https:\/\/aptus-holland.com\/pt-pt\/#\/schema\/logo\/image\/"}}]}},"_links":{"self":[{"href":"https:\/\/aptus-holland.com\/pt-pt\/wp-json\/wp\/v2\/pages\/38143","targetHints":{"allow":["GET"]}}],"collection":[{"href":"https:\/\/aptus-holland.com\/pt-pt\/wp-json\/wp\/v2\/pages"}],"about":[{"href":"https:\/\/aptus-holland.com\/pt-pt\/wp-json\/wp\/v2\/types\/page"}],"author":[{"embeddable":true,"href":"https:\/\/aptus-holland.com\/pt-pt\/wp-json\/wp\/v2\/users\/2"}],"replies":[{"embeddable":true,"href":"https:\/\/aptus-holland.com\/pt-pt\/wp-json\/wp\/v2\/comments?post=38143"}],"version-history":[{"count":4,"href":"https:\/\/aptus-holland.com\/pt-pt\/wp-json\/wp\/v2\/pages\/38143\/revisions"}],"predecessor-version":[{"id":38156,"href":"https:\/\/aptus-holland.com\/pt-pt\/wp-json\/wp\/v2\/pages\/38143\/revisions\/38156"}],"up":[{"embeddable":true,"href":"https:\/\/aptus-holland.com\/pt-pt\/wp-json\/wp\/v2\/pages\/35437"}],"wp:attachment":[{"href":"https:\/\/aptus-holland.com\/pt-pt\/wp-json\/wp\/v2\/media?parent=38143"}],"curies":[{"name":"wp","href":"https:\/\/api.w.org\/{rel}","templated":true}]}}