{"id":35606,"date":"2021-11-17T12:52:00","date_gmt":"2021-11-17T12:52:00","guid":{"rendered":"https:\/\/aptus-holland.com\/produtos\/all-in-one-pellet\/"},"modified":"2025-03-07T08:03:45","modified_gmt":"2025-03-07T08:03:45","slug":"all-in-one-pellet","status":"publish","type":"page","link":"https:\/\/aptus-holland.com\/pt-pt\/produtos\/all-in-one-pellet\/","title":{"rendered":"All-in-One Pellet"},"content":{"rendered":"\t\t<div data-elementor-type=\"wp-page\" data-elementor-id=\"35606\" class=\"elementor elementor-35606 elementor-28001\" data-elementor-settings=\"[]\">\n\t\t\t\t\t\t\t<div class=\"elementor-section-wrap\">\n\t\t\t\t\t\t\t<section class=\"elementor-section elementor-top-section elementor-element elementor-element-cb4074c elementor-section-full_width ot-traditional elementor-section-height-default elementor-section-height-default\" data-id=\"cb4074c\" data-element_type=\"section\">\n\t\t\t\t\t\t<div class=\"elementor-container elementor-column-gap-extended\">\n\t\t\t\t\t<div class=\"elementor-column elementor-col-50 elementor-top-column elementor-element elementor-element-ccf0919 ot-column-items-top ot-flex-column-vertical\" data-id=\"ccf0919\" data-element_type=\"column\">\n\t\t\t<div class=\"elementor-widget-wrap elementor-element-populated\">\n\t\t\t\t\t\t\t\t<div class=\"elementor-element elementor-element-85abb63 product-img-aptus elementor-widget elementor-widget-image\" data-id=\"85abb63\" data-element_type=\"widget\" data-widget_type=\"image.default\">\n\t\t\t\t<div class=\"elementor-widget-container\">\n\t\t\t\t\t\t\t\t\t\t\t\t\t\t\t<img loading=\"lazy\" decoding=\"async\" width=\"800\" height=\"695\" src=\"https:\/\/aptus-holland.com\/wp-content\/uploads\/2025\/03\/aptus-holland-all-in-one-pellet-fam.webp\" class=\"attachment-full size-full\" alt=\"\" srcset=\"https:\/\/aptus-holland.com\/wp-content\/uploads\/2025\/03\/aptus-holland-all-in-one-pellet-fam.webp 800w, https:\/\/aptus-holland.com\/wp-content\/uploads\/2025\/03\/aptus-holland-all-in-one-pellet-fam-300x261.webp 300w, https:\/\/aptus-holland.com\/wp-content\/uploads\/2025\/03\/aptus-holland-all-in-one-pellet-fam-768x667.webp 768w, https:\/\/aptus-holland.com\/wp-content\/uploads\/2025\/03\/aptus-holland-all-in-one-pellet-fam-720x626.webp 720w, https:\/\/aptus-holland.com\/wp-content\/uploads\/2025\/03\/aptus-holland-all-in-one-pellet-fam-24x21.webp 24w, https:\/\/aptus-holland.com\/wp-content\/uploads\/2025\/03\/aptus-holland-all-in-one-pellet-fam-36x31.webp 36w, https:\/\/aptus-holland.com\/wp-content\/uploads\/2025\/03\/aptus-holland-all-in-one-pellet-fam-48x42.webp 48w\" sizes=\"auto, (max-width: 800px) 100vw, 800px\" \/>\t\t\t\t\t\t\t\t\t\t\t\t\t\t\t<\/div>\n\t\t\t\t<\/div>\n\t\t\t\t\t<\/div>\n\t\t<\/div>\n\t\t\t\t<div class=\"elementor-column elementor-col-50 elementor-top-column elementor-element elementor-element-9e78e1d ot-flex-column-vertical elementor-invisible\" data-id=\"9e78e1d\" data-element_type=\"column\" data-settings=\"{&quot;background_background&quot;:&quot;classic&quot;,&quot;animation&quot;:&quot;fadeInRight&quot;}\">\n\t\t\t<div class=\"elementor-widget-wrap elementor-element-populated\">\n\t\t\t\t\t\t\t\t<div class=\"elementor-element elementor-element-925ee15 elementor-widget elementor-widget-iheading\" data-id=\"925ee15\" data-element_type=\"widget\" data-widget_type=\"iheading.default\">\n\t\t\t\t<div class=\"elementor-widget-container\">\n\t\t\t\t\t<div class=\"ot-heading\">\r\n\t        \t            <span>\/\/ FERTILIZANTE GRANULADO<\/span>\r\n\t        <h2 class=\"main-heading\">All-in-One Pellet <\/h2>\t    <\/div>\r\n\t    \t\t<\/div>\n\t\t\t\t<\/div>\n\t\t\t\t<div class=\"elementor-element elementor-element-f9ab05f elementor-widget elementor-widget-text-editor\" data-id=\"f9ab05f\" data-element_type=\"widget\" data-widget_type=\"text-editor.default\">\n\t\t\t\t<div class=\"elementor-widget-container\">\n\t\t\t\t\t\t\t\t<p>All-in-One Pellet \u00e9 um fertilizante granulado 100% org\u00e2nico, de libera\u00e7\u00e3o lenta, que fornece uma nutri\u00e7\u00e3o completa para o desenvolvimento das plantas durante 3 meses. Cada aplica\u00e7\u00e3o dura de 2 a 3 meses e pode ser reaplicada para ciclos mais longos. \u00c9 especialmente formulado com macronutrientes e micronutrientes, L-amino\u00e1cidos e bio-estimulantes para melhorar o desenvolvimento das plantas. O All-in-One Pellet pode ser aplicado durante o transplante ou na prepara\u00e7\u00e3o do solo diretamente misturado no meio ou como uma aplica\u00e7\u00e3o na superf\u00edcie do substrato para prolongar o ciclo de cultivo.<\/p>\t\t\t\t\t\t<\/div>\n\t\t\t\t<\/div>\n\t\t\t\t\t<\/div>\n\t\t<\/div>\n\t\t\t\t\t\t\t<\/div>\n\t\t<\/section>\n\t\t\t\t<section class=\"elementor-section elementor-top-section elementor-element elementor-element-683d3b1 groene-vlakken-producten ot-traditional elementor-section-boxed elementor-section-height-default elementor-section-height-default\" data-id=\"683d3b1\" data-element_type=\"section\" data-settings=\"{&quot;background_background&quot;:&quot;classic&quot;}\">\n\t\t\t\t\t\t<div class=\"elementor-container elementor-column-gap-extended\">\n\t\t\t\t\t<div class=\"elementor-column elementor-col-50 elementor-top-column elementor-element elementor-element-9aaa582 ot-flex-column-vertical\" data-id=\"9aaa582\" data-element_type=\"column\">\n\t\t\t<div class=\"elementor-widget-wrap elementor-element-populated\">\n\t\t\t\t\t\t\t\t<div class=\"elementor-element elementor-element-d58ba4b elementor-widget elementor-widget-iheading\" data-id=\"d58ba4b\" data-element_type=\"widget\" data-widget_type=\"iheading.default\">\n\t\t\t\t<div class=\"elementor-widget-container\">\n\t\t\t\t\t<div class=\"ot-heading\">\r\n\t        <h2 class=\"main-heading\">PORQU\u00ca UTILIZAR O ALL-IN-ONE PELLET?<\/h2>\t    <\/div>\r\n\t    \t\t<\/div>\n\t\t\t\t<\/div>\n\t\t\t\t<div class=\"elementor-element elementor-element-b6c8371 elementor-icon-list--layout-traditional elementor-list-item-link-full_width elementor-widget elementor-widget-icon-list\" data-id=\"b6c8371\" data-element_type=\"widget\" data-widget_type=\"icon-list.default\">\n\t\t\t\t<div class=\"elementor-widget-container\">\n\t\t\t\t\t<ul class=\"elementor-icon-list-items\">\n\t\t\t\t\t\t\t<li class=\"elementor-icon-list-item\">\n\t\t\t\t\t\t\t\t\t\t\t<span class=\"elementor-icon-list-icon\">\n\t\t\t\t\t\t\t<i aria-hidden=\"true\" class=\"fas fa-check\"><\/i>\t\t\t\t\t\t<\/span>\n\t\t\t\t\t\t\t\t\t\t<span class=\"elementor-icon-list-text\">Nutri\u00e7\u00e3o vegetal simples e completa 100% org\u00e2nica<\/span>\n\t\t\t\t\t\t\t\t\t<\/li>\n\t\t\t\t\t\t\t\t<li class=\"elementor-icon-list-item\">\n\t\t\t\t\t\t\t\t\t\t\t<span class=\"elementor-icon-list-icon\">\n\t\t\t\t\t\t\t<i aria-hidden=\"true\" class=\"fas fa-check\"><\/i>\t\t\t\t\t\t<\/span>\n\t\t\t\t\t\t\t\t\t\t<span class=\"elementor-icon-list-text\">Nada mais \u00e9 necess\u00e1rio al\u00e9m de \u00e1gua<\/span>\n\t\t\t\t\t\t\t\t\t<\/li>\n\t\t\t\t\t\t\t\t<li class=\"elementor-icon-list-item\">\n\t\t\t\t\t\t\t\t\t\t\t<span class=\"elementor-icon-list-icon\">\n\t\t\t\t\t\t\t<i aria-hidden=\"true\" class=\"fas fa-check\"><\/i>\t\t\t\t\t\t<\/span>\n\t\t\t\t\t\t\t\t\t\t<span class=\"elementor-icon-list-text\">Fertilizante granular completo de liberta\u00e7\u00e3o lenta, de mistura ou aplicado na superf\u00edcie do meio<\/span>\n\t\t\t\t\t\t\t\t\t<\/li>\n\t\t\t\t\t\t\t\t<li class=\"elementor-icon-list-item\">\n\t\t\t\t\t\t\t\t\t\t\t<span class=\"elementor-icon-list-icon\">\n\t\t\t\t\t\t\t<i aria-hidden=\"true\" class=\"fas fa-check\"><\/i>\t\t\t\t\t\t<\/span>\n\t\t\t\t\t\t\t\t\t\t<span class=\"elementor-icon-list-text\">Formula\u00e7\u00e3o completa reduz as necessidades de fertilizantes<\/span>\n\t\t\t\t\t\t\t\t\t<\/li>\n\t\t\t\t\t\t\t\t<li class=\"elementor-icon-list-item\">\n\t\t\t\t\t\t\t\t\t\t\t<span class=\"elementor-icon-list-icon\">\n\t\t\t\t\t\t\t<i aria-hidden=\"true\" class=\"fas fa-check\"><\/i>\t\t\t\t\t\t<\/span>\n\t\t\t\t\t\t\t\t\t\t<span class=\"elementor-icon-list-text\">F\u00e1cil de usar - aplica\u00e7\u00e3o a cada 2 a 3 meses<\/span>\n\t\t\t\t\t\t\t\t\t<\/li>\n\t\t\t\t\t\t\t\t<li class=\"elementor-icon-list-item\">\n\t\t\t\t\t\t\t\t\t\t\t<span class=\"elementor-icon-list-icon\">\n\t\t\t\t\t\t\t<i aria-hidden=\"true\" class=\"fas fa-check\"><\/i>\t\t\t\t\t\t<\/span>\n\t\t\t\t\t\t\t\t\t\t<span class=\"elementor-icon-list-text\">Perfeito para locais remotos e ciclos de cultura de longa dura\u00e7\u00e3o<\/span>\n\t\t\t\t\t\t\t\t\t<\/li>\n\t\t\t\t\t\t\t\t<li class=\"elementor-icon-list-item\">\n\t\t\t\t\t\t\t\t\t\t\t<span class=\"elementor-icon-list-icon\">\n\t\t\t\t\t\t\t<i aria-hidden=\"true\" class=\"fas fa-check\"><\/i>\t\t\t\t\t\t<\/span>\n\t\t\t\t\t\t\t\t\t\t<span class=\"elementor-icon-list-text\">Ajuda a condicionar o solo, melhora o desenvolvimento das plantas e estimula a microvida<\/span>\n\t\t\t\t\t\t\t\t\t<\/li>\n\t\t\t\t\t\t\t\t<li class=\"elementor-icon-list-item\">\n\t\t\t\t\t\t\t\t\t\t\t<span class=\"elementor-icon-list-icon\">\n\t\t\t\t\t\t\t<i aria-hidden=\"true\" class=\"fas fa-check\"><\/i>\t\t\t\t\t\t<\/span>\n\t\t\t\t\t\t\t\t\t\t<span class=\"elementor-icon-list-text\">Vida \u00fatil longa se devidamente armazenado<\/span>\n\t\t\t\t\t\t\t\t\t<\/li>\n\t\t\t\t\t\t<\/ul>\n\t\t\t\t<\/div>\n\t\t\t\t<\/div>\n\t\t\t\t\t<\/div>\n\t\t<\/div>\n\t\t\t\t<div class=\"elementor-column elementor-col-50 elementor-top-column elementor-element elementor-element-f46f3a7 ot-flex-column-vertical\" data-id=\"f46f3a7\" data-element_type=\"column\">\n\t\t\t<div class=\"elementor-widget-wrap elementor-element-populated\">\n\t\t\t\t\t\t\t\t<div class=\"elementor-element elementor-element-9b95014 elementor-aspect-ratio-169 elementor-widget elementor-widget-video\" data-id=\"9b95014\" data-element_type=\"widget\" data-settings=\"{&quot;youtube_url&quot;:&quot;https:\\\/\\\/youtu.be\\\/TQldtRwbZOI&quot;,&quot;video_type&quot;:&quot;youtube&quot;,&quot;controls&quot;:&quot;yes&quot;,&quot;aspect_ratio&quot;:&quot;169&quot;}\" data-widget_type=\"video.default\">\n\t\t\t\t<div class=\"elementor-widget-container\">\n\t\t\t\t\t<div class=\"elementor-wrapper elementor-fit-aspect-ratio elementor-open-inline\">\n\t\t\t<div class=\"elementor-video\"><\/div>\t\t<\/div>\n\t\t\t\t<\/div>\n\t\t\t\t<\/div>\n\t\t\t\t\t<\/div>\n\t\t<\/div>\n\t\t\t\t\t\t\t<\/div>\n\t\t<\/section>\n\t\t\t\t<section class=\"elementor-section elementor-top-section elementor-element elementor-element-3946652 elementor-section-full_width groene-vlakken-producten ot-traditional elementor-section-height-default elementor-section-height-default\" data-id=\"3946652\" data-element_type=\"section\" data-settings=\"{&quot;background_background&quot;:&quot;classic&quot;}\">\n\t\t\t\t\t\t<div class=\"elementor-container elementor-column-gap-extended\">\n\t\t\t\t\t<div class=\"elementor-column elementor-col-50 elementor-top-column elementor-element elementor-element-42163fa ot-flex-column-vertical\" data-id=\"42163fa\" data-element_type=\"column\" data-settings=\"{&quot;background_background&quot;:&quot;classic&quot;,&quot;animation&quot;:&quot;none&quot;}\">\n\t\t\t<div class=\"elementor-widget-wrap elementor-element-populated\">\n\t\t\t\t\t\t\t\t<div class=\"elementor-element elementor-element-adaf3f4 product-pagina-inhoud elementor-invisible elementor-widget elementor-widget-text-editor\" data-id=\"adaf3f4\" data-element_type=\"widget\" data-settings=\"{&quot;_animation_delay&quot;:600,&quot;_animation&quot;:&quot;fadeInLeft&quot;}\" data-widget_type=\"text-editor.default\">\n\t\t\t\t<div class=\"elementor-widget-container\">\n\t\t\t\t\t\t\t\t<h2>COMO UTILIZAR O ALL-IN-ONE PELLET<\/h2>\n<strong>Poss\u00edveis aplica\u00e7\u00f5es:<\/strong>\n<ul>\n \t<li>Misturar os gr\u00e2nulos no meio antes de plantar<\/li>\n \t<li>Colocar os gr\u00e2nulos no fundo de cada vaso<\/li>\n \t<li>Misturar os gr\u00e2nulos na superf\u00edcie do solo e regar por cima<\/li>\n<\/ul>\n<b>Para cultivos de curta dura\u00e7\u00e3o (3 meses):<\/b>\n<ul>\n \t<li>Turfa: Utilizar 50 &#8211; 100 g por planta por ciclo<\/li>\n \t<li>Argila ou solo pesado: Utilizar 100 g por planta por ciclo<\/li>\n \t<li>Coco ou solo arenoso: Utilizar 200 g por planta por ciclo<\/li>\n<\/ul>\nSe o seu ciclo for superior a 3 meses, aplica um segundo tratamento (ap\u00f3s 2 meses) como topdressing ou mistura os gr\u00e2nulos na superf\u00edcie a 5 cm (2 polegadas) do solo e regue por cima.\t\t\t\t\t\t<\/div>\n\t\t\t\t<\/div>\n\t\t\t\t<div class=\"elementor-element elementor-element-9d139e3 product-pagina-inhoud elementor-invisible elementor-widget elementor-widget-text-editor\" data-id=\"9d139e3\" data-element_type=\"widget\" data-settings=\"{&quot;_animation_delay&quot;:600,&quot;_animation&quot;:&quot;fadeInLeft&quot;}\" data-widget_type=\"text-editor.default\">\n\t\t\t\t<div class=\"elementor-widget-container\">\n\t\t\t\t\t\t\t\t<h2>ALL-IN-ONE PELLET CONT\u00c9M<\/h2>\n<ul>\n \t<li>Fertilizante NPK composto com magn\u00e9sio (Mg) e enxofre (S)<\/li>\n \t<li>Microelementos quelatados organicamente tais como boro (B), ferro (Fe), mangan\u00eas (Mn) e zinco (Zn)<\/li>\n \t<li>L-amino\u00e1cidos<\/li>\n<\/ul>\t\t\t\t\t\t<\/div>\n\t\t\t\t<\/div>\n\t\t\t\t\t<\/div>\n\t\t<\/div>\n\t\t\t\t<div class=\"elementor-column elementor-col-50 elementor-top-column elementor-element elementor-element-cf69460 ot-flex-column-vertical\" data-id=\"cf69460\" data-element_type=\"column\" data-settings=\"{&quot;background_background&quot;:&quot;classic&quot;}\">\n\t\t\t<div class=\"elementor-widget-wrap elementor-element-populated\">\n\t\t\t\t\t\t\t\t<div class=\"elementor-element elementor-element-5e91773 product-pagina-inhoud elementor-invisible elementor-widget elementor-widget-text-editor\" data-id=\"5e91773\" data-element_type=\"widget\" data-settings=\"{&quot;_animation_delay&quot;:600,&quot;_animation&quot;:&quot;fadeInRight&quot;}\" data-widget_type=\"text-editor.default\">\n\t\t\t\t<div class=\"elementor-widget-container\">\n\t\t\t\t\t\t\t\t<h2>COMO FUNCIONA O ALL-IN-ONE PELLET<\/h2>\n<ul>\n \t<li>Fornece uma nutri\u00e7\u00e3o completa para as plantas durante 2 a 3 meses<\/li>\n \t<li>Os L-amino\u00e1cidos estimulam os processos e o crescimento natural\ndas plantas<\/li>\n \t<li>Perfil nutricional completo minimiza o stress das plantas devido ao\nambiente, pragas e agentes patog\u00e9nicos<\/li>\n<\/ul>\t\t\t\t\t\t<\/div>\n\t\t\t\t<\/div>\n\t\t\t\t<div class=\"elementor-element elementor-element-c2492b1 product-pagina-inhoud elementor-invisible elementor-widget elementor-widget-text-editor\" data-id=\"c2492b1\" data-element_type=\"widget\" data-settings=\"{&quot;_animation_delay&quot;:600,&quot;_animation&quot;:&quot;fadeInRight&quot;}\" data-widget_type=\"text-editor.default\">\n\t\t\t\t<div class=\"elementor-widget-container\">\n\t\t\t\t\t\t\t\t<h2>DICAS DE CULTIVADORES DE SUCESSO<\/h2>\n<ul>\n \t<li>Adicionar Micromix ao transplantar para um in\u00edcio perfeito<\/li>\n \t<li>Em caso de defici\u00eancias, adicionar gr\u00e2nulos mo\u00eddos como cobertura pela\nsuperf\u00edcie e regar para uma absor\u00e7\u00e3o mais r\u00e1pida. Os gr\u00e2nulos ser\u00e3o\nsolubilizados e os nutrientes assimilados pela planta<\/li>\n \t<li>Para melhor efeito no exterior, utilizar com Regulator, Startbooster e NutriSpray<\/li>\n \t<li>Para melhor efeito em interior com vasos, utilizar com Regulator, Startbooster,\nTopbooster, P-Boost, K-Boost e CaMg-boost<\/li>\n \t<li>Armazenar num local fresco e seco. Pode durar at\u00e9 3 anos se mantido em armazenamento adequado<\/li>\n<\/ul>\t\t\t\t\t\t<\/div>\n\t\t\t\t<\/div>\n\t\t\t\t\t<\/div>\n\t\t<\/div>\n\t\t\t\t\t\t\t<\/div>\n\t\t<\/section>\n\t\t\t\t\t\t<\/div>\n\t\t\t\t\t<\/div>\n\t\t","protected":false},"excerpt":{"rendered":"<p>\/\/ FERTILIZANTE GRANULADO All-in-One Pellet All-in-One Pellet \u00e9 um fertilizante granulado 100% org\u00e2nico, de libera\u00e7\u00e3o lenta, que fornece uma nutri\u00e7\u00e3o completa para o desenvolvimento das plantas durante 3 meses. Cada aplica\u00e7\u00e3o dura de 2 a 3 meses e pode ser reaplicada para ciclos mais longos. \u00c9 especialmente formulado com macronutrientes e micronutrientes, L-amino\u00e1cidos e bio-estimulantes [&hellip;]<\/p>\n","protected":false},"author":2,"featured_media":0,"parent":35437,"menu_order":0,"comment_status":"closed","ping_status":"closed","template":"","meta":{"_monsterinsights_skip_tracking":false,"_monsterinsights_sitenote_active":false,"_monsterinsights_sitenote_note":"","_monsterinsights_sitenote_category":0,"footnotes":""},"class_list":["post-35606","page","type-page","status-publish","hentry"],"yoast_head":"<!-- This site is optimized with the Yoast SEO plugin v27.0 - https:\/\/yoast.com\/product\/yoast-seo-wordpress\/ -->\n<title>All-in-One Pellet - Aptus Holland<\/title>\n<meta name=\"robots\" content=\"index, follow, max-snippet:-1, max-image-preview:large, max-video-preview:-1\" \/>\n<link rel=\"canonical\" href=\"https:\/\/aptus-holland.com\/pt-pt\/produtos\/all-in-one-pellet\/\" \/>\n<meta property=\"og:locale\" content=\"pt_PT\" \/>\n<meta property=\"og:type\" content=\"article\" \/>\n<meta property=\"og:title\" content=\"All-in-One Pellet - Aptus Holland\" \/>\n<meta property=\"og:description\" content=\"\/\/ FERTILIZANTE GRANULADO All-in-One Pellet All-in-One Pellet \u00e9 um fertilizante granulado 100% org\u00e2nico, de libera\u00e7\u00e3o lenta, que fornece uma nutri\u00e7\u00e3o completa para o desenvolvimento das plantas durante 3 meses. Cada aplica\u00e7\u00e3o dura de 2 a 3 meses e pode ser reaplicada para ciclos mais longos. \u00c9 especialmente formulado com macronutrientes e micronutrientes, L-amino\u00e1cidos e bio-estimulantes [&hellip;]\" \/>\n<meta property=\"og:url\" content=\"https:\/\/aptus-holland.com\/pt-pt\/produtos\/all-in-one-pellet\/\" \/>\n<meta property=\"og:site_name\" content=\"Aptus Holland\" \/>\n<meta property=\"article:modified_time\" content=\"2025-03-07T08:03:45+00:00\" \/>\n<meta property=\"og:image\" content=\"http:\/\/aptus-holland.com\/wp-content\/uploads\/2025\/03\/aptus-holland-all-in-one-pellet-fam.webp\" \/>\n<meta name=\"twitter:card\" content=\"summary_large_image\" \/>\n<meta name=\"twitter:label1\" content=\"Tempo estimado de leitura\" \/>\n\t<meta name=\"twitter:data1\" content=\"3 minutos\" \/>\n<script type=\"application\/ld+json\" class=\"yoast-schema-graph\">{\"@context\":\"https:\/\/schema.org\",\"@graph\":[{\"@type\":\"WebPage\",\"@id\":\"https:\/\/aptus-holland.com\/pt-pt\/produtos\/all-in-one-pellet\/\",\"url\":\"https:\/\/aptus-holland.com\/pt-pt\/produtos\/all-in-one-pellet\/\",\"name\":\"All-in-One Pellet - Aptus Holland\",\"isPartOf\":{\"@id\":\"https:\/\/aptus-holland.com\/pt-pt\/#website\"},\"primaryImageOfPage\":{\"@id\":\"https:\/\/aptus-holland.com\/pt-pt\/produtos\/all-in-one-pellet\/#primaryimage\"},\"image\":{\"@id\":\"https:\/\/aptus-holland.com\/pt-pt\/produtos\/all-in-one-pellet\/#primaryimage\"},\"thumbnailUrl\":\"http:\/\/aptus-holland.com\/wp-content\/uploads\/2025\/03\/aptus-holland-all-in-one-pellet-fam.webp\",\"datePublished\":\"2021-11-17T12:52:00+00:00\",\"dateModified\":\"2025-03-07T08:03:45+00:00\",\"breadcrumb\":{\"@id\":\"https:\/\/aptus-holland.com\/pt-pt\/produtos\/all-in-one-pellet\/#breadcrumb\"},\"inLanguage\":\"pt-PT\",\"potentialAction\":[{\"@type\":\"ReadAction\",\"target\":[\"https:\/\/aptus-holland.com\/pt-pt\/produtos\/all-in-one-pellet\/\"]}]},{\"@type\":\"ImageObject\",\"inLanguage\":\"pt-PT\",\"@id\":\"https:\/\/aptus-holland.com\/pt-pt\/produtos\/all-in-one-pellet\/#primaryimage\",\"url\":\"http:\/\/aptus-holland.com\/wp-content\/uploads\/2025\/03\/aptus-holland-all-in-one-pellet-fam.webp\",\"contentUrl\":\"http:\/\/aptus-holland.com\/wp-content\/uploads\/2025\/03\/aptus-holland-all-in-one-pellet-fam.webp\"},{\"@type\":\"BreadcrumbList\",\"@id\":\"https:\/\/aptus-holland.com\/pt-pt\/produtos\/all-in-one-pellet\/#breadcrumb\",\"itemListElement\":[{\"@type\":\"ListItem\",\"position\":1,\"name\":\"Home\",\"item\":\"https:\/\/aptus-holland.com\/pt-pt\/\"},{\"@type\":\"ListItem\",\"position\":2,\"name\":\"Produtos\",\"item\":\"https:\/\/aptus-holland.com\/pt-pt\/products\/\"},{\"@type\":\"ListItem\",\"position\":3,\"name\":\"All-in-One Pellet\"}]},{\"@type\":\"WebSite\",\"@id\":\"https:\/\/aptus-holland.com\/pt-pt\/#website\",\"url\":\"https:\/\/aptus-holland.com\/pt-pt\/\",\"name\":\"Aptus Holland\",\"description\":\"Plant Tech\",\"publisher\":{\"@id\":\"https:\/\/aptus-holland.com\/pt-pt\/#organization\"},\"potentialAction\":[{\"@type\":\"SearchAction\",\"target\":{\"@type\":\"EntryPoint\",\"urlTemplate\":\"https:\/\/aptus-holland.com\/pt-pt\/?s={search_term_string}\"},\"query-input\":{\"@type\":\"PropertyValueSpecification\",\"valueRequired\":true,\"valueName\":\"search_term_string\"}}],\"inLanguage\":\"pt-PT\"},{\"@type\":\"Organization\",\"@id\":\"https:\/\/aptus-holland.com\/pt-pt\/#organization\",\"name\":\"Aptus Holland\",\"url\":\"https:\/\/aptus-holland.com\/pt-pt\/\",\"logo\":{\"@type\":\"ImageObject\",\"inLanguage\":\"pt-PT\",\"@id\":\"https:\/\/aptus-holland.com\/pt-pt\/#\/schema\/logo\/image\/\",\"url\":\"https:\/\/aptus-holland.com\/wp-content\/uploads\/2021\/07\/logo-aptus-holland.png\",\"contentUrl\":\"https:\/\/aptus-holland.com\/wp-content\/uploads\/2021\/07\/logo-aptus-holland.png\",\"width\":365,\"height\":200,\"caption\":\"Aptus Holland\"},\"image\":{\"@id\":\"https:\/\/aptus-holland.com\/pt-pt\/#\/schema\/logo\/image\/\"}}]}<\/script>\n<!-- \/ Yoast SEO plugin. -->","yoast_head_json":{"title":"All-in-One Pellet - Aptus Holland","robots":{"index":"index","follow":"follow","max-snippet":"max-snippet:-1","max-image-preview":"max-image-preview:large","max-video-preview":"max-video-preview:-1"},"canonical":"https:\/\/aptus-holland.com\/pt-pt\/produtos\/all-in-one-pellet\/","og_locale":"pt_PT","og_type":"article","og_title":"All-in-One Pellet - Aptus Holland","og_description":"\/\/ FERTILIZANTE GRANULADO All-in-One Pellet All-in-One Pellet \u00e9 um fertilizante granulado 100% org\u00e2nico, de libera\u00e7\u00e3o lenta, que fornece uma nutri\u00e7\u00e3o completa para o desenvolvimento das plantas durante 3 meses. Cada aplica\u00e7\u00e3o dura de 2 a 3 meses e pode ser reaplicada para ciclos mais longos. \u00c9 especialmente formulado com macronutrientes e micronutrientes, L-amino\u00e1cidos e bio-estimulantes [&hellip;]","og_url":"https:\/\/aptus-holland.com\/pt-pt\/produtos\/all-in-one-pellet\/","og_site_name":"Aptus Holland","article_modified_time":"2025-03-07T08:03:45+00:00","og_image":[{"url":"http:\/\/aptus-holland.com\/wp-content\/uploads\/2025\/03\/aptus-holland-all-in-one-pellet-fam.webp","type":"","width":"","height":""}],"twitter_card":"summary_large_image","twitter_misc":{"Tempo estimado de leitura":"3 minutos"},"schema":{"@context":"https:\/\/schema.org","@graph":[{"@type":"WebPage","@id":"https:\/\/aptus-holland.com\/pt-pt\/produtos\/all-in-one-pellet\/","url":"https:\/\/aptus-holland.com\/pt-pt\/produtos\/all-in-one-pellet\/","name":"All-in-One Pellet - Aptus Holland","isPartOf":{"@id":"https:\/\/aptus-holland.com\/pt-pt\/#website"},"primaryImageOfPage":{"@id":"https:\/\/aptus-holland.com\/pt-pt\/produtos\/all-in-one-pellet\/#primaryimage"},"image":{"@id":"https:\/\/aptus-holland.com\/pt-pt\/produtos\/all-in-one-pellet\/#primaryimage"},"thumbnailUrl":"http:\/\/aptus-holland.com\/wp-content\/uploads\/2025\/03\/aptus-holland-all-in-one-pellet-fam.webp","datePublished":"2021-11-17T12:52:00+00:00","dateModified":"2025-03-07T08:03:45+00:00","breadcrumb":{"@id":"https:\/\/aptus-holland.com\/pt-pt\/produtos\/all-in-one-pellet\/#breadcrumb"},"inLanguage":"pt-PT","potentialAction":[{"@type":"ReadAction","target":["https:\/\/aptus-holland.com\/pt-pt\/produtos\/all-in-one-pellet\/"]}]},{"@type":"ImageObject","inLanguage":"pt-PT","@id":"https:\/\/aptus-holland.com\/pt-pt\/produtos\/all-in-one-pellet\/#primaryimage","url":"http:\/\/aptus-holland.com\/wp-content\/uploads\/2025\/03\/aptus-holland-all-in-one-pellet-fam.webp","contentUrl":"http:\/\/aptus-holland.com\/wp-content\/uploads\/2025\/03\/aptus-holland-all-in-one-pellet-fam.webp"},{"@type":"BreadcrumbList","@id":"https:\/\/aptus-holland.com\/pt-pt\/produtos\/all-in-one-pellet\/#breadcrumb","itemListElement":[{"@type":"ListItem","position":1,"name":"Home","item":"https:\/\/aptus-holland.com\/pt-pt\/"},{"@type":"ListItem","position":2,"name":"Produtos","item":"https:\/\/aptus-holland.com\/pt-pt\/products\/"},{"@type":"ListItem","position":3,"name":"All-in-One Pellet"}]},{"@type":"WebSite","@id":"https:\/\/aptus-holland.com\/pt-pt\/#website","url":"https:\/\/aptus-holland.com\/pt-pt\/","name":"Aptus Holland","description":"Plant Tech","publisher":{"@id":"https:\/\/aptus-holland.com\/pt-pt\/#organization"},"potentialAction":[{"@type":"SearchAction","target":{"@type":"EntryPoint","urlTemplate":"https:\/\/aptus-holland.com\/pt-pt\/?s={search_term_string}"},"query-input":{"@type":"PropertyValueSpecification","valueRequired":true,"valueName":"search_term_string"}}],"inLanguage":"pt-PT"},{"@type":"Organization","@id":"https:\/\/aptus-holland.com\/pt-pt\/#organization","name":"Aptus Holland","url":"https:\/\/aptus-holland.com\/pt-pt\/","logo":{"@type":"ImageObject","inLanguage":"pt-PT","@id":"https:\/\/aptus-holland.com\/pt-pt\/#\/schema\/logo\/image\/","url":"https:\/\/aptus-holland.com\/wp-content\/uploads\/2021\/07\/logo-aptus-holland.png","contentUrl":"https:\/\/aptus-holland.com\/wp-content\/uploads\/2021\/07\/logo-aptus-holland.png","width":365,"height":200,"caption":"Aptus Holland"},"image":{"@id":"https:\/\/aptus-holland.com\/pt-pt\/#\/schema\/logo\/image\/"}}]}},"_links":{"self":[{"href":"https:\/\/aptus-holland.com\/pt-pt\/wp-json\/wp\/v2\/pages\/35606","targetHints":{"allow":["GET"]}}],"collection":[{"href":"https:\/\/aptus-holland.com\/pt-pt\/wp-json\/wp\/v2\/pages"}],"about":[{"href":"https:\/\/aptus-holland.com\/pt-pt\/wp-json\/wp\/v2\/types\/page"}],"author":[{"embeddable":true,"href":"https:\/\/aptus-holland.com\/pt-pt\/wp-json\/wp\/v2\/users\/2"}],"replies":[{"embeddable":true,"href":"https:\/\/aptus-holland.com\/pt-pt\/wp-json\/wp\/v2\/comments?post=35606"}],"version-history":[{"count":16,"href":"https:\/\/aptus-holland.com\/pt-pt\/wp-json\/wp\/v2\/pages\/35606\/revisions"}],"predecessor-version":[{"id":38211,"href":"https:\/\/aptus-holland.com\/pt-pt\/wp-json\/wp\/v2\/pages\/35606\/revisions\/38211"}],"up":[{"embeddable":true,"href":"https:\/\/aptus-holland.com\/pt-pt\/wp-json\/wp\/v2\/pages\/35437"}],"wp:attachment":[{"href":"https:\/\/aptus-holland.com\/pt-pt\/wp-json\/wp\/v2\/media?parent=35606"}],"curies":[{"name":"wp","href":"https:\/\/api.w.org\/{rel}","templated":true}]}}