{"id":35492,"date":"2021-07-23T14:22:22","date_gmt":"2021-07-23T14:22:22","guid":{"rendered":"https:\/\/aptus-holland.com\/de-aptus-aanpak\/"},"modified":"2023-08-22T09:26:28","modified_gmt":"2023-08-22T09:26:28","slug":"a-abordagem-da-aptus","status":"publish","type":"page","link":"https:\/\/aptus-holland.com\/pt-pt\/a-abordagem-da-aptus\/","title":{"rendered":"A abordagem da Aptus"},"content":{"rendered":"\t\t<div data-elementor-type=\"wp-page\" data-elementor-id=\"35492\" class=\"elementor elementor-35492 elementor-5317\" data-elementor-settings=\"[]\">\n\t\t\t\t\t\t\t<div class=\"elementor-section-wrap\">\n\t\t\t\t\t\t\t<section class=\"elementor-section elementor-top-section elementor-element elementor-element-7f3cbd8 elementor-section-content-middle ot-traditional elementor-section-boxed elementor-section-height-default elementor-section-height-default\" data-id=\"7f3cbd8\" data-element_type=\"section\" data-settings=\"{&quot;background_background&quot;:&quot;classic&quot;}\">\n\t\t\t\t\t\t<div class=\"elementor-container elementor-column-gap-extended\">\n\t\t\t\t\t<div class=\"elementor-column elementor-col-50 elementor-top-column elementor-element elementor-element-9fc2569 ot-flex-column-vertical\" data-id=\"9fc2569\" data-element_type=\"column\">\n\t\t\t<div class=\"elementor-widget-wrap elementor-element-populated\">\n\t\t\t\t\t\t\t\t<div class=\"elementor-element elementor-element-925ee15 elementor-widget elementor-widget-iheading\" data-id=\"925ee15\" data-element_type=\"widget\" data-widget_type=\"iheading.default\">\n\t\t\t\t<div class=\"elementor-widget-container\">\n\t\t\t\t\t<div class=\"ot-heading\">\r\n\t        <h2 class=\"main-heading\">A abordagem da Aptus<\/h2>\t    <\/div>\r\n\t    \t\t<\/div>\n\t\t\t\t<\/div>\n\t\t\t\t<div class=\"elementor-element elementor-element-0f0c33b elementor-widget elementor-widget-text-editor\" data-id=\"0f0c33b\" data-element_type=\"widget\" data-widget_type=\"text-editor.default\">\n\t\t\t\t<div class=\"elementor-widget-container\">\n\t\t\t\t\t\t\t\t<p>A abordagem da Aptus \u00e9 proporcionar educa\u00e7\u00e3o e produtos uniformes de qualidade que melhorem a produ\u00e7\u00e3o e a capacidade de cultivo dos produtores. A nossa abordagem baseia-se numa metodologia preventiva de problemas relacionados com o anfitri\u00e3o (planta), pragas e o ambiente. De uma forma simples, evitar problemas antes que eles aconte\u00e7am.<\/p><p>A abordagem da Aptus \u00e9 um processo natural; respeita totalmente as regras da natureza e serve de guia para restabelecer mecanismos naturais antigos: a preserva\u00e7\u00e3o dos solos e a preserva\u00e7\u00e3o das plantas. A Aptus \u00e9 uma combina\u00e7\u00e3o de biorremedia\u00e7\u00e3o dos solos, estimula\u00e7\u00e3o das plantas e nutri\u00e7\u00e3o adequada.<\/p>\t\t\t\t\t\t<\/div>\n\t\t\t\t<\/div>\n\t\t\t\t\t<\/div>\n\t\t<\/div>\n\t\t\t\t<div class=\"elementor-column elementor-col-50 elementor-top-column elementor-element elementor-element-fea2944 ot-column-items-top ot-flex-column-vertical\" data-id=\"fea2944\" data-element_type=\"column\">\n\t\t\t<div class=\"elementor-widget-wrap elementor-element-populated\">\n\t\t\t\t\t\t\t\t<div class=\"elementor-element elementor-element-e6ac377 elementor-widget elementor-widget-image\" data-id=\"e6ac377\" data-element_type=\"widget\" data-widget_type=\"image.default\">\n\t\t\t\t<div class=\"elementor-widget-container\">\n\t\t\t\t\t\t\t\t\t\t\t\t\t\t\t\t<a href=\"http:\/\/aptus-holland.com\/wp-content\/uploads\/2021\/07\/aptus-approach-aptus-holland.png\" data-elementor-open-lightbox=\"yes\" data-elementor-lightbox-title=\"aptus-approach-aptus-holland\">\n\t\t\t\t\t\t\t<img loading=\"lazy\" decoding=\"async\" width=\"750\" height=\"370\" src=\"https:\/\/aptus-holland.com\/wp-content\/uploads\/2021\/07\/aptus-approach-aptus-holland.png\" class=\"attachment-large size-large\" alt=\"\" srcset=\"https:\/\/aptus-holland.com\/wp-content\/uploads\/2021\/07\/aptus-approach-aptus-holland.png 750w, https:\/\/aptus-holland.com\/wp-content\/uploads\/2021\/07\/aptus-approach-aptus-holland-300x148.png 300w, https:\/\/aptus-holland.com\/wp-content\/uploads\/2021\/07\/aptus-approach-aptus-holland-720x355.png 720w\" sizes=\"auto, (max-width: 750px) 100vw, 750px\" \/>\t\t\t\t\t\t\t\t<\/a>\n\t\t\t\t\t\t\t\t\t\t\t\t\t\t\t<\/div>\n\t\t\t\t<\/div>\n\t\t\t\t\t<\/div>\n\t\t<\/div>\n\t\t\t\t\t\t\t<\/div>\n\t\t<\/section>\n\t\t\t\t\t\t<\/div>\n\t\t\t\t\t<\/div>\n\t\t","protected":false},"excerpt":{"rendered":"<p>A abordagem da Aptus A abordagem da Aptus \u00e9 proporcionar educa\u00e7\u00e3o e produtos uniformes de qualidade que melhorem a produ\u00e7\u00e3o e a capacidade de cultivo dos produtores. A nossa abordagem baseia-se numa metodologia preventiva de problemas relacionados com o anfitri\u00e3o (planta), pragas e o ambiente. De uma forma simples, evitar problemas antes que eles aconte\u00e7am. [&hellip;]<\/p>\n","protected":false},"author":2,"featured_media":0,"parent":0,"menu_order":0,"comment_status":"closed","ping_status":"closed","template":"","meta":{"_monsterinsights_skip_tracking":false,"_monsterinsights_sitenote_active":false,"_monsterinsights_sitenote_note":"","_monsterinsights_sitenote_category":0,"footnotes":""},"class_list":["post-35492","page","type-page","status-publish","hentry"],"yoast_head":"<!-- This site is optimized with the Yoast SEO plugin v27.0 - https:\/\/yoast.com\/product\/yoast-seo-wordpress\/ -->\n<title>A abordagem da Aptus | Aptus Holland | Aptus Plant Tech<\/title>\n<meta name=\"description\" content=\"A abordagem da Aptus \u00e9 fornecer produtos e educa\u00e7\u00e3o de qualidade uniforme que melhorem a produ\u00e7\u00e3o e a capacidade de crescimento dos produtores.\" \/>\n<meta name=\"robots\" content=\"index, follow, max-snippet:-1, max-image-preview:large, max-video-preview:-1\" \/>\n<link rel=\"canonical\" href=\"https:\/\/aptus-holland.com\/pt-pt\/a-abordagem-da-aptus\/\" \/>\n<meta property=\"og:locale\" content=\"pt_PT\" \/>\n<meta property=\"og:type\" content=\"article\" \/>\n<meta property=\"og:title\" content=\"A abordagem da Aptus | Aptus Holland | Aptus Plant Tech\" \/>\n<meta property=\"og:description\" content=\"A abordagem da Aptus \u00e9 fornecer produtos e educa\u00e7\u00e3o de qualidade uniforme que melhorem a produ\u00e7\u00e3o e a capacidade de crescimento dos produtores.\" \/>\n<meta property=\"og:url\" content=\"https:\/\/aptus-holland.com\/pt-pt\/a-abordagem-da-aptus\/\" \/>\n<meta property=\"og:site_name\" content=\"Aptus Holland\" \/>\n<meta property=\"article:modified_time\" content=\"2023-08-22T09:26:28+00:00\" \/>\n<meta property=\"og:image\" content=\"http:\/\/aptus-holland.com\/wp-content\/uploads\/2021\/07\/aptus-approach-aptus-holland.png\" \/>\n<meta name=\"twitter:card\" content=\"summary_large_image\" \/>\n<meta name=\"twitter:label1\" content=\"Tempo estimado de leitura\" \/>\n\t<meta name=\"twitter:data1\" content=\"1 minuto\" \/>\n<script type=\"application\/ld+json\" class=\"yoast-schema-graph\">{\"@context\":\"https:\/\/schema.org\",\"@graph\":[{\"@type\":\"WebPage\",\"@id\":\"https:\/\/aptus-holland.com\/pt-pt\/a-abordagem-da-aptus\/\",\"url\":\"https:\/\/aptus-holland.com\/pt-pt\/a-abordagem-da-aptus\/\",\"name\":\"A abordagem da Aptus | Aptus Holland | Aptus Plant Tech\",\"isPartOf\":{\"@id\":\"https:\/\/aptus-holland.com\/pt-pt\/#website\"},\"primaryImageOfPage\":{\"@id\":\"https:\/\/aptus-holland.com\/pt-pt\/a-abordagem-da-aptus\/#primaryimage\"},\"image\":{\"@id\":\"https:\/\/aptus-holland.com\/pt-pt\/a-abordagem-da-aptus\/#primaryimage\"},\"thumbnailUrl\":\"http:\/\/aptus-holland.com\/wp-content\/uploads\/2021\/07\/aptus-approach-aptus-holland.png\",\"datePublished\":\"2021-07-23T14:22:22+00:00\",\"dateModified\":\"2023-08-22T09:26:28+00:00\",\"description\":\"A abordagem da Aptus \u00e9 fornecer produtos e educa\u00e7\u00e3o de qualidade uniforme que melhorem a produ\u00e7\u00e3o e a capacidade de crescimento dos produtores.\",\"breadcrumb\":{\"@id\":\"https:\/\/aptus-holland.com\/pt-pt\/a-abordagem-da-aptus\/#breadcrumb\"},\"inLanguage\":\"pt-PT\",\"potentialAction\":[{\"@type\":\"ReadAction\",\"target\":[\"https:\/\/aptus-holland.com\/pt-pt\/a-abordagem-da-aptus\/\"]}]},{\"@type\":\"ImageObject\",\"inLanguage\":\"pt-PT\",\"@id\":\"https:\/\/aptus-holland.com\/pt-pt\/a-abordagem-da-aptus\/#primaryimage\",\"url\":\"http:\/\/aptus-holland.com\/wp-content\/uploads\/2021\/07\/aptus-approach-aptus-holland.png\",\"contentUrl\":\"http:\/\/aptus-holland.com\/wp-content\/uploads\/2021\/07\/aptus-approach-aptus-holland.png\"},{\"@type\":\"BreadcrumbList\",\"@id\":\"https:\/\/aptus-holland.com\/pt-pt\/a-abordagem-da-aptus\/#breadcrumb\",\"itemListElement\":[{\"@type\":\"ListItem\",\"position\":1,\"name\":\"Home\",\"item\":\"https:\/\/aptus-holland.com\/pt-pt\/\"},{\"@type\":\"ListItem\",\"position\":2,\"name\":\"A abordagem da Aptus\"}]},{\"@type\":\"WebSite\",\"@id\":\"https:\/\/aptus-holland.com\/pt-pt\/#website\",\"url\":\"https:\/\/aptus-holland.com\/pt-pt\/\",\"name\":\"Aptus Holland\",\"description\":\"Plant Tech\",\"publisher\":{\"@id\":\"https:\/\/aptus-holland.com\/pt-pt\/#organization\"},\"potentialAction\":[{\"@type\":\"SearchAction\",\"target\":{\"@type\":\"EntryPoint\",\"urlTemplate\":\"https:\/\/aptus-holland.com\/pt-pt\/?s={search_term_string}\"},\"query-input\":{\"@type\":\"PropertyValueSpecification\",\"valueRequired\":true,\"valueName\":\"search_term_string\"}}],\"inLanguage\":\"pt-PT\"},{\"@type\":\"Organization\",\"@id\":\"https:\/\/aptus-holland.com\/pt-pt\/#organization\",\"name\":\"Aptus Holland\",\"url\":\"https:\/\/aptus-holland.com\/pt-pt\/\",\"logo\":{\"@type\":\"ImageObject\",\"inLanguage\":\"pt-PT\",\"@id\":\"https:\/\/aptus-holland.com\/pt-pt\/#\/schema\/logo\/image\/\",\"url\":\"https:\/\/aptus-holland.com\/wp-content\/uploads\/2021\/07\/logo-aptus-holland.png\",\"contentUrl\":\"https:\/\/aptus-holland.com\/wp-content\/uploads\/2021\/07\/logo-aptus-holland.png\",\"width\":365,\"height\":200,\"caption\":\"Aptus Holland\"},\"image\":{\"@id\":\"https:\/\/aptus-holland.com\/pt-pt\/#\/schema\/logo\/image\/\"}}]}<\/script>\n<!-- \/ Yoast SEO plugin. -->","yoast_head_json":{"title":"A abordagem da Aptus | Aptus Holland | Aptus Plant Tech","description":"A abordagem da Aptus \u00e9 fornecer produtos e educa\u00e7\u00e3o de qualidade uniforme que melhorem a produ\u00e7\u00e3o e a capacidade de crescimento dos produtores.","robots":{"index":"index","follow":"follow","max-snippet":"max-snippet:-1","max-image-preview":"max-image-preview:large","max-video-preview":"max-video-preview:-1"},"canonical":"https:\/\/aptus-holland.com\/pt-pt\/a-abordagem-da-aptus\/","og_locale":"pt_PT","og_type":"article","og_title":"A abordagem da Aptus | Aptus Holland | Aptus Plant Tech","og_description":"A abordagem da Aptus \u00e9 fornecer produtos e educa\u00e7\u00e3o de qualidade uniforme que melhorem a produ\u00e7\u00e3o e a capacidade de crescimento dos produtores.","og_url":"https:\/\/aptus-holland.com\/pt-pt\/a-abordagem-da-aptus\/","og_site_name":"Aptus Holland","article_modified_time":"2023-08-22T09:26:28+00:00","og_image":[{"url":"http:\/\/aptus-holland.com\/wp-content\/uploads\/2021\/07\/aptus-approach-aptus-holland.png","type":"","width":"","height":""}],"twitter_card":"summary_large_image","twitter_misc":{"Tempo estimado de leitura":"1 minuto"},"schema":{"@context":"https:\/\/schema.org","@graph":[{"@type":"WebPage","@id":"https:\/\/aptus-holland.com\/pt-pt\/a-abordagem-da-aptus\/","url":"https:\/\/aptus-holland.com\/pt-pt\/a-abordagem-da-aptus\/","name":"A abordagem da Aptus | Aptus Holland | Aptus Plant Tech","isPartOf":{"@id":"https:\/\/aptus-holland.com\/pt-pt\/#website"},"primaryImageOfPage":{"@id":"https:\/\/aptus-holland.com\/pt-pt\/a-abordagem-da-aptus\/#primaryimage"},"image":{"@id":"https:\/\/aptus-holland.com\/pt-pt\/a-abordagem-da-aptus\/#primaryimage"},"thumbnailUrl":"http:\/\/aptus-holland.com\/wp-content\/uploads\/2021\/07\/aptus-approach-aptus-holland.png","datePublished":"2021-07-23T14:22:22+00:00","dateModified":"2023-08-22T09:26:28+00:00","description":"A abordagem da Aptus \u00e9 fornecer produtos e educa\u00e7\u00e3o de qualidade uniforme que melhorem a produ\u00e7\u00e3o e a capacidade de crescimento dos produtores.","breadcrumb":{"@id":"https:\/\/aptus-holland.com\/pt-pt\/a-abordagem-da-aptus\/#breadcrumb"},"inLanguage":"pt-PT","potentialAction":[{"@type":"ReadAction","target":["https:\/\/aptus-holland.com\/pt-pt\/a-abordagem-da-aptus\/"]}]},{"@type":"ImageObject","inLanguage":"pt-PT","@id":"https:\/\/aptus-holland.com\/pt-pt\/a-abordagem-da-aptus\/#primaryimage","url":"http:\/\/aptus-holland.com\/wp-content\/uploads\/2021\/07\/aptus-approach-aptus-holland.png","contentUrl":"http:\/\/aptus-holland.com\/wp-content\/uploads\/2021\/07\/aptus-approach-aptus-holland.png"},{"@type":"BreadcrumbList","@id":"https:\/\/aptus-holland.com\/pt-pt\/a-abordagem-da-aptus\/#breadcrumb","itemListElement":[{"@type":"ListItem","position":1,"name":"Home","item":"https:\/\/aptus-holland.com\/pt-pt\/"},{"@type":"ListItem","position":2,"name":"A abordagem da Aptus"}]},{"@type":"WebSite","@id":"https:\/\/aptus-holland.com\/pt-pt\/#website","url":"https:\/\/aptus-holland.com\/pt-pt\/","name":"Aptus Holland","description":"Plant Tech","publisher":{"@id":"https:\/\/aptus-holland.com\/pt-pt\/#organization"},"potentialAction":[{"@type":"SearchAction","target":{"@type":"EntryPoint","urlTemplate":"https:\/\/aptus-holland.com\/pt-pt\/?s={search_term_string}"},"query-input":{"@type":"PropertyValueSpecification","valueRequired":true,"valueName":"search_term_string"}}],"inLanguage":"pt-PT"},{"@type":"Organization","@id":"https:\/\/aptus-holland.com\/pt-pt\/#organization","name":"Aptus Holland","url":"https:\/\/aptus-holland.com\/pt-pt\/","logo":{"@type":"ImageObject","inLanguage":"pt-PT","@id":"https:\/\/aptus-holland.com\/pt-pt\/#\/schema\/logo\/image\/","url":"https:\/\/aptus-holland.com\/wp-content\/uploads\/2021\/07\/logo-aptus-holland.png","contentUrl":"https:\/\/aptus-holland.com\/wp-content\/uploads\/2021\/07\/logo-aptus-holland.png","width":365,"height":200,"caption":"Aptus Holland"},"image":{"@id":"https:\/\/aptus-holland.com\/pt-pt\/#\/schema\/logo\/image\/"}}]}},"_links":{"self":[{"href":"https:\/\/aptus-holland.com\/pt-pt\/wp-json\/wp\/v2\/pages\/35492","targetHints":{"allow":["GET"]}}],"collection":[{"href":"https:\/\/aptus-holland.com\/pt-pt\/wp-json\/wp\/v2\/pages"}],"about":[{"href":"https:\/\/aptus-holland.com\/pt-pt\/wp-json\/wp\/v2\/types\/page"}],"author":[{"embeddable":true,"href":"https:\/\/aptus-holland.com\/pt-pt\/wp-json\/wp\/v2\/users\/2"}],"replies":[{"embeddable":true,"href":"https:\/\/aptus-holland.com\/pt-pt\/wp-json\/wp\/v2\/comments?post=35492"}],"version-history":[{"count":4,"href":"https:\/\/aptus-holland.com\/pt-pt\/wp-json\/wp\/v2\/pages\/35492\/revisions"}],"predecessor-version":[{"id":35499,"href":"https:\/\/aptus-holland.com\/pt-pt\/wp-json\/wp\/v2\/pages\/35492\/revisions\/35499"}],"wp:attachment":[{"href":"https:\/\/aptus-holland.com\/pt-pt\/wp-json\/wp\/v2\/media?parent=35492"}],"curies":[{"name":"wp","href":"https:\/\/api.w.org\/{rel}","templated":true}]}}