{"id":35486,"date":"2021-07-23T14:09:42","date_gmt":"2021-07-23T14:09:42","guid":{"rendered":"https:\/\/aptus-holland.com\/kwaliteit-en-concentratie\/"},"modified":"2023-08-22T09:25:16","modified_gmt":"2023-08-22T09:25:16","slug":"qualidade-e-concentracao","status":"publish","type":"page","link":"https:\/\/aptus-holland.com\/pt-pt\/qualidade-e-concentracao\/","title":{"rendered":"Qualidade e concentra\u00e7\u00e3o"},"content":{"rendered":"\t\t<div data-elementor-type=\"wp-page\" data-elementor-id=\"35486\" class=\"elementor elementor-35486 elementor-5294\" data-elementor-settings=\"[]\">\n\t\t\t\t\t\t\t<div class=\"elementor-section-wrap\">\n\t\t\t\t\t\t\t<section class=\"elementor-section elementor-top-section elementor-element elementor-element-7f3cbd8 elementor-section-content-middle ot-traditional elementor-section-boxed elementor-section-height-default elementor-section-height-default\" data-id=\"7f3cbd8\" data-element_type=\"section\" data-settings=\"{&quot;background_background&quot;:&quot;classic&quot;}\">\n\t\t\t\t\t\t<div class=\"elementor-container elementor-column-gap-extended\">\n\t\t\t\t\t<div class=\"elementor-column elementor-col-50 elementor-top-column elementor-element elementor-element-9fc2569 ot-flex-column-vertical\" data-id=\"9fc2569\" data-element_type=\"column\">\n\t\t\t<div class=\"elementor-widget-wrap elementor-element-populated\">\n\t\t\t\t\t\t\t\t<div class=\"elementor-element elementor-element-925ee15 elementor-widget elementor-widget-iheading\" data-id=\"925ee15\" data-element_type=\"widget\" data-widget_type=\"iheading.default\">\n\t\t\t\t<div class=\"elementor-widget-container\">\n\t\t\t\t\t<div class=\"ot-heading\">\r\n\t        <h2 class=\"main-heading\">Qualidade e concentra\u00e7\u00e3o<\/h2>\t    <\/div>\r\n\t    \t\t<\/div>\n\t\t\t\t<\/div>\n\t\t\t\t<div class=\"elementor-element elementor-element-0f0c33b elementor-widget elementor-widget-text-editor\" data-id=\"0f0c33b\" data-element_type=\"widget\" data-widget_type=\"text-editor.default\">\n\t\t\t\t<div class=\"elementor-widget-container\">\n\t\t\t\t\t\t\t\t<p>O aspeto mais esquecido em gest\u00e3o da nutri\u00e7\u00e3o \u00e9 a fonte e qualidade dos ingredientes que comp\u00f5em os fertilizantes e bioestimulantes. A melhor biodisponibilidade de nutrientes \u00e9 obtida ao utilizar compostos org\u00e2nicos ou organominerais com uma quantidade m\u00ednima de sais de lastro e sem metais pesados.<\/p><p>A maioria dos produtos nutrientes \u00e9 misturada e dilu\u00edda em grandes quantidades de \u00e1gua e \u00e9 quelada utilizando subst\u00e2ncias qu\u00edmicas baratas e sint\u00e9ticas. Estes m\u00e9todos produzem nutrientes inferiores que n\u00e3o ficam biodispon\u00edveis para as plantas.<\/p><p>A planta tem de gastar energia para conseguir transformar os nutrientes antes de poderem ser utilizados.<\/p><p>Quelar nutrientes em L-amino\u00e1cidos \u00e9 o m\u00e9todo mais natural e eficaz de garantir uma absor\u00e7\u00e3o r\u00e1pida e total no tecido da planta. Quase todos os produtos nutrientes APTUS PLANT TECH s\u00e3o quelados em L-amino\u00e1cidos e cont\u00eam 100% de ingredientes ativos.<\/p>\t\t\t\t\t\t<\/div>\n\t\t\t\t<\/div>\n\t\t\t\t\t<\/div>\n\t\t<\/div>\n\t\t\t\t<div class=\"elementor-column elementor-col-50 elementor-top-column elementor-element elementor-element-fea2944 ot-column-items-top ot-flex-column-vertical\" data-id=\"fea2944\" data-element_type=\"column\">\n\t\t\t<div class=\"elementor-widget-wrap elementor-element-populated\">\n\t\t\t\t\t\t\t\t<div class=\"elementor-element elementor-element-e6ac377 elementor-widget elementor-widget-image\" data-id=\"e6ac377\" data-element_type=\"widget\" data-widget_type=\"image.default\">\n\t\t\t\t<div class=\"elementor-widget-container\">\n\t\t\t\t\t\t\t\t\t\t\t\t\t\t\t<img loading=\"lazy\" decoding=\"async\" width=\"1024\" height=\"683\" src=\"https:\/\/aptus-holland.com\/wp-content\/uploads\/2021\/07\/aptus-holland-quality-concentration.jpeg\" class=\"attachment-large size-large\" alt=\"\" srcset=\"https:\/\/aptus-holland.com\/wp-content\/uploads\/2021\/07\/aptus-holland-quality-concentration.jpeg 1024w, https:\/\/aptus-holland.com\/wp-content\/uploads\/2021\/07\/aptus-holland-quality-concentration-300x200.jpeg 300w, https:\/\/aptus-holland.com\/wp-content\/uploads\/2021\/07\/aptus-holland-quality-concentration-768x512.jpeg 768w, https:\/\/aptus-holland.com\/wp-content\/uploads\/2021\/07\/aptus-holland-quality-concentration-720x480.jpeg 720w\" sizes=\"auto, (max-width: 1024px) 100vw, 1024px\" \/>\t\t\t\t\t\t\t\t\t\t\t\t\t\t\t<\/div>\n\t\t\t\t<\/div>\n\t\t\t\t\t<\/div>\n\t\t<\/div>\n\t\t\t\t\t\t\t<\/div>\n\t\t<\/section>\n\t\t\t\t\t\t<\/div>\n\t\t\t\t\t<\/div>\n\t\t","protected":false},"excerpt":{"rendered":"<p>Qualidade e concentra\u00e7\u00e3o O aspeto mais esquecido em gest\u00e3o da nutri\u00e7\u00e3o \u00e9 a fonte e qualidade dos ingredientes que comp\u00f5em os fertilizantes e bioestimulantes. A melhor biodisponibilidade de nutrientes \u00e9 obtida ao utilizar compostos org\u00e2nicos ou organominerais com uma quantidade m\u00ednima de sais de lastro e sem metais pesados. A maioria dos produtos nutrientes \u00e9 [&hellip;]<\/p>\n","protected":false},"author":2,"featured_media":0,"parent":0,"menu_order":0,"comment_status":"closed","ping_status":"closed","template":"","meta":{"_monsterinsights_skip_tracking":false,"_monsterinsights_sitenote_active":false,"_monsterinsights_sitenote_note":"","_monsterinsights_sitenote_category":0,"footnotes":""},"class_list":["post-35486","page","type-page","status-publish","hentry"],"yoast_head":"<!-- This site is optimized with the Yoast SEO plugin v27.0 - https:\/\/yoast.com\/product\/yoast-seo-wordpress\/ -->\n<title>Qualidade e concentra\u00e7\u00e3o | Aptus Holland | True Plant Science<\/title>\n<meta name=\"description\" content=\"Qualidade e concentra\u00e7\u00e3o s\u00e3o dois aspectos muito importantes da tecnologia real da planta. Leia mais sobre os produtos nutricionais da Aptus Plant Tech aqui.\" \/>\n<meta name=\"robots\" content=\"index, follow, max-snippet:-1, max-image-preview:large, max-video-preview:-1\" \/>\n<link rel=\"canonical\" href=\"https:\/\/aptus-holland.com\/pt-pt\/qualidade-e-concentracao\/\" \/>\n<meta property=\"og:locale\" content=\"pt_PT\" \/>\n<meta property=\"og:type\" content=\"article\" \/>\n<meta property=\"og:title\" content=\"Qualidade e concentra\u00e7\u00e3o | Aptus Holland | True Plant Science\" \/>\n<meta property=\"og:description\" content=\"Qualidade e concentra\u00e7\u00e3o s\u00e3o dois aspectos muito importantes da tecnologia real da planta. Leia mais sobre os produtos nutricionais da Aptus Plant Tech aqui.\" \/>\n<meta property=\"og:url\" content=\"https:\/\/aptus-holland.com\/pt-pt\/qualidade-e-concentracao\/\" \/>\n<meta property=\"og:site_name\" content=\"Aptus Holland\" \/>\n<meta property=\"article:modified_time\" content=\"2023-08-22T09:25:16+00:00\" \/>\n<meta property=\"og:image\" content=\"http:\/\/aptus-holland.com\/wp-content\/uploads\/2021\/07\/aptus-holland-quality-concentration.jpeg\" \/>\n<meta name=\"twitter:card\" content=\"summary_large_image\" \/>\n<meta name=\"twitter:label1\" content=\"Tempo estimado de leitura\" \/>\n\t<meta name=\"twitter:data1\" content=\"1 minuto\" \/>\n<script type=\"application\/ld+json\" class=\"yoast-schema-graph\">{\"@context\":\"https:\/\/schema.org\",\"@graph\":[{\"@type\":\"WebPage\",\"@id\":\"https:\/\/aptus-holland.com\/pt-pt\/qualidade-e-concentracao\/\",\"url\":\"https:\/\/aptus-holland.com\/pt-pt\/qualidade-e-concentracao\/\",\"name\":\"Qualidade e concentra\u00e7\u00e3o | Aptus Holland | True Plant Science\",\"isPartOf\":{\"@id\":\"https:\/\/aptus-holland.com\/pt-pt\/#website\"},\"primaryImageOfPage\":{\"@id\":\"https:\/\/aptus-holland.com\/pt-pt\/qualidade-e-concentracao\/#primaryimage\"},\"image\":{\"@id\":\"https:\/\/aptus-holland.com\/pt-pt\/qualidade-e-concentracao\/#primaryimage\"},\"thumbnailUrl\":\"http:\/\/aptus-holland.com\/wp-content\/uploads\/2021\/07\/aptus-holland-quality-concentration.jpeg\",\"datePublished\":\"2021-07-23T14:09:42+00:00\",\"dateModified\":\"2023-08-22T09:25:16+00:00\",\"description\":\"Qualidade e concentra\u00e7\u00e3o s\u00e3o dois aspectos muito importantes da tecnologia real da planta. Leia mais sobre os produtos nutricionais da Aptus Plant Tech aqui.\",\"breadcrumb\":{\"@id\":\"https:\/\/aptus-holland.com\/pt-pt\/qualidade-e-concentracao\/#breadcrumb\"},\"inLanguage\":\"pt-PT\",\"potentialAction\":[{\"@type\":\"ReadAction\",\"target\":[\"https:\/\/aptus-holland.com\/pt-pt\/qualidade-e-concentracao\/\"]}]},{\"@type\":\"ImageObject\",\"inLanguage\":\"pt-PT\",\"@id\":\"https:\/\/aptus-holland.com\/pt-pt\/qualidade-e-concentracao\/#primaryimage\",\"url\":\"http:\/\/aptus-holland.com\/wp-content\/uploads\/2021\/07\/aptus-holland-quality-concentration.jpeg\",\"contentUrl\":\"http:\/\/aptus-holland.com\/wp-content\/uploads\/2021\/07\/aptus-holland-quality-concentration.jpeg\"},{\"@type\":\"BreadcrumbList\",\"@id\":\"https:\/\/aptus-holland.com\/pt-pt\/qualidade-e-concentracao\/#breadcrumb\",\"itemListElement\":[{\"@type\":\"ListItem\",\"position\":1,\"name\":\"Home\",\"item\":\"https:\/\/aptus-holland.com\/pt-pt\/\"},{\"@type\":\"ListItem\",\"position\":2,\"name\":\"Qualidade e concentra\u00e7\u00e3o\"}]},{\"@type\":\"WebSite\",\"@id\":\"https:\/\/aptus-holland.com\/pt-pt\/#website\",\"url\":\"https:\/\/aptus-holland.com\/pt-pt\/\",\"name\":\"Aptus Holland\",\"description\":\"Plant Tech\",\"publisher\":{\"@id\":\"https:\/\/aptus-holland.com\/pt-pt\/#organization\"},\"potentialAction\":[{\"@type\":\"SearchAction\",\"target\":{\"@type\":\"EntryPoint\",\"urlTemplate\":\"https:\/\/aptus-holland.com\/pt-pt\/?s={search_term_string}\"},\"query-input\":{\"@type\":\"PropertyValueSpecification\",\"valueRequired\":true,\"valueName\":\"search_term_string\"}}],\"inLanguage\":\"pt-PT\"},{\"@type\":\"Organization\",\"@id\":\"https:\/\/aptus-holland.com\/pt-pt\/#organization\",\"name\":\"Aptus Holland\",\"url\":\"https:\/\/aptus-holland.com\/pt-pt\/\",\"logo\":{\"@type\":\"ImageObject\",\"inLanguage\":\"pt-PT\",\"@id\":\"https:\/\/aptus-holland.com\/pt-pt\/#\/schema\/logo\/image\/\",\"url\":\"https:\/\/aptus-holland.com\/wp-content\/uploads\/2021\/07\/logo-aptus-holland.png\",\"contentUrl\":\"https:\/\/aptus-holland.com\/wp-content\/uploads\/2021\/07\/logo-aptus-holland.png\",\"width\":365,\"height\":200,\"caption\":\"Aptus Holland\"},\"image\":{\"@id\":\"https:\/\/aptus-holland.com\/pt-pt\/#\/schema\/logo\/image\/\"}}]}<\/script>\n<!-- \/ Yoast SEO plugin. -->","yoast_head_json":{"title":"Qualidade e concentra\u00e7\u00e3o | Aptus Holland | True Plant Science","description":"Qualidade e concentra\u00e7\u00e3o s\u00e3o dois aspectos muito importantes da tecnologia real da planta. Leia mais sobre os produtos nutricionais da Aptus Plant Tech aqui.","robots":{"index":"index","follow":"follow","max-snippet":"max-snippet:-1","max-image-preview":"max-image-preview:large","max-video-preview":"max-video-preview:-1"},"canonical":"https:\/\/aptus-holland.com\/pt-pt\/qualidade-e-concentracao\/","og_locale":"pt_PT","og_type":"article","og_title":"Qualidade e concentra\u00e7\u00e3o | Aptus Holland | True Plant Science","og_description":"Qualidade e concentra\u00e7\u00e3o s\u00e3o dois aspectos muito importantes da tecnologia real da planta. Leia mais sobre os produtos nutricionais da Aptus Plant Tech aqui.","og_url":"https:\/\/aptus-holland.com\/pt-pt\/qualidade-e-concentracao\/","og_site_name":"Aptus Holland","article_modified_time":"2023-08-22T09:25:16+00:00","og_image":[{"url":"http:\/\/aptus-holland.com\/wp-content\/uploads\/2021\/07\/aptus-holland-quality-concentration.jpeg","type":"","width":"","height":""}],"twitter_card":"summary_large_image","twitter_misc":{"Tempo estimado de leitura":"1 minuto"},"schema":{"@context":"https:\/\/schema.org","@graph":[{"@type":"WebPage","@id":"https:\/\/aptus-holland.com\/pt-pt\/qualidade-e-concentracao\/","url":"https:\/\/aptus-holland.com\/pt-pt\/qualidade-e-concentracao\/","name":"Qualidade e concentra\u00e7\u00e3o | Aptus Holland | True Plant Science","isPartOf":{"@id":"https:\/\/aptus-holland.com\/pt-pt\/#website"},"primaryImageOfPage":{"@id":"https:\/\/aptus-holland.com\/pt-pt\/qualidade-e-concentracao\/#primaryimage"},"image":{"@id":"https:\/\/aptus-holland.com\/pt-pt\/qualidade-e-concentracao\/#primaryimage"},"thumbnailUrl":"http:\/\/aptus-holland.com\/wp-content\/uploads\/2021\/07\/aptus-holland-quality-concentration.jpeg","datePublished":"2021-07-23T14:09:42+00:00","dateModified":"2023-08-22T09:25:16+00:00","description":"Qualidade e concentra\u00e7\u00e3o s\u00e3o dois aspectos muito importantes da tecnologia real da planta. Leia mais sobre os produtos nutricionais da Aptus Plant Tech aqui.","breadcrumb":{"@id":"https:\/\/aptus-holland.com\/pt-pt\/qualidade-e-concentracao\/#breadcrumb"},"inLanguage":"pt-PT","potentialAction":[{"@type":"ReadAction","target":["https:\/\/aptus-holland.com\/pt-pt\/qualidade-e-concentracao\/"]}]},{"@type":"ImageObject","inLanguage":"pt-PT","@id":"https:\/\/aptus-holland.com\/pt-pt\/qualidade-e-concentracao\/#primaryimage","url":"http:\/\/aptus-holland.com\/wp-content\/uploads\/2021\/07\/aptus-holland-quality-concentration.jpeg","contentUrl":"http:\/\/aptus-holland.com\/wp-content\/uploads\/2021\/07\/aptus-holland-quality-concentration.jpeg"},{"@type":"BreadcrumbList","@id":"https:\/\/aptus-holland.com\/pt-pt\/qualidade-e-concentracao\/#breadcrumb","itemListElement":[{"@type":"ListItem","position":1,"name":"Home","item":"https:\/\/aptus-holland.com\/pt-pt\/"},{"@type":"ListItem","position":2,"name":"Qualidade e concentra\u00e7\u00e3o"}]},{"@type":"WebSite","@id":"https:\/\/aptus-holland.com\/pt-pt\/#website","url":"https:\/\/aptus-holland.com\/pt-pt\/","name":"Aptus Holland","description":"Plant Tech","publisher":{"@id":"https:\/\/aptus-holland.com\/pt-pt\/#organization"},"potentialAction":[{"@type":"SearchAction","target":{"@type":"EntryPoint","urlTemplate":"https:\/\/aptus-holland.com\/pt-pt\/?s={search_term_string}"},"query-input":{"@type":"PropertyValueSpecification","valueRequired":true,"valueName":"search_term_string"}}],"inLanguage":"pt-PT"},{"@type":"Organization","@id":"https:\/\/aptus-holland.com\/pt-pt\/#organization","name":"Aptus Holland","url":"https:\/\/aptus-holland.com\/pt-pt\/","logo":{"@type":"ImageObject","inLanguage":"pt-PT","@id":"https:\/\/aptus-holland.com\/pt-pt\/#\/schema\/logo\/image\/","url":"https:\/\/aptus-holland.com\/wp-content\/uploads\/2021\/07\/logo-aptus-holland.png","contentUrl":"https:\/\/aptus-holland.com\/wp-content\/uploads\/2021\/07\/logo-aptus-holland.png","width":365,"height":200,"caption":"Aptus Holland"},"image":{"@id":"https:\/\/aptus-holland.com\/pt-pt\/#\/schema\/logo\/image\/"}}]}},"_links":{"self":[{"href":"https:\/\/aptus-holland.com\/pt-pt\/wp-json\/wp\/v2\/pages\/35486","targetHints":{"allow":["GET"]}}],"collection":[{"href":"https:\/\/aptus-holland.com\/pt-pt\/wp-json\/wp\/v2\/pages"}],"about":[{"href":"https:\/\/aptus-holland.com\/pt-pt\/wp-json\/wp\/v2\/types\/page"}],"author":[{"embeddable":true,"href":"https:\/\/aptus-holland.com\/pt-pt\/wp-json\/wp\/v2\/users\/2"}],"replies":[{"embeddable":true,"href":"https:\/\/aptus-holland.com\/pt-pt\/wp-json\/wp\/v2\/comments?post=35486"}],"version-history":[{"count":4,"href":"https:\/\/aptus-holland.com\/pt-pt\/wp-json\/wp\/v2\/pages\/35486\/revisions"}],"predecessor-version":[{"id":35495,"href":"https:\/\/aptus-holland.com\/pt-pt\/wp-json\/wp\/v2\/pages\/35486\/revisions\/35495"}],"wp:attachment":[{"href":"https:\/\/aptus-holland.com\/pt-pt\/wp-json\/wp\/v2\/media?parent=35486"}],"curies":[{"name":"wp","href":"https:\/\/api.w.org\/{rel}","templated":true}]}}