{"id":35484,"date":"2021-07-23T14:01:48","date_gmt":"2021-07-23T14:01:48","guid":{"rendered":"https:\/\/aptus-holland.com\/kernwaarden-van-ons-merk\/"},"modified":"2023-08-22T09:23:47","modified_gmt":"2023-08-22T09:23:47","slug":"pilares-da-marca","status":"publish","type":"page","link":"https:\/\/aptus-holland.com\/pt-pt\/pilares-da-marca\/","title":{"rendered":"Pilares da marca"},"content":{"rendered":"\t\t<div data-elementor-type=\"wp-page\" data-elementor-id=\"35484\" class=\"elementor elementor-35484 elementor-5274\" data-elementor-settings=\"[]\">\n\t\t\t\t\t\t\t<div class=\"elementor-section-wrap\">\n\t\t\t\t\t\t\t<section class=\"elementor-section elementor-top-section elementor-element elementor-element-7f3cbd8 elementor-section-content-middle ot-traditional elementor-section-boxed elementor-section-height-default elementor-section-height-default\" data-id=\"7f3cbd8\" data-element_type=\"section\" data-settings=\"{&quot;background_background&quot;:&quot;classic&quot;}\">\n\t\t\t\t\t\t<div class=\"elementor-container elementor-column-gap-extended\">\n\t\t\t\t\t<div class=\"elementor-column elementor-col-100 elementor-top-column elementor-element elementor-element-9fc2569 ot-flex-column-vertical\" data-id=\"9fc2569\" data-element_type=\"column\">\n\t\t\t<div class=\"elementor-widget-wrap elementor-element-populated\">\n\t\t\t\t\t\t\t\t<div class=\"elementor-element elementor-element-925ee15 elementor-widget elementor-widget-iheading\" data-id=\"925ee15\" data-element_type=\"widget\" data-widget_type=\"iheading.default\">\n\t\t\t\t<div class=\"elementor-widget-container\">\n\t\t\t\t\t<div class=\"ot-heading\">\r\n\t        <h2 class=\"main-heading\">Pilares da marca e Aptus Holland<\/h2>\t    <\/div>\r\n\t    \t\t<\/div>\n\t\t\t\t<\/div>\n\t\t\t\t<div class=\"elementor-element elementor-element-0f0c33b elementor-widget elementor-widget-text-editor\" data-id=\"0f0c33b\" data-element_type=\"widget\" data-widget_type=\"text-editor.default\">\n\t\t\t\t<div class=\"elementor-widget-container\">\n\t\t\t\t\t\t\t\t<p>Fazemos por atingir a excel\u00eancia em tudo o que fazemos. Isto aplica-se a nutrientes, assist\u00eancia ao cliente e \u00e0 qualidade da nossa imagem p\u00fablica e das nossas convic\u00e7\u00f5es. Os tr\u00eas pilares centrais da nossa marca s\u00e3o:<\/p>\t\t\t\t\t\t<\/div>\n\t\t\t\t<\/div>\n\t\t\t\t\t<\/div>\n\t\t<\/div>\n\t\t\t\t\t\t\t<\/div>\n\t\t<\/section>\n\t\t\t\t<section class=\"elementor-section elementor-top-section elementor-element elementor-element-cb4074c ot-traditional elementor-section-boxed elementor-section-height-default elementor-section-height-default\" data-id=\"cb4074c\" data-element_type=\"section\">\n\t\t\t\t\t\t<div class=\"elementor-container elementor-column-gap-extended\">\n\t\t\t\t\t<div class=\"elementor-column elementor-col-33 elementor-top-column elementor-element elementor-element-ccf0919 ot-flex-column-vertical\" data-id=\"ccf0919\" data-element_type=\"column\">\n\t\t\t<div class=\"elementor-widget-wrap elementor-element-populated\">\n\t\t\t\t\t\t\t\t<div class=\"elementor-element elementor-element-2af5947 elementor-widget elementor-widget-text-editor\" data-id=\"2af5947\" data-element_type=\"widget\" data-widget_type=\"text-editor.default\">\n\t\t\t\t<div class=\"elementor-widget-container\">\n\t\t\t\t\t\t\t\t<p><strong>Educa\u00e7\u00e3o<\/strong> \u2013 Tudo o que fazemos come\u00e7a com educa\u00e7\u00e3o adequada. Focamo-nos no benef\u00edcio (e na verdade) de maximizar o potencial gen\u00e9tico das plantas atrav\u00e9s de tecnologias de nutri\u00e7\u00e3o naturais baseadas na ci\u00eancia. O nosso principal desejo \u00e9 criar uma comunidade de produtores que compreendem o porqu\u00ea de conseguirem maiores produ\u00e7\u00f5es com uma qualidade e um valor nutricional superiores.<\/p>\t\t\t\t\t\t<\/div>\n\t\t\t\t<\/div>\n\t\t\t\t\t<\/div>\n\t\t<\/div>\n\t\t\t\t<div class=\"elementor-column elementor-col-33 elementor-top-column elementor-element elementor-element-ce67559 ot-flex-column-vertical\" data-id=\"ce67559\" data-element_type=\"column\">\n\t\t\t<div class=\"elementor-widget-wrap elementor-element-populated\">\n\t\t\t\t\t\t\t\t<div class=\"elementor-element elementor-element-7ecd464 elementor-widget elementor-widget-text-editor\" data-id=\"7ecd464\" data-element_type=\"widget\" data-widget_type=\"text-editor.default\">\n\t\t\t\t<div class=\"elementor-widget-container\">\n\t\t\t\t\t\t\t\t<p><strong>Qualidade<\/strong> \u2013 Estamos sempre atentos \u00e0 qualidade dos nossos ingredientes, canais de distribui\u00e7\u00e3o e colaboradores. Os produtores podem estar seguros de que as suas plantas n\u00e3o obt\u00eam quaisquer materiais sint\u00e9ticos ou nocivos a partir de produtos Aptus, mas apenas nutrientes naturais. Todos os ingredientes s\u00e3o da maior e mais pura qualidade.<\/p><p>S\u00e3o fabricados e posteriormente processados num ambiente certificado pela norma ISO\u00a09001: 2015.<\/p>\t\t\t\t\t\t<\/div>\n\t\t\t\t<\/div>\n\t\t\t\t\t<\/div>\n\t\t<\/div>\n\t\t\t\t<div class=\"elementor-column elementor-col-33 elementor-top-column elementor-element elementor-element-01a7900 ot-flex-column-vertical\" data-id=\"01a7900\" data-element_type=\"column\">\n\t\t\t<div class=\"elementor-widget-wrap elementor-element-populated\">\n\t\t\t\t\t\t\t\t<div class=\"elementor-element elementor-element-b32117a elementor-widget elementor-widget-text-editor\" data-id=\"b32117a\" data-element_type=\"widget\" data-widget_type=\"text-editor.default\">\n\t\t\t\t<div class=\"elementor-widget-container\">\n\t\t\t\t\t\t\t\t<p><strong>Valor<\/strong> \u2013 As elevadas concentra\u00e7\u00f5es das nossas f\u00f3rmulas de nutrientes significam custos operacionais reduzidos e o m\u00ednimo de desperd\u00edcio.<\/p>\t\t\t\t\t\t<\/div>\n\t\t\t\t<\/div>\n\t\t\t\t\t<\/div>\n\t\t<\/div>\n\t\t\t\t\t\t\t<\/div>\n\t\t<\/section>\n\t\t\t\t<section class=\"elementor-section elementor-top-section elementor-element elementor-element-d0ab106 ot-traditional elementor-section-boxed elementor-section-height-default elementor-section-height-default\" data-id=\"d0ab106\" data-element_type=\"section\">\n\t\t\t\t\t\t<div class=\"elementor-container elementor-column-gap-extended\">\n\t\t\t\t\t<div class=\"elementor-column elementor-col-100 elementor-top-column elementor-element elementor-element-be3a76d ot-flex-column-vertical\" data-id=\"be3a76d\" data-element_type=\"column\">\n\t\t\t<div class=\"elementor-widget-wrap elementor-element-populated\">\n\t\t\t\t\t\t\t\t<div class=\"elementor-element elementor-element-59da2f1 elementor-widget elementor-widget-text-editor\" data-id=\"59da2f1\" data-element_type=\"widget\" data-widget_type=\"text-editor.default\">\n\t\t\t\t<div class=\"elementor-widget-container\">\n\t\t\t\t\t\t\t\t<p>Os produtores obt\u00eam mais qualidade e maiores produ\u00e7\u00f5es a um custo muito menor.<\/p>\t\t\t\t\t\t<\/div>\n\t\t\t\t<\/div>\n\t\t\t\t\t<\/div>\n\t\t<\/div>\n\t\t\t\t\t\t\t<\/div>\n\t\t<\/section>\n\t\t\t\t\t\t<\/div>\n\t\t\t\t\t<\/div>\n\t\t","protected":false},"excerpt":{"rendered":"<p>Pilares da marca e Aptus Holland Fazemos por atingir a excel\u00eancia em tudo o que fazemos. Isto aplica-se a nutrientes, assist\u00eancia ao cliente e \u00e0 qualidade da nossa imagem p\u00fablica e das nossas convic\u00e7\u00f5es. Os tr\u00eas pilares centrais da nossa marca s\u00e3o: Educa\u00e7\u00e3o \u2013 Tudo o que fazemos come\u00e7a com educa\u00e7\u00e3o adequada. Focamo-nos no benef\u00edcio [&hellip;]<\/p>\n","protected":false},"author":2,"featured_media":0,"parent":0,"menu_order":0,"comment_status":"closed","ping_status":"closed","template":"","meta":{"_monsterinsights_skip_tracking":false,"_monsterinsights_sitenote_active":false,"_monsterinsights_sitenote_note":"","_monsterinsights_sitenote_category":0,"footnotes":""},"class_list":["post-35484","page","type-page","status-publish","hentry"],"yoast_head":"<!-- This site is optimized with the Yoast SEO plugin v27.0 - https:\/\/yoast.com\/product\/yoast-seo-wordpress\/ -->\n<title>Pilares da marca | Aptus Holland | Aptus Plant Tech<\/title>\n<meta name=\"description\" content=\"Buscamos a excel\u00eancia em tudo o que fazemos. \u00c9 por isso que temos tr\u00eas pilares caracter\u00edsticos. Leia mais sobre os pilares da Aptus Holland aqui.\" \/>\n<meta name=\"robots\" content=\"index, follow, max-snippet:-1, max-image-preview:large, max-video-preview:-1\" \/>\n<link rel=\"canonical\" href=\"https:\/\/aptus-holland.com\/pt-pt\/pilares-da-marca\/\" \/>\n<meta property=\"og:locale\" content=\"pt_PT\" \/>\n<meta property=\"og:type\" content=\"article\" \/>\n<meta property=\"og:title\" content=\"Pilares da marca | Aptus Holland | Aptus Plant Tech\" \/>\n<meta property=\"og:description\" content=\"Buscamos a excel\u00eancia em tudo o que fazemos. \u00c9 por isso que temos tr\u00eas pilares caracter\u00edsticos. Leia mais sobre os pilares da Aptus Holland aqui.\" \/>\n<meta property=\"og:url\" content=\"https:\/\/aptus-holland.com\/pt-pt\/pilares-da-marca\/\" \/>\n<meta property=\"og:site_name\" content=\"Aptus Holland\" \/>\n<meta property=\"article:modified_time\" content=\"2023-08-22T09:23:47+00:00\" \/>\n<meta name=\"twitter:card\" content=\"summary_large_image\" \/>\n<meta name=\"twitter:label1\" content=\"Tempo estimado de leitura\" \/>\n\t<meta name=\"twitter:data1\" content=\"2 minutos\" \/>\n<script type=\"application\/ld+json\" class=\"yoast-schema-graph\">{\"@context\":\"https:\/\/schema.org\",\"@graph\":[{\"@type\":\"WebPage\",\"@id\":\"https:\/\/aptus-holland.com\/pt-pt\/pilares-da-marca\/\",\"url\":\"https:\/\/aptus-holland.com\/pt-pt\/pilares-da-marca\/\",\"name\":\"Pilares da marca | Aptus Holland | Aptus Plant Tech\",\"isPartOf\":{\"@id\":\"https:\/\/aptus-holland.com\/pt-pt\/#website\"},\"datePublished\":\"2021-07-23T14:01:48+00:00\",\"dateModified\":\"2023-08-22T09:23:47+00:00\",\"description\":\"Buscamos a excel\u00eancia em tudo o que fazemos. \u00c9 por isso que temos tr\u00eas pilares caracter\u00edsticos. Leia mais sobre os pilares da Aptus Holland aqui.\",\"breadcrumb\":{\"@id\":\"https:\/\/aptus-holland.com\/pt-pt\/pilares-da-marca\/#breadcrumb\"},\"inLanguage\":\"pt-PT\",\"potentialAction\":[{\"@type\":\"ReadAction\",\"target\":[\"https:\/\/aptus-holland.com\/pt-pt\/pilares-da-marca\/\"]}]},{\"@type\":\"BreadcrumbList\",\"@id\":\"https:\/\/aptus-holland.com\/pt-pt\/pilares-da-marca\/#breadcrumb\",\"itemListElement\":[{\"@type\":\"ListItem\",\"position\":1,\"name\":\"Home\",\"item\":\"https:\/\/aptus-holland.com\/pt-pt\/\"},{\"@type\":\"ListItem\",\"position\":2,\"name\":\"Pilares da marca\"}]},{\"@type\":\"WebSite\",\"@id\":\"https:\/\/aptus-holland.com\/pt-pt\/#website\",\"url\":\"https:\/\/aptus-holland.com\/pt-pt\/\",\"name\":\"Aptus Holland\",\"description\":\"Plant Tech\",\"publisher\":{\"@id\":\"https:\/\/aptus-holland.com\/pt-pt\/#organization\"},\"potentialAction\":[{\"@type\":\"SearchAction\",\"target\":{\"@type\":\"EntryPoint\",\"urlTemplate\":\"https:\/\/aptus-holland.com\/pt-pt\/?s={search_term_string}\"},\"query-input\":{\"@type\":\"PropertyValueSpecification\",\"valueRequired\":true,\"valueName\":\"search_term_string\"}}],\"inLanguage\":\"pt-PT\"},{\"@type\":\"Organization\",\"@id\":\"https:\/\/aptus-holland.com\/pt-pt\/#organization\",\"name\":\"Aptus Holland\",\"url\":\"https:\/\/aptus-holland.com\/pt-pt\/\",\"logo\":{\"@type\":\"ImageObject\",\"inLanguage\":\"pt-PT\",\"@id\":\"https:\/\/aptus-holland.com\/pt-pt\/#\/schema\/logo\/image\/\",\"url\":\"https:\/\/aptus-holland.com\/wp-content\/uploads\/2021\/07\/logo-aptus-holland.png\",\"contentUrl\":\"https:\/\/aptus-holland.com\/wp-content\/uploads\/2021\/07\/logo-aptus-holland.png\",\"width\":365,\"height\":200,\"caption\":\"Aptus Holland\"},\"image\":{\"@id\":\"https:\/\/aptus-holland.com\/pt-pt\/#\/schema\/logo\/image\/\"}}]}<\/script>\n<!-- \/ Yoast SEO plugin. -->","yoast_head_json":{"title":"Pilares da marca | Aptus Holland | Aptus Plant Tech","description":"Buscamos a excel\u00eancia em tudo o que fazemos. \u00c9 por isso que temos tr\u00eas pilares caracter\u00edsticos. Leia mais sobre os pilares da Aptus Holland aqui.","robots":{"index":"index","follow":"follow","max-snippet":"max-snippet:-1","max-image-preview":"max-image-preview:large","max-video-preview":"max-video-preview:-1"},"canonical":"https:\/\/aptus-holland.com\/pt-pt\/pilares-da-marca\/","og_locale":"pt_PT","og_type":"article","og_title":"Pilares da marca | Aptus Holland | Aptus Plant Tech","og_description":"Buscamos a excel\u00eancia em tudo o que fazemos. \u00c9 por isso que temos tr\u00eas pilares caracter\u00edsticos. Leia mais sobre os pilares da Aptus Holland aqui.","og_url":"https:\/\/aptus-holland.com\/pt-pt\/pilares-da-marca\/","og_site_name":"Aptus Holland","article_modified_time":"2023-08-22T09:23:47+00:00","twitter_card":"summary_large_image","twitter_misc":{"Tempo estimado de leitura":"2 minutos"},"schema":{"@context":"https:\/\/schema.org","@graph":[{"@type":"WebPage","@id":"https:\/\/aptus-holland.com\/pt-pt\/pilares-da-marca\/","url":"https:\/\/aptus-holland.com\/pt-pt\/pilares-da-marca\/","name":"Pilares da marca | Aptus Holland | Aptus Plant Tech","isPartOf":{"@id":"https:\/\/aptus-holland.com\/pt-pt\/#website"},"datePublished":"2021-07-23T14:01:48+00:00","dateModified":"2023-08-22T09:23:47+00:00","description":"Buscamos a excel\u00eancia em tudo o que fazemos. \u00c9 por isso que temos tr\u00eas pilares caracter\u00edsticos. Leia mais sobre os pilares da Aptus Holland aqui.","breadcrumb":{"@id":"https:\/\/aptus-holland.com\/pt-pt\/pilares-da-marca\/#breadcrumb"},"inLanguage":"pt-PT","potentialAction":[{"@type":"ReadAction","target":["https:\/\/aptus-holland.com\/pt-pt\/pilares-da-marca\/"]}]},{"@type":"BreadcrumbList","@id":"https:\/\/aptus-holland.com\/pt-pt\/pilares-da-marca\/#breadcrumb","itemListElement":[{"@type":"ListItem","position":1,"name":"Home","item":"https:\/\/aptus-holland.com\/pt-pt\/"},{"@type":"ListItem","position":2,"name":"Pilares da marca"}]},{"@type":"WebSite","@id":"https:\/\/aptus-holland.com\/pt-pt\/#website","url":"https:\/\/aptus-holland.com\/pt-pt\/","name":"Aptus Holland","description":"Plant Tech","publisher":{"@id":"https:\/\/aptus-holland.com\/pt-pt\/#organization"},"potentialAction":[{"@type":"SearchAction","target":{"@type":"EntryPoint","urlTemplate":"https:\/\/aptus-holland.com\/pt-pt\/?s={search_term_string}"},"query-input":{"@type":"PropertyValueSpecification","valueRequired":true,"valueName":"search_term_string"}}],"inLanguage":"pt-PT"},{"@type":"Organization","@id":"https:\/\/aptus-holland.com\/pt-pt\/#organization","name":"Aptus Holland","url":"https:\/\/aptus-holland.com\/pt-pt\/","logo":{"@type":"ImageObject","inLanguage":"pt-PT","@id":"https:\/\/aptus-holland.com\/pt-pt\/#\/schema\/logo\/image\/","url":"https:\/\/aptus-holland.com\/wp-content\/uploads\/2021\/07\/logo-aptus-holland.png","contentUrl":"https:\/\/aptus-holland.com\/wp-content\/uploads\/2021\/07\/logo-aptus-holland.png","width":365,"height":200,"caption":"Aptus Holland"},"image":{"@id":"https:\/\/aptus-holland.com\/pt-pt\/#\/schema\/logo\/image\/"}}]}},"_links":{"self":[{"href":"https:\/\/aptus-holland.com\/pt-pt\/wp-json\/wp\/v2\/pages\/35484","targetHints":{"allow":["GET"]}}],"collection":[{"href":"https:\/\/aptus-holland.com\/pt-pt\/wp-json\/wp\/v2\/pages"}],"about":[{"href":"https:\/\/aptus-holland.com\/pt-pt\/wp-json\/wp\/v2\/types\/page"}],"author":[{"embeddable":true,"href":"https:\/\/aptus-holland.com\/pt-pt\/wp-json\/wp\/v2\/users\/2"}],"replies":[{"embeddable":true,"href":"https:\/\/aptus-holland.com\/pt-pt\/wp-json\/wp\/v2\/comments?post=35484"}],"version-history":[{"count":4,"href":"https:\/\/aptus-holland.com\/pt-pt\/wp-json\/wp\/v2\/pages\/35484\/revisions"}],"predecessor-version":[{"id":35489,"href":"https:\/\/aptus-holland.com\/pt-pt\/wp-json\/wp\/v2\/pages\/35484\/revisions\/35489"}],"wp:attachment":[{"href":"https:\/\/aptus-holland.com\/pt-pt\/wp-json\/wp\/v2\/media?parent=35484"}],"curies":[{"name":"wp","href":"https:\/\/api.w.org\/{rel}","templated":true}]}}