{"id":35377,"date":"2021-11-17T12:28:12","date_gmt":"2021-11-17T12:28:12","guid":{"rendered":"https:\/\/aptus-holland.com\/prodotti\/micromix\/"},"modified":"2024-07-23T13:53:12","modified_gmt":"2024-07-23T13:53:12","slug":"micromix","status":"publish","type":"page","link":"https:\/\/aptus-holland.com\/it\/prodotti\/micromix\/","title":{"rendered":"Micromix Soil &#038; Drip"},"content":{"rendered":"\t\t<div data-elementor-type=\"wp-page\" data-elementor-id=\"35377\" class=\"elementor elementor-35377 elementor-27985\" data-elementor-settings=\"[]\">\n\t\t\t\t\t\t\t<div class=\"elementor-section-wrap\">\n\t\t\t\t\t\t\t<section class=\"elementor-section elementor-top-section elementor-element elementor-element-cb4074c elementor-section-full_width ot-traditional elementor-section-height-default elementor-section-height-default\" data-id=\"cb4074c\" data-element_type=\"section\">\n\t\t\t\t\t\t<div class=\"elementor-container elementor-column-gap-extended\">\n\t\t\t\t\t<div class=\"elementor-column elementor-col-50 elementor-top-column elementor-element elementor-element-ccf0919 ot-column-items-top ot-flex-column-vertical\" data-id=\"ccf0919\" data-element_type=\"column\">\n\t\t\t<div class=\"elementor-widget-wrap elementor-element-populated\">\n\t\t\t\t\t\t\t\t<div class=\"elementor-element elementor-element-85abb63 product-img-aptus elementor-widget elementor-widget-image\" data-id=\"85abb63\" data-element_type=\"widget\" data-widget_type=\"image.default\">\n\t\t\t\t<div class=\"elementor-widget-container\">\n\t\t\t\t\t\t\t\t\t\t\t\t\t\t\t<img loading=\"lazy\" decoding=\"async\" width=\"800\" height=\"661\" src=\"https:\/\/aptus-holland.com\/wp-content\/uploads\/2022\/08\/aptus-holland-micrommix-soil-and-drip.png\" class=\"attachment-full size-full\" alt=\"\" srcset=\"https:\/\/aptus-holland.com\/wp-content\/uploads\/2022\/08\/aptus-holland-micrommix-soil-and-drip.png 800w, https:\/\/aptus-holland.com\/wp-content\/uploads\/2022\/08\/aptus-holland-micrommix-soil-and-drip-300x248.png 300w, https:\/\/aptus-holland.com\/wp-content\/uploads\/2022\/08\/aptus-holland-micrommix-soil-and-drip-768x635.png 768w, https:\/\/aptus-holland.com\/wp-content\/uploads\/2022\/08\/aptus-holland-micrommix-soil-and-drip-720x595.png 720w, https:\/\/aptus-holland.com\/wp-content\/uploads\/2022\/08\/aptus-holland-micrommix-soil-and-drip-24x20.png 24w, https:\/\/aptus-holland.com\/wp-content\/uploads\/2022\/08\/aptus-holland-micrommix-soil-and-drip-36x30.png 36w, https:\/\/aptus-holland.com\/wp-content\/uploads\/2022\/08\/aptus-holland-micrommix-soil-and-drip-48x40.png 48w\" sizes=\"auto, (max-width: 800px) 100vw, 800px\" \/>\t\t\t\t\t\t\t\t\t\t\t\t\t\t\t<\/div>\n\t\t\t\t<\/div>\n\t\t\t\t\t<\/div>\n\t\t<\/div>\n\t\t\t\t<div class=\"elementor-column elementor-col-50 elementor-top-column elementor-element elementor-element-9e78e1d ot-flex-column-vertical elementor-invisible\" data-id=\"9e78e1d\" data-element_type=\"column\" data-settings=\"{&quot;background_background&quot;:&quot;classic&quot;,&quot;animation&quot;:&quot;fadeInRight&quot;}\">\n\t\t\t<div class=\"elementor-widget-wrap elementor-element-populated\">\n\t\t\t\t\t\t\t\t<div class=\"elementor-element elementor-element-925ee15 elementor-widget elementor-widget-iheading\" data-id=\"925ee15\" data-element_type=\"widget\" data-widget_type=\"iheading.default\">\n\t\t\t\t<div class=\"elementor-widget-container\">\n\t\t\t\t\t<div class=\"ot-heading\">\r\n\t        \t            <span>\/\/ MICROORGANISMI BENEFICI DEL TERRENO<\/span>\r\n\t        <h2 class=\"main-heading\">Micromix Soil & Drip<\/h2>\t    <\/div>\r\n\t    \t\t<\/div>\n\t\t\t\t<\/div>\n\t\t\t\t<div class=\"elementor-element elementor-element-f9ab05f elementor-widget elementor-widget-text-editor\" data-id=\"f9ab05f\" data-element_type=\"widget\" data-widget_type=\"text-editor.default\">\n\t\t\t\t<div class=\"elementor-widget-container\">\n\t\t\t\t\t\t\t\t<p>Nel corso del processo di produzione dei substrati, tutta la microflora viene distrutta\/sterilizzata per eliminare tutto ci\u00f2 che potrebbe essere dannoso. In questo modo, per\u00f2, si distrugge anche ci\u00f2 che potrebbe essere benefico. Questo rende il substrato pi\u00f9 suscettibile a parassiti e malattie. \u00c8 importante che il substrato sia ricco di microflora utile per prevenire i problemi e ottimizzare le condizioni colturali. Aggiungendo Micromix Soil si crea nel substrato una microflora utile che offre condizioni colturali ottimali.<\/p>\t\t\t\t\t\t<\/div>\n\t\t\t\t<\/div>\n\t\t\t\t\t<\/div>\n\t\t<\/div>\n\t\t\t\t\t\t\t<\/div>\n\t\t<\/section>\n\t\t\t\t<section class=\"elementor-section elementor-top-section elementor-element elementor-element-683d3b1 groene-vlakken-producten ot-traditional elementor-section-boxed elementor-section-height-default elementor-section-height-default\" data-id=\"683d3b1\" data-element_type=\"section\" data-settings=\"{&quot;background_background&quot;:&quot;classic&quot;}\">\n\t\t\t\t\t\t<div class=\"elementor-container elementor-column-gap-extended\">\n\t\t\t\t\t<div class=\"elementor-column elementor-col-50 elementor-top-column elementor-element elementor-element-9aaa582 ot-flex-column-vertical\" data-id=\"9aaa582\" data-element_type=\"column\">\n\t\t\t<div class=\"elementor-widget-wrap elementor-element-populated\">\n\t\t\t\t\t\t\t\t<div class=\"elementor-element elementor-element-d58ba4b elementor-widget elementor-widget-iheading\" data-id=\"d58ba4b\" data-element_type=\"widget\" data-widget_type=\"iheading.default\">\n\t\t\t\t<div class=\"elementor-widget-container\">\n\t\t\t\t\t<div class=\"ot-heading\">\r\n\t        <h2 class=\"main-heading\">PERCH\u00c9 UTILIZZARE MICROMIX?<\/h2>\t    <\/div>\r\n\t    \t\t<\/div>\n\t\t\t\t<\/div>\n\t\t\t\t<div class=\"elementor-element elementor-element-b6c8371 elementor-icon-list--layout-traditional elementor-list-item-link-full_width elementor-widget elementor-widget-icon-list\" data-id=\"b6c8371\" data-element_type=\"widget\" data-widget_type=\"icon-list.default\">\n\t\t\t\t<div class=\"elementor-widget-container\">\n\t\t\t\t\t<ul class=\"elementor-icon-list-items\">\n\t\t\t\t\t\t\t<li class=\"elementor-icon-list-item\">\n\t\t\t\t\t\t\t\t\t\t\t<span class=\"elementor-icon-list-icon\">\n\t\t\t\t\t\t\t<i aria-hidden=\"true\" class=\"fas fa-check\"><\/i>\t\t\t\t\t\t<\/span>\n\t\t\t\t\t\t\t\t\t\t<span class=\"elementor-icon-list-text\">Protegge l\u2019apparato radicale da funghi e batteri dannosi<\/span>\n\t\t\t\t\t\t\t\t\t<\/li>\n\t\t\t\t\t\t\t\t<li class=\"elementor-icon-list-item\">\n\t\t\t\t\t\t\t\t\t\t\t<span class=\"elementor-icon-list-icon\">\n\t\t\t\t\t\t\t<i aria-hidden=\"true\" class=\"fas fa-check\"><\/i>\t\t\t\t\t\t<\/span>\n\t\t\t\t\t\t\t\t\t\t<span class=\"elementor-icon-list-text\">Stimola i processi di radicazione e vegetazione<\/span>\n\t\t\t\t\t\t\t\t\t<\/li>\n\t\t\t\t\t\t\t\t<li class=\"elementor-icon-list-item\">\n\t\t\t\t\t\t\t\t\t\t\t<span class=\"elementor-icon-list-icon\">\n\t\t\t\t\t\t\t<i aria-hidden=\"true\" class=\"fas fa-check\"><\/i>\t\t\t\t\t\t<\/span>\n\t\t\t\t\t\t\t\t\t\t<span class=\"elementor-icon-list-text\">\u00c8 al 100% organico<\/span>\n\t\t\t\t\t\t\t\t\t<\/li>\n\t\t\t\t\t\t<\/ul>\n\t\t\t\t<\/div>\n\t\t\t\t<\/div>\n\t\t\t\t\t<\/div>\n\t\t<\/div>\n\t\t\t\t<div class=\"elementor-column elementor-col-50 elementor-top-column elementor-element elementor-element-f46f3a7 ot-flex-column-vertical\" data-id=\"f46f3a7\" data-element_type=\"column\">\n\t\t\t<div class=\"elementor-widget-wrap elementor-element-populated\">\n\t\t\t\t\t\t\t\t<div class=\"elementor-element elementor-element-9b95014 elementor-aspect-ratio-169 elementor-widget elementor-widget-video\" data-id=\"9b95014\" data-element_type=\"widget\" data-settings=\"{&quot;youtube_url&quot;:&quot;https:\\\/\\\/www.youtube.com\\\/watch?v=SZ0Y_rkaHBI&quot;,&quot;video_type&quot;:&quot;youtube&quot;,&quot;controls&quot;:&quot;yes&quot;,&quot;aspect_ratio&quot;:&quot;169&quot;}\" data-widget_type=\"video.default\">\n\t\t\t\t<div class=\"elementor-widget-container\">\n\t\t\t\t\t<div class=\"elementor-wrapper elementor-fit-aspect-ratio elementor-open-inline\">\n\t\t\t<div class=\"elementor-video\"><\/div>\t\t<\/div>\n\t\t\t\t<\/div>\n\t\t\t\t<\/div>\n\t\t\t\t\t<\/div>\n\t\t<\/div>\n\t\t\t\t\t\t\t<\/div>\n\t\t<\/section>\n\t\t\t\t<section class=\"elementor-section elementor-top-section elementor-element elementor-element-3946652 elementor-section-full_width groene-vlakken-producten ot-traditional elementor-section-height-default elementor-section-height-default\" data-id=\"3946652\" data-element_type=\"section\" data-settings=\"{&quot;background_background&quot;:&quot;classic&quot;}\">\n\t\t\t\t\t\t<div class=\"elementor-container elementor-column-gap-extended\">\n\t\t\t\t\t<div class=\"elementor-column elementor-col-50 elementor-top-column elementor-element elementor-element-42163fa ot-flex-column-vertical\" data-id=\"42163fa\" data-element_type=\"column\" data-settings=\"{&quot;background_background&quot;:&quot;classic&quot;,&quot;animation&quot;:&quot;none&quot;}\">\n\t\t\t<div class=\"elementor-widget-wrap elementor-element-populated\">\n\t\t\t\t\t\t\t\t<div class=\"elementor-element elementor-element-adaf3f4 product-pagina-inhoud elementor-invisible elementor-widget elementor-widget-text-editor\" data-id=\"adaf3f4\" data-element_type=\"widget\" data-settings=\"{&quot;_animation_delay&quot;:600,&quot;_animation&quot;:&quot;fadeInLeft&quot;}\" data-widget_type=\"text-editor.default\">\n\t\t\t\t<div class=\"elementor-widget-container\">\n\t\t\t\t\t\t\t\t<h2>COME UTILIZZARE MICROMIX<\/h2><p><strong>Micromix Soil:<br \/><\/strong> Mescolare Micromix in tutto il substrato a 0,5 &#8211; 1 g per 1 L di terricco o inserire 1 g in ogni buca prima di (tra)piantare. Eventualmente ripetere il trattamento dopo 21 giorni utilizzando Micromix drip.<\/p><p><strong>Micromix Drip:<br \/><\/strong> Mescolare 1 g per 1 L nel serbatoio e mesco-lare la soluzione fino a che Micromix non \u00e8 completamente dissolto. Somministrare la soluzione alle piante. Eventualmente ripetere il trattamento dopo 30 giorni.<\/p>\t\t\t\t\t\t<\/div>\n\t\t\t\t<\/div>\n\t\t\t\t<div class=\"elementor-element elementor-element-9d139e3 product-pagina-inhoud elementor-invisible elementor-widget elementor-widget-text-editor\" data-id=\"9d139e3\" data-element_type=\"widget\" data-settings=\"{&quot;_animation_delay&quot;:600,&quot;_animation&quot;:&quot;fadeInLeft&quot;}\" data-widget_type=\"text-editor.default\">\n\t\t\t\t<div class=\"elementor-widget-container\">\n\t\t\t\t\t\t\t\t<h2>CONTENUTO DI MICROMIX<\/h2><p>Micromix \u00e8 disponibile in due tipi di polvere: Soil &amp; Drip. Ambedue contengono una miscela di microrganismi e stimolanti. I microrganismi sono selezionati in base alla loro funzione e sono trattati in modo speciale per garantirne la stabilit\u00e0.<\/p><p>Per prolungare la durata di conservazione della miscela, sono stati utilizzati speciali vettori che proteggono e nutrono i microrganismi. Questo garantisce che i microrganismi svolgano un\u2019azione stabile e potente subito dopo la somministrazione.<\/p>\t\t\t\t\t\t<\/div>\n\t\t\t\t<\/div>\n\t\t\t\t\t<\/div>\n\t\t<\/div>\n\t\t\t\t<div class=\"elementor-column elementor-col-50 elementor-top-column elementor-element elementor-element-cf69460 ot-flex-column-vertical\" data-id=\"cf69460\" data-element_type=\"column\" data-settings=\"{&quot;background_background&quot;:&quot;classic&quot;}\">\n\t\t\t<div class=\"elementor-widget-wrap elementor-element-populated\">\n\t\t\t\t\t\t\t\t<div class=\"elementor-element elementor-element-5e91773 product-pagina-inhoud elementor-invisible elementor-widget elementor-widget-text-editor\" data-id=\"5e91773\" data-element_type=\"widget\" data-settings=\"{&quot;_animation_delay&quot;:600,&quot;_animation&quot;:&quot;fadeInRight&quot;}\" data-widget_type=\"text-editor.default\">\n\t\t\t\t<div class=\"elementor-widget-container\">\n\t\t\t\t\t\t\t\t<h2>MODALIT\u00c0 D\u2019AZIONE DI MICROMIX<\/h2><ul><li>Gli enzimi prodotti dai batteri benefici decompongono i sali nutritivi accumulati<\/li><li>Le popolazioni sane di microrganismi benefici proteggono l\u2019apparato radicale dai microrganismi dannosi<\/li><\/ul>\t\t\t\t\t\t<\/div>\n\t\t\t\t<\/div>\n\t\t\t\t<div class=\"elementor-element elementor-element-c2492b1 product-pagina-inhoud elementor-invisible elementor-widget elementor-widget-text-editor\" data-id=\"c2492b1\" data-element_type=\"widget\" data-settings=\"{&quot;_animation_delay&quot;:600,&quot;_animation&quot;:&quot;fadeInRight&quot;}\" data-widget_type=\"text-editor.default\">\n\t\t\t\t<div class=\"elementor-widget-container\">\n\t\t\t\t\t\t\t\t<h2>CONSIGLI DI PRODUTTORI ESPERTI<\/h2><ul><li>Utilizzare Micromix durante la fase di crescita vegetativa per aumentare la sopravvivenza e la salute delle giovani piante<\/li><li>Micromix pu\u00f2 essere utilizzato con tutti i tipi di substrati<\/li><\/ul>\t\t\t\t\t\t<\/div>\n\t\t\t\t<\/div>\n\t\t\t\t\t<\/div>\n\t\t<\/div>\n\t\t\t\t\t\t\t<\/div>\n\t\t<\/section>\n\t\t\t\t\t\t<\/div>\n\t\t\t\t\t<\/div>\n\t\t","protected":false},"excerpt":{"rendered":"<p>\/\/ MICROORGANISMI BENEFICI DEL TERRENO Micromix Soil &#038; Drip Nel corso del processo di produzione dei substrati, tutta la microflora viene distrutta\/sterilizzata per eliminare tutto ci\u00f2 che potrebbe essere dannoso. In questo modo, per\u00f2, si distrugge anche ci\u00f2 che potrebbe essere benefico. Questo rende il substrato pi\u00f9 suscettibile a parassiti e malattie. \u00c8 importante che [&hellip;]<\/p>\n","protected":false},"author":2,"featured_media":0,"parent":35104,"menu_order":0,"comment_status":"closed","ping_status":"closed","template":"","meta":{"_monsterinsights_skip_tracking":false,"_monsterinsights_sitenote_active":false,"_monsterinsights_sitenote_note":"","_monsterinsights_sitenote_category":0,"footnotes":""},"class_list":["post-35377","page","type-page","status-publish","hentry"],"yoast_head":"<!-- This site is optimized with the Yoast SEO plugin v27.0 - https:\/\/yoast.com\/product\/yoast-seo-wordpress\/ -->\n<title>Micromix Soil &amp; Drip - Aptus Holland<\/title>\n<meta name=\"robots\" content=\"index, follow, max-snippet:-1, max-image-preview:large, max-video-preview:-1\" \/>\n<link rel=\"canonical\" href=\"https:\/\/aptus-holland.com\/it\/prodotti\/micromix\/\" \/>\n<meta property=\"og:locale\" content=\"it_IT\" \/>\n<meta property=\"og:type\" content=\"article\" \/>\n<meta property=\"og:title\" content=\"Micromix Soil &amp; Drip - Aptus Holland\" \/>\n<meta property=\"og:description\" content=\"\/\/ MICROORGANISMI BENEFICI DEL TERRENO Micromix Soil &#038; Drip Nel corso del processo di produzione dei substrati, tutta la microflora viene distrutta\/sterilizzata per eliminare tutto ci\u00f2 che potrebbe essere dannoso. In questo modo, per\u00f2, si distrugge anche ci\u00f2 che potrebbe essere benefico. Questo rende il substrato pi\u00f9 suscettibile a parassiti e malattie. \u00c8 importante che [&hellip;]\" \/>\n<meta property=\"og:url\" content=\"https:\/\/aptus-holland.com\/it\/prodotti\/micromix\/\" \/>\n<meta property=\"og:site_name\" content=\"Aptus Holland\" \/>\n<meta property=\"article:modified_time\" content=\"2024-07-23T13:53:12+00:00\" \/>\n<meta property=\"og:image\" content=\"http:\/\/aptus-holland.com\/wp-content\/uploads\/2022\/08\/aptus-holland-micrommix-soil-and-drip.png\" \/>\n<meta name=\"twitter:card\" content=\"summary_large_image\" \/>\n<meta name=\"twitter:label1\" content=\"Tempo di lettura stimato\" \/>\n\t<meta name=\"twitter:data1\" content=\"2 minuti\" \/>\n<script type=\"application\/ld+json\" class=\"yoast-schema-graph\">{\"@context\":\"https:\/\/schema.org\",\"@graph\":[{\"@type\":\"WebPage\",\"@id\":\"https:\/\/aptus-holland.com\/it\/prodotti\/micromix\/\",\"url\":\"https:\/\/aptus-holland.com\/it\/prodotti\/micromix\/\",\"name\":\"Micromix Soil & Drip - Aptus Holland\",\"isPartOf\":{\"@id\":\"https:\/\/aptus-holland.com\/it\/#website\"},\"primaryImageOfPage\":{\"@id\":\"https:\/\/aptus-holland.com\/it\/prodotti\/micromix\/#primaryimage\"},\"image\":{\"@id\":\"https:\/\/aptus-holland.com\/it\/prodotti\/micromix\/#primaryimage\"},\"thumbnailUrl\":\"http:\/\/aptus-holland.com\/wp-content\/uploads\/2022\/08\/aptus-holland-micrommix-soil-and-drip.png\",\"datePublished\":\"2021-11-17T12:28:12+00:00\",\"dateModified\":\"2024-07-23T13:53:12+00:00\",\"breadcrumb\":{\"@id\":\"https:\/\/aptus-holland.com\/it\/prodotti\/micromix\/#breadcrumb\"},\"inLanguage\":\"it-IT\",\"potentialAction\":[{\"@type\":\"ReadAction\",\"target\":[\"https:\/\/aptus-holland.com\/it\/prodotti\/micromix\/\"]}]},{\"@type\":\"ImageObject\",\"inLanguage\":\"it-IT\",\"@id\":\"https:\/\/aptus-holland.com\/it\/prodotti\/micromix\/#primaryimage\",\"url\":\"http:\/\/aptus-holland.com\/wp-content\/uploads\/2022\/08\/aptus-holland-micrommix-soil-and-drip.png\",\"contentUrl\":\"http:\/\/aptus-holland.com\/wp-content\/uploads\/2022\/08\/aptus-holland-micrommix-soil-and-drip.png\"},{\"@type\":\"BreadcrumbList\",\"@id\":\"https:\/\/aptus-holland.com\/it\/prodotti\/micromix\/#breadcrumb\",\"itemListElement\":[{\"@type\":\"ListItem\",\"position\":1,\"name\":\"Home\",\"item\":\"https:\/\/aptus-holland.com\/it\/\"},{\"@type\":\"ListItem\",\"position\":2,\"name\":\"Prodotti\",\"item\":\"https:\/\/aptus-holland.com\/it\/products\/\"},{\"@type\":\"ListItem\",\"position\":3,\"name\":\"Micromix Soil &#038; Drip\"}]},{\"@type\":\"WebSite\",\"@id\":\"https:\/\/aptus-holland.com\/it\/#website\",\"url\":\"https:\/\/aptus-holland.com\/it\/\",\"name\":\"Aptus Holland\",\"description\":\"Plant Tech\",\"publisher\":{\"@id\":\"https:\/\/aptus-holland.com\/it\/#organization\"},\"potentialAction\":[{\"@type\":\"SearchAction\",\"target\":{\"@type\":\"EntryPoint\",\"urlTemplate\":\"https:\/\/aptus-holland.com\/it\/?s={search_term_string}\"},\"query-input\":{\"@type\":\"PropertyValueSpecification\",\"valueRequired\":true,\"valueName\":\"search_term_string\"}}],\"inLanguage\":\"it-IT\"},{\"@type\":\"Organization\",\"@id\":\"https:\/\/aptus-holland.com\/it\/#organization\",\"name\":\"Aptus Holland\",\"url\":\"https:\/\/aptus-holland.com\/it\/\",\"logo\":{\"@type\":\"ImageObject\",\"inLanguage\":\"it-IT\",\"@id\":\"https:\/\/aptus-holland.com\/it\/#\/schema\/logo\/image\/\",\"url\":\"https:\/\/aptus-holland.com\/wp-content\/uploads\/2021\/07\/logo-aptus-holland.png\",\"contentUrl\":\"https:\/\/aptus-holland.com\/wp-content\/uploads\/2021\/07\/logo-aptus-holland.png\",\"width\":365,\"height\":200,\"caption\":\"Aptus Holland\"},\"image\":{\"@id\":\"https:\/\/aptus-holland.com\/it\/#\/schema\/logo\/image\/\"}}]}<\/script>\n<!-- \/ Yoast SEO plugin. -->","yoast_head_json":{"title":"Micromix Soil & Drip - Aptus Holland","robots":{"index":"index","follow":"follow","max-snippet":"max-snippet:-1","max-image-preview":"max-image-preview:large","max-video-preview":"max-video-preview:-1"},"canonical":"https:\/\/aptus-holland.com\/it\/prodotti\/micromix\/","og_locale":"it_IT","og_type":"article","og_title":"Micromix Soil & Drip - Aptus Holland","og_description":"\/\/ MICROORGANISMI BENEFICI DEL TERRENO Micromix Soil &#038; Drip Nel corso del processo di produzione dei substrati, tutta la microflora viene distrutta\/sterilizzata per eliminare tutto ci\u00f2 che potrebbe essere dannoso. In questo modo, per\u00f2, si distrugge anche ci\u00f2 che potrebbe essere benefico. Questo rende il substrato pi\u00f9 suscettibile a parassiti e malattie. \u00c8 importante che [&hellip;]","og_url":"https:\/\/aptus-holland.com\/it\/prodotti\/micromix\/","og_site_name":"Aptus Holland","article_modified_time":"2024-07-23T13:53:12+00:00","og_image":[{"url":"http:\/\/aptus-holland.com\/wp-content\/uploads\/2022\/08\/aptus-holland-micrommix-soil-and-drip.png","type":"","width":"","height":""}],"twitter_card":"summary_large_image","twitter_misc":{"Tempo di lettura stimato":"2 minuti"},"schema":{"@context":"https:\/\/schema.org","@graph":[{"@type":"WebPage","@id":"https:\/\/aptus-holland.com\/it\/prodotti\/micromix\/","url":"https:\/\/aptus-holland.com\/it\/prodotti\/micromix\/","name":"Micromix Soil & Drip - Aptus Holland","isPartOf":{"@id":"https:\/\/aptus-holland.com\/it\/#website"},"primaryImageOfPage":{"@id":"https:\/\/aptus-holland.com\/it\/prodotti\/micromix\/#primaryimage"},"image":{"@id":"https:\/\/aptus-holland.com\/it\/prodotti\/micromix\/#primaryimage"},"thumbnailUrl":"http:\/\/aptus-holland.com\/wp-content\/uploads\/2022\/08\/aptus-holland-micrommix-soil-and-drip.png","datePublished":"2021-11-17T12:28:12+00:00","dateModified":"2024-07-23T13:53:12+00:00","breadcrumb":{"@id":"https:\/\/aptus-holland.com\/it\/prodotti\/micromix\/#breadcrumb"},"inLanguage":"it-IT","potentialAction":[{"@type":"ReadAction","target":["https:\/\/aptus-holland.com\/it\/prodotti\/micromix\/"]}]},{"@type":"ImageObject","inLanguage":"it-IT","@id":"https:\/\/aptus-holland.com\/it\/prodotti\/micromix\/#primaryimage","url":"http:\/\/aptus-holland.com\/wp-content\/uploads\/2022\/08\/aptus-holland-micrommix-soil-and-drip.png","contentUrl":"http:\/\/aptus-holland.com\/wp-content\/uploads\/2022\/08\/aptus-holland-micrommix-soil-and-drip.png"},{"@type":"BreadcrumbList","@id":"https:\/\/aptus-holland.com\/it\/prodotti\/micromix\/#breadcrumb","itemListElement":[{"@type":"ListItem","position":1,"name":"Home","item":"https:\/\/aptus-holland.com\/it\/"},{"@type":"ListItem","position":2,"name":"Prodotti","item":"https:\/\/aptus-holland.com\/it\/products\/"},{"@type":"ListItem","position":3,"name":"Micromix Soil &#038; Drip"}]},{"@type":"WebSite","@id":"https:\/\/aptus-holland.com\/it\/#website","url":"https:\/\/aptus-holland.com\/it\/","name":"Aptus Holland","description":"Plant Tech","publisher":{"@id":"https:\/\/aptus-holland.com\/it\/#organization"},"potentialAction":[{"@type":"SearchAction","target":{"@type":"EntryPoint","urlTemplate":"https:\/\/aptus-holland.com\/it\/?s={search_term_string}"},"query-input":{"@type":"PropertyValueSpecification","valueRequired":true,"valueName":"search_term_string"}}],"inLanguage":"it-IT"},{"@type":"Organization","@id":"https:\/\/aptus-holland.com\/it\/#organization","name":"Aptus Holland","url":"https:\/\/aptus-holland.com\/it\/","logo":{"@type":"ImageObject","inLanguage":"it-IT","@id":"https:\/\/aptus-holland.com\/it\/#\/schema\/logo\/image\/","url":"https:\/\/aptus-holland.com\/wp-content\/uploads\/2021\/07\/logo-aptus-holland.png","contentUrl":"https:\/\/aptus-holland.com\/wp-content\/uploads\/2021\/07\/logo-aptus-holland.png","width":365,"height":200,"caption":"Aptus Holland"},"image":{"@id":"https:\/\/aptus-holland.com\/it\/#\/schema\/logo\/image\/"}}]}},"_links":{"self":[{"href":"https:\/\/aptus-holland.com\/it\/wp-json\/wp\/v2\/pages\/35377","targetHints":{"allow":["GET"]}}],"collection":[{"href":"https:\/\/aptus-holland.com\/it\/wp-json\/wp\/v2\/pages"}],"about":[{"href":"https:\/\/aptus-holland.com\/it\/wp-json\/wp\/v2\/types\/page"}],"author":[{"embeddable":true,"href":"https:\/\/aptus-holland.com\/it\/wp-json\/wp\/v2\/users\/2"}],"replies":[{"embeddable":true,"href":"https:\/\/aptus-holland.com\/it\/wp-json\/wp\/v2\/comments?post=35377"}],"version-history":[{"count":7,"href":"https:\/\/aptus-holland.com\/it\/wp-json\/wp\/v2\/pages\/35377\/revisions"}],"predecessor-version":[{"id":37887,"href":"https:\/\/aptus-holland.com\/it\/wp-json\/wp\/v2\/pages\/35377\/revisions\/37887"}],"up":[{"embeddable":true,"href":"https:\/\/aptus-holland.com\/it\/wp-json\/wp\/v2\/pages\/35104"}],"wp:attachment":[{"href":"https:\/\/aptus-holland.com\/it\/wp-json\/wp\/v2\/media?parent=35377"}],"curies":[{"name":"wp","href":"https:\/\/api.w.org\/{rel}","templated":true}]}}