{"id":35198,"date":"2021-07-23T14:22:22","date_gmt":"2021-07-23T14:22:22","guid":{"rendered":"https:\/\/aptus-holland.com\/de-aptus-aanpak\/"},"modified":"2023-08-21T10:48:37","modified_gmt":"2023-08-21T10:48:37","slug":"lapproccio-aptus","status":"publish","type":"page","link":"https:\/\/aptus-holland.com\/it\/lapproccio-aptus\/","title":{"rendered":"L\u2019approccio Aptus"},"content":{"rendered":"\t\t<div data-elementor-type=\"wp-page\" data-elementor-id=\"35198\" class=\"elementor elementor-35198 elementor-5317\" data-elementor-settings=\"[]\">\n\t\t\t\t\t\t\t<div class=\"elementor-section-wrap\">\n\t\t\t\t\t\t\t<section class=\"elementor-section elementor-top-section elementor-element elementor-element-7f3cbd8 elementor-section-content-middle ot-traditional elementor-section-boxed elementor-section-height-default elementor-section-height-default\" data-id=\"7f3cbd8\" data-element_type=\"section\" data-settings=\"{&quot;background_background&quot;:&quot;classic&quot;}\">\n\t\t\t\t\t\t<div class=\"elementor-container elementor-column-gap-extended\">\n\t\t\t\t\t<div class=\"elementor-column elementor-col-50 elementor-top-column elementor-element elementor-element-9fc2569 ot-flex-column-vertical\" data-id=\"9fc2569\" data-element_type=\"column\">\n\t\t\t<div class=\"elementor-widget-wrap elementor-element-populated\">\n\t\t\t\t\t\t\t\t<div class=\"elementor-element elementor-element-925ee15 elementor-widget elementor-widget-iheading\" data-id=\"925ee15\" data-element_type=\"widget\" data-widget_type=\"iheading.default\">\n\t\t\t\t<div class=\"elementor-widget-container\">\n\t\t\t\t\t<div class=\"ot-heading\">\r\n\t        <h2 class=\"main-heading\">L\u2019approccio Aptus<\/h2>\t    <\/div>\r\n\t    \t\t<\/div>\n\t\t\t\t<\/div>\n\t\t\t\t<div class=\"elementor-element elementor-element-0f0c33b elementor-widget elementor-widget-text-editor\" data-id=\"0f0c33b\" data-element_type=\"widget\" data-widget_type=\"text-editor.default\">\n\t\t\t\t<div class=\"elementor-widget-container\">\n\t\t\t\t\t\t\t\t<p>L\u2019approccio Aptus consiste nel fornire prodotti di qualit\u00e0 uniforme e una formazione che consenta ai produttori di aumentare la produzione e di perfezionare la loro tecnica di coltivazione. L\u2019approccio Aptus si basa su un metodo: prevenire i problemi dell\u2019ospite (la pianta), dovuti a parassiti o all\u2019ambiente. In breve, evitare i problemi prima che diventino tali.<\/p><p>L\u2019approccio Aptus \u00e8 un metodo naturale; rispetta in pieno le regole della natura e indica una via per tornare agli antichi meccanismi naturali: la cura del terreno e delle piante. Aptus combina biorisanamento del terreno, stimolazione delle piante e corretta nutrizione.<\/p>\t\t\t\t\t\t<\/div>\n\t\t\t\t<\/div>\n\t\t\t\t\t<\/div>\n\t\t<\/div>\n\t\t\t\t<div class=\"elementor-column elementor-col-50 elementor-top-column elementor-element elementor-element-fea2944 ot-column-items-top ot-flex-column-vertical\" data-id=\"fea2944\" data-element_type=\"column\">\n\t\t\t<div class=\"elementor-widget-wrap elementor-element-populated\">\n\t\t\t\t\t\t\t\t<div class=\"elementor-element elementor-element-e6ac377 elementor-widget elementor-widget-image\" data-id=\"e6ac377\" data-element_type=\"widget\" data-widget_type=\"image.default\">\n\t\t\t\t<div class=\"elementor-widget-container\">\n\t\t\t\t\t\t\t\t\t\t\t\t\t\t\t\t<a href=\"http:\/\/aptus-holland.com\/wp-content\/uploads\/2021\/07\/aptus-approach-aptus-holland.png\" data-elementor-open-lightbox=\"yes\" data-elementor-lightbox-title=\"aptus-approach-aptus-holland\">\n\t\t\t\t\t\t\t<img loading=\"lazy\" decoding=\"async\" width=\"750\" height=\"370\" src=\"https:\/\/aptus-holland.com\/wp-content\/uploads\/2021\/07\/aptus-approach-aptus-holland.png\" class=\"attachment-large size-large\" alt=\"\" srcset=\"https:\/\/aptus-holland.com\/wp-content\/uploads\/2021\/07\/aptus-approach-aptus-holland.png 750w, https:\/\/aptus-holland.com\/wp-content\/uploads\/2021\/07\/aptus-approach-aptus-holland-300x148.png 300w, https:\/\/aptus-holland.com\/wp-content\/uploads\/2021\/07\/aptus-approach-aptus-holland-720x355.png 720w\" sizes=\"auto, (max-width: 750px) 100vw, 750px\" \/>\t\t\t\t\t\t\t\t<\/a>\n\t\t\t\t\t\t\t\t\t\t\t\t\t\t\t<\/div>\n\t\t\t\t<\/div>\n\t\t\t\t\t<\/div>\n\t\t<\/div>\n\t\t\t\t\t\t\t<\/div>\n\t\t<\/section>\n\t\t\t\t\t\t<\/div>\n\t\t\t\t\t<\/div>\n\t\t","protected":false},"excerpt":{"rendered":"<p>L\u2019approccio Aptus L\u2019approccio Aptus consiste nel fornire prodotti di qualit\u00e0 uniforme e una formazione che consenta ai produttori di aumentare la produzione e di perfezionare la loro tecnica di coltivazione. L\u2019approccio Aptus si basa su un metodo: prevenire i problemi dell\u2019ospite (la pianta), dovuti a parassiti o all\u2019ambiente. In breve, evitare i problemi prima che [&hellip;]<\/p>\n","protected":false},"author":2,"featured_media":0,"parent":0,"menu_order":0,"comment_status":"closed","ping_status":"closed","template":"","meta":{"_monsterinsights_skip_tracking":false,"_monsterinsights_sitenote_active":false,"_monsterinsights_sitenote_note":"","_monsterinsights_sitenote_category":0,"footnotes":""},"class_list":["post-35198","page","type-page","status-publish","hentry"],"yoast_head":"<!-- This site is optimized with the Yoast SEO plugin v27.0 - https:\/\/yoast.com\/product\/yoast-seo-wordpress\/ -->\n<title>L\u2019approccio Aptus | Aptus Holland | Aptus Plant Tech<\/title>\n<meta name=\"description\" content=\"L&#039;approccio di Aptus \u00e8 quello di fornire prodotti e formazione di qualit\u00e0 uniforme che migliorino la produzione e la capacit\u00e0 di coltivazione dei coltivatori.\" \/>\n<meta name=\"robots\" content=\"index, follow, max-snippet:-1, max-image-preview:large, max-video-preview:-1\" \/>\n<link rel=\"canonical\" href=\"https:\/\/aptus-holland.com\/it\/lapproccio-aptus\/\" \/>\n<meta property=\"og:locale\" content=\"it_IT\" \/>\n<meta property=\"og:type\" content=\"article\" \/>\n<meta property=\"og:title\" content=\"L\u2019approccio Aptus | Aptus Holland | Aptus Plant Tech\" \/>\n<meta property=\"og:description\" content=\"L&#039;approccio di Aptus \u00e8 quello di fornire prodotti e formazione di qualit\u00e0 uniforme che migliorino la produzione e la capacit\u00e0 di coltivazione dei coltivatori.\" \/>\n<meta property=\"og:url\" content=\"https:\/\/aptus-holland.com\/it\/lapproccio-aptus\/\" \/>\n<meta property=\"og:site_name\" content=\"Aptus Holland\" \/>\n<meta property=\"article:modified_time\" content=\"2023-08-21T10:48:37+00:00\" \/>\n<meta property=\"og:image\" content=\"http:\/\/aptus-holland.com\/wp-content\/uploads\/2021\/07\/aptus-approach-aptus-holland.png\" \/>\n<meta name=\"twitter:card\" content=\"summary_large_image\" \/>\n<meta name=\"twitter:label1\" content=\"Tempo di lettura stimato\" \/>\n\t<meta name=\"twitter:data1\" content=\"1 minuto\" \/>\n<script type=\"application\/ld+json\" class=\"yoast-schema-graph\">{\"@context\":\"https:\/\/schema.org\",\"@graph\":[{\"@type\":\"WebPage\",\"@id\":\"https:\/\/aptus-holland.com\/it\/lapproccio-aptus\/\",\"url\":\"https:\/\/aptus-holland.com\/it\/lapproccio-aptus\/\",\"name\":\"L\u2019approccio Aptus | Aptus Holland | Aptus Plant Tech\",\"isPartOf\":{\"@id\":\"https:\/\/aptus-holland.com\/it\/#website\"},\"primaryImageOfPage\":{\"@id\":\"https:\/\/aptus-holland.com\/it\/lapproccio-aptus\/#primaryimage\"},\"image\":{\"@id\":\"https:\/\/aptus-holland.com\/it\/lapproccio-aptus\/#primaryimage\"},\"thumbnailUrl\":\"http:\/\/aptus-holland.com\/wp-content\/uploads\/2021\/07\/aptus-approach-aptus-holland.png\",\"datePublished\":\"2021-07-23T14:22:22+00:00\",\"dateModified\":\"2023-08-21T10:48:37+00:00\",\"description\":\"L'approccio di Aptus \u00e8 quello di fornire prodotti e formazione di qualit\u00e0 uniforme che migliorino la produzione e la capacit\u00e0 di coltivazione dei coltivatori.\",\"breadcrumb\":{\"@id\":\"https:\/\/aptus-holland.com\/it\/lapproccio-aptus\/#breadcrumb\"},\"inLanguage\":\"it-IT\",\"potentialAction\":[{\"@type\":\"ReadAction\",\"target\":[\"https:\/\/aptus-holland.com\/it\/lapproccio-aptus\/\"]}]},{\"@type\":\"ImageObject\",\"inLanguage\":\"it-IT\",\"@id\":\"https:\/\/aptus-holland.com\/it\/lapproccio-aptus\/#primaryimage\",\"url\":\"http:\/\/aptus-holland.com\/wp-content\/uploads\/2021\/07\/aptus-approach-aptus-holland.png\",\"contentUrl\":\"http:\/\/aptus-holland.com\/wp-content\/uploads\/2021\/07\/aptus-approach-aptus-holland.png\"},{\"@type\":\"BreadcrumbList\",\"@id\":\"https:\/\/aptus-holland.com\/it\/lapproccio-aptus\/#breadcrumb\",\"itemListElement\":[{\"@type\":\"ListItem\",\"position\":1,\"name\":\"Home\",\"item\":\"https:\/\/aptus-holland.com\/it\/\"},{\"@type\":\"ListItem\",\"position\":2,\"name\":\"L\u2019approccio Aptus\"}]},{\"@type\":\"WebSite\",\"@id\":\"https:\/\/aptus-holland.com\/it\/#website\",\"url\":\"https:\/\/aptus-holland.com\/it\/\",\"name\":\"Aptus Holland\",\"description\":\"Plant Tech\",\"publisher\":{\"@id\":\"https:\/\/aptus-holland.com\/it\/#organization\"},\"potentialAction\":[{\"@type\":\"SearchAction\",\"target\":{\"@type\":\"EntryPoint\",\"urlTemplate\":\"https:\/\/aptus-holland.com\/it\/?s={search_term_string}\"},\"query-input\":{\"@type\":\"PropertyValueSpecification\",\"valueRequired\":true,\"valueName\":\"search_term_string\"}}],\"inLanguage\":\"it-IT\"},{\"@type\":\"Organization\",\"@id\":\"https:\/\/aptus-holland.com\/it\/#organization\",\"name\":\"Aptus Holland\",\"url\":\"https:\/\/aptus-holland.com\/it\/\",\"logo\":{\"@type\":\"ImageObject\",\"inLanguage\":\"it-IT\",\"@id\":\"https:\/\/aptus-holland.com\/it\/#\/schema\/logo\/image\/\",\"url\":\"https:\/\/aptus-holland.com\/wp-content\/uploads\/2021\/07\/logo-aptus-holland.png\",\"contentUrl\":\"https:\/\/aptus-holland.com\/wp-content\/uploads\/2021\/07\/logo-aptus-holland.png\",\"width\":365,\"height\":200,\"caption\":\"Aptus Holland\"},\"image\":{\"@id\":\"https:\/\/aptus-holland.com\/it\/#\/schema\/logo\/image\/\"}}]}<\/script>\n<!-- \/ Yoast SEO plugin. -->","yoast_head_json":{"title":"L\u2019approccio Aptus | Aptus Holland | Aptus Plant Tech","description":"L'approccio di Aptus \u00e8 quello di fornire prodotti e formazione di qualit\u00e0 uniforme che migliorino la produzione e la capacit\u00e0 di coltivazione dei coltivatori.","robots":{"index":"index","follow":"follow","max-snippet":"max-snippet:-1","max-image-preview":"max-image-preview:large","max-video-preview":"max-video-preview:-1"},"canonical":"https:\/\/aptus-holland.com\/it\/lapproccio-aptus\/","og_locale":"it_IT","og_type":"article","og_title":"L\u2019approccio Aptus | Aptus Holland | Aptus Plant Tech","og_description":"L'approccio di Aptus \u00e8 quello di fornire prodotti e formazione di qualit\u00e0 uniforme che migliorino la produzione e la capacit\u00e0 di coltivazione dei coltivatori.","og_url":"https:\/\/aptus-holland.com\/it\/lapproccio-aptus\/","og_site_name":"Aptus Holland","article_modified_time":"2023-08-21T10:48:37+00:00","og_image":[{"url":"http:\/\/aptus-holland.com\/wp-content\/uploads\/2021\/07\/aptus-approach-aptus-holland.png","type":"","width":"","height":""}],"twitter_card":"summary_large_image","twitter_misc":{"Tempo di lettura stimato":"1 minuto"},"schema":{"@context":"https:\/\/schema.org","@graph":[{"@type":"WebPage","@id":"https:\/\/aptus-holland.com\/it\/lapproccio-aptus\/","url":"https:\/\/aptus-holland.com\/it\/lapproccio-aptus\/","name":"L\u2019approccio Aptus | Aptus Holland | Aptus Plant Tech","isPartOf":{"@id":"https:\/\/aptus-holland.com\/it\/#website"},"primaryImageOfPage":{"@id":"https:\/\/aptus-holland.com\/it\/lapproccio-aptus\/#primaryimage"},"image":{"@id":"https:\/\/aptus-holland.com\/it\/lapproccio-aptus\/#primaryimage"},"thumbnailUrl":"http:\/\/aptus-holland.com\/wp-content\/uploads\/2021\/07\/aptus-approach-aptus-holland.png","datePublished":"2021-07-23T14:22:22+00:00","dateModified":"2023-08-21T10:48:37+00:00","description":"L'approccio di Aptus \u00e8 quello di fornire prodotti e formazione di qualit\u00e0 uniforme che migliorino la produzione e la capacit\u00e0 di coltivazione dei coltivatori.","breadcrumb":{"@id":"https:\/\/aptus-holland.com\/it\/lapproccio-aptus\/#breadcrumb"},"inLanguage":"it-IT","potentialAction":[{"@type":"ReadAction","target":["https:\/\/aptus-holland.com\/it\/lapproccio-aptus\/"]}]},{"@type":"ImageObject","inLanguage":"it-IT","@id":"https:\/\/aptus-holland.com\/it\/lapproccio-aptus\/#primaryimage","url":"http:\/\/aptus-holland.com\/wp-content\/uploads\/2021\/07\/aptus-approach-aptus-holland.png","contentUrl":"http:\/\/aptus-holland.com\/wp-content\/uploads\/2021\/07\/aptus-approach-aptus-holland.png"},{"@type":"BreadcrumbList","@id":"https:\/\/aptus-holland.com\/it\/lapproccio-aptus\/#breadcrumb","itemListElement":[{"@type":"ListItem","position":1,"name":"Home","item":"https:\/\/aptus-holland.com\/it\/"},{"@type":"ListItem","position":2,"name":"L\u2019approccio Aptus"}]},{"@type":"WebSite","@id":"https:\/\/aptus-holland.com\/it\/#website","url":"https:\/\/aptus-holland.com\/it\/","name":"Aptus Holland","description":"Plant Tech","publisher":{"@id":"https:\/\/aptus-holland.com\/it\/#organization"},"potentialAction":[{"@type":"SearchAction","target":{"@type":"EntryPoint","urlTemplate":"https:\/\/aptus-holland.com\/it\/?s={search_term_string}"},"query-input":{"@type":"PropertyValueSpecification","valueRequired":true,"valueName":"search_term_string"}}],"inLanguage":"it-IT"},{"@type":"Organization","@id":"https:\/\/aptus-holland.com\/it\/#organization","name":"Aptus Holland","url":"https:\/\/aptus-holland.com\/it\/","logo":{"@type":"ImageObject","inLanguage":"it-IT","@id":"https:\/\/aptus-holland.com\/it\/#\/schema\/logo\/image\/","url":"https:\/\/aptus-holland.com\/wp-content\/uploads\/2021\/07\/logo-aptus-holland.png","contentUrl":"https:\/\/aptus-holland.com\/wp-content\/uploads\/2021\/07\/logo-aptus-holland.png","width":365,"height":200,"caption":"Aptus Holland"},"image":{"@id":"https:\/\/aptus-holland.com\/it\/#\/schema\/logo\/image\/"}}]}},"_links":{"self":[{"href":"https:\/\/aptus-holland.com\/it\/wp-json\/wp\/v2\/pages\/35198","targetHints":{"allow":["GET"]}}],"collection":[{"href":"https:\/\/aptus-holland.com\/it\/wp-json\/wp\/v2\/pages"}],"about":[{"href":"https:\/\/aptus-holland.com\/it\/wp-json\/wp\/v2\/types\/page"}],"author":[{"embeddable":true,"href":"https:\/\/aptus-holland.com\/it\/wp-json\/wp\/v2\/users\/2"}],"replies":[{"embeddable":true,"href":"https:\/\/aptus-holland.com\/it\/wp-json\/wp\/v2\/comments?post=35198"}],"version-history":[{"count":4,"href":"https:\/\/aptus-holland.com\/it\/wp-json\/wp\/v2\/pages\/35198\/revisions"}],"predecessor-version":[{"id":35202,"href":"https:\/\/aptus-holland.com\/it\/wp-json\/wp\/v2\/pages\/35198\/revisions\/35202"}],"wp:attachment":[{"href":"https:\/\/aptus-holland.com\/it\/wp-json\/wp\/v2\/media?parent=35198"}],"curies":[{"name":"wp","href":"https:\/\/api.w.org\/{rel}","templated":true}]}}