{"id":35185,"date":"2021-07-23T14:01:48","date_gmt":"2021-07-23T14:01:48","guid":{"rendered":"https:\/\/aptus-holland.com\/kernwaarden-van-ons-merk\/"},"modified":"2023-08-21T10:45:13","modified_gmt":"2023-08-21T10:45:13","slug":"pilastri-aziendali","status":"publish","type":"page","link":"https:\/\/aptus-holland.com\/it\/pilastri-aziendali\/","title":{"rendered":"Pilastri aziendali"},"content":{"rendered":"\t\t<div data-elementor-type=\"wp-page\" data-elementor-id=\"35185\" class=\"elementor elementor-35185 elementor-5274\" data-elementor-settings=\"[]\">\n\t\t\t\t\t\t\t<div class=\"elementor-section-wrap\">\n\t\t\t\t\t\t\t<section class=\"elementor-section elementor-top-section elementor-element elementor-element-7f3cbd8 elementor-section-content-middle ot-traditional elementor-section-boxed elementor-section-height-default elementor-section-height-default\" data-id=\"7f3cbd8\" data-element_type=\"section\" data-settings=\"{&quot;background_background&quot;:&quot;classic&quot;}\">\n\t\t\t\t\t\t<div class=\"elementor-container elementor-column-gap-extended\">\n\t\t\t\t\t<div class=\"elementor-column elementor-col-100 elementor-top-column elementor-element elementor-element-9fc2569 ot-flex-column-vertical\" data-id=\"9fc2569\" data-element_type=\"column\">\n\t\t\t<div class=\"elementor-widget-wrap elementor-element-populated\">\n\t\t\t\t\t\t\t\t<div class=\"elementor-element elementor-element-925ee15 elementor-widget elementor-widget-iheading\" data-id=\"925ee15\" data-element_type=\"widget\" data-widget_type=\"iheading.default\">\n\t\t\t\t<div class=\"elementor-widget-container\">\n\t\t\t\t\t<div class=\"ot-heading\">\r\n\t        <h2 class=\"main-heading\">Pilastri aziendali di Aptus Holland<\/h2>\t    <\/div>\r\n\t    \t\t<\/div>\n\t\t\t\t<\/div>\n\t\t\t\t<div class=\"elementor-element elementor-element-0f0c33b elementor-widget elementor-widget-text-editor\" data-id=\"0f0c33b\" data-element_type=\"widget\" data-widget_type=\"text-editor.default\">\n\t\t\t\t<div class=\"elementor-widget-container\">\n\t\t\t\t\t\t\t\t<p>In tutto quello che facciamo vogliamo raggiungere l\u2019eccellenza. Questo vale per i nostri concimi, per il servizio clienti, la qualit\u00e0 della nostra immagine pubblica e i nostri valori. I nostri tre pilastri principali come azienda sono:<\/p>\t\t\t\t\t\t<\/div>\n\t\t\t\t<\/div>\n\t\t\t\t\t<\/div>\n\t\t<\/div>\n\t\t\t\t\t\t\t<\/div>\n\t\t<\/section>\n\t\t\t\t<section class=\"elementor-section elementor-top-section elementor-element elementor-element-cb4074c ot-traditional elementor-section-boxed elementor-section-height-default elementor-section-height-default\" data-id=\"cb4074c\" data-element_type=\"section\">\n\t\t\t\t\t\t<div class=\"elementor-container elementor-column-gap-extended\">\n\t\t\t\t\t<div class=\"elementor-column elementor-col-33 elementor-top-column elementor-element elementor-element-ccf0919 ot-flex-column-vertical\" data-id=\"ccf0919\" data-element_type=\"column\">\n\t\t\t<div class=\"elementor-widget-wrap elementor-element-populated\">\n\t\t\t\t\t\t\t\t<div class=\"elementor-element elementor-element-2af5947 elementor-widget elementor-widget-text-editor\" data-id=\"2af5947\" data-element_type=\"widget\" data-widget_type=\"text-editor.default\">\n\t\t\t\t<div class=\"elementor-widget-container\">\n\t\t\t\t\t\t\t\t<p><strong>Formazione<\/strong> \u2013 Tutto ci\u00f2 che facciamo inizia con un\u2019adeguata formazione. Ci concentriamo sui benefici (reali) dell\u2019elevare al massimo il potenziale genetico della pianta grazie a tecnologie di nutrizione su base scientifica. Il nostro pi\u00f9 grande desiderio \u00e8 creare una comunit\u00e0 di produttori che comprendano perch\u00e9 possono ottenere produzioni migliori con una qualit\u00e0 e un valore nutritivo superiori.<\/p>\t\t\t\t\t\t<\/div>\n\t\t\t\t<\/div>\n\t\t\t\t\t<\/div>\n\t\t<\/div>\n\t\t\t\t<div class=\"elementor-column elementor-col-33 elementor-top-column elementor-element elementor-element-ce67559 ot-flex-column-vertical\" data-id=\"ce67559\" data-element_type=\"column\">\n\t\t\t<div class=\"elementor-widget-wrap elementor-element-populated\">\n\t\t\t\t\t\t\t\t<div class=\"elementor-element elementor-element-7ecd464 elementor-widget elementor-widget-text-editor\" data-id=\"7ecd464\" data-element_type=\"widget\" data-widget_type=\"text-editor.default\">\n\t\t\t\t<div class=\"elementor-widget-container\">\n\t\t\t\t\t\t\t\t<p><strong>Qualit\u00e0<\/strong> \u2013 Controlliamo costantemente la qualit\u00e0 dei nostri ingredienti, i canali di distribuzione e il personale. I produttori possono essere certi che, con i prodotti Aptus, le loro piante non saranno mai trattate con sostanze sintetiche o dannose, ma solo con sostanze nutritive naturali. Tutti gli ingredienti sono della migliore qualit\u00e0 e della massima purezza.<\/p><p>Sono prodotti e ulteriormente trasformati in un ambiente certificato ISO 9001: 2015.<\/p>\t\t\t\t\t\t<\/div>\n\t\t\t\t<\/div>\n\t\t\t\t\t<\/div>\n\t\t<\/div>\n\t\t\t\t<div class=\"elementor-column elementor-col-33 elementor-top-column elementor-element elementor-element-01a7900 ot-flex-column-vertical\" data-id=\"01a7900\" data-element_type=\"column\">\n\t\t\t<div class=\"elementor-widget-wrap elementor-element-populated\">\n\t\t\t\t\t\t\t\t<div class=\"elementor-element elementor-element-b32117a elementor-widget elementor-widget-text-editor\" data-id=\"b32117a\" data-element_type=\"widget\" data-widget_type=\"text-editor.default\">\n\t\t\t\t<div class=\"elementor-widget-container\">\n\t\t\t\t\t\t\t\t<p><strong>Valore<\/strong> \u2013 L\u2019elevata concentrazione delle formulazioni dei nostri concimi significa ridurre i costi di utilizzo e gli sprechi. <\/p>\t\t\t\t\t\t<\/div>\n\t\t\t\t<\/div>\n\t\t\t\t\t<\/div>\n\t\t<\/div>\n\t\t\t\t\t\t\t<\/div>\n\t\t<\/section>\n\t\t\t\t<section class=\"elementor-section elementor-top-section elementor-element elementor-element-d0ab106 ot-traditional elementor-section-boxed elementor-section-height-default elementor-section-height-default\" data-id=\"d0ab106\" data-element_type=\"section\">\n\t\t\t\t\t\t<div class=\"elementor-container elementor-column-gap-extended\">\n\t\t\t\t\t<div class=\"elementor-column elementor-col-100 elementor-top-column elementor-element elementor-element-be3a76d ot-flex-column-vertical\" data-id=\"be3a76d\" data-element_type=\"column\">\n\t\t\t<div class=\"elementor-widget-wrap elementor-element-populated\">\n\t\t\t\t\t\t\t\t<div class=\"elementor-element elementor-element-59da2f1 elementor-widget elementor-widget-text-editor\" data-id=\"59da2f1\" data-element_type=\"widget\" data-widget_type=\"text-editor.default\">\n\t\t\t\t<div class=\"elementor-widget-container\">\n\t\t\t\t\t\t\t\t<p>In genere, i produttori ottengono produzioni pi\u00f9 abbondanti e di migliore qualit\u00e0 a costi inferiori.<\/p>\t\t\t\t\t\t<\/div>\n\t\t\t\t<\/div>\n\t\t\t\t\t<\/div>\n\t\t<\/div>\n\t\t\t\t\t\t\t<\/div>\n\t\t<\/section>\n\t\t\t\t\t\t<\/div>\n\t\t\t\t\t<\/div>\n\t\t","protected":false},"excerpt":{"rendered":"<p>Pilastri aziendali di Aptus Holland In tutto quello che facciamo vogliamo raggiungere l\u2019eccellenza. Questo vale per i nostri concimi, per il servizio clienti, la qualit\u00e0 della nostra immagine pubblica e i nostri valori. I nostri tre pilastri principali come azienda sono: Formazione \u2013 Tutto ci\u00f2 che facciamo inizia con un\u2019adeguata formazione. Ci concentriamo sui benefici [&hellip;]<\/p>\n","protected":false},"author":2,"featured_media":0,"parent":0,"menu_order":0,"comment_status":"closed","ping_status":"closed","template":"","meta":{"_monsterinsights_skip_tracking":false,"_monsterinsights_sitenote_active":false,"_monsterinsights_sitenote_note":"","_monsterinsights_sitenote_category":0,"footnotes":""},"class_list":["post-35185","page","type-page","status-publish","hentry"],"yoast_head":"<!-- This site is optimized with the Yoast SEO plugin v27.0 - https:\/\/yoast.com\/product\/yoast-seo-wordpress\/ -->\n<title>Pilastri aziendali | Aptus Holland | Aptus Plant Tech<\/title>\n<meta name=\"description\" content=\"Puntiamo all&#039;eccellenza in tutto ci\u00f2 che facciamo. Ecco perch\u00e9 abbiamo tre pilastri caratteristici. Maggiori informazioni sui pilastri di Aptus Holland qui.\" \/>\n<meta name=\"robots\" content=\"index, follow, max-snippet:-1, max-image-preview:large, max-video-preview:-1\" \/>\n<link rel=\"canonical\" href=\"https:\/\/aptus-holland.com\/it\/pilastri-aziendali\/\" \/>\n<meta property=\"og:locale\" content=\"it_IT\" \/>\n<meta property=\"og:type\" content=\"article\" \/>\n<meta property=\"og:title\" content=\"Pilastri aziendali | Aptus Holland | Aptus Plant Tech\" \/>\n<meta property=\"og:description\" content=\"Puntiamo all&#039;eccellenza in tutto ci\u00f2 che facciamo. Ecco perch\u00e9 abbiamo tre pilastri caratteristici. Maggiori informazioni sui pilastri di Aptus Holland qui.\" \/>\n<meta property=\"og:url\" content=\"https:\/\/aptus-holland.com\/it\/pilastri-aziendali\/\" \/>\n<meta property=\"og:site_name\" content=\"Aptus Holland\" \/>\n<meta property=\"article:modified_time\" content=\"2023-08-21T10:45:13+00:00\" \/>\n<meta name=\"twitter:card\" content=\"summary_large_image\" \/>\n<meta name=\"twitter:label1\" content=\"Tempo di lettura stimato\" \/>\n\t<meta name=\"twitter:data1\" content=\"2 minuti\" \/>\n<script type=\"application\/ld+json\" class=\"yoast-schema-graph\">{\"@context\":\"https:\/\/schema.org\",\"@graph\":[{\"@type\":\"WebPage\",\"@id\":\"https:\/\/aptus-holland.com\/it\/pilastri-aziendali\/\",\"url\":\"https:\/\/aptus-holland.com\/it\/pilastri-aziendali\/\",\"name\":\"Pilastri aziendali | Aptus Holland | Aptus Plant Tech\",\"isPartOf\":{\"@id\":\"https:\/\/aptus-holland.com\/it\/#website\"},\"datePublished\":\"2021-07-23T14:01:48+00:00\",\"dateModified\":\"2023-08-21T10:45:13+00:00\",\"description\":\"Puntiamo all'eccellenza in tutto ci\u00f2 che facciamo. Ecco perch\u00e9 abbiamo tre pilastri caratteristici. Maggiori informazioni sui pilastri di Aptus Holland qui.\",\"breadcrumb\":{\"@id\":\"https:\/\/aptus-holland.com\/it\/pilastri-aziendali\/#breadcrumb\"},\"inLanguage\":\"it-IT\",\"potentialAction\":[{\"@type\":\"ReadAction\",\"target\":[\"https:\/\/aptus-holland.com\/it\/pilastri-aziendali\/\"]}]},{\"@type\":\"BreadcrumbList\",\"@id\":\"https:\/\/aptus-holland.com\/it\/pilastri-aziendali\/#breadcrumb\",\"itemListElement\":[{\"@type\":\"ListItem\",\"position\":1,\"name\":\"Home\",\"item\":\"https:\/\/aptus-holland.com\/it\/\"},{\"@type\":\"ListItem\",\"position\":2,\"name\":\"Pilastri aziendali\"}]},{\"@type\":\"WebSite\",\"@id\":\"https:\/\/aptus-holland.com\/it\/#website\",\"url\":\"https:\/\/aptus-holland.com\/it\/\",\"name\":\"Aptus Holland\",\"description\":\"Plant Tech\",\"publisher\":{\"@id\":\"https:\/\/aptus-holland.com\/it\/#organization\"},\"potentialAction\":[{\"@type\":\"SearchAction\",\"target\":{\"@type\":\"EntryPoint\",\"urlTemplate\":\"https:\/\/aptus-holland.com\/it\/?s={search_term_string}\"},\"query-input\":{\"@type\":\"PropertyValueSpecification\",\"valueRequired\":true,\"valueName\":\"search_term_string\"}}],\"inLanguage\":\"it-IT\"},{\"@type\":\"Organization\",\"@id\":\"https:\/\/aptus-holland.com\/it\/#organization\",\"name\":\"Aptus Holland\",\"url\":\"https:\/\/aptus-holland.com\/it\/\",\"logo\":{\"@type\":\"ImageObject\",\"inLanguage\":\"it-IT\",\"@id\":\"https:\/\/aptus-holland.com\/it\/#\/schema\/logo\/image\/\",\"url\":\"https:\/\/aptus-holland.com\/wp-content\/uploads\/2021\/07\/logo-aptus-holland.png\",\"contentUrl\":\"https:\/\/aptus-holland.com\/wp-content\/uploads\/2021\/07\/logo-aptus-holland.png\",\"width\":365,\"height\":200,\"caption\":\"Aptus Holland\"},\"image\":{\"@id\":\"https:\/\/aptus-holland.com\/it\/#\/schema\/logo\/image\/\"}}]}<\/script>\n<!-- \/ Yoast SEO plugin. -->","yoast_head_json":{"title":"Pilastri aziendali | Aptus Holland | Aptus Plant Tech","description":"Puntiamo all'eccellenza in tutto ci\u00f2 che facciamo. Ecco perch\u00e9 abbiamo tre pilastri caratteristici. Maggiori informazioni sui pilastri di Aptus Holland qui.","robots":{"index":"index","follow":"follow","max-snippet":"max-snippet:-1","max-image-preview":"max-image-preview:large","max-video-preview":"max-video-preview:-1"},"canonical":"https:\/\/aptus-holland.com\/it\/pilastri-aziendali\/","og_locale":"it_IT","og_type":"article","og_title":"Pilastri aziendali | Aptus Holland | Aptus Plant Tech","og_description":"Puntiamo all'eccellenza in tutto ci\u00f2 che facciamo. Ecco perch\u00e9 abbiamo tre pilastri caratteristici. Maggiori informazioni sui pilastri di Aptus Holland qui.","og_url":"https:\/\/aptus-holland.com\/it\/pilastri-aziendali\/","og_site_name":"Aptus Holland","article_modified_time":"2023-08-21T10:45:13+00:00","twitter_card":"summary_large_image","twitter_misc":{"Tempo di lettura stimato":"2 minuti"},"schema":{"@context":"https:\/\/schema.org","@graph":[{"@type":"WebPage","@id":"https:\/\/aptus-holland.com\/it\/pilastri-aziendali\/","url":"https:\/\/aptus-holland.com\/it\/pilastri-aziendali\/","name":"Pilastri aziendali | Aptus Holland | Aptus Plant Tech","isPartOf":{"@id":"https:\/\/aptus-holland.com\/it\/#website"},"datePublished":"2021-07-23T14:01:48+00:00","dateModified":"2023-08-21T10:45:13+00:00","description":"Puntiamo all'eccellenza in tutto ci\u00f2 che facciamo. Ecco perch\u00e9 abbiamo tre pilastri caratteristici. Maggiori informazioni sui pilastri di Aptus Holland qui.","breadcrumb":{"@id":"https:\/\/aptus-holland.com\/it\/pilastri-aziendali\/#breadcrumb"},"inLanguage":"it-IT","potentialAction":[{"@type":"ReadAction","target":["https:\/\/aptus-holland.com\/it\/pilastri-aziendali\/"]}]},{"@type":"BreadcrumbList","@id":"https:\/\/aptus-holland.com\/it\/pilastri-aziendali\/#breadcrumb","itemListElement":[{"@type":"ListItem","position":1,"name":"Home","item":"https:\/\/aptus-holland.com\/it\/"},{"@type":"ListItem","position":2,"name":"Pilastri aziendali"}]},{"@type":"WebSite","@id":"https:\/\/aptus-holland.com\/it\/#website","url":"https:\/\/aptus-holland.com\/it\/","name":"Aptus Holland","description":"Plant Tech","publisher":{"@id":"https:\/\/aptus-holland.com\/it\/#organization"},"potentialAction":[{"@type":"SearchAction","target":{"@type":"EntryPoint","urlTemplate":"https:\/\/aptus-holland.com\/it\/?s={search_term_string}"},"query-input":{"@type":"PropertyValueSpecification","valueRequired":true,"valueName":"search_term_string"}}],"inLanguage":"it-IT"},{"@type":"Organization","@id":"https:\/\/aptus-holland.com\/it\/#organization","name":"Aptus Holland","url":"https:\/\/aptus-holland.com\/it\/","logo":{"@type":"ImageObject","inLanguage":"it-IT","@id":"https:\/\/aptus-holland.com\/it\/#\/schema\/logo\/image\/","url":"https:\/\/aptus-holland.com\/wp-content\/uploads\/2021\/07\/logo-aptus-holland.png","contentUrl":"https:\/\/aptus-holland.com\/wp-content\/uploads\/2021\/07\/logo-aptus-holland.png","width":365,"height":200,"caption":"Aptus Holland"},"image":{"@id":"https:\/\/aptus-holland.com\/it\/#\/schema\/logo\/image\/"}}]}},"_links":{"self":[{"href":"https:\/\/aptus-holland.com\/it\/wp-json\/wp\/v2\/pages\/35185","targetHints":{"allow":["GET"]}}],"collection":[{"href":"https:\/\/aptus-holland.com\/it\/wp-json\/wp\/v2\/pages"}],"about":[{"href":"https:\/\/aptus-holland.com\/it\/wp-json\/wp\/v2\/types\/page"}],"author":[{"embeddable":true,"href":"https:\/\/aptus-holland.com\/it\/wp-json\/wp\/v2\/users\/2"}],"replies":[{"embeddable":true,"href":"https:\/\/aptus-holland.com\/it\/wp-json\/wp\/v2\/comments?post=35185"}],"version-history":[{"count":4,"href":"https:\/\/aptus-holland.com\/it\/wp-json\/wp\/v2\/pages\/35185\/revisions"}],"predecessor-version":[{"id":35192,"href":"https:\/\/aptus-holland.com\/it\/wp-json\/wp\/v2\/pages\/35185\/revisions\/35192"}],"wp:attachment":[{"href":"https:\/\/aptus-holland.com\/it\/wp-json\/wp\/v2\/media?parent=35185"}],"curies":[{"name":"wp","href":"https:\/\/api.w.org\/{rel}","templated":true}]}}