{"id":39505,"date":"2025-04-22T13:33:55","date_gmt":"2025-04-22T13:33:55","guid":{"rendered":"https:\/\/aptus-holland.com\/find-your-program\/"},"modified":"2025-05-07T14:13:46","modified_gmt":"2025-05-07T14:13:46","slug":"trouvez-votre-programme-ideal","status":"publish","type":"page","link":"https:\/\/aptus-holland.com\/fr\/trouvez-votre-programme-ideal\/","title":{"rendered":"Trouvez votre Programme Id\u00e9al"},"content":{"rendered":"\t\t<div data-elementor-type=\"wp-page\" data-elementor-id=\"39505\" class=\"elementor elementor-39505 elementor-38948\" data-elementor-settings=\"[]\">\n\t\t\t\t\t\t\t<div class=\"elementor-section-wrap\">\n\t\t\t\t\t\t\t<section class=\"elementor-section elementor-top-section elementor-element elementor-element-cb4074c elementor-section-full_width ot-traditional elementor-section-height-default elementor-section-height-default\" data-id=\"cb4074c\" data-element_type=\"section\">\n\t\t\t\t\t\t<div class=\"elementor-container elementor-column-gap-extended\">\n\t\t\t\t\t<div class=\"elementor-column elementor-col-100 elementor-top-column elementor-element elementor-element-9e78e1d ot-flex-column-vertical elementor-invisible\" data-id=\"9e78e1d\" data-element_type=\"column\" data-settings=\"{&quot;background_background&quot;:&quot;classic&quot;,&quot;animation&quot;:&quot;fadeInRight&quot;}\">\n\t\t\t<div class=\"elementor-widget-wrap elementor-element-populated\">\n\t\t\t\t\t\t\t\t<div class=\"elementor-element elementor-element-925ee15 elementor-widget elementor-widget-iheading\" data-id=\"925ee15\" data-element_type=\"widget\" data-widget_type=\"iheading.default\">\n\t\t\t\t<div class=\"elementor-widget-container\">\n\t\t\t\t\t<div class=\"ot-heading\">\r\n\t        \t            <span>\/\/ TROUVEZ VOTRE PROGRAMME \u2013 Page En Savoir Plus<\/span>\r\n\t        <h2 class=\"main-heading\">Quel Programme De Nutriments Vous Convient Le Mieux?<\/h2>\t    <\/div>\r\n\t    \t\t<\/div>\n\t\t\t\t<\/div>\n\t\t\t\t<div class=\"elementor-element elementor-element-f9ab05f elementor-widget elementor-widget-text-editor\" data-id=\"f9ab05f\" data-element_type=\"widget\" data-widget_type=\"text-editor.default\">\n\t\t\t\t<div class=\"elementor-widget-container\">\n\t\t\t\t\t\t\t\t<p>Vous ne savez pas par o\u00f9 commencer ? Voici un guide rapide pour vous aider \u00e0 choisir le programme de nutriments Aptus adapt\u00e9 \u00e0 votre installation et \u00e0 vos objectifs.<\/p>\t\t\t\t\t\t<\/div>\n\t\t\t\t<\/div>\n\t\t\t\t\t<\/div>\n\t\t<\/div>\n\t\t\t\t\t\t\t<\/div>\n\t\t<\/section>\n\t\t\t\t<section class=\"elementor-section elementor-top-section elementor-element elementor-element-1322bbd ot-traditional elementor-section-boxed elementor-section-height-default elementor-section-height-default\" data-id=\"1322bbd\" data-element_type=\"section\">\n\t\t\t\t\t\t<div class=\"elementor-container elementor-column-gap-wide\">\n\t\t\t\t\t<div class=\"elementor-column elementor-col-33 elementor-top-column elementor-element elementor-element-48af011 ot-column-items-top ot-flex-column-vertical\" data-id=\"48af011\" data-element_type=\"column\">\n\t\t\t<div class=\"elementor-widget-wrap elementor-element-populated\">\n\t\t\t\t\t\t\t\t<div class=\"elementor-element elementor-element-76cb805 elementor-widget elementor-widget-image\" data-id=\"76cb805\" data-element_type=\"widget\" data-widget_type=\"image.default\">\n\t\t\t\t<div class=\"elementor-widget-container\">\n\t\t\t\t\t\t\t\t\t\t\t\t\t\t\t<img loading=\"lazy\" decoding=\"async\" width=\"900\" height=\"900\" src=\"https:\/\/aptus-holland.com\/wp-content\/uploads\/2025\/05\/img-premium-organo.webp\" class=\"attachment-full size-full\" alt=\"\" srcset=\"https:\/\/aptus-holland.com\/wp-content\/uploads\/2025\/05\/img-premium-organo.webp 900w, https:\/\/aptus-holland.com\/wp-content\/uploads\/2025\/05\/img-premium-organo-300x300.webp 300w, https:\/\/aptus-holland.com\/wp-content\/uploads\/2025\/05\/img-premium-organo-150x150.webp 150w, https:\/\/aptus-holland.com\/wp-content\/uploads\/2025\/05\/img-premium-organo-768x768.webp 768w, https:\/\/aptus-holland.com\/wp-content\/uploads\/2025\/05\/img-premium-organo-720x720.webp 720w, https:\/\/aptus-holland.com\/wp-content\/uploads\/2025\/05\/img-premium-organo-24x24.webp 24w, https:\/\/aptus-holland.com\/wp-content\/uploads\/2025\/05\/img-premium-organo-36x36.webp 36w, https:\/\/aptus-holland.com\/wp-content\/uploads\/2025\/05\/img-premium-organo-48x48.webp 48w\" sizes=\"auto, (max-width: 900px) 100vw, 900px\" \/>\t\t\t\t\t\t\t\t\t\t\t\t\t\t\t<\/div>\n\t\t\t\t<\/div>\n\t\t\t\t<div class=\"elementor-element elementor-element-204b212 elementor-widget elementor-widget-text-editor\" data-id=\"204b212\" data-element_type=\"widget\" data-widget_type=\"text-editor.default\">\n\t\t\t\t<div class=\"elementor-widget-container\">\n\t\t\t\t\t\t\t\t<h5><strong>Premium<\/strong><\/h5><p><em>Pour un contr\u00f4le total et des r\u00e9sultats premium<\/em><\/p><ul><li>Hybride d&rsquo;apports organiques + min\u00e9raux<\/li><li>Con\u00e7u pour la production de fleurs et d&rsquo;extractions de haute qualit\u00e9<\/li><li>Id\u00e9al pour les cultivateurs artisanaux qui recherchent une qualit\u00e9 maximale<\/li><li>Changement du r\u00e9servoir tous les 1\u20133 jours<\/li><\/ul>\t\t\t\t\t\t<\/div>\n\t\t\t\t<\/div>\n\t\t\t\t<div class=\"elementor-element elementor-element-e1a7f1c elementor-align-left elementor-widget elementor-widget-ibutton\" data-id=\"e1a7f1c\" data-element_type=\"widget\" data-widget_type=\"ibutton.default\">\n\t\t\t\t<div class=\"elementor-widget-container\">\n\t\t\t\t\t<div class=\"ot-button\">\r\n\t\t\t<a href=\"\/fr\/premium-programs\/\" class=\"octf-btn octf-btn-primary\">Explorer le <br>Premium Program<\/a>\r\n\t    <\/div>\r\n\t    \t\t<\/div>\n\t\t\t\t<\/div>\n\t\t\t\t\t<\/div>\n\t\t<\/div>\n\t\t\t\t<div class=\"elementor-column elementor-col-33 elementor-top-column elementor-element elementor-element-a8e29d7 ot-column-items-top ot-flex-column-vertical\" data-id=\"a8e29d7\" data-element_type=\"column\">\n\t\t\t<div class=\"elementor-widget-wrap elementor-element-populated\">\n\t\t\t\t\t\t\t\t<div class=\"elementor-element elementor-element-cf95874 elementor-widget elementor-widget-image\" data-id=\"cf95874\" data-element_type=\"widget\" data-widget_type=\"image.default\">\n\t\t\t\t<div class=\"elementor-widget-container\">\n\t\t\t\t\t\t\t\t\t\t\t\t\t\t\t<img loading=\"lazy\" decoding=\"async\" width=\"900\" height=\"900\" src=\"https:\/\/aptus-holland.com\/wp-content\/uploads\/2025\/05\/img-clean-mineral.webp\" class=\"attachment-full size-full\" alt=\"\" srcset=\"https:\/\/aptus-holland.com\/wp-content\/uploads\/2025\/05\/img-clean-mineral.webp 900w, https:\/\/aptus-holland.com\/wp-content\/uploads\/2025\/05\/img-clean-mineral-300x300.webp 300w, https:\/\/aptus-holland.com\/wp-content\/uploads\/2025\/05\/img-clean-mineral-150x150.webp 150w, https:\/\/aptus-holland.com\/wp-content\/uploads\/2025\/05\/img-clean-mineral-768x768.webp 768w, https:\/\/aptus-holland.com\/wp-content\/uploads\/2025\/05\/img-clean-mineral-720x720.webp 720w, https:\/\/aptus-holland.com\/wp-content\/uploads\/2025\/05\/img-clean-mineral-24x24.webp 24w, https:\/\/aptus-holland.com\/wp-content\/uploads\/2025\/05\/img-clean-mineral-36x36.webp 36w, https:\/\/aptus-holland.com\/wp-content\/uploads\/2025\/05\/img-clean-mineral-48x48.webp 48w\" sizes=\"auto, (max-width: 900px) 100vw, 900px\" \/>\t\t\t\t\t\t\t\t\t\t\t\t\t\t\t<\/div>\n\t\t\t\t<\/div>\n\t\t\t\t<div class=\"elementor-element elementor-element-c455214 elementor-widget elementor-widget-text-editor\" data-id=\"c455214\" data-element_type=\"widget\" data-widget_type=\"text-editor.default\">\n\t\t\t\t<div class=\"elementor-widget-container\">\n\t\t\t\t\t\t\t\t<h5><strong>Clean<\/strong><\/h5><p>Pour des r\u00e9sultats faciles, efficaces et propres<\/p><ul><li>Formule 100 % min\u00e9rale, stable en pH<\/li><li>R\u00e9sidus minimaux, facile \u00e0 utiliser<\/li><li>Id\u00e9al pour les d\u00e9butants, les configurations hydroponiques ou ceux qui recherchent la simplicit\u00e9<\/li><li>Jusqu&rsquo;\u00e0 10 jours de fra\u00eecheur dans le r\u00e9servoir<\/li><\/ul>\t\t\t\t\t\t<\/div>\n\t\t\t\t<\/div>\n\t\t\t\t<div class=\"elementor-element elementor-element-2cc9d06 elementor-align-left elementor-widget elementor-widget-ibutton\" data-id=\"2cc9d06\" data-element_type=\"widget\" data-widget_type=\"ibutton.default\">\n\t\t\t\t<div class=\"elementor-widget-container\">\n\t\t\t\t\t<div class=\"ot-button\">\r\n\t\t\t<a href=\"\/fr\/clean-programs\/\" class=\"octf-btn octf-btn-primary\">Explorer le<br>Clean Program<\/a>\r\n\t    <\/div>\r\n\t    \t\t<\/div>\n\t\t\t\t<\/div>\n\t\t\t\t\t<\/div>\n\t\t<\/div>\n\t\t\t\t<div class=\"elementor-column elementor-col-33 elementor-top-column elementor-element elementor-element-a9a0079 ot-column-items-top ot-flex-column-vertical\" data-id=\"a9a0079\" data-element_type=\"column\">\n\t\t\t<div class=\"elementor-widget-wrap elementor-element-populated\">\n\t\t\t\t\t\t\t\t<div class=\"elementor-element elementor-element-06e6341 elementor-widget elementor-widget-image\" data-id=\"06e6341\" data-element_type=\"widget\" data-widget_type=\"image.default\">\n\t\t\t\t<div class=\"elementor-widget-container\">\n\t\t\t\t\t\t\t\t\t\t\t\t\t\t\t<img loading=\"lazy\" decoding=\"async\" width=\"900\" height=\"900\" src=\"https:\/\/aptus-holland.com\/wp-content\/uploads\/2025\/05\/img-soil-organic.webp\" class=\"attachment-full size-full\" alt=\"\" srcset=\"https:\/\/aptus-holland.com\/wp-content\/uploads\/2025\/05\/img-soil-organic.webp 900w, https:\/\/aptus-holland.com\/wp-content\/uploads\/2025\/05\/img-soil-organic-300x300.webp 300w, https:\/\/aptus-holland.com\/wp-content\/uploads\/2025\/05\/img-soil-organic-150x150.webp 150w, https:\/\/aptus-holland.com\/wp-content\/uploads\/2025\/05\/img-soil-organic-768x768.webp 768w, https:\/\/aptus-holland.com\/wp-content\/uploads\/2025\/05\/img-soil-organic-720x720.webp 720w, https:\/\/aptus-holland.com\/wp-content\/uploads\/2025\/05\/img-soil-organic-24x24.webp 24w, https:\/\/aptus-holland.com\/wp-content\/uploads\/2025\/05\/img-soil-organic-36x36.webp 36w, https:\/\/aptus-holland.com\/wp-content\/uploads\/2025\/05\/img-soil-organic-48x48.webp 48w\" sizes=\"auto, (max-width: 900px) 100vw, 900px\" \/>\t\t\t\t\t\t\t\t\t\t\t\t\t\t\t<\/div>\n\t\t\t\t<\/div>\n\t\t\t\t<div class=\"elementor-element elementor-element-d1c588f elementor-widget elementor-widget-text-editor\" data-id=\"d1c588f\" data-element_type=\"widget\" data-widget_type=\"text-editor.default\">\n\t\t\t\t<div class=\"elementor-widget-container\">\n\t\t\t\t\t\t\t\t<h5><strong>Super Soil <\/strong><\/h5><p><em>Pour le cultivateur naturel, sans complications<\/em><\/p><ul><li>Amendements secs organiques + soutien microbien<\/li><li>Con\u00e7u pour les syst\u00e8mes bas\u00e9s sur le sol, \u00e0 faible entretien<\/li><li>Il suffit d&rsquo;ajouter de l&rsquo;eau \u2013 id\u00e9al pour les pratiques durables et le sol vivant<\/li><\/ul>\t\t\t\t\t\t<\/div>\n\t\t\t\t<\/div>\n\t\t\t\t<div class=\"elementor-element elementor-element-7a4f460 elementor-align-left elementor-widget elementor-widget-ibutton\" data-id=\"7a4f460\" data-element_type=\"widget\" data-widget_type=\"ibutton.default\">\n\t\t\t\t<div class=\"elementor-widget-container\">\n\t\t\t\t\t<div class=\"ot-button\">\r\n\t\t\t<a href=\"\/fr\/super-soil-programs\/\" class=\"octf-btn octf-btn-primary\">Explorer le Super <br>Soil Program<\/a>\r\n\t    <\/div>\r\n\t    \t\t<\/div>\n\t\t\t\t<\/div>\n\t\t\t\t\t<\/div>\n\t\t<\/div>\n\t\t\t\t\t\t\t<\/div>\n\t\t<\/section>\n\t\t\t\t<section class=\"elementor-section elementor-top-section elementor-element elementor-element-64efcff groene-vlakken-producten elementor-section-full_width ot-traditional elementor-section-height-default elementor-section-height-default\" data-id=\"64efcff\" data-element_type=\"section\" data-settings=\"{&quot;background_background&quot;:&quot;classic&quot;}\">\n\t\t\t\t\t\t<div class=\"elementor-container elementor-column-gap-extended\">\n\t\t\t\t\t<div class=\"elementor-column elementor-col-100 elementor-top-column elementor-element elementor-element-af00bde ot-flex-column-vertical\" data-id=\"af00bde\" data-element_type=\"column\">\n\t\t\t<div class=\"elementor-widget-wrap elementor-element-populated\">\n\t\t\t\t\t\t\t\t<section class=\"elementor-section elementor-inner-section elementor-element elementor-element-f52de27 ot-traditional elementor-section-boxed elementor-section-height-default elementor-section-height-default\" data-id=\"f52de27\" data-element_type=\"section\">\n\t\t\t\t\t\t<div class=\"elementor-container elementor-column-gap-default\">\n\t\t\t\t\t<div class=\"elementor-column elementor-col-100 elementor-inner-column elementor-element elementor-element-f6ec26d ot-flex-column-vertical\" data-id=\"f6ec26d\" data-element_type=\"column\">\n\t\t\t<div class=\"elementor-widget-wrap elementor-element-populated\">\n\t\t\t\t\t\t\t\t<div class=\"elementor-element elementor-element-8775d6a elementor-widget elementor-widget-iheading\" data-id=\"8775d6a\" data-element_type=\"widget\" data-widget_type=\"iheading.default\">\n\t\t\t\t<div class=\"elementor-widget-container\">\n\t\t\t\t\t<div class=\"ot-heading\">\r\n\t        <h2 class=\"main-heading\">Vous n'\u00eates toujours pas s\u00fbr?<\/h2>\t    <\/div>\r\n\t    \t\t<\/div>\n\t\t\t\t<\/div>\n\t\t\t\t<div class=\"elementor-element elementor-element-c385351 elementor-widget elementor-widget-text-editor\" data-id=\"c385351\" data-element_type=\"widget\" data-widget_type=\"text-editor.default\">\n\t\t\t\t<div class=\"elementor-widget-container\">\n\t\t\t\t\t\t\t\t<p>Discutez avec nous ou t\u00e9l\u00e9chargez tous les programmes pour les comparer.<\/p>\t\t\t\t\t\t<\/div>\n\t\t\t\t<\/div>\n\t\t\t\t\t<\/div>\n\t\t<\/div>\n\t\t\t\t\t\t\t<\/div>\n\t\t<\/section>\n\t\t\t\t<div class=\"elementor-element elementor-element-bfb33b3 elementor-align-center elementor-widget elementor-widget-ibutton\" data-id=\"bfb33b3\" data-element_type=\"widget\" data-widget_type=\"ibutton.default\">\n\t\t\t\t<div class=\"elementor-widget-container\">\n\t\t\t\t\t<div class=\"ot-button\">\r\n\t\t\t<a href=\"\/fr\/programmes-dalimentation\/\" class=\"octf-btn octf-btn-primary\">T\u00e9l\u00e9charger Tous les <br>Programmes de Nutriments<\/a>\r\n\t    <\/div>\r\n\t    \t\t<\/div>\n\t\t\t\t<\/div>\n\t\t\t\t<div class=\"elementor-element elementor-element-c00021d elementor-align-center elementor-widget elementor-widget-ibutton\" data-id=\"c00021d\" data-element_type=\"widget\" data-widget_type=\"ibutton.default\">\n\t\t\t\t<div class=\"elementor-widget-container\">\n\t\t\t\t\t<div class=\"ot-button\">\r\n\t\t\t<a href=\"\/fr\/contact\/\" class=\"octf-btn octf-btn-primary\">Contacter Notre <br>\u00c9quipe de Support<\/a>\r\n\t    <\/div>\r\n\t    \t\t<\/div>\n\t\t\t\t<\/div>\n\t\t\t\t\t<\/div>\n\t\t<\/div>\n\t\t\t\t\t\t\t<\/div>\n\t\t<\/section>\n\t\t\t\t\t\t<\/div>\n\t\t\t\t\t<\/div>\n\t\t","protected":false},"excerpt":{"rendered":"<p>\/\/ TROUVEZ VOTRE PROGRAMME \u2013 Page En Savoir Plus Quel Programme De Nutriments Vous Convient Le Mieux? Vous ne savez pas par o\u00f9 commencer ? Voici un guide rapide pour vous aider \u00e0 choisir le programme de nutriments Aptus adapt\u00e9 \u00e0 votre installation et \u00e0 vos objectifs. Premium Pour un contr\u00f4le total et des r\u00e9sultats [&hellip;]<\/p>\n","protected":false},"author":2,"featured_media":0,"parent":0,"menu_order":0,"comment_status":"closed","ping_status":"closed","template":"","meta":{"_monsterinsights_skip_tracking":false,"_monsterinsights_sitenote_active":false,"_monsterinsights_sitenote_note":"","_monsterinsights_sitenote_category":0,"footnotes":""},"class_list":["post-39505","page","type-page","status-publish","hentry"],"yoast_head":"<!-- This site is optimized with the Yoast SEO plugin v27.0 - https:\/\/yoast.com\/product\/yoast-seo-wordpress\/ -->\n<title>Trouvez votre Programme Id\u00e9al | Aptus Holland | Aptus Plant Tech<\/title>\n<meta name=\"description\" content=\"D\u00e9couvrez-en plus sur le programme d\u2019alimentation Aptus Holland et choisissez le calendrier qui vous convient le mieux.\" \/>\n<meta name=\"robots\" content=\"index, follow, max-snippet:-1, max-image-preview:large, max-video-preview:-1\" \/>\n<link rel=\"canonical\" href=\"https:\/\/aptus-holland.com\/fr\/trouvez-votre-programme-ideal\/\" \/>\n<meta property=\"og:locale\" content=\"fr_FR\" \/>\n<meta property=\"og:type\" content=\"article\" \/>\n<meta property=\"og:title\" content=\"Trouvez votre Programme Id\u00e9al | Aptus Holland | Aptus Plant Tech\" \/>\n<meta property=\"og:description\" content=\"D\u00e9couvrez-en plus sur le programme d\u2019alimentation Aptus Holland et choisissez le calendrier qui vous convient le mieux.\" \/>\n<meta property=\"og:url\" content=\"https:\/\/aptus-holland.com\/fr\/trouvez-votre-programme-ideal\/\" \/>\n<meta property=\"og:site_name\" content=\"Aptus Holland\" \/>\n<meta property=\"article:modified_time\" content=\"2025-05-07T14:13:46+00:00\" \/>\n<meta property=\"og:image\" content=\"http:\/\/aptus-holland.com\/wp-content\/uploads\/2025\/05\/img-premium-organo.webp\" \/>\n<meta name=\"twitter:card\" content=\"summary_large_image\" \/>\n<meta name=\"twitter:label1\" content=\"Dur\u00e9e de lecture estim\u00e9e\" \/>\n\t<meta name=\"twitter:data1\" content=\"2 minutes\" \/>\n<script type=\"application\/ld+json\" class=\"yoast-schema-graph\">{\"@context\":\"https:\/\/schema.org\",\"@graph\":[{\"@type\":\"WebPage\",\"@id\":\"https:\/\/aptus-holland.com\/fr\/trouvez-votre-programme-ideal\/\",\"url\":\"https:\/\/aptus-holland.com\/fr\/trouvez-votre-programme-ideal\/\",\"name\":\"Trouvez votre Programme Id\u00e9al | Aptus Holland | Aptus Plant Tech\",\"isPartOf\":{\"@id\":\"https:\/\/aptus-holland.com\/fr\/#website\"},\"primaryImageOfPage\":{\"@id\":\"https:\/\/aptus-holland.com\/fr\/trouvez-votre-programme-ideal\/#primaryimage\"},\"image\":{\"@id\":\"https:\/\/aptus-holland.com\/fr\/trouvez-votre-programme-ideal\/#primaryimage\"},\"thumbnailUrl\":\"http:\/\/aptus-holland.com\/wp-content\/uploads\/2025\/05\/img-premium-organo.webp\",\"datePublished\":\"2025-04-22T13:33:55+00:00\",\"dateModified\":\"2025-05-07T14:13:46+00:00\",\"description\":\"D\u00e9couvrez-en plus sur le programme d\u2019alimentation Aptus Holland et choisissez le calendrier qui vous convient le mieux.\",\"breadcrumb\":{\"@id\":\"https:\/\/aptus-holland.com\/fr\/trouvez-votre-programme-ideal\/#breadcrumb\"},\"inLanguage\":\"fr-FR\",\"potentialAction\":[{\"@type\":\"ReadAction\",\"target\":[\"https:\/\/aptus-holland.com\/fr\/trouvez-votre-programme-ideal\/\"]}]},{\"@type\":\"ImageObject\",\"inLanguage\":\"fr-FR\",\"@id\":\"https:\/\/aptus-holland.com\/fr\/trouvez-votre-programme-ideal\/#primaryimage\",\"url\":\"http:\/\/aptus-holland.com\/wp-content\/uploads\/2025\/05\/img-premium-organo.webp\",\"contentUrl\":\"http:\/\/aptus-holland.com\/wp-content\/uploads\/2025\/05\/img-premium-organo.webp\"},{\"@type\":\"BreadcrumbList\",\"@id\":\"https:\/\/aptus-holland.com\/fr\/trouvez-votre-programme-ideal\/#breadcrumb\",\"itemListElement\":[{\"@type\":\"ListItem\",\"position\":1,\"name\":\"Home\",\"item\":\"https:\/\/aptus-holland.com\/fr\/\"},{\"@type\":\"ListItem\",\"position\":2,\"name\":\"Trouvez votre Programme Id\u00e9al\"}]},{\"@type\":\"WebSite\",\"@id\":\"https:\/\/aptus-holland.com\/fr\/#website\",\"url\":\"https:\/\/aptus-holland.com\/fr\/\",\"name\":\"Aptus Holland\",\"description\":\"Plant Tech\",\"publisher\":{\"@id\":\"https:\/\/aptus-holland.com\/fr\/#organization\"},\"potentialAction\":[{\"@type\":\"SearchAction\",\"target\":{\"@type\":\"EntryPoint\",\"urlTemplate\":\"https:\/\/aptus-holland.com\/fr\/?s={search_term_string}\"},\"query-input\":{\"@type\":\"PropertyValueSpecification\",\"valueRequired\":true,\"valueName\":\"search_term_string\"}}],\"inLanguage\":\"fr-FR\"},{\"@type\":\"Organization\",\"@id\":\"https:\/\/aptus-holland.com\/fr\/#organization\",\"name\":\"Aptus Holland\",\"url\":\"https:\/\/aptus-holland.com\/fr\/\",\"logo\":{\"@type\":\"ImageObject\",\"inLanguage\":\"fr-FR\",\"@id\":\"https:\/\/aptus-holland.com\/fr\/#\/schema\/logo\/image\/\",\"url\":\"https:\/\/aptus-holland.com\/wp-content\/uploads\/2021\/07\/logo-aptus-holland.png\",\"contentUrl\":\"https:\/\/aptus-holland.com\/wp-content\/uploads\/2021\/07\/logo-aptus-holland.png\",\"width\":365,\"height\":200,\"caption\":\"Aptus Holland\"},\"image\":{\"@id\":\"https:\/\/aptus-holland.com\/fr\/#\/schema\/logo\/image\/\"}}]}<\/script>\n<!-- \/ Yoast SEO plugin. -->","yoast_head_json":{"title":"Trouvez votre Programme Id\u00e9al | Aptus Holland | Aptus Plant Tech","description":"D\u00e9couvrez-en plus sur le programme d\u2019alimentation Aptus Holland et choisissez le calendrier qui vous convient le mieux.","robots":{"index":"index","follow":"follow","max-snippet":"max-snippet:-1","max-image-preview":"max-image-preview:large","max-video-preview":"max-video-preview:-1"},"canonical":"https:\/\/aptus-holland.com\/fr\/trouvez-votre-programme-ideal\/","og_locale":"fr_FR","og_type":"article","og_title":"Trouvez votre Programme Id\u00e9al | Aptus Holland | Aptus Plant Tech","og_description":"D\u00e9couvrez-en plus sur le programme d\u2019alimentation Aptus Holland et choisissez le calendrier qui vous convient le mieux.","og_url":"https:\/\/aptus-holland.com\/fr\/trouvez-votre-programme-ideal\/","og_site_name":"Aptus Holland","article_modified_time":"2025-05-07T14:13:46+00:00","og_image":[{"url":"http:\/\/aptus-holland.com\/wp-content\/uploads\/2025\/05\/img-premium-organo.webp","type":"","width":"","height":""}],"twitter_card":"summary_large_image","twitter_misc":{"Dur\u00e9e de lecture estim\u00e9e":"2 minutes"},"schema":{"@context":"https:\/\/schema.org","@graph":[{"@type":"WebPage","@id":"https:\/\/aptus-holland.com\/fr\/trouvez-votre-programme-ideal\/","url":"https:\/\/aptus-holland.com\/fr\/trouvez-votre-programme-ideal\/","name":"Trouvez votre Programme Id\u00e9al | Aptus Holland | Aptus Plant Tech","isPartOf":{"@id":"https:\/\/aptus-holland.com\/fr\/#website"},"primaryImageOfPage":{"@id":"https:\/\/aptus-holland.com\/fr\/trouvez-votre-programme-ideal\/#primaryimage"},"image":{"@id":"https:\/\/aptus-holland.com\/fr\/trouvez-votre-programme-ideal\/#primaryimage"},"thumbnailUrl":"http:\/\/aptus-holland.com\/wp-content\/uploads\/2025\/05\/img-premium-organo.webp","datePublished":"2025-04-22T13:33:55+00:00","dateModified":"2025-05-07T14:13:46+00:00","description":"D\u00e9couvrez-en plus sur le programme d\u2019alimentation Aptus Holland et choisissez le calendrier qui vous convient le mieux.","breadcrumb":{"@id":"https:\/\/aptus-holland.com\/fr\/trouvez-votre-programme-ideal\/#breadcrumb"},"inLanguage":"fr-FR","potentialAction":[{"@type":"ReadAction","target":["https:\/\/aptus-holland.com\/fr\/trouvez-votre-programme-ideal\/"]}]},{"@type":"ImageObject","inLanguage":"fr-FR","@id":"https:\/\/aptus-holland.com\/fr\/trouvez-votre-programme-ideal\/#primaryimage","url":"http:\/\/aptus-holland.com\/wp-content\/uploads\/2025\/05\/img-premium-organo.webp","contentUrl":"http:\/\/aptus-holland.com\/wp-content\/uploads\/2025\/05\/img-premium-organo.webp"},{"@type":"BreadcrumbList","@id":"https:\/\/aptus-holland.com\/fr\/trouvez-votre-programme-ideal\/#breadcrumb","itemListElement":[{"@type":"ListItem","position":1,"name":"Home","item":"https:\/\/aptus-holland.com\/fr\/"},{"@type":"ListItem","position":2,"name":"Trouvez votre Programme Id\u00e9al"}]},{"@type":"WebSite","@id":"https:\/\/aptus-holland.com\/fr\/#website","url":"https:\/\/aptus-holland.com\/fr\/","name":"Aptus Holland","description":"Plant Tech","publisher":{"@id":"https:\/\/aptus-holland.com\/fr\/#organization"},"potentialAction":[{"@type":"SearchAction","target":{"@type":"EntryPoint","urlTemplate":"https:\/\/aptus-holland.com\/fr\/?s={search_term_string}"},"query-input":{"@type":"PropertyValueSpecification","valueRequired":true,"valueName":"search_term_string"}}],"inLanguage":"fr-FR"},{"@type":"Organization","@id":"https:\/\/aptus-holland.com\/fr\/#organization","name":"Aptus Holland","url":"https:\/\/aptus-holland.com\/fr\/","logo":{"@type":"ImageObject","inLanguage":"fr-FR","@id":"https:\/\/aptus-holland.com\/fr\/#\/schema\/logo\/image\/","url":"https:\/\/aptus-holland.com\/wp-content\/uploads\/2021\/07\/logo-aptus-holland.png","contentUrl":"https:\/\/aptus-holland.com\/wp-content\/uploads\/2021\/07\/logo-aptus-holland.png","width":365,"height":200,"caption":"Aptus Holland"},"image":{"@id":"https:\/\/aptus-holland.com\/fr\/#\/schema\/logo\/image\/"}}]}},"_links":{"self":[{"href":"https:\/\/aptus-holland.com\/fr\/wp-json\/wp\/v2\/pages\/39505","targetHints":{"allow":["GET"]}}],"collection":[{"href":"https:\/\/aptus-holland.com\/fr\/wp-json\/wp\/v2\/pages"}],"about":[{"href":"https:\/\/aptus-holland.com\/fr\/wp-json\/wp\/v2\/types\/page"}],"author":[{"embeddable":true,"href":"https:\/\/aptus-holland.com\/fr\/wp-json\/wp\/v2\/users\/2"}],"replies":[{"embeddable":true,"href":"https:\/\/aptus-holland.com\/fr\/wp-json\/wp\/v2\/comments?post=39505"}],"version-history":[{"count":8,"href":"https:\/\/aptus-holland.com\/fr\/wp-json\/wp\/v2\/pages\/39505\/revisions"}],"predecessor-version":[{"id":39608,"href":"https:\/\/aptus-holland.com\/fr\/wp-json\/wp\/v2\/pages\/39505\/revisions\/39608"}],"wp:attachment":[{"href":"https:\/\/aptus-holland.com\/fr\/wp-json\/wp\/v2\/media?parent=39505"}],"curies":[{"name":"wp","href":"https:\/\/api.w.org\/{rel}","templated":true}]}}