{"id":35037,"date":"2021-11-17T12:41:11","date_gmt":"2021-11-17T12:41:11","guid":{"rendered":"https:\/\/aptus-holland.com\/produits\/all-in-one-liquid\/"},"modified":"2023-08-18T14:37:33","modified_gmt":"2023-08-18T14:37:33","slug":"all-in-one-liquid","status":"publish","type":"page","link":"https:\/\/aptus-holland.com\/fr\/produits\/all-in-one-liquid\/","title":{"rendered":"All-in-One Liquid"},"content":{"rendered":"\t\t<div data-elementor-type=\"wp-page\" data-elementor-id=\"35037\" class=\"elementor elementor-35037 elementor-27996\" data-elementor-settings=\"[]\">\n\t\t\t\t\t\t\t<div class=\"elementor-section-wrap\">\n\t\t\t\t\t\t\t<section class=\"elementor-section elementor-top-section elementor-element elementor-element-cb4074c elementor-section-full_width ot-traditional elementor-section-height-default elementor-section-height-default\" data-id=\"cb4074c\" data-element_type=\"section\">\n\t\t\t\t\t\t<div class=\"elementor-container elementor-column-gap-extended\">\n\t\t\t\t\t<div class=\"elementor-column elementor-col-50 elementor-top-column elementor-element elementor-element-ccf0919 ot-column-items-top ot-flex-column-vertical\" data-id=\"ccf0919\" data-element_type=\"column\">\n\t\t\t<div class=\"elementor-widget-wrap elementor-element-populated\">\n\t\t\t\t\t\t\t\t<div class=\"elementor-element elementor-element-85abb63 product-img-aptus elementor-widget elementor-widget-image\" data-id=\"85abb63\" data-element_type=\"widget\" data-widget_type=\"image.default\">\n\t\t\t\t<div class=\"elementor-widget-container\">\n\t\t\t\t\t\t\t\t\t\t\t\t\t\t\t<img loading=\"lazy\" decoding=\"async\" width=\"800\" height=\"661\" src=\"https:\/\/aptus-holland.com\/wp-content\/uploads\/2021\/12\/Aptus-Holland-All-in-one-liquid-fam.png\" class=\"attachment-full size-full\" alt=\"\" srcset=\"https:\/\/aptus-holland.com\/wp-content\/uploads\/2021\/12\/Aptus-Holland-All-in-one-liquid-fam.png 800w, https:\/\/aptus-holland.com\/wp-content\/uploads\/2021\/12\/Aptus-Holland-All-in-one-liquid-fam-300x248.png 300w, https:\/\/aptus-holland.com\/wp-content\/uploads\/2021\/12\/Aptus-Holland-All-in-one-liquid-fam-768x635.png 768w, https:\/\/aptus-holland.com\/wp-content\/uploads\/2021\/12\/Aptus-Holland-All-in-one-liquid-fam-720x595.png 720w\" sizes=\"auto, (max-width: 800px) 100vw, 800px\" \/>\t\t\t\t\t\t\t\t\t\t\t\t\t\t\t<\/div>\n\t\t\t\t<\/div>\n\t\t\t\t\t<\/div>\n\t\t<\/div>\n\t\t\t\t<div class=\"elementor-column elementor-col-50 elementor-top-column elementor-element elementor-element-9e78e1d ot-flex-column-vertical elementor-invisible\" data-id=\"9e78e1d\" data-element_type=\"column\" data-settings=\"{&quot;background_background&quot;:&quot;classic&quot;,&quot;animation&quot;:&quot;fadeInRight&quot;}\">\n\t\t\t<div class=\"elementor-widget-wrap elementor-element-populated\">\n\t\t\t\t\t\t\t\t<div class=\"elementor-element elementor-element-925ee15 elementor-widget elementor-widget-iheading\" data-id=\"925ee15\" data-element_type=\"widget\" data-widget_type=\"iheading.default\">\n\t\t\t\t<div class=\"elementor-widget-container\">\n\t\t\t\t\t<div class=\"ot-heading\">\r\n\t        \t            <span>\/\/ UN PRODUIT POUR TOUS SUPPORTS DE CULTURE<\/span>\r\n\t        <h2 class=\"main-heading\">All-in-One Liquid<\/h2>\t    <\/div>\r\n\t    \t\t<\/div>\n\t\t\t\t<\/div>\n\t\t\t\t<div class=\"elementor-element elementor-element-f9ab05f elementor-widget elementor-widget-text-editor\" data-id=\"f9ab05f\" data-element_type=\"widget\" data-widget_type=\"text-editor.default\">\n\t\t\t\t<div class=\"elementor-widget-container\">\n\t\t\t\t\t\t\t\t<p>All-in-One Liquid est un engrais 100% min\u00e9ral pour tous supports et syst\u00e8mes. Il peut \u00eatre utilis\u00e9 de la phase v\u00e9g\u00e9tative \u00e0 la phase de maturation\/de floraison. Le proc\u00e9d\u00e9 de fabrication unique d\u2019All-in-One Liquid le rend insensible aux variations de pH, donc utilisable quel que soit le pH du support de culture.<\/p>\t\t\t\t\t\t<\/div>\n\t\t\t\t<\/div>\n\t\t\t\t\t<\/div>\n\t\t<\/div>\n\t\t\t\t\t\t\t<\/div>\n\t\t<\/section>\n\t\t\t\t<section class=\"elementor-section elementor-top-section elementor-element elementor-element-683d3b1 groene-vlakken-producten ot-traditional elementor-section-boxed elementor-section-height-default elementor-section-height-default\" data-id=\"683d3b1\" data-element_type=\"section\" data-settings=\"{&quot;background_background&quot;:&quot;classic&quot;}\">\n\t\t\t\t\t\t<div class=\"elementor-container elementor-column-gap-extended\">\n\t\t\t\t\t<div class=\"elementor-column elementor-col-50 elementor-top-column elementor-element elementor-element-9aaa582 ot-flex-column-vertical\" data-id=\"9aaa582\" data-element_type=\"column\">\n\t\t\t<div class=\"elementor-widget-wrap elementor-element-populated\">\n\t\t\t\t\t\t\t\t<div class=\"elementor-element elementor-element-d58ba4b elementor-widget elementor-widget-iheading\" data-id=\"d58ba4b\" data-element_type=\"widget\" data-widget_type=\"iheading.default\">\n\t\t\t\t<div class=\"elementor-widget-container\">\n\t\t\t\t\t<div class=\"ot-heading\">\r\n\t        <h2 class=\"main-heading\">POURQUOI UTILISER ALL-IN-ONE LIQUID?<\/h2>\t    <\/div>\r\n\t    \t\t<\/div>\n\t\t\t\t<\/div>\n\t\t\t\t<div class=\"elementor-element elementor-element-b6c8371 elementor-icon-list--layout-traditional elementor-list-item-link-full_width elementor-widget elementor-widget-icon-list\" data-id=\"b6c8371\" data-element_type=\"widget\" data-widget_type=\"icon-list.default\">\n\t\t\t\t<div class=\"elementor-widget-container\">\n\t\t\t\t\t<ul class=\"elementor-icon-list-items\">\n\t\t\t\t\t\t\t<li class=\"elementor-icon-list-item\">\n\t\t\t\t\t\t\t\t\t\t\t<span class=\"elementor-icon-list-icon\">\n\t\t\t\t\t\t\t<i aria-hidden=\"true\" class=\"fas fa-check\"><\/i>\t\t\t\t\t\t<\/span>\n\t\t\t\t\t\t\t\t\t\t<span class=\"elementor-icon-list-text\">Simple et facile \u00e0 utiliser, All-in-One Liquid est un engrais NPK 100 % min\u00e9ral<\/span>\n\t\t\t\t\t\t\t\t\t<\/li>\n\t\t\t\t\t\t\t\t<li class=\"elementor-icon-list-item\">\n\t\t\t\t\t\t\t\t\t\t\t<span class=\"elementor-icon-list-icon\">\n\t\t\t\t\t\t\t<i aria-hidden=\"true\" class=\"fas fa-check\"><\/i>\t\t\t\t\t\t<\/span>\n\t\t\t\t\t\t\t\t\t\t<span class=\"elementor-icon-list-text\">Insensible aux variations de pH (utilisable quel que soit le pH du support de culture)<\/span>\n\t\t\t\t\t\t\t\t\t<\/li>\n\t\t\t\t\t\t\t\t<li class=\"elementor-icon-list-item\">\n\t\t\t\t\t\t\t\t\t\t\t<span class=\"elementor-icon-list-icon\">\n\t\t\t\t\t\t\t<i aria-hidden=\"true\" class=\"fas fa-check\"><\/i>\t\t\t\t\t\t<\/span>\n\t\t\t\t\t\t\t\t\t\t<span class=\"elementor-icon-list-text\">Economique: 1 \u00e0 2 ml par 1 L d\u2019eau tout au long du cycle<\/span>\n\t\t\t\t\t\t\t\t\t<\/li>\n\t\t\t\t\t\t\t\t<li class=\"elementor-icon-list-item\">\n\t\t\t\t\t\t\t\t\t\t\t<span class=\"elementor-icon-list-icon\">\n\t\t\t\t\t\t\t<i aria-hidden=\"true\" class=\"fas fa-check\"><\/i>\t\t\t\t\t\t<\/span>\n\t\t\t\t\t\t\t\t\t\t<span class=\"elementor-icon-list-text\">Enti\u00e8rement soluble, adapt\u00e9 \u00e0 tous types de syst\u00e8mes d\u2019irrigation (y compris les syst\u00e8mes \u00e0 recirculation)<\/span>\n\t\t\t\t\t\t\t\t\t<\/li>\n\t\t\t\t\t\t\t\t<li class=\"elementor-icon-list-item\">\n\t\t\t\t\t\t\t\t\t\t\t<span class=\"elementor-icon-list-icon\">\n\t\t\t\t\t\t\t<i aria-hidden=\"true\" class=\"fas fa-check\"><\/i>\t\t\t\t\t\t<\/span>\n\t\t\t\t\t\t\t\t\t\t<span class=\"elementor-icon-list-text\">Compatibles avec toutes les applications (substrat, coco, laine de roche, hydroponique, etc.)<\/span>\n\t\t\t\t\t\t\t\t\t<\/li>\n\t\t\t\t\t\t\t\t<li class=\"elementor-icon-list-item\">\n\t\t\t\t\t\t\t\t\t\t\t<span class=\"elementor-icon-list-icon\">\n\t\t\t\t\t\t\t<i aria-hidden=\"true\" class=\"fas fa-check\"><\/i>\t\t\t\t\t\t<\/span>\n\t\t\t\t\t\t\t\t\t\t<span class=\"elementor-icon-list-text\">Fabriqu\u00e9 \u00e0 partir de mati\u00e8res brutes, pour une biodisponibilit\u00e9 optimale. Ne contient ni chlorure ni sel de ballast<\/span>\n\t\t\t\t\t\t\t\t\t<\/li>\n\t\t\t\t\t\t\t\t<li class=\"elementor-icon-list-item\">\n\t\t\t\t\t\t\t\t\t\t\t<span class=\"elementor-icon-list-icon\">\n\t\t\t\t\t\t\t<i aria-hidden=\"true\" class=\"fas fa-check\"><\/i>\t\t\t\t\t\t<\/span>\n\t\t\t\t\t\t\t\t\t\t<span class=\"elementor-icon-list-text\">Du fait qu\u2019il ne contient pas de chlorure All-in-One Liquid n\u2019a aucun impact nocif sur la micro-vie<\/span>\n\t\t\t\t\t\t\t\t\t<\/li>\n\t\t\t\t\t\t<\/ul>\n\t\t\t\t<\/div>\n\t\t\t\t<\/div>\n\t\t\t\t\t<\/div>\n\t\t<\/div>\n\t\t\t\t<div class=\"elementor-column elementor-col-50 elementor-top-column elementor-element elementor-element-f46f3a7 ot-flex-column-vertical\" data-id=\"f46f3a7\" data-element_type=\"column\">\n\t\t\t<div class=\"elementor-widget-wrap elementor-element-populated\">\n\t\t\t\t\t\t\t\t<div class=\"elementor-element elementor-element-9b95014 elementor-aspect-ratio-169 elementor-widget elementor-widget-video\" data-id=\"9b95014\" data-element_type=\"widget\" data-settings=\"{&quot;youtube_url&quot;:&quot;https:\\\/\\\/www.youtube.com\\\/watch?v=iEVxgb6bYww&amp;ab_channel=AptusPlantTech&quot;,&quot;video_type&quot;:&quot;youtube&quot;,&quot;controls&quot;:&quot;yes&quot;,&quot;aspect_ratio&quot;:&quot;169&quot;}\" data-widget_type=\"video.default\">\n\t\t\t\t<div class=\"elementor-widget-container\">\n\t\t\t\t\t<div class=\"elementor-wrapper elementor-fit-aspect-ratio elementor-open-inline\">\n\t\t\t<div class=\"elementor-video\"><\/div>\t\t<\/div>\n\t\t\t\t<\/div>\n\t\t\t\t<\/div>\n\t\t\t\t\t<\/div>\n\t\t<\/div>\n\t\t\t\t\t\t\t<\/div>\n\t\t<\/section>\n\t\t\t\t<section class=\"elementor-section elementor-top-section elementor-element elementor-element-3946652 elementor-section-full_width groene-vlakken-producten ot-traditional elementor-section-height-default elementor-section-height-default\" data-id=\"3946652\" data-element_type=\"section\" data-settings=\"{&quot;background_background&quot;:&quot;classic&quot;}\">\n\t\t\t\t\t\t<div class=\"elementor-container elementor-column-gap-extended\">\n\t\t\t\t\t<div class=\"elementor-column elementor-col-50 elementor-top-column elementor-element elementor-element-42163fa ot-flex-column-vertical\" data-id=\"42163fa\" data-element_type=\"column\" data-settings=\"{&quot;background_background&quot;:&quot;classic&quot;,&quot;animation&quot;:&quot;none&quot;}\">\n\t\t\t<div class=\"elementor-widget-wrap elementor-element-populated\">\n\t\t\t\t\t\t\t\t<div class=\"elementor-element elementor-element-adaf3f4 product-pagina-inhoud elementor-invisible elementor-widget elementor-widget-text-editor\" data-id=\"adaf3f4\" data-element_type=\"widget\" data-settings=\"{&quot;_animation_delay&quot;:600,&quot;_animation&quot;:&quot;fadeInLeft&quot;}\" data-widget_type=\"text-editor.default\">\n\t\t\t\t<div class=\"elementor-widget-container\">\n\t\t\t\t\t\t\t\t<h2>COMMENT UTILISER ALL-IN-ONE LIQUID?<\/h2><p>All-in-One Liquid est un nutriment fortement concentr\u00e9 (1:1000). La dilution standard est 1 ml par 1 L. Du fait de son fort taux de concentration, All-in-One Liquid est tr\u00e8s \u00e9conomique<\/p><ul><li>Utiliser All-in-One Liquid \u00e0 chaque arrosage<\/li><li>La mesure en hausse de l\u2019EC apr\u00e8s dissolution d\u2019All-in-One Liquid est la valeur r\u00e9elle puisque le produit ne contient ni sel de ballast ni chlorure<\/li><li>Dans des conditions optimales, le taux de dilution peut \u00eatre port\u00e9 au maximum \u00e0 2 ml par 1L<\/li><\/ul>\t\t\t\t\t\t<\/div>\n\t\t\t\t<\/div>\n\t\t\t\t<div class=\"elementor-element elementor-element-9d139e3 product-pagina-inhoud elementor-invisible elementor-widget elementor-widget-text-editor\" data-id=\"9d139e3\" data-element_type=\"widget\" data-settings=\"{&quot;_animation_delay&quot;:600,&quot;_animation&quot;:&quot;fadeInLeft&quot;}\" data-widget_type=\"text-editor.default\">\n\t\t\t\t<div class=\"elementor-widget-container\">\n\t\t\t\t\t\t\t\t<h2>LA COMPOSITION D\u2019ALL-IN-ONE LIQUID<\/h2><ul><li>Principaux composants: azote, phosphore, potassium, magn\u00e9sium<\/li><li>Micro-\u00e9l\u00e9ments: bore, molybd\u00e8ne, fer, mangan\u00e8se, zinc et cuivre<\/li><\/ul>\t\t\t\t\t\t<\/div>\n\t\t\t\t<\/div>\n\t\t\t\t\t<\/div>\n\t\t<\/div>\n\t\t\t\t<div class=\"elementor-column elementor-col-50 elementor-top-column elementor-element elementor-element-cf69460 ot-flex-column-vertical\" data-id=\"cf69460\" data-element_type=\"column\" data-settings=\"{&quot;background_background&quot;:&quot;classic&quot;}\">\n\t\t\t<div class=\"elementor-widget-wrap elementor-element-populated\">\n\t\t\t\t\t\t\t\t<div class=\"elementor-element elementor-element-5e91773 product-pagina-inhoud elementor-invisible elementor-widget elementor-widget-text-editor\" data-id=\"5e91773\" data-element_type=\"widget\" data-settings=\"{&quot;_animation_delay&quot;:600,&quot;_animation&quot;:&quot;fadeInRight&quot;}\" data-widget_type=\"text-editor.default\">\n\t\t\t\t<div class=\"elementor-widget-container\">\n\t\t\t\t\t\t\t\t<h2>COMMENT AGIT ALL-IN-ONE LIQUID?<\/h2><ul><li>Le proc\u00e9d\u00e9 unique de fabrication fait de All-in-One Liquid un produit facile \u00e0 utiliser car insensible aux variations de pH. Il est donc utilisable quel que soit le pH du support de culture<\/li><li>Sur le terreau (tourbe) All-in-One Liquid est un nutriment basique complet<\/li><li>En hydro\/coco, pour optimiser le r\u00e9sultat nous recommandons d\u2019utiliser All-in-One Liquid avec CaMg-Boost. Lors de l\u2019utilisation d\u2019All-in-One Liquid en conjonction avec CaMg-Boost, il est conseill\u00e9 de maintenir le pH au-dessous de 6,3 afin de pr\u00e9venir la pr\u00e9cipitation du calcium\/magn\u00e9sium<\/li><\/ul>\t\t\t\t\t\t<\/div>\n\t\t\t\t<\/div>\n\t\t\t\t<div class=\"elementor-element elementor-element-c2492b1 product-pagina-inhoud elementor-invisible elementor-widget elementor-widget-text-editor\" data-id=\"c2492b1\" data-element_type=\"widget\" data-settings=\"{&quot;_animation_delay&quot;:600,&quot;_animation&quot;:&quot;fadeInRight&quot;}\" data-widget_type=\"text-editor.default\">\n\t\t\t\t<div class=\"elementor-widget-container\">\n\t\t\t\t\t\t\t\t<h2>ASTUCES ET CONSEILS D\u2019UTILISATEURS AVISES<\/h2><ul><li>Toujours bien m\u00e9langer la solution nutritive et respecter l\u2019ordre dans lequel ajouter les produits, conform\u00e9ment aux indications de la page 51 \u2022 Pour une croissance optimale, utiliser All-in-One Liquid en conjonction avec Regulator, Startbooster, Topbooster, Super-PK et CaMg-Boost<\/li><li>All-in-One Liquid peut \u00eatre utilis\u00e9 pour toutes sortes de cultures: bulbes et racines, fruits, fleurs et plantes vertes<\/li><\/ul>\t\t\t\t\t\t<\/div>\n\t\t\t\t<\/div>\n\t\t\t\t\t<\/div>\n\t\t<\/div>\n\t\t\t\t\t\t\t<\/div>\n\t\t<\/section>\n\t\t\t\t\t\t<\/div>\n\t\t\t\t\t<\/div>\n\t\t","protected":false},"excerpt":{"rendered":"<p>\/\/ UN PRODUIT POUR TOUS SUPPORTS DE CULTURE All-in-One Liquid All-in-One Liquid est un engrais 100% min\u00e9ral pour tous supports et syst\u00e8mes. Il peut \u00eatre utilis\u00e9 de la phase v\u00e9g\u00e9tative \u00e0 la phase de maturation\/de floraison. Le proc\u00e9d\u00e9 de fabrication unique d\u2019All-in-One Liquid le rend insensible aux variations de pH, donc utilisable quel que soit [&hellip;]<\/p>\n","protected":false},"author":2,"featured_media":0,"parent":34768,"menu_order":0,"comment_status":"closed","ping_status":"closed","template":"","meta":{"_monsterinsights_skip_tracking":false,"_monsterinsights_sitenote_active":false,"_monsterinsights_sitenote_note":"","_monsterinsights_sitenote_category":0,"footnotes":""},"class_list":["post-35037","page","type-page","status-publish","hentry"],"yoast_head":"<!-- This site is optimized with the Yoast SEO plugin v27.0 - https:\/\/yoast.com\/product\/yoast-seo-wordpress\/ -->\n<title>All-in-One Liquid - Aptus Holland<\/title>\n<meta name=\"robots\" content=\"index, follow, max-snippet:-1, max-image-preview:large, max-video-preview:-1\" \/>\n<link rel=\"canonical\" href=\"https:\/\/aptus-holland.com\/fr\/produits\/all-in-one-liquid\/\" \/>\n<meta property=\"og:locale\" content=\"fr_FR\" \/>\n<meta property=\"og:type\" content=\"article\" \/>\n<meta property=\"og:title\" content=\"All-in-One Liquid - Aptus Holland\" \/>\n<meta property=\"og:description\" content=\"\/\/ UN PRODUIT POUR TOUS SUPPORTS DE CULTURE All-in-One Liquid All-in-One Liquid est un engrais 100% min\u00e9ral pour tous supports et syst\u00e8mes. Il peut \u00eatre utilis\u00e9 de la phase v\u00e9g\u00e9tative \u00e0 la phase de maturation\/de floraison. Le proc\u00e9d\u00e9 de fabrication unique d\u2019All-in-One Liquid le rend insensible aux variations de pH, donc utilisable quel que soit [&hellip;]\" \/>\n<meta property=\"og:url\" content=\"https:\/\/aptus-holland.com\/fr\/produits\/all-in-one-liquid\/\" \/>\n<meta property=\"og:site_name\" content=\"Aptus Holland\" \/>\n<meta property=\"article:modified_time\" content=\"2023-08-18T14:37:33+00:00\" \/>\n<meta property=\"og:image\" content=\"http:\/\/aptus-holland.com\/wp-content\/uploads\/2021\/12\/Aptus-Holland-All-in-one-liquid-fam.png\" \/>\n<meta name=\"twitter:card\" content=\"summary_large_image\" \/>\n<meta name=\"twitter:label1\" content=\"Dur\u00e9e de lecture estim\u00e9e\" \/>\n\t<meta name=\"twitter:data1\" content=\"3 minutes\" \/>\n<script type=\"application\/ld+json\" class=\"yoast-schema-graph\">{\"@context\":\"https:\/\/schema.org\",\"@graph\":[{\"@type\":\"WebPage\",\"@id\":\"https:\/\/aptus-holland.com\/fr\/produits\/all-in-one-liquid\/\",\"url\":\"https:\/\/aptus-holland.com\/fr\/produits\/all-in-one-liquid\/\",\"name\":\"All-in-One Liquid - Aptus Holland\",\"isPartOf\":{\"@id\":\"https:\/\/aptus-holland.com\/fr\/#website\"},\"primaryImageOfPage\":{\"@id\":\"https:\/\/aptus-holland.com\/fr\/produits\/all-in-one-liquid\/#primaryimage\"},\"image\":{\"@id\":\"https:\/\/aptus-holland.com\/fr\/produits\/all-in-one-liquid\/#primaryimage\"},\"thumbnailUrl\":\"http:\/\/aptus-holland.com\/wp-content\/uploads\/2021\/12\/Aptus-Holland-All-in-one-liquid-fam.png\",\"datePublished\":\"2021-11-17T12:41:11+00:00\",\"dateModified\":\"2023-08-18T14:37:33+00:00\",\"breadcrumb\":{\"@id\":\"https:\/\/aptus-holland.com\/fr\/produits\/all-in-one-liquid\/#breadcrumb\"},\"inLanguage\":\"fr-FR\",\"potentialAction\":[{\"@type\":\"ReadAction\",\"target\":[\"https:\/\/aptus-holland.com\/fr\/produits\/all-in-one-liquid\/\"]}]},{\"@type\":\"ImageObject\",\"inLanguage\":\"fr-FR\",\"@id\":\"https:\/\/aptus-holland.com\/fr\/produits\/all-in-one-liquid\/#primaryimage\",\"url\":\"http:\/\/aptus-holland.com\/wp-content\/uploads\/2021\/12\/Aptus-Holland-All-in-one-liquid-fam.png\",\"contentUrl\":\"http:\/\/aptus-holland.com\/wp-content\/uploads\/2021\/12\/Aptus-Holland-All-in-one-liquid-fam.png\"},{\"@type\":\"BreadcrumbList\",\"@id\":\"https:\/\/aptus-holland.com\/fr\/produits\/all-in-one-liquid\/#breadcrumb\",\"itemListElement\":[{\"@type\":\"ListItem\",\"position\":1,\"name\":\"Home\",\"item\":\"https:\/\/aptus-holland.com\/fr\/\"},{\"@type\":\"ListItem\",\"position\":2,\"name\":\"Produits\",\"item\":\"https:\/\/aptus-holland.com\/fr\/products\/\"},{\"@type\":\"ListItem\",\"position\":3,\"name\":\"All-in-One Liquid\"}]},{\"@type\":\"WebSite\",\"@id\":\"https:\/\/aptus-holland.com\/fr\/#website\",\"url\":\"https:\/\/aptus-holland.com\/fr\/\",\"name\":\"Aptus Holland\",\"description\":\"Plant Tech\",\"publisher\":{\"@id\":\"https:\/\/aptus-holland.com\/fr\/#organization\"},\"potentialAction\":[{\"@type\":\"SearchAction\",\"target\":{\"@type\":\"EntryPoint\",\"urlTemplate\":\"https:\/\/aptus-holland.com\/fr\/?s={search_term_string}\"},\"query-input\":{\"@type\":\"PropertyValueSpecification\",\"valueRequired\":true,\"valueName\":\"search_term_string\"}}],\"inLanguage\":\"fr-FR\"},{\"@type\":\"Organization\",\"@id\":\"https:\/\/aptus-holland.com\/fr\/#organization\",\"name\":\"Aptus Holland\",\"url\":\"https:\/\/aptus-holland.com\/fr\/\",\"logo\":{\"@type\":\"ImageObject\",\"inLanguage\":\"fr-FR\",\"@id\":\"https:\/\/aptus-holland.com\/fr\/#\/schema\/logo\/image\/\",\"url\":\"https:\/\/aptus-holland.com\/wp-content\/uploads\/2021\/07\/logo-aptus-holland.png\",\"contentUrl\":\"https:\/\/aptus-holland.com\/wp-content\/uploads\/2021\/07\/logo-aptus-holland.png\",\"width\":365,\"height\":200,\"caption\":\"Aptus Holland\"},\"image\":{\"@id\":\"https:\/\/aptus-holland.com\/fr\/#\/schema\/logo\/image\/\"}}]}<\/script>\n<!-- \/ Yoast SEO plugin. -->","yoast_head_json":{"title":"All-in-One Liquid - Aptus Holland","robots":{"index":"index","follow":"follow","max-snippet":"max-snippet:-1","max-image-preview":"max-image-preview:large","max-video-preview":"max-video-preview:-1"},"canonical":"https:\/\/aptus-holland.com\/fr\/produits\/all-in-one-liquid\/","og_locale":"fr_FR","og_type":"article","og_title":"All-in-One Liquid - Aptus Holland","og_description":"\/\/ UN PRODUIT POUR TOUS SUPPORTS DE CULTURE All-in-One Liquid All-in-One Liquid est un engrais 100% min\u00e9ral pour tous supports et syst\u00e8mes. Il peut \u00eatre utilis\u00e9 de la phase v\u00e9g\u00e9tative \u00e0 la phase de maturation\/de floraison. Le proc\u00e9d\u00e9 de fabrication unique d\u2019All-in-One Liquid le rend insensible aux variations de pH, donc utilisable quel que soit [&hellip;]","og_url":"https:\/\/aptus-holland.com\/fr\/produits\/all-in-one-liquid\/","og_site_name":"Aptus Holland","article_modified_time":"2023-08-18T14:37:33+00:00","og_image":[{"url":"http:\/\/aptus-holland.com\/wp-content\/uploads\/2021\/12\/Aptus-Holland-All-in-one-liquid-fam.png","type":"","width":"","height":""}],"twitter_card":"summary_large_image","twitter_misc":{"Dur\u00e9e de lecture estim\u00e9e":"3 minutes"},"schema":{"@context":"https:\/\/schema.org","@graph":[{"@type":"WebPage","@id":"https:\/\/aptus-holland.com\/fr\/produits\/all-in-one-liquid\/","url":"https:\/\/aptus-holland.com\/fr\/produits\/all-in-one-liquid\/","name":"All-in-One Liquid - Aptus Holland","isPartOf":{"@id":"https:\/\/aptus-holland.com\/fr\/#website"},"primaryImageOfPage":{"@id":"https:\/\/aptus-holland.com\/fr\/produits\/all-in-one-liquid\/#primaryimage"},"image":{"@id":"https:\/\/aptus-holland.com\/fr\/produits\/all-in-one-liquid\/#primaryimage"},"thumbnailUrl":"http:\/\/aptus-holland.com\/wp-content\/uploads\/2021\/12\/Aptus-Holland-All-in-one-liquid-fam.png","datePublished":"2021-11-17T12:41:11+00:00","dateModified":"2023-08-18T14:37:33+00:00","breadcrumb":{"@id":"https:\/\/aptus-holland.com\/fr\/produits\/all-in-one-liquid\/#breadcrumb"},"inLanguage":"fr-FR","potentialAction":[{"@type":"ReadAction","target":["https:\/\/aptus-holland.com\/fr\/produits\/all-in-one-liquid\/"]}]},{"@type":"ImageObject","inLanguage":"fr-FR","@id":"https:\/\/aptus-holland.com\/fr\/produits\/all-in-one-liquid\/#primaryimage","url":"http:\/\/aptus-holland.com\/wp-content\/uploads\/2021\/12\/Aptus-Holland-All-in-one-liquid-fam.png","contentUrl":"http:\/\/aptus-holland.com\/wp-content\/uploads\/2021\/12\/Aptus-Holland-All-in-one-liquid-fam.png"},{"@type":"BreadcrumbList","@id":"https:\/\/aptus-holland.com\/fr\/produits\/all-in-one-liquid\/#breadcrumb","itemListElement":[{"@type":"ListItem","position":1,"name":"Home","item":"https:\/\/aptus-holland.com\/fr\/"},{"@type":"ListItem","position":2,"name":"Produits","item":"https:\/\/aptus-holland.com\/fr\/products\/"},{"@type":"ListItem","position":3,"name":"All-in-One Liquid"}]},{"@type":"WebSite","@id":"https:\/\/aptus-holland.com\/fr\/#website","url":"https:\/\/aptus-holland.com\/fr\/","name":"Aptus Holland","description":"Plant Tech","publisher":{"@id":"https:\/\/aptus-holland.com\/fr\/#organization"},"potentialAction":[{"@type":"SearchAction","target":{"@type":"EntryPoint","urlTemplate":"https:\/\/aptus-holland.com\/fr\/?s={search_term_string}"},"query-input":{"@type":"PropertyValueSpecification","valueRequired":true,"valueName":"search_term_string"}}],"inLanguage":"fr-FR"},{"@type":"Organization","@id":"https:\/\/aptus-holland.com\/fr\/#organization","name":"Aptus Holland","url":"https:\/\/aptus-holland.com\/fr\/","logo":{"@type":"ImageObject","inLanguage":"fr-FR","@id":"https:\/\/aptus-holland.com\/fr\/#\/schema\/logo\/image\/","url":"https:\/\/aptus-holland.com\/wp-content\/uploads\/2021\/07\/logo-aptus-holland.png","contentUrl":"https:\/\/aptus-holland.com\/wp-content\/uploads\/2021\/07\/logo-aptus-holland.png","width":365,"height":200,"caption":"Aptus Holland"},"image":{"@id":"https:\/\/aptus-holland.com\/fr\/#\/schema\/logo\/image\/"}}]}},"_links":{"self":[{"href":"https:\/\/aptus-holland.com\/fr\/wp-json\/wp\/v2\/pages\/35037","targetHints":{"allow":["GET"]}}],"collection":[{"href":"https:\/\/aptus-holland.com\/fr\/wp-json\/wp\/v2\/pages"}],"about":[{"href":"https:\/\/aptus-holland.com\/fr\/wp-json\/wp\/v2\/types\/page"}],"author":[{"embeddable":true,"href":"https:\/\/aptus-holland.com\/fr\/wp-json\/wp\/v2\/users\/2"}],"replies":[{"embeddable":true,"href":"https:\/\/aptus-holland.com\/fr\/wp-json\/wp\/v2\/comments?post=35037"}],"version-history":[{"count":4,"href":"https:\/\/aptus-holland.com\/fr\/wp-json\/wp\/v2\/pages\/35037\/revisions"}],"predecessor-version":[{"id":35043,"href":"https:\/\/aptus-holland.com\/fr\/wp-json\/wp\/v2\/pages\/35037\/revisions\/35043"}],"up":[{"embeddable":true,"href":"https:\/\/aptus-holland.com\/fr\/wp-json\/wp\/v2\/pages\/34768"}],"wp:attachment":[{"href":"https:\/\/aptus-holland.com\/fr\/wp-json\/wp\/v2\/media?parent=35037"}],"curies":[{"name":"wp","href":"https:\/\/api.w.org\/{rel}","templated":true}]}}