{"id":35034,"date":"2022-09-28T07:10:18","date_gmt":"2022-09-28T07:10:18","guid":{"rendered":"https:\/\/aptus-holland.com\/produits\/substrate-buffer-powder\/"},"modified":"2024-05-06T13:03:01","modified_gmt":"2024-05-06T13:03:01","slug":"substrate-buffer-powder","status":"publish","type":"page","link":"https:\/\/aptus-holland.com\/fr\/produits\/substrate-buffer-powder\/","title":{"rendered":"Substrate Buffer Powder"},"content":{"rendered":"\t\t<div data-elementor-type=\"wp-page\" data-elementor-id=\"35034\" class=\"elementor elementor-35034 elementor-29578\" data-elementor-settings=\"[]\">\n\t\t\t\t\t\t\t<div class=\"elementor-section-wrap\">\n\t\t\t\t\t\t\t<section class=\"elementor-section elementor-top-section elementor-element elementor-element-cb4074c elementor-section-full_width ot-traditional elementor-section-height-default elementor-section-height-default\" data-id=\"cb4074c\" data-element_type=\"section\">\n\t\t\t\t\t\t<div class=\"elementor-container elementor-column-gap-extended\">\n\t\t\t\t\t<div class=\"elementor-column elementor-col-50 elementor-top-column elementor-element elementor-element-ccf0919 ot-column-items-top ot-flex-column-vertical\" data-id=\"ccf0919\" data-element_type=\"column\">\n\t\t\t<div class=\"elementor-widget-wrap elementor-element-populated\">\n\t\t\t\t\t\t\t\t<div class=\"elementor-element elementor-element-85abb63 product-img-aptus elementor-widget elementor-widget-image\" data-id=\"85abb63\" data-element_type=\"widget\" data-widget_type=\"image.default\">\n\t\t\t\t<div class=\"elementor-widget-container\">\n\t\t\t\t\t\t\t\t\t\t\t\t\t\t\t<img loading=\"lazy\" decoding=\"async\" width=\"400\" height=\"348\" src=\"https:\/\/aptus-holland.com\/wp-content\/uploads\/2022\/09\/substrate-buffer-powder-fam.png\" class=\"attachment-full size-full\" alt=\"\" srcset=\"https:\/\/aptus-holland.com\/wp-content\/uploads\/2022\/09\/substrate-buffer-powder-fam.png 400w, https:\/\/aptus-holland.com\/wp-content\/uploads\/2022\/09\/substrate-buffer-powder-fam-300x261.png 300w, https:\/\/aptus-holland.com\/wp-content\/uploads\/2022\/09\/substrate-buffer-powder-fam-24x21.png 24w, https:\/\/aptus-holland.com\/wp-content\/uploads\/2022\/09\/substrate-buffer-powder-fam-36x31.png 36w, https:\/\/aptus-holland.com\/wp-content\/uploads\/2022\/09\/substrate-buffer-powder-fam-48x42.png 48w\" sizes=\"auto, (max-width: 400px) 100vw, 400px\" \/>\t\t\t\t\t\t\t\t\t\t\t\t\t\t\t<\/div>\n\t\t\t\t<\/div>\n\t\t\t\t\t<\/div>\n\t\t<\/div>\n\t\t\t\t<div class=\"elementor-column elementor-col-50 elementor-top-column elementor-element elementor-element-9e78e1d ot-flex-column-vertical elementor-invisible\" data-id=\"9e78e1d\" data-element_type=\"column\" data-settings=\"{&quot;background_background&quot;:&quot;classic&quot;,&quot;animation&quot;:&quot;fadeInRight&quot;}\">\n\t\t\t<div class=\"elementor-widget-wrap elementor-element-populated\">\n\t\t\t\t\t\t\t\t<div class=\"elementor-element elementor-element-925ee15 elementor-widget elementor-widget-iheading\" data-id=\"925ee15\" data-element_type=\"widget\" data-widget_type=\"iheading.default\">\n\t\t\t\t<div class=\"elementor-widget-container\">\n\t\t\t\t\t<div class=\"ot-heading\">\r\n\t        \t            <span>\/\/ GARANTIT LE TAMPON PH ID\u00c9AL POUR LES SUBSTRATS<\/span>\r\n\t        <h2 class=\"main-heading\">Substrate Buffer Powder<\/h2>\t    <\/div>\r\n\t    \t\t<\/div>\n\t\t\t\t<\/div>\n\t\t\t\t<div class=\"elementor-element elementor-element-f9ab05f elementor-widget elementor-widget-text-editor\" data-id=\"f9ab05f\" data-element_type=\"widget\" data-widget_type=\"text-editor.default\">\n\t\t\t\t<div class=\"elementor-widget-container\">\n\t\t\t\t\t\t\t\t<p>Substrate Buffer Liquid Powder le conditionneur de pH pour tous les substrats et permet d\u2019\u00e9viter les conditions de pH instables. Substrate Buffer Powder peut \u00eatre combin\u00e9 avec Substrate Buffer Liquid. Substrate Buffer Powder est facile \u00e0 appliquer comme tampon sur n\u2019importe quel substrat.<\/p>\t\t\t\t\t\t<\/div>\n\t\t\t\t<\/div>\n\t\t\t\t\t<\/div>\n\t\t<\/div>\n\t\t\t\t\t\t\t<\/div>\n\t\t<\/section>\n\t\t\t\t<section class=\"elementor-section elementor-top-section elementor-element elementor-element-683d3b1 groene-vlakken-producten ot-traditional elementor-section-boxed elementor-section-height-default elementor-section-height-default\" data-id=\"683d3b1\" data-element_type=\"section\" data-settings=\"{&quot;background_background&quot;:&quot;classic&quot;}\">\n\t\t\t\t\t\t<div class=\"elementor-container elementor-column-gap-extended\">\n\t\t\t\t\t<div class=\"elementor-column elementor-col-50 elementor-top-column elementor-element elementor-element-9aaa582 ot-flex-column-vertical\" data-id=\"9aaa582\" data-element_type=\"column\">\n\t\t\t<div class=\"elementor-widget-wrap elementor-element-populated\">\n\t\t\t\t\t\t\t\t<div class=\"elementor-element elementor-element-d58ba4b elementor-widget elementor-widget-iheading\" data-id=\"d58ba4b\" data-element_type=\"widget\" data-widget_type=\"iheading.default\">\n\t\t\t\t<div class=\"elementor-widget-container\">\n\t\t\t\t\t<div class=\"ot-heading\">\r\n\t        <h2 class=\"main-heading\">POURQUOI UTILISER SUBSTRATE BUFFER POWDER ?<\/h2>\t    <\/div>\r\n\t    \t\t<\/div>\n\t\t\t\t<\/div>\n\t\t\t\t<div class=\"elementor-element elementor-element-b6c8371 elementor-icon-list--layout-traditional elementor-list-item-link-full_width elementor-widget elementor-widget-icon-list\" data-id=\"b6c8371\" data-element_type=\"widget\" data-widget_type=\"icon-list.default\">\n\t\t\t\t<div class=\"elementor-widget-container\">\n\t\t\t\t\t<ul class=\"elementor-icon-list-items\">\n\t\t\t\t\t\t\t<li class=\"elementor-icon-list-item\">\n\t\t\t\t\t\t\t\t\t\t\t<span class=\"elementor-icon-list-icon\">\n\t\t\t\t\t\t\t<i aria-hidden=\"true\" class=\"fas fa-check\"><\/i>\t\t\t\t\t\t<\/span>\n\t\t\t\t\t\t\t\t\t\t<span class=\"elementor-icon-list-text\">Tampon pH stable en une seule application<\/span>\n\t\t\t\t\t\t\t\t\t<\/li>\n\t\t\t\t\t\t\t\t<li class=\"elementor-icon-list-item\">\n\t\t\t\t\t\t\t\t\t\t\t<span class=\"elementor-icon-list-icon\">\n\t\t\t\t\t\t\t<i aria-hidden=\"true\" class=\"fas fa-check\"><\/i>\t\t\t\t\t\t<\/span>\n\t\t\t\t\t\t\t\t\t\t<span class=\"elementor-icon-list-text\">Pas de chlorures, de sels de lestage ou de contaminants d\u2019aucune sorte<\/span>\n\t\t\t\t\t\t\t\t\t<\/li>\n\t\t\t\t\t\t\t\t<li class=\"elementor-icon-list-item\">\n\t\t\t\t\t\t\t\t\t\t\t<span class=\"elementor-icon-list-icon\">\n\t\t\t\t\t\t\t<i aria-hidden=\"true\" class=\"fas fa-check\"><\/i>\t\t\t\t\t\t<\/span>\n\t\t\t\t\t\t\t\t\t\t<span class=\"elementor-icon-list-text\">Facile \u00e0 appliquer, il suffit de le m\u00e9langer au substrat<\/span>\n\t\t\t\t\t\t\t\t\t<\/li>\n\t\t\t\t\t\t\t\t<li class=\"elementor-icon-list-item\">\n\t\t\t\t\t\t\t\t\t\t\t<span class=\"elementor-icon-list-icon\">\n\t\t\t\t\t\t\t<i aria-hidden=\"true\" class=\"fas fa-check\"><\/i>\t\t\t\t\t\t<\/span>\n\t\t\t\t\t\t\t\t\t\t<span class=\"elementor-icon-list-text\">Produit naturel<\/span>\n\t\t\t\t\t\t\t\t\t<\/li>\n\t\t\t\t\t\t\t\t<li class=\"elementor-icon-list-item\">\n\t\t\t\t\t\t\t\t\t\t\t<span class=\"elementor-icon-list-icon\">\n\t\t\t\t\t\t\t<i aria-hidden=\"true\" class=\"fas fa-check\"><\/i>\t\t\t\t\t\t<\/span>\n\t\t\t\t\t\t\t\t\t\t<span class=\"elementor-icon-list-text\">Utilisable sur tous les substrats<\/span>\n\t\t\t\t\t\t\t\t\t<\/li>\n\t\t\t\t\t\t\t\t<li class=\"elementor-icon-list-item\">\n\t\t\t\t\t\t\t\t\t\t\t<span class=\"elementor-icon-list-icon\">\n\t\t\t\t\t\t\t<i aria-hidden=\"true\" class=\"fas fa-check\"><\/i>\t\t\t\t\t\t<\/span>\n\t\t\t\t\t\t\t\t\t\t<span class=\"elementor-icon-list-text\">Garantit un apport stable de calcium \u00e0 la plante<\/span>\n\t\t\t\t\t\t\t\t\t<\/li>\n\t\t\t\t\t\t\t\t<li class=\"elementor-icon-list-item\">\n\t\t\t\t\t\t\t\t\t\t\t<span class=\"elementor-icon-list-icon\">\n\t\t\t\t\t\t\t<i aria-hidden=\"true\" class=\"fas fa-check\"><\/i>\t\t\t\t\t\t<\/span>\n\t\t\t\t\t\t\t\t\t\t<span class=\"elementor-icon-list-text\">Optimise la capacit\u00e9 tampon du substrat<\/span>\n\t\t\t\t\t\t\t\t\t<\/li>\n\t\t\t\t\t\t<\/ul>\n\t\t\t\t<\/div>\n\t\t\t\t<\/div>\n\t\t\t\t\t<\/div>\n\t\t<\/div>\n\t\t\t\t<div class=\"elementor-column elementor-col-50 elementor-top-column elementor-element elementor-element-f46f3a7 ot-flex-column-vertical\" data-id=\"f46f3a7\" data-element_type=\"column\">\n\t\t\t<div class=\"elementor-widget-wrap elementor-element-populated\">\n\t\t\t\t\t\t\t\t<div class=\"elementor-element elementor-element-9b95014 elementor-aspect-ratio-169 elementor-widget elementor-widget-video\" data-id=\"9b95014\" data-element_type=\"widget\" data-settings=\"{&quot;youtube_url&quot;:&quot;https:\\\/\\\/www.youtube.com\\\/watch?v=t2I2PcFQNhQ&quot;,&quot;video_type&quot;:&quot;youtube&quot;,&quot;controls&quot;:&quot;yes&quot;,&quot;aspect_ratio&quot;:&quot;169&quot;}\" data-widget_type=\"video.default\">\n\t\t\t\t<div class=\"elementor-widget-container\">\n\t\t\t\t\t<div class=\"elementor-wrapper elementor-fit-aspect-ratio elementor-open-inline\">\n\t\t\t<div class=\"elementor-video\"><\/div>\t\t<\/div>\n\t\t\t\t<\/div>\n\t\t\t\t<\/div>\n\t\t\t\t\t<\/div>\n\t\t<\/div>\n\t\t\t\t\t\t\t<\/div>\n\t\t<\/section>\n\t\t\t\t<section class=\"elementor-section elementor-top-section elementor-element elementor-element-3946652 elementor-section-full_width groene-vlakken-producten ot-traditional elementor-section-height-default elementor-section-height-default\" data-id=\"3946652\" data-element_type=\"section\" data-settings=\"{&quot;background_background&quot;:&quot;classic&quot;}\">\n\t\t\t\t\t\t<div class=\"elementor-container elementor-column-gap-extended\">\n\t\t\t\t\t<div class=\"elementor-column elementor-col-50 elementor-top-column elementor-element elementor-element-42163fa ot-flex-column-vertical\" data-id=\"42163fa\" data-element_type=\"column\" data-settings=\"{&quot;background_background&quot;:&quot;classic&quot;,&quot;animation&quot;:&quot;none&quot;}\">\n\t\t\t<div class=\"elementor-widget-wrap elementor-element-populated\">\n\t\t\t\t\t\t\t\t<div class=\"elementor-element elementor-element-adaf3f4 product-pagina-inhoud elementor-invisible elementor-widget elementor-widget-text-editor\" data-id=\"adaf3f4\" data-element_type=\"widget\" data-settings=\"{&quot;_animation_delay&quot;:600,&quot;_animation&quot;:&quot;fadeInLeft&quot;}\" data-widget_type=\"text-editor.default\">\n\t\t\t\t<div class=\"elementor-widget-container\">\n\t\t\t\t\t\t\t\t<h2>COMMENT UTILISER SUBSTRATE BUFFER POWDER<\/h2>\nAjoutez 50 g de Substrate Buffer Powder \u00e0 50 L de terre et m\u00e9langez soigneusement. Pour le coco, utilisez 100 g pour 50 L de coco.\t\t\t\t\t\t<\/div>\n\t\t\t\t<\/div>\n\t\t\t\t<div class=\"elementor-element elementor-element-9d139e3 product-pagina-inhoud elementor-invisible elementor-widget elementor-widget-text-editor\" data-id=\"9d139e3\" data-element_type=\"widget\" data-settings=\"{&quot;_animation_delay&quot;:600,&quot;_animation&quot;:&quot;fadeInLeft&quot;}\" data-widget_type=\"text-editor.default\">\n\t\t\t\t<div class=\"elementor-widget-container\">\n\t\t\t\t\t\t\t\t<h2>SUBSTRATE BUFFER POWDER CONTIENT<\/h2>\n<ul>\n \t<li>Calcium micronis\u00e9 en poudre<\/li>\n<\/ul>\t\t\t\t\t\t<\/div>\n\t\t\t\t<\/div>\n\t\t\t\t\t<\/div>\n\t\t<\/div>\n\t\t\t\t<div class=\"elementor-column elementor-col-50 elementor-top-column elementor-element elementor-element-cf69460 ot-flex-column-vertical\" data-id=\"cf69460\" data-element_type=\"column\" data-settings=\"{&quot;background_background&quot;:&quot;classic&quot;}\">\n\t\t\t<div class=\"elementor-widget-wrap elementor-element-populated\">\n\t\t\t\t\t\t\t\t<div class=\"elementor-element elementor-element-5e91773 product-pagina-inhoud elementor-invisible elementor-widget elementor-widget-text-editor\" data-id=\"5e91773\" data-element_type=\"widget\" data-settings=\"{&quot;_animation_delay&quot;:600,&quot;_animation&quot;:&quot;fadeInRight&quot;}\" data-widget_type=\"text-editor.default\">\n\t\t\t\t<div class=\"elementor-widget-container\">\n\t\t\t\t\t\t\t\t<h2>COMMENT FONCTIONNE SUBSTRATE BUFFER POWDER<\/h2>\nLe calcium contenu dans Substrate Buffer Powder agit comme un tampon pour le pH du substrat. Il augmente le pH du substrat et le stabilise. Substrate Buffer Powder est une poudre qui ne doit \u00eatre m\u00e9lang\u00e9e qu\u2019une seule fois au substrat avant la plantation.\t\t\t\t\t\t<\/div>\n\t\t\t\t<\/div>\n\t\t\t\t<div class=\"elementor-element elementor-element-c2492b1 product-pagina-inhoud elementor-invisible elementor-widget elementor-widget-text-editor\" data-id=\"c2492b1\" data-element_type=\"widget\" data-settings=\"{&quot;_animation_delay&quot;:600,&quot;_animation&quot;:&quot;fadeInRight&quot;}\" data-widget_type=\"text-editor.default\">\n\t\t\t\t<div class=\"elementor-widget-container\">\n\t\t\t\t\t\t\t\t<h2>CONSEILS AVIS\u00c9S DE CULTIVATEURS :<\/h2>\n<ul>\n \t<li>Respectez la posologie recommand\u00e9e.<\/li>\n \t<li>Doublez le dosage en cas de substrat de coco par rapport \u00e0 la terre.<\/li>\n \t<li>Il est \u00e9galement judicieux d\u2019am\u00e9liorer le coco pour qu\u2019il puisse \u00eatre r\u00e9utilis\u00e9.<\/li>\n<\/ul>\t\t\t\t\t\t<\/div>\n\t\t\t\t<\/div>\n\t\t\t\t\t<\/div>\n\t\t<\/div>\n\t\t\t\t\t\t\t<\/div>\n\t\t<\/section>\n\t\t\t\t\t\t<\/div>\n\t\t\t\t\t<\/div>\n\t\t","protected":false},"excerpt":{"rendered":"<p>\/\/ GARANTIT LE TAMPON PH ID\u00c9AL POUR LES SUBSTRATS Substrate Buffer Powder Substrate Buffer Liquid Powder le conditionneur de pH pour tous les substrats et permet d\u2019\u00e9viter les conditions de pH instables. Substrate Buffer Powder peut \u00eatre combin\u00e9 avec Substrate Buffer Liquid. Substrate Buffer Powder est facile \u00e0 appliquer comme tampon sur n\u2019importe quel substrat. [&hellip;]<\/p>\n","protected":false},"author":2,"featured_media":0,"parent":34768,"menu_order":0,"comment_status":"closed","ping_status":"closed","template":"","meta":{"_monsterinsights_skip_tracking":false,"_monsterinsights_sitenote_active":false,"_monsterinsights_sitenote_note":"","_monsterinsights_sitenote_category":0,"footnotes":""},"class_list":["post-35034","page","type-page","status-publish","hentry"],"yoast_head":"<!-- This site is optimized with the Yoast SEO plugin v27.0 - https:\/\/yoast.com\/product\/yoast-seo-wordpress\/ -->\n<title>Substrate Buffer Powder - Aptus Holland<\/title>\n<meta name=\"robots\" content=\"index, follow, max-snippet:-1, max-image-preview:large, max-video-preview:-1\" \/>\n<link rel=\"canonical\" href=\"https:\/\/aptus-holland.com\/fr\/produits\/substrate-buffer-powder\/\" \/>\n<meta property=\"og:locale\" content=\"fr_FR\" \/>\n<meta property=\"og:type\" content=\"article\" \/>\n<meta property=\"og:title\" content=\"Substrate Buffer Powder - Aptus Holland\" \/>\n<meta property=\"og:description\" content=\"\/\/ GARANTIT LE TAMPON PH ID\u00c9AL POUR LES SUBSTRATS Substrate Buffer Powder Substrate Buffer Liquid Powder le conditionneur de pH pour tous les substrats et permet d\u2019\u00e9viter les conditions de pH instables. Substrate Buffer Powder peut \u00eatre combin\u00e9 avec Substrate Buffer Liquid. Substrate Buffer Powder est facile \u00e0 appliquer comme tampon sur n\u2019importe quel substrat. [&hellip;]\" \/>\n<meta property=\"og:url\" content=\"https:\/\/aptus-holland.com\/fr\/produits\/substrate-buffer-powder\/\" \/>\n<meta property=\"og:site_name\" content=\"Aptus Holland\" \/>\n<meta property=\"article:modified_time\" content=\"2024-05-06T13:03:01+00:00\" \/>\n<meta property=\"og:image\" content=\"http:\/\/aptus-holland.com\/wp-content\/uploads\/2022\/09\/substrate-buffer-powder-fam.png\" \/>\n<meta name=\"twitter:card\" content=\"summary_large_image\" \/>\n<meta name=\"twitter:label1\" content=\"Dur\u00e9e de lecture estim\u00e9e\" \/>\n\t<meta name=\"twitter:data1\" content=\"2 minutes\" \/>\n<script type=\"application\/ld+json\" class=\"yoast-schema-graph\">{\"@context\":\"https:\/\/schema.org\",\"@graph\":[{\"@type\":\"WebPage\",\"@id\":\"https:\/\/aptus-holland.com\/fr\/produits\/substrate-buffer-powder\/\",\"url\":\"https:\/\/aptus-holland.com\/fr\/produits\/substrate-buffer-powder\/\",\"name\":\"Substrate Buffer Powder - Aptus Holland\",\"isPartOf\":{\"@id\":\"https:\/\/aptus-holland.com\/fr\/#website\"},\"primaryImageOfPage\":{\"@id\":\"https:\/\/aptus-holland.com\/fr\/produits\/substrate-buffer-powder\/#primaryimage\"},\"image\":{\"@id\":\"https:\/\/aptus-holland.com\/fr\/produits\/substrate-buffer-powder\/#primaryimage\"},\"thumbnailUrl\":\"http:\/\/aptus-holland.com\/wp-content\/uploads\/2022\/09\/substrate-buffer-powder-fam.png\",\"datePublished\":\"2022-09-28T07:10:18+00:00\",\"dateModified\":\"2024-05-06T13:03:01+00:00\",\"breadcrumb\":{\"@id\":\"https:\/\/aptus-holland.com\/fr\/produits\/substrate-buffer-powder\/#breadcrumb\"},\"inLanguage\":\"fr-FR\",\"potentialAction\":[{\"@type\":\"ReadAction\",\"target\":[\"https:\/\/aptus-holland.com\/fr\/produits\/substrate-buffer-powder\/\"]}]},{\"@type\":\"ImageObject\",\"inLanguage\":\"fr-FR\",\"@id\":\"https:\/\/aptus-holland.com\/fr\/produits\/substrate-buffer-powder\/#primaryimage\",\"url\":\"http:\/\/aptus-holland.com\/wp-content\/uploads\/2022\/09\/substrate-buffer-powder-fam.png\",\"contentUrl\":\"http:\/\/aptus-holland.com\/wp-content\/uploads\/2022\/09\/substrate-buffer-powder-fam.png\"},{\"@type\":\"BreadcrumbList\",\"@id\":\"https:\/\/aptus-holland.com\/fr\/produits\/substrate-buffer-powder\/#breadcrumb\",\"itemListElement\":[{\"@type\":\"ListItem\",\"position\":1,\"name\":\"Home\",\"item\":\"https:\/\/aptus-holland.com\/fr\/\"},{\"@type\":\"ListItem\",\"position\":2,\"name\":\"Produits\",\"item\":\"https:\/\/aptus-holland.com\/fr\/products\/\"},{\"@type\":\"ListItem\",\"position\":3,\"name\":\"Substrate Buffer Powder\"}]},{\"@type\":\"WebSite\",\"@id\":\"https:\/\/aptus-holland.com\/fr\/#website\",\"url\":\"https:\/\/aptus-holland.com\/fr\/\",\"name\":\"Aptus Holland\",\"description\":\"Plant Tech\",\"publisher\":{\"@id\":\"https:\/\/aptus-holland.com\/fr\/#organization\"},\"potentialAction\":[{\"@type\":\"SearchAction\",\"target\":{\"@type\":\"EntryPoint\",\"urlTemplate\":\"https:\/\/aptus-holland.com\/fr\/?s={search_term_string}\"},\"query-input\":{\"@type\":\"PropertyValueSpecification\",\"valueRequired\":true,\"valueName\":\"search_term_string\"}}],\"inLanguage\":\"fr-FR\"},{\"@type\":\"Organization\",\"@id\":\"https:\/\/aptus-holland.com\/fr\/#organization\",\"name\":\"Aptus Holland\",\"url\":\"https:\/\/aptus-holland.com\/fr\/\",\"logo\":{\"@type\":\"ImageObject\",\"inLanguage\":\"fr-FR\",\"@id\":\"https:\/\/aptus-holland.com\/fr\/#\/schema\/logo\/image\/\",\"url\":\"https:\/\/aptus-holland.com\/wp-content\/uploads\/2021\/07\/logo-aptus-holland.png\",\"contentUrl\":\"https:\/\/aptus-holland.com\/wp-content\/uploads\/2021\/07\/logo-aptus-holland.png\",\"width\":365,\"height\":200,\"caption\":\"Aptus Holland\"},\"image\":{\"@id\":\"https:\/\/aptus-holland.com\/fr\/#\/schema\/logo\/image\/\"}}]}<\/script>\n<!-- \/ Yoast SEO plugin. -->","yoast_head_json":{"title":"Substrate Buffer Powder - Aptus Holland","robots":{"index":"index","follow":"follow","max-snippet":"max-snippet:-1","max-image-preview":"max-image-preview:large","max-video-preview":"max-video-preview:-1"},"canonical":"https:\/\/aptus-holland.com\/fr\/produits\/substrate-buffer-powder\/","og_locale":"fr_FR","og_type":"article","og_title":"Substrate Buffer Powder - Aptus Holland","og_description":"\/\/ GARANTIT LE TAMPON PH ID\u00c9AL POUR LES SUBSTRATS Substrate Buffer Powder Substrate Buffer Liquid Powder le conditionneur de pH pour tous les substrats et permet d\u2019\u00e9viter les conditions de pH instables. Substrate Buffer Powder peut \u00eatre combin\u00e9 avec Substrate Buffer Liquid. Substrate Buffer Powder est facile \u00e0 appliquer comme tampon sur n\u2019importe quel substrat. [&hellip;]","og_url":"https:\/\/aptus-holland.com\/fr\/produits\/substrate-buffer-powder\/","og_site_name":"Aptus Holland","article_modified_time":"2024-05-06T13:03:01+00:00","og_image":[{"url":"http:\/\/aptus-holland.com\/wp-content\/uploads\/2022\/09\/substrate-buffer-powder-fam.png","type":"","width":"","height":""}],"twitter_card":"summary_large_image","twitter_misc":{"Dur\u00e9e de lecture estim\u00e9e":"2 minutes"},"schema":{"@context":"https:\/\/schema.org","@graph":[{"@type":"WebPage","@id":"https:\/\/aptus-holland.com\/fr\/produits\/substrate-buffer-powder\/","url":"https:\/\/aptus-holland.com\/fr\/produits\/substrate-buffer-powder\/","name":"Substrate Buffer Powder - Aptus Holland","isPartOf":{"@id":"https:\/\/aptus-holland.com\/fr\/#website"},"primaryImageOfPage":{"@id":"https:\/\/aptus-holland.com\/fr\/produits\/substrate-buffer-powder\/#primaryimage"},"image":{"@id":"https:\/\/aptus-holland.com\/fr\/produits\/substrate-buffer-powder\/#primaryimage"},"thumbnailUrl":"http:\/\/aptus-holland.com\/wp-content\/uploads\/2022\/09\/substrate-buffer-powder-fam.png","datePublished":"2022-09-28T07:10:18+00:00","dateModified":"2024-05-06T13:03:01+00:00","breadcrumb":{"@id":"https:\/\/aptus-holland.com\/fr\/produits\/substrate-buffer-powder\/#breadcrumb"},"inLanguage":"fr-FR","potentialAction":[{"@type":"ReadAction","target":["https:\/\/aptus-holland.com\/fr\/produits\/substrate-buffer-powder\/"]}]},{"@type":"ImageObject","inLanguage":"fr-FR","@id":"https:\/\/aptus-holland.com\/fr\/produits\/substrate-buffer-powder\/#primaryimage","url":"http:\/\/aptus-holland.com\/wp-content\/uploads\/2022\/09\/substrate-buffer-powder-fam.png","contentUrl":"http:\/\/aptus-holland.com\/wp-content\/uploads\/2022\/09\/substrate-buffer-powder-fam.png"},{"@type":"BreadcrumbList","@id":"https:\/\/aptus-holland.com\/fr\/produits\/substrate-buffer-powder\/#breadcrumb","itemListElement":[{"@type":"ListItem","position":1,"name":"Home","item":"https:\/\/aptus-holland.com\/fr\/"},{"@type":"ListItem","position":2,"name":"Produits","item":"https:\/\/aptus-holland.com\/fr\/products\/"},{"@type":"ListItem","position":3,"name":"Substrate Buffer Powder"}]},{"@type":"WebSite","@id":"https:\/\/aptus-holland.com\/fr\/#website","url":"https:\/\/aptus-holland.com\/fr\/","name":"Aptus Holland","description":"Plant Tech","publisher":{"@id":"https:\/\/aptus-holland.com\/fr\/#organization"},"potentialAction":[{"@type":"SearchAction","target":{"@type":"EntryPoint","urlTemplate":"https:\/\/aptus-holland.com\/fr\/?s={search_term_string}"},"query-input":{"@type":"PropertyValueSpecification","valueRequired":true,"valueName":"search_term_string"}}],"inLanguage":"fr-FR"},{"@type":"Organization","@id":"https:\/\/aptus-holland.com\/fr\/#organization","name":"Aptus Holland","url":"https:\/\/aptus-holland.com\/fr\/","logo":{"@type":"ImageObject","inLanguage":"fr-FR","@id":"https:\/\/aptus-holland.com\/fr\/#\/schema\/logo\/image\/","url":"https:\/\/aptus-holland.com\/wp-content\/uploads\/2021\/07\/logo-aptus-holland.png","contentUrl":"https:\/\/aptus-holland.com\/wp-content\/uploads\/2021\/07\/logo-aptus-holland.png","width":365,"height":200,"caption":"Aptus Holland"},"image":{"@id":"https:\/\/aptus-holland.com\/fr\/#\/schema\/logo\/image\/"}}]}},"_links":{"self":[{"href":"https:\/\/aptus-holland.com\/fr\/wp-json\/wp\/v2\/pages\/35034","targetHints":{"allow":["GET"]}}],"collection":[{"href":"https:\/\/aptus-holland.com\/fr\/wp-json\/wp\/v2\/pages"}],"about":[{"href":"https:\/\/aptus-holland.com\/fr\/wp-json\/wp\/v2\/types\/page"}],"author":[{"embeddable":true,"href":"https:\/\/aptus-holland.com\/fr\/wp-json\/wp\/v2\/users\/2"}],"replies":[{"embeddable":true,"href":"https:\/\/aptus-holland.com\/fr\/wp-json\/wp\/v2\/comments?post=35034"}],"version-history":[{"count":7,"href":"https:\/\/aptus-holland.com\/fr\/wp-json\/wp\/v2\/pages\/35034\/revisions"}],"predecessor-version":[{"id":37821,"href":"https:\/\/aptus-holland.com\/fr\/wp-json\/wp\/v2\/pages\/35034\/revisions\/37821"}],"up":[{"embeddable":true,"href":"https:\/\/aptus-holland.com\/fr\/wp-json\/wp\/v2\/pages\/34768"}],"wp:attachment":[{"href":"https:\/\/aptus-holland.com\/fr\/wp-json\/wp\/v2\/media?parent=35034"}],"curies":[{"name":"wp","href":"https:\/\/api.w.org\/{rel}","templated":true}]}}