{"id":35022,"date":"2021-11-17T12:28:12","date_gmt":"2021-11-17T12:28:12","guid":{"rendered":"https:\/\/aptus-holland.com\/produits\/micromix\/"},"modified":"2024-07-23T13:52:57","modified_gmt":"2024-07-23T13:52:57","slug":"micromix","status":"publish","type":"page","link":"https:\/\/aptus-holland.com\/fr\/produits\/micromix\/","title":{"rendered":"Micromix Soil &#038; Drip"},"content":{"rendered":"\t\t<div data-elementor-type=\"wp-page\" data-elementor-id=\"35022\" class=\"elementor elementor-35022 elementor-27985\" data-elementor-settings=\"[]\">\n\t\t\t\t\t\t\t<div class=\"elementor-section-wrap\">\n\t\t\t\t\t\t\t<section class=\"elementor-section elementor-top-section elementor-element elementor-element-cb4074c elementor-section-full_width ot-traditional elementor-section-height-default elementor-section-height-default\" data-id=\"cb4074c\" data-element_type=\"section\">\n\t\t\t\t\t\t<div class=\"elementor-container elementor-column-gap-extended\">\n\t\t\t\t\t<div class=\"elementor-column elementor-col-50 elementor-top-column elementor-element elementor-element-ccf0919 ot-column-items-top ot-flex-column-vertical\" data-id=\"ccf0919\" data-element_type=\"column\">\n\t\t\t<div class=\"elementor-widget-wrap elementor-element-populated\">\n\t\t\t\t\t\t\t\t<div class=\"elementor-element elementor-element-85abb63 product-img-aptus elementor-widget elementor-widget-image\" data-id=\"85abb63\" data-element_type=\"widget\" data-widget_type=\"image.default\">\n\t\t\t\t<div class=\"elementor-widget-container\">\n\t\t\t\t\t\t\t\t\t\t\t\t\t\t\t<img loading=\"lazy\" decoding=\"async\" width=\"800\" height=\"661\" src=\"https:\/\/aptus-holland.com\/wp-content\/uploads\/2022\/08\/aptus-holland-micrommix-soil-and-drip.png\" class=\"attachment-full size-full\" alt=\"\" srcset=\"https:\/\/aptus-holland.com\/wp-content\/uploads\/2022\/08\/aptus-holland-micrommix-soil-and-drip.png 800w, https:\/\/aptus-holland.com\/wp-content\/uploads\/2022\/08\/aptus-holland-micrommix-soil-and-drip-300x248.png 300w, https:\/\/aptus-holland.com\/wp-content\/uploads\/2022\/08\/aptus-holland-micrommix-soil-and-drip-768x635.png 768w, https:\/\/aptus-holland.com\/wp-content\/uploads\/2022\/08\/aptus-holland-micrommix-soil-and-drip-720x595.png 720w, https:\/\/aptus-holland.com\/wp-content\/uploads\/2022\/08\/aptus-holland-micrommix-soil-and-drip-24x20.png 24w, https:\/\/aptus-holland.com\/wp-content\/uploads\/2022\/08\/aptus-holland-micrommix-soil-and-drip-36x30.png 36w, https:\/\/aptus-holland.com\/wp-content\/uploads\/2022\/08\/aptus-holland-micrommix-soil-and-drip-48x40.png 48w\" sizes=\"auto, (max-width: 800px) 100vw, 800px\" \/>\t\t\t\t\t\t\t\t\t\t\t\t\t\t\t<\/div>\n\t\t\t\t<\/div>\n\t\t\t\t\t<\/div>\n\t\t<\/div>\n\t\t\t\t<div class=\"elementor-column elementor-col-50 elementor-top-column elementor-element elementor-element-9e78e1d ot-flex-column-vertical elementor-invisible\" data-id=\"9e78e1d\" data-element_type=\"column\" data-settings=\"{&quot;background_background&quot;:&quot;classic&quot;,&quot;animation&quot;:&quot;fadeInRight&quot;}\">\n\t\t\t<div class=\"elementor-widget-wrap elementor-element-populated\">\n\t\t\t\t\t\t\t\t<div class=\"elementor-element elementor-element-925ee15 elementor-widget elementor-widget-iheading\" data-id=\"925ee15\" data-element_type=\"widget\" data-widget_type=\"iheading.default\">\n\t\t\t\t<div class=\"elementor-widget-container\">\n\t\t\t\t\t<div class=\"ot-heading\">\r\n\t        \t            <span>\/\/ MICRO-VIE UTILE DU SUBSTRAT<\/span>\r\n\t        <h2 class=\"main-heading\">Micromix Soil & Drip<\/h2>\t    <\/div>\r\n\t    \t\t<\/div>\n\t\t\t\t<\/div>\n\t\t\t\t<div class=\"elementor-element elementor-element-f9ab05f elementor-widget elementor-widget-text-editor\" data-id=\"f9ab05f\" data-element_type=\"widget\" data-widget_type=\"text-editor.default\">\n\t\t\t\t<div class=\"elementor-widget-container\">\n\t\t\t\t\t\t\t\t<p>Les proc\u00e9d\u00e9s de production des substrats consistent \u00e0 \u00e9liminer toute vie par st\u00e9rilisation afin qu\u2019aucun \u00e9l\u00e9ment nuisible ne subsiste. L\u2019inconv\u00e9nient de ce processus est que les \u00e9l\u00e9ments utiles qui vivent dans ce support se trouvent \u00e9galement d\u00e9truits, ce qui rend le substrat plus sensible aux parasites et aux maladies. Parce qu\u2019elle est b\u00e9n\u00e9fique au support deculture dans lequel poussent vos plantes, une micro-vie riche est essentielle pour pr\u00e9venir les probl\u00e8mes de d\u00e9veloppement et optimiser les conditions de croissance des plantes. L\u2019ajout de Micromix Soil au support de culture permet d\u2019obtenir une micro-vie riche en bact\u00e9ries, qui offre \u00e0 vos plantes des conditions de croissance optimales.<\/p>\t\t\t\t\t\t<\/div>\n\t\t\t\t<\/div>\n\t\t\t\t\t<\/div>\n\t\t<\/div>\n\t\t\t\t\t\t\t<\/div>\n\t\t<\/section>\n\t\t\t\t<section class=\"elementor-section elementor-top-section elementor-element elementor-element-683d3b1 groene-vlakken-producten ot-traditional elementor-section-boxed elementor-section-height-default elementor-section-height-default\" data-id=\"683d3b1\" data-element_type=\"section\" data-settings=\"{&quot;background_background&quot;:&quot;classic&quot;}\">\n\t\t\t\t\t\t<div class=\"elementor-container elementor-column-gap-extended\">\n\t\t\t\t\t<div class=\"elementor-column elementor-col-50 elementor-top-column elementor-element elementor-element-9aaa582 ot-flex-column-vertical\" data-id=\"9aaa582\" data-element_type=\"column\">\n\t\t\t<div class=\"elementor-widget-wrap elementor-element-populated\">\n\t\t\t\t\t\t\t\t<div class=\"elementor-element elementor-element-d58ba4b elementor-widget elementor-widget-iheading\" data-id=\"d58ba4b\" data-element_type=\"widget\" data-widget_type=\"iheading.default\">\n\t\t\t\t<div class=\"elementor-widget-container\">\n\t\t\t\t\t<div class=\"ot-heading\">\r\n\t        <h2 class=\"main-heading\">POURQUOI UTILISER MICROMIX?<\/h2>\t    <\/div>\r\n\t    \t\t<\/div>\n\t\t\t\t<\/div>\n\t\t\t\t<div class=\"elementor-element elementor-element-b6c8371 elementor-icon-list--layout-traditional elementor-list-item-link-full_width elementor-widget elementor-widget-icon-list\" data-id=\"b6c8371\" data-element_type=\"widget\" data-widget_type=\"icon-list.default\">\n\t\t\t\t<div class=\"elementor-widget-container\">\n\t\t\t\t\t<ul class=\"elementor-icon-list-items\">\n\t\t\t\t\t\t\t<li class=\"elementor-icon-list-item\">\n\t\t\t\t\t\t\t\t\t\t\t<span class=\"elementor-icon-list-icon\">\n\t\t\t\t\t\t\t<i aria-hidden=\"true\" class=\"fas fa-check\"><\/i>\t\t\t\t\t\t<\/span>\n\t\t\t\t\t\t\t\t\t\t<span class=\"elementor-icon-list-text\">Micromix prot\u00e8ge le syst\u00e8me racinaire des moisissures et bact\u00e9ries nuisibles<\/span>\n\t\t\t\t\t\t\t\t\t<\/li>\n\t\t\t\t\t\t\t\t<li class=\"elementor-icon-list-item\">\n\t\t\t\t\t\t\t\t\t\t\t<span class=\"elementor-icon-list-icon\">\n\t\t\t\t\t\t\t<i aria-hidden=\"true\" class=\"fas fa-check\"><\/i>\t\t\t\t\t\t<\/span>\n\t\t\t\t\t\t\t\t\t\t<span class=\"elementor-icon-list-text\">Micromix stimule l\u2019enracinement et le procesus de croissance<\/span>\n\t\t\t\t\t\t\t\t\t<\/li>\n\t\t\t\t\t\t\t\t<li class=\"elementor-icon-list-item\">\n\t\t\t\t\t\t\t\t\t\t\t<span class=\"elementor-icon-list-icon\">\n\t\t\t\t\t\t\t<i aria-hidden=\"true\" class=\"fas fa-check\"><\/i>\t\t\t\t\t\t<\/span>\n\t\t\t\t\t\t\t\t\t\t<span class=\"elementor-icon-list-text\">Micromix est 100% organique<\/span>\n\t\t\t\t\t\t\t\t\t<\/li>\n\t\t\t\t\t\t<\/ul>\n\t\t\t\t<\/div>\n\t\t\t\t<\/div>\n\t\t\t\t\t<\/div>\n\t\t<\/div>\n\t\t\t\t<div class=\"elementor-column elementor-col-50 elementor-top-column elementor-element elementor-element-f46f3a7 ot-flex-column-vertical\" data-id=\"f46f3a7\" data-element_type=\"column\">\n\t\t\t<div class=\"elementor-widget-wrap elementor-element-populated\">\n\t\t\t\t\t\t\t\t<div class=\"elementor-element elementor-element-9b95014 elementor-aspect-ratio-169 elementor-widget elementor-widget-video\" data-id=\"9b95014\" data-element_type=\"widget\" data-settings=\"{&quot;youtube_url&quot;:&quot;https:\\\/\\\/www.youtube.com\\\/watch?v=SZ0Y_rkaHBI&quot;,&quot;video_type&quot;:&quot;youtube&quot;,&quot;controls&quot;:&quot;yes&quot;,&quot;aspect_ratio&quot;:&quot;169&quot;}\" data-widget_type=\"video.default\">\n\t\t\t\t<div class=\"elementor-widget-container\">\n\t\t\t\t\t<div class=\"elementor-wrapper elementor-fit-aspect-ratio elementor-open-inline\">\n\t\t\t<div class=\"elementor-video\"><\/div>\t\t<\/div>\n\t\t\t\t<\/div>\n\t\t\t\t<\/div>\n\t\t\t\t\t<\/div>\n\t\t<\/div>\n\t\t\t\t\t\t\t<\/div>\n\t\t<\/section>\n\t\t\t\t<section class=\"elementor-section elementor-top-section elementor-element elementor-element-3946652 elementor-section-full_width groene-vlakken-producten ot-traditional elementor-section-height-default elementor-section-height-default\" data-id=\"3946652\" data-element_type=\"section\" data-settings=\"{&quot;background_background&quot;:&quot;classic&quot;}\">\n\t\t\t\t\t\t<div class=\"elementor-container elementor-column-gap-extended\">\n\t\t\t\t\t<div class=\"elementor-column elementor-col-50 elementor-top-column elementor-element elementor-element-42163fa ot-flex-column-vertical\" data-id=\"42163fa\" data-element_type=\"column\" data-settings=\"{&quot;background_background&quot;:&quot;classic&quot;,&quot;animation&quot;:&quot;none&quot;}\">\n\t\t\t<div class=\"elementor-widget-wrap elementor-element-populated\">\n\t\t\t\t\t\t\t\t<div class=\"elementor-element elementor-element-adaf3f4 product-pagina-inhoud elementor-invisible elementor-widget elementor-widget-text-editor\" data-id=\"adaf3f4\" data-element_type=\"widget\" data-settings=\"{&quot;_animation_delay&quot;:600,&quot;_animation&quot;:&quot;fadeInLeft&quot;}\" data-widget_type=\"text-editor.default\">\n\t\t\t\t<div class=\"elementor-widget-container\">\n\t\t\t\t\t\t\t\t<h2>COMMENT UTILISER MICROMIX?<\/h2><p><strong>M\u00e9langer Micromix Soil<\/strong> au substrat \u00e0 raison de 0,5 g \u00e0 1 g par 1 L de substrat ou \u00e9pandre 1 g de produit dans le trou avant la (trans)plantation. Vous pouvez r\u00e9p\u00e9ter le traitement au bout de 21 jours avec Micromix Drip.<\/p><p><strong>Micromix Drip:<\/strong> Ajouter 1 g par 1 L d\u2019eau et m\u00e9langer jusqu\u2019\u00e0 ce que la solution soit enti\u00e8rement dissoute. Administrer la solution \u00e0 vos plantes. R\u00e9p\u00e9ter \u00e9ventuellement le traitement au bout de 30 jours.<\/p>\t\t\t\t\t\t<\/div>\n\t\t\t\t<\/div>\n\t\t\t\t<div class=\"elementor-element elementor-element-9d139e3 product-pagina-inhoud elementor-invisible elementor-widget elementor-widget-text-editor\" data-id=\"9d139e3\" data-element_type=\"widget\" data-settings=\"{&quot;_animation_delay&quot;:600,&quot;_animation&quot;:&quot;fadeInLeft&quot;}\" data-widget_type=\"text-editor.default\">\n\t\t\t\t<div class=\"elementor-widget-container\">\n\t\t\t\t\t\t\t\t<h2>LA COMPOSITION DE MICROMIX<\/h2><p>Micromix est une poudre disponible en deux versions : \u00e0 m\u00e9langer au substrat ou \u00e0 ajouter \u00e0 l\u2019eau d\u2019arrosage. Toutes deux contiennent un m\u00e9lange de micro-organismes et de stimulants. Les micro-organismes sont s\u00e9lectionn\u00e9s pour leurs fonctions et sp\u00e9cifiquement trait\u00e9s afin de rester stables dans le m\u00e9lange.<\/p><p>Afin de prolonger la dur\u00e9e de vie du m\u00e9lange, des supports sp\u00e9ciaux sont utilis\u00e9s pour prot\u00e9ger et nourrir les micro-organismes. Ceci garantit \u00e0 ces derniers une action stable et effective d\u00e8s que le produit est administr\u00e9.<\/p>\t\t\t\t\t\t<\/div>\n\t\t\t\t<\/div>\n\t\t\t\t\t<\/div>\n\t\t<\/div>\n\t\t\t\t<div class=\"elementor-column elementor-col-50 elementor-top-column elementor-element elementor-element-cf69460 ot-flex-column-vertical\" data-id=\"cf69460\" data-element_type=\"column\" data-settings=\"{&quot;background_background&quot;:&quot;classic&quot;}\">\n\t\t\t<div class=\"elementor-widget-wrap elementor-element-populated\">\n\t\t\t\t\t\t\t\t<div class=\"elementor-element elementor-element-5e91773 product-pagina-inhoud elementor-invisible elementor-widget elementor-widget-text-editor\" data-id=\"5e91773\" data-element_type=\"widget\" data-settings=\"{&quot;_animation_delay&quot;:600,&quot;_animation&quot;:&quot;fadeInRight&quot;}\" data-widget_type=\"text-editor.default\">\n\t\t\t\t<div class=\"elementor-widget-container\">\n\t\t\t\t\t\t\t\t<h2>COMMENT AGIT MICROMIX?<\/h2><ul><li>Les enzymes produites par les bact\u00e9ries utiles d\u00e9composent les sels de nutriments accumul\u00e9s.<\/li><li>Les populations de micro-organismes utiles prot\u00e8gent le syst\u00e8me racinaire des effets des micro-organismes nuisibles<\/li><\/ul>\t\t\t\t\t\t<\/div>\n\t\t\t\t<\/div>\n\t\t\t\t<div class=\"elementor-element elementor-element-c2492b1 product-pagina-inhoud elementor-invisible elementor-widget elementor-widget-text-editor\" data-id=\"c2492b1\" data-element_type=\"widget\" data-settings=\"{&quot;_animation_delay&quot;:600,&quot;_animation&quot;:&quot;fadeInRight&quot;}\" data-widget_type=\"text-editor.default\">\n\t\t\t\t<div class=\"elementor-widget-container\">\n\t\t\t\t\t\t\t\t<h2>ASTUCES ET CONSEILS D\u2019UTILISATEURS AVISES<\/h2><ul><li>Utiliser Micromix Soil pendant la phase de croissance afin d\u2019am\u00e9liorer la sant\u00e9 de la plante et de r\u00e9duire le taux de mortalit\u00e9 des jeunes plantes<\/li><li>Micromix Soil est adapt\u00e9 \u00e0 tous les types de substrat<\/li><\/ul>\t\t\t\t\t\t<\/div>\n\t\t\t\t<\/div>\n\t\t\t\t\t<\/div>\n\t\t<\/div>\n\t\t\t\t\t\t\t<\/div>\n\t\t<\/section>\n\t\t\t\t\t\t<\/div>\n\t\t\t\t\t<\/div>\n\t\t","protected":false},"excerpt":{"rendered":"<p>\/\/ MICRO-VIE UTILE DU SUBSTRAT Micromix Soil &#038; Drip Les proc\u00e9d\u00e9s de production des substrats consistent \u00e0 \u00e9liminer toute vie par st\u00e9rilisation afin qu\u2019aucun \u00e9l\u00e9ment nuisible ne subsiste. L\u2019inconv\u00e9nient de ce processus est que les \u00e9l\u00e9ments utiles qui vivent dans ce support se trouvent \u00e9galement d\u00e9truits, ce qui rend le substrat plus sensible aux parasites [&hellip;]<\/p>\n","protected":false},"author":2,"featured_media":0,"parent":34768,"menu_order":0,"comment_status":"closed","ping_status":"closed","template":"","meta":{"_monsterinsights_skip_tracking":false,"_monsterinsights_sitenote_active":false,"_monsterinsights_sitenote_note":"","_monsterinsights_sitenote_category":0,"footnotes":""},"class_list":["post-35022","page","type-page","status-publish","hentry"],"yoast_head":"<!-- This site is optimized with the Yoast SEO plugin v27.0 - https:\/\/yoast.com\/product\/yoast-seo-wordpress\/ -->\n<title>Micromix Soil &amp; Drip - Aptus Holland<\/title>\n<meta name=\"robots\" content=\"index, follow, max-snippet:-1, max-image-preview:large, max-video-preview:-1\" \/>\n<link rel=\"canonical\" href=\"https:\/\/aptus-holland.com\/fr\/produits\/micromix\/\" \/>\n<meta property=\"og:locale\" content=\"fr_FR\" \/>\n<meta property=\"og:type\" content=\"article\" \/>\n<meta property=\"og:title\" content=\"Micromix Soil &amp; Drip - Aptus Holland\" \/>\n<meta property=\"og:description\" content=\"\/\/ MICRO-VIE UTILE DU SUBSTRAT Micromix Soil &#038; Drip Les proc\u00e9d\u00e9s de production des substrats consistent \u00e0 \u00e9liminer toute vie par st\u00e9rilisation afin qu\u2019aucun \u00e9l\u00e9ment nuisible ne subsiste. L\u2019inconv\u00e9nient de ce processus est que les \u00e9l\u00e9ments utiles qui vivent dans ce support se trouvent \u00e9galement d\u00e9truits, ce qui rend le substrat plus sensible aux parasites [&hellip;]\" \/>\n<meta property=\"og:url\" content=\"https:\/\/aptus-holland.com\/fr\/produits\/micromix\/\" \/>\n<meta property=\"og:site_name\" content=\"Aptus Holland\" \/>\n<meta property=\"article:modified_time\" content=\"2024-07-23T13:52:57+00:00\" \/>\n<meta property=\"og:image\" content=\"http:\/\/aptus-holland.com\/wp-content\/uploads\/2022\/08\/aptus-holland-micrommix-soil-and-drip.png\" \/>\n<meta name=\"twitter:card\" content=\"summary_large_image\" \/>\n<meta name=\"twitter:label1\" content=\"Dur\u00e9e de lecture estim\u00e9e\" \/>\n\t<meta name=\"twitter:data1\" content=\"3 minutes\" \/>\n<script type=\"application\/ld+json\" class=\"yoast-schema-graph\">{\"@context\":\"https:\/\/schema.org\",\"@graph\":[{\"@type\":\"WebPage\",\"@id\":\"https:\/\/aptus-holland.com\/fr\/produits\/micromix\/\",\"url\":\"https:\/\/aptus-holland.com\/fr\/produits\/micromix\/\",\"name\":\"Micromix Soil & Drip - Aptus Holland\",\"isPartOf\":{\"@id\":\"https:\/\/aptus-holland.com\/fr\/#website\"},\"primaryImageOfPage\":{\"@id\":\"https:\/\/aptus-holland.com\/fr\/produits\/micromix\/#primaryimage\"},\"image\":{\"@id\":\"https:\/\/aptus-holland.com\/fr\/produits\/micromix\/#primaryimage\"},\"thumbnailUrl\":\"http:\/\/aptus-holland.com\/wp-content\/uploads\/2022\/08\/aptus-holland-micrommix-soil-and-drip.png\",\"datePublished\":\"2021-11-17T12:28:12+00:00\",\"dateModified\":\"2024-07-23T13:52:57+00:00\",\"breadcrumb\":{\"@id\":\"https:\/\/aptus-holland.com\/fr\/produits\/micromix\/#breadcrumb\"},\"inLanguage\":\"fr-FR\",\"potentialAction\":[{\"@type\":\"ReadAction\",\"target\":[\"https:\/\/aptus-holland.com\/fr\/produits\/micromix\/\"]}]},{\"@type\":\"ImageObject\",\"inLanguage\":\"fr-FR\",\"@id\":\"https:\/\/aptus-holland.com\/fr\/produits\/micromix\/#primaryimage\",\"url\":\"http:\/\/aptus-holland.com\/wp-content\/uploads\/2022\/08\/aptus-holland-micrommix-soil-and-drip.png\",\"contentUrl\":\"http:\/\/aptus-holland.com\/wp-content\/uploads\/2022\/08\/aptus-holland-micrommix-soil-and-drip.png\"},{\"@type\":\"BreadcrumbList\",\"@id\":\"https:\/\/aptus-holland.com\/fr\/produits\/micromix\/#breadcrumb\",\"itemListElement\":[{\"@type\":\"ListItem\",\"position\":1,\"name\":\"Home\",\"item\":\"https:\/\/aptus-holland.com\/fr\/\"},{\"@type\":\"ListItem\",\"position\":2,\"name\":\"Produits\",\"item\":\"https:\/\/aptus-holland.com\/fr\/products\/\"},{\"@type\":\"ListItem\",\"position\":3,\"name\":\"Micromix Soil &#038; Drip\"}]},{\"@type\":\"WebSite\",\"@id\":\"https:\/\/aptus-holland.com\/fr\/#website\",\"url\":\"https:\/\/aptus-holland.com\/fr\/\",\"name\":\"Aptus Holland\",\"description\":\"Plant Tech\",\"publisher\":{\"@id\":\"https:\/\/aptus-holland.com\/fr\/#organization\"},\"potentialAction\":[{\"@type\":\"SearchAction\",\"target\":{\"@type\":\"EntryPoint\",\"urlTemplate\":\"https:\/\/aptus-holland.com\/fr\/?s={search_term_string}\"},\"query-input\":{\"@type\":\"PropertyValueSpecification\",\"valueRequired\":true,\"valueName\":\"search_term_string\"}}],\"inLanguage\":\"fr-FR\"},{\"@type\":\"Organization\",\"@id\":\"https:\/\/aptus-holland.com\/fr\/#organization\",\"name\":\"Aptus Holland\",\"url\":\"https:\/\/aptus-holland.com\/fr\/\",\"logo\":{\"@type\":\"ImageObject\",\"inLanguage\":\"fr-FR\",\"@id\":\"https:\/\/aptus-holland.com\/fr\/#\/schema\/logo\/image\/\",\"url\":\"https:\/\/aptus-holland.com\/wp-content\/uploads\/2021\/07\/logo-aptus-holland.png\",\"contentUrl\":\"https:\/\/aptus-holland.com\/wp-content\/uploads\/2021\/07\/logo-aptus-holland.png\",\"width\":365,\"height\":200,\"caption\":\"Aptus Holland\"},\"image\":{\"@id\":\"https:\/\/aptus-holland.com\/fr\/#\/schema\/logo\/image\/\"}}]}<\/script>\n<!-- \/ Yoast SEO plugin. -->","yoast_head_json":{"title":"Micromix Soil & Drip - Aptus Holland","robots":{"index":"index","follow":"follow","max-snippet":"max-snippet:-1","max-image-preview":"max-image-preview:large","max-video-preview":"max-video-preview:-1"},"canonical":"https:\/\/aptus-holland.com\/fr\/produits\/micromix\/","og_locale":"fr_FR","og_type":"article","og_title":"Micromix Soil & Drip - Aptus Holland","og_description":"\/\/ MICRO-VIE UTILE DU SUBSTRAT Micromix Soil &#038; Drip Les proc\u00e9d\u00e9s de production des substrats consistent \u00e0 \u00e9liminer toute vie par st\u00e9rilisation afin qu\u2019aucun \u00e9l\u00e9ment nuisible ne subsiste. L\u2019inconv\u00e9nient de ce processus est que les \u00e9l\u00e9ments utiles qui vivent dans ce support se trouvent \u00e9galement d\u00e9truits, ce qui rend le substrat plus sensible aux parasites [&hellip;]","og_url":"https:\/\/aptus-holland.com\/fr\/produits\/micromix\/","og_site_name":"Aptus Holland","article_modified_time":"2024-07-23T13:52:57+00:00","og_image":[{"url":"http:\/\/aptus-holland.com\/wp-content\/uploads\/2022\/08\/aptus-holland-micrommix-soil-and-drip.png","type":"","width":"","height":""}],"twitter_card":"summary_large_image","twitter_misc":{"Dur\u00e9e de lecture estim\u00e9e":"3 minutes"},"schema":{"@context":"https:\/\/schema.org","@graph":[{"@type":"WebPage","@id":"https:\/\/aptus-holland.com\/fr\/produits\/micromix\/","url":"https:\/\/aptus-holland.com\/fr\/produits\/micromix\/","name":"Micromix Soil & Drip - Aptus Holland","isPartOf":{"@id":"https:\/\/aptus-holland.com\/fr\/#website"},"primaryImageOfPage":{"@id":"https:\/\/aptus-holland.com\/fr\/produits\/micromix\/#primaryimage"},"image":{"@id":"https:\/\/aptus-holland.com\/fr\/produits\/micromix\/#primaryimage"},"thumbnailUrl":"http:\/\/aptus-holland.com\/wp-content\/uploads\/2022\/08\/aptus-holland-micrommix-soil-and-drip.png","datePublished":"2021-11-17T12:28:12+00:00","dateModified":"2024-07-23T13:52:57+00:00","breadcrumb":{"@id":"https:\/\/aptus-holland.com\/fr\/produits\/micromix\/#breadcrumb"},"inLanguage":"fr-FR","potentialAction":[{"@type":"ReadAction","target":["https:\/\/aptus-holland.com\/fr\/produits\/micromix\/"]}]},{"@type":"ImageObject","inLanguage":"fr-FR","@id":"https:\/\/aptus-holland.com\/fr\/produits\/micromix\/#primaryimage","url":"http:\/\/aptus-holland.com\/wp-content\/uploads\/2022\/08\/aptus-holland-micrommix-soil-and-drip.png","contentUrl":"http:\/\/aptus-holland.com\/wp-content\/uploads\/2022\/08\/aptus-holland-micrommix-soil-and-drip.png"},{"@type":"BreadcrumbList","@id":"https:\/\/aptus-holland.com\/fr\/produits\/micromix\/#breadcrumb","itemListElement":[{"@type":"ListItem","position":1,"name":"Home","item":"https:\/\/aptus-holland.com\/fr\/"},{"@type":"ListItem","position":2,"name":"Produits","item":"https:\/\/aptus-holland.com\/fr\/products\/"},{"@type":"ListItem","position":3,"name":"Micromix Soil &#038; Drip"}]},{"@type":"WebSite","@id":"https:\/\/aptus-holland.com\/fr\/#website","url":"https:\/\/aptus-holland.com\/fr\/","name":"Aptus Holland","description":"Plant Tech","publisher":{"@id":"https:\/\/aptus-holland.com\/fr\/#organization"},"potentialAction":[{"@type":"SearchAction","target":{"@type":"EntryPoint","urlTemplate":"https:\/\/aptus-holland.com\/fr\/?s={search_term_string}"},"query-input":{"@type":"PropertyValueSpecification","valueRequired":true,"valueName":"search_term_string"}}],"inLanguage":"fr-FR"},{"@type":"Organization","@id":"https:\/\/aptus-holland.com\/fr\/#organization","name":"Aptus Holland","url":"https:\/\/aptus-holland.com\/fr\/","logo":{"@type":"ImageObject","inLanguage":"fr-FR","@id":"https:\/\/aptus-holland.com\/fr\/#\/schema\/logo\/image\/","url":"https:\/\/aptus-holland.com\/wp-content\/uploads\/2021\/07\/logo-aptus-holland.png","contentUrl":"https:\/\/aptus-holland.com\/wp-content\/uploads\/2021\/07\/logo-aptus-holland.png","width":365,"height":200,"caption":"Aptus Holland"},"image":{"@id":"https:\/\/aptus-holland.com\/fr\/#\/schema\/logo\/image\/"}}]}},"_links":{"self":[{"href":"https:\/\/aptus-holland.com\/fr\/wp-json\/wp\/v2\/pages\/35022","targetHints":{"allow":["GET"]}}],"collection":[{"href":"https:\/\/aptus-holland.com\/fr\/wp-json\/wp\/v2\/pages"}],"about":[{"href":"https:\/\/aptus-holland.com\/fr\/wp-json\/wp\/v2\/types\/page"}],"author":[{"embeddable":true,"href":"https:\/\/aptus-holland.com\/fr\/wp-json\/wp\/v2\/users\/2"}],"replies":[{"embeddable":true,"href":"https:\/\/aptus-holland.com\/fr\/wp-json\/wp\/v2\/comments?post=35022"}],"version-history":[{"count":7,"href":"https:\/\/aptus-holland.com\/fr\/wp-json\/wp\/v2\/pages\/35022\/revisions"}],"predecessor-version":[{"id":37881,"href":"https:\/\/aptus-holland.com\/fr\/wp-json\/wp\/v2\/pages\/35022\/revisions\/37881"}],"up":[{"embeddable":true,"href":"https:\/\/aptus-holland.com\/fr\/wp-json\/wp\/v2\/pages\/34768"}],"wp:attachment":[{"href":"https:\/\/aptus-holland.com\/fr\/wp-json\/wp\/v2\/media?parent=35022"}],"curies":[{"name":"wp","href":"https:\/\/api.w.org\/{rel}","templated":true}]}}