{"id":35013,"date":"2021-11-17T12:23:35","date_gmt":"2021-11-17T12:23:35","guid":{"rendered":"https:\/\/aptus-holland.com\/produits\/humic-blast\/"},"modified":"2023-08-18T14:23:45","modified_gmt":"2023-08-18T14:23:45","slug":"humic-blast","status":"publish","type":"page","link":"https:\/\/aptus-holland.com\/fr\/produits\/humic-blast\/","title":{"rendered":"Humic-Blast"},"content":{"rendered":"\t\t<div data-elementor-type=\"wp-page\" data-elementor-id=\"35013\" class=\"elementor elementor-35013 elementor-27980\" data-elementor-settings=\"[]\">\n\t\t\t\t\t\t\t<div class=\"elementor-section-wrap\">\n\t\t\t\t\t\t\t<section class=\"elementor-section elementor-top-section elementor-element elementor-element-cb4074c elementor-section-full_width ot-traditional elementor-section-height-default elementor-section-height-default\" data-id=\"cb4074c\" data-element_type=\"section\">\n\t\t\t\t\t\t<div class=\"elementor-container elementor-column-gap-extended\">\n\t\t\t\t\t<div class=\"elementor-column elementor-col-50 elementor-top-column elementor-element elementor-element-ccf0919 ot-column-items-top ot-flex-column-vertical\" data-id=\"ccf0919\" data-element_type=\"column\">\n\t\t\t<div class=\"elementor-widget-wrap elementor-element-populated\">\n\t\t\t\t\t\t\t\t<div class=\"elementor-element elementor-element-85abb63 product-img-aptus elementor-widget elementor-widget-image\" data-id=\"85abb63\" data-element_type=\"widget\" data-widget_type=\"image.default\">\n\t\t\t\t<div class=\"elementor-widget-container\">\n\t\t\t\t\t\t\t\t\t\t\t\t\t\t\t<img loading=\"lazy\" decoding=\"async\" width=\"800\" height=\"661\" src=\"https:\/\/aptus-holland.com\/wp-content\/uploads\/2021\/12\/Aptus-Holland-Humic-blast-fam.png\" class=\"attachment-full size-full\" alt=\"\" srcset=\"https:\/\/aptus-holland.com\/wp-content\/uploads\/2021\/12\/Aptus-Holland-Humic-blast-fam.png 800w, https:\/\/aptus-holland.com\/wp-content\/uploads\/2021\/12\/Aptus-Holland-Humic-blast-fam-300x248.png 300w, https:\/\/aptus-holland.com\/wp-content\/uploads\/2021\/12\/Aptus-Holland-Humic-blast-fam-768x635.png 768w, https:\/\/aptus-holland.com\/wp-content\/uploads\/2021\/12\/Aptus-Holland-Humic-blast-fam-720x595.png 720w\" sizes=\"auto, (max-width: 800px) 100vw, 800px\" \/>\t\t\t\t\t\t\t\t\t\t\t\t\t\t\t<\/div>\n\t\t\t\t<\/div>\n\t\t\t\t\t<\/div>\n\t\t<\/div>\n\t\t\t\t<div class=\"elementor-column elementor-col-50 elementor-top-column elementor-element elementor-element-9e78e1d ot-flex-column-vertical elementor-invisible\" data-id=\"9e78e1d\" data-element_type=\"column\" data-settings=\"{&quot;background_background&quot;:&quot;classic&quot;,&quot;animation&quot;:&quot;fadeInRight&quot;}\">\n\t\t\t<div class=\"elementor-widget-wrap elementor-element-populated\">\n\t\t\t\t\t\t\t\t<div class=\"elementor-element elementor-element-925ee15 elementor-widget elementor-widget-iheading\" data-id=\"925ee15\" data-element_type=\"widget\" data-widget_type=\"iheading.default\">\n\t\t\t\t<div class=\"elementor-widget-container\">\n\t\t\t\t\t<div class=\"ot-heading\">\r\n\t        \t            <span>\/\/ PRODUIT ORGANIQUE POUR L\u2019AMENDEMENT DES SOLS<\/span>\r\n\t        <h2 class=\"main-heading\">Humic-Blast<\/h2>\t    <\/div>\r\n\t    \t\t<\/div>\n\t\t\t\t<\/div>\n\t\t\t\t<div class=\"elementor-element elementor-element-f9ab05f elementor-widget elementor-widget-text-editor\" data-id=\"f9ab05f\" data-element_type=\"widget\" data-widget_type=\"text-editor.default\">\n\t\t\t\t<div class=\"elementor-widget-container\">\n\t\t\t\t\t\t\t\t<p>Humic-Blast est un produit organique d\u2019amendement des sols, qui am\u00e9liore la capacit\u00e9 des plantes \u00e0 absorber les nutriments. Ce produit \u00e9quilibre la charge des supports de culture en cr\u00e9ant une structure a\u00e9r\u00e9e, et am\u00e9liore la r\u00e9tention en eau. Humic-Blast neutralise les d\u00e9p\u00f4ts d\u2019acides et de sels dans le support, d\u00e9bloquant les nutriments existants. Humic-Blast est riche en humates de carbone et de potassium et contient \u00e9galement des hormones v\u00e9g\u00e9tales naturelles et des micro-\u00e9l\u00e9ments.<\/p>\t\t\t\t\t\t<\/div>\n\t\t\t\t<\/div>\n\t\t\t\t\t<\/div>\n\t\t<\/div>\n\t\t\t\t\t\t\t<\/div>\n\t\t<\/section>\n\t\t\t\t<section class=\"elementor-section elementor-top-section elementor-element elementor-element-683d3b1 groene-vlakken-producten ot-traditional elementor-section-boxed elementor-section-height-default elementor-section-height-default\" data-id=\"683d3b1\" data-element_type=\"section\" data-settings=\"{&quot;background_background&quot;:&quot;classic&quot;}\">\n\t\t\t\t\t\t<div class=\"elementor-container elementor-column-gap-extended\">\n\t\t\t\t\t<div class=\"elementor-column elementor-col-50 elementor-top-column elementor-element elementor-element-9aaa582 ot-flex-column-vertical\" data-id=\"9aaa582\" data-element_type=\"column\">\n\t\t\t<div class=\"elementor-widget-wrap elementor-element-populated\">\n\t\t\t\t\t\t\t\t<div class=\"elementor-element elementor-element-d58ba4b elementor-widget elementor-widget-iheading\" data-id=\"d58ba4b\" data-element_type=\"widget\" data-widget_type=\"iheading.default\">\n\t\t\t\t<div class=\"elementor-widget-container\">\n\t\t\t\t\t<div class=\"ot-heading\">\r\n\t        <h2 class=\"main-heading\">POURQUOI UTILISER HUMIC-BLAST?<\/h2>\t    <\/div>\r\n\t    \t\t<\/div>\n\t\t\t\t<\/div>\n\t\t\t\t<div class=\"elementor-element elementor-element-b6c8371 elementor-icon-list--layout-traditional elementor-list-item-link-full_width elementor-widget elementor-widget-icon-list\" data-id=\"b6c8371\" data-element_type=\"widget\" data-widget_type=\"icon-list.default\">\n\t\t\t\t<div class=\"elementor-widget-container\">\n\t\t\t\t\t<ul class=\"elementor-icon-list-items\">\n\t\t\t\t\t\t\t<li class=\"elementor-icon-list-item\">\n\t\t\t\t\t\t\t\t\t\t\t<span class=\"elementor-icon-list-icon\">\n\t\t\t\t\t\t\t<i aria-hidden=\"true\" class=\"fas fa-check\"><\/i>\t\t\t\t\t\t<\/span>\n\t\t\t\t\t\t\t\t\t\t<span class=\"elementor-icon-list-text\">Humic-Blast booste le processus de d\u00e9veloppement des jeunes plantes<\/span>\n\t\t\t\t\t\t\t\t\t<\/li>\n\t\t\t\t\t\t\t\t<li class=\"elementor-icon-list-item\">\n\t\t\t\t\t\t\t\t\t\t\t<span class=\"elementor-icon-list-icon\">\n\t\t\t\t\t\t\t<i aria-hidden=\"true\" class=\"fas fa-check\"><\/i>\t\t\t\t\t\t<\/span>\n\t\t\t\t\t\t\t\t\t\t<span class=\"elementor-icon-list-text\">Humic-Blast stimule la production naturelle d\u2019hormones<\/span>\n\t\t\t\t\t\t\t\t\t<\/li>\n\t\t\t\t\t\t\t\t<li class=\"elementor-icon-list-item\">\n\t\t\t\t\t\t\t\t\t\t\t<span class=\"elementor-icon-list-icon\">\n\t\t\t\t\t\t\t<i aria-hidden=\"true\" class=\"fas fa-check\"><\/i>\t\t\t\t\t\t<\/span>\n\t\t\t\t\t\t\t\t\t\t<span class=\"elementor-icon-list-text\">Humic-Blast est un produit organique d\u2019amendement des sols<\/span>\n\t\t\t\t\t\t\t\t\t<\/li>\n\t\t\t\t\t\t\t\t<li class=\"elementor-icon-list-item\">\n\t\t\t\t\t\t\t\t\t\t\t<span class=\"elementor-icon-list-icon\">\n\t\t\t\t\t\t\t<i aria-hidden=\"true\" class=\"fas fa-check\"><\/i>\t\t\t\t\t\t<\/span>\n\t\t\t\t\t\t\t\t\t\t<span class=\"elementor-icon-list-text\">Humic-Blast am\u00e9liore la r\u00e9tention d\u2019eau<\/span>\n\t\t\t\t\t\t\t\t\t<\/li>\n\t\t\t\t\t\t\t\t<li class=\"elementor-icon-list-item\">\n\t\t\t\t\t\t\t\t\t\t\t<span class=\"elementor-icon-list-icon\">\n\t\t\t\t\t\t\t<i aria-hidden=\"true\" class=\"fas fa-check\"><\/i>\t\t\t\t\t\t<\/span>\n\t\t\t\t\t\t\t\t\t\t<span class=\"elementor-icon-list-text\">Humic-Blast am\u00e9liore la capacit\u00e9 naturelle des plantes \u00e0 absorber les nutriments<\/span>\n\t\t\t\t\t\t\t\t\t<\/li>\n\t\t\t\t\t\t\t\t<li class=\"elementor-icon-list-item\">\n\t\t\t\t\t\t\t\t\t\t\t<span class=\"elementor-icon-list-icon\">\n\t\t\t\t\t\t\t<i aria-hidden=\"true\" class=\"fas fa-check\"><\/i>\t\t\t\t\t\t<\/span>\n\t\t\t\t\t\t\t\t\t\t<span class=\"elementor-icon-list-text\">Humic-Blast poss\u00e8de un effet d\u00e9toxifiant qui d\u00e9barrasse le support de culture des m\u00e9taux lourds (m\u00e9taux lourds, compos\u00e9s chlor\u00e9s, aluminium et sodium)<\/span>\n\t\t\t\t\t\t\t\t\t<\/li>\n\t\t\t\t\t\t\t\t<li class=\"elementor-icon-list-item\">\n\t\t\t\t\t\t\t\t\t\t\t<span class=\"elementor-icon-list-icon\">\n\t\t\t\t\t\t\t<i aria-hidden=\"true\" class=\"fas fa-check\"><\/i>\t\t\t\t\t\t<\/span>\n\t\t\t\t\t\t\t\t\t\t<span class=\"elementor-icon-list-text\">Humic-Blast permet sans risque la r\u00e9utilisation de vos supports de culture sur de nombreux cycles<\/span>\n\t\t\t\t\t\t\t\t\t<\/li>\n\t\t\t\t\t\t<\/ul>\n\t\t\t\t<\/div>\n\t\t\t\t<\/div>\n\t\t\t\t\t<\/div>\n\t\t<\/div>\n\t\t\t\t<div class=\"elementor-column elementor-col-50 elementor-top-column elementor-element elementor-element-f46f3a7 ot-flex-column-vertical\" data-id=\"f46f3a7\" data-element_type=\"column\">\n\t\t\t<div class=\"elementor-widget-wrap elementor-element-populated\">\n\t\t\t\t\t\t\t\t<div class=\"elementor-element elementor-element-9b95014 elementor-aspect-ratio-169 elementor-widget elementor-widget-video\" data-id=\"9b95014\" data-element_type=\"widget\" data-settings=\"{&quot;youtube_url&quot;:&quot;https:\\\/\\\/www.youtube.com\\\/watch?v=NfcU9MBE29A&amp;ab_channel=AptusPlantTech&quot;,&quot;video_type&quot;:&quot;youtube&quot;,&quot;controls&quot;:&quot;yes&quot;,&quot;aspect_ratio&quot;:&quot;169&quot;}\" data-widget_type=\"video.default\">\n\t\t\t\t<div class=\"elementor-widget-container\">\n\t\t\t\t\t<div class=\"elementor-wrapper elementor-fit-aspect-ratio elementor-open-inline\">\n\t\t\t<div class=\"elementor-video\"><\/div>\t\t<\/div>\n\t\t\t\t<\/div>\n\t\t\t\t<\/div>\n\t\t\t\t\t<\/div>\n\t\t<\/div>\n\t\t\t\t\t\t\t<\/div>\n\t\t<\/section>\n\t\t\t\t<section class=\"elementor-section elementor-top-section elementor-element elementor-element-3946652 elementor-section-full_width groene-vlakken-producten ot-traditional elementor-section-height-default elementor-section-height-default\" data-id=\"3946652\" data-element_type=\"section\" data-settings=\"{&quot;background_background&quot;:&quot;classic&quot;}\">\n\t\t\t\t\t\t<div class=\"elementor-container elementor-column-gap-extended\">\n\t\t\t\t\t<div class=\"elementor-column elementor-col-50 elementor-top-column elementor-element elementor-element-42163fa ot-flex-column-vertical\" data-id=\"42163fa\" data-element_type=\"column\" data-settings=\"{&quot;background_background&quot;:&quot;classic&quot;,&quot;animation&quot;:&quot;none&quot;}\">\n\t\t\t<div class=\"elementor-widget-wrap elementor-element-populated\">\n\t\t\t\t\t\t\t\t<div class=\"elementor-element elementor-element-adaf3f4 product-pagina-inhoud elementor-invisible elementor-widget elementor-widget-text-editor\" data-id=\"adaf3f4\" data-element_type=\"widget\" data-settings=\"{&quot;_animation_delay&quot;:600,&quot;_animation&quot;:&quot;fadeInLeft&quot;}\" data-widget_type=\"text-editor.default\">\n\t\t\t\t<div class=\"elementor-widget-container\">\n\t\t\t\t\t\t\t\t<h2>COMMENT UTILISER HUMIC-BLAST?<\/h2><p>Utiliser Humic-Blast lors des 2 ou 3 derniers arrosages, \u00e0 raison de 3 ml pour 10 L d\u2019eau. Pour le dernier arrosage, diluer \u00e0 raison de 6 ml pour 10 L d\u2019eau.<\/p><p>Bien agiter avant l\u2019emploi.<\/p>\t\t\t\t\t\t<\/div>\n\t\t\t\t<\/div>\n\t\t\t\t<div class=\"elementor-element elementor-element-9d139e3 product-pagina-inhoud elementor-invisible elementor-widget elementor-widget-text-editor\" data-id=\"9d139e3\" data-element_type=\"widget\" data-settings=\"{&quot;_animation_delay&quot;:600,&quot;_animation&quot;:&quot;fadeInLeft&quot;}\" data-widget_type=\"text-editor.default\">\n\t\t\t\t<div class=\"elementor-widget-container\">\n\t\t\t\t\t\t\t\t<h2>LA COMPOSITION DE HUMIC-BLAST<\/h2><ul><li>Acide humique issu de L\u00e9onardite<\/li><li>Biomasse dont la micro-vie est issue de la fermentation contr\u00f4l\u00e9e de souches sp\u00e9cifiquement s\u00e9lectionn\u00e9es<\/li><li>Acides amin\u00e9s L favorisant la croissance<\/li><li>Extraits v\u00e9g\u00e9taux sp\u00e9cifiques<\/li><\/ul>\t\t\t\t\t\t<\/div>\n\t\t\t\t<\/div>\n\t\t\t\t\t<\/div>\n\t\t<\/div>\n\t\t\t\t<div class=\"elementor-column elementor-col-50 elementor-top-column elementor-element elementor-element-cf69460 ot-flex-column-vertical\" data-id=\"cf69460\" data-element_type=\"column\" data-settings=\"{&quot;background_background&quot;:&quot;classic&quot;}\">\n\t\t\t<div class=\"elementor-widget-wrap elementor-element-populated\">\n\t\t\t\t\t\t\t\t<div class=\"elementor-element elementor-element-5e91773 product-pagina-inhoud elementor-invisible elementor-widget elementor-widget-text-editor\" data-id=\"5e91773\" data-element_type=\"widget\" data-settings=\"{&quot;_animation_delay&quot;:600,&quot;_animation&quot;:&quot;fadeInRight&quot;}\" data-widget_type=\"text-editor.default\">\n\t\t\t\t<div class=\"elementor-widget-container\">\n\t\t\t\t\t\t\t\t<h2>COMMENT AGIT HUMIC-BLAST?<\/h2><ul><li>L\u2019acide humique stocke les nutriments dans le substrat jusqu\u2019\u00e0 ce que la plante soit pr\u00eate \u00e0 les absorber<\/li><li>Humic-Blast cr\u00e9\u00e9e une structure de sol b\u00e9n\u00e9fique en accroissant la r\u00e9tention de l\u2019eau, en \u00e9quilibrant la CEC (capacit\u00e9 d\u2019\u00e9change de cations), en d\u00e9composant les sels et en restaurant la structure du sol<\/li><li>Humic-Blast r\u00e9gule les taux de sels nutritifs dans le substrat<\/li><li>L\u2019acide humique du support de culture stimule et d\u00e9veloppe l\u2019activit\u00e9 de la micro-vie<\/li><\/ul>\t\t\t\t\t\t<\/div>\n\t\t\t\t<\/div>\n\t\t\t\t<div class=\"elementor-element elementor-element-c2492b1 product-pagina-inhoud elementor-invisible elementor-widget elementor-widget-text-editor\" data-id=\"c2492b1\" data-element_type=\"widget\" data-settings=\"{&quot;_animation_delay&quot;:600,&quot;_animation&quot;:&quot;fadeInRight&quot;}\" data-widget_type=\"text-editor.default\">\n\t\t\t\t<div class=\"elementor-widget-container\">\n\t\t\t\t\t\t\t\t<h2>ASTUCES ET CONSEILS D\u2019UTILISATEURS AVISES<\/h2><ul><li>Utiliser Humic-Blast pour amender les nouveaux supports de culture avant plantation<\/li><li>Utiliser Humic-Blast lors des 2 ou 3 derniers arrosages ou, si ce n\u2019est pas possible, rincer le substrat \u00e0 grande eau additionn\u00e9e de Humic-Blast dans le courant de la derni\u00e8re semaine. Cette op\u00e9ration pr\u00e9pare le support pour son utilisation lors du cycle suivant<\/li><\/ul>\t\t\t\t\t\t<\/div>\n\t\t\t\t<\/div>\n\t\t\t\t\t<\/div>\n\t\t<\/div>\n\t\t\t\t\t\t\t<\/div>\n\t\t<\/section>\n\t\t\t\t\t\t<\/div>\n\t\t\t\t\t<\/div>\n\t\t","protected":false},"excerpt":{"rendered":"<p>\/\/ PRODUIT ORGANIQUE POUR L\u2019AMENDEMENT DES SOLS Humic-Blast Humic-Blast est un produit organique d\u2019amendement des sols, qui am\u00e9liore la capacit\u00e9 des plantes \u00e0 absorber les nutriments. Ce produit \u00e9quilibre la charge des supports de culture en cr\u00e9ant une structure a\u00e9r\u00e9e, et am\u00e9liore la r\u00e9tention en eau. Humic-Blast neutralise les d\u00e9p\u00f4ts d\u2019acides et de sels dans [&hellip;]<\/p>\n","protected":false},"author":2,"featured_media":0,"parent":34768,"menu_order":0,"comment_status":"closed","ping_status":"closed","template":"","meta":{"_monsterinsights_skip_tracking":false,"_monsterinsights_sitenote_active":false,"_monsterinsights_sitenote_note":"","_monsterinsights_sitenote_category":0,"footnotes":""},"class_list":["post-35013","page","type-page","status-publish","hentry"],"yoast_head":"<!-- This site is optimized with the Yoast SEO plugin v27.0 - https:\/\/yoast.com\/product\/yoast-seo-wordpress\/ -->\n<title>Humic-Blast - Aptus Holland<\/title>\n<meta name=\"robots\" content=\"index, follow, max-snippet:-1, max-image-preview:large, max-video-preview:-1\" \/>\n<link rel=\"canonical\" href=\"https:\/\/aptus-holland.com\/fr\/produits\/humic-blast\/\" \/>\n<meta property=\"og:locale\" content=\"fr_FR\" \/>\n<meta property=\"og:type\" content=\"article\" \/>\n<meta property=\"og:title\" content=\"Humic-Blast - Aptus Holland\" \/>\n<meta property=\"og:description\" content=\"\/\/ PRODUIT ORGANIQUE POUR L\u2019AMENDEMENT DES SOLS Humic-Blast Humic-Blast est un produit organique d\u2019amendement des sols, qui am\u00e9liore la capacit\u00e9 des plantes \u00e0 absorber les nutriments. Ce produit \u00e9quilibre la charge des supports de culture en cr\u00e9ant une structure a\u00e9r\u00e9e, et am\u00e9liore la r\u00e9tention en eau. Humic-Blast neutralise les d\u00e9p\u00f4ts d\u2019acides et de sels dans [&hellip;]\" \/>\n<meta property=\"og:url\" content=\"https:\/\/aptus-holland.com\/fr\/produits\/humic-blast\/\" \/>\n<meta property=\"og:site_name\" content=\"Aptus Holland\" \/>\n<meta property=\"article:modified_time\" content=\"2023-08-18T14:23:45+00:00\" \/>\n<meta property=\"og:image\" content=\"http:\/\/aptus-holland.com\/wp-content\/uploads\/2021\/12\/Aptus-Holland-Humic-blast-fam.png\" \/>\n<meta name=\"twitter:card\" content=\"summary_large_image\" \/>\n<meta name=\"twitter:label1\" content=\"Dur\u00e9e de lecture estim\u00e9e\" \/>\n\t<meta name=\"twitter:data1\" content=\"3 minutes\" \/>\n<script type=\"application\/ld+json\" class=\"yoast-schema-graph\">{\"@context\":\"https:\/\/schema.org\",\"@graph\":[{\"@type\":\"WebPage\",\"@id\":\"https:\/\/aptus-holland.com\/fr\/produits\/humic-blast\/\",\"url\":\"https:\/\/aptus-holland.com\/fr\/produits\/humic-blast\/\",\"name\":\"Humic-Blast - Aptus Holland\",\"isPartOf\":{\"@id\":\"https:\/\/aptus-holland.com\/fr\/#website\"},\"primaryImageOfPage\":{\"@id\":\"https:\/\/aptus-holland.com\/fr\/produits\/humic-blast\/#primaryimage\"},\"image\":{\"@id\":\"https:\/\/aptus-holland.com\/fr\/produits\/humic-blast\/#primaryimage\"},\"thumbnailUrl\":\"http:\/\/aptus-holland.com\/wp-content\/uploads\/2021\/12\/Aptus-Holland-Humic-blast-fam.png\",\"datePublished\":\"2021-11-17T12:23:35+00:00\",\"dateModified\":\"2023-08-18T14:23:45+00:00\",\"breadcrumb\":{\"@id\":\"https:\/\/aptus-holland.com\/fr\/produits\/humic-blast\/#breadcrumb\"},\"inLanguage\":\"fr-FR\",\"potentialAction\":[{\"@type\":\"ReadAction\",\"target\":[\"https:\/\/aptus-holland.com\/fr\/produits\/humic-blast\/\"]}]},{\"@type\":\"ImageObject\",\"inLanguage\":\"fr-FR\",\"@id\":\"https:\/\/aptus-holland.com\/fr\/produits\/humic-blast\/#primaryimage\",\"url\":\"http:\/\/aptus-holland.com\/wp-content\/uploads\/2021\/12\/Aptus-Holland-Humic-blast-fam.png\",\"contentUrl\":\"http:\/\/aptus-holland.com\/wp-content\/uploads\/2021\/12\/Aptus-Holland-Humic-blast-fam.png\"},{\"@type\":\"BreadcrumbList\",\"@id\":\"https:\/\/aptus-holland.com\/fr\/produits\/humic-blast\/#breadcrumb\",\"itemListElement\":[{\"@type\":\"ListItem\",\"position\":1,\"name\":\"Home\",\"item\":\"https:\/\/aptus-holland.com\/fr\/\"},{\"@type\":\"ListItem\",\"position\":2,\"name\":\"Produits\",\"item\":\"https:\/\/aptus-holland.com\/fr\/products\/\"},{\"@type\":\"ListItem\",\"position\":3,\"name\":\"Humic-Blast\"}]},{\"@type\":\"WebSite\",\"@id\":\"https:\/\/aptus-holland.com\/fr\/#website\",\"url\":\"https:\/\/aptus-holland.com\/fr\/\",\"name\":\"Aptus Holland\",\"description\":\"Plant Tech\",\"publisher\":{\"@id\":\"https:\/\/aptus-holland.com\/fr\/#organization\"},\"potentialAction\":[{\"@type\":\"SearchAction\",\"target\":{\"@type\":\"EntryPoint\",\"urlTemplate\":\"https:\/\/aptus-holland.com\/fr\/?s={search_term_string}\"},\"query-input\":{\"@type\":\"PropertyValueSpecification\",\"valueRequired\":true,\"valueName\":\"search_term_string\"}}],\"inLanguage\":\"fr-FR\"},{\"@type\":\"Organization\",\"@id\":\"https:\/\/aptus-holland.com\/fr\/#organization\",\"name\":\"Aptus Holland\",\"url\":\"https:\/\/aptus-holland.com\/fr\/\",\"logo\":{\"@type\":\"ImageObject\",\"inLanguage\":\"fr-FR\",\"@id\":\"https:\/\/aptus-holland.com\/fr\/#\/schema\/logo\/image\/\",\"url\":\"https:\/\/aptus-holland.com\/wp-content\/uploads\/2021\/07\/logo-aptus-holland.png\",\"contentUrl\":\"https:\/\/aptus-holland.com\/wp-content\/uploads\/2021\/07\/logo-aptus-holland.png\",\"width\":365,\"height\":200,\"caption\":\"Aptus Holland\"},\"image\":{\"@id\":\"https:\/\/aptus-holland.com\/fr\/#\/schema\/logo\/image\/\"}}]}<\/script>\n<!-- \/ Yoast SEO plugin. -->","yoast_head_json":{"title":"Humic-Blast - Aptus Holland","robots":{"index":"index","follow":"follow","max-snippet":"max-snippet:-1","max-image-preview":"max-image-preview:large","max-video-preview":"max-video-preview:-1"},"canonical":"https:\/\/aptus-holland.com\/fr\/produits\/humic-blast\/","og_locale":"fr_FR","og_type":"article","og_title":"Humic-Blast - Aptus Holland","og_description":"\/\/ PRODUIT ORGANIQUE POUR L\u2019AMENDEMENT DES SOLS Humic-Blast Humic-Blast est un produit organique d\u2019amendement des sols, qui am\u00e9liore la capacit\u00e9 des plantes \u00e0 absorber les nutriments. Ce produit \u00e9quilibre la charge des supports de culture en cr\u00e9ant une structure a\u00e9r\u00e9e, et am\u00e9liore la r\u00e9tention en eau. Humic-Blast neutralise les d\u00e9p\u00f4ts d\u2019acides et de sels dans [&hellip;]","og_url":"https:\/\/aptus-holland.com\/fr\/produits\/humic-blast\/","og_site_name":"Aptus Holland","article_modified_time":"2023-08-18T14:23:45+00:00","og_image":[{"url":"http:\/\/aptus-holland.com\/wp-content\/uploads\/2021\/12\/Aptus-Holland-Humic-blast-fam.png","type":"","width":"","height":""}],"twitter_card":"summary_large_image","twitter_misc":{"Dur\u00e9e de lecture estim\u00e9e":"3 minutes"},"schema":{"@context":"https:\/\/schema.org","@graph":[{"@type":"WebPage","@id":"https:\/\/aptus-holland.com\/fr\/produits\/humic-blast\/","url":"https:\/\/aptus-holland.com\/fr\/produits\/humic-blast\/","name":"Humic-Blast - Aptus Holland","isPartOf":{"@id":"https:\/\/aptus-holland.com\/fr\/#website"},"primaryImageOfPage":{"@id":"https:\/\/aptus-holland.com\/fr\/produits\/humic-blast\/#primaryimage"},"image":{"@id":"https:\/\/aptus-holland.com\/fr\/produits\/humic-blast\/#primaryimage"},"thumbnailUrl":"http:\/\/aptus-holland.com\/wp-content\/uploads\/2021\/12\/Aptus-Holland-Humic-blast-fam.png","datePublished":"2021-11-17T12:23:35+00:00","dateModified":"2023-08-18T14:23:45+00:00","breadcrumb":{"@id":"https:\/\/aptus-holland.com\/fr\/produits\/humic-blast\/#breadcrumb"},"inLanguage":"fr-FR","potentialAction":[{"@type":"ReadAction","target":["https:\/\/aptus-holland.com\/fr\/produits\/humic-blast\/"]}]},{"@type":"ImageObject","inLanguage":"fr-FR","@id":"https:\/\/aptus-holland.com\/fr\/produits\/humic-blast\/#primaryimage","url":"http:\/\/aptus-holland.com\/wp-content\/uploads\/2021\/12\/Aptus-Holland-Humic-blast-fam.png","contentUrl":"http:\/\/aptus-holland.com\/wp-content\/uploads\/2021\/12\/Aptus-Holland-Humic-blast-fam.png"},{"@type":"BreadcrumbList","@id":"https:\/\/aptus-holland.com\/fr\/produits\/humic-blast\/#breadcrumb","itemListElement":[{"@type":"ListItem","position":1,"name":"Home","item":"https:\/\/aptus-holland.com\/fr\/"},{"@type":"ListItem","position":2,"name":"Produits","item":"https:\/\/aptus-holland.com\/fr\/products\/"},{"@type":"ListItem","position":3,"name":"Humic-Blast"}]},{"@type":"WebSite","@id":"https:\/\/aptus-holland.com\/fr\/#website","url":"https:\/\/aptus-holland.com\/fr\/","name":"Aptus Holland","description":"Plant Tech","publisher":{"@id":"https:\/\/aptus-holland.com\/fr\/#organization"},"potentialAction":[{"@type":"SearchAction","target":{"@type":"EntryPoint","urlTemplate":"https:\/\/aptus-holland.com\/fr\/?s={search_term_string}"},"query-input":{"@type":"PropertyValueSpecification","valueRequired":true,"valueName":"search_term_string"}}],"inLanguage":"fr-FR"},{"@type":"Organization","@id":"https:\/\/aptus-holland.com\/fr\/#organization","name":"Aptus Holland","url":"https:\/\/aptus-holland.com\/fr\/","logo":{"@type":"ImageObject","inLanguage":"fr-FR","@id":"https:\/\/aptus-holland.com\/fr\/#\/schema\/logo\/image\/","url":"https:\/\/aptus-holland.com\/wp-content\/uploads\/2021\/07\/logo-aptus-holland.png","contentUrl":"https:\/\/aptus-holland.com\/wp-content\/uploads\/2021\/07\/logo-aptus-holland.png","width":365,"height":200,"caption":"Aptus Holland"},"image":{"@id":"https:\/\/aptus-holland.com\/fr\/#\/schema\/logo\/image\/"}}]}},"_links":{"self":[{"href":"https:\/\/aptus-holland.com\/fr\/wp-json\/wp\/v2\/pages\/35013","targetHints":{"allow":["GET"]}}],"collection":[{"href":"https:\/\/aptus-holland.com\/fr\/wp-json\/wp\/v2\/pages"}],"about":[{"href":"https:\/\/aptus-holland.com\/fr\/wp-json\/wp\/v2\/types\/page"}],"author":[{"embeddable":true,"href":"https:\/\/aptus-holland.com\/fr\/wp-json\/wp\/v2\/users\/2"}],"replies":[{"embeddable":true,"href":"https:\/\/aptus-holland.com\/fr\/wp-json\/wp\/v2\/comments?post=35013"}],"version-history":[{"count":4,"href":"https:\/\/aptus-holland.com\/fr\/wp-json\/wp\/v2\/pages\/35013\/revisions"}],"predecessor-version":[{"id":35021,"href":"https:\/\/aptus-holland.com\/fr\/wp-json\/wp\/v2\/pages\/35013\/revisions\/35021"}],"up":[{"embeddable":true,"href":"https:\/\/aptus-holland.com\/fr\/wp-json\/wp\/v2\/pages\/34768"}],"wp:attachment":[{"href":"https:\/\/aptus-holland.com\/fr\/wp-json\/wp\/v2\/media?parent=35013"}],"curies":[{"name":"wp","href":"https:\/\/api.w.org\/{rel}","templated":true}]}}