{"id":34865,"date":"2021-07-23T14:22:22","date_gmt":"2021-07-23T14:22:22","guid":{"rendered":"https:\/\/aptus-holland.com\/de-aptus-aanpak\/"},"modified":"2023-08-18T12:58:56","modified_gmt":"2023-08-18T12:58:56","slug":"lapproche-aptus","status":"publish","type":"page","link":"https:\/\/aptus-holland.com\/fr\/lapproche-aptus\/","title":{"rendered":"L\u2019approche Aptus"},"content":{"rendered":"\t\t<div data-elementor-type=\"wp-page\" data-elementor-id=\"34865\" class=\"elementor elementor-34865 elementor-5317\" data-elementor-settings=\"[]\">\n\t\t\t\t\t\t\t<div class=\"elementor-section-wrap\">\n\t\t\t\t\t\t\t<section class=\"elementor-section elementor-top-section elementor-element elementor-element-7f3cbd8 elementor-section-content-middle ot-traditional elementor-section-boxed elementor-section-height-default elementor-section-height-default\" data-id=\"7f3cbd8\" data-element_type=\"section\" data-settings=\"{&quot;background_background&quot;:&quot;classic&quot;}\">\n\t\t\t\t\t\t<div class=\"elementor-container elementor-column-gap-extended\">\n\t\t\t\t\t<div class=\"elementor-column elementor-col-50 elementor-top-column elementor-element elementor-element-9fc2569 ot-flex-column-vertical\" data-id=\"9fc2569\" data-element_type=\"column\">\n\t\t\t<div class=\"elementor-widget-wrap elementor-element-populated\">\n\t\t\t\t\t\t\t\t<div class=\"elementor-element elementor-element-925ee15 elementor-widget elementor-widget-iheading\" data-id=\"925ee15\" data-element_type=\"widget\" data-widget_type=\"iheading.default\">\n\t\t\t\t<div class=\"elementor-widget-container\">\n\t\t\t\t\t<div class=\"ot-heading\">\r\n\t        <h2 class=\"main-heading\">L\u2019approche Aptus<\/h2>\t    <\/div>\r\n\t    \t\t<\/div>\n\t\t\t\t<\/div>\n\t\t\t\t<div class=\"elementor-element elementor-element-0f0c33b elementor-widget elementor-widget-text-editor\" data-id=\"0f0c33b\" data-element_type=\"widget\" data-widget_type=\"text-editor.default\">\n\t\t\t\t<div class=\"elementor-widget-container\">\n\t\t\t\t\t\t\t\t<p>Aptus souhaite fournir des produits uniformes de qualit\u00e9 et des ressources qui permettent d\u2019am\u00e9liorer la production et la comp\u00e9tence des producteurs. Notre approche est bas\u00e9e sur une m\u00e9thodologie pr\u00e9ventive pour les probl\u00e8mes li\u00e9s \u00e0 l\u2019h\u00f4te (la plante), aux ravageurs et \u00e0 l\u2019environnement. En d\u2019autres termes, il s\u2019agit d\u2019\u00e9viter les probl\u00e8mes avant qu\u2019ils ne surviennent.<\/p><p>Aptus suit un processus naturel qui respecte pleinement les r\u00e8gles de la nature et constitue une ligne directrice pour r\u00e9tablir d\u2019anciens m\u00e9canismes naturels\u00a0: le soin du sol et des plantes. Aptus est une combinaison de bior\u00e9m\u00e9diation du sol, de stimulation des plantes et de nutrition adapt\u00e9e.<\/p>\t\t\t\t\t\t<\/div>\n\t\t\t\t<\/div>\n\t\t\t\t\t<\/div>\n\t\t<\/div>\n\t\t\t\t<div class=\"elementor-column elementor-col-50 elementor-top-column elementor-element elementor-element-fea2944 ot-column-items-top ot-flex-column-vertical\" data-id=\"fea2944\" data-element_type=\"column\">\n\t\t\t<div class=\"elementor-widget-wrap elementor-element-populated\">\n\t\t\t\t\t\t\t\t<div class=\"elementor-element elementor-element-e6ac377 elementor-widget elementor-widget-image\" data-id=\"e6ac377\" data-element_type=\"widget\" data-widget_type=\"image.default\">\n\t\t\t\t<div class=\"elementor-widget-container\">\n\t\t\t\t\t\t\t\t\t\t\t\t\t\t\t\t<a href=\"http:\/\/aptus-holland.com\/wp-content\/uploads\/2021\/07\/aptus-approach-aptus-holland.png\" data-elementor-open-lightbox=\"yes\" data-elementor-lightbox-title=\"aptus-approach-aptus-holland\">\n\t\t\t\t\t\t\t<img loading=\"lazy\" decoding=\"async\" width=\"750\" height=\"370\" src=\"https:\/\/aptus-holland.com\/wp-content\/uploads\/2021\/07\/aptus-approach-aptus-holland.png\" class=\"attachment-large size-large\" alt=\"\" srcset=\"https:\/\/aptus-holland.com\/wp-content\/uploads\/2021\/07\/aptus-approach-aptus-holland.png 750w, https:\/\/aptus-holland.com\/wp-content\/uploads\/2021\/07\/aptus-approach-aptus-holland-300x148.png 300w, https:\/\/aptus-holland.com\/wp-content\/uploads\/2021\/07\/aptus-approach-aptus-holland-720x355.png 720w\" sizes=\"auto, (max-width: 750px) 100vw, 750px\" \/>\t\t\t\t\t\t\t\t<\/a>\n\t\t\t\t\t\t\t\t\t\t\t\t\t\t\t<\/div>\n\t\t\t\t<\/div>\n\t\t\t\t\t<\/div>\n\t\t<\/div>\n\t\t\t\t\t\t\t<\/div>\n\t\t<\/section>\n\t\t\t\t\t\t<\/div>\n\t\t\t\t\t<\/div>\n\t\t","protected":false},"excerpt":{"rendered":"<p>L\u2019approche Aptus Aptus souhaite fournir des produits uniformes de qualit\u00e9 et des ressources qui permettent d\u2019am\u00e9liorer la production et la comp\u00e9tence des producteurs. Notre approche est bas\u00e9e sur une m\u00e9thodologie pr\u00e9ventive pour les probl\u00e8mes li\u00e9s \u00e0 l\u2019h\u00f4te (la plante), aux ravageurs et \u00e0 l\u2019environnement. En d\u2019autres termes, il s\u2019agit d\u2019\u00e9viter les probl\u00e8mes avant qu\u2019ils ne [&hellip;]<\/p>\n","protected":false},"author":2,"featured_media":0,"parent":0,"menu_order":0,"comment_status":"closed","ping_status":"closed","template":"","meta":{"_monsterinsights_skip_tracking":false,"_monsterinsights_sitenote_active":false,"_monsterinsights_sitenote_note":"","_monsterinsights_sitenote_category":0,"footnotes":""},"class_list":["post-34865","page","type-page","status-publish","hentry"],"yoast_head":"<!-- This site is optimized with the Yoast SEO plugin v27.0 - https:\/\/yoast.com\/product\/yoast-seo-wordpress\/ -->\n<title>L\u2019approche Aptus | Aptus Holland | Aptus Plant Tech<\/title>\n<meta name=\"description\" content=\"L&#039;approche d&#039;Aptus consiste \u00e0 fournir des produits de qualit\u00e9 uniforme et une \u00e9ducation qui am\u00e9liorent la production et la capacit\u00e9 de croissance des producteurs.\" \/>\n<meta name=\"robots\" content=\"index, follow, max-snippet:-1, max-image-preview:large, max-video-preview:-1\" \/>\n<link rel=\"canonical\" href=\"https:\/\/aptus-holland.com\/fr\/lapproche-aptus\/\" \/>\n<meta property=\"og:locale\" content=\"fr_FR\" \/>\n<meta property=\"og:type\" content=\"article\" \/>\n<meta property=\"og:title\" content=\"L\u2019approche Aptus | Aptus Holland | Aptus Plant Tech\" \/>\n<meta property=\"og:description\" content=\"L&#039;approche d&#039;Aptus consiste \u00e0 fournir des produits de qualit\u00e9 uniforme et une \u00e9ducation qui am\u00e9liorent la production et la capacit\u00e9 de croissance des producteurs.\" \/>\n<meta property=\"og:url\" content=\"https:\/\/aptus-holland.com\/fr\/lapproche-aptus\/\" \/>\n<meta property=\"og:site_name\" content=\"Aptus Holland\" \/>\n<meta property=\"article:modified_time\" content=\"2023-08-18T12:58:56+00:00\" \/>\n<meta property=\"og:image\" content=\"http:\/\/aptus-holland.com\/wp-content\/uploads\/2021\/07\/aptus-approach-aptus-holland.png\" \/>\n<meta name=\"twitter:card\" content=\"summary_large_image\" \/>\n<meta name=\"twitter:label1\" content=\"Dur\u00e9e de lecture estim\u00e9e\" \/>\n\t<meta name=\"twitter:data1\" content=\"1 minute\" \/>\n<script type=\"application\/ld+json\" class=\"yoast-schema-graph\">{\"@context\":\"https:\/\/schema.org\",\"@graph\":[{\"@type\":\"WebPage\",\"@id\":\"https:\/\/aptus-holland.com\/fr\/lapproche-aptus\/\",\"url\":\"https:\/\/aptus-holland.com\/fr\/lapproche-aptus\/\",\"name\":\"L\u2019approche Aptus | Aptus Holland | Aptus Plant Tech\",\"isPartOf\":{\"@id\":\"https:\/\/aptus-holland.com\/fr\/#website\"},\"primaryImageOfPage\":{\"@id\":\"https:\/\/aptus-holland.com\/fr\/lapproche-aptus\/#primaryimage\"},\"image\":{\"@id\":\"https:\/\/aptus-holland.com\/fr\/lapproche-aptus\/#primaryimage\"},\"thumbnailUrl\":\"http:\/\/aptus-holland.com\/wp-content\/uploads\/2021\/07\/aptus-approach-aptus-holland.png\",\"datePublished\":\"2021-07-23T14:22:22+00:00\",\"dateModified\":\"2023-08-18T12:58:56+00:00\",\"description\":\"L'approche d'Aptus consiste \u00e0 fournir des produits de qualit\u00e9 uniforme et une \u00e9ducation qui am\u00e9liorent la production et la capacit\u00e9 de croissance des producteurs.\",\"breadcrumb\":{\"@id\":\"https:\/\/aptus-holland.com\/fr\/lapproche-aptus\/#breadcrumb\"},\"inLanguage\":\"fr-FR\",\"potentialAction\":[{\"@type\":\"ReadAction\",\"target\":[\"https:\/\/aptus-holland.com\/fr\/lapproche-aptus\/\"]}]},{\"@type\":\"ImageObject\",\"inLanguage\":\"fr-FR\",\"@id\":\"https:\/\/aptus-holland.com\/fr\/lapproche-aptus\/#primaryimage\",\"url\":\"http:\/\/aptus-holland.com\/wp-content\/uploads\/2021\/07\/aptus-approach-aptus-holland.png\",\"contentUrl\":\"http:\/\/aptus-holland.com\/wp-content\/uploads\/2021\/07\/aptus-approach-aptus-holland.png\"},{\"@type\":\"BreadcrumbList\",\"@id\":\"https:\/\/aptus-holland.com\/fr\/lapproche-aptus\/#breadcrumb\",\"itemListElement\":[{\"@type\":\"ListItem\",\"position\":1,\"name\":\"Home\",\"item\":\"https:\/\/aptus-holland.com\/fr\/\"},{\"@type\":\"ListItem\",\"position\":2,\"name\":\"L\u2019approche Aptus\"}]},{\"@type\":\"WebSite\",\"@id\":\"https:\/\/aptus-holland.com\/fr\/#website\",\"url\":\"https:\/\/aptus-holland.com\/fr\/\",\"name\":\"Aptus Holland\",\"description\":\"Plant Tech\",\"publisher\":{\"@id\":\"https:\/\/aptus-holland.com\/fr\/#organization\"},\"potentialAction\":[{\"@type\":\"SearchAction\",\"target\":{\"@type\":\"EntryPoint\",\"urlTemplate\":\"https:\/\/aptus-holland.com\/fr\/?s={search_term_string}\"},\"query-input\":{\"@type\":\"PropertyValueSpecification\",\"valueRequired\":true,\"valueName\":\"search_term_string\"}}],\"inLanguage\":\"fr-FR\"},{\"@type\":\"Organization\",\"@id\":\"https:\/\/aptus-holland.com\/fr\/#organization\",\"name\":\"Aptus Holland\",\"url\":\"https:\/\/aptus-holland.com\/fr\/\",\"logo\":{\"@type\":\"ImageObject\",\"inLanguage\":\"fr-FR\",\"@id\":\"https:\/\/aptus-holland.com\/fr\/#\/schema\/logo\/image\/\",\"url\":\"https:\/\/aptus-holland.com\/wp-content\/uploads\/2021\/07\/logo-aptus-holland.png\",\"contentUrl\":\"https:\/\/aptus-holland.com\/wp-content\/uploads\/2021\/07\/logo-aptus-holland.png\",\"width\":365,\"height\":200,\"caption\":\"Aptus Holland\"},\"image\":{\"@id\":\"https:\/\/aptus-holland.com\/fr\/#\/schema\/logo\/image\/\"}}]}<\/script>\n<!-- \/ Yoast SEO plugin. -->","yoast_head_json":{"title":"L\u2019approche Aptus | Aptus Holland | Aptus Plant Tech","description":"L'approche d'Aptus consiste \u00e0 fournir des produits de qualit\u00e9 uniforme et une \u00e9ducation qui am\u00e9liorent la production et la capacit\u00e9 de croissance des producteurs.","robots":{"index":"index","follow":"follow","max-snippet":"max-snippet:-1","max-image-preview":"max-image-preview:large","max-video-preview":"max-video-preview:-1"},"canonical":"https:\/\/aptus-holland.com\/fr\/lapproche-aptus\/","og_locale":"fr_FR","og_type":"article","og_title":"L\u2019approche Aptus | Aptus Holland | Aptus Plant Tech","og_description":"L'approche d'Aptus consiste \u00e0 fournir des produits de qualit\u00e9 uniforme et une \u00e9ducation qui am\u00e9liorent la production et la capacit\u00e9 de croissance des producteurs.","og_url":"https:\/\/aptus-holland.com\/fr\/lapproche-aptus\/","og_site_name":"Aptus Holland","article_modified_time":"2023-08-18T12:58:56+00:00","og_image":[{"url":"http:\/\/aptus-holland.com\/wp-content\/uploads\/2021\/07\/aptus-approach-aptus-holland.png","type":"","width":"","height":""}],"twitter_card":"summary_large_image","twitter_misc":{"Dur\u00e9e de lecture estim\u00e9e":"1 minute"},"schema":{"@context":"https:\/\/schema.org","@graph":[{"@type":"WebPage","@id":"https:\/\/aptus-holland.com\/fr\/lapproche-aptus\/","url":"https:\/\/aptus-holland.com\/fr\/lapproche-aptus\/","name":"L\u2019approche Aptus | Aptus Holland | Aptus Plant Tech","isPartOf":{"@id":"https:\/\/aptus-holland.com\/fr\/#website"},"primaryImageOfPage":{"@id":"https:\/\/aptus-holland.com\/fr\/lapproche-aptus\/#primaryimage"},"image":{"@id":"https:\/\/aptus-holland.com\/fr\/lapproche-aptus\/#primaryimage"},"thumbnailUrl":"http:\/\/aptus-holland.com\/wp-content\/uploads\/2021\/07\/aptus-approach-aptus-holland.png","datePublished":"2021-07-23T14:22:22+00:00","dateModified":"2023-08-18T12:58:56+00:00","description":"L'approche d'Aptus consiste \u00e0 fournir des produits de qualit\u00e9 uniforme et une \u00e9ducation qui am\u00e9liorent la production et la capacit\u00e9 de croissance des producteurs.","breadcrumb":{"@id":"https:\/\/aptus-holland.com\/fr\/lapproche-aptus\/#breadcrumb"},"inLanguage":"fr-FR","potentialAction":[{"@type":"ReadAction","target":["https:\/\/aptus-holland.com\/fr\/lapproche-aptus\/"]}]},{"@type":"ImageObject","inLanguage":"fr-FR","@id":"https:\/\/aptus-holland.com\/fr\/lapproche-aptus\/#primaryimage","url":"http:\/\/aptus-holland.com\/wp-content\/uploads\/2021\/07\/aptus-approach-aptus-holland.png","contentUrl":"http:\/\/aptus-holland.com\/wp-content\/uploads\/2021\/07\/aptus-approach-aptus-holland.png"},{"@type":"BreadcrumbList","@id":"https:\/\/aptus-holland.com\/fr\/lapproche-aptus\/#breadcrumb","itemListElement":[{"@type":"ListItem","position":1,"name":"Home","item":"https:\/\/aptus-holland.com\/fr\/"},{"@type":"ListItem","position":2,"name":"L\u2019approche Aptus"}]},{"@type":"WebSite","@id":"https:\/\/aptus-holland.com\/fr\/#website","url":"https:\/\/aptus-holland.com\/fr\/","name":"Aptus Holland","description":"Plant Tech","publisher":{"@id":"https:\/\/aptus-holland.com\/fr\/#organization"},"potentialAction":[{"@type":"SearchAction","target":{"@type":"EntryPoint","urlTemplate":"https:\/\/aptus-holland.com\/fr\/?s={search_term_string}"},"query-input":{"@type":"PropertyValueSpecification","valueRequired":true,"valueName":"search_term_string"}}],"inLanguage":"fr-FR"},{"@type":"Organization","@id":"https:\/\/aptus-holland.com\/fr\/#organization","name":"Aptus Holland","url":"https:\/\/aptus-holland.com\/fr\/","logo":{"@type":"ImageObject","inLanguage":"fr-FR","@id":"https:\/\/aptus-holland.com\/fr\/#\/schema\/logo\/image\/","url":"https:\/\/aptus-holland.com\/wp-content\/uploads\/2021\/07\/logo-aptus-holland.png","contentUrl":"https:\/\/aptus-holland.com\/wp-content\/uploads\/2021\/07\/logo-aptus-holland.png","width":365,"height":200,"caption":"Aptus Holland"},"image":{"@id":"https:\/\/aptus-holland.com\/fr\/#\/schema\/logo\/image\/"}}]}},"_links":{"self":[{"href":"https:\/\/aptus-holland.com\/fr\/wp-json\/wp\/v2\/pages\/34865","targetHints":{"allow":["GET"]}}],"collection":[{"href":"https:\/\/aptus-holland.com\/fr\/wp-json\/wp\/v2\/pages"}],"about":[{"href":"https:\/\/aptus-holland.com\/fr\/wp-json\/wp\/v2\/types\/page"}],"author":[{"embeddable":true,"href":"https:\/\/aptus-holland.com\/fr\/wp-json\/wp\/v2\/users\/2"}],"replies":[{"embeddable":true,"href":"https:\/\/aptus-holland.com\/fr\/wp-json\/wp\/v2\/comments?post=34865"}],"version-history":[{"count":4,"href":"https:\/\/aptus-holland.com\/fr\/wp-json\/wp\/v2\/pages\/34865\/revisions"}],"predecessor-version":[{"id":34869,"href":"https:\/\/aptus-holland.com\/fr\/wp-json\/wp\/v2\/pages\/34865\/revisions\/34869"}],"wp:attachment":[{"href":"https:\/\/aptus-holland.com\/fr\/wp-json\/wp\/v2\/media?parent=34865"}],"curies":[{"name":"wp","href":"https:\/\/api.w.org\/{rel}","templated":true}]}}