{"id":34860,"date":"2021-07-23T14:09:42","date_gmt":"2021-07-23T14:09:42","guid":{"rendered":"https:\/\/aptus-holland.com\/kwaliteit-en-concentratie\/"},"modified":"2023-08-18T12:56:55","modified_gmt":"2023-08-18T12:56:55","slug":"qualite-et-concentration","status":"publish","type":"page","link":"https:\/\/aptus-holland.com\/fr\/qualite-et-concentration\/","title":{"rendered":"Qualit\u00e9 et concentration"},"content":{"rendered":"\t\t<div data-elementor-type=\"wp-page\" data-elementor-id=\"34860\" class=\"elementor elementor-34860 elementor-5294\" data-elementor-settings=\"[]\">\n\t\t\t\t\t\t\t<div class=\"elementor-section-wrap\">\n\t\t\t\t\t\t\t<section class=\"elementor-section elementor-top-section elementor-element elementor-element-7f3cbd8 elementor-section-content-middle ot-traditional elementor-section-boxed elementor-section-height-default elementor-section-height-default\" data-id=\"7f3cbd8\" data-element_type=\"section\" data-settings=\"{&quot;background_background&quot;:&quot;classic&quot;}\">\n\t\t\t\t\t\t<div class=\"elementor-container elementor-column-gap-extended\">\n\t\t\t\t\t<div class=\"elementor-column elementor-col-50 elementor-top-column elementor-element elementor-element-9fc2569 ot-flex-column-vertical\" data-id=\"9fc2569\" data-element_type=\"column\">\n\t\t\t<div class=\"elementor-widget-wrap elementor-element-populated\">\n\t\t\t\t\t\t\t\t<div class=\"elementor-element elementor-element-925ee15 elementor-widget elementor-widget-iheading\" data-id=\"925ee15\" data-element_type=\"widget\" data-widget_type=\"iheading.default\">\n\t\t\t\t<div class=\"elementor-widget-container\">\n\t\t\t\t\t<div class=\"ot-heading\">\r\n\t        <h2 class=\"main-heading\">Qualit\u00e9 et concentration<\/h2>\t    <\/div>\r\n\t    \t\t<\/div>\n\t\t\t\t<\/div>\n\t\t\t\t<div class=\"elementor-element elementor-element-0f0c33b elementor-widget elementor-widget-text-editor\" data-id=\"0f0c33b\" data-element_type=\"widget\" data-widget_type=\"text-editor.default\">\n\t\t\t\t<div class=\"elementor-widget-container\">\n\t\t\t\t\t\t\t\t<p>Un aspect souvent n\u00e9glig\u00e9 dans la gestion de la nutrition est la source et la qualit\u00e9 des ingr\u00e9dients utilis\u00e9s pour les engrais et les biostimulants. La meilleure biodisponibilit\u00e9 des nutriments est obtenue en utilisant des compos\u00e9s organiques ou organo-min\u00e9raux avec un minimum de sels de lestage et sans m\u00e9taux lourds.<\/p><p>La plupart des produits nutritifs sont m\u00e9lang\u00e9s et dilu\u00e9s dans de grandes quantit\u00e9s d\u2019eau et sont ch\u00e9lat\u00e9s \u00e0 l\u2019aide de produits chimiques synth\u00e9tiques bon march\u00e9. Ces m\u00e9thodes produisent des nutriments de qualit\u00e9 inf\u00e9rieure qui ne sont pas biodisponibles pour les plantes.<\/p><p>La plante doit d\u00e9penser beaucoup d\u2019\u00e9nergie pour transformer les nutriments avant de pouvoir les utiliser.<\/p><p>La ch\u00e9lation des nutriments en acides amin\u00e9s L est la m\u00e9thode la plus naturelle et la plus efficace pour assurer une absorption rapide et compl\u00e8te dans les tissus de la plante. Presque tous les produits nutritionnels d\u2019APTUS PLANT TECH sont ch\u00e9lat\u00e9s en acides amin\u00e9s L et contiennent 100\u00a0% d\u2019ingr\u00e9dients actifs.<\/p>\t\t\t\t\t\t<\/div>\n\t\t\t\t<\/div>\n\t\t\t\t\t<\/div>\n\t\t<\/div>\n\t\t\t\t<div class=\"elementor-column elementor-col-50 elementor-top-column elementor-element elementor-element-fea2944 ot-column-items-top ot-flex-column-vertical\" data-id=\"fea2944\" data-element_type=\"column\">\n\t\t\t<div class=\"elementor-widget-wrap elementor-element-populated\">\n\t\t\t\t\t\t\t\t<div class=\"elementor-element elementor-element-e6ac377 elementor-widget elementor-widget-image\" data-id=\"e6ac377\" data-element_type=\"widget\" data-widget_type=\"image.default\">\n\t\t\t\t<div class=\"elementor-widget-container\">\n\t\t\t\t\t\t\t\t\t\t\t\t\t\t\t<img loading=\"lazy\" decoding=\"async\" width=\"1024\" height=\"683\" src=\"https:\/\/aptus-holland.com\/wp-content\/uploads\/2021\/07\/aptus-holland-quality-concentration.jpeg\" class=\"attachment-large size-large\" alt=\"\" srcset=\"https:\/\/aptus-holland.com\/wp-content\/uploads\/2021\/07\/aptus-holland-quality-concentration.jpeg 1024w, https:\/\/aptus-holland.com\/wp-content\/uploads\/2021\/07\/aptus-holland-quality-concentration-300x200.jpeg 300w, https:\/\/aptus-holland.com\/wp-content\/uploads\/2021\/07\/aptus-holland-quality-concentration-768x512.jpeg 768w, https:\/\/aptus-holland.com\/wp-content\/uploads\/2021\/07\/aptus-holland-quality-concentration-720x480.jpeg 720w\" sizes=\"auto, (max-width: 1024px) 100vw, 1024px\" \/>\t\t\t\t\t\t\t\t\t\t\t\t\t\t\t<\/div>\n\t\t\t\t<\/div>\n\t\t\t\t\t<\/div>\n\t\t<\/div>\n\t\t\t\t\t\t\t<\/div>\n\t\t<\/section>\n\t\t\t\t\t\t<\/div>\n\t\t\t\t\t<\/div>\n\t\t","protected":false},"excerpt":{"rendered":"<p>Qualit\u00e9 et concentration Un aspect souvent n\u00e9glig\u00e9 dans la gestion de la nutrition est la source et la qualit\u00e9 des ingr\u00e9dients utilis\u00e9s pour les engrais et les biostimulants. La meilleure biodisponibilit\u00e9 des nutriments est obtenue en utilisant des compos\u00e9s organiques ou organo-min\u00e9raux avec un minimum de sels de lestage et sans m\u00e9taux lourds. La plupart [&hellip;]<\/p>\n","protected":false},"author":2,"featured_media":0,"parent":0,"menu_order":0,"comment_status":"closed","ping_status":"closed","template":"","meta":{"_monsterinsights_skip_tracking":false,"_monsterinsights_sitenote_active":false,"_monsterinsights_sitenote_note":"","_monsterinsights_sitenote_category":0,"footnotes":""},"class_list":["post-34860","page","type-page","status-publish","hentry"],"yoast_head":"<!-- This site is optimized with the Yoast SEO plugin v27.0 - https:\/\/yoast.com\/product\/yoast-seo-wordpress\/ -->\n<title>Qualit\u00e9 et concentration | Aptus Holland | True Plant Science<\/title>\n<meta name=\"description\" content=\"La qualit\u00e9 et la concentration sont deux aspects tr\u00e8s importants de la vraie technologie v\u00e9g\u00e9tale. En savoir plus sur les produits nutritionnels d&#039;Aptus Plant Tech ici.\" \/>\n<meta name=\"robots\" content=\"index, follow, max-snippet:-1, max-image-preview:large, max-video-preview:-1\" \/>\n<link rel=\"canonical\" href=\"https:\/\/aptus-holland.com\/fr\/qualite-et-concentration\/\" \/>\n<meta property=\"og:locale\" content=\"fr_FR\" \/>\n<meta property=\"og:type\" content=\"article\" \/>\n<meta property=\"og:title\" content=\"Qualit\u00e9 et concentration | Aptus Holland | True Plant Science\" \/>\n<meta property=\"og:description\" content=\"La qualit\u00e9 et la concentration sont deux aspects tr\u00e8s importants de la vraie technologie v\u00e9g\u00e9tale. En savoir plus sur les produits nutritionnels d&#039;Aptus Plant Tech ici.\" \/>\n<meta property=\"og:url\" content=\"https:\/\/aptus-holland.com\/fr\/qualite-et-concentration\/\" \/>\n<meta property=\"og:site_name\" content=\"Aptus Holland\" \/>\n<meta property=\"article:modified_time\" content=\"2023-08-18T12:56:55+00:00\" \/>\n<meta property=\"og:image\" content=\"http:\/\/aptus-holland.com\/wp-content\/uploads\/2021\/07\/aptus-holland-quality-concentration.jpeg\" \/>\n<meta name=\"twitter:card\" content=\"summary_large_image\" \/>\n<meta name=\"twitter:label1\" content=\"Dur\u00e9e de lecture estim\u00e9e\" \/>\n\t<meta name=\"twitter:data1\" content=\"1 minute\" \/>\n<script type=\"application\/ld+json\" class=\"yoast-schema-graph\">{\"@context\":\"https:\/\/schema.org\",\"@graph\":[{\"@type\":\"WebPage\",\"@id\":\"https:\/\/aptus-holland.com\/fr\/qualite-et-concentration\/\",\"url\":\"https:\/\/aptus-holland.com\/fr\/qualite-et-concentration\/\",\"name\":\"Qualit\u00e9 et concentration | Aptus Holland | True Plant Science\",\"isPartOf\":{\"@id\":\"https:\/\/aptus-holland.com\/fr\/#website\"},\"primaryImageOfPage\":{\"@id\":\"https:\/\/aptus-holland.com\/fr\/qualite-et-concentration\/#primaryimage\"},\"image\":{\"@id\":\"https:\/\/aptus-holland.com\/fr\/qualite-et-concentration\/#primaryimage\"},\"thumbnailUrl\":\"http:\/\/aptus-holland.com\/wp-content\/uploads\/2021\/07\/aptus-holland-quality-concentration.jpeg\",\"datePublished\":\"2021-07-23T14:09:42+00:00\",\"dateModified\":\"2023-08-18T12:56:55+00:00\",\"description\":\"La qualit\u00e9 et la concentration sont deux aspects tr\u00e8s importants de la vraie technologie v\u00e9g\u00e9tale. En savoir plus sur les produits nutritionnels d'Aptus Plant Tech ici.\",\"breadcrumb\":{\"@id\":\"https:\/\/aptus-holland.com\/fr\/qualite-et-concentration\/#breadcrumb\"},\"inLanguage\":\"fr-FR\",\"potentialAction\":[{\"@type\":\"ReadAction\",\"target\":[\"https:\/\/aptus-holland.com\/fr\/qualite-et-concentration\/\"]}]},{\"@type\":\"ImageObject\",\"inLanguage\":\"fr-FR\",\"@id\":\"https:\/\/aptus-holland.com\/fr\/qualite-et-concentration\/#primaryimage\",\"url\":\"http:\/\/aptus-holland.com\/wp-content\/uploads\/2021\/07\/aptus-holland-quality-concentration.jpeg\",\"contentUrl\":\"http:\/\/aptus-holland.com\/wp-content\/uploads\/2021\/07\/aptus-holland-quality-concentration.jpeg\"},{\"@type\":\"BreadcrumbList\",\"@id\":\"https:\/\/aptus-holland.com\/fr\/qualite-et-concentration\/#breadcrumb\",\"itemListElement\":[{\"@type\":\"ListItem\",\"position\":1,\"name\":\"Home\",\"item\":\"https:\/\/aptus-holland.com\/fr\/\"},{\"@type\":\"ListItem\",\"position\":2,\"name\":\"Qualit\u00e9 et concentration\"}]},{\"@type\":\"WebSite\",\"@id\":\"https:\/\/aptus-holland.com\/fr\/#website\",\"url\":\"https:\/\/aptus-holland.com\/fr\/\",\"name\":\"Aptus Holland\",\"description\":\"Plant Tech\",\"publisher\":{\"@id\":\"https:\/\/aptus-holland.com\/fr\/#organization\"},\"potentialAction\":[{\"@type\":\"SearchAction\",\"target\":{\"@type\":\"EntryPoint\",\"urlTemplate\":\"https:\/\/aptus-holland.com\/fr\/?s={search_term_string}\"},\"query-input\":{\"@type\":\"PropertyValueSpecification\",\"valueRequired\":true,\"valueName\":\"search_term_string\"}}],\"inLanguage\":\"fr-FR\"},{\"@type\":\"Organization\",\"@id\":\"https:\/\/aptus-holland.com\/fr\/#organization\",\"name\":\"Aptus Holland\",\"url\":\"https:\/\/aptus-holland.com\/fr\/\",\"logo\":{\"@type\":\"ImageObject\",\"inLanguage\":\"fr-FR\",\"@id\":\"https:\/\/aptus-holland.com\/fr\/#\/schema\/logo\/image\/\",\"url\":\"https:\/\/aptus-holland.com\/wp-content\/uploads\/2021\/07\/logo-aptus-holland.png\",\"contentUrl\":\"https:\/\/aptus-holland.com\/wp-content\/uploads\/2021\/07\/logo-aptus-holland.png\",\"width\":365,\"height\":200,\"caption\":\"Aptus Holland\"},\"image\":{\"@id\":\"https:\/\/aptus-holland.com\/fr\/#\/schema\/logo\/image\/\"}}]}<\/script>\n<!-- \/ Yoast SEO plugin. -->","yoast_head_json":{"title":"Qualit\u00e9 et concentration | Aptus Holland | True Plant Science","description":"La qualit\u00e9 et la concentration sont deux aspects tr\u00e8s importants de la vraie technologie v\u00e9g\u00e9tale. En savoir plus sur les produits nutritionnels d'Aptus Plant Tech ici.","robots":{"index":"index","follow":"follow","max-snippet":"max-snippet:-1","max-image-preview":"max-image-preview:large","max-video-preview":"max-video-preview:-1"},"canonical":"https:\/\/aptus-holland.com\/fr\/qualite-et-concentration\/","og_locale":"fr_FR","og_type":"article","og_title":"Qualit\u00e9 et concentration | Aptus Holland | True Plant Science","og_description":"La qualit\u00e9 et la concentration sont deux aspects tr\u00e8s importants de la vraie technologie v\u00e9g\u00e9tale. En savoir plus sur les produits nutritionnels d'Aptus Plant Tech ici.","og_url":"https:\/\/aptus-holland.com\/fr\/qualite-et-concentration\/","og_site_name":"Aptus Holland","article_modified_time":"2023-08-18T12:56:55+00:00","og_image":[{"url":"http:\/\/aptus-holland.com\/wp-content\/uploads\/2021\/07\/aptus-holland-quality-concentration.jpeg","type":"","width":"","height":""}],"twitter_card":"summary_large_image","twitter_misc":{"Dur\u00e9e de lecture estim\u00e9e":"1 minute"},"schema":{"@context":"https:\/\/schema.org","@graph":[{"@type":"WebPage","@id":"https:\/\/aptus-holland.com\/fr\/qualite-et-concentration\/","url":"https:\/\/aptus-holland.com\/fr\/qualite-et-concentration\/","name":"Qualit\u00e9 et concentration | Aptus Holland | True Plant Science","isPartOf":{"@id":"https:\/\/aptus-holland.com\/fr\/#website"},"primaryImageOfPage":{"@id":"https:\/\/aptus-holland.com\/fr\/qualite-et-concentration\/#primaryimage"},"image":{"@id":"https:\/\/aptus-holland.com\/fr\/qualite-et-concentration\/#primaryimage"},"thumbnailUrl":"http:\/\/aptus-holland.com\/wp-content\/uploads\/2021\/07\/aptus-holland-quality-concentration.jpeg","datePublished":"2021-07-23T14:09:42+00:00","dateModified":"2023-08-18T12:56:55+00:00","description":"La qualit\u00e9 et la concentration sont deux aspects tr\u00e8s importants de la vraie technologie v\u00e9g\u00e9tale. En savoir plus sur les produits nutritionnels d'Aptus Plant Tech ici.","breadcrumb":{"@id":"https:\/\/aptus-holland.com\/fr\/qualite-et-concentration\/#breadcrumb"},"inLanguage":"fr-FR","potentialAction":[{"@type":"ReadAction","target":["https:\/\/aptus-holland.com\/fr\/qualite-et-concentration\/"]}]},{"@type":"ImageObject","inLanguage":"fr-FR","@id":"https:\/\/aptus-holland.com\/fr\/qualite-et-concentration\/#primaryimage","url":"http:\/\/aptus-holland.com\/wp-content\/uploads\/2021\/07\/aptus-holland-quality-concentration.jpeg","contentUrl":"http:\/\/aptus-holland.com\/wp-content\/uploads\/2021\/07\/aptus-holland-quality-concentration.jpeg"},{"@type":"BreadcrumbList","@id":"https:\/\/aptus-holland.com\/fr\/qualite-et-concentration\/#breadcrumb","itemListElement":[{"@type":"ListItem","position":1,"name":"Home","item":"https:\/\/aptus-holland.com\/fr\/"},{"@type":"ListItem","position":2,"name":"Qualit\u00e9 et concentration"}]},{"@type":"WebSite","@id":"https:\/\/aptus-holland.com\/fr\/#website","url":"https:\/\/aptus-holland.com\/fr\/","name":"Aptus Holland","description":"Plant Tech","publisher":{"@id":"https:\/\/aptus-holland.com\/fr\/#organization"},"potentialAction":[{"@type":"SearchAction","target":{"@type":"EntryPoint","urlTemplate":"https:\/\/aptus-holland.com\/fr\/?s={search_term_string}"},"query-input":{"@type":"PropertyValueSpecification","valueRequired":true,"valueName":"search_term_string"}}],"inLanguage":"fr-FR"},{"@type":"Organization","@id":"https:\/\/aptus-holland.com\/fr\/#organization","name":"Aptus Holland","url":"https:\/\/aptus-holland.com\/fr\/","logo":{"@type":"ImageObject","inLanguage":"fr-FR","@id":"https:\/\/aptus-holland.com\/fr\/#\/schema\/logo\/image\/","url":"https:\/\/aptus-holland.com\/wp-content\/uploads\/2021\/07\/logo-aptus-holland.png","contentUrl":"https:\/\/aptus-holland.com\/wp-content\/uploads\/2021\/07\/logo-aptus-holland.png","width":365,"height":200,"caption":"Aptus Holland"},"image":{"@id":"https:\/\/aptus-holland.com\/fr\/#\/schema\/logo\/image\/"}}]}},"_links":{"self":[{"href":"https:\/\/aptus-holland.com\/fr\/wp-json\/wp\/v2\/pages\/34860","targetHints":{"allow":["GET"]}}],"collection":[{"href":"https:\/\/aptus-holland.com\/fr\/wp-json\/wp\/v2\/pages"}],"about":[{"href":"https:\/\/aptus-holland.com\/fr\/wp-json\/wp\/v2\/types\/page"}],"author":[{"embeddable":true,"href":"https:\/\/aptus-holland.com\/fr\/wp-json\/wp\/v2\/users\/2"}],"replies":[{"embeddable":true,"href":"https:\/\/aptus-holland.com\/fr\/wp-json\/wp\/v2\/comments?post=34860"}],"version-history":[{"count":4,"href":"https:\/\/aptus-holland.com\/fr\/wp-json\/wp\/v2\/pages\/34860\/revisions"}],"predecessor-version":[{"id":34864,"href":"https:\/\/aptus-holland.com\/fr\/wp-json\/wp\/v2\/pages\/34860\/revisions\/34864"}],"wp:attachment":[{"href":"https:\/\/aptus-holland.com\/fr\/wp-json\/wp\/v2\/media?parent=34860"}],"curies":[{"name":"wp","href":"https:\/\/api.w.org\/{rel}","templated":true}]}}