{"id":34855,"date":"2021-07-23T14:01:48","date_gmt":"2021-07-23T14:01:48","guid":{"rendered":"https:\/\/aptus-holland.com\/kernwaarden-van-ons-merk\/"},"modified":"2023-08-18T12:55:05","modified_gmt":"2023-08-18T12:55:05","slug":"les-piliers-de-la-marque","status":"publish","type":"page","link":"https:\/\/aptus-holland.com\/fr\/les-piliers-de-la-marque\/","title":{"rendered":"Les piliers de la marque"},"content":{"rendered":"\t\t<div data-elementor-type=\"wp-page\" data-elementor-id=\"34855\" class=\"elementor elementor-34855 elementor-5274\" data-elementor-settings=\"[]\">\n\t\t\t\t\t\t\t<div class=\"elementor-section-wrap\">\n\t\t\t\t\t\t\t<section class=\"elementor-section elementor-top-section elementor-element elementor-element-7f3cbd8 elementor-section-content-middle ot-traditional elementor-section-boxed elementor-section-height-default elementor-section-height-default\" data-id=\"7f3cbd8\" data-element_type=\"section\" data-settings=\"{&quot;background_background&quot;:&quot;classic&quot;}\">\n\t\t\t\t\t\t<div class=\"elementor-container elementor-column-gap-extended\">\n\t\t\t\t\t<div class=\"elementor-column elementor-col-100 elementor-top-column elementor-element elementor-element-9fc2569 ot-flex-column-vertical\" data-id=\"9fc2569\" data-element_type=\"column\">\n\t\t\t<div class=\"elementor-widget-wrap elementor-element-populated\">\n\t\t\t\t\t\t\t\t<div class=\"elementor-element elementor-element-925ee15 elementor-widget elementor-widget-iheading\" data-id=\"925ee15\" data-element_type=\"widget\" data-widget_type=\"iheading.default\">\n\t\t\t\t<div class=\"elementor-widget-container\">\n\t\t\t\t\t<div class=\"ot-heading\">\r\n\t        <h2 class=\"main-heading\">Les piliers de la marque<\/h2>\t    <\/div>\r\n\t    \t\t<\/div>\n\t\t\t\t<\/div>\n\t\t\t\t<div class=\"elementor-element elementor-element-0f0c33b elementor-widget elementor-widget-text-editor\" data-id=\"0f0c33b\" data-element_type=\"widget\" data-widget_type=\"text-editor.default\">\n\t\t\t\t<div class=\"elementor-widget-container\">\n\t\t\t\t\t\t\t\t<p>Nous visons l\u2019excellence dans tout ce que nous entreprenons. Depuis la fabrication des nutriments, le service \u00e0 la client\u00e8le et jusqu\u2019\u00e0 la qualit\u00e9 de notre r\u00e9putation en passant par la d\u00e9fense de nos convictions. Les trois piliers de notre marque sont les suivants\u00a0:<\/p>\t\t\t\t\t\t<\/div>\n\t\t\t\t<\/div>\n\t\t\t\t\t<\/div>\n\t\t<\/div>\n\t\t\t\t\t\t\t<\/div>\n\t\t<\/section>\n\t\t\t\t<section class=\"elementor-section elementor-top-section elementor-element elementor-element-cb4074c ot-traditional elementor-section-boxed elementor-section-height-default elementor-section-height-default\" data-id=\"cb4074c\" data-element_type=\"section\">\n\t\t\t\t\t\t<div class=\"elementor-container elementor-column-gap-extended\">\n\t\t\t\t\t<div class=\"elementor-column elementor-col-33 elementor-top-column elementor-element elementor-element-ccf0919 ot-flex-column-vertical\" data-id=\"ccf0919\" data-element_type=\"column\">\n\t\t\t<div class=\"elementor-widget-wrap elementor-element-populated\">\n\t\t\t\t\t\t\t\t<div class=\"elementor-element elementor-element-2af5947 elementor-widget elementor-widget-text-editor\" data-id=\"2af5947\" data-element_type=\"widget\" data-widget_type=\"text-editor.default\">\n\t\t\t\t<div class=\"elementor-widget-container\">\n\t\t\t\t\t\t\t\t<p><strong>Le partage de ressources &#8211;<\/strong> quoi que nous entreprenions, nous commen\u00e7ons toujours par partager des ressources ad\u00e9quates. Nous nous appliquons \u00e0 mettre en avant les v\u00e9ritables avantages de l\u2019optimisation du potentiel g\u00e9n\u00e9tique des plantes gr\u00e2ce \u00e0 l\u2019utilisation de technologies de la nutrition naturelles et scientifiquement \u00e9prouv\u00e9es. Notre principal objectif est de cr\u00e9er une communaut\u00e9 de producteurs conscients d\u2019obtenir de meilleurs rendements avec une qualit\u00e9 et une valeur nutritionnelle plus \u00e9lev\u00e9es.<\/p>\t\t\t\t\t\t<\/div>\n\t\t\t\t<\/div>\n\t\t\t\t\t<\/div>\n\t\t<\/div>\n\t\t\t\t<div class=\"elementor-column elementor-col-33 elementor-top-column elementor-element elementor-element-ce67559 ot-flex-column-vertical\" data-id=\"ce67559\" data-element_type=\"column\">\n\t\t\t<div class=\"elementor-widget-wrap elementor-element-populated\">\n\t\t\t\t\t\t\t\t<div class=\"elementor-element elementor-element-7ecd464 elementor-widget elementor-widget-text-editor\" data-id=\"7ecd464\" data-element_type=\"widget\" data-widget_type=\"text-editor.default\">\n\t\t\t\t<div class=\"elementor-widget-container\">\n\t\t\t\t\t\t\t\t<p><strong>La qualit\u00e9 &#8211;<\/strong> nous mettons un point d\u2019honneur \u00e0 garantir la qualit\u00e9 de nos ingr\u00e9dients, de nos canaux de distribution et de notre personnel. Les producteurs peuvent \u00eatre s\u00fbrs que les produits Aptus ne contiennent pas de substances synth\u00e9tiques ou nocives pour leurs plantes, mais uniquement des nutriments naturels. Tous les ingr\u00e9dients sont de la plus haute et de la plus pure qualit\u00e9.<\/p><p>Ils sont fabriqu\u00e9s et transform\u00e9s dans un environnement certifi\u00e9 ISO 9001:2015.<\/p>\t\t\t\t\t\t<\/div>\n\t\t\t\t<\/div>\n\t\t\t\t\t<\/div>\n\t\t<\/div>\n\t\t\t\t<div class=\"elementor-column elementor-col-33 elementor-top-column elementor-element elementor-element-01a7900 ot-flex-column-vertical\" data-id=\"01a7900\" data-element_type=\"column\">\n\t\t\t<div class=\"elementor-widget-wrap elementor-element-populated\">\n\t\t\t\t\t\t\t\t<div class=\"elementor-element elementor-element-b32117a elementor-widget elementor-widget-text-editor\" data-id=\"b32117a\" data-element_type=\"widget\" data-widget_type=\"text-editor.default\">\n\t\t\t\t<div class=\"elementor-widget-container\">\n\t\t\t\t\t\t\t\t<p><strong>Le rapport qualit\u00e9\/prix &#8211;<\/strong> es concentrations \u00e9lev\u00e9es de nos formules nutritives se traduisent par des co\u00fbts d\u2019exploitation faibles et un gaspillage minimal.<\/p>\t\t\t\t\t\t<\/div>\n\t\t\t\t<\/div>\n\t\t\t\t\t<\/div>\n\t\t<\/div>\n\t\t\t\t\t\t\t<\/div>\n\t\t<\/section>\n\t\t\t\t<section class=\"elementor-section elementor-top-section elementor-element elementor-element-d0ab106 ot-traditional elementor-section-boxed elementor-section-height-default elementor-section-height-default\" data-id=\"d0ab106\" data-element_type=\"section\">\n\t\t\t\t\t\t<div class=\"elementor-container elementor-column-gap-extended\">\n\t\t\t\t\t<div class=\"elementor-column elementor-col-100 elementor-top-column elementor-element elementor-element-be3a76d ot-flex-column-vertical\" data-id=\"be3a76d\" data-element_type=\"column\">\n\t\t\t<div class=\"elementor-widget-wrap elementor-element-populated\">\n\t\t\t\t\t\t\t\t<div class=\"elementor-element elementor-element-59da2f1 elementor-widget elementor-widget-text-editor\" data-id=\"59da2f1\" data-element_type=\"widget\" data-widget_type=\"text-editor.default\">\n\t\t\t\t<div class=\"elementor-widget-container\">\n\t\t\t\t\t\t\t\t<p>Les producteurs obtiennent g\u00e9n\u00e9ralement une meilleure qualit\u00e9 et des rendements plus \u00e9lev\u00e9s pour un co\u00fbt bien moindre.<\/p>\t\t\t\t\t\t<\/div>\n\t\t\t\t<\/div>\n\t\t\t\t\t<\/div>\n\t\t<\/div>\n\t\t\t\t\t\t\t<\/div>\n\t\t<\/section>\n\t\t\t\t\t\t<\/div>\n\t\t\t\t\t<\/div>\n\t\t","protected":false},"excerpt":{"rendered":"<p>Les piliers de la marque Nous visons l\u2019excellence dans tout ce que nous entreprenons. Depuis la fabrication des nutriments, le service \u00e0 la client\u00e8le et jusqu\u2019\u00e0 la qualit\u00e9 de notre r\u00e9putation en passant par la d\u00e9fense de nos convictions. Les trois piliers de notre marque sont les suivants\u00a0: Le partage de ressources &#8211; quoi que [&hellip;]<\/p>\n","protected":false},"author":2,"featured_media":0,"parent":0,"menu_order":0,"comment_status":"closed","ping_status":"closed","template":"","meta":{"_monsterinsights_skip_tracking":false,"_monsterinsights_sitenote_active":false,"_monsterinsights_sitenote_note":"","_monsterinsights_sitenote_category":0,"footnotes":""},"class_list":["post-34855","page","type-page","status-publish","hentry"],"yoast_head":"<!-- This site is optimized with the Yoast SEO plugin v27.0 - https:\/\/yoast.com\/product\/yoast-seo-wordpress\/ -->\n<title>Les piliers de la marque | Aptus Holland | Aptus Plant Tech<\/title>\n<meta name=\"description\" content=\"Nous visons l&#039;excellence dans tout ce que nous faisons. C&#039;est pourquoi nous avons trois piliers caract\u00e9ristiques. En savoir plus sur les piliers d&#039;Aptus Holland ici.\" \/>\n<meta name=\"robots\" content=\"index, follow, max-snippet:-1, max-image-preview:large, max-video-preview:-1\" \/>\n<link rel=\"canonical\" href=\"https:\/\/aptus-holland.com\/fr\/les-piliers-de-la-marque\/\" \/>\n<meta property=\"og:locale\" content=\"fr_FR\" \/>\n<meta property=\"og:type\" content=\"article\" \/>\n<meta property=\"og:title\" content=\"Les piliers de la marque | Aptus Holland | Aptus Plant Tech\" \/>\n<meta property=\"og:description\" content=\"Nous visons l&#039;excellence dans tout ce que nous faisons. C&#039;est pourquoi nous avons trois piliers caract\u00e9ristiques. En savoir plus sur les piliers d&#039;Aptus Holland ici.\" \/>\n<meta property=\"og:url\" content=\"https:\/\/aptus-holland.com\/fr\/les-piliers-de-la-marque\/\" \/>\n<meta property=\"og:site_name\" content=\"Aptus Holland\" \/>\n<meta property=\"article:modified_time\" content=\"2023-08-18T12:55:05+00:00\" \/>\n<meta name=\"twitter:card\" content=\"summary_large_image\" \/>\n<meta name=\"twitter:label1\" content=\"Dur\u00e9e de lecture estim\u00e9e\" \/>\n\t<meta name=\"twitter:data1\" content=\"2 minutes\" \/>\n<script type=\"application\/ld+json\" class=\"yoast-schema-graph\">{\"@context\":\"https:\/\/schema.org\",\"@graph\":[{\"@type\":\"WebPage\",\"@id\":\"https:\/\/aptus-holland.com\/fr\/les-piliers-de-la-marque\/\",\"url\":\"https:\/\/aptus-holland.com\/fr\/les-piliers-de-la-marque\/\",\"name\":\"Les piliers de la marque | Aptus Holland | Aptus Plant Tech\",\"isPartOf\":{\"@id\":\"https:\/\/aptus-holland.com\/fr\/#website\"},\"datePublished\":\"2021-07-23T14:01:48+00:00\",\"dateModified\":\"2023-08-18T12:55:05+00:00\",\"description\":\"Nous visons l'excellence dans tout ce que nous faisons. C'est pourquoi nous avons trois piliers caract\u00e9ristiques. En savoir plus sur les piliers d'Aptus Holland ici.\",\"breadcrumb\":{\"@id\":\"https:\/\/aptus-holland.com\/fr\/les-piliers-de-la-marque\/#breadcrumb\"},\"inLanguage\":\"fr-FR\",\"potentialAction\":[{\"@type\":\"ReadAction\",\"target\":[\"https:\/\/aptus-holland.com\/fr\/les-piliers-de-la-marque\/\"]}]},{\"@type\":\"BreadcrumbList\",\"@id\":\"https:\/\/aptus-holland.com\/fr\/les-piliers-de-la-marque\/#breadcrumb\",\"itemListElement\":[{\"@type\":\"ListItem\",\"position\":1,\"name\":\"Home\",\"item\":\"https:\/\/aptus-holland.com\/fr\/\"},{\"@type\":\"ListItem\",\"position\":2,\"name\":\"Les piliers de la marque\"}]},{\"@type\":\"WebSite\",\"@id\":\"https:\/\/aptus-holland.com\/fr\/#website\",\"url\":\"https:\/\/aptus-holland.com\/fr\/\",\"name\":\"Aptus Holland\",\"description\":\"Plant Tech\",\"publisher\":{\"@id\":\"https:\/\/aptus-holland.com\/fr\/#organization\"},\"potentialAction\":[{\"@type\":\"SearchAction\",\"target\":{\"@type\":\"EntryPoint\",\"urlTemplate\":\"https:\/\/aptus-holland.com\/fr\/?s={search_term_string}\"},\"query-input\":{\"@type\":\"PropertyValueSpecification\",\"valueRequired\":true,\"valueName\":\"search_term_string\"}}],\"inLanguage\":\"fr-FR\"},{\"@type\":\"Organization\",\"@id\":\"https:\/\/aptus-holland.com\/fr\/#organization\",\"name\":\"Aptus Holland\",\"url\":\"https:\/\/aptus-holland.com\/fr\/\",\"logo\":{\"@type\":\"ImageObject\",\"inLanguage\":\"fr-FR\",\"@id\":\"https:\/\/aptus-holland.com\/fr\/#\/schema\/logo\/image\/\",\"url\":\"https:\/\/aptus-holland.com\/wp-content\/uploads\/2021\/07\/logo-aptus-holland.png\",\"contentUrl\":\"https:\/\/aptus-holland.com\/wp-content\/uploads\/2021\/07\/logo-aptus-holland.png\",\"width\":365,\"height\":200,\"caption\":\"Aptus Holland\"},\"image\":{\"@id\":\"https:\/\/aptus-holland.com\/fr\/#\/schema\/logo\/image\/\"}}]}<\/script>\n<!-- \/ Yoast SEO plugin. -->","yoast_head_json":{"title":"Les piliers de la marque | Aptus Holland | Aptus Plant Tech","description":"Nous visons l'excellence dans tout ce que nous faisons. C'est pourquoi nous avons trois piliers caract\u00e9ristiques. En savoir plus sur les piliers d'Aptus Holland ici.","robots":{"index":"index","follow":"follow","max-snippet":"max-snippet:-1","max-image-preview":"max-image-preview:large","max-video-preview":"max-video-preview:-1"},"canonical":"https:\/\/aptus-holland.com\/fr\/les-piliers-de-la-marque\/","og_locale":"fr_FR","og_type":"article","og_title":"Les piliers de la marque | Aptus Holland | Aptus Plant Tech","og_description":"Nous visons l'excellence dans tout ce que nous faisons. C'est pourquoi nous avons trois piliers caract\u00e9ristiques. En savoir plus sur les piliers d'Aptus Holland ici.","og_url":"https:\/\/aptus-holland.com\/fr\/les-piliers-de-la-marque\/","og_site_name":"Aptus Holland","article_modified_time":"2023-08-18T12:55:05+00:00","twitter_card":"summary_large_image","twitter_misc":{"Dur\u00e9e de lecture estim\u00e9e":"2 minutes"},"schema":{"@context":"https:\/\/schema.org","@graph":[{"@type":"WebPage","@id":"https:\/\/aptus-holland.com\/fr\/les-piliers-de-la-marque\/","url":"https:\/\/aptus-holland.com\/fr\/les-piliers-de-la-marque\/","name":"Les piliers de la marque | Aptus Holland | Aptus Plant Tech","isPartOf":{"@id":"https:\/\/aptus-holland.com\/fr\/#website"},"datePublished":"2021-07-23T14:01:48+00:00","dateModified":"2023-08-18T12:55:05+00:00","description":"Nous visons l'excellence dans tout ce que nous faisons. C'est pourquoi nous avons trois piliers caract\u00e9ristiques. En savoir plus sur les piliers d'Aptus Holland ici.","breadcrumb":{"@id":"https:\/\/aptus-holland.com\/fr\/les-piliers-de-la-marque\/#breadcrumb"},"inLanguage":"fr-FR","potentialAction":[{"@type":"ReadAction","target":["https:\/\/aptus-holland.com\/fr\/les-piliers-de-la-marque\/"]}]},{"@type":"BreadcrumbList","@id":"https:\/\/aptus-holland.com\/fr\/les-piliers-de-la-marque\/#breadcrumb","itemListElement":[{"@type":"ListItem","position":1,"name":"Home","item":"https:\/\/aptus-holland.com\/fr\/"},{"@type":"ListItem","position":2,"name":"Les piliers de la marque"}]},{"@type":"WebSite","@id":"https:\/\/aptus-holland.com\/fr\/#website","url":"https:\/\/aptus-holland.com\/fr\/","name":"Aptus Holland","description":"Plant Tech","publisher":{"@id":"https:\/\/aptus-holland.com\/fr\/#organization"},"potentialAction":[{"@type":"SearchAction","target":{"@type":"EntryPoint","urlTemplate":"https:\/\/aptus-holland.com\/fr\/?s={search_term_string}"},"query-input":{"@type":"PropertyValueSpecification","valueRequired":true,"valueName":"search_term_string"}}],"inLanguage":"fr-FR"},{"@type":"Organization","@id":"https:\/\/aptus-holland.com\/fr\/#organization","name":"Aptus Holland","url":"https:\/\/aptus-holland.com\/fr\/","logo":{"@type":"ImageObject","inLanguage":"fr-FR","@id":"https:\/\/aptus-holland.com\/fr\/#\/schema\/logo\/image\/","url":"https:\/\/aptus-holland.com\/wp-content\/uploads\/2021\/07\/logo-aptus-holland.png","contentUrl":"https:\/\/aptus-holland.com\/wp-content\/uploads\/2021\/07\/logo-aptus-holland.png","width":365,"height":200,"caption":"Aptus Holland"},"image":{"@id":"https:\/\/aptus-holland.com\/fr\/#\/schema\/logo\/image\/"}}]}},"_links":{"self":[{"href":"https:\/\/aptus-holland.com\/fr\/wp-json\/wp\/v2\/pages\/34855","targetHints":{"allow":["GET"]}}],"collection":[{"href":"https:\/\/aptus-holland.com\/fr\/wp-json\/wp\/v2\/pages"}],"about":[{"href":"https:\/\/aptus-holland.com\/fr\/wp-json\/wp\/v2\/types\/page"}],"author":[{"embeddable":true,"href":"https:\/\/aptus-holland.com\/fr\/wp-json\/wp\/v2\/users\/2"}],"replies":[{"embeddable":true,"href":"https:\/\/aptus-holland.com\/fr\/wp-json\/wp\/v2\/comments?post=34855"}],"version-history":[{"count":4,"href":"https:\/\/aptus-holland.com\/fr\/wp-json\/wp\/v2\/pages\/34855\/revisions"}],"predecessor-version":[{"id":34859,"href":"https:\/\/aptus-holland.com\/fr\/wp-json\/wp\/v2\/pages\/34855\/revisions\/34859"}],"wp:attachment":[{"href":"https:\/\/aptus-holland.com\/fr\/wp-json\/wp\/v2\/media?parent=34855"}],"curies":[{"name":"wp","href":"https:\/\/api.w.org\/{rel}","templated":true}]}}