{"id":34845,"date":"2021-07-23T13:51:13","date_gmt":"2021-07-23T13:51:13","guid":{"rendered":"https:\/\/aptus-holland.com\/filosofie\/"},"modified":"2023-08-18T12:52:14","modified_gmt":"2023-08-18T12:52:14","slug":"philosophie","status":"publish","type":"page","link":"https:\/\/aptus-holland.com\/fr\/philosophie\/","title":{"rendered":"Philosophie"},"content":{"rendered":"\t\t<div data-elementor-type=\"wp-page\" data-elementor-id=\"34845\" class=\"elementor elementor-34845 elementor-5254\" data-elementor-settings=\"[]\">\n\t\t\t\t\t\t\t<div class=\"elementor-section-wrap\">\n\t\t\t\t\t\t\t<section class=\"elementor-section elementor-top-section elementor-element elementor-element-7f3cbd8 elementor-section-content-middle ot-traditional elementor-section-boxed elementor-section-height-default elementor-section-height-default\" data-id=\"7f3cbd8\" data-element_type=\"section\" data-settings=\"{&quot;background_background&quot;:&quot;classic&quot;}\">\n\t\t\t\t\t\t<div class=\"elementor-container elementor-column-gap-extended\">\n\t\t\t\t\t<div class=\"elementor-column elementor-col-50 elementor-top-column elementor-element elementor-element-9fc2569 ot-flex-column-vertical\" data-id=\"9fc2569\" data-element_type=\"column\">\n\t\t\t<div class=\"elementor-widget-wrap elementor-element-populated\">\n\t\t\t\t\t\t\t\t<div class=\"elementor-element elementor-element-184f9a4 elementor-widget elementor-widget-iheading\" data-id=\"184f9a4\" data-element_type=\"widget\" data-widget_type=\"iheading.default\">\n\t\t\t\t<div class=\"elementor-widget-container\">\n\t\t\t\t\t<div class=\"ot-heading\">\r\n\t        <h2 class=\"main-heading\">Notre philosophie<\/h2>\t    <\/div>\r\n\t    \t\t<\/div>\n\t\t\t\t<\/div>\n\t\t\t\t<div class=\"elementor-element elementor-element-5f326aa elementor-widget elementor-widget-text-editor\" data-id=\"5f326aa\" data-element_type=\"widget\" data-widget_type=\"text-editor.default\">\n\t\t\t\t<div class=\"elementor-widget-container\">\n\t\t\t\t\t\t\t\t<p>Tout comme nous, les plantes sont ce qu\u2019elles mangent\u00a0! Une plante mal nourrie produira des produits de moins bonne qualit\u00e9 nutritionnelle. Il est \u00e9vident que mieux la plante est nourrie, plus ses produits (fruits et l\u00e9gumes) seront sains et nutritifs pour le consommateur.<\/p><p>Aujourd\u2019hui, les terres agricoles sont tellement cultiv\u00e9es \u00e0 l\u2019aide d\u2019engrais et de pesticides synth\u00e9tiques que le sol est d\u00e9pouill\u00e9 de la quasi-totalit\u00e9 de sa vie microbienne et de ses oligo-\u00e9l\u00e9ments. Sans ces oligo-\u00e9l\u00e9ments et ces micro-organismes, ces terres produisent des cultures dont la valeur nutritionnelle est faible, voire nulle.<\/p><p>Nous devons revenir \u00e0 une alimentation saine et biologique afin de renforcer notre syst\u00e8me immunitaire et ainsi de lutter contre les maladies. Il en va de m\u00eame pour les plantes\u00a0: une nutrition ad\u00e9quate leur procure un syst\u00e8me immunitaire sain et actif qui leur permet de se d\u00e9fendre contre toutes les menaces naturelles, comme M\u00e8re Nature l\u2019avait pr\u00e9vu.<\/p>\t\t\t\t\t\t<\/div>\n\t\t\t\t<\/div>\n\t\t\t\t\t<\/div>\n\t\t<\/div>\n\t\t\t\t<div class=\"elementor-column elementor-col-50 elementor-top-column elementor-element elementor-element-7564da8 ot-column-items-top ot-flex-column-vertical\" data-id=\"7564da8\" data-element_type=\"column\">\n\t\t\t<div class=\"elementor-widget-wrap elementor-element-populated\">\n\t\t\t\t\t\t\t\t<div class=\"elementor-element elementor-element-d7f842d elementor-widget elementor-widget-image\" data-id=\"d7f842d\" data-element_type=\"widget\" data-widget_type=\"image.default\">\n\t\t\t\t<div class=\"elementor-widget-container\">\n\t\t\t\t\t\t\t\t\t\t\t\t\t\t\t<img loading=\"lazy\" decoding=\"async\" width=\"1000\" height=\"617\" src=\"https:\/\/aptus-holland.com\/wp-content\/uploads\/2021\/07\/folosiofie-aptus-holland.jpeg\" class=\"attachment-large size-large\" alt=\"\" srcset=\"https:\/\/aptus-holland.com\/wp-content\/uploads\/2021\/07\/folosiofie-aptus-holland.jpeg 1000w, https:\/\/aptus-holland.com\/wp-content\/uploads\/2021\/07\/folosiofie-aptus-holland-300x185.jpeg 300w, https:\/\/aptus-holland.com\/wp-content\/uploads\/2021\/07\/folosiofie-aptus-holland-768x474.jpeg 768w, https:\/\/aptus-holland.com\/wp-content\/uploads\/2021\/07\/folosiofie-aptus-holland-720x444.jpeg 720w\" sizes=\"auto, (max-width: 1000px) 100vw, 1000px\" \/>\t\t\t\t\t\t\t\t\t\t\t\t\t\t\t<\/div>\n\t\t\t\t<\/div>\n\t\t\t\t\t<\/div>\n\t\t<\/div>\n\t\t\t\t\t\t\t<\/div>\n\t\t<\/section>\n\t\t\t\t\t\t<\/div>\n\t\t\t\t\t<\/div>\n\t\t","protected":false},"excerpt":{"rendered":"<p>Notre philosophie Tout comme nous, les plantes sont ce qu\u2019elles mangent\u00a0! Une plante mal nourrie produira des produits de moins bonne qualit\u00e9 nutritionnelle. Il est \u00e9vident que mieux la plante est nourrie, plus ses produits (fruits et l\u00e9gumes) seront sains et nutritifs pour le consommateur. Aujourd\u2019hui, les terres agricoles sont tellement cultiv\u00e9es \u00e0 l\u2019aide d\u2019engrais [&hellip;]<\/p>\n","protected":false},"author":2,"featured_media":0,"parent":0,"menu_order":0,"comment_status":"closed","ping_status":"closed","template":"","meta":{"_monsterinsights_skip_tracking":false,"_monsterinsights_sitenote_active":false,"_monsterinsights_sitenote_note":"","_monsterinsights_sitenote_category":0,"footnotes":""},"class_list":["post-34845","page","type-page","status-publish","hentry"],"yoast_head":"<!-- This site is optimized with the Yoast SEO plugin v27.0 - https:\/\/yoast.com\/product\/yoast-seo-wordpress\/ -->\n<title>Philosophie | Aptus Holland | Aptus Plant Tech<\/title>\n<meta name=\"description\" content=\"Chez Aptus Holland, nous avons une mission et une vision claires. Lisez notre philosophie sur la fa\u00e7on de g\u00e9rer correctement les plantes ici.\" \/>\n<meta name=\"robots\" content=\"index, follow, max-snippet:-1, max-image-preview:large, max-video-preview:-1\" \/>\n<link rel=\"canonical\" href=\"https:\/\/aptus-holland.com\/fr\/philosophie\/\" \/>\n<meta property=\"og:locale\" content=\"fr_FR\" \/>\n<meta property=\"og:type\" content=\"article\" \/>\n<meta property=\"og:title\" content=\"Philosophie | Aptus Holland | Aptus Plant Tech\" \/>\n<meta property=\"og:description\" content=\"Chez Aptus Holland, nous avons une mission et une vision claires. Lisez notre philosophie sur la fa\u00e7on de g\u00e9rer correctement les plantes ici.\" \/>\n<meta property=\"og:url\" content=\"https:\/\/aptus-holland.com\/fr\/philosophie\/\" \/>\n<meta property=\"og:site_name\" content=\"Aptus Holland\" \/>\n<meta property=\"article:modified_time\" content=\"2023-08-18T12:52:14+00:00\" \/>\n<meta property=\"og:image\" content=\"http:\/\/aptus-holland.com\/wp-content\/uploads\/2021\/07\/folosiofie-aptus-holland.jpeg\" \/>\n<meta name=\"twitter:card\" content=\"summary_large_image\" \/>\n<meta name=\"twitter:label1\" content=\"Dur\u00e9e de lecture estim\u00e9e\" \/>\n\t<meta name=\"twitter:data1\" content=\"1 minute\" \/>\n<script type=\"application\/ld+json\" class=\"yoast-schema-graph\">{\"@context\":\"https:\/\/schema.org\",\"@graph\":[{\"@type\":\"WebPage\",\"@id\":\"https:\/\/aptus-holland.com\/fr\/philosophie\/\",\"url\":\"https:\/\/aptus-holland.com\/fr\/philosophie\/\",\"name\":\"Philosophie | Aptus Holland | Aptus Plant Tech\",\"isPartOf\":{\"@id\":\"https:\/\/aptus-holland.com\/fr\/#website\"},\"primaryImageOfPage\":{\"@id\":\"https:\/\/aptus-holland.com\/fr\/philosophie\/#primaryimage\"},\"image\":{\"@id\":\"https:\/\/aptus-holland.com\/fr\/philosophie\/#primaryimage\"},\"thumbnailUrl\":\"http:\/\/aptus-holland.com\/wp-content\/uploads\/2021\/07\/folosiofie-aptus-holland.jpeg\",\"datePublished\":\"2021-07-23T13:51:13+00:00\",\"dateModified\":\"2023-08-18T12:52:14+00:00\",\"description\":\"Chez Aptus Holland, nous avons une mission et une vision claires. Lisez notre philosophie sur la fa\u00e7on de g\u00e9rer correctement les plantes ici.\",\"breadcrumb\":{\"@id\":\"https:\/\/aptus-holland.com\/fr\/philosophie\/#breadcrumb\"},\"inLanguage\":\"fr-FR\",\"potentialAction\":[{\"@type\":\"ReadAction\",\"target\":[\"https:\/\/aptus-holland.com\/fr\/philosophie\/\"]}]},{\"@type\":\"ImageObject\",\"inLanguage\":\"fr-FR\",\"@id\":\"https:\/\/aptus-holland.com\/fr\/philosophie\/#primaryimage\",\"url\":\"http:\/\/aptus-holland.com\/wp-content\/uploads\/2021\/07\/folosiofie-aptus-holland.jpeg\",\"contentUrl\":\"http:\/\/aptus-holland.com\/wp-content\/uploads\/2021\/07\/folosiofie-aptus-holland.jpeg\"},{\"@type\":\"BreadcrumbList\",\"@id\":\"https:\/\/aptus-holland.com\/fr\/philosophie\/#breadcrumb\",\"itemListElement\":[{\"@type\":\"ListItem\",\"position\":1,\"name\":\"Home\",\"item\":\"https:\/\/aptus-holland.com\/fr\/\"},{\"@type\":\"ListItem\",\"position\":2,\"name\":\"Philosophie\"}]},{\"@type\":\"WebSite\",\"@id\":\"https:\/\/aptus-holland.com\/fr\/#website\",\"url\":\"https:\/\/aptus-holland.com\/fr\/\",\"name\":\"Aptus Holland\",\"description\":\"Plant Tech\",\"publisher\":{\"@id\":\"https:\/\/aptus-holland.com\/fr\/#organization\"},\"potentialAction\":[{\"@type\":\"SearchAction\",\"target\":{\"@type\":\"EntryPoint\",\"urlTemplate\":\"https:\/\/aptus-holland.com\/fr\/?s={search_term_string}\"},\"query-input\":{\"@type\":\"PropertyValueSpecification\",\"valueRequired\":true,\"valueName\":\"search_term_string\"}}],\"inLanguage\":\"fr-FR\"},{\"@type\":\"Organization\",\"@id\":\"https:\/\/aptus-holland.com\/fr\/#organization\",\"name\":\"Aptus Holland\",\"url\":\"https:\/\/aptus-holland.com\/fr\/\",\"logo\":{\"@type\":\"ImageObject\",\"inLanguage\":\"fr-FR\",\"@id\":\"https:\/\/aptus-holland.com\/fr\/#\/schema\/logo\/image\/\",\"url\":\"https:\/\/aptus-holland.com\/wp-content\/uploads\/2021\/07\/logo-aptus-holland.png\",\"contentUrl\":\"https:\/\/aptus-holland.com\/wp-content\/uploads\/2021\/07\/logo-aptus-holland.png\",\"width\":365,\"height\":200,\"caption\":\"Aptus Holland\"},\"image\":{\"@id\":\"https:\/\/aptus-holland.com\/fr\/#\/schema\/logo\/image\/\"}}]}<\/script>\n<!-- \/ Yoast SEO plugin. -->","yoast_head_json":{"title":"Philosophie | Aptus Holland | Aptus Plant Tech","description":"Chez Aptus Holland, nous avons une mission et une vision claires. Lisez notre philosophie sur la fa\u00e7on de g\u00e9rer correctement les plantes ici.","robots":{"index":"index","follow":"follow","max-snippet":"max-snippet:-1","max-image-preview":"max-image-preview:large","max-video-preview":"max-video-preview:-1"},"canonical":"https:\/\/aptus-holland.com\/fr\/philosophie\/","og_locale":"fr_FR","og_type":"article","og_title":"Philosophie | Aptus Holland | Aptus Plant Tech","og_description":"Chez Aptus Holland, nous avons une mission et une vision claires. Lisez notre philosophie sur la fa\u00e7on de g\u00e9rer correctement les plantes ici.","og_url":"https:\/\/aptus-holland.com\/fr\/philosophie\/","og_site_name":"Aptus Holland","article_modified_time":"2023-08-18T12:52:14+00:00","og_image":[{"url":"http:\/\/aptus-holland.com\/wp-content\/uploads\/2021\/07\/folosiofie-aptus-holland.jpeg","type":"","width":"","height":""}],"twitter_card":"summary_large_image","twitter_misc":{"Dur\u00e9e de lecture estim\u00e9e":"1 minute"},"schema":{"@context":"https:\/\/schema.org","@graph":[{"@type":"WebPage","@id":"https:\/\/aptus-holland.com\/fr\/philosophie\/","url":"https:\/\/aptus-holland.com\/fr\/philosophie\/","name":"Philosophie | Aptus Holland | Aptus Plant Tech","isPartOf":{"@id":"https:\/\/aptus-holland.com\/fr\/#website"},"primaryImageOfPage":{"@id":"https:\/\/aptus-holland.com\/fr\/philosophie\/#primaryimage"},"image":{"@id":"https:\/\/aptus-holland.com\/fr\/philosophie\/#primaryimage"},"thumbnailUrl":"http:\/\/aptus-holland.com\/wp-content\/uploads\/2021\/07\/folosiofie-aptus-holland.jpeg","datePublished":"2021-07-23T13:51:13+00:00","dateModified":"2023-08-18T12:52:14+00:00","description":"Chez Aptus Holland, nous avons une mission et une vision claires. Lisez notre philosophie sur la fa\u00e7on de g\u00e9rer correctement les plantes ici.","breadcrumb":{"@id":"https:\/\/aptus-holland.com\/fr\/philosophie\/#breadcrumb"},"inLanguage":"fr-FR","potentialAction":[{"@type":"ReadAction","target":["https:\/\/aptus-holland.com\/fr\/philosophie\/"]}]},{"@type":"ImageObject","inLanguage":"fr-FR","@id":"https:\/\/aptus-holland.com\/fr\/philosophie\/#primaryimage","url":"http:\/\/aptus-holland.com\/wp-content\/uploads\/2021\/07\/folosiofie-aptus-holland.jpeg","contentUrl":"http:\/\/aptus-holland.com\/wp-content\/uploads\/2021\/07\/folosiofie-aptus-holland.jpeg"},{"@type":"BreadcrumbList","@id":"https:\/\/aptus-holland.com\/fr\/philosophie\/#breadcrumb","itemListElement":[{"@type":"ListItem","position":1,"name":"Home","item":"https:\/\/aptus-holland.com\/fr\/"},{"@type":"ListItem","position":2,"name":"Philosophie"}]},{"@type":"WebSite","@id":"https:\/\/aptus-holland.com\/fr\/#website","url":"https:\/\/aptus-holland.com\/fr\/","name":"Aptus Holland","description":"Plant Tech","publisher":{"@id":"https:\/\/aptus-holland.com\/fr\/#organization"},"potentialAction":[{"@type":"SearchAction","target":{"@type":"EntryPoint","urlTemplate":"https:\/\/aptus-holland.com\/fr\/?s={search_term_string}"},"query-input":{"@type":"PropertyValueSpecification","valueRequired":true,"valueName":"search_term_string"}}],"inLanguage":"fr-FR"},{"@type":"Organization","@id":"https:\/\/aptus-holland.com\/fr\/#organization","name":"Aptus Holland","url":"https:\/\/aptus-holland.com\/fr\/","logo":{"@type":"ImageObject","inLanguage":"fr-FR","@id":"https:\/\/aptus-holland.com\/fr\/#\/schema\/logo\/image\/","url":"https:\/\/aptus-holland.com\/wp-content\/uploads\/2021\/07\/logo-aptus-holland.png","contentUrl":"https:\/\/aptus-holland.com\/wp-content\/uploads\/2021\/07\/logo-aptus-holland.png","width":365,"height":200,"caption":"Aptus Holland"},"image":{"@id":"https:\/\/aptus-holland.com\/fr\/#\/schema\/logo\/image\/"}}]}},"_links":{"self":[{"href":"https:\/\/aptus-holland.com\/fr\/wp-json\/wp\/v2\/pages\/34845","targetHints":{"allow":["GET"]}}],"collection":[{"href":"https:\/\/aptus-holland.com\/fr\/wp-json\/wp\/v2\/pages"}],"about":[{"href":"https:\/\/aptus-holland.com\/fr\/wp-json\/wp\/v2\/types\/page"}],"author":[{"embeddable":true,"href":"https:\/\/aptus-holland.com\/fr\/wp-json\/wp\/v2\/users\/2"}],"replies":[{"embeddable":true,"href":"https:\/\/aptus-holland.com\/fr\/wp-json\/wp\/v2\/comments?post=34845"}],"version-history":[{"count":4,"href":"https:\/\/aptus-holland.com\/fr\/wp-json\/wp\/v2\/pages\/34845\/revisions"}],"predecessor-version":[{"id":34854,"href":"https:\/\/aptus-holland.com\/fr\/wp-json\/wp\/v2\/pages\/34845\/revisions\/34854"}],"wp:attachment":[{"href":"https:\/\/aptus-holland.com\/fr\/wp-json\/wp\/v2\/media?parent=34845"}],"curies":[{"name":"wp","href":"https:\/\/api.w.org\/{rel}","templated":true}]}}