{"id":34421,"date":"2021-12-16T11:59:57","date_gmt":"2021-12-16T11:59:57","guid":{"rendered":"https:\/\/aptus-holland.com\/tent-set-basic\/"},"modified":"2023-08-18T12:25:23","modified_gmt":"2023-08-18T12:25:23","slug":"tent-set-basic","status":"publish","type":"page","link":"https:\/\/aptus-holland.com\/fr\/pack-and-go\/tent-set-basic\/","title":{"rendered":"Tent Set Basic"},"content":{"rendered":"\t\t<div data-elementor-type=\"wp-page\" data-elementor-id=\"34421\" class=\"elementor elementor-34421 elementor-28165\" data-elementor-settings=\"[]\">\n\t\t\t\t\t\t\t<div class=\"elementor-section-wrap\">\n\t\t\t\t\t\t\t<section class=\"elementor-section elementor-top-section elementor-element elementor-element-cb4074c elementor-section-full_width ot-traditional elementor-section-height-default elementor-section-height-default\" data-id=\"cb4074c\" data-element_type=\"section\">\n\t\t\t\t\t\t<div class=\"elementor-container elementor-column-gap-extended\">\n\t\t\t\t\t<div class=\"elementor-column elementor-col-50 elementor-top-column elementor-element elementor-element-ccf0919 ot-column-items-top ot-flex-column-vertical\" data-id=\"ccf0919\" data-element_type=\"column\">\n\t\t\t<div class=\"elementor-widget-wrap elementor-element-populated\">\n\t\t\t\t\t\t\t\t<div class=\"elementor-element elementor-element-85abb63 product-img-aptus elementor-widget elementor-widget-image\" data-id=\"85abb63\" data-element_type=\"widget\" data-widget_type=\"image.default\">\n\t\t\t\t<div class=\"elementor-widget-container\">\n\t\t\t\t\t\t\t\t\t\t\t\t\t\t\t<img loading=\"lazy\" decoding=\"async\" width=\"800\" height=\"495\" src=\"https:\/\/aptus-holland.com\/wp-content\/uploads\/2022\/08\/tent-basic-img.png\" class=\"attachment-full size-full\" alt=\"\" srcset=\"https:\/\/aptus-holland.com\/wp-content\/uploads\/2022\/08\/tent-basic-img.png 800w, https:\/\/aptus-holland.com\/wp-content\/uploads\/2022\/08\/tent-basic-img-300x186.png 300w, https:\/\/aptus-holland.com\/wp-content\/uploads\/2022\/08\/tent-basic-img-768x475.png 768w, https:\/\/aptus-holland.com\/wp-content\/uploads\/2022\/08\/tent-basic-img-720x446.png 720w, https:\/\/aptus-holland.com\/wp-content\/uploads\/2022\/08\/tent-basic-img-24x15.png 24w, https:\/\/aptus-holland.com\/wp-content\/uploads\/2022\/08\/tent-basic-img-36x22.png 36w, https:\/\/aptus-holland.com\/wp-content\/uploads\/2022\/08\/tent-basic-img-48x30.png 48w\" sizes=\"auto, (max-width: 800px) 100vw, 800px\" \/>\t\t\t\t\t\t\t\t\t\t\t\t\t\t\t<\/div>\n\t\t\t\t<\/div>\n\t\t\t\t\t<\/div>\n\t\t<\/div>\n\t\t\t\t<div class=\"elementor-column elementor-col-50 elementor-top-column elementor-element elementor-element-9e78e1d ot-flex-column-vertical elementor-invisible\" data-id=\"9e78e1d\" data-element_type=\"column\" data-settings=\"{&quot;background_background&quot;:&quot;classic&quot;,&quot;animation&quot;:&quot;fadeInRight&quot;}\">\n\t\t\t<div class=\"elementor-widget-wrap elementor-element-populated\">\n\t\t\t\t\t\t\t\t<div class=\"elementor-element elementor-element-925ee15 elementor-widget elementor-widget-iheading\" data-id=\"925ee15\" data-element_type=\"widget\" data-widget_type=\"iheading.default\">\n\t\t\t\t<div class=\"elementor-widget-container\">\n\t\t\t\t\t<div class=\"ot-heading\">\r\n\t        \t            <span>\/\/ PACK & GO SET<\/span>\r\n\t        <h2 class=\"main-heading\">Tent Set Basic<\/h2>\t    <\/div>\r\n\t    \t\t<\/div>\n\t\t\t\t<\/div>\n\t\t\t\t<div class=\"elementor-element elementor-element-f9ab05f elementor-widget elementor-widget-text-editor\" data-id=\"f9ab05f\" data-element_type=\"widget\" data-widget_type=\"text-editor.default\">\n\t\t\t\t<div class=\"elementor-widget-container\">\n\t\t\t\t\t\t\t\t<p>L\u2019Aptus Tent Set Basic contient tous les produits essentiels d\u2019Aptus dans de petits contenants pratiques. Les packs Aptus Tent sont un moyen id\u00e9al de d\u00e9couvrir la puissance d\u2019Aptus. Vous d\u00e9butez ou cultivez \u00e0 petite \u00e9chelle\u00a0? C\u2019est le pack qu\u2019il vous faut pour commencer\u00a0!<\/p>\t\t\t\t\t\t<\/div>\n\t\t\t\t<\/div>\n\t\t\t\t\t<\/div>\n\t\t<\/div>\n\t\t\t\t\t\t\t<\/div>\n\t\t<\/section>\n\t\t\t\t<section class=\"elementor-section elementor-top-section elementor-element elementor-element-683d3b1 ot-traditional elementor-section-boxed elementor-section-height-default elementor-section-height-default\" data-id=\"683d3b1\" data-element_type=\"section\" data-settings=\"{&quot;background_background&quot;:&quot;classic&quot;}\">\n\t\t\t\t\t\t<div class=\"elementor-container elementor-column-gap-extended\">\n\t\t\t\t\t<div class=\"elementor-column elementor-col-50 elementor-top-column elementor-element elementor-element-9aaa582 ot-flex-column-vertical\" data-id=\"9aaa582\" data-element_type=\"column\">\n\t\t\t<div class=\"elementor-widget-wrap elementor-element-populated\">\n\t\t\t\t\t\t\t\t<div class=\"elementor-element elementor-element-d58ba4b elementor-widget elementor-widget-iheading\" data-id=\"d58ba4b\" data-element_type=\"widget\" data-widget_type=\"iheading.default\">\n\t\t\t\t<div class=\"elementor-widget-container\">\n\t\t\t\t\t<div class=\"ot-heading\">\r\n\t        <h2 class=\"main-heading\">Tent Set Basic contient<\/h2>\t    <\/div>\r\n\t    \t\t<\/div>\n\t\t\t\t<\/div>\n\t\t\t\t<div class=\"elementor-element elementor-element-b6c8371 elementor-icon-list--layout-traditional elementor-list-item-link-full_width elementor-widget elementor-widget-icon-list\" data-id=\"b6c8371\" data-element_type=\"widget\" data-widget_type=\"icon-list.default\">\n\t\t\t\t<div class=\"elementor-widget-container\">\n\t\t\t\t\t<ul class=\"elementor-icon-list-items\">\n\t\t\t\t\t\t\t<li class=\"elementor-icon-list-item\">\n\t\t\t\t\t<a href=\"\/fr\/produits\/regulator\/\" target=\"_blank\">\t\t\t\t\t\t<span class=\"elementor-icon-list-icon\">\n\t\t\t\t\t\t\t<i aria-hidden=\"true\" class=\"fas fa-check\"><\/i>\t\t\t\t\t\t<\/span>\n\t\t\t\t\t\t\t\t\t\t<span class=\"elementor-icon-list-text\">Regulator 50ml<\/span>\n\t\t\t\t\t\t\t\t\t\t\t<\/a>\n\t\t\t\t\t\t\t\t\t<\/li>\n\t\t\t\t\t\t\t\t<li class=\"elementor-icon-list-item\">\n\t\t\t\t\t<a href=\"\/fr\/produits\/startbooster\/\" target=\"_blank\">\t\t\t\t\t\t<span class=\"elementor-icon-list-icon\">\n\t\t\t\t\t\t\t<i aria-hidden=\"true\" class=\"fas fa-check\"><\/i>\t\t\t\t\t\t<\/span>\n\t\t\t\t\t\t\t\t\t\t<span class=\"elementor-icon-list-text\">Startbooster 50ml<\/span>\n\t\t\t\t\t\t\t\t\t\t\t<\/a>\n\t\t\t\t\t\t\t\t\t<\/li>\n\t\t\t\t\t\t\t\t<li class=\"elementor-icon-list-item\">\n\t\t\t\t\t<a href=\"\/fr\/produits\/topbooster\/\" target=\"_blank\">\t\t\t\t\t\t<span class=\"elementor-icon-list-icon\">\n\t\t\t\t\t\t\t<i aria-hidden=\"true\" class=\"fas fa-check\"><\/i>\t\t\t\t\t\t<\/span>\n\t\t\t\t\t\t\t\t\t\t<span class=\"elementor-icon-list-text\">Topbooster 50ml<\/span>\n\t\t\t\t\t\t\t\t\t\t\t<\/a>\n\t\t\t\t\t\t\t\t\t<\/li>\n\t\t\t\t\t\t\t\t<li class=\"elementor-icon-list-item\">\n\t\t\t\t\t<a href=\"\/fr\/produits\/super-pk\/\" target=\"_blank\">\t\t\t\t\t\t<span class=\"elementor-icon-list-icon\">\n\t\t\t\t\t\t\t<i aria-hidden=\"true\" class=\"fas fa-check\"><\/i>\t\t\t\t\t\t<\/span>\n\t\t\t\t\t\t\t\t\t\t<span class=\"elementor-icon-list-text\">Super-PK 50ml<\/span>\n\t\t\t\t\t\t\t\t\t\t\t<\/a>\n\t\t\t\t\t\t\t\t\t<\/li>\n\t\t\t\t\t\t\t\t<li class=\"elementor-icon-list-item\">\n\t\t\t\t\t<a href=\"\/fr\/produits\/k-boost\/\" target=\"_blank\">\t\t\t\t\t\t<span class=\"elementor-icon-list-icon\">\n\t\t\t\t\t\t\t<i aria-hidden=\"true\" class=\"fas fa-check\"><\/i>\t\t\t\t\t\t<\/span>\n\t\t\t\t\t\t\t\t\t\t<span class=\"elementor-icon-list-text\">K-Boost 50ml<\/span>\n\t\t\t\t\t\t\t\t\t\t\t<\/a>\n\t\t\t\t\t\t\t\t\t<\/li>\n\t\t\t\t\t\t<\/ul>\n\t\t\t\t<\/div>\n\t\t\t\t<\/div>\n\t\t\t\t\t<\/div>\n\t\t<\/div>\n\t\t\t\t<div class=\"elementor-column elementor-col-50 elementor-top-column elementor-element elementor-element-f46f3a7 ot-flex-column-vertical\" data-id=\"f46f3a7\" data-element_type=\"column\">\n\t\t\t<div class=\"elementor-widget-wrap elementor-element-populated\">\n\t\t\t\t\t\t\t\t<div class=\"elementor-element elementor-element-9b95014 elementor-aspect-ratio-169 elementor-widget elementor-widget-video\" data-id=\"9b95014\" data-element_type=\"widget\" data-settings=\"{&quot;youtube_url&quot;:&quot;https:\\\/\\\/www.youtube.com\\\/watch?v=NfcU9MBE29A&quot;,&quot;video_type&quot;:&quot;youtube&quot;,&quot;controls&quot;:&quot;yes&quot;,&quot;aspect_ratio&quot;:&quot;169&quot;}\" data-widget_type=\"video.default\">\n\t\t\t\t<div class=\"elementor-widget-container\">\n\t\t\t\t\t<div class=\"elementor-wrapper elementor-fit-aspect-ratio elementor-open-inline\">\n\t\t\t<div class=\"elementor-video\"><\/div>\t\t<\/div>\n\t\t\t\t<\/div>\n\t\t\t\t<\/div>\n\t\t\t\t\t<\/div>\n\t\t<\/div>\n\t\t\t\t\t\t\t<\/div>\n\t\t<\/section>\n\t\t\t\t\t\t<\/div>\n\t\t\t\t\t<\/div>\n\t\t","protected":false},"excerpt":{"rendered":"<p>\/\/ PACK &#038; GO SET Tent Set Basic L\u2019Aptus Tent Set Basic contient tous les produits essentiels d\u2019Aptus dans de petits contenants pratiques. Les packs Aptus Tent sont un moyen id\u00e9al de d\u00e9couvrir la puissance d\u2019Aptus. Vous d\u00e9butez ou cultivez \u00e0 petite \u00e9chelle\u00a0? C\u2019est le pack qu\u2019il vous faut pour commencer\u00a0! Tent Set Basic contient [&hellip;]<\/p>\n","protected":false},"author":2,"featured_media":0,"parent":34789,"menu_order":0,"comment_status":"closed","ping_status":"closed","template":"","meta":{"_monsterinsights_skip_tracking":false,"_monsterinsights_sitenote_active":false,"_monsterinsights_sitenote_note":"","_monsterinsights_sitenote_category":0,"footnotes":""},"class_list":["post-34421","page","type-page","status-publish","hentry"],"yoast_head":"<!-- This site is optimized with the Yoast SEO plugin v27.0 - https:\/\/yoast.com\/product\/yoast-seo-wordpress\/ -->\n<title>Tent Set Basic - Aptus Holland<\/title>\n<meta name=\"robots\" content=\"index, follow, max-snippet:-1, max-image-preview:large, max-video-preview:-1\" \/>\n<link rel=\"canonical\" href=\"https:\/\/aptus-holland.com\/fr\/pack-and-go\/tent-set-basic\/\" \/>\n<meta property=\"og:locale\" content=\"fr_FR\" \/>\n<meta property=\"og:type\" content=\"article\" \/>\n<meta property=\"og:title\" content=\"Tent Set Basic - Aptus Holland\" \/>\n<meta property=\"og:description\" content=\"\/\/ PACK &#038; GO SET Tent Set Basic L\u2019Aptus Tent Set Basic contient tous les produits essentiels d\u2019Aptus dans de petits contenants pratiques. Les packs Aptus Tent sont un moyen id\u00e9al de d\u00e9couvrir la puissance d\u2019Aptus. Vous d\u00e9butez ou cultivez \u00e0 petite \u00e9chelle\u00a0? C\u2019est le pack qu\u2019il vous faut pour commencer\u00a0! Tent Set Basic contient [&hellip;]\" \/>\n<meta property=\"og:url\" content=\"https:\/\/aptus-holland.com\/fr\/pack-and-go\/tent-set-basic\/\" \/>\n<meta property=\"og:site_name\" content=\"Aptus Holland\" \/>\n<meta property=\"article:modified_time\" content=\"2023-08-18T12:25:23+00:00\" \/>\n<meta property=\"og:image\" content=\"http:\/\/aptus-holland.com\/wp-content\/uploads\/2022\/08\/tent-basic-img.png\" \/>\n<meta name=\"twitter:card\" content=\"summary_large_image\" \/>\n<meta name=\"twitter:label1\" content=\"Dur\u00e9e de lecture estim\u00e9e\" \/>\n\t<meta name=\"twitter:data1\" content=\"1 minute\" \/>\n<script type=\"application\/ld+json\" class=\"yoast-schema-graph\">{\"@context\":\"https:\/\/schema.org\",\"@graph\":[{\"@type\":\"WebPage\",\"@id\":\"https:\/\/aptus-holland.com\/fr\/pack-and-go\/tent-set-basic\/\",\"url\":\"https:\/\/aptus-holland.com\/fr\/pack-and-go\/tent-set-basic\/\",\"name\":\"Tent Set Basic - Aptus Holland\",\"isPartOf\":{\"@id\":\"https:\/\/aptus-holland.com\/fr\/#website\"},\"primaryImageOfPage\":{\"@id\":\"https:\/\/aptus-holland.com\/fr\/pack-and-go\/tent-set-basic\/#primaryimage\"},\"image\":{\"@id\":\"https:\/\/aptus-holland.com\/fr\/pack-and-go\/tent-set-basic\/#primaryimage\"},\"thumbnailUrl\":\"http:\/\/aptus-holland.com\/wp-content\/uploads\/2022\/08\/tent-basic-img.png\",\"datePublished\":\"2021-12-16T11:59:57+00:00\",\"dateModified\":\"2023-08-18T12:25:23+00:00\",\"breadcrumb\":{\"@id\":\"https:\/\/aptus-holland.com\/fr\/pack-and-go\/tent-set-basic\/#breadcrumb\"},\"inLanguage\":\"fr-FR\",\"potentialAction\":[{\"@type\":\"ReadAction\",\"target\":[\"https:\/\/aptus-holland.com\/fr\/pack-and-go\/tent-set-basic\/\"]}]},{\"@type\":\"ImageObject\",\"inLanguage\":\"fr-FR\",\"@id\":\"https:\/\/aptus-holland.com\/fr\/pack-and-go\/tent-set-basic\/#primaryimage\",\"url\":\"http:\/\/aptus-holland.com\/wp-content\/uploads\/2022\/08\/tent-basic-img.png\",\"contentUrl\":\"http:\/\/aptus-holland.com\/wp-content\/uploads\/2022\/08\/tent-basic-img.png\"},{\"@type\":\"BreadcrumbList\",\"@id\":\"https:\/\/aptus-holland.com\/fr\/pack-and-go\/tent-set-basic\/#breadcrumb\",\"itemListElement\":[{\"@type\":\"ListItem\",\"position\":1,\"name\":\"Home\",\"item\":\"https:\/\/aptus-holland.com\/fr\/\"},{\"@type\":\"ListItem\",\"position\":2,\"name\":\"Pack &#038; Go\",\"item\":\"https:\/\/aptus-holland.com\/fr\/pack-and-go\/\"},{\"@type\":\"ListItem\",\"position\":3,\"name\":\"Tent Set Basic\"}]},{\"@type\":\"WebSite\",\"@id\":\"https:\/\/aptus-holland.com\/fr\/#website\",\"url\":\"https:\/\/aptus-holland.com\/fr\/\",\"name\":\"Aptus Holland\",\"description\":\"Plant Tech\",\"publisher\":{\"@id\":\"https:\/\/aptus-holland.com\/fr\/#organization\"},\"potentialAction\":[{\"@type\":\"SearchAction\",\"target\":{\"@type\":\"EntryPoint\",\"urlTemplate\":\"https:\/\/aptus-holland.com\/fr\/?s={search_term_string}\"},\"query-input\":{\"@type\":\"PropertyValueSpecification\",\"valueRequired\":true,\"valueName\":\"search_term_string\"}}],\"inLanguage\":\"fr-FR\"},{\"@type\":\"Organization\",\"@id\":\"https:\/\/aptus-holland.com\/fr\/#organization\",\"name\":\"Aptus Holland\",\"url\":\"https:\/\/aptus-holland.com\/fr\/\",\"logo\":{\"@type\":\"ImageObject\",\"inLanguage\":\"fr-FR\",\"@id\":\"https:\/\/aptus-holland.com\/fr\/#\/schema\/logo\/image\/\",\"url\":\"https:\/\/aptus-holland.com\/wp-content\/uploads\/2021\/07\/logo-aptus-holland.png\",\"contentUrl\":\"https:\/\/aptus-holland.com\/wp-content\/uploads\/2021\/07\/logo-aptus-holland.png\",\"width\":365,\"height\":200,\"caption\":\"Aptus Holland\"},\"image\":{\"@id\":\"https:\/\/aptus-holland.com\/fr\/#\/schema\/logo\/image\/\"}}]}<\/script>\n<!-- \/ Yoast SEO plugin. -->","yoast_head_json":{"title":"Tent Set Basic - Aptus Holland","robots":{"index":"index","follow":"follow","max-snippet":"max-snippet:-1","max-image-preview":"max-image-preview:large","max-video-preview":"max-video-preview:-1"},"canonical":"https:\/\/aptus-holland.com\/fr\/pack-and-go\/tent-set-basic\/","og_locale":"fr_FR","og_type":"article","og_title":"Tent Set Basic - Aptus Holland","og_description":"\/\/ PACK &#038; GO SET Tent Set Basic L\u2019Aptus Tent Set Basic contient tous les produits essentiels d\u2019Aptus dans de petits contenants pratiques. Les packs Aptus Tent sont un moyen id\u00e9al de d\u00e9couvrir la puissance d\u2019Aptus. Vous d\u00e9butez ou cultivez \u00e0 petite \u00e9chelle\u00a0? C\u2019est le pack qu\u2019il vous faut pour commencer\u00a0! Tent Set Basic contient [&hellip;]","og_url":"https:\/\/aptus-holland.com\/fr\/pack-and-go\/tent-set-basic\/","og_site_name":"Aptus Holland","article_modified_time":"2023-08-18T12:25:23+00:00","og_image":[{"url":"http:\/\/aptus-holland.com\/wp-content\/uploads\/2022\/08\/tent-basic-img.png","type":"","width":"","height":""}],"twitter_card":"summary_large_image","twitter_misc":{"Dur\u00e9e de lecture estim\u00e9e":"1 minute"},"schema":{"@context":"https:\/\/schema.org","@graph":[{"@type":"WebPage","@id":"https:\/\/aptus-holland.com\/fr\/pack-and-go\/tent-set-basic\/","url":"https:\/\/aptus-holland.com\/fr\/pack-and-go\/tent-set-basic\/","name":"Tent Set Basic - Aptus Holland","isPartOf":{"@id":"https:\/\/aptus-holland.com\/fr\/#website"},"primaryImageOfPage":{"@id":"https:\/\/aptus-holland.com\/fr\/pack-and-go\/tent-set-basic\/#primaryimage"},"image":{"@id":"https:\/\/aptus-holland.com\/fr\/pack-and-go\/tent-set-basic\/#primaryimage"},"thumbnailUrl":"http:\/\/aptus-holland.com\/wp-content\/uploads\/2022\/08\/tent-basic-img.png","datePublished":"2021-12-16T11:59:57+00:00","dateModified":"2023-08-18T12:25:23+00:00","breadcrumb":{"@id":"https:\/\/aptus-holland.com\/fr\/pack-and-go\/tent-set-basic\/#breadcrumb"},"inLanguage":"fr-FR","potentialAction":[{"@type":"ReadAction","target":["https:\/\/aptus-holland.com\/fr\/pack-and-go\/tent-set-basic\/"]}]},{"@type":"ImageObject","inLanguage":"fr-FR","@id":"https:\/\/aptus-holland.com\/fr\/pack-and-go\/tent-set-basic\/#primaryimage","url":"http:\/\/aptus-holland.com\/wp-content\/uploads\/2022\/08\/tent-basic-img.png","contentUrl":"http:\/\/aptus-holland.com\/wp-content\/uploads\/2022\/08\/tent-basic-img.png"},{"@type":"BreadcrumbList","@id":"https:\/\/aptus-holland.com\/fr\/pack-and-go\/tent-set-basic\/#breadcrumb","itemListElement":[{"@type":"ListItem","position":1,"name":"Home","item":"https:\/\/aptus-holland.com\/fr\/"},{"@type":"ListItem","position":2,"name":"Pack &#038; Go","item":"https:\/\/aptus-holland.com\/fr\/pack-and-go\/"},{"@type":"ListItem","position":3,"name":"Tent Set Basic"}]},{"@type":"WebSite","@id":"https:\/\/aptus-holland.com\/fr\/#website","url":"https:\/\/aptus-holland.com\/fr\/","name":"Aptus Holland","description":"Plant Tech","publisher":{"@id":"https:\/\/aptus-holland.com\/fr\/#organization"},"potentialAction":[{"@type":"SearchAction","target":{"@type":"EntryPoint","urlTemplate":"https:\/\/aptus-holland.com\/fr\/?s={search_term_string}"},"query-input":{"@type":"PropertyValueSpecification","valueRequired":true,"valueName":"search_term_string"}}],"inLanguage":"fr-FR"},{"@type":"Organization","@id":"https:\/\/aptus-holland.com\/fr\/#organization","name":"Aptus Holland","url":"https:\/\/aptus-holland.com\/fr\/","logo":{"@type":"ImageObject","inLanguage":"fr-FR","@id":"https:\/\/aptus-holland.com\/fr\/#\/schema\/logo\/image\/","url":"https:\/\/aptus-holland.com\/wp-content\/uploads\/2021\/07\/logo-aptus-holland.png","contentUrl":"https:\/\/aptus-holland.com\/wp-content\/uploads\/2021\/07\/logo-aptus-holland.png","width":365,"height":200,"caption":"Aptus Holland"},"image":{"@id":"https:\/\/aptus-holland.com\/fr\/#\/schema\/logo\/image\/"}}]}},"_links":{"self":[{"href":"https:\/\/aptus-holland.com\/fr\/wp-json\/wp\/v2\/pages\/34421","targetHints":{"allow":["GET"]}}],"collection":[{"href":"https:\/\/aptus-holland.com\/fr\/wp-json\/wp\/v2\/pages"}],"about":[{"href":"https:\/\/aptus-holland.com\/fr\/wp-json\/wp\/v2\/types\/page"}],"author":[{"embeddable":true,"href":"https:\/\/aptus-holland.com\/fr\/wp-json\/wp\/v2\/users\/2"}],"replies":[{"embeddable":true,"href":"https:\/\/aptus-holland.com\/fr\/wp-json\/wp\/v2\/comments?post=34421"}],"version-history":[{"count":4,"href":"https:\/\/aptus-holland.com\/fr\/wp-json\/wp\/v2\/pages\/34421\/revisions"}],"predecessor-version":[{"id":34809,"href":"https:\/\/aptus-holland.com\/fr\/wp-json\/wp\/v2\/pages\/34421\/revisions\/34809"}],"up":[{"embeddable":true,"href":"https:\/\/aptus-holland.com\/fr\/wp-json\/wp\/v2\/pages\/34789"}],"wp:attachment":[{"href":"https:\/\/aptus-holland.com\/fr\/wp-json\/wp\/v2\/media?parent=34421"}],"curies":[{"name":"wp","href":"https:\/\/api.w.org\/{rel}","templated":true}]}}