{"id":39509,"date":"2025-04-22T13:33:55","date_gmt":"2025-04-22T13:33:55","guid":{"rendered":"https:\/\/aptus-holland.com\/find-your-program\/"},"modified":"2025-05-07T14:45:51","modified_gmt":"2025-05-07T14:45:51","slug":"encuentra-tu-programa-ideal","status":"publish","type":"page","link":"https:\/\/aptus-holland.com\/es\/encuentra-tu-programa-ideal\/","title":{"rendered":"Encuentra tu Programa Ideal"},"content":{"rendered":"\t\t<div data-elementor-type=\"wp-page\" data-elementor-id=\"39509\" class=\"elementor elementor-39509 elementor-38948\" data-elementor-settings=\"[]\">\n\t\t\t\t\t\t\t<div class=\"elementor-section-wrap\">\n\t\t\t\t\t\t\t<section class=\"elementor-section elementor-top-section elementor-element elementor-element-cb4074c elementor-section-full_width ot-traditional elementor-section-height-default elementor-section-height-default\" data-id=\"cb4074c\" data-element_type=\"section\">\n\t\t\t\t\t\t<div class=\"elementor-container elementor-column-gap-extended\">\n\t\t\t\t\t<div class=\"elementor-column elementor-col-100 elementor-top-column elementor-element elementor-element-9e78e1d ot-flex-column-vertical elementor-invisible\" data-id=\"9e78e1d\" data-element_type=\"column\" data-settings=\"{&quot;background_background&quot;:&quot;classic&quot;,&quot;animation&quot;:&quot;fadeInRight&quot;}\">\n\t\t\t<div class=\"elementor-widget-wrap elementor-element-populated\">\n\t\t\t\t\t\t\t\t<div class=\"elementor-element elementor-element-925ee15 elementor-widget elementor-widget-iheading\" data-id=\"925ee15\" data-element_type=\"widget\" data-widget_type=\"iheading.default\">\n\t\t\t\t<div class=\"elementor-widget-container\">\n\t\t\t\t\t<div class=\"ot-heading\">\r\n\t        \t            <span>\/\/ Encuentra tu Calendario \u2013 P\u00e1gina de M\u00e1s Informaci\u00f3n<\/span>\r\n\t        <h2 class=\"main-heading\">\u00bfQu\u00e9 programa de nutrientes te conviene m\u00e1s?<\/h2>\t    <\/div>\r\n\t    \t\t<\/div>\n\t\t\t\t<\/div>\n\t\t\t\t<div class=\"elementor-element elementor-element-f9ab05f elementor-widget elementor-widget-text-editor\" data-id=\"f9ab05f\" data-element_type=\"widget\" data-widget_type=\"text-editor.default\">\n\t\t\t\t<div class=\"elementor-widget-container\">\n\t\t\t\t\t\t\t\t<p>\u00bfNo est\u00e1s seguro de por d\u00f3nde empezar? Aqu\u00ed tienes una gu\u00eda r\u00e1pida para ayudarte a elegir el programa de nutrientes Aptus adecuado para tu sistema y objetivos.<\/p>\t\t\t\t\t\t<\/div>\n\t\t\t\t<\/div>\n\t\t\t\t\t<\/div>\n\t\t<\/div>\n\t\t\t\t\t\t\t<\/div>\n\t\t<\/section>\n\t\t\t\t<section class=\"elementor-section elementor-top-section elementor-element elementor-element-1322bbd ot-traditional elementor-section-boxed elementor-section-height-default elementor-section-height-default\" data-id=\"1322bbd\" data-element_type=\"section\">\n\t\t\t\t\t\t<div class=\"elementor-container elementor-column-gap-wide\">\n\t\t\t\t\t<div class=\"elementor-column elementor-col-33 elementor-top-column elementor-element elementor-element-48af011 ot-column-items-top ot-flex-column-vertical\" data-id=\"48af011\" data-element_type=\"column\">\n\t\t\t<div class=\"elementor-widget-wrap elementor-element-populated\">\n\t\t\t\t\t\t\t\t<div class=\"elementor-element elementor-element-76cb805 elementor-widget elementor-widget-image\" data-id=\"76cb805\" data-element_type=\"widget\" data-widget_type=\"image.default\">\n\t\t\t\t<div class=\"elementor-widget-container\">\n\t\t\t\t\t\t\t\t\t\t\t\t\t\t\t<img loading=\"lazy\" decoding=\"async\" width=\"900\" height=\"900\" src=\"https:\/\/aptus-holland.com\/wp-content\/uploads\/2025\/05\/img-premium-organo.webp\" class=\"attachment-full size-full\" alt=\"\" srcset=\"https:\/\/aptus-holland.com\/wp-content\/uploads\/2025\/05\/img-premium-organo.webp 900w, https:\/\/aptus-holland.com\/wp-content\/uploads\/2025\/05\/img-premium-organo-300x300.webp 300w, https:\/\/aptus-holland.com\/wp-content\/uploads\/2025\/05\/img-premium-organo-150x150.webp 150w, https:\/\/aptus-holland.com\/wp-content\/uploads\/2025\/05\/img-premium-organo-768x768.webp 768w, https:\/\/aptus-holland.com\/wp-content\/uploads\/2025\/05\/img-premium-organo-720x720.webp 720w, https:\/\/aptus-holland.com\/wp-content\/uploads\/2025\/05\/img-premium-organo-24x24.webp 24w, https:\/\/aptus-holland.com\/wp-content\/uploads\/2025\/05\/img-premium-organo-36x36.webp 36w, https:\/\/aptus-holland.com\/wp-content\/uploads\/2025\/05\/img-premium-organo-48x48.webp 48w\" sizes=\"auto, (max-width: 900px) 100vw, 900px\" \/>\t\t\t\t\t\t\t\t\t\t\t\t\t\t\t<\/div>\n\t\t\t\t<\/div>\n\t\t\t\t<div class=\"elementor-element elementor-element-204b212 elementor-widget elementor-widget-text-editor\" data-id=\"204b212\" data-element_type=\"widget\" data-widget_type=\"text-editor.default\">\n\t\t\t\t<div class=\"elementor-widget-container\">\n\t\t\t\t\t\t\t\t<h5><strong>Premium <\/strong><\/h5><p><em>Para tener control total y resultados premium<\/em><\/p><ul><li>H\u00edbrido de insumos org\u00e1nicos + minerales<\/li><li>Dise\u00f1ado para flor y extracci\u00f3n de alta calidad<\/li><li>Ideal para cultivadores artesanales con altos est\u00e1ndares<\/li><li>Cambio de dep\u00f3sito cada 1\u20133 d\u00edas<\/li><\/ul>\t\t\t\t\t\t<\/div>\n\t\t\t\t<\/div>\n\t\t\t\t<div class=\"elementor-element elementor-element-e1a7f1c elementor-align-left elementor-widget elementor-widget-ibutton\" data-id=\"e1a7f1c\" data-element_type=\"widget\" data-widget_type=\"ibutton.default\">\n\t\t\t\t<div class=\"elementor-widget-container\">\n\t\t\t\t\t<div class=\"ot-button\">\r\n\t\t\t<a href=\"\/es\/premium-programs\/\" class=\"octf-btn octf-btn-primary\">Explorar Premium Program<\/a>\r\n\t    <\/div>\r\n\t    \t\t<\/div>\n\t\t\t\t<\/div>\n\t\t\t\t\t<\/div>\n\t\t<\/div>\n\t\t\t\t<div class=\"elementor-column elementor-col-33 elementor-top-column elementor-element elementor-element-a8e29d7 ot-column-items-top ot-flex-column-vertical\" data-id=\"a8e29d7\" data-element_type=\"column\">\n\t\t\t<div class=\"elementor-widget-wrap elementor-element-populated\">\n\t\t\t\t\t\t\t\t<div class=\"elementor-element elementor-element-cf95874 elementor-widget elementor-widget-image\" data-id=\"cf95874\" data-element_type=\"widget\" data-widget_type=\"image.default\">\n\t\t\t\t<div class=\"elementor-widget-container\">\n\t\t\t\t\t\t\t\t\t\t\t\t\t\t\t<img loading=\"lazy\" decoding=\"async\" width=\"900\" height=\"900\" src=\"https:\/\/aptus-holland.com\/wp-content\/uploads\/2025\/05\/img-clean-mineral.webp\" class=\"attachment-full size-full\" alt=\"\" srcset=\"https:\/\/aptus-holland.com\/wp-content\/uploads\/2025\/05\/img-clean-mineral.webp 900w, https:\/\/aptus-holland.com\/wp-content\/uploads\/2025\/05\/img-clean-mineral-300x300.webp 300w, https:\/\/aptus-holland.com\/wp-content\/uploads\/2025\/05\/img-clean-mineral-150x150.webp 150w, https:\/\/aptus-holland.com\/wp-content\/uploads\/2025\/05\/img-clean-mineral-768x768.webp 768w, https:\/\/aptus-holland.com\/wp-content\/uploads\/2025\/05\/img-clean-mineral-720x720.webp 720w, https:\/\/aptus-holland.com\/wp-content\/uploads\/2025\/05\/img-clean-mineral-24x24.webp 24w, https:\/\/aptus-holland.com\/wp-content\/uploads\/2025\/05\/img-clean-mineral-36x36.webp 36w, https:\/\/aptus-holland.com\/wp-content\/uploads\/2025\/05\/img-clean-mineral-48x48.webp 48w\" sizes=\"auto, (max-width: 900px) 100vw, 900px\" \/>\t\t\t\t\t\t\t\t\t\t\t\t\t\t\t<\/div>\n\t\t\t\t<\/div>\n\t\t\t\t<div class=\"elementor-element elementor-element-c455214 elementor-widget elementor-widget-text-editor\" data-id=\"c455214\" data-element_type=\"widget\" data-widget_type=\"text-editor.default\">\n\t\t\t\t<div class=\"elementor-widget-container\">\n\t\t\t\t\t\t\t\t<h5><strong>Clean <\/strong><\/h5><p><em>Para resultados f\u00e1ciles, eficientes y limpios<\/em><\/p><ul><li>F\u00f3rmula 100\u202f% mineral, estable en pH<\/li><li>Residuos m\u00ednimos, f\u00e1cil de usar<\/li><li>Ideal para principiantes, setups hidrop\u00f3nicos, o cultivos sin complicaciones<\/li><li>Hasta 10 d\u00edas fresco en el dep\u00f3sito<\/li><\/ul>\t\t\t\t\t\t<\/div>\n\t\t\t\t<\/div>\n\t\t\t\t<div class=\"elementor-element elementor-element-2cc9d06 elementor-align-left elementor-widget elementor-widget-ibutton\" data-id=\"2cc9d06\" data-element_type=\"widget\" data-widget_type=\"ibutton.default\">\n\t\t\t\t<div class=\"elementor-widget-container\">\n\t\t\t\t\t<div class=\"ot-button\">\r\n\t\t\t<a href=\"\/es\/clean-programs\/\" class=\"octf-btn octf-btn-primary\">Explorar Clean Program<\/a>\r\n\t    <\/div>\r\n\t    \t\t<\/div>\n\t\t\t\t<\/div>\n\t\t\t\t\t<\/div>\n\t\t<\/div>\n\t\t\t\t<div class=\"elementor-column elementor-col-33 elementor-top-column elementor-element elementor-element-a9a0079 ot-column-items-top ot-flex-column-vertical\" data-id=\"a9a0079\" data-element_type=\"column\">\n\t\t\t<div class=\"elementor-widget-wrap elementor-element-populated\">\n\t\t\t\t\t\t\t\t<div class=\"elementor-element elementor-element-06e6341 elementor-widget elementor-widget-image\" data-id=\"06e6341\" data-element_type=\"widget\" data-widget_type=\"image.default\">\n\t\t\t\t<div class=\"elementor-widget-container\">\n\t\t\t\t\t\t\t\t\t\t\t\t\t\t\t<img loading=\"lazy\" decoding=\"async\" width=\"900\" height=\"900\" src=\"https:\/\/aptus-holland.com\/wp-content\/uploads\/2025\/05\/img-soil-organic.webp\" class=\"attachment-full size-full\" alt=\"\" srcset=\"https:\/\/aptus-holland.com\/wp-content\/uploads\/2025\/05\/img-soil-organic.webp 900w, https:\/\/aptus-holland.com\/wp-content\/uploads\/2025\/05\/img-soil-organic-300x300.webp 300w, https:\/\/aptus-holland.com\/wp-content\/uploads\/2025\/05\/img-soil-organic-150x150.webp 150w, https:\/\/aptus-holland.com\/wp-content\/uploads\/2025\/05\/img-soil-organic-768x768.webp 768w, https:\/\/aptus-holland.com\/wp-content\/uploads\/2025\/05\/img-soil-organic-720x720.webp 720w, https:\/\/aptus-holland.com\/wp-content\/uploads\/2025\/05\/img-soil-organic-24x24.webp 24w, https:\/\/aptus-holland.com\/wp-content\/uploads\/2025\/05\/img-soil-organic-36x36.webp 36w, https:\/\/aptus-holland.com\/wp-content\/uploads\/2025\/05\/img-soil-organic-48x48.webp 48w\" sizes=\"auto, (max-width: 900px) 100vw, 900px\" \/>\t\t\t\t\t\t\t\t\t\t\t\t\t\t\t<\/div>\n\t\t\t\t<\/div>\n\t\t\t\t<div class=\"elementor-element elementor-element-d1c588f elementor-widget elementor-widget-text-editor\" data-id=\"d1c588f\" data-element_type=\"widget\" data-widget_type=\"text-editor.default\">\n\t\t\t\t<div class=\"elementor-widget-container\">\n\t\t\t\t\t\t\t\t<h5><strong>Super Soil<\/strong><\/h5><p><em>Para el cultivador natural, sin complicaciones<\/em><\/p><ul><li>Enmiendas secas org\u00e1nicas + soporte microbiano<\/li><li>Dise\u00f1ado para sistemas basados en suelo, bajo mantenimiento<\/li><li>Solo a\u00f1ade agua \u2013 ideal para m\u00e9todos sostenibles y suelo vivo<\/li><\/ul>\t\t\t\t\t\t<\/div>\n\t\t\t\t<\/div>\n\t\t\t\t<div class=\"elementor-element elementor-element-7a4f460 elementor-align-left elementor-widget elementor-widget-ibutton\" data-id=\"7a4f460\" data-element_type=\"widget\" data-widget_type=\"ibutton.default\">\n\t\t\t\t<div class=\"elementor-widget-container\">\n\t\t\t\t\t<div class=\"ot-button\">\r\n\t\t\t<a href=\"\/es\/super-soil-programs\/\" class=\"octf-btn octf-btn-primary\">Explorar Super Soil Program<\/a>\r\n\t    <\/div>\r\n\t    \t\t<\/div>\n\t\t\t\t<\/div>\n\t\t\t\t\t<\/div>\n\t\t<\/div>\n\t\t\t\t\t\t\t<\/div>\n\t\t<\/section>\n\t\t\t\t<section class=\"elementor-section elementor-top-section elementor-element elementor-element-64efcff groene-vlakken-producten elementor-section-full_width ot-traditional elementor-section-height-default elementor-section-height-default\" data-id=\"64efcff\" data-element_type=\"section\" data-settings=\"{&quot;background_background&quot;:&quot;classic&quot;}\">\n\t\t\t\t\t\t<div class=\"elementor-container elementor-column-gap-extended\">\n\t\t\t\t\t<div class=\"elementor-column elementor-col-100 elementor-top-column elementor-element elementor-element-af00bde ot-flex-column-vertical\" data-id=\"af00bde\" data-element_type=\"column\">\n\t\t\t<div class=\"elementor-widget-wrap elementor-element-populated\">\n\t\t\t\t\t\t\t\t<section class=\"elementor-section elementor-inner-section elementor-element elementor-element-f52de27 ot-traditional elementor-section-boxed elementor-section-height-default elementor-section-height-default\" data-id=\"f52de27\" data-element_type=\"section\">\n\t\t\t\t\t\t<div class=\"elementor-container elementor-column-gap-default\">\n\t\t\t\t\t<div class=\"elementor-column elementor-col-100 elementor-inner-column elementor-element elementor-element-f6ec26d ot-flex-column-vertical\" data-id=\"f6ec26d\" data-element_type=\"column\">\n\t\t\t<div class=\"elementor-widget-wrap elementor-element-populated\">\n\t\t\t\t\t\t\t\t<div class=\"elementor-element elementor-element-8775d6a elementor-widget elementor-widget-iheading\" data-id=\"8775d6a\" data-element_type=\"widget\" data-widget_type=\"iheading.default\">\n\t\t\t\t<div class=\"elementor-widget-container\">\n\t\t\t\t\t<div class=\"ot-heading\">\r\n\t        <h2 class=\"main-heading\">\u00bfA\u00fan no est\u00e1s seguro?<\/h2>\t    <\/div>\r\n\t    \t\t<\/div>\n\t\t\t\t<\/div>\n\t\t\t\t<div class=\"elementor-element elementor-element-c385351 elementor-widget elementor-widget-text-editor\" data-id=\"c385351\" data-element_type=\"widget\" data-widget_type=\"text-editor.default\">\n\t\t\t\t<div class=\"elementor-widget-container\">\n\t\t\t\t\t\t\t\t<p>Chatea con nosotros o descarga todos los programas para compararlos.<\/p>\t\t\t\t\t\t<\/div>\n\t\t\t\t<\/div>\n\t\t\t\t\t<\/div>\n\t\t<\/div>\n\t\t\t\t\t\t\t<\/div>\n\t\t<\/section>\n\t\t\t\t<div class=\"elementor-element elementor-element-bfb33b3 elementor-align-center elementor-widget elementor-widget-ibutton\" data-id=\"bfb33b3\" data-element_type=\"widget\" data-widget_type=\"ibutton.default\">\n\t\t\t\t<div class=\"elementor-widget-container\">\n\t\t\t\t\t<div class=\"ot-button\">\r\n\t\t\t<a href=\"\/es\/programas-de-alimentacion\/\" class=\"octf-btn octf-btn-primary\">Descargar Todos los <br>Programas de Nutrientes<\/a>\r\n\t    <\/div>\r\n\t    \t\t<\/div>\n\t\t\t\t<\/div>\n\t\t\t\t<div class=\"elementor-element elementor-element-c00021d elementor-align-center elementor-widget elementor-widget-ibutton\" data-id=\"c00021d\" data-element_type=\"widget\" data-widget_type=\"ibutton.default\">\n\t\t\t\t<div class=\"elementor-widget-container\">\n\t\t\t\t\t<div class=\"ot-button\">\r\n\t\t\t<a href=\"\/es\/contacto\/\" class=\"octf-btn octf-btn-primary\">Contactar con el <br>Equipo de Soporte<\/a>\r\n\t    <\/div>\r\n\t    \t\t<\/div>\n\t\t\t\t<\/div>\n\t\t\t\t\t<\/div>\n\t\t<\/div>\n\t\t\t\t\t\t\t<\/div>\n\t\t<\/section>\n\t\t\t\t\t\t<\/div>\n\t\t\t\t\t<\/div>\n\t\t","protected":false},"excerpt":{"rendered":"<p>\/\/ Encuentra tu Calendario \u2013 P\u00e1gina de M\u00e1s Informaci\u00f3n \u00bfQu\u00e9 programa de nutrientes te conviene m\u00e1s? \u00bfNo est\u00e1s seguro de por d\u00f3nde empezar? Aqu\u00ed tienes una gu\u00eda r\u00e1pida para ayudarte a elegir el programa de nutrientes Aptus adecuado para tu sistema y objetivos. Premium Para tener control total y resultados premium H\u00edbrido de insumos org\u00e1nicos [&hellip;]<\/p>\n","protected":false},"author":2,"featured_media":0,"parent":0,"menu_order":0,"comment_status":"closed","ping_status":"closed","template":"","meta":{"_monsterinsights_skip_tracking":false,"_monsterinsights_sitenote_active":false,"_monsterinsights_sitenote_note":"","_monsterinsights_sitenote_category":0,"footnotes":""},"class_list":["post-39509","page","type-page","status-publish","hentry"],"yoast_head":"<!-- This site is optimized with the Yoast SEO plugin v27.0 - https:\/\/yoast.com\/product\/yoast-seo-wordpress\/ -->\n<title>Encuentra tu Programa Ideal | Aptus Holland | Aptus Plant Tech<\/title>\n<meta name=\"description\" content=\"Aprende m\u00e1s sobre el programa de nutrici\u00f3n de Aptus Holland y elige el calendario de alimentaci\u00f3n que mejor se adapte a ti.\" \/>\n<meta name=\"robots\" content=\"index, follow, max-snippet:-1, max-image-preview:large, max-video-preview:-1\" \/>\n<link rel=\"canonical\" href=\"https:\/\/aptus-holland.com\/es\/encuentra-tu-programa-ideal\/\" \/>\n<meta property=\"og:locale\" content=\"es_ES\" \/>\n<meta property=\"og:type\" content=\"article\" \/>\n<meta property=\"og:title\" content=\"Encuentra tu Programa Ideal | Aptus Holland | Aptus Plant Tech\" \/>\n<meta property=\"og:description\" content=\"Aprende m\u00e1s sobre el programa de nutrici\u00f3n de Aptus Holland y elige el calendario de alimentaci\u00f3n que mejor se adapte a ti.\" \/>\n<meta property=\"og:url\" content=\"https:\/\/aptus-holland.com\/es\/encuentra-tu-programa-ideal\/\" \/>\n<meta property=\"og:site_name\" content=\"Aptus Holland\" \/>\n<meta property=\"article:modified_time\" content=\"2025-05-07T14:45:51+00:00\" \/>\n<meta property=\"og:image\" content=\"http:\/\/aptus-holland.com\/wp-content\/uploads\/2025\/05\/img-premium-organo.webp\" \/>\n<meta name=\"twitter:card\" content=\"summary_large_image\" \/>\n<meta name=\"twitter:label1\" content=\"Tiempo de lectura\" \/>\n\t<meta name=\"twitter:data1\" content=\"2 minutos\" \/>\n<script type=\"application\/ld+json\" class=\"yoast-schema-graph\">{\"@context\":\"https:\/\/schema.org\",\"@graph\":[{\"@type\":\"WebPage\",\"@id\":\"https:\/\/aptus-holland.com\/es\/encuentra-tu-programa-ideal\/\",\"url\":\"https:\/\/aptus-holland.com\/es\/encuentra-tu-programa-ideal\/\",\"name\":\"Encuentra tu Programa Ideal | Aptus Holland | Aptus Plant Tech\",\"isPartOf\":{\"@id\":\"https:\/\/aptus-holland.com\/es\/#website\"},\"primaryImageOfPage\":{\"@id\":\"https:\/\/aptus-holland.com\/es\/encuentra-tu-programa-ideal\/#primaryimage\"},\"image\":{\"@id\":\"https:\/\/aptus-holland.com\/es\/encuentra-tu-programa-ideal\/#primaryimage\"},\"thumbnailUrl\":\"http:\/\/aptus-holland.com\/wp-content\/uploads\/2025\/05\/img-premium-organo.webp\",\"datePublished\":\"2025-04-22T13:33:55+00:00\",\"dateModified\":\"2025-05-07T14:45:51+00:00\",\"description\":\"Aprende m\u00e1s sobre el programa de nutrici\u00f3n de Aptus Holland y elige el calendario de alimentaci\u00f3n que mejor se adapte a ti.\",\"breadcrumb\":{\"@id\":\"https:\/\/aptus-holland.com\/es\/encuentra-tu-programa-ideal\/#breadcrumb\"},\"inLanguage\":\"es\",\"potentialAction\":[{\"@type\":\"ReadAction\",\"target\":[\"https:\/\/aptus-holland.com\/es\/encuentra-tu-programa-ideal\/\"]}]},{\"@type\":\"ImageObject\",\"inLanguage\":\"es\",\"@id\":\"https:\/\/aptus-holland.com\/es\/encuentra-tu-programa-ideal\/#primaryimage\",\"url\":\"http:\/\/aptus-holland.com\/wp-content\/uploads\/2025\/05\/img-premium-organo.webp\",\"contentUrl\":\"http:\/\/aptus-holland.com\/wp-content\/uploads\/2025\/05\/img-premium-organo.webp\"},{\"@type\":\"BreadcrumbList\",\"@id\":\"https:\/\/aptus-holland.com\/es\/encuentra-tu-programa-ideal\/#breadcrumb\",\"itemListElement\":[{\"@type\":\"ListItem\",\"position\":1,\"name\":\"Home\",\"item\":\"https:\/\/aptus-holland.com\/es\/\"},{\"@type\":\"ListItem\",\"position\":2,\"name\":\"Encuentra tu Programa Ideal\"}]},{\"@type\":\"WebSite\",\"@id\":\"https:\/\/aptus-holland.com\/es\/#website\",\"url\":\"https:\/\/aptus-holland.com\/es\/\",\"name\":\"Aptus Holland\",\"description\":\"Plant Tech\",\"publisher\":{\"@id\":\"https:\/\/aptus-holland.com\/es\/#organization\"},\"potentialAction\":[{\"@type\":\"SearchAction\",\"target\":{\"@type\":\"EntryPoint\",\"urlTemplate\":\"https:\/\/aptus-holland.com\/es\/?s={search_term_string}\"},\"query-input\":{\"@type\":\"PropertyValueSpecification\",\"valueRequired\":true,\"valueName\":\"search_term_string\"}}],\"inLanguage\":\"es\"},{\"@type\":\"Organization\",\"@id\":\"https:\/\/aptus-holland.com\/es\/#organization\",\"name\":\"Aptus Holland\",\"url\":\"https:\/\/aptus-holland.com\/es\/\",\"logo\":{\"@type\":\"ImageObject\",\"inLanguage\":\"es\",\"@id\":\"https:\/\/aptus-holland.com\/es\/#\/schema\/logo\/image\/\",\"url\":\"https:\/\/aptus-holland.com\/wp-content\/uploads\/2021\/07\/logo-aptus-holland.png\",\"contentUrl\":\"https:\/\/aptus-holland.com\/wp-content\/uploads\/2021\/07\/logo-aptus-holland.png\",\"width\":365,\"height\":200,\"caption\":\"Aptus Holland\"},\"image\":{\"@id\":\"https:\/\/aptus-holland.com\/es\/#\/schema\/logo\/image\/\"}}]}<\/script>\n<!-- \/ Yoast SEO plugin. -->","yoast_head_json":{"title":"Encuentra tu Programa Ideal | Aptus Holland | Aptus Plant Tech","description":"Aprende m\u00e1s sobre el programa de nutrici\u00f3n de Aptus Holland y elige el calendario de alimentaci\u00f3n que mejor se adapte a ti.","robots":{"index":"index","follow":"follow","max-snippet":"max-snippet:-1","max-image-preview":"max-image-preview:large","max-video-preview":"max-video-preview:-1"},"canonical":"https:\/\/aptus-holland.com\/es\/encuentra-tu-programa-ideal\/","og_locale":"es_ES","og_type":"article","og_title":"Encuentra tu Programa Ideal | Aptus Holland | Aptus Plant Tech","og_description":"Aprende m\u00e1s sobre el programa de nutrici\u00f3n de Aptus Holland y elige el calendario de alimentaci\u00f3n que mejor se adapte a ti.","og_url":"https:\/\/aptus-holland.com\/es\/encuentra-tu-programa-ideal\/","og_site_name":"Aptus Holland","article_modified_time":"2025-05-07T14:45:51+00:00","og_image":[{"url":"http:\/\/aptus-holland.com\/wp-content\/uploads\/2025\/05\/img-premium-organo.webp","type":"","width":"","height":""}],"twitter_card":"summary_large_image","twitter_misc":{"Tiempo de lectura":"2 minutos"},"schema":{"@context":"https:\/\/schema.org","@graph":[{"@type":"WebPage","@id":"https:\/\/aptus-holland.com\/es\/encuentra-tu-programa-ideal\/","url":"https:\/\/aptus-holland.com\/es\/encuentra-tu-programa-ideal\/","name":"Encuentra tu Programa Ideal | Aptus Holland | Aptus Plant Tech","isPartOf":{"@id":"https:\/\/aptus-holland.com\/es\/#website"},"primaryImageOfPage":{"@id":"https:\/\/aptus-holland.com\/es\/encuentra-tu-programa-ideal\/#primaryimage"},"image":{"@id":"https:\/\/aptus-holland.com\/es\/encuentra-tu-programa-ideal\/#primaryimage"},"thumbnailUrl":"http:\/\/aptus-holland.com\/wp-content\/uploads\/2025\/05\/img-premium-organo.webp","datePublished":"2025-04-22T13:33:55+00:00","dateModified":"2025-05-07T14:45:51+00:00","description":"Aprende m\u00e1s sobre el programa de nutrici\u00f3n de Aptus Holland y elige el calendario de alimentaci\u00f3n que mejor se adapte a ti.","breadcrumb":{"@id":"https:\/\/aptus-holland.com\/es\/encuentra-tu-programa-ideal\/#breadcrumb"},"inLanguage":"es","potentialAction":[{"@type":"ReadAction","target":["https:\/\/aptus-holland.com\/es\/encuentra-tu-programa-ideal\/"]}]},{"@type":"ImageObject","inLanguage":"es","@id":"https:\/\/aptus-holland.com\/es\/encuentra-tu-programa-ideal\/#primaryimage","url":"http:\/\/aptus-holland.com\/wp-content\/uploads\/2025\/05\/img-premium-organo.webp","contentUrl":"http:\/\/aptus-holland.com\/wp-content\/uploads\/2025\/05\/img-premium-organo.webp"},{"@type":"BreadcrumbList","@id":"https:\/\/aptus-holland.com\/es\/encuentra-tu-programa-ideal\/#breadcrumb","itemListElement":[{"@type":"ListItem","position":1,"name":"Home","item":"https:\/\/aptus-holland.com\/es\/"},{"@type":"ListItem","position":2,"name":"Encuentra tu Programa Ideal"}]},{"@type":"WebSite","@id":"https:\/\/aptus-holland.com\/es\/#website","url":"https:\/\/aptus-holland.com\/es\/","name":"Aptus Holland","description":"Plant Tech","publisher":{"@id":"https:\/\/aptus-holland.com\/es\/#organization"},"potentialAction":[{"@type":"SearchAction","target":{"@type":"EntryPoint","urlTemplate":"https:\/\/aptus-holland.com\/es\/?s={search_term_string}"},"query-input":{"@type":"PropertyValueSpecification","valueRequired":true,"valueName":"search_term_string"}}],"inLanguage":"es"},{"@type":"Organization","@id":"https:\/\/aptus-holland.com\/es\/#organization","name":"Aptus Holland","url":"https:\/\/aptus-holland.com\/es\/","logo":{"@type":"ImageObject","inLanguage":"es","@id":"https:\/\/aptus-holland.com\/es\/#\/schema\/logo\/image\/","url":"https:\/\/aptus-holland.com\/wp-content\/uploads\/2021\/07\/logo-aptus-holland.png","contentUrl":"https:\/\/aptus-holland.com\/wp-content\/uploads\/2021\/07\/logo-aptus-holland.png","width":365,"height":200,"caption":"Aptus Holland"},"image":{"@id":"https:\/\/aptus-holland.com\/es\/#\/schema\/logo\/image\/"}}]}},"_links":{"self":[{"href":"https:\/\/aptus-holland.com\/es\/wp-json\/wp\/v2\/pages\/39509","targetHints":{"allow":["GET"]}}],"collection":[{"href":"https:\/\/aptus-holland.com\/es\/wp-json\/wp\/v2\/pages"}],"about":[{"href":"https:\/\/aptus-holland.com\/es\/wp-json\/wp\/v2\/types\/page"}],"author":[{"embeddable":true,"href":"https:\/\/aptus-holland.com\/es\/wp-json\/wp\/v2\/users\/2"}],"replies":[{"embeddable":true,"href":"https:\/\/aptus-holland.com\/es\/wp-json\/wp\/v2\/comments?post=39509"}],"version-history":[{"count":4,"href":"https:\/\/aptus-holland.com\/es\/wp-json\/wp\/v2\/pages\/39509\/revisions"}],"predecessor-version":[{"id":39643,"href":"https:\/\/aptus-holland.com\/es\/wp-json\/wp\/v2\/pages\/39509\/revisions\/39643"}],"wp:attachment":[{"href":"https:\/\/aptus-holland.com\/es\/wp-json\/wp\/v2\/media?parent=39509"}],"curies":[{"name":"wp","href":"https:\/\/api.w.org\/{rel}","templated":true}]}}