{"id":34688,"date":"2022-09-28T06:59:54","date_gmt":"2022-09-28T06:59:54","guid":{"rendered":"https:\/\/aptus-holland.com\/productos\/substrate-buffer-liquid\/"},"modified":"2024-04-12T11:02:07","modified_gmt":"2024-04-12T11:02:07","slug":"substrate-buffer-liquid","status":"publish","type":"page","link":"https:\/\/aptus-holland.com\/es\/productos\/substrate-buffer-liquid\/","title":{"rendered":"Substrate Buffer Liquid"},"content":{"rendered":"\t\t<div data-elementor-type=\"wp-page\" data-elementor-id=\"34688\" class=\"elementor elementor-34688 elementor-29566\" data-elementor-settings=\"[]\">\n\t\t\t\t\t\t\t<div class=\"elementor-section-wrap\">\n\t\t\t\t\t\t\t<section class=\"elementor-section elementor-top-section elementor-element elementor-element-cb4074c elementor-section-full_width ot-traditional elementor-section-height-default elementor-section-height-default\" data-id=\"cb4074c\" data-element_type=\"section\">\n\t\t\t\t\t\t<div class=\"elementor-container elementor-column-gap-extended\">\n\t\t\t\t\t<div class=\"elementor-column elementor-col-50 elementor-top-column elementor-element elementor-element-ccf0919 ot-column-items-top ot-flex-column-vertical\" data-id=\"ccf0919\" data-element_type=\"column\">\n\t\t\t<div class=\"elementor-widget-wrap elementor-element-populated\">\n\t\t\t\t\t\t\t\t<div class=\"elementor-element elementor-element-85abb63 product-img-aptus elementor-widget elementor-widget-image\" data-id=\"85abb63\" data-element_type=\"widget\" data-widget_type=\"image.default\">\n\t\t\t\t<div class=\"elementor-widget-container\">\n\t\t\t\t\t\t\t\t\t\t\t\t\t\t\t<img loading=\"lazy\" decoding=\"async\" width=\"400\" height=\"348\" src=\"https:\/\/aptus-holland.com\/wp-content\/uploads\/2022\/09\/substrate-buffer-liquid-fam.png\" class=\"attachment-full size-full\" alt=\"\" srcset=\"https:\/\/aptus-holland.com\/wp-content\/uploads\/2022\/09\/substrate-buffer-liquid-fam.png 400w, https:\/\/aptus-holland.com\/wp-content\/uploads\/2022\/09\/substrate-buffer-liquid-fam-300x261.png 300w, https:\/\/aptus-holland.com\/wp-content\/uploads\/2022\/09\/substrate-buffer-liquid-fam-24x21.png 24w, https:\/\/aptus-holland.com\/wp-content\/uploads\/2022\/09\/substrate-buffer-liquid-fam-36x31.png 36w, https:\/\/aptus-holland.com\/wp-content\/uploads\/2022\/09\/substrate-buffer-liquid-fam-48x42.png 48w\" sizes=\"auto, (max-width: 400px) 100vw, 400px\" \/>\t\t\t\t\t\t\t\t\t\t\t\t\t\t\t<\/div>\n\t\t\t\t<\/div>\n\t\t\t\t\t<\/div>\n\t\t<\/div>\n\t\t\t\t<div class=\"elementor-column elementor-col-50 elementor-top-column elementor-element elementor-element-9e78e1d ot-flex-column-vertical elementor-invisible\" data-id=\"9e78e1d\" data-element_type=\"column\" data-settings=\"{&quot;background_background&quot;:&quot;classic&quot;,&quot;animation&quot;:&quot;fadeInRight&quot;}\">\n\t\t\t<div class=\"elementor-widget-wrap elementor-element-populated\">\n\t\t\t\t\t\t\t\t<div class=\"elementor-element elementor-element-925ee15 elementor-widget elementor-widget-iheading\" data-id=\"925ee15\" data-element_type=\"widget\" data-widget_type=\"iheading.default\">\n\t\t\t\t<div class=\"elementor-widget-container\">\n\t\t\t\t\t<div class=\"ot-heading\">\r\n\t        \t            <span>\/\/ B\u00daFER DE PH L\u00cdQUIDO PARA SUSTRATOS<\/span>\r\n\t        <h2 class=\"main-heading\">Substrate Buffer Liquid<\/h2>\t    <\/div>\r\n\t    \t\t<\/div>\n\t\t\t\t<\/div>\n\t\t\t\t<div class=\"elementor-element elementor-element-f9ab05f elementor-widget elementor-widget-text-editor\" data-id=\"f9ab05f\" data-element_type=\"widget\" data-widget_type=\"text-editor.default\">\n\t\t\t\t<div class=\"elementor-widget-container\">\n\t\t\t\t\t\t\t\tSubstrate Buffer Liquid es el corrector de pH ideal para todos los sustratos, evitando las condiciones de pH inestable. Es perfecto para utilizarse en combinaci\u00f3n con Substrate Buffer Powder. Con Substrate Buffer Liquid es muy f\u00e1cil volver a aplicar el b\u00fafer de pH a su medio durante cualquier fase dentro del ciclo de cultivo, ya que Substrate Buffer Liquid es un l\u00edquido soluble al agua y puede aplicarse f\u00e1cilmente al diluirlo en el tanque de nutrientes.\t\t\t\t\t\t<\/div>\n\t\t\t\t<\/div>\n\t\t\t\t\t<\/div>\n\t\t<\/div>\n\t\t\t\t\t\t\t<\/div>\n\t\t<\/section>\n\t\t\t\t<section class=\"elementor-section elementor-top-section elementor-element elementor-element-683d3b1 groene-vlakken-producten ot-traditional elementor-section-boxed elementor-section-height-default elementor-section-height-default\" data-id=\"683d3b1\" data-element_type=\"section\" data-settings=\"{&quot;background_background&quot;:&quot;classic&quot;}\">\n\t\t\t\t\t\t<div class=\"elementor-container elementor-column-gap-extended\">\n\t\t\t\t\t<div class=\"elementor-column elementor-col-50 elementor-top-column elementor-element elementor-element-9aaa582 ot-flex-column-vertical\" data-id=\"9aaa582\" data-element_type=\"column\">\n\t\t\t<div class=\"elementor-widget-wrap elementor-element-populated\">\n\t\t\t\t\t\t\t\t<div class=\"elementor-element elementor-element-d58ba4b elementor-widget elementor-widget-iheading\" data-id=\"d58ba4b\" data-element_type=\"widget\" data-widget_type=\"iheading.default\">\n\t\t\t\t<div class=\"elementor-widget-container\">\n\t\t\t\t\t<div class=\"ot-heading\">\r\n\t        <h2 class=\"main-heading\">\u00bfPOR QU\u00c9 UTILIZAR SUBSTRATE BUFFER LIQUID?<\/h2>\t    <\/div>\r\n\t    \t\t<\/div>\n\t\t\t\t<\/div>\n\t\t\t\t<div class=\"elementor-element elementor-element-b6c8371 elementor-icon-list--layout-traditional elementor-list-item-link-full_width elementor-widget elementor-widget-icon-list\" data-id=\"b6c8371\" data-element_type=\"widget\" data-widget_type=\"icon-list.default\">\n\t\t\t\t<div class=\"elementor-widget-container\">\n\t\t\t\t\t<ul class=\"elementor-icon-list-items\">\n\t\t\t\t\t\t\t<li class=\"elementor-icon-list-item\">\n\t\t\t\t\t\t\t\t\t\t\t<span class=\"elementor-icon-list-icon\">\n\t\t\t\t\t\t\t<i aria-hidden=\"true\" class=\"fas fa-check\"><\/i>\t\t\t\t\t\t<\/span>\n\t\t\t\t\t\t\t\t\t\t<span class=\"elementor-icon-list-text\">R\u00e1pida correcci\u00f3n del pH con solo una aplicaci\u00f3n<\/span>\n\t\t\t\t\t\t\t\t\t<\/li>\n\t\t\t\t\t\t\t\t<li class=\"elementor-icon-list-item\">\n\t\t\t\t\t\t\t\t\t\t\t<span class=\"elementor-icon-list-icon\">\n\t\t\t\t\t\t\t<i aria-hidden=\"true\" class=\"fas fa-check\"><\/i>\t\t\t\t\t\t<\/span>\n\t\t\t\t\t\t\t\t\t\t<span class=\"elementor-icon-list-text\">R\u00e1pida correcci\u00f3n y optimizaci\u00f3n de la capacidad de b\u00fafer del sustrato<\/span>\n\t\t\t\t\t\t\t\t\t<\/li>\n\t\t\t\t\t\t\t\t<li class=\"elementor-icon-list-item\">\n\t\t\t\t\t\t\t\t\t\t\t<span class=\"elementor-icon-list-icon\">\n\t\t\t\t\t\t\t<i aria-hidden=\"true\" class=\"fas fa-check\"><\/i>\t\t\t\t\t\t<\/span>\n\t\t\t\t\t\t\t\t\t\t<span class=\"elementor-icon-list-text\">Puede utilizarse en cualquier fase durante el ciclo de cultivo<\/span>\n\t\t\t\t\t\t\t\t\t<\/li>\n\t\t\t\t\t\t\t\t<li class=\"elementor-icon-list-item\">\n\t\t\t\t\t\t\t\t\t\t\t<span class=\"elementor-icon-list-icon\">\n\t\t\t\t\t\t\t<i aria-hidden=\"true\" class=\"fas fa-check\"><\/i>\t\t\t\t\t\t<\/span>\n\t\t\t\t\t\t\t\t\t\t<span class=\"elementor-icon-list-text\">No contiene cloruros, sales de lastre, o cualquier otro tipo de agente contaminante<\/span>\n\t\t\t\t\t\t\t\t\t<\/li>\n\t\t\t\t\t\t\t\t<li class=\"elementor-icon-list-item\">\n\t\t\t\t\t\t\t\t\t\t\t<span class=\"elementor-icon-list-icon\">\n\t\t\t\t\t\t\t<i aria-hidden=\"true\" class=\"fas fa-check\"><\/i>\t\t\t\t\t\t<\/span>\n\t\t\t\t\t\t\t\t\t\t<span class=\"elementor-icon-list-text\">De muy f\u00e1cil aplicaci\u00f3n, totalmente soluble<\/span>\n\t\t\t\t\t\t\t\t\t<\/li>\n\t\t\t\t\t\t\t\t<li class=\"elementor-icon-list-item\">\n\t\t\t\t\t\t\t\t\t\t\t<span class=\"elementor-icon-list-icon\">\n\t\t\t\t\t\t\t<i aria-hidden=\"true\" class=\"fas fa-check\"><\/i>\t\t\t\t\t\t<\/span>\n\t\t\t\t\t\t\t\t\t\t<span class=\"elementor-icon-list-text\">Producto natural<\/span>\n\t\t\t\t\t\t\t\t\t<\/li>\n\t\t\t\t\t\t\t\t<li class=\"elementor-icon-list-item\">\n\t\t\t\t\t\t\t\t\t\t\t<span class=\"elementor-icon-list-icon\">\n\t\t\t\t\t\t\t<i aria-hidden=\"true\" class=\"fas fa-check\"><\/i>\t\t\t\t\t\t<\/span>\n\t\t\t\t\t\t\t\t\t\t<span class=\"elementor-icon-list-text\">Puede utilizarse en todos los medios<\/span>\n\t\t\t\t\t\t\t\t\t<\/li>\n\t\t\t\t\t\t\t\t<li class=\"elementor-icon-list-item\">\n\t\t\t\t\t\t\t\t\t\t\t<span class=\"elementor-icon-list-icon\">\n\t\t\t\t\t\t\t<i aria-hidden=\"true\" class=\"fas fa-check\"><\/i>\t\t\t\t\t\t<\/span>\n\t\t\t\t\t\t\t\t\t\t<span class=\"elementor-icon-list-text\">Garantiza un suministro constante de calcio a la planta<\/span>\n\t\t\t\t\t\t\t\t\t<\/li>\n\t\t\t\t\t\t<\/ul>\n\t\t\t\t<\/div>\n\t\t\t\t<\/div>\n\t\t\t\t\t<\/div>\n\t\t<\/div>\n\t\t\t\t<div class=\"elementor-column elementor-col-50 elementor-top-column elementor-element elementor-element-f46f3a7 ot-flex-column-vertical\" data-id=\"f46f3a7\" data-element_type=\"column\">\n\t\t\t<div class=\"elementor-widget-wrap elementor-element-populated\">\n\t\t\t\t\t\t\t\t<div class=\"elementor-element elementor-element-9b95014 elementor-aspect-ratio-169 elementor-widget elementor-widget-video\" data-id=\"9b95014\" data-element_type=\"widget\" data-settings=\"{&quot;youtube_url&quot;:&quot;https:\\\/\\\/www.youtube.com\\\/watch?v=plz8a-GFz74&amp;feature=youtu.be&quot;,&quot;video_type&quot;:&quot;youtube&quot;,&quot;controls&quot;:&quot;yes&quot;,&quot;aspect_ratio&quot;:&quot;169&quot;}\" data-widget_type=\"video.default\">\n\t\t\t\t<div class=\"elementor-widget-container\">\n\t\t\t\t\t<div class=\"elementor-wrapper elementor-fit-aspect-ratio elementor-open-inline\">\n\t\t\t<div class=\"elementor-video\"><\/div>\t\t<\/div>\n\t\t\t\t<\/div>\n\t\t\t\t<\/div>\n\t\t\t\t\t<\/div>\n\t\t<\/div>\n\t\t\t\t\t\t\t<\/div>\n\t\t<\/section>\n\t\t\t\t<section class=\"elementor-section elementor-top-section elementor-element elementor-element-3946652 elementor-section-full_width groene-vlakken-producten ot-traditional elementor-section-height-default elementor-section-height-default\" data-id=\"3946652\" data-element_type=\"section\" data-settings=\"{&quot;background_background&quot;:&quot;classic&quot;}\">\n\t\t\t\t\t\t<div class=\"elementor-container elementor-column-gap-extended\">\n\t\t\t\t\t<div class=\"elementor-column elementor-col-50 elementor-top-column elementor-element elementor-element-42163fa ot-flex-column-vertical\" data-id=\"42163fa\" data-element_type=\"column\" data-settings=\"{&quot;background_background&quot;:&quot;classic&quot;,&quot;animation&quot;:&quot;none&quot;}\">\n\t\t\t<div class=\"elementor-widget-wrap elementor-element-populated\">\n\t\t\t\t\t\t\t\t<div class=\"elementor-element elementor-element-adaf3f4 product-pagina-inhoud elementor-invisible elementor-widget elementor-widget-text-editor\" data-id=\"adaf3f4\" data-element_type=\"widget\" data-settings=\"{&quot;_animation_delay&quot;:600,&quot;_animation&quot;:&quot;fadeInLeft&quot;}\" data-widget_type=\"text-editor.default\">\n\t\t\t\t<div class=\"elementor-widget-container\">\n\t\t\t\t\t\t\t\t<h2>C\u00d3MO UTILIZAR SUBSTRATE BUFFER LIQUID<\/h2>\nMezclar 20ml de Dubstrate Buffer Liquid por cada 10L de agua (1:500) cuando tu sustrato tiene un pH bajo. No mezclar Substrate Buffer Liquid con otros productos No manipular el pH del agua previo a su uso.\n<div><\/div>\t\t\t\t\t\t<\/div>\n\t\t\t\t<\/div>\n\t\t\t\t<div class=\"elementor-element elementor-element-9d139e3 product-pagina-inhoud elementor-invisible elementor-widget elementor-widget-text-editor\" data-id=\"9d139e3\" data-element_type=\"widget\" data-settings=\"{&quot;_animation_delay&quot;:600,&quot;_animation&quot;:&quot;fadeInLeft&quot;}\" data-widget_type=\"text-editor.default\">\n\t\t\t\t<div class=\"elementor-widget-container\">\n\t\t\t\t\t\t\t\t<h2>SUBSTRATE BUFFER LIQUID CONTIENE<\/h2>\n<ul>\n \t<li>Calcio micronizado en suspensi\u00f3n l\u00edquida<\/li>\n<\/ul>\t\t\t\t\t\t<\/div>\n\t\t\t\t<\/div>\n\t\t\t\t\t<\/div>\n\t\t<\/div>\n\t\t\t\t<div class=\"elementor-column elementor-col-50 elementor-top-column elementor-element elementor-element-cf69460 ot-flex-column-vertical\" data-id=\"cf69460\" data-element_type=\"column\" data-settings=\"{&quot;background_background&quot;:&quot;classic&quot;}\">\n\t\t\t<div class=\"elementor-widget-wrap elementor-element-populated\">\n\t\t\t\t\t\t\t\t<div class=\"elementor-element elementor-element-5e91773 product-pagina-inhoud elementor-invisible elementor-widget elementor-widget-text-editor\" data-id=\"5e91773\" data-element_type=\"widget\" data-settings=\"{&quot;_animation_delay&quot;:600,&quot;_animation&quot;:&quot;fadeInRight&quot;}\" data-widget_type=\"text-editor.default\">\n\t\t\t\t<div class=\"elementor-widget-container\">\n\t\t\t\t\t\t\t\t<h2>C\u00d3MO FUNCIONA SUBSTRATE BUFFER LIQUID<\/h2>\nEl calcio contenido en Substrate Buffer Liquid act\u00faan como un b\u00fafer del pH en el medio  Incrementa el pH del medio, adem\u00e1s de estabilizarlo. Substrate Buffer Liquid es l\u00edquido e hidrosoluble y puede diluirse f\u00e1cilmente en agua para utilizarlo como amortiguador del medio.\t\t\t\t\t\t<\/div>\n\t\t\t\t<\/div>\n\t\t\t\t<div class=\"elementor-element elementor-element-c2492b1 product-pagina-inhoud elementor-invisible elementor-widget elementor-widget-text-editor\" data-id=\"c2492b1\" data-element_type=\"widget\" data-settings=\"{&quot;_animation_delay&quot;:600,&quot;_animation&quot;:&quot;fadeInRight&quot;}\" data-widget_type=\"text-editor.default\">\n\t\t\t\t<div class=\"elementor-widget-container\">\n\t\t\t\t\t\t\t\t<h2>CONSEJOS DE LOS CULTIVADORES EXITOSOS<\/h2><ul><li>Si no deseas medir el pH de tu sustrato, puedes a\u00f1adir Substrate Buffer Liquid un mes despu\u00e9s de plantar.<\/li><li>Realiza un an\u00e1lisis de suelos antes de aplicar Substrate Buffer Liquid para conocer el estado del pH del medio. (Puedes encontrar un m\u00e9todo de an\u00e1lisis de suelos en los blogs de nuestra p\u00e1gina web)<\/li><li>Toma nuevas lecturas del drenaje entre aplicaciones para asegurarte de que el pH se mantiene dentro del valor deseado.<\/li><\/ul>\t\t\t\t\t\t<\/div>\n\t\t\t\t<\/div>\n\t\t\t\t\t<\/div>\n\t\t<\/div>\n\t\t\t\t\t\t\t<\/div>\n\t\t<\/section>\n\t\t\t\t\t\t<\/div>\n\t\t\t\t\t<\/div>\n\t\t","protected":false},"excerpt":{"rendered":"<p>\/\/ B\u00daFER DE PH L\u00cdQUIDO PARA SUSTRATOS Substrate Buffer Liquid Substrate Buffer Liquid es el corrector de pH ideal para todos los sustratos, evitando las condiciones de pH inestable. Es perfecto para utilizarse en combinaci\u00f3n con Substrate Buffer Powder. Con Substrate Buffer Liquid es muy f\u00e1cil volver a aplicar el b\u00fafer de pH a su [&hellip;]<\/p>\n","protected":false},"author":2,"featured_media":0,"parent":34409,"menu_order":0,"comment_status":"closed","ping_status":"closed","template":"","meta":{"_monsterinsights_skip_tracking":false,"_monsterinsights_sitenote_active":false,"_monsterinsights_sitenote_note":"","_monsterinsights_sitenote_category":0,"footnotes":""},"class_list":["post-34688","page","type-page","status-publish","hentry"],"yoast_head":"<!-- This site is optimized with the Yoast SEO plugin v27.0 - https:\/\/yoast.com\/product\/yoast-seo-wordpress\/ -->\n<title>Substrate Buffer Liquid - Aptus Holland<\/title>\n<meta name=\"robots\" content=\"index, follow, max-snippet:-1, max-image-preview:large, max-video-preview:-1\" \/>\n<link rel=\"canonical\" href=\"https:\/\/aptus-holland.com\/es\/productos\/substrate-buffer-liquid\/\" \/>\n<meta property=\"og:locale\" content=\"es_ES\" \/>\n<meta property=\"og:type\" content=\"article\" \/>\n<meta property=\"og:title\" content=\"Substrate Buffer Liquid - Aptus Holland\" \/>\n<meta property=\"og:description\" content=\"\/\/ B\u00daFER DE PH L\u00cdQUIDO PARA SUSTRATOS Substrate Buffer Liquid Substrate Buffer Liquid es el corrector de pH ideal para todos los sustratos, evitando las condiciones de pH inestable. Es perfecto para utilizarse en combinaci\u00f3n con Substrate Buffer Powder. Con Substrate Buffer Liquid es muy f\u00e1cil volver a aplicar el b\u00fafer de pH a su [&hellip;]\" \/>\n<meta property=\"og:url\" content=\"https:\/\/aptus-holland.com\/es\/productos\/substrate-buffer-liquid\/\" \/>\n<meta property=\"og:site_name\" content=\"Aptus Holland\" \/>\n<meta property=\"article:modified_time\" content=\"2024-04-12T11:02:07+00:00\" \/>\n<meta property=\"og:image\" content=\"http:\/\/aptus-holland.com\/wp-content\/uploads\/2022\/09\/substrate-buffer-liquid-fam.png\" \/>\n<meta name=\"twitter:card\" content=\"summary_large_image\" \/>\n<meta name=\"twitter:label1\" content=\"Tiempo de lectura\" \/>\n\t<meta name=\"twitter:data1\" content=\"2 minutos\" \/>\n<script type=\"application\/ld+json\" class=\"yoast-schema-graph\">{\"@context\":\"https:\/\/schema.org\",\"@graph\":[{\"@type\":\"WebPage\",\"@id\":\"https:\/\/aptus-holland.com\/es\/productos\/substrate-buffer-liquid\/\",\"url\":\"https:\/\/aptus-holland.com\/es\/productos\/substrate-buffer-liquid\/\",\"name\":\"Substrate Buffer Liquid - Aptus Holland\",\"isPartOf\":{\"@id\":\"https:\/\/aptus-holland.com\/es\/#website\"},\"primaryImageOfPage\":{\"@id\":\"https:\/\/aptus-holland.com\/es\/productos\/substrate-buffer-liquid\/#primaryimage\"},\"image\":{\"@id\":\"https:\/\/aptus-holland.com\/es\/productos\/substrate-buffer-liquid\/#primaryimage\"},\"thumbnailUrl\":\"http:\/\/aptus-holland.com\/wp-content\/uploads\/2022\/09\/substrate-buffer-liquid-fam.png\",\"datePublished\":\"2022-09-28T06:59:54+00:00\",\"dateModified\":\"2024-04-12T11:02:07+00:00\",\"breadcrumb\":{\"@id\":\"https:\/\/aptus-holland.com\/es\/productos\/substrate-buffer-liquid\/#breadcrumb\"},\"inLanguage\":\"es\",\"potentialAction\":[{\"@type\":\"ReadAction\",\"target\":[\"https:\/\/aptus-holland.com\/es\/productos\/substrate-buffer-liquid\/\"]}]},{\"@type\":\"ImageObject\",\"inLanguage\":\"es\",\"@id\":\"https:\/\/aptus-holland.com\/es\/productos\/substrate-buffer-liquid\/#primaryimage\",\"url\":\"http:\/\/aptus-holland.com\/wp-content\/uploads\/2022\/09\/substrate-buffer-liquid-fam.png\",\"contentUrl\":\"http:\/\/aptus-holland.com\/wp-content\/uploads\/2022\/09\/substrate-buffer-liquid-fam.png\"},{\"@type\":\"BreadcrumbList\",\"@id\":\"https:\/\/aptus-holland.com\/es\/productos\/substrate-buffer-liquid\/#breadcrumb\",\"itemListElement\":[{\"@type\":\"ListItem\",\"position\":1,\"name\":\"Home\",\"item\":\"https:\/\/aptus-holland.com\/es\/\"},{\"@type\":\"ListItem\",\"position\":2,\"name\":\"Productos\",\"item\":\"https:\/\/aptus-holland.com\/es\/products\/\"},{\"@type\":\"ListItem\",\"position\":3,\"name\":\"Substrate Buffer Liquid\"}]},{\"@type\":\"WebSite\",\"@id\":\"https:\/\/aptus-holland.com\/es\/#website\",\"url\":\"https:\/\/aptus-holland.com\/es\/\",\"name\":\"Aptus Holland\",\"description\":\"Plant Tech\",\"publisher\":{\"@id\":\"https:\/\/aptus-holland.com\/es\/#organization\"},\"potentialAction\":[{\"@type\":\"SearchAction\",\"target\":{\"@type\":\"EntryPoint\",\"urlTemplate\":\"https:\/\/aptus-holland.com\/es\/?s={search_term_string}\"},\"query-input\":{\"@type\":\"PropertyValueSpecification\",\"valueRequired\":true,\"valueName\":\"search_term_string\"}}],\"inLanguage\":\"es\"},{\"@type\":\"Organization\",\"@id\":\"https:\/\/aptus-holland.com\/es\/#organization\",\"name\":\"Aptus Holland\",\"url\":\"https:\/\/aptus-holland.com\/es\/\",\"logo\":{\"@type\":\"ImageObject\",\"inLanguage\":\"es\",\"@id\":\"https:\/\/aptus-holland.com\/es\/#\/schema\/logo\/image\/\",\"url\":\"https:\/\/aptus-holland.com\/wp-content\/uploads\/2021\/07\/logo-aptus-holland.png\",\"contentUrl\":\"https:\/\/aptus-holland.com\/wp-content\/uploads\/2021\/07\/logo-aptus-holland.png\",\"width\":365,\"height\":200,\"caption\":\"Aptus Holland\"},\"image\":{\"@id\":\"https:\/\/aptus-holland.com\/es\/#\/schema\/logo\/image\/\"}}]}<\/script>\n<!-- \/ Yoast SEO plugin. -->","yoast_head_json":{"title":"Substrate Buffer Liquid - Aptus Holland","robots":{"index":"index","follow":"follow","max-snippet":"max-snippet:-1","max-image-preview":"max-image-preview:large","max-video-preview":"max-video-preview:-1"},"canonical":"https:\/\/aptus-holland.com\/es\/productos\/substrate-buffer-liquid\/","og_locale":"es_ES","og_type":"article","og_title":"Substrate Buffer Liquid - Aptus Holland","og_description":"\/\/ B\u00daFER DE PH L\u00cdQUIDO PARA SUSTRATOS Substrate Buffer Liquid Substrate Buffer Liquid es el corrector de pH ideal para todos los sustratos, evitando las condiciones de pH inestable. Es perfecto para utilizarse en combinaci\u00f3n con Substrate Buffer Powder. Con Substrate Buffer Liquid es muy f\u00e1cil volver a aplicar el b\u00fafer de pH a su [&hellip;]","og_url":"https:\/\/aptus-holland.com\/es\/productos\/substrate-buffer-liquid\/","og_site_name":"Aptus Holland","article_modified_time":"2024-04-12T11:02:07+00:00","og_image":[{"url":"http:\/\/aptus-holland.com\/wp-content\/uploads\/2022\/09\/substrate-buffer-liquid-fam.png","type":"","width":"","height":""}],"twitter_card":"summary_large_image","twitter_misc":{"Tiempo de lectura":"2 minutos"},"schema":{"@context":"https:\/\/schema.org","@graph":[{"@type":"WebPage","@id":"https:\/\/aptus-holland.com\/es\/productos\/substrate-buffer-liquid\/","url":"https:\/\/aptus-holland.com\/es\/productos\/substrate-buffer-liquid\/","name":"Substrate Buffer Liquid - Aptus Holland","isPartOf":{"@id":"https:\/\/aptus-holland.com\/es\/#website"},"primaryImageOfPage":{"@id":"https:\/\/aptus-holland.com\/es\/productos\/substrate-buffer-liquid\/#primaryimage"},"image":{"@id":"https:\/\/aptus-holland.com\/es\/productos\/substrate-buffer-liquid\/#primaryimage"},"thumbnailUrl":"http:\/\/aptus-holland.com\/wp-content\/uploads\/2022\/09\/substrate-buffer-liquid-fam.png","datePublished":"2022-09-28T06:59:54+00:00","dateModified":"2024-04-12T11:02:07+00:00","breadcrumb":{"@id":"https:\/\/aptus-holland.com\/es\/productos\/substrate-buffer-liquid\/#breadcrumb"},"inLanguage":"es","potentialAction":[{"@type":"ReadAction","target":["https:\/\/aptus-holland.com\/es\/productos\/substrate-buffer-liquid\/"]}]},{"@type":"ImageObject","inLanguage":"es","@id":"https:\/\/aptus-holland.com\/es\/productos\/substrate-buffer-liquid\/#primaryimage","url":"http:\/\/aptus-holland.com\/wp-content\/uploads\/2022\/09\/substrate-buffer-liquid-fam.png","contentUrl":"http:\/\/aptus-holland.com\/wp-content\/uploads\/2022\/09\/substrate-buffer-liquid-fam.png"},{"@type":"BreadcrumbList","@id":"https:\/\/aptus-holland.com\/es\/productos\/substrate-buffer-liquid\/#breadcrumb","itemListElement":[{"@type":"ListItem","position":1,"name":"Home","item":"https:\/\/aptus-holland.com\/es\/"},{"@type":"ListItem","position":2,"name":"Productos","item":"https:\/\/aptus-holland.com\/es\/products\/"},{"@type":"ListItem","position":3,"name":"Substrate Buffer Liquid"}]},{"@type":"WebSite","@id":"https:\/\/aptus-holland.com\/es\/#website","url":"https:\/\/aptus-holland.com\/es\/","name":"Aptus Holland","description":"Plant Tech","publisher":{"@id":"https:\/\/aptus-holland.com\/es\/#organization"},"potentialAction":[{"@type":"SearchAction","target":{"@type":"EntryPoint","urlTemplate":"https:\/\/aptus-holland.com\/es\/?s={search_term_string}"},"query-input":{"@type":"PropertyValueSpecification","valueRequired":true,"valueName":"search_term_string"}}],"inLanguage":"es"},{"@type":"Organization","@id":"https:\/\/aptus-holland.com\/es\/#organization","name":"Aptus Holland","url":"https:\/\/aptus-holland.com\/es\/","logo":{"@type":"ImageObject","inLanguage":"es","@id":"https:\/\/aptus-holland.com\/es\/#\/schema\/logo\/image\/","url":"https:\/\/aptus-holland.com\/wp-content\/uploads\/2021\/07\/logo-aptus-holland.png","contentUrl":"https:\/\/aptus-holland.com\/wp-content\/uploads\/2021\/07\/logo-aptus-holland.png","width":365,"height":200,"caption":"Aptus Holland"},"image":{"@id":"https:\/\/aptus-holland.com\/es\/#\/schema\/logo\/image\/"}}]}},"_links":{"self":[{"href":"https:\/\/aptus-holland.com\/es\/wp-json\/wp\/v2\/pages\/34688","targetHints":{"allow":["GET"]}}],"collection":[{"href":"https:\/\/aptus-holland.com\/es\/wp-json\/wp\/v2\/pages"}],"about":[{"href":"https:\/\/aptus-holland.com\/es\/wp-json\/wp\/v2\/types\/page"}],"author":[{"embeddable":true,"href":"https:\/\/aptus-holland.com\/es\/wp-json\/wp\/v2\/users\/2"}],"replies":[{"embeddable":true,"href":"https:\/\/aptus-holland.com\/es\/wp-json\/wp\/v2\/comments?post=34688"}],"version-history":[{"count":10,"href":"https:\/\/aptus-holland.com\/es\/wp-json\/wp\/v2\/pages\/34688\/revisions"}],"predecessor-version":[{"id":37763,"href":"https:\/\/aptus-holland.com\/es\/wp-json\/wp\/v2\/pages\/34688\/revisions\/37763"}],"up":[{"embeddable":true,"href":"https:\/\/aptus-holland.com\/es\/wp-json\/wp\/v2\/pages\/34409"}],"wp:attachment":[{"href":"https:\/\/aptus-holland.com\/es\/wp-json\/wp\/v2\/media?parent=34688"}],"curies":[{"name":"wp","href":"https:\/\/api.w.org\/{rel}","templated":true}]}}