{"id":34674,"date":"2021-11-17T12:52:00","date_gmt":"2021-11-17T12:52:00","guid":{"rendered":"https:\/\/aptus-holland.com\/productos\/all-in-one-pellet\/"},"modified":"2025-03-07T08:03:17","modified_gmt":"2025-03-07T08:03:17","slug":"all-in-one-pellet","status":"publish","type":"page","link":"https:\/\/aptus-holland.com\/es\/productos\/all-in-one-pellet\/","title":{"rendered":"All-in-One Pellet"},"content":{"rendered":"\t\t<div data-elementor-type=\"wp-page\" data-elementor-id=\"34674\" class=\"elementor elementor-34674 elementor-28001\" data-elementor-settings=\"[]\">\n\t\t\t\t\t\t\t<div class=\"elementor-section-wrap\">\n\t\t\t\t\t\t\t<section class=\"elementor-section elementor-top-section elementor-element elementor-element-cb4074c elementor-section-full_width ot-traditional elementor-section-height-default elementor-section-height-default\" data-id=\"cb4074c\" data-element_type=\"section\">\n\t\t\t\t\t\t<div class=\"elementor-container elementor-column-gap-extended\">\n\t\t\t\t\t<div class=\"elementor-column elementor-col-50 elementor-top-column elementor-element elementor-element-ccf0919 ot-column-items-top ot-flex-column-vertical\" data-id=\"ccf0919\" data-element_type=\"column\">\n\t\t\t<div class=\"elementor-widget-wrap elementor-element-populated\">\n\t\t\t\t\t\t\t\t<div class=\"elementor-element elementor-element-85abb63 product-img-aptus elementor-widget elementor-widget-image\" data-id=\"85abb63\" data-element_type=\"widget\" data-widget_type=\"image.default\">\n\t\t\t\t<div class=\"elementor-widget-container\">\n\t\t\t\t\t\t\t\t\t\t\t\t\t\t\t<img loading=\"lazy\" decoding=\"async\" width=\"800\" height=\"695\" src=\"https:\/\/aptus-holland.com\/wp-content\/uploads\/2025\/03\/aptus-holland-all-in-one-pellet-fam.webp\" class=\"attachment-full size-full\" alt=\"\" srcset=\"https:\/\/aptus-holland.com\/wp-content\/uploads\/2025\/03\/aptus-holland-all-in-one-pellet-fam.webp 800w, https:\/\/aptus-holland.com\/wp-content\/uploads\/2025\/03\/aptus-holland-all-in-one-pellet-fam-300x261.webp 300w, https:\/\/aptus-holland.com\/wp-content\/uploads\/2025\/03\/aptus-holland-all-in-one-pellet-fam-768x667.webp 768w, https:\/\/aptus-holland.com\/wp-content\/uploads\/2025\/03\/aptus-holland-all-in-one-pellet-fam-720x626.webp 720w, https:\/\/aptus-holland.com\/wp-content\/uploads\/2025\/03\/aptus-holland-all-in-one-pellet-fam-24x21.webp 24w, https:\/\/aptus-holland.com\/wp-content\/uploads\/2025\/03\/aptus-holland-all-in-one-pellet-fam-36x31.webp 36w, https:\/\/aptus-holland.com\/wp-content\/uploads\/2025\/03\/aptus-holland-all-in-one-pellet-fam-48x42.webp 48w\" sizes=\"auto, (max-width: 800px) 100vw, 800px\" \/>\t\t\t\t\t\t\t\t\t\t\t\t\t\t\t<\/div>\n\t\t\t\t<\/div>\n\t\t\t\t\t<\/div>\n\t\t<\/div>\n\t\t\t\t<div class=\"elementor-column elementor-col-50 elementor-top-column elementor-element elementor-element-9e78e1d ot-flex-column-vertical elementor-invisible\" data-id=\"9e78e1d\" data-element_type=\"column\" data-settings=\"{&quot;background_background&quot;:&quot;classic&quot;,&quot;animation&quot;:&quot;fadeInRight&quot;}\">\n\t\t\t<div class=\"elementor-widget-wrap elementor-element-populated\">\n\t\t\t\t\t\t\t\t<div class=\"elementor-element elementor-element-925ee15 elementor-widget elementor-widget-iheading\" data-id=\"925ee15\" data-element_type=\"widget\" data-widget_type=\"iheading.default\">\n\t\t\t\t<div class=\"elementor-widget-container\">\n\t\t\t\t\t<div class=\"ot-heading\">\r\n\t        \t            <span>\/\/ GR\u00c1NULOS NUTRITIVOS<\/span>\r\n\t        <h2 class=\"main-heading\">All-in-One Pellet <\/h2>\t    <\/div>\r\n\t    \t\t<\/div>\n\t\t\t\t<\/div>\n\t\t\t\t<div class=\"elementor-element elementor-element-f9ab05f elementor-widget elementor-widget-text-editor\" data-id=\"f9ab05f\" data-element_type=\"widget\" data-widget_type=\"text-editor.default\">\n\t\t\t\t<div class=\"elementor-widget-container\">\n\t\t\t\t\t\t\t\t<p>All-in-One es un fertilizante en gr\u00e1nulos 100% org\u00e1nico, de liberaci\u00f3n lenta, que proporciona una nutrici\u00f3n completa para el desarrollo de las plantas durante hasta 3 meses. Cada aplicaci\u00f3n dura de 2 a 3 meses y puede volverse a aplicar para ciclos m\u00e1s largos. Est\u00e1 especialmente formulado con macronutrientes y micronutrientes, amino\u00e1cidos y bioestimulantes para mejorar el desarrollo de la planta durante un per\u00edodo de tiempo. All-in-One puede aplicarse durante el trasplante en la preparaci\u00f3n de la tierra, directamente en ella o por encima de ella para extender el ciclo de crecimiento.<\/p>\t\t\t\t\t\t<\/div>\n\t\t\t\t<\/div>\n\t\t\t\t\t<\/div>\n\t\t<\/div>\n\t\t\t\t\t\t\t<\/div>\n\t\t<\/section>\n\t\t\t\t<section class=\"elementor-section elementor-top-section elementor-element elementor-element-683d3b1 groene-vlakken-producten ot-traditional elementor-section-boxed elementor-section-height-default elementor-section-height-default\" data-id=\"683d3b1\" data-element_type=\"section\" data-settings=\"{&quot;background_background&quot;:&quot;classic&quot;}\">\n\t\t\t\t\t\t<div class=\"elementor-container elementor-column-gap-extended\">\n\t\t\t\t\t<div class=\"elementor-column elementor-col-50 elementor-top-column elementor-element elementor-element-9aaa582 ot-flex-column-vertical\" data-id=\"9aaa582\" data-element_type=\"column\">\n\t\t\t<div class=\"elementor-widget-wrap elementor-element-populated\">\n\t\t\t\t\t\t\t\t<div class=\"elementor-element elementor-element-d58ba4b elementor-widget elementor-widget-iheading\" data-id=\"d58ba4b\" data-element_type=\"widget\" data-widget_type=\"iheading.default\">\n\t\t\t\t<div class=\"elementor-widget-container\">\n\t\t\t\t\t<div class=\"ot-heading\">\r\n\t        <h2 class=\"main-heading\">\u00bfPOR QU\u00c9 USAR ALL-IN-ONE PELLET?<\/h2>\t    <\/div>\r\n\t    \t\t<\/div>\n\t\t\t\t<\/div>\n\t\t\t\t<div class=\"elementor-element elementor-element-b6c8371 elementor-icon-list--layout-traditional elementor-list-item-link-full_width elementor-widget elementor-widget-icon-list\" data-id=\"b6c8371\" data-element_type=\"widget\" data-widget_type=\"icon-list.default\">\n\t\t\t\t<div class=\"elementor-widget-container\">\n\t\t\t\t\t<ul class=\"elementor-icon-list-items\">\n\t\t\t\t\t\t\t<li class=\"elementor-icon-list-item\">\n\t\t\t\t\t\t\t\t\t\t\t<span class=\"elementor-icon-list-icon\">\n\t\t\t\t\t\t\t<i aria-hidden=\"true\" class=\"fas fa-check\"><\/i>\t\t\t\t\t\t<\/span>\n\t\t\t\t\t\t\t\t\t\t<span class=\"elementor-icon-list-text\">Nutrici\u00f3n vegetal 100% org\u00e1nica, simple y completa. <\/span>\n\t\t\t\t\t\t\t\t\t<\/li>\n\t\t\t\t\t\t\t\t<li class=\"elementor-icon-list-item\">\n\t\t\t\t\t\t\t\t\t\t\t<span class=\"elementor-icon-list-icon\">\n\t\t\t\t\t\t\t<i aria-hidden=\"true\" class=\"fas fa-check\"><\/i>\t\t\t\t\t\t<\/span>\n\t\t\t\t\t\t\t\t\t\t<span class=\"elementor-icon-list-text\">F\u00f3rmula granular completa para mezclar o fertilizante para echar por arriba, de liberaci\u00f3n en el tiempo<\/span>\n\t\t\t\t\t\t\t\t\t<\/li>\n\t\t\t\t\t\t\t\t<li class=\"elementor-icon-list-item\">\n\t\t\t\t\t\t\t\t\t\t\t<span class=\"elementor-icon-list-icon\">\n\t\t\t\t\t\t\t<i aria-hidden=\"true\" class=\"fas fa-check\"><\/i>\t\t\t\t\t\t<\/span>\n\t\t\t\t\t\t\t\t\t\t<span class=\"elementor-icon-list-text\">La formulaci\u00f3n completa reduce la necesidad de fertilizante<\/span>\n\t\t\t\t\t\t\t\t\t<\/li>\n\t\t\t\t\t\t\t\t<li class=\"elementor-icon-list-item\">\n\t\t\t\t\t\t\t\t\t\t\t<span class=\"elementor-icon-list-icon\">\n\t\t\t\t\t\t\t<i aria-hidden=\"true\" class=\"fas fa-check\"><\/i>\t\t\t\t\t\t<\/span>\n\t\t\t\t\t\t\t\t\t\t<span class=\"elementor-icon-list-text\">F\u00e1cil de usar: la aplicaci\u00f3n se hace una vez cada 2 \u00f3 3 meses<\/span>\n\t\t\t\t\t\t\t\t\t<\/li>\n\t\t\t\t\t\t\t\t<li class=\"elementor-icon-list-item\">\n\t\t\t\t\t\t\t\t\t\t\t<span class=\"elementor-icon-list-icon\">\n\t\t\t\t\t\t\t<i aria-hidden=\"true\" class=\"fas fa-check\"><\/i>\t\t\t\t\t\t<\/span>\n\t\t\t\t\t\t\t\t\t\t<span class=\"elementor-icon-list-text\">Perfecto para lugares remotos y ciclos de cultivo de larga duraci\u00f3n<\/span>\n\t\t\t\t\t\t\t\t\t<\/li>\n\t\t\t\t\t\t\t\t<li class=\"elementor-icon-list-item\">\n\t\t\t\t\t\t\t\t\t\t\t<span class=\"elementor-icon-list-icon\">\n\t\t\t\t\t\t\t<i aria-hidden=\"true\" class=\"fas fa-check\"><\/i>\t\t\t\t\t\t<\/span>\n\t\t\t\t\t\t\t\t\t\t<span class=\"elementor-icon-list-text\">Perfecto para lugares remotos y ciclos de cultivo de larga duraci\u00f3n \u2022 Ayuda a acondicionar la tierra, mejora el desarrollo de las plantas y estimula los microorganismos<\/span>\n\t\t\t\t\t\t\t\t\t<\/li>\n\t\t\t\t\t\t\t\t<li class=\"elementor-icon-list-item\">\n\t\t\t\t\t\t\t\t\t\t\t<span class=\"elementor-icon-list-icon\">\n\t\t\t\t\t\t\t<i aria-hidden=\"true\" class=\"fas fa-check\"><\/i>\t\t\t\t\t\t<\/span>\n\t\t\t\t\t\t\t\t\t\t<span class=\"elementor-icon-list-text\">Larga vida \u00fatil, si se guarda debidamente<\/span>\n\t\t\t\t\t\t\t\t\t<\/li>\n\t\t\t\t\t\t<\/ul>\n\t\t\t\t<\/div>\n\t\t\t\t<\/div>\n\t\t\t\t\t<\/div>\n\t\t<\/div>\n\t\t\t\t<div class=\"elementor-column elementor-col-50 elementor-top-column elementor-element elementor-element-f46f3a7 ot-flex-column-vertical\" data-id=\"f46f3a7\" data-element_type=\"column\">\n\t\t\t<div class=\"elementor-widget-wrap elementor-element-populated\">\n\t\t\t\t\t\t\t\t<div class=\"elementor-element elementor-element-9b95014 elementor-aspect-ratio-169 elementor-widget elementor-widget-video\" data-id=\"9b95014\" data-element_type=\"widget\" data-settings=\"{&quot;youtube_url&quot;:&quot;https:\\\/\\\/youtu.be\\\/TQldtRwbZOI&quot;,&quot;video_type&quot;:&quot;youtube&quot;,&quot;controls&quot;:&quot;yes&quot;,&quot;aspect_ratio&quot;:&quot;169&quot;}\" data-widget_type=\"video.default\">\n\t\t\t\t<div class=\"elementor-widget-container\">\n\t\t\t\t\t<div class=\"elementor-wrapper elementor-fit-aspect-ratio elementor-open-inline\">\n\t\t\t<div class=\"elementor-video\"><\/div>\t\t<\/div>\n\t\t\t\t<\/div>\n\t\t\t\t<\/div>\n\t\t\t\t\t<\/div>\n\t\t<\/div>\n\t\t\t\t\t\t\t<\/div>\n\t\t<\/section>\n\t\t\t\t<section class=\"elementor-section elementor-top-section elementor-element elementor-element-3946652 elementor-section-full_width groene-vlakken-producten ot-traditional elementor-section-height-default elementor-section-height-default\" data-id=\"3946652\" data-element_type=\"section\" data-settings=\"{&quot;background_background&quot;:&quot;classic&quot;}\">\n\t\t\t\t\t\t<div class=\"elementor-container elementor-column-gap-extended\">\n\t\t\t\t\t<div class=\"elementor-column elementor-col-50 elementor-top-column elementor-element elementor-element-42163fa ot-flex-column-vertical\" data-id=\"42163fa\" data-element_type=\"column\" data-settings=\"{&quot;background_background&quot;:&quot;classic&quot;,&quot;animation&quot;:&quot;none&quot;}\">\n\t\t\t<div class=\"elementor-widget-wrap elementor-element-populated\">\n\t\t\t\t\t\t\t\t<div class=\"elementor-element elementor-element-adaf3f4 product-pagina-inhoud elementor-invisible elementor-widget elementor-widget-text-editor\" data-id=\"adaf3f4\" data-element_type=\"widget\" data-settings=\"{&quot;_animation_delay&quot;:600,&quot;_animation&quot;:&quot;fadeInLeft&quot;}\" data-widget_type=\"text-editor.default\">\n\t\t\t\t<div class=\"elementor-widget-container\">\n\t\t\t\t\t\t\t\t<h2>Toepassing van All-in-One Pellet<\/h2><p><strong>Posibles aplicaciones:<\/strong><\/p><ul><li>M\u00e9zclelos con el medio antes de plantar<\/li><li>Col\u00f3quelos en el fondo del hoyo de la planta<\/li><li>Disp\u00e9rsalos alrededor de la planta y riegue el agua desde arriba<\/li><\/ul><p><strong>Para cultivos cortos (3 meses<\/strong>)<\/p><ul><li>Turba: Use entre 50 y 100 g por planta al plantarla (m\u00e9zclelo o \u00e9chelo por encima)<\/li><li>Arcilla o tierra pesada: Use 100 g por planta por ciclo<\/li><li>Coco o tierra arenosa: Use 200 g por planta por ciclo<\/li><\/ul><p>En el caso de ciclos m\u00e1s largos de 3 meses, aplique un segundo tratamiento (despu\u00e9s de 2 meses), echando los pellets encima del medio o mezcl\u00e1ndolos en los 5 cm (2 pulgadas) superiores del medio, y riegue agua desde arriba.<\/p>\t\t\t\t\t\t<\/div>\n\t\t\t\t<\/div>\n\t\t\t\t<div class=\"elementor-element elementor-element-9d139e3 product-pagina-inhoud elementor-invisible elementor-widget elementor-widget-text-editor\" data-id=\"9d139e3\" data-element_type=\"widget\" data-settings=\"{&quot;_animation_delay&quot;:600,&quot;_animation&quot;:&quot;fadeInLeft&quot;}\" data-widget_type=\"text-editor.default\">\n\t\t\t\t<div class=\"elementor-widget-container\">\n\t\t\t\t\t\t\t\t<h2>CONTENIDO DE ALL-IN-ONE PELLET<\/h2><ul><li>Fertilizante NPK compuesto con magnesio (Mg) y azufre (S)<\/li><li>Microelementos org\u00e1nicamente quelados tales como boro (B), hierro (Fe), manganeso (Mn) y zinc (Zn)<\/li><li>L-amino\u00e1cidos<\/li><\/ul>\t\t\t\t\t\t<\/div>\n\t\t\t\t<\/div>\n\t\t\t\t\t<\/div>\n\t\t<\/div>\n\t\t\t\t<div class=\"elementor-column elementor-col-50 elementor-top-column elementor-element elementor-element-cf69460 ot-flex-column-vertical\" data-id=\"cf69460\" data-element_type=\"column\" data-settings=\"{&quot;background_background&quot;:&quot;classic&quot;}\">\n\t\t\t<div class=\"elementor-widget-wrap elementor-element-populated\">\n\t\t\t\t\t\t\t\t<div class=\"elementor-element elementor-element-5e91773 product-pagina-inhoud elementor-invisible elementor-widget elementor-widget-text-editor\" data-id=\"5e91773\" data-element_type=\"widget\" data-settings=\"{&quot;_animation_delay&quot;:600,&quot;_animation&quot;:&quot;fadeInRight&quot;}\" data-widget_type=\"text-editor.default\">\n\t\t\t\t<div class=\"elementor-widget-container\">\n\t\t\t\t\t\t\t\t<h2>C\u00d3MO FUNCIONA ALL-IN-ONE PELLET<\/h2><ul><li>Proporciona nutrici\u00f3n completa de liberaci\u00f3n en el tiempo para plantas, durante 2 &#8211; 3 meses<\/li><li>L-amino\u00e1cidos que estimulan los procesos y el crecimiento naturales de las plantas<\/li><li>El perfil de nutrientes completo minimiza el estr\u00e9s de la planta debido al entorno, las plagas y los agentes pat\u00f3genos<\/li><\/ul>\t\t\t\t\t\t<\/div>\n\t\t\t\t<\/div>\n\t\t\t\t<div class=\"elementor-element elementor-element-c2492b1 product-pagina-inhoud elementor-invisible elementor-widget elementor-widget-text-editor\" data-id=\"c2492b1\" data-element_type=\"widget\" data-settings=\"{&quot;_animation_delay&quot;:600,&quot;_animation&quot;:&quot;fadeInRight&quot;}\" data-widget_type=\"text-editor.default\">\n\t\t\t\t<div class=\"elementor-widget-container\">\n\t\t\t\t\t\t\t\t<h2>CONSEJOS DE CULTIVADORES EXITOSOS<\/h2><ul><li>Agregue Micromix al transplantar para un comienzo perfecto<\/li><li>En caso de deficiencias, agregue gr\u00e1nulos por encima y riegue desde arriba. Los gr\u00e1nulos se disolver\u00e1n y la planta asimilar\u00e1 los nutrientes<\/li><li>Para un mejor efecto en exterior, use con Regulator, Startbooster y NutriSpray<\/li><li>Para un mejor efecto en interior, en macetas, use con Regulator y todos los estimuladores (Startbooster, Topbooster, P-Boost, K-Boost, CaMg-Boost)<\/li><li>Almacenar en un lugar fresco y seco. Con un almacenamiento adecuado, puede durar hasta tres a\u00f1os<\/li><\/ul>\t\t\t\t\t\t<\/div>\n\t\t\t\t<\/div>\n\t\t\t\t\t<\/div>\n\t\t<\/div>\n\t\t\t\t\t\t\t<\/div>\n\t\t<\/section>\n\t\t\t\t\t\t<\/div>\n\t\t\t\t\t<\/div>\n\t\t","protected":false},"excerpt":{"rendered":"<p>\/\/ GR\u00c1NULOS NUTRITIVOS All-in-One Pellet All-in-One es un fertilizante en gr\u00e1nulos 100% org\u00e1nico, de liberaci\u00f3n lenta, que proporciona una nutrici\u00f3n completa para el desarrollo de las plantas durante hasta 3 meses. Cada aplicaci\u00f3n dura de 2 a 3 meses y puede volverse a aplicar para ciclos m\u00e1s largos. Est\u00e1 especialmente formulado con macronutrientes y micronutrientes, [&hellip;]<\/p>\n","protected":false},"author":2,"featured_media":0,"parent":34409,"menu_order":0,"comment_status":"closed","ping_status":"closed","template":"","meta":{"_monsterinsights_skip_tracking":false,"_monsterinsights_sitenote_active":false,"_monsterinsights_sitenote_note":"","_monsterinsights_sitenote_category":0,"footnotes":""},"class_list":["post-34674","page","type-page","status-publish","hentry"],"yoast_head":"<!-- This site is optimized with the Yoast SEO plugin v27.0 - https:\/\/yoast.com\/product\/yoast-seo-wordpress\/ -->\n<title>All-in-One Pellet - Aptus Holland<\/title>\n<meta name=\"robots\" content=\"index, follow, max-snippet:-1, max-image-preview:large, max-video-preview:-1\" \/>\n<link rel=\"canonical\" href=\"https:\/\/aptus-holland.com\/es\/productos\/all-in-one-pellet\/\" \/>\n<meta property=\"og:locale\" content=\"es_ES\" \/>\n<meta property=\"og:type\" content=\"article\" \/>\n<meta property=\"og:title\" content=\"All-in-One Pellet - Aptus Holland\" \/>\n<meta property=\"og:description\" content=\"\/\/ GR\u00c1NULOS NUTRITIVOS All-in-One Pellet All-in-One es un fertilizante en gr\u00e1nulos 100% org\u00e1nico, de liberaci\u00f3n lenta, que proporciona una nutrici\u00f3n completa para el desarrollo de las plantas durante hasta 3 meses. Cada aplicaci\u00f3n dura de 2 a 3 meses y puede volverse a aplicar para ciclos m\u00e1s largos. Est\u00e1 especialmente formulado con macronutrientes y micronutrientes, [&hellip;]\" \/>\n<meta property=\"og:url\" content=\"https:\/\/aptus-holland.com\/es\/productos\/all-in-one-pellet\/\" \/>\n<meta property=\"og:site_name\" content=\"Aptus Holland\" \/>\n<meta property=\"article:modified_time\" content=\"2025-03-07T08:03:17+00:00\" \/>\n<meta property=\"og:image\" content=\"http:\/\/aptus-holland.com\/wp-content\/uploads\/2025\/03\/aptus-holland-all-in-one-pellet-fam.webp\" \/>\n<meta name=\"twitter:card\" content=\"summary_large_image\" \/>\n<meta name=\"twitter:label1\" content=\"Tiempo de lectura\" \/>\n\t<meta name=\"twitter:data1\" content=\"3 minutos\" \/>\n<script type=\"application\/ld+json\" class=\"yoast-schema-graph\">{\"@context\":\"https:\/\/schema.org\",\"@graph\":[{\"@type\":\"WebPage\",\"@id\":\"https:\/\/aptus-holland.com\/es\/productos\/all-in-one-pellet\/\",\"url\":\"https:\/\/aptus-holland.com\/es\/productos\/all-in-one-pellet\/\",\"name\":\"All-in-One Pellet - Aptus Holland\",\"isPartOf\":{\"@id\":\"https:\/\/aptus-holland.com\/es\/#website\"},\"primaryImageOfPage\":{\"@id\":\"https:\/\/aptus-holland.com\/es\/productos\/all-in-one-pellet\/#primaryimage\"},\"image\":{\"@id\":\"https:\/\/aptus-holland.com\/es\/productos\/all-in-one-pellet\/#primaryimage\"},\"thumbnailUrl\":\"http:\/\/aptus-holland.com\/wp-content\/uploads\/2025\/03\/aptus-holland-all-in-one-pellet-fam.webp\",\"datePublished\":\"2021-11-17T12:52:00+00:00\",\"dateModified\":\"2025-03-07T08:03:17+00:00\",\"breadcrumb\":{\"@id\":\"https:\/\/aptus-holland.com\/es\/productos\/all-in-one-pellet\/#breadcrumb\"},\"inLanguage\":\"es\",\"potentialAction\":[{\"@type\":\"ReadAction\",\"target\":[\"https:\/\/aptus-holland.com\/es\/productos\/all-in-one-pellet\/\"]}]},{\"@type\":\"ImageObject\",\"inLanguage\":\"es\",\"@id\":\"https:\/\/aptus-holland.com\/es\/productos\/all-in-one-pellet\/#primaryimage\",\"url\":\"http:\/\/aptus-holland.com\/wp-content\/uploads\/2025\/03\/aptus-holland-all-in-one-pellet-fam.webp\",\"contentUrl\":\"http:\/\/aptus-holland.com\/wp-content\/uploads\/2025\/03\/aptus-holland-all-in-one-pellet-fam.webp\"},{\"@type\":\"BreadcrumbList\",\"@id\":\"https:\/\/aptus-holland.com\/es\/productos\/all-in-one-pellet\/#breadcrumb\",\"itemListElement\":[{\"@type\":\"ListItem\",\"position\":1,\"name\":\"Home\",\"item\":\"https:\/\/aptus-holland.com\/es\/\"},{\"@type\":\"ListItem\",\"position\":2,\"name\":\"Productos\",\"item\":\"https:\/\/aptus-holland.com\/es\/products\/\"},{\"@type\":\"ListItem\",\"position\":3,\"name\":\"All-in-One Pellet\"}]},{\"@type\":\"WebSite\",\"@id\":\"https:\/\/aptus-holland.com\/es\/#website\",\"url\":\"https:\/\/aptus-holland.com\/es\/\",\"name\":\"Aptus Holland\",\"description\":\"Plant Tech\",\"publisher\":{\"@id\":\"https:\/\/aptus-holland.com\/es\/#organization\"},\"potentialAction\":[{\"@type\":\"SearchAction\",\"target\":{\"@type\":\"EntryPoint\",\"urlTemplate\":\"https:\/\/aptus-holland.com\/es\/?s={search_term_string}\"},\"query-input\":{\"@type\":\"PropertyValueSpecification\",\"valueRequired\":true,\"valueName\":\"search_term_string\"}}],\"inLanguage\":\"es\"},{\"@type\":\"Organization\",\"@id\":\"https:\/\/aptus-holland.com\/es\/#organization\",\"name\":\"Aptus Holland\",\"url\":\"https:\/\/aptus-holland.com\/es\/\",\"logo\":{\"@type\":\"ImageObject\",\"inLanguage\":\"es\",\"@id\":\"https:\/\/aptus-holland.com\/es\/#\/schema\/logo\/image\/\",\"url\":\"https:\/\/aptus-holland.com\/wp-content\/uploads\/2021\/07\/logo-aptus-holland.png\",\"contentUrl\":\"https:\/\/aptus-holland.com\/wp-content\/uploads\/2021\/07\/logo-aptus-holland.png\",\"width\":365,\"height\":200,\"caption\":\"Aptus Holland\"},\"image\":{\"@id\":\"https:\/\/aptus-holland.com\/es\/#\/schema\/logo\/image\/\"}}]}<\/script>\n<!-- \/ Yoast SEO plugin. -->","yoast_head_json":{"title":"All-in-One Pellet - Aptus Holland","robots":{"index":"index","follow":"follow","max-snippet":"max-snippet:-1","max-image-preview":"max-image-preview:large","max-video-preview":"max-video-preview:-1"},"canonical":"https:\/\/aptus-holland.com\/es\/productos\/all-in-one-pellet\/","og_locale":"es_ES","og_type":"article","og_title":"All-in-One Pellet - Aptus Holland","og_description":"\/\/ GR\u00c1NULOS NUTRITIVOS All-in-One Pellet All-in-One es un fertilizante en gr\u00e1nulos 100% org\u00e1nico, de liberaci\u00f3n lenta, que proporciona una nutrici\u00f3n completa para el desarrollo de las plantas durante hasta 3 meses. Cada aplicaci\u00f3n dura de 2 a 3 meses y puede volverse a aplicar para ciclos m\u00e1s largos. Est\u00e1 especialmente formulado con macronutrientes y micronutrientes, [&hellip;]","og_url":"https:\/\/aptus-holland.com\/es\/productos\/all-in-one-pellet\/","og_site_name":"Aptus Holland","article_modified_time":"2025-03-07T08:03:17+00:00","og_image":[{"url":"http:\/\/aptus-holland.com\/wp-content\/uploads\/2025\/03\/aptus-holland-all-in-one-pellet-fam.webp","type":"","width":"","height":""}],"twitter_card":"summary_large_image","twitter_misc":{"Tiempo de lectura":"3 minutos"},"schema":{"@context":"https:\/\/schema.org","@graph":[{"@type":"WebPage","@id":"https:\/\/aptus-holland.com\/es\/productos\/all-in-one-pellet\/","url":"https:\/\/aptus-holland.com\/es\/productos\/all-in-one-pellet\/","name":"All-in-One Pellet - Aptus Holland","isPartOf":{"@id":"https:\/\/aptus-holland.com\/es\/#website"},"primaryImageOfPage":{"@id":"https:\/\/aptus-holland.com\/es\/productos\/all-in-one-pellet\/#primaryimage"},"image":{"@id":"https:\/\/aptus-holland.com\/es\/productos\/all-in-one-pellet\/#primaryimage"},"thumbnailUrl":"http:\/\/aptus-holland.com\/wp-content\/uploads\/2025\/03\/aptus-holland-all-in-one-pellet-fam.webp","datePublished":"2021-11-17T12:52:00+00:00","dateModified":"2025-03-07T08:03:17+00:00","breadcrumb":{"@id":"https:\/\/aptus-holland.com\/es\/productos\/all-in-one-pellet\/#breadcrumb"},"inLanguage":"es","potentialAction":[{"@type":"ReadAction","target":["https:\/\/aptus-holland.com\/es\/productos\/all-in-one-pellet\/"]}]},{"@type":"ImageObject","inLanguage":"es","@id":"https:\/\/aptus-holland.com\/es\/productos\/all-in-one-pellet\/#primaryimage","url":"http:\/\/aptus-holland.com\/wp-content\/uploads\/2025\/03\/aptus-holland-all-in-one-pellet-fam.webp","contentUrl":"http:\/\/aptus-holland.com\/wp-content\/uploads\/2025\/03\/aptus-holland-all-in-one-pellet-fam.webp"},{"@type":"BreadcrumbList","@id":"https:\/\/aptus-holland.com\/es\/productos\/all-in-one-pellet\/#breadcrumb","itemListElement":[{"@type":"ListItem","position":1,"name":"Home","item":"https:\/\/aptus-holland.com\/es\/"},{"@type":"ListItem","position":2,"name":"Productos","item":"https:\/\/aptus-holland.com\/es\/products\/"},{"@type":"ListItem","position":3,"name":"All-in-One Pellet"}]},{"@type":"WebSite","@id":"https:\/\/aptus-holland.com\/es\/#website","url":"https:\/\/aptus-holland.com\/es\/","name":"Aptus Holland","description":"Plant Tech","publisher":{"@id":"https:\/\/aptus-holland.com\/es\/#organization"},"potentialAction":[{"@type":"SearchAction","target":{"@type":"EntryPoint","urlTemplate":"https:\/\/aptus-holland.com\/es\/?s={search_term_string}"},"query-input":{"@type":"PropertyValueSpecification","valueRequired":true,"valueName":"search_term_string"}}],"inLanguage":"es"},{"@type":"Organization","@id":"https:\/\/aptus-holland.com\/es\/#organization","name":"Aptus Holland","url":"https:\/\/aptus-holland.com\/es\/","logo":{"@type":"ImageObject","inLanguage":"es","@id":"https:\/\/aptus-holland.com\/es\/#\/schema\/logo\/image\/","url":"https:\/\/aptus-holland.com\/wp-content\/uploads\/2021\/07\/logo-aptus-holland.png","contentUrl":"https:\/\/aptus-holland.com\/wp-content\/uploads\/2021\/07\/logo-aptus-holland.png","width":365,"height":200,"caption":"Aptus Holland"},"image":{"@id":"https:\/\/aptus-holland.com\/es\/#\/schema\/logo\/image\/"}}]}},"_links":{"self":[{"href":"https:\/\/aptus-holland.com\/es\/wp-json\/wp\/v2\/pages\/34674","targetHints":{"allow":["GET"]}}],"collection":[{"href":"https:\/\/aptus-holland.com\/es\/wp-json\/wp\/v2\/pages"}],"about":[{"href":"https:\/\/aptus-holland.com\/es\/wp-json\/wp\/v2\/types\/page"}],"author":[{"embeddable":true,"href":"https:\/\/aptus-holland.com\/es\/wp-json\/wp\/v2\/users\/2"}],"replies":[{"embeddable":true,"href":"https:\/\/aptus-holland.com\/es\/wp-json\/wp\/v2\/comments?post=34674"}],"version-history":[{"count":13,"href":"https:\/\/aptus-holland.com\/es\/wp-json\/wp\/v2\/pages\/34674\/revisions"}],"predecessor-version":[{"id":38208,"href":"https:\/\/aptus-holland.com\/es\/wp-json\/wp\/v2\/pages\/34674\/revisions\/38208"}],"up":[{"embeddable":true,"href":"https:\/\/aptus-holland.com\/es\/wp-json\/wp\/v2\/pages\/34409"}],"wp:attachment":[{"href":"https:\/\/aptus-holland.com\/es\/wp-json\/wp\/v2\/media?parent=34674"}],"curies":[{"name":"wp","href":"https:\/\/api.w.org\/{rel}","templated":true}]}}