{"id":34597,"date":"2021-11-17T09:59:45","date_gmt":"2021-11-17T09:59:45","guid":{"rendered":"https:\/\/aptus-holland.com\/productos\/fungone\/"},"modified":"2023-08-17T14:30:09","modified_gmt":"2023-08-17T14:30:09","slug":"fungone","status":"publish","type":"page","link":"https:\/\/aptus-holland.com\/es\/productos\/fungone\/","title":{"rendered":"Fungone"},"content":{"rendered":"\t\t<div data-elementor-type=\"wp-page\" data-elementor-id=\"34597\" class=\"elementor elementor-34597 elementor-27915\" data-elementor-settings=\"[]\">\n\t\t\t\t\t\t\t<div class=\"elementor-section-wrap\">\n\t\t\t\t\t\t\t<section class=\"elementor-section elementor-top-section elementor-element elementor-element-cb4074c elementor-section-full_width ot-traditional elementor-section-height-default elementor-section-height-default\" data-id=\"cb4074c\" data-element_type=\"section\">\n\t\t\t\t\t\t<div class=\"elementor-container elementor-column-gap-extended\">\n\t\t\t\t\t<div class=\"elementor-column elementor-col-50 elementor-top-column elementor-element elementor-element-ccf0919 ot-column-items-top ot-flex-column-vertical\" data-id=\"ccf0919\" data-element_type=\"column\">\n\t\t\t<div class=\"elementor-widget-wrap elementor-element-populated\">\n\t\t\t\t\t\t\t\t<div class=\"elementor-element elementor-element-85abb63 product-img-aptus elementor-widget elementor-widget-image\" data-id=\"85abb63\" data-element_type=\"widget\" data-widget_type=\"image.default\">\n\t\t\t\t<div class=\"elementor-widget-container\">\n\t\t\t\t\t\t\t\t\t\t\t\t\t\t\t<img loading=\"lazy\" decoding=\"async\" width=\"800\" height=\"661\" src=\"https:\/\/aptus-holland.com\/wp-content\/uploads\/2021\/12\/Aptus-Holland-Fungone-fam.png\" class=\"attachment-full size-full\" alt=\"\" srcset=\"https:\/\/aptus-holland.com\/wp-content\/uploads\/2021\/12\/Aptus-Holland-Fungone-fam.png 800w, https:\/\/aptus-holland.com\/wp-content\/uploads\/2021\/12\/Aptus-Holland-Fungone-fam-300x248.png 300w, https:\/\/aptus-holland.com\/wp-content\/uploads\/2021\/12\/Aptus-Holland-Fungone-fam-768x635.png 768w, https:\/\/aptus-holland.com\/wp-content\/uploads\/2021\/12\/Aptus-Holland-Fungone-fam-720x595.png 720w\" sizes=\"auto, (max-width: 800px) 100vw, 800px\" \/>\t\t\t\t\t\t\t\t\t\t\t\t\t\t\t<\/div>\n\t\t\t\t<\/div>\n\t\t\t\t\t<\/div>\n\t\t<\/div>\n\t\t\t\t<div class=\"elementor-column elementor-col-50 elementor-top-column elementor-element elementor-element-9e78e1d ot-flex-column-vertical elementor-invisible\" data-id=\"9e78e1d\" data-element_type=\"column\" data-settings=\"{&quot;background_background&quot;:&quot;classic&quot;,&quot;animation&quot;:&quot;fadeInRight&quot;}\">\n\t\t\t<div class=\"elementor-widget-wrap elementor-element-populated\">\n\t\t\t\t\t\t\t\t<div class=\"elementor-element elementor-element-925ee15 elementor-widget elementor-widget-iheading\" data-id=\"925ee15\" data-element_type=\"widget\" data-widget_type=\"iheading.default\">\n\t\t\t\t<div class=\"elementor-widget-container\">\n\t\t\t\t\t<div class=\"ot-heading\">\r\n\t        \t            <span>\/\/ PREVIENE HONGOS, BACTERIAS Y VIRUS<\/span>\r\n\t        <h2 class=\"main-heading\">Fungone<\/h2>\t    <\/div>\r\n\t    \t\t<\/div>\n\t\t\t\t<\/div>\n\t\t\t\t<div class=\"elementor-element elementor-element-f9ab05f elementor-widget elementor-widget-text-editor\" data-id=\"f9ab05f\" data-element_type=\"widget\" data-widget_type=\"text-editor.default\">\n\t\t\t\t<div class=\"elementor-widget-container\">\n\t\t\t\t\t\t\t\t<p>Fungone es un aerosol preventivo foliar que disminuye los problemas de pat\u00f3genos en las hojas al tiempo que aumenta la resistencia de las plantas a ataques futuros. Ayuda a prevenir problemas mic\u00f3ticos, bacteriales y virales limpiando la hoja y creando condiciones que no favorecen el desarrollo de pat\u00f3genos. Previene infecciones futuras produciendo un escudo de prevenci\u00f3n sobre las hojas. Es extremadamente \u00fatil para aplicaciones de exterior.<\/p>\t\t\t\t\t\t<\/div>\n\t\t\t\t<\/div>\n\t\t\t\t\t<\/div>\n\t\t<\/div>\n\t\t\t\t\t\t\t<\/div>\n\t\t<\/section>\n\t\t\t\t<section class=\"elementor-section elementor-top-section elementor-element elementor-element-683d3b1 groene-vlakken-producten ot-traditional elementor-section-boxed elementor-section-height-default elementor-section-height-default\" data-id=\"683d3b1\" data-element_type=\"section\" data-settings=\"{&quot;background_background&quot;:&quot;classic&quot;}\">\n\t\t\t\t\t\t<div class=\"elementor-container elementor-column-gap-extended\">\n\t\t\t\t\t<div class=\"elementor-column elementor-col-50 elementor-top-column elementor-element elementor-element-9aaa582 ot-flex-column-vertical\" data-id=\"9aaa582\" data-element_type=\"column\">\n\t\t\t<div class=\"elementor-widget-wrap elementor-element-populated\">\n\t\t\t\t\t\t\t\t<div class=\"elementor-element elementor-element-d58ba4b elementor-widget elementor-widget-iheading\" data-id=\"d58ba4b\" data-element_type=\"widget\" data-widget_type=\"iheading.default\">\n\t\t\t\t<div class=\"elementor-widget-container\">\n\t\t\t\t\t<div class=\"ot-heading\">\r\n\t        <h2 class=\"main-heading\">\u00bfPOR QU\u00c9 USAR FUNGONE?<\/h2>\t    <\/div>\r\n\t    \t\t<\/div>\n\t\t\t\t<\/div>\n\t\t\t\t<div class=\"elementor-element elementor-element-b6c8371 elementor-icon-list--layout-traditional elementor-list-item-link-full_width elementor-widget elementor-widget-icon-list\" data-id=\"b6c8371\" data-element_type=\"widget\" data-widget_type=\"icon-list.default\">\n\t\t\t\t<div class=\"elementor-widget-container\">\n\t\t\t\t\t<ul class=\"elementor-icon-list-items\">\n\t\t\t\t\t\t\t<li class=\"elementor-icon-list-item\">\n\t\t\t\t\t\t\t\t\t\t\t<span class=\"elementor-icon-list-icon\">\n\t\t\t\t\t\t\t<i aria-hidden=\"true\" class=\"fas fa-check\"><\/i>\t\t\t\t\t\t<\/span>\n\t\t\t\t\t\t\t\t\t\t<span class=\"elementor-icon-list-text\">Previene infecciones de tipo viral, mic\u00f3tico y bacterial limpiando la superficie de las plantas<\/span>\n\t\t\t\t\t\t\t\t\t<\/li>\n\t\t\t\t\t\t\t\t<li class=\"elementor-icon-list-item\">\n\t\t\t\t\t\t\t\t\t\t\t<span class=\"elementor-icon-list-icon\">\n\t\t\t\t\t\t\t<i aria-hidden=\"true\" class=\"fas fa-check\"><\/i>\t\t\t\t\t\t<\/span>\n\t\t\t\t\t\t\t\t\t\t<span class=\"elementor-icon-list-text\">Crea un escudo de protecci\u00f3n en la superficie foliar<\/span>\n\t\t\t\t\t\t\t\t\t<\/li>\n\t\t\t\t\t\t\t\t<li class=\"elementor-icon-list-item\">\n\t\t\t\t\t\t\t\t\t\t\t<span class=\"elementor-icon-list-icon\">\n\t\t\t\t\t\t\t<i aria-hidden=\"true\" class=\"fas fa-check\"><\/i>\t\t\t\t\t\t<\/span>\n\t\t\t\t\t\t\t\t\t\t<span class=\"elementor-icon-list-text\">No es t\u00f3xico para plantas ni para animales<\/span>\n\t\t\t\t\t\t\t\t\t<\/li>\n\t\t\t\t\t\t\t\t<li class=\"elementor-icon-list-item\">\n\t\t\t\t\t\t\t\t\t\t\t<span class=\"elementor-icon-list-icon\">\n\t\t\t\t\t\t\t<i aria-hidden=\"true\" class=\"fas fa-check\"><\/i>\t\t\t\t\t\t<\/span>\n\t\t\t\t\t\t\t\t\t\t<span class=\"elementor-icon-list-text\">Previene los hongos y el pudrimiento de brotes<\/span>\n\t\t\t\t\t\t\t\t\t<\/li>\n\t\t\t\t\t\t<\/ul>\n\t\t\t\t<\/div>\n\t\t\t\t<\/div>\n\t\t\t\t\t<\/div>\n\t\t<\/div>\n\t\t\t\t<div class=\"elementor-column elementor-col-50 elementor-top-column elementor-element elementor-element-f46f3a7 ot-flex-column-vertical\" data-id=\"f46f3a7\" data-element_type=\"column\">\n\t\t\t<div class=\"elementor-widget-wrap elementor-element-populated\">\n\t\t\t\t\t\t\t\t<div class=\"elementor-element elementor-element-9b95014 elementor-aspect-ratio-169 elementor-widget elementor-widget-video\" data-id=\"9b95014\" data-element_type=\"widget\" data-settings=\"{&quot;youtube_url&quot;:&quot;https:\\\/\\\/www.youtube.com\\\/watch?v=NfcU9MBE29A&amp;ab_channel=AptusPlantTech&quot;,&quot;video_type&quot;:&quot;youtube&quot;,&quot;controls&quot;:&quot;yes&quot;,&quot;aspect_ratio&quot;:&quot;169&quot;}\" data-widget_type=\"video.default\">\n\t\t\t\t<div class=\"elementor-widget-container\">\n\t\t\t\t\t<div class=\"elementor-wrapper elementor-fit-aspect-ratio elementor-open-inline\">\n\t\t\t<div class=\"elementor-video\"><\/div>\t\t<\/div>\n\t\t\t\t<\/div>\n\t\t\t\t<\/div>\n\t\t\t\t\t<\/div>\n\t\t<\/div>\n\t\t\t\t\t\t\t<\/div>\n\t\t<\/section>\n\t\t\t\t<section class=\"elementor-section elementor-top-section elementor-element elementor-element-3946652 elementor-section-full_width groene-vlakken-producten ot-traditional elementor-section-height-default elementor-section-height-default\" data-id=\"3946652\" data-element_type=\"section\" data-settings=\"{&quot;background_background&quot;:&quot;classic&quot;}\">\n\t\t\t\t\t\t<div class=\"elementor-container elementor-column-gap-extended\">\n\t\t\t\t\t<div class=\"elementor-column elementor-col-50 elementor-top-column elementor-element elementor-element-42163fa ot-flex-column-vertical\" data-id=\"42163fa\" data-element_type=\"column\" data-settings=\"{&quot;background_background&quot;:&quot;classic&quot;,&quot;animation&quot;:&quot;none&quot;}\">\n\t\t\t<div class=\"elementor-widget-wrap elementor-element-populated\">\n\t\t\t\t\t\t\t\t<div class=\"elementor-element elementor-element-adaf3f4 product-pagina-inhoud elementor-invisible elementor-widget elementor-widget-text-editor\" data-id=\"adaf3f4\" data-element_type=\"widget\" data-settings=\"{&quot;_animation_delay&quot;:600,&quot;_animation&quot;:&quot;fadeInLeft&quot;}\" data-widget_type=\"text-editor.default\">\n\t\t\t\t<div class=\"elementor-widget-container\">\n\t\t\t\t\t\t\t\t<h2>C\u00d3MO USAR FUNGONE<\/h2><p>Fungone es un producto de Aptus listo para ser utilizado. Debe rociarse directamente sobre la planta.<\/p><p>Para vol\u00famenes mayores se puede utilizar el concentrado de Fungone porque 1 L es suficiente para lograr 5 L de soluci\u00f3n lista para el rociado. Roc\u00ede Fungone o diluya el concentrado en 5 L con Fungone concentrado, directamente sobre la planta.<\/p><p>Siempre aseg\u00farese de que las luces est\u00e9n apagadas durante el roc\u00edado y de usar equipo de protecci\u00f3n con m\u00e1scara y gafas. Fungone no es t\u00f3xico y no deja residuos en las plantas.<\/p>\t\t\t\t\t\t<\/div>\n\t\t\t\t<\/div>\n\t\t\t\t<div class=\"elementor-element elementor-element-9d139e3 product-pagina-inhoud elementor-invisible elementor-widget elementor-widget-text-editor\" data-id=\"9d139e3\" data-element_type=\"widget\" data-settings=\"{&quot;_animation_delay&quot;:600,&quot;_animation&quot;:&quot;fadeInLeft&quot;}\" data-widget_type=\"text-editor.default\">\n\t\t\t\t<div class=\"elementor-widget-container\">\n\t\t\t\t\t\t\t\t<h2>CONTENIDO DE FUNGONE<\/h2><ul><li>3% de H202 potable<\/li><li>Ag (plata coloidal)<\/li><li>Adyuvante de grado alimenticio<\/li><\/ul>\t\t\t\t\t\t<\/div>\n\t\t\t\t<\/div>\n\t\t\t\t\t<\/div>\n\t\t<\/div>\n\t\t\t\t<div class=\"elementor-column elementor-col-50 elementor-top-column elementor-element elementor-element-cf69460 ot-flex-column-vertical\" data-id=\"cf69460\" data-element_type=\"column\" data-settings=\"{&quot;background_background&quot;:&quot;classic&quot;}\">\n\t\t\t<div class=\"elementor-widget-wrap elementor-element-populated\">\n\t\t\t\t\t\t\t\t<div class=\"elementor-element elementor-element-5e91773 product-pagina-inhoud elementor-invisible elementor-widget elementor-widget-text-editor\" data-id=\"5e91773\" data-element_type=\"widget\" data-settings=\"{&quot;_animation_delay&quot;:600,&quot;_animation&quot;:&quot;fadeInRight&quot;}\" data-widget_type=\"text-editor.default\">\n\t\t\t\t<div class=\"elementor-widget-container\">\n\t\t\t\t\t\t\t\t<h2>C\u00d3MO FUNCIONA FUNGONE<\/h2><p>Fungone utiliza ox\u00edgeno at\u00f3mico (O3) para oxidizar las bacterias y los hongos. Los pat\u00f3genos no pueden desarrollar resistencia a la oxidaci\u00f3n. La oxidaci\u00f3n por O3 ocurre naturalmente tanto en la naturaleza como artificialmente en invernaderos para controlar las bacterias y las plagas.<\/p><p>Los restantes elementos del aerosol producen ox\u00edgeno natural y agua limpia. Fungone contiene un adyuvante de grado alimenticio que lo ayuda a pegarse y a distribuirse de forma homog\u00e9nea en la superficie de las plantas para un efecto de larga duraci\u00f3n.<\/p>\t\t\t\t\t\t<\/div>\n\t\t\t\t<\/div>\n\t\t\t\t<div class=\"elementor-element elementor-element-c2492b1 product-pagina-inhoud elementor-invisible elementor-widget elementor-widget-text-editor\" data-id=\"c2492b1\" data-element_type=\"widget\" data-settings=\"{&quot;_animation_delay&quot;:600,&quot;_animation&quot;:&quot;fadeInRight&quot;}\" data-widget_type=\"text-editor.default\">\n\t\t\t\t<div class=\"elementor-widget-container\">\n\t\t\t\t\t\t\t\t<h2>CONSEJOS DE CULTIVADORES EXITOSOS<\/h2><ul><li>Roc\u00ede Fungone con las luces apagadas. Las hojas se queman r\u00e1pidamente cuando se roc\u00eda con las luces encendidas. Las gotas del roc\u00edo act\u00faan como prismas, amplificando la intensidad de la luz<\/li><li>Fungone est\u00e1 listo para su uso y se puede aplicar directamente como tratamiento foliar o diluir con agua para tratar plantas sensibles (1 parte de Fungone en 4 partes de agua pura). Si se diluye, use la mezcla de inmediato<\/li><li>Util\u00edcelo semanalmente como medida de prevenci\u00f3n hasta la semana previa a la cosecha<\/li><\/ul>\t\t\t\t\t\t<\/div>\n\t\t\t\t<\/div>\n\t\t\t\t\t<\/div>\n\t\t<\/div>\n\t\t\t\t\t\t\t<\/div>\n\t\t<\/section>\n\t\t\t\t\t\t<\/div>\n\t\t\t\t\t<\/div>\n\t\t","protected":false},"excerpt":{"rendered":"<p>\/\/ PREVIENE HONGOS, BACTERIAS Y VIRUS Fungone Fungone es un aerosol preventivo foliar que disminuye los problemas de pat\u00f3genos en las hojas al tiempo que aumenta la resistencia de las plantas a ataques futuros. Ayuda a prevenir problemas mic\u00f3ticos, bacteriales y virales limpiando la hoja y creando condiciones que no favorecen el desarrollo de pat\u00f3genos. [&hellip;]<\/p>\n","protected":false},"author":2,"featured_media":0,"parent":34409,"menu_order":0,"comment_status":"closed","ping_status":"closed","template":"","meta":{"_monsterinsights_skip_tracking":false,"_monsterinsights_sitenote_active":false,"_monsterinsights_sitenote_note":"","_monsterinsights_sitenote_category":0,"footnotes":""},"class_list":["post-34597","page","type-page","status-publish","hentry"],"yoast_head":"<!-- This site is optimized with the Yoast SEO plugin v27.0 - https:\/\/yoast.com\/product\/yoast-seo-wordpress\/ -->\n<title>Fungone - Aptus Holland<\/title>\n<meta name=\"robots\" content=\"index, follow, max-snippet:-1, max-image-preview:large, max-video-preview:-1\" \/>\n<link rel=\"canonical\" href=\"https:\/\/aptus-holland.com\/es\/productos\/fungone\/\" \/>\n<meta property=\"og:locale\" content=\"es_ES\" \/>\n<meta property=\"og:type\" content=\"article\" \/>\n<meta property=\"og:title\" content=\"Fungone - Aptus Holland\" \/>\n<meta property=\"og:description\" content=\"\/\/ PREVIENE HONGOS, BACTERIAS Y VIRUS Fungone Fungone es un aerosol preventivo foliar que disminuye los problemas de pat\u00f3genos en las hojas al tiempo que aumenta la resistencia de las plantas a ataques futuros. Ayuda a prevenir problemas mic\u00f3ticos, bacteriales y virales limpiando la hoja y creando condiciones que no favorecen el desarrollo de pat\u00f3genos. [&hellip;]\" \/>\n<meta property=\"og:url\" content=\"https:\/\/aptus-holland.com\/es\/productos\/fungone\/\" \/>\n<meta property=\"og:site_name\" content=\"Aptus Holland\" \/>\n<meta property=\"article:modified_time\" content=\"2023-08-17T14:30:09+00:00\" \/>\n<meta property=\"og:image\" content=\"http:\/\/aptus-holland.com\/wp-content\/uploads\/2021\/12\/Aptus-Holland-Fungone-fam.png\" \/>\n<meta name=\"twitter:card\" content=\"summary_large_image\" \/>\n<meta name=\"twitter:label1\" content=\"Tiempo de lectura\" \/>\n\t<meta name=\"twitter:data1\" content=\"3 minutos\" \/>\n<script type=\"application\/ld+json\" class=\"yoast-schema-graph\">{\"@context\":\"https:\/\/schema.org\",\"@graph\":[{\"@type\":\"WebPage\",\"@id\":\"https:\/\/aptus-holland.com\/es\/productos\/fungone\/\",\"url\":\"https:\/\/aptus-holland.com\/es\/productos\/fungone\/\",\"name\":\"Fungone - Aptus Holland\",\"isPartOf\":{\"@id\":\"https:\/\/aptus-holland.com\/es\/#website\"},\"primaryImageOfPage\":{\"@id\":\"https:\/\/aptus-holland.com\/es\/productos\/fungone\/#primaryimage\"},\"image\":{\"@id\":\"https:\/\/aptus-holland.com\/es\/productos\/fungone\/#primaryimage\"},\"thumbnailUrl\":\"http:\/\/aptus-holland.com\/wp-content\/uploads\/2021\/12\/Aptus-Holland-Fungone-fam.png\",\"datePublished\":\"2021-11-17T09:59:45+00:00\",\"dateModified\":\"2023-08-17T14:30:09+00:00\",\"breadcrumb\":{\"@id\":\"https:\/\/aptus-holland.com\/es\/productos\/fungone\/#breadcrumb\"},\"inLanguage\":\"es\",\"potentialAction\":[{\"@type\":\"ReadAction\",\"target\":[\"https:\/\/aptus-holland.com\/es\/productos\/fungone\/\"]}]},{\"@type\":\"ImageObject\",\"inLanguage\":\"es\",\"@id\":\"https:\/\/aptus-holland.com\/es\/productos\/fungone\/#primaryimage\",\"url\":\"http:\/\/aptus-holland.com\/wp-content\/uploads\/2021\/12\/Aptus-Holland-Fungone-fam.png\",\"contentUrl\":\"http:\/\/aptus-holland.com\/wp-content\/uploads\/2021\/12\/Aptus-Holland-Fungone-fam.png\"},{\"@type\":\"BreadcrumbList\",\"@id\":\"https:\/\/aptus-holland.com\/es\/productos\/fungone\/#breadcrumb\",\"itemListElement\":[{\"@type\":\"ListItem\",\"position\":1,\"name\":\"Home\",\"item\":\"https:\/\/aptus-holland.com\/es\/\"},{\"@type\":\"ListItem\",\"position\":2,\"name\":\"Productos\",\"item\":\"https:\/\/aptus-holland.com\/es\/products\/\"},{\"@type\":\"ListItem\",\"position\":3,\"name\":\"Fungone\"}]},{\"@type\":\"WebSite\",\"@id\":\"https:\/\/aptus-holland.com\/es\/#website\",\"url\":\"https:\/\/aptus-holland.com\/es\/\",\"name\":\"Aptus Holland\",\"description\":\"Plant Tech\",\"publisher\":{\"@id\":\"https:\/\/aptus-holland.com\/es\/#organization\"},\"potentialAction\":[{\"@type\":\"SearchAction\",\"target\":{\"@type\":\"EntryPoint\",\"urlTemplate\":\"https:\/\/aptus-holland.com\/es\/?s={search_term_string}\"},\"query-input\":{\"@type\":\"PropertyValueSpecification\",\"valueRequired\":true,\"valueName\":\"search_term_string\"}}],\"inLanguage\":\"es\"},{\"@type\":\"Organization\",\"@id\":\"https:\/\/aptus-holland.com\/es\/#organization\",\"name\":\"Aptus Holland\",\"url\":\"https:\/\/aptus-holland.com\/es\/\",\"logo\":{\"@type\":\"ImageObject\",\"inLanguage\":\"es\",\"@id\":\"https:\/\/aptus-holland.com\/es\/#\/schema\/logo\/image\/\",\"url\":\"https:\/\/aptus-holland.com\/wp-content\/uploads\/2021\/07\/logo-aptus-holland.png\",\"contentUrl\":\"https:\/\/aptus-holland.com\/wp-content\/uploads\/2021\/07\/logo-aptus-holland.png\",\"width\":365,\"height\":200,\"caption\":\"Aptus Holland\"},\"image\":{\"@id\":\"https:\/\/aptus-holland.com\/es\/#\/schema\/logo\/image\/\"}}]}<\/script>\n<!-- \/ Yoast SEO plugin. -->","yoast_head_json":{"title":"Fungone - Aptus Holland","robots":{"index":"index","follow":"follow","max-snippet":"max-snippet:-1","max-image-preview":"max-image-preview:large","max-video-preview":"max-video-preview:-1"},"canonical":"https:\/\/aptus-holland.com\/es\/productos\/fungone\/","og_locale":"es_ES","og_type":"article","og_title":"Fungone - Aptus Holland","og_description":"\/\/ PREVIENE HONGOS, BACTERIAS Y VIRUS Fungone Fungone es un aerosol preventivo foliar que disminuye los problemas de pat\u00f3genos en las hojas al tiempo que aumenta la resistencia de las plantas a ataques futuros. Ayuda a prevenir problemas mic\u00f3ticos, bacteriales y virales limpiando la hoja y creando condiciones que no favorecen el desarrollo de pat\u00f3genos. [&hellip;]","og_url":"https:\/\/aptus-holland.com\/es\/productos\/fungone\/","og_site_name":"Aptus Holland","article_modified_time":"2023-08-17T14:30:09+00:00","og_image":[{"url":"http:\/\/aptus-holland.com\/wp-content\/uploads\/2021\/12\/Aptus-Holland-Fungone-fam.png","type":"","width":"","height":""}],"twitter_card":"summary_large_image","twitter_misc":{"Tiempo de lectura":"3 minutos"},"schema":{"@context":"https:\/\/schema.org","@graph":[{"@type":"WebPage","@id":"https:\/\/aptus-holland.com\/es\/productos\/fungone\/","url":"https:\/\/aptus-holland.com\/es\/productos\/fungone\/","name":"Fungone - Aptus Holland","isPartOf":{"@id":"https:\/\/aptus-holland.com\/es\/#website"},"primaryImageOfPage":{"@id":"https:\/\/aptus-holland.com\/es\/productos\/fungone\/#primaryimage"},"image":{"@id":"https:\/\/aptus-holland.com\/es\/productos\/fungone\/#primaryimage"},"thumbnailUrl":"http:\/\/aptus-holland.com\/wp-content\/uploads\/2021\/12\/Aptus-Holland-Fungone-fam.png","datePublished":"2021-11-17T09:59:45+00:00","dateModified":"2023-08-17T14:30:09+00:00","breadcrumb":{"@id":"https:\/\/aptus-holland.com\/es\/productos\/fungone\/#breadcrumb"},"inLanguage":"es","potentialAction":[{"@type":"ReadAction","target":["https:\/\/aptus-holland.com\/es\/productos\/fungone\/"]}]},{"@type":"ImageObject","inLanguage":"es","@id":"https:\/\/aptus-holland.com\/es\/productos\/fungone\/#primaryimage","url":"http:\/\/aptus-holland.com\/wp-content\/uploads\/2021\/12\/Aptus-Holland-Fungone-fam.png","contentUrl":"http:\/\/aptus-holland.com\/wp-content\/uploads\/2021\/12\/Aptus-Holland-Fungone-fam.png"},{"@type":"BreadcrumbList","@id":"https:\/\/aptus-holland.com\/es\/productos\/fungone\/#breadcrumb","itemListElement":[{"@type":"ListItem","position":1,"name":"Home","item":"https:\/\/aptus-holland.com\/es\/"},{"@type":"ListItem","position":2,"name":"Productos","item":"https:\/\/aptus-holland.com\/es\/products\/"},{"@type":"ListItem","position":3,"name":"Fungone"}]},{"@type":"WebSite","@id":"https:\/\/aptus-holland.com\/es\/#website","url":"https:\/\/aptus-holland.com\/es\/","name":"Aptus Holland","description":"Plant Tech","publisher":{"@id":"https:\/\/aptus-holland.com\/es\/#organization"},"potentialAction":[{"@type":"SearchAction","target":{"@type":"EntryPoint","urlTemplate":"https:\/\/aptus-holland.com\/es\/?s={search_term_string}"},"query-input":{"@type":"PropertyValueSpecification","valueRequired":true,"valueName":"search_term_string"}}],"inLanguage":"es"},{"@type":"Organization","@id":"https:\/\/aptus-holland.com\/es\/#organization","name":"Aptus Holland","url":"https:\/\/aptus-holland.com\/es\/","logo":{"@type":"ImageObject","inLanguage":"es","@id":"https:\/\/aptus-holland.com\/es\/#\/schema\/logo\/image\/","url":"https:\/\/aptus-holland.com\/wp-content\/uploads\/2021\/07\/logo-aptus-holland.png","contentUrl":"https:\/\/aptus-holland.com\/wp-content\/uploads\/2021\/07\/logo-aptus-holland.png","width":365,"height":200,"caption":"Aptus Holland"},"image":{"@id":"https:\/\/aptus-holland.com\/es\/#\/schema\/logo\/image\/"}}]}},"_links":{"self":[{"href":"https:\/\/aptus-holland.com\/es\/wp-json\/wp\/v2\/pages\/34597","targetHints":{"allow":["GET"]}}],"collection":[{"href":"https:\/\/aptus-holland.com\/es\/wp-json\/wp\/v2\/pages"}],"about":[{"href":"https:\/\/aptus-holland.com\/es\/wp-json\/wp\/v2\/types\/page"}],"author":[{"embeddable":true,"href":"https:\/\/aptus-holland.com\/es\/wp-json\/wp\/v2\/users\/2"}],"replies":[{"embeddable":true,"href":"https:\/\/aptus-holland.com\/es\/wp-json\/wp\/v2\/comments?post=34597"}],"version-history":[{"count":4,"href":"https:\/\/aptus-holland.com\/es\/wp-json\/wp\/v2\/pages\/34597\/revisions"}],"predecessor-version":[{"id":34607,"href":"https:\/\/aptus-holland.com\/es\/wp-json\/wp\/v2\/pages\/34597\/revisions\/34607"}],"up":[{"embeddable":true,"href":"https:\/\/aptus-holland.com\/es\/wp-json\/wp\/v2\/pages\/34409"}],"wp:attachment":[{"href":"https:\/\/aptus-holland.com\/es\/wp-json\/wp\/v2\/media?parent=34597"}],"curies":[{"name":"wp","href":"https:\/\/api.w.org\/{rel}","templated":true}]}}