{"id":34489,"date":"2021-07-23T14:22:22","date_gmt":"2021-07-23T14:22:22","guid":{"rendered":"https:\/\/aptus-holland.com\/de-aptus-aanpak\/"},"modified":"2023-08-17T13:04:41","modified_gmt":"2023-08-17T13:04:41","slug":"el-enfoque-de-aptus","status":"publish","type":"page","link":"https:\/\/aptus-holland.com\/es\/el-enfoque-de-aptus\/","title":{"rendered":"El enfoque de Aptus"},"content":{"rendered":"\t\t<div data-elementor-type=\"wp-page\" data-elementor-id=\"34489\" class=\"elementor elementor-34489 elementor-5317\" data-elementor-settings=\"[]\">\n\t\t\t\t\t\t\t<div class=\"elementor-section-wrap\">\n\t\t\t\t\t\t\t<section class=\"elementor-section elementor-top-section elementor-element elementor-element-7f3cbd8 elementor-section-content-middle ot-traditional elementor-section-boxed elementor-section-height-default elementor-section-height-default\" data-id=\"7f3cbd8\" data-element_type=\"section\" data-settings=\"{&quot;background_background&quot;:&quot;classic&quot;}\">\n\t\t\t\t\t\t<div class=\"elementor-container elementor-column-gap-extended\">\n\t\t\t\t\t<div class=\"elementor-column elementor-col-50 elementor-top-column elementor-element elementor-element-9fc2569 ot-flex-column-vertical\" data-id=\"9fc2569\" data-element_type=\"column\">\n\t\t\t<div class=\"elementor-widget-wrap elementor-element-populated\">\n\t\t\t\t\t\t\t\t<div class=\"elementor-element elementor-element-925ee15 elementor-widget elementor-widget-iheading\" data-id=\"925ee15\" data-element_type=\"widget\" data-widget_type=\"iheading.default\">\n\t\t\t\t<div class=\"elementor-widget-container\">\n\t\t\t\t\t<div class=\"ot-heading\">\r\n\t        <h2 class=\"main-heading\">El enfoque de Aptus<\/h2>\t    <\/div>\r\n\t    \t\t<\/div>\n\t\t\t\t<\/div>\n\t\t\t\t<div class=\"elementor-element elementor-element-0f0c33b elementor-widget elementor-widget-text-editor\" data-id=\"0f0c33b\" data-element_type=\"widget\" data-widget_type=\"text-editor.default\">\n\t\t\t\t<div class=\"elementor-widget-container\">\n\t\t\t\t\t\t\t\t<p>El enfoque de Aptus consiste en ofrecer productos de calidad uniforme, as\u00ed como formaci\u00f3n con el fin de mejorar la capacidad de cultivo y la producci\u00f3n de los agricultores. Nuestro enfoque se basa en una metodolog\u00eda de prevenci\u00f3n de problemas para el hu\u00e9sped (la planta), plagas y problemas medioambientales; o, en pocas palabras, evitar los problemas antes de que surjan.<\/p><p>Trabajar con Aptus es hacer las cosas de forma natural. Respetamos absolutamente las reglas de la naturaleza, utiliz\u00e1ndolas como gu\u00eda para restablecer los antiguos mecanismos naturales: cuidados para la tierra y para las plantas. Aptus es una combinaci\u00f3n de remedios biol\u00f3gicos para el suelo, estimulaci\u00f3n para las plantas y una nutrici\u00f3n adecuada.<\/p>\t\t\t\t\t\t<\/div>\n\t\t\t\t<\/div>\n\t\t\t\t\t<\/div>\n\t\t<\/div>\n\t\t\t\t<div class=\"elementor-column elementor-col-50 elementor-top-column elementor-element elementor-element-fea2944 ot-column-items-top ot-flex-column-vertical\" data-id=\"fea2944\" data-element_type=\"column\">\n\t\t\t<div class=\"elementor-widget-wrap elementor-element-populated\">\n\t\t\t\t\t\t\t\t<div class=\"elementor-element elementor-element-e6ac377 elementor-widget elementor-widget-image\" data-id=\"e6ac377\" data-element_type=\"widget\" data-widget_type=\"image.default\">\n\t\t\t\t<div class=\"elementor-widget-container\">\n\t\t\t\t\t\t\t\t\t\t\t\t\t\t\t\t<a href=\"http:\/\/aptus-holland.com\/wp-content\/uploads\/2021\/07\/aptus-approach-aptus-holland.png\" data-elementor-open-lightbox=\"yes\" data-elementor-lightbox-title=\"aptus-approach-aptus-holland\">\n\t\t\t\t\t\t\t<img loading=\"lazy\" decoding=\"async\" width=\"750\" height=\"370\" src=\"https:\/\/aptus-holland.com\/wp-content\/uploads\/2021\/07\/aptus-approach-aptus-holland.png\" class=\"attachment-large size-large\" alt=\"\" srcset=\"https:\/\/aptus-holland.com\/wp-content\/uploads\/2021\/07\/aptus-approach-aptus-holland.png 750w, https:\/\/aptus-holland.com\/wp-content\/uploads\/2021\/07\/aptus-approach-aptus-holland-300x148.png 300w, https:\/\/aptus-holland.com\/wp-content\/uploads\/2021\/07\/aptus-approach-aptus-holland-720x355.png 720w\" sizes=\"auto, (max-width: 750px) 100vw, 750px\" \/>\t\t\t\t\t\t\t\t<\/a>\n\t\t\t\t\t\t\t\t\t\t\t\t\t\t\t<\/div>\n\t\t\t\t<\/div>\n\t\t\t\t\t<\/div>\n\t\t<\/div>\n\t\t\t\t\t\t\t<\/div>\n\t\t<\/section>\n\t\t\t\t\t\t<\/div>\n\t\t\t\t\t<\/div>\n\t\t","protected":false},"excerpt":{"rendered":"<p>El enfoque de Aptus El enfoque de Aptus consiste en ofrecer productos de calidad uniforme, as\u00ed como formaci\u00f3n con el fin de mejorar la capacidad de cultivo y la producci\u00f3n de los agricultores. Nuestro enfoque se basa en una metodolog\u00eda de prevenci\u00f3n de problemas para el hu\u00e9sped (la planta), plagas y problemas medioambientales; o, en [&hellip;]<\/p>\n","protected":false},"author":2,"featured_media":0,"parent":0,"menu_order":0,"comment_status":"closed","ping_status":"closed","template":"","meta":{"_monsterinsights_skip_tracking":false,"_monsterinsights_sitenote_active":false,"_monsterinsights_sitenote_note":"","_monsterinsights_sitenote_category":0,"footnotes":""},"class_list":["post-34489","page","type-page","status-publish","hentry"],"yoast_head":"<!-- This site is optimized with the Yoast SEO plugin v27.0 - https:\/\/yoast.com\/product\/yoast-seo-wordpress\/ -->\n<title>El enfoque de Aptus | Aptus Holland | Aptus Plant Tech<\/title>\n<meta name=\"description\" content=\"El enfoque de Aptus es proporcionar productos de calidad uniforme y educaci\u00f3n que mejoren la producci\u00f3n y la capacidad de crecimiento de los productores.\" \/>\n<meta name=\"robots\" content=\"index, follow, max-snippet:-1, max-image-preview:large, max-video-preview:-1\" \/>\n<link rel=\"canonical\" href=\"https:\/\/aptus-holland.com\/es\/el-enfoque-de-aptus\/\" \/>\n<meta property=\"og:locale\" content=\"es_ES\" \/>\n<meta property=\"og:type\" content=\"article\" \/>\n<meta property=\"og:title\" content=\"El enfoque de Aptus | Aptus Holland | Aptus Plant Tech\" \/>\n<meta property=\"og:description\" content=\"El enfoque de Aptus es proporcionar productos de calidad uniforme y educaci\u00f3n que mejoren la producci\u00f3n y la capacidad de crecimiento de los productores.\" \/>\n<meta property=\"og:url\" content=\"https:\/\/aptus-holland.com\/es\/el-enfoque-de-aptus\/\" \/>\n<meta property=\"og:site_name\" content=\"Aptus Holland\" \/>\n<meta property=\"article:modified_time\" content=\"2023-08-17T13:04:41+00:00\" \/>\n<meta property=\"og:image\" content=\"http:\/\/aptus-holland.com\/wp-content\/uploads\/2021\/07\/aptus-approach-aptus-holland.png\" \/>\n<meta name=\"twitter:card\" content=\"summary_large_image\" \/>\n<meta name=\"twitter:label1\" content=\"Tiempo de lectura\" \/>\n\t<meta name=\"twitter:data1\" content=\"1 minuto\" \/>\n<script type=\"application\/ld+json\" class=\"yoast-schema-graph\">{\"@context\":\"https:\/\/schema.org\",\"@graph\":[{\"@type\":\"WebPage\",\"@id\":\"https:\/\/aptus-holland.com\/es\/el-enfoque-de-aptus\/\",\"url\":\"https:\/\/aptus-holland.com\/es\/el-enfoque-de-aptus\/\",\"name\":\"El enfoque de Aptus | Aptus Holland | Aptus Plant Tech\",\"isPartOf\":{\"@id\":\"https:\/\/aptus-holland.com\/es\/#website\"},\"primaryImageOfPage\":{\"@id\":\"https:\/\/aptus-holland.com\/es\/el-enfoque-de-aptus\/#primaryimage\"},\"image\":{\"@id\":\"https:\/\/aptus-holland.com\/es\/el-enfoque-de-aptus\/#primaryimage\"},\"thumbnailUrl\":\"http:\/\/aptus-holland.com\/wp-content\/uploads\/2021\/07\/aptus-approach-aptus-holland.png\",\"datePublished\":\"2021-07-23T14:22:22+00:00\",\"dateModified\":\"2023-08-17T13:04:41+00:00\",\"description\":\"El enfoque de Aptus es proporcionar productos de calidad uniforme y educaci\u00f3n que mejoren la producci\u00f3n y la capacidad de crecimiento de los productores.\",\"breadcrumb\":{\"@id\":\"https:\/\/aptus-holland.com\/es\/el-enfoque-de-aptus\/#breadcrumb\"},\"inLanguage\":\"es\",\"potentialAction\":[{\"@type\":\"ReadAction\",\"target\":[\"https:\/\/aptus-holland.com\/es\/el-enfoque-de-aptus\/\"]}]},{\"@type\":\"ImageObject\",\"inLanguage\":\"es\",\"@id\":\"https:\/\/aptus-holland.com\/es\/el-enfoque-de-aptus\/#primaryimage\",\"url\":\"http:\/\/aptus-holland.com\/wp-content\/uploads\/2021\/07\/aptus-approach-aptus-holland.png\",\"contentUrl\":\"http:\/\/aptus-holland.com\/wp-content\/uploads\/2021\/07\/aptus-approach-aptus-holland.png\"},{\"@type\":\"BreadcrumbList\",\"@id\":\"https:\/\/aptus-holland.com\/es\/el-enfoque-de-aptus\/#breadcrumb\",\"itemListElement\":[{\"@type\":\"ListItem\",\"position\":1,\"name\":\"Home\",\"item\":\"https:\/\/aptus-holland.com\/es\/\"},{\"@type\":\"ListItem\",\"position\":2,\"name\":\"El enfoque de Aptus\"}]},{\"@type\":\"WebSite\",\"@id\":\"https:\/\/aptus-holland.com\/es\/#website\",\"url\":\"https:\/\/aptus-holland.com\/es\/\",\"name\":\"Aptus Holland\",\"description\":\"Plant Tech\",\"publisher\":{\"@id\":\"https:\/\/aptus-holland.com\/es\/#organization\"},\"potentialAction\":[{\"@type\":\"SearchAction\",\"target\":{\"@type\":\"EntryPoint\",\"urlTemplate\":\"https:\/\/aptus-holland.com\/es\/?s={search_term_string}\"},\"query-input\":{\"@type\":\"PropertyValueSpecification\",\"valueRequired\":true,\"valueName\":\"search_term_string\"}}],\"inLanguage\":\"es\"},{\"@type\":\"Organization\",\"@id\":\"https:\/\/aptus-holland.com\/es\/#organization\",\"name\":\"Aptus Holland\",\"url\":\"https:\/\/aptus-holland.com\/es\/\",\"logo\":{\"@type\":\"ImageObject\",\"inLanguage\":\"es\",\"@id\":\"https:\/\/aptus-holland.com\/es\/#\/schema\/logo\/image\/\",\"url\":\"https:\/\/aptus-holland.com\/wp-content\/uploads\/2021\/07\/logo-aptus-holland.png\",\"contentUrl\":\"https:\/\/aptus-holland.com\/wp-content\/uploads\/2021\/07\/logo-aptus-holland.png\",\"width\":365,\"height\":200,\"caption\":\"Aptus Holland\"},\"image\":{\"@id\":\"https:\/\/aptus-holland.com\/es\/#\/schema\/logo\/image\/\"}}]}<\/script>\n<!-- \/ Yoast SEO plugin. -->","yoast_head_json":{"title":"El enfoque de Aptus | Aptus Holland | Aptus Plant Tech","description":"El enfoque de Aptus es proporcionar productos de calidad uniforme y educaci\u00f3n que mejoren la producci\u00f3n y la capacidad de crecimiento de los productores.","robots":{"index":"index","follow":"follow","max-snippet":"max-snippet:-1","max-image-preview":"max-image-preview:large","max-video-preview":"max-video-preview:-1"},"canonical":"https:\/\/aptus-holland.com\/es\/el-enfoque-de-aptus\/","og_locale":"es_ES","og_type":"article","og_title":"El enfoque de Aptus | Aptus Holland | Aptus Plant Tech","og_description":"El enfoque de Aptus es proporcionar productos de calidad uniforme y educaci\u00f3n que mejoren la producci\u00f3n y la capacidad de crecimiento de los productores.","og_url":"https:\/\/aptus-holland.com\/es\/el-enfoque-de-aptus\/","og_site_name":"Aptus Holland","article_modified_time":"2023-08-17T13:04:41+00:00","og_image":[{"url":"http:\/\/aptus-holland.com\/wp-content\/uploads\/2021\/07\/aptus-approach-aptus-holland.png","type":"","width":"","height":""}],"twitter_card":"summary_large_image","twitter_misc":{"Tiempo de lectura":"1 minuto"},"schema":{"@context":"https:\/\/schema.org","@graph":[{"@type":"WebPage","@id":"https:\/\/aptus-holland.com\/es\/el-enfoque-de-aptus\/","url":"https:\/\/aptus-holland.com\/es\/el-enfoque-de-aptus\/","name":"El enfoque de Aptus | Aptus Holland | Aptus Plant Tech","isPartOf":{"@id":"https:\/\/aptus-holland.com\/es\/#website"},"primaryImageOfPage":{"@id":"https:\/\/aptus-holland.com\/es\/el-enfoque-de-aptus\/#primaryimage"},"image":{"@id":"https:\/\/aptus-holland.com\/es\/el-enfoque-de-aptus\/#primaryimage"},"thumbnailUrl":"http:\/\/aptus-holland.com\/wp-content\/uploads\/2021\/07\/aptus-approach-aptus-holland.png","datePublished":"2021-07-23T14:22:22+00:00","dateModified":"2023-08-17T13:04:41+00:00","description":"El enfoque de Aptus es proporcionar productos de calidad uniforme y educaci\u00f3n que mejoren la producci\u00f3n y la capacidad de crecimiento de los productores.","breadcrumb":{"@id":"https:\/\/aptus-holland.com\/es\/el-enfoque-de-aptus\/#breadcrumb"},"inLanguage":"es","potentialAction":[{"@type":"ReadAction","target":["https:\/\/aptus-holland.com\/es\/el-enfoque-de-aptus\/"]}]},{"@type":"ImageObject","inLanguage":"es","@id":"https:\/\/aptus-holland.com\/es\/el-enfoque-de-aptus\/#primaryimage","url":"http:\/\/aptus-holland.com\/wp-content\/uploads\/2021\/07\/aptus-approach-aptus-holland.png","contentUrl":"http:\/\/aptus-holland.com\/wp-content\/uploads\/2021\/07\/aptus-approach-aptus-holland.png"},{"@type":"BreadcrumbList","@id":"https:\/\/aptus-holland.com\/es\/el-enfoque-de-aptus\/#breadcrumb","itemListElement":[{"@type":"ListItem","position":1,"name":"Home","item":"https:\/\/aptus-holland.com\/es\/"},{"@type":"ListItem","position":2,"name":"El enfoque de Aptus"}]},{"@type":"WebSite","@id":"https:\/\/aptus-holland.com\/es\/#website","url":"https:\/\/aptus-holland.com\/es\/","name":"Aptus Holland","description":"Plant Tech","publisher":{"@id":"https:\/\/aptus-holland.com\/es\/#organization"},"potentialAction":[{"@type":"SearchAction","target":{"@type":"EntryPoint","urlTemplate":"https:\/\/aptus-holland.com\/es\/?s={search_term_string}"},"query-input":{"@type":"PropertyValueSpecification","valueRequired":true,"valueName":"search_term_string"}}],"inLanguage":"es"},{"@type":"Organization","@id":"https:\/\/aptus-holland.com\/es\/#organization","name":"Aptus Holland","url":"https:\/\/aptus-holland.com\/es\/","logo":{"@type":"ImageObject","inLanguage":"es","@id":"https:\/\/aptus-holland.com\/es\/#\/schema\/logo\/image\/","url":"https:\/\/aptus-holland.com\/wp-content\/uploads\/2021\/07\/logo-aptus-holland.png","contentUrl":"https:\/\/aptus-holland.com\/wp-content\/uploads\/2021\/07\/logo-aptus-holland.png","width":365,"height":200,"caption":"Aptus Holland"},"image":{"@id":"https:\/\/aptus-holland.com\/es\/#\/schema\/logo\/image\/"}}]}},"_links":{"self":[{"href":"https:\/\/aptus-holland.com\/es\/wp-json\/wp\/v2\/pages\/34489","targetHints":{"allow":["GET"]}}],"collection":[{"href":"https:\/\/aptus-holland.com\/es\/wp-json\/wp\/v2\/pages"}],"about":[{"href":"https:\/\/aptus-holland.com\/es\/wp-json\/wp\/v2\/types\/page"}],"author":[{"embeddable":true,"href":"https:\/\/aptus-holland.com\/es\/wp-json\/wp\/v2\/users\/2"}],"replies":[{"embeddable":true,"href":"https:\/\/aptus-holland.com\/es\/wp-json\/wp\/v2\/comments?post=34489"}],"version-history":[{"count":4,"href":"https:\/\/aptus-holland.com\/es\/wp-json\/wp\/v2\/pages\/34489\/revisions"}],"predecessor-version":[{"id":34497,"href":"https:\/\/aptus-holland.com\/es\/wp-json\/wp\/v2\/pages\/34489\/revisions\/34497"}],"wp:attachment":[{"href":"https:\/\/aptus-holland.com\/es\/wp-json\/wp\/v2\/media?parent=34489"}],"curies":[{"name":"wp","href":"https:\/\/api.w.org\/{rel}","templated":true}]}}