{"id":34487,"date":"2021-07-23T14:09:42","date_gmt":"2021-07-23T14:09:42","guid":{"rendered":"https:\/\/aptus-holland.com\/kwaliteit-en-concentratie\/"},"modified":"2023-08-17T13:03:18","modified_gmt":"2023-08-17T13:03:18","slug":"calidad-y-concentracion","status":"publish","type":"page","link":"https:\/\/aptus-holland.com\/es\/calidad-y-concentracion\/","title":{"rendered":"Calidad y concentraci\u00f3n"},"content":{"rendered":"\t\t<div data-elementor-type=\"wp-page\" data-elementor-id=\"34487\" class=\"elementor elementor-34487 elementor-5294\" data-elementor-settings=\"[]\">\n\t\t\t\t\t\t\t<div class=\"elementor-section-wrap\">\n\t\t\t\t\t\t\t<section class=\"elementor-section elementor-top-section elementor-element elementor-element-7f3cbd8 elementor-section-content-middle ot-traditional elementor-section-boxed elementor-section-height-default elementor-section-height-default\" data-id=\"7f3cbd8\" data-element_type=\"section\" data-settings=\"{&quot;background_background&quot;:&quot;classic&quot;}\">\n\t\t\t\t\t\t<div class=\"elementor-container elementor-column-gap-extended\">\n\t\t\t\t\t<div class=\"elementor-column elementor-col-50 elementor-top-column elementor-element elementor-element-9fc2569 ot-flex-column-vertical\" data-id=\"9fc2569\" data-element_type=\"column\">\n\t\t\t<div class=\"elementor-widget-wrap elementor-element-populated\">\n\t\t\t\t\t\t\t\t<div class=\"elementor-element elementor-element-925ee15 elementor-widget elementor-widget-iheading\" data-id=\"925ee15\" data-element_type=\"widget\" data-widget_type=\"iheading.default\">\n\t\t\t\t<div class=\"elementor-widget-container\">\n\t\t\t\t\t<div class=\"ot-heading\">\r\n\t        <h2 class=\"main-heading\">Calidad y concentraci\u00f3n<\/h2>\t    <\/div>\r\n\t    \t\t<\/div>\n\t\t\t\t<\/div>\n\t\t\t\t<div class=\"elementor-element elementor-element-0f0c33b elementor-widget elementor-widget-text-editor\" data-id=\"0f0c33b\" data-element_type=\"widget\" data-widget_type=\"text-editor.default\">\n\t\t\t\t<div class=\"elementor-widget-container\">\n\t\t\t\t\t\t\t\t<p>El aspecto m\u00e1s olvidado en la gesti\u00f3n de nutrici\u00f3n es la fuente y la calidad de los ingredientes de los fertilizantes y bioestimulantes. La mejor biodisponibilidad de los nutrientes se obtiene utilizando compuestos org\u00e1nicos u organico-minerales con un m\u00ednimo de sales de lastre y libres de metales pesados.<\/p><p>La mayor\u00eda de los productos de nutrientes est\u00e1n mezclados y diluidos en grandes cantidades de agua, y su quelaci\u00f3n se realiza con productos qu\u00edmicos baratos y sint\u00e9ticos. Estos m\u00e9todos producen nutrientes de menor calidad que no est\u00e1n biodisponibles para las plantas.<\/p><p>La planta debe desperdiciar energ\u00eda para poder transformar los nutrientes antes de que estos puedan utilizarse.<\/p><p>La quelaci\u00f3n de los nutrientes en L-amino\u00e1cidos es el m\u00e9todo m\u00e1s natural y eficaz para asegurar una absorci\u00f3n r\u00e1pida y completa en los tejidos de las plantas. Casi todos los productos de nutrici\u00f3n de APTUS PLANT TECH est\u00e1n quelatados en L-amino\u00e1cidos y est\u00e1n compuestos por un 100\u00a0% de principios activos.<\/p>\t\t\t\t\t\t<\/div>\n\t\t\t\t<\/div>\n\t\t\t\t\t<\/div>\n\t\t<\/div>\n\t\t\t\t<div class=\"elementor-column elementor-col-50 elementor-top-column elementor-element elementor-element-fea2944 ot-column-items-top ot-flex-column-vertical\" data-id=\"fea2944\" data-element_type=\"column\">\n\t\t\t<div class=\"elementor-widget-wrap elementor-element-populated\">\n\t\t\t\t\t\t\t\t<div class=\"elementor-element elementor-element-e6ac377 elementor-widget elementor-widget-image\" data-id=\"e6ac377\" data-element_type=\"widget\" data-widget_type=\"image.default\">\n\t\t\t\t<div class=\"elementor-widget-container\">\n\t\t\t\t\t\t\t\t\t\t\t\t\t\t\t<img loading=\"lazy\" decoding=\"async\" width=\"1024\" height=\"683\" src=\"https:\/\/aptus-holland.com\/wp-content\/uploads\/2021\/07\/aptus-holland-quality-concentration.jpeg\" class=\"attachment-large size-large\" alt=\"\" srcset=\"https:\/\/aptus-holland.com\/wp-content\/uploads\/2021\/07\/aptus-holland-quality-concentration.jpeg 1024w, https:\/\/aptus-holland.com\/wp-content\/uploads\/2021\/07\/aptus-holland-quality-concentration-300x200.jpeg 300w, https:\/\/aptus-holland.com\/wp-content\/uploads\/2021\/07\/aptus-holland-quality-concentration-768x512.jpeg 768w, https:\/\/aptus-holland.com\/wp-content\/uploads\/2021\/07\/aptus-holland-quality-concentration-720x480.jpeg 720w\" sizes=\"auto, (max-width: 1024px) 100vw, 1024px\" \/>\t\t\t\t\t\t\t\t\t\t\t\t\t\t\t<\/div>\n\t\t\t\t<\/div>\n\t\t\t\t\t<\/div>\n\t\t<\/div>\n\t\t\t\t\t\t\t<\/div>\n\t\t<\/section>\n\t\t\t\t\t\t<\/div>\n\t\t\t\t\t<\/div>\n\t\t","protected":false},"excerpt":{"rendered":"<p>Calidad y concentraci\u00f3n El aspecto m\u00e1s olvidado en la gesti\u00f3n de nutrici\u00f3n es la fuente y la calidad de los ingredientes de los fertilizantes y bioestimulantes. La mejor biodisponibilidad de los nutrientes se obtiene utilizando compuestos org\u00e1nicos u organico-minerales con un m\u00ednimo de sales de lastre y libres de metales pesados. La mayor\u00eda de los [&hellip;]<\/p>\n","protected":false},"author":2,"featured_media":0,"parent":0,"menu_order":0,"comment_status":"closed","ping_status":"closed","template":"","meta":{"_monsterinsights_skip_tracking":false,"_monsterinsights_sitenote_active":false,"_monsterinsights_sitenote_note":"","_monsterinsights_sitenote_category":0,"footnotes":""},"class_list":["post-34487","page","type-page","status-publish","hentry"],"yoast_head":"<!-- This site is optimized with the Yoast SEO plugin v27.0 - https:\/\/yoast.com\/product\/yoast-seo-wordpress\/ -->\n<title>Calidad y concentraci\u00f3n | Aptus Holland | True Plant Science<\/title>\n<meta name=\"description\" content=\"La calidad y la concentraci\u00f3n son dos aspectos muy importantes de la tecnolog\u00eda de plantas reales. Lea m\u00e1s sobre los productos nutricionales de Aptus Plant Tech aqu\u00ed.\" \/>\n<meta name=\"robots\" content=\"index, follow, max-snippet:-1, max-image-preview:large, max-video-preview:-1\" \/>\n<link rel=\"canonical\" href=\"https:\/\/aptus-holland.com\/es\/calidad-y-concentracion\/\" \/>\n<meta property=\"og:locale\" content=\"es_ES\" \/>\n<meta property=\"og:type\" content=\"article\" \/>\n<meta property=\"og:title\" content=\"Calidad y concentraci\u00f3n | Aptus Holland | True Plant Science\" \/>\n<meta property=\"og:description\" content=\"La calidad y la concentraci\u00f3n son dos aspectos muy importantes de la tecnolog\u00eda de plantas reales. Lea m\u00e1s sobre los productos nutricionales de Aptus Plant Tech aqu\u00ed.\" \/>\n<meta property=\"og:url\" content=\"https:\/\/aptus-holland.com\/es\/calidad-y-concentracion\/\" \/>\n<meta property=\"og:site_name\" content=\"Aptus Holland\" \/>\n<meta property=\"article:modified_time\" content=\"2023-08-17T13:03:18+00:00\" \/>\n<meta property=\"og:image\" content=\"http:\/\/aptus-holland.com\/wp-content\/uploads\/2021\/07\/aptus-holland-quality-concentration.jpeg\" \/>\n<meta name=\"twitter:card\" content=\"summary_large_image\" \/>\n<meta name=\"twitter:label1\" content=\"Tiempo de lectura\" \/>\n\t<meta name=\"twitter:data1\" content=\"1 minuto\" \/>\n<script type=\"application\/ld+json\" class=\"yoast-schema-graph\">{\"@context\":\"https:\/\/schema.org\",\"@graph\":[{\"@type\":\"WebPage\",\"@id\":\"https:\/\/aptus-holland.com\/es\/calidad-y-concentracion\/\",\"url\":\"https:\/\/aptus-holland.com\/es\/calidad-y-concentracion\/\",\"name\":\"Calidad y concentraci\u00f3n | Aptus Holland | True Plant Science\",\"isPartOf\":{\"@id\":\"https:\/\/aptus-holland.com\/es\/#website\"},\"primaryImageOfPage\":{\"@id\":\"https:\/\/aptus-holland.com\/es\/calidad-y-concentracion\/#primaryimage\"},\"image\":{\"@id\":\"https:\/\/aptus-holland.com\/es\/calidad-y-concentracion\/#primaryimage\"},\"thumbnailUrl\":\"http:\/\/aptus-holland.com\/wp-content\/uploads\/2021\/07\/aptus-holland-quality-concentration.jpeg\",\"datePublished\":\"2021-07-23T14:09:42+00:00\",\"dateModified\":\"2023-08-17T13:03:18+00:00\",\"description\":\"La calidad y la concentraci\u00f3n son dos aspectos muy importantes de la tecnolog\u00eda de plantas reales. Lea m\u00e1s sobre los productos nutricionales de Aptus Plant Tech aqu\u00ed.\",\"breadcrumb\":{\"@id\":\"https:\/\/aptus-holland.com\/es\/calidad-y-concentracion\/#breadcrumb\"},\"inLanguage\":\"es\",\"potentialAction\":[{\"@type\":\"ReadAction\",\"target\":[\"https:\/\/aptus-holland.com\/es\/calidad-y-concentracion\/\"]}]},{\"@type\":\"ImageObject\",\"inLanguage\":\"es\",\"@id\":\"https:\/\/aptus-holland.com\/es\/calidad-y-concentracion\/#primaryimage\",\"url\":\"http:\/\/aptus-holland.com\/wp-content\/uploads\/2021\/07\/aptus-holland-quality-concentration.jpeg\",\"contentUrl\":\"http:\/\/aptus-holland.com\/wp-content\/uploads\/2021\/07\/aptus-holland-quality-concentration.jpeg\"},{\"@type\":\"BreadcrumbList\",\"@id\":\"https:\/\/aptus-holland.com\/es\/calidad-y-concentracion\/#breadcrumb\",\"itemListElement\":[{\"@type\":\"ListItem\",\"position\":1,\"name\":\"Home\",\"item\":\"https:\/\/aptus-holland.com\/es\/\"},{\"@type\":\"ListItem\",\"position\":2,\"name\":\"Calidad y concentraci\u00f3n\"}]},{\"@type\":\"WebSite\",\"@id\":\"https:\/\/aptus-holland.com\/es\/#website\",\"url\":\"https:\/\/aptus-holland.com\/es\/\",\"name\":\"Aptus Holland\",\"description\":\"Plant Tech\",\"publisher\":{\"@id\":\"https:\/\/aptus-holland.com\/es\/#organization\"},\"potentialAction\":[{\"@type\":\"SearchAction\",\"target\":{\"@type\":\"EntryPoint\",\"urlTemplate\":\"https:\/\/aptus-holland.com\/es\/?s={search_term_string}\"},\"query-input\":{\"@type\":\"PropertyValueSpecification\",\"valueRequired\":true,\"valueName\":\"search_term_string\"}}],\"inLanguage\":\"es\"},{\"@type\":\"Organization\",\"@id\":\"https:\/\/aptus-holland.com\/es\/#organization\",\"name\":\"Aptus Holland\",\"url\":\"https:\/\/aptus-holland.com\/es\/\",\"logo\":{\"@type\":\"ImageObject\",\"inLanguage\":\"es\",\"@id\":\"https:\/\/aptus-holland.com\/es\/#\/schema\/logo\/image\/\",\"url\":\"https:\/\/aptus-holland.com\/wp-content\/uploads\/2021\/07\/logo-aptus-holland.png\",\"contentUrl\":\"https:\/\/aptus-holland.com\/wp-content\/uploads\/2021\/07\/logo-aptus-holland.png\",\"width\":365,\"height\":200,\"caption\":\"Aptus Holland\"},\"image\":{\"@id\":\"https:\/\/aptus-holland.com\/es\/#\/schema\/logo\/image\/\"}}]}<\/script>\n<!-- \/ Yoast SEO plugin. -->","yoast_head_json":{"title":"Calidad y concentraci\u00f3n | Aptus Holland | True Plant Science","description":"La calidad y la concentraci\u00f3n son dos aspectos muy importantes de la tecnolog\u00eda de plantas reales. Lea m\u00e1s sobre los productos nutricionales de Aptus Plant Tech aqu\u00ed.","robots":{"index":"index","follow":"follow","max-snippet":"max-snippet:-1","max-image-preview":"max-image-preview:large","max-video-preview":"max-video-preview:-1"},"canonical":"https:\/\/aptus-holland.com\/es\/calidad-y-concentracion\/","og_locale":"es_ES","og_type":"article","og_title":"Calidad y concentraci\u00f3n | Aptus Holland | True Plant Science","og_description":"La calidad y la concentraci\u00f3n son dos aspectos muy importantes de la tecnolog\u00eda de plantas reales. Lea m\u00e1s sobre los productos nutricionales de Aptus Plant Tech aqu\u00ed.","og_url":"https:\/\/aptus-holland.com\/es\/calidad-y-concentracion\/","og_site_name":"Aptus Holland","article_modified_time":"2023-08-17T13:03:18+00:00","og_image":[{"url":"http:\/\/aptus-holland.com\/wp-content\/uploads\/2021\/07\/aptus-holland-quality-concentration.jpeg","type":"","width":"","height":""}],"twitter_card":"summary_large_image","twitter_misc":{"Tiempo de lectura":"1 minuto"},"schema":{"@context":"https:\/\/schema.org","@graph":[{"@type":"WebPage","@id":"https:\/\/aptus-holland.com\/es\/calidad-y-concentracion\/","url":"https:\/\/aptus-holland.com\/es\/calidad-y-concentracion\/","name":"Calidad y concentraci\u00f3n | Aptus Holland | True Plant Science","isPartOf":{"@id":"https:\/\/aptus-holland.com\/es\/#website"},"primaryImageOfPage":{"@id":"https:\/\/aptus-holland.com\/es\/calidad-y-concentracion\/#primaryimage"},"image":{"@id":"https:\/\/aptus-holland.com\/es\/calidad-y-concentracion\/#primaryimage"},"thumbnailUrl":"http:\/\/aptus-holland.com\/wp-content\/uploads\/2021\/07\/aptus-holland-quality-concentration.jpeg","datePublished":"2021-07-23T14:09:42+00:00","dateModified":"2023-08-17T13:03:18+00:00","description":"La calidad y la concentraci\u00f3n son dos aspectos muy importantes de la tecnolog\u00eda de plantas reales. Lea m\u00e1s sobre los productos nutricionales de Aptus Plant Tech aqu\u00ed.","breadcrumb":{"@id":"https:\/\/aptus-holland.com\/es\/calidad-y-concentracion\/#breadcrumb"},"inLanguage":"es","potentialAction":[{"@type":"ReadAction","target":["https:\/\/aptus-holland.com\/es\/calidad-y-concentracion\/"]}]},{"@type":"ImageObject","inLanguage":"es","@id":"https:\/\/aptus-holland.com\/es\/calidad-y-concentracion\/#primaryimage","url":"http:\/\/aptus-holland.com\/wp-content\/uploads\/2021\/07\/aptus-holland-quality-concentration.jpeg","contentUrl":"http:\/\/aptus-holland.com\/wp-content\/uploads\/2021\/07\/aptus-holland-quality-concentration.jpeg"},{"@type":"BreadcrumbList","@id":"https:\/\/aptus-holland.com\/es\/calidad-y-concentracion\/#breadcrumb","itemListElement":[{"@type":"ListItem","position":1,"name":"Home","item":"https:\/\/aptus-holland.com\/es\/"},{"@type":"ListItem","position":2,"name":"Calidad y concentraci\u00f3n"}]},{"@type":"WebSite","@id":"https:\/\/aptus-holland.com\/es\/#website","url":"https:\/\/aptus-holland.com\/es\/","name":"Aptus Holland","description":"Plant Tech","publisher":{"@id":"https:\/\/aptus-holland.com\/es\/#organization"},"potentialAction":[{"@type":"SearchAction","target":{"@type":"EntryPoint","urlTemplate":"https:\/\/aptus-holland.com\/es\/?s={search_term_string}"},"query-input":{"@type":"PropertyValueSpecification","valueRequired":true,"valueName":"search_term_string"}}],"inLanguage":"es"},{"@type":"Organization","@id":"https:\/\/aptus-holland.com\/es\/#organization","name":"Aptus Holland","url":"https:\/\/aptus-holland.com\/es\/","logo":{"@type":"ImageObject","inLanguage":"es","@id":"https:\/\/aptus-holland.com\/es\/#\/schema\/logo\/image\/","url":"https:\/\/aptus-holland.com\/wp-content\/uploads\/2021\/07\/logo-aptus-holland.png","contentUrl":"https:\/\/aptus-holland.com\/wp-content\/uploads\/2021\/07\/logo-aptus-holland.png","width":365,"height":200,"caption":"Aptus Holland"},"image":{"@id":"https:\/\/aptus-holland.com\/es\/#\/schema\/logo\/image\/"}}]}},"_links":{"self":[{"href":"https:\/\/aptus-holland.com\/es\/wp-json\/wp\/v2\/pages\/34487","targetHints":{"allow":["GET"]}}],"collection":[{"href":"https:\/\/aptus-holland.com\/es\/wp-json\/wp\/v2\/pages"}],"about":[{"href":"https:\/\/aptus-holland.com\/es\/wp-json\/wp\/v2\/types\/page"}],"author":[{"embeddable":true,"href":"https:\/\/aptus-holland.com\/es\/wp-json\/wp\/v2\/users\/2"}],"replies":[{"embeddable":true,"href":"https:\/\/aptus-holland.com\/es\/wp-json\/wp\/v2\/comments?post=34487"}],"version-history":[{"count":5,"href":"https:\/\/aptus-holland.com\/es\/wp-json\/wp\/v2\/pages\/34487\/revisions"}],"predecessor-version":[{"id":34493,"href":"https:\/\/aptus-holland.com\/es\/wp-json\/wp\/v2\/pages\/34487\/revisions\/34493"}],"wp:attachment":[{"href":"https:\/\/aptus-holland.com\/es\/wp-json\/wp\/v2\/media?parent=34487"}],"curies":[{"name":"wp","href":"https:\/\/api.w.org\/{rel}","templated":true}]}}