{"id":34482,"date":"2021-07-23T14:01:48","date_gmt":"2021-07-23T14:01:48","guid":{"rendered":"https:\/\/aptus-holland.com\/kernwaarden-van-ons-merk\/"},"modified":"2023-08-17T12:59:56","modified_gmt":"2023-08-17T12:59:56","slug":"pilares-de-la-marca","status":"publish","type":"page","link":"https:\/\/aptus-holland.com\/es\/pilares-de-la-marca\/","title":{"rendered":"Pilares de la marca"},"content":{"rendered":"\t\t<div data-elementor-type=\"wp-page\" data-elementor-id=\"34482\" class=\"elementor elementor-34482 elementor-5274\" data-elementor-settings=\"[]\">\n\t\t\t\t\t\t\t<div class=\"elementor-section-wrap\">\n\t\t\t\t\t\t\t<section class=\"elementor-section elementor-top-section elementor-element elementor-element-7f3cbd8 elementor-section-content-middle ot-traditional elementor-section-boxed elementor-section-height-default elementor-section-height-default\" data-id=\"7f3cbd8\" data-element_type=\"section\" data-settings=\"{&quot;background_background&quot;:&quot;classic&quot;}\">\n\t\t\t\t\t\t<div class=\"elementor-container elementor-column-gap-extended\">\n\t\t\t\t\t<div class=\"elementor-column elementor-col-100 elementor-top-column elementor-element elementor-element-9fc2569 ot-flex-column-vertical\" data-id=\"9fc2569\" data-element_type=\"column\">\n\t\t\t<div class=\"elementor-widget-wrap elementor-element-populated\">\n\t\t\t\t\t\t\t\t<div class=\"elementor-element elementor-element-925ee15 elementor-widget elementor-widget-iheading\" data-id=\"925ee15\" data-element_type=\"widget\" data-widget_type=\"iheading.default\">\n\t\t\t\t<div class=\"elementor-widget-container\">\n\t\t\t\t\t<div class=\"ot-heading\">\r\n\t        <h2 class=\"main-heading\">Pilares de la marca<\/h2>\t    <\/div>\r\n\t    \t\t<\/div>\n\t\t\t\t<\/div>\n\t\t\t\t<div class=\"elementor-element elementor-element-0f0c33b elementor-widget elementor-widget-text-editor\" data-id=\"0f0c33b\" data-element_type=\"widget\" data-widget_type=\"text-editor.default\">\n\t\t\t\t<div class=\"elementor-widget-container\">\n\t\t\t\t\t\t\t\t<p>Luchamos por lograr la perfecci\u00f3n en todo lo que hacemos. Esto se aplica a los nutrientes, a la atenci\u00f3n al cliente y a la calidad de nuestra imagen p\u00fablica y nuestras creencias. Los tres pilares fundamentales de nuestra marca son:<\/p>\t\t\t\t\t\t<\/div>\n\t\t\t\t<\/div>\n\t\t\t\t\t<\/div>\n\t\t<\/div>\n\t\t\t\t\t\t\t<\/div>\n\t\t<\/section>\n\t\t\t\t<section class=\"elementor-section elementor-top-section elementor-element elementor-element-cb4074c ot-traditional elementor-section-boxed elementor-section-height-default elementor-section-height-default\" data-id=\"cb4074c\" data-element_type=\"section\">\n\t\t\t\t\t\t<div class=\"elementor-container elementor-column-gap-extended\">\n\t\t\t\t\t<div class=\"elementor-column elementor-col-33 elementor-top-column elementor-element elementor-element-ccf0919 ot-flex-column-vertical\" data-id=\"ccf0919\" data-element_type=\"column\">\n\t\t\t<div class=\"elementor-widget-wrap elementor-element-populated\">\n\t\t\t\t\t\t\t\t<div class=\"elementor-element elementor-element-2af5947 elementor-widget elementor-widget-text-editor\" data-id=\"2af5947\" data-element_type=\"widget\" data-widget_type=\"text-editor.default\">\n\t\t\t\t<div class=\"elementor-widget-container\">\n\t\t\t\t\t\t\t\t<p><strong>Formaci\u00f3n<\/strong> \u2013 Todo lo que hacemos comienza con la formaci\u00f3n adecuada. Nos centramos en los beneficios (y la conveniencia real) de maximizar el potencial gen\u00e9tico mediante tecnolog\u00edas naturales de nutrici\u00f3n con base cient\u00edfica. Nuestro principal deseo es crear una comunidad de agricultores que comprendan c\u00f3mo lograr un mayor rendimiento con mayor calidad y mejores valores nutricionales.<\/p>\t\t\t\t\t\t<\/div>\n\t\t\t\t<\/div>\n\t\t\t\t\t<\/div>\n\t\t<\/div>\n\t\t\t\t<div class=\"elementor-column elementor-col-33 elementor-top-column elementor-element elementor-element-ce67559 ot-flex-column-vertical\" data-id=\"ce67559\" data-element_type=\"column\">\n\t\t\t<div class=\"elementor-widget-wrap elementor-element-populated\">\n\t\t\t\t\t\t\t\t<div class=\"elementor-element elementor-element-7ecd464 elementor-widget elementor-widget-text-editor\" data-id=\"7ecd464\" data-element_type=\"widget\" data-widget_type=\"text-editor.default\">\n\t\t\t\t<div class=\"elementor-widget-container\">\n\t\t\t\t\t\t\t\t<p><strong>Calidad<\/strong> \u2013 Controlamos permanentemente la calidad de nuestros ingredientes, nuestros canales de distribuci\u00f3n y nuestro personal. Los agricultores pueden confiar en que sus plantas no recibir\u00e1n sustancias sint\u00e9ticas ni nocivas con los productos de Aptus, sino \u00fanicamente nutrici\u00f3n natural. Todos los ingredientes son de la m\u00e1xima calidad y pureza.<br \/>Est\u00e1n fabricados y ulteriormente procesados en un entorno certificado con arreglo a la norma ISO 90001:2015.<\/p>\t\t\t\t\t\t<\/div>\n\t\t\t\t<\/div>\n\t\t\t\t\t<\/div>\n\t\t<\/div>\n\t\t\t\t<div class=\"elementor-column elementor-col-33 elementor-top-column elementor-element elementor-element-01a7900 ot-flex-column-vertical\" data-id=\"01a7900\" data-element_type=\"column\">\n\t\t\t<div class=\"elementor-widget-wrap elementor-element-populated\">\n\t\t\t\t\t\t\t\t<div class=\"elementor-element elementor-element-b32117a elementor-widget elementor-widget-text-editor\" data-id=\"b32117a\" data-element_type=\"widget\" data-widget_type=\"text-editor.default\">\n\t\t\t\t<div class=\"elementor-widget-container\">\n\t\t\t\t\t\t\t\t<p><strong>Valor<\/strong> \u2013 Las altas concentraciones de nuestras f\u00f3rmulas de nutrientes suponen unos costes operativos reducidos y un desperdicio m\u00ednimo.<\/p>\t\t\t\t\t\t<\/div>\n\t\t\t\t<\/div>\n\t\t\t\t\t<\/div>\n\t\t<\/div>\n\t\t\t\t\t\t\t<\/div>\n\t\t<\/section>\n\t\t\t\t<section class=\"elementor-section elementor-top-section elementor-element elementor-element-d0ab106 ot-traditional elementor-section-boxed elementor-section-height-default elementor-section-height-default\" data-id=\"d0ab106\" data-element_type=\"section\">\n\t\t\t\t\t\t<div class=\"elementor-container elementor-column-gap-extended\">\n\t\t\t\t\t<div class=\"elementor-column elementor-col-100 elementor-top-column elementor-element elementor-element-be3a76d ot-flex-column-vertical\" data-id=\"be3a76d\" data-element_type=\"column\">\n\t\t\t<div class=\"elementor-widget-wrap elementor-element-populated\">\n\t\t\t\t\t\t\t\t<div class=\"elementor-element elementor-element-59da2f1 elementor-widget elementor-widget-text-editor\" data-id=\"59da2f1\" data-element_type=\"widget\" data-widget_type=\"text-editor.default\">\n\t\t\t\t<div class=\"elementor-widget-container\">\n\t\t\t\t\t\t\t\t<p>Los agricultores suelen lograr mejor calidad y mayores rendimientos por costes mucho m\u00e1s bajos.<\/p>\t\t\t\t\t\t<\/div>\n\t\t\t\t<\/div>\n\t\t\t\t\t<\/div>\n\t\t<\/div>\n\t\t\t\t\t\t\t<\/div>\n\t\t<\/section>\n\t\t\t\t\t\t<\/div>\n\t\t\t\t\t<\/div>\n\t\t","protected":false},"excerpt":{"rendered":"<p>Pilares de la marca Luchamos por lograr la perfecci\u00f3n en todo lo que hacemos. Esto se aplica a los nutrientes, a la atenci\u00f3n al cliente y a la calidad de nuestra imagen p\u00fablica y nuestras creencias. Los tres pilares fundamentales de nuestra marca son: Formaci\u00f3n \u2013 Todo lo que hacemos comienza con la formaci\u00f3n adecuada. [&hellip;]<\/p>\n","protected":false},"author":2,"featured_media":0,"parent":0,"menu_order":0,"comment_status":"closed","ping_status":"closed","template":"","meta":{"_monsterinsights_skip_tracking":false,"_monsterinsights_sitenote_active":false,"_monsterinsights_sitenote_note":"","_monsterinsights_sitenote_category":0,"footnotes":""},"class_list":["post-34482","page","type-page","status-publish","hentry"],"yoast_head":"<!-- This site is optimized with the Yoast SEO plugin v27.0 - https:\/\/yoast.com\/product\/yoast-seo-wordpress\/ -->\n<title>Pilares de la marca | Aptus Holland | Aptus Plant Tech<\/title>\n<meta name=\"description\" content=\"Buscamos la excelencia en todo lo que hacemos. Por eso tenemos tres pilares caracter\u00edsticos. Lea m\u00e1s sobre los pilares de Aptus Holland aqu\u00ed.\" \/>\n<meta name=\"robots\" content=\"index, follow, max-snippet:-1, max-image-preview:large, max-video-preview:-1\" \/>\n<link rel=\"canonical\" href=\"https:\/\/aptus-holland.com\/es\/pilares-de-la-marca\/\" \/>\n<meta property=\"og:locale\" content=\"es_ES\" \/>\n<meta property=\"og:type\" content=\"article\" \/>\n<meta property=\"og:title\" content=\"Pilares de la marca | Aptus Holland | Aptus Plant Tech\" \/>\n<meta property=\"og:description\" content=\"Buscamos la excelencia en todo lo que hacemos. Por eso tenemos tres pilares caracter\u00edsticos. Lea m\u00e1s sobre los pilares de Aptus Holland aqu\u00ed.\" \/>\n<meta property=\"og:url\" content=\"https:\/\/aptus-holland.com\/es\/pilares-de-la-marca\/\" \/>\n<meta property=\"og:site_name\" content=\"Aptus Holland\" \/>\n<meta property=\"article:modified_time\" content=\"2023-08-17T12:59:56+00:00\" \/>\n<meta name=\"twitter:card\" content=\"summary_large_image\" \/>\n<meta name=\"twitter:label1\" content=\"Tiempo de lectura\" \/>\n\t<meta name=\"twitter:data1\" content=\"1 minuto\" \/>\n<script type=\"application\/ld+json\" class=\"yoast-schema-graph\">{\"@context\":\"https:\/\/schema.org\",\"@graph\":[{\"@type\":\"WebPage\",\"@id\":\"https:\/\/aptus-holland.com\/es\/pilares-de-la-marca\/\",\"url\":\"https:\/\/aptus-holland.com\/es\/pilares-de-la-marca\/\",\"name\":\"Pilares de la marca | Aptus Holland | Aptus Plant Tech\",\"isPartOf\":{\"@id\":\"https:\/\/aptus-holland.com\/es\/#website\"},\"datePublished\":\"2021-07-23T14:01:48+00:00\",\"dateModified\":\"2023-08-17T12:59:56+00:00\",\"description\":\"Buscamos la excelencia en todo lo que hacemos. Por eso tenemos tres pilares caracter\u00edsticos. Lea m\u00e1s sobre los pilares de Aptus Holland aqu\u00ed.\",\"breadcrumb\":{\"@id\":\"https:\/\/aptus-holland.com\/es\/pilares-de-la-marca\/#breadcrumb\"},\"inLanguage\":\"es\",\"potentialAction\":[{\"@type\":\"ReadAction\",\"target\":[\"https:\/\/aptus-holland.com\/es\/pilares-de-la-marca\/\"]}]},{\"@type\":\"BreadcrumbList\",\"@id\":\"https:\/\/aptus-holland.com\/es\/pilares-de-la-marca\/#breadcrumb\",\"itemListElement\":[{\"@type\":\"ListItem\",\"position\":1,\"name\":\"Home\",\"item\":\"https:\/\/aptus-holland.com\/es\/\"},{\"@type\":\"ListItem\",\"position\":2,\"name\":\"Pilares de la marca\"}]},{\"@type\":\"WebSite\",\"@id\":\"https:\/\/aptus-holland.com\/es\/#website\",\"url\":\"https:\/\/aptus-holland.com\/es\/\",\"name\":\"Aptus Holland\",\"description\":\"Plant Tech\",\"publisher\":{\"@id\":\"https:\/\/aptus-holland.com\/es\/#organization\"},\"potentialAction\":[{\"@type\":\"SearchAction\",\"target\":{\"@type\":\"EntryPoint\",\"urlTemplate\":\"https:\/\/aptus-holland.com\/es\/?s={search_term_string}\"},\"query-input\":{\"@type\":\"PropertyValueSpecification\",\"valueRequired\":true,\"valueName\":\"search_term_string\"}}],\"inLanguage\":\"es\"},{\"@type\":\"Organization\",\"@id\":\"https:\/\/aptus-holland.com\/es\/#organization\",\"name\":\"Aptus Holland\",\"url\":\"https:\/\/aptus-holland.com\/es\/\",\"logo\":{\"@type\":\"ImageObject\",\"inLanguage\":\"es\",\"@id\":\"https:\/\/aptus-holland.com\/es\/#\/schema\/logo\/image\/\",\"url\":\"https:\/\/aptus-holland.com\/wp-content\/uploads\/2021\/07\/logo-aptus-holland.png\",\"contentUrl\":\"https:\/\/aptus-holland.com\/wp-content\/uploads\/2021\/07\/logo-aptus-holland.png\",\"width\":365,\"height\":200,\"caption\":\"Aptus Holland\"},\"image\":{\"@id\":\"https:\/\/aptus-holland.com\/es\/#\/schema\/logo\/image\/\"}}]}<\/script>\n<!-- \/ Yoast SEO plugin. -->","yoast_head_json":{"title":"Pilares de la marca | Aptus Holland | Aptus Plant Tech","description":"Buscamos la excelencia en todo lo que hacemos. Por eso tenemos tres pilares caracter\u00edsticos. Lea m\u00e1s sobre los pilares de Aptus Holland aqu\u00ed.","robots":{"index":"index","follow":"follow","max-snippet":"max-snippet:-1","max-image-preview":"max-image-preview:large","max-video-preview":"max-video-preview:-1"},"canonical":"https:\/\/aptus-holland.com\/es\/pilares-de-la-marca\/","og_locale":"es_ES","og_type":"article","og_title":"Pilares de la marca | Aptus Holland | Aptus Plant Tech","og_description":"Buscamos la excelencia en todo lo que hacemos. Por eso tenemos tres pilares caracter\u00edsticos. Lea m\u00e1s sobre los pilares de Aptus Holland aqu\u00ed.","og_url":"https:\/\/aptus-holland.com\/es\/pilares-de-la-marca\/","og_site_name":"Aptus Holland","article_modified_time":"2023-08-17T12:59:56+00:00","twitter_card":"summary_large_image","twitter_misc":{"Tiempo de lectura":"1 minuto"},"schema":{"@context":"https:\/\/schema.org","@graph":[{"@type":"WebPage","@id":"https:\/\/aptus-holland.com\/es\/pilares-de-la-marca\/","url":"https:\/\/aptus-holland.com\/es\/pilares-de-la-marca\/","name":"Pilares de la marca | Aptus Holland | Aptus Plant Tech","isPartOf":{"@id":"https:\/\/aptus-holland.com\/es\/#website"},"datePublished":"2021-07-23T14:01:48+00:00","dateModified":"2023-08-17T12:59:56+00:00","description":"Buscamos la excelencia en todo lo que hacemos. Por eso tenemos tres pilares caracter\u00edsticos. Lea m\u00e1s sobre los pilares de Aptus Holland aqu\u00ed.","breadcrumb":{"@id":"https:\/\/aptus-holland.com\/es\/pilares-de-la-marca\/#breadcrumb"},"inLanguage":"es","potentialAction":[{"@type":"ReadAction","target":["https:\/\/aptus-holland.com\/es\/pilares-de-la-marca\/"]}]},{"@type":"BreadcrumbList","@id":"https:\/\/aptus-holland.com\/es\/pilares-de-la-marca\/#breadcrumb","itemListElement":[{"@type":"ListItem","position":1,"name":"Home","item":"https:\/\/aptus-holland.com\/es\/"},{"@type":"ListItem","position":2,"name":"Pilares de la marca"}]},{"@type":"WebSite","@id":"https:\/\/aptus-holland.com\/es\/#website","url":"https:\/\/aptus-holland.com\/es\/","name":"Aptus Holland","description":"Plant Tech","publisher":{"@id":"https:\/\/aptus-holland.com\/es\/#organization"},"potentialAction":[{"@type":"SearchAction","target":{"@type":"EntryPoint","urlTemplate":"https:\/\/aptus-holland.com\/es\/?s={search_term_string}"},"query-input":{"@type":"PropertyValueSpecification","valueRequired":true,"valueName":"search_term_string"}}],"inLanguage":"es"},{"@type":"Organization","@id":"https:\/\/aptus-holland.com\/es\/#organization","name":"Aptus Holland","url":"https:\/\/aptus-holland.com\/es\/","logo":{"@type":"ImageObject","inLanguage":"es","@id":"https:\/\/aptus-holland.com\/es\/#\/schema\/logo\/image\/","url":"https:\/\/aptus-holland.com\/wp-content\/uploads\/2021\/07\/logo-aptus-holland.png","contentUrl":"https:\/\/aptus-holland.com\/wp-content\/uploads\/2021\/07\/logo-aptus-holland.png","width":365,"height":200,"caption":"Aptus Holland"},"image":{"@id":"https:\/\/aptus-holland.com\/es\/#\/schema\/logo\/image\/"}}]}},"_links":{"self":[{"href":"https:\/\/aptus-holland.com\/es\/wp-json\/wp\/v2\/pages\/34482","targetHints":{"allow":["GET"]}}],"collection":[{"href":"https:\/\/aptus-holland.com\/es\/wp-json\/wp\/v2\/pages"}],"about":[{"href":"https:\/\/aptus-holland.com\/es\/wp-json\/wp\/v2\/types\/page"}],"author":[{"embeddable":true,"href":"https:\/\/aptus-holland.com\/es\/wp-json\/wp\/v2\/users\/2"}],"replies":[{"embeddable":true,"href":"https:\/\/aptus-holland.com\/es\/wp-json\/wp\/v2\/comments?post=34482"}],"version-history":[{"count":4,"href":"https:\/\/aptus-holland.com\/es\/wp-json\/wp\/v2\/pages\/34482\/revisions"}],"predecessor-version":[{"id":34486,"href":"https:\/\/aptus-holland.com\/es\/wp-json\/wp\/v2\/pages\/34482\/revisions\/34486"}],"wp:attachment":[{"href":"https:\/\/aptus-holland.com\/es\/wp-json\/wp\/v2\/media?parent=34482"}],"curies":[{"name":"wp","href":"https:\/\/api.w.org\/{rel}","templated":true}]}}