{"id":34470,"date":"2021-07-23T13:51:13","date_gmt":"2021-07-23T13:51:13","guid":{"rendered":"https:\/\/aptus-holland.com\/filosofie\/"},"modified":"2023-08-17T12:56:38","modified_gmt":"2023-08-17T12:56:38","slug":"filosofia","status":"publish","type":"page","link":"https:\/\/aptus-holland.com\/es\/filosofia\/","title":{"rendered":"Filosof\u00eda"},"content":{"rendered":"\t\t<div data-elementor-type=\"wp-page\" data-elementor-id=\"34470\" class=\"elementor elementor-34470 elementor-5254\" data-elementor-settings=\"[]\">\n\t\t\t\t\t\t\t<div class=\"elementor-section-wrap\">\n\t\t\t\t\t\t\t<section class=\"elementor-section elementor-top-section elementor-element elementor-element-7f3cbd8 elementor-section-content-middle ot-traditional elementor-section-boxed elementor-section-height-default elementor-section-height-default\" data-id=\"7f3cbd8\" data-element_type=\"section\" data-settings=\"{&quot;background_background&quot;:&quot;classic&quot;}\">\n\t\t\t\t\t\t<div class=\"elementor-container elementor-column-gap-extended\">\n\t\t\t\t\t<div class=\"elementor-column elementor-col-50 elementor-top-column elementor-element elementor-element-9fc2569 ot-flex-column-vertical\" data-id=\"9fc2569\" data-element_type=\"column\">\n\t\t\t<div class=\"elementor-widget-wrap elementor-element-populated\">\n\t\t\t\t\t\t\t\t<div class=\"elementor-element elementor-element-184f9a4 elementor-widget elementor-widget-iheading\" data-id=\"184f9a4\" data-element_type=\"widget\" data-widget_type=\"iheading.default\">\n\t\t\t\t<div class=\"elementor-widget-container\">\n\t\t\t\t\t<div class=\"ot-heading\">\r\n\t        <h2 class=\"main-heading\">Filosof\u00eda<\/h2>\t    <\/div>\r\n\t    \t\t<\/div>\n\t\t\t\t<\/div>\n\t\t\t\t<div class=\"elementor-element elementor-element-5f326aa elementor-widget elementor-widget-text-editor\" data-id=\"5f326aa\" data-element_type=\"widget\" data-widget_type=\"text-editor.default\">\n\t\t\t\t<div class=\"elementor-widget-container\">\n\t\t\t\t\t\t\t\t<p>Al igual que nosotros, las plantas son lo que comen. Si aplicas una nutrici\u00f3n deficiente a una planta, producir\u00e1 productos de escaso valor nutricional. Y, evidentemente, cuanto mejor sea la nutrici\u00f3n que le ofrezcamos a la planta, m\u00e1s saludables y nutritivos ser\u00e1n los productos (las frutas y verduras) para nosotros.<\/p><p>A d\u00eda de hoy, nuestras tierras de cultivo est\u00e1n tan sobreexplotados con fertilizantes sint\u00e9ticos y pesticidas que nuestro suelo ha quedado privado de la mayor\u00eda de su microflora y oligoelementos. Sin estos oligoelementos y microbios, nuestros campos producen cosechas de escaso o nulo valor nutricional.<\/p><p>Tenemos que dar marcha atr\u00e1s y volver a consumir alimentos org\u00e1nicos saludables con el fin de luchar contra las enfermedades y los problemas de salud y desarrollar nuestro sistema inmunitario. Lo mismo puede decirse de nuestras plantas: una nutrici\u00f3n adecuada promueve un sistema inmunitario sano y activo, capaz de defender a las plantas frente a todas las amenazas naturales. \u00a1Tal como hab\u00eda previsto la Madre Naturaleza!<\/p>\t\t\t\t\t\t<\/div>\n\t\t\t\t<\/div>\n\t\t\t\t\t<\/div>\n\t\t<\/div>\n\t\t\t\t<div class=\"elementor-column elementor-col-50 elementor-top-column elementor-element elementor-element-7564da8 ot-column-items-top ot-flex-column-vertical\" data-id=\"7564da8\" data-element_type=\"column\">\n\t\t\t<div class=\"elementor-widget-wrap elementor-element-populated\">\n\t\t\t\t\t\t\t\t<div class=\"elementor-element elementor-element-d7f842d elementor-widget elementor-widget-image\" data-id=\"d7f842d\" data-element_type=\"widget\" data-widget_type=\"image.default\">\n\t\t\t\t<div class=\"elementor-widget-container\">\n\t\t\t\t\t\t\t\t\t\t\t\t\t\t\t<img loading=\"lazy\" decoding=\"async\" width=\"1000\" height=\"617\" src=\"https:\/\/aptus-holland.com\/wp-content\/uploads\/2021\/07\/folosiofie-aptus-holland.jpeg\" class=\"attachment-large size-large\" alt=\"\" srcset=\"https:\/\/aptus-holland.com\/wp-content\/uploads\/2021\/07\/folosiofie-aptus-holland.jpeg 1000w, https:\/\/aptus-holland.com\/wp-content\/uploads\/2021\/07\/folosiofie-aptus-holland-300x185.jpeg 300w, https:\/\/aptus-holland.com\/wp-content\/uploads\/2021\/07\/folosiofie-aptus-holland-768x474.jpeg 768w, https:\/\/aptus-holland.com\/wp-content\/uploads\/2021\/07\/folosiofie-aptus-holland-720x444.jpeg 720w\" sizes=\"auto, (max-width: 1000px) 100vw, 1000px\" \/>\t\t\t\t\t\t\t\t\t\t\t\t\t\t\t<\/div>\n\t\t\t\t<\/div>\n\t\t\t\t\t<\/div>\n\t\t<\/div>\n\t\t\t\t\t\t\t<\/div>\n\t\t<\/section>\n\t\t\t\t\t\t<\/div>\n\t\t\t\t\t<\/div>\n\t\t","protected":false},"excerpt":{"rendered":"<p>Filosof\u00eda Al igual que nosotros, las plantas son lo que comen. Si aplicas una nutrici\u00f3n deficiente a una planta, producir\u00e1 productos de escaso valor nutricional. Y, evidentemente, cuanto mejor sea la nutrici\u00f3n que le ofrezcamos a la planta, m\u00e1s saludables y nutritivos ser\u00e1n los productos (las frutas y verduras) para nosotros. A d\u00eda de hoy, [&hellip;]<\/p>\n","protected":false},"author":2,"featured_media":0,"parent":0,"menu_order":0,"comment_status":"closed","ping_status":"closed","template":"","meta":{"_monsterinsights_skip_tracking":false,"_monsterinsights_sitenote_active":false,"_monsterinsights_sitenote_note":"","_monsterinsights_sitenote_category":0,"footnotes":""},"class_list":["post-34470","page","type-page","status-publish","hentry"],"yoast_head":"<!-- This site is optimized with the Yoast SEO plugin v27.0 - https:\/\/yoast.com\/product\/yoast-seo-wordpress\/ -->\n<title>Filosof\u00eda | Aptus Holland | Aptus Plant Tech<\/title>\n<meta name=\"description\" content=\"En Aptus Holland tenemos una misi\u00f3n y una visi\u00f3n claras. Lea nuestra filosof\u00eda sobre c\u00f3mo manejar las plantas correctamente aqu\u00ed.\" \/>\n<meta name=\"robots\" content=\"index, follow, max-snippet:-1, max-image-preview:large, max-video-preview:-1\" \/>\n<link rel=\"canonical\" href=\"https:\/\/aptus-holland.com\/es\/filosofia\/\" \/>\n<meta property=\"og:locale\" content=\"es_ES\" \/>\n<meta property=\"og:type\" content=\"article\" \/>\n<meta property=\"og:title\" content=\"Filosof\u00eda | Aptus Holland | Aptus Plant Tech\" \/>\n<meta property=\"og:description\" content=\"En Aptus Holland tenemos una misi\u00f3n y una visi\u00f3n claras. Lea nuestra filosof\u00eda sobre c\u00f3mo manejar las plantas correctamente aqu\u00ed.\" \/>\n<meta property=\"og:url\" content=\"https:\/\/aptus-holland.com\/es\/filosofia\/\" \/>\n<meta property=\"og:site_name\" content=\"Aptus Holland\" \/>\n<meta property=\"article:modified_time\" content=\"2023-08-17T12:56:38+00:00\" \/>\n<meta property=\"og:image\" content=\"http:\/\/aptus-holland.com\/wp-content\/uploads\/2021\/07\/folosiofie-aptus-holland.jpeg\" \/>\n<meta name=\"twitter:card\" content=\"summary_large_image\" \/>\n<meta name=\"twitter:label1\" content=\"Tiempo de lectura\" \/>\n\t<meta name=\"twitter:data1\" content=\"1 minuto\" \/>\n<script type=\"application\/ld+json\" class=\"yoast-schema-graph\">{\"@context\":\"https:\/\/schema.org\",\"@graph\":[{\"@type\":\"WebPage\",\"@id\":\"https:\/\/aptus-holland.com\/es\/filosofia\/\",\"url\":\"https:\/\/aptus-holland.com\/es\/filosofia\/\",\"name\":\"Filosof\u00eda | Aptus Holland | Aptus Plant Tech\",\"isPartOf\":{\"@id\":\"https:\/\/aptus-holland.com\/es\/#website\"},\"primaryImageOfPage\":{\"@id\":\"https:\/\/aptus-holland.com\/es\/filosofia\/#primaryimage\"},\"image\":{\"@id\":\"https:\/\/aptus-holland.com\/es\/filosofia\/#primaryimage\"},\"thumbnailUrl\":\"http:\/\/aptus-holland.com\/wp-content\/uploads\/2021\/07\/folosiofie-aptus-holland.jpeg\",\"datePublished\":\"2021-07-23T13:51:13+00:00\",\"dateModified\":\"2023-08-17T12:56:38+00:00\",\"description\":\"En Aptus Holland tenemos una misi\u00f3n y una visi\u00f3n claras. Lea nuestra filosof\u00eda sobre c\u00f3mo manejar las plantas correctamente aqu\u00ed.\",\"breadcrumb\":{\"@id\":\"https:\/\/aptus-holland.com\/es\/filosofia\/#breadcrumb\"},\"inLanguage\":\"es\",\"potentialAction\":[{\"@type\":\"ReadAction\",\"target\":[\"https:\/\/aptus-holland.com\/es\/filosofia\/\"]}]},{\"@type\":\"ImageObject\",\"inLanguage\":\"es\",\"@id\":\"https:\/\/aptus-holland.com\/es\/filosofia\/#primaryimage\",\"url\":\"http:\/\/aptus-holland.com\/wp-content\/uploads\/2021\/07\/folosiofie-aptus-holland.jpeg\",\"contentUrl\":\"http:\/\/aptus-holland.com\/wp-content\/uploads\/2021\/07\/folosiofie-aptus-holland.jpeg\"},{\"@type\":\"BreadcrumbList\",\"@id\":\"https:\/\/aptus-holland.com\/es\/filosofia\/#breadcrumb\",\"itemListElement\":[{\"@type\":\"ListItem\",\"position\":1,\"name\":\"Home\",\"item\":\"https:\/\/aptus-holland.com\/es\/\"},{\"@type\":\"ListItem\",\"position\":2,\"name\":\"Filosof\u00eda\"}]},{\"@type\":\"WebSite\",\"@id\":\"https:\/\/aptus-holland.com\/es\/#website\",\"url\":\"https:\/\/aptus-holland.com\/es\/\",\"name\":\"Aptus Holland\",\"description\":\"Plant Tech\",\"publisher\":{\"@id\":\"https:\/\/aptus-holland.com\/es\/#organization\"},\"potentialAction\":[{\"@type\":\"SearchAction\",\"target\":{\"@type\":\"EntryPoint\",\"urlTemplate\":\"https:\/\/aptus-holland.com\/es\/?s={search_term_string}\"},\"query-input\":{\"@type\":\"PropertyValueSpecification\",\"valueRequired\":true,\"valueName\":\"search_term_string\"}}],\"inLanguage\":\"es\"},{\"@type\":\"Organization\",\"@id\":\"https:\/\/aptus-holland.com\/es\/#organization\",\"name\":\"Aptus Holland\",\"url\":\"https:\/\/aptus-holland.com\/es\/\",\"logo\":{\"@type\":\"ImageObject\",\"inLanguage\":\"es\",\"@id\":\"https:\/\/aptus-holland.com\/es\/#\/schema\/logo\/image\/\",\"url\":\"https:\/\/aptus-holland.com\/wp-content\/uploads\/2021\/07\/logo-aptus-holland.png\",\"contentUrl\":\"https:\/\/aptus-holland.com\/wp-content\/uploads\/2021\/07\/logo-aptus-holland.png\",\"width\":365,\"height\":200,\"caption\":\"Aptus Holland\"},\"image\":{\"@id\":\"https:\/\/aptus-holland.com\/es\/#\/schema\/logo\/image\/\"}}]}<\/script>\n<!-- \/ Yoast SEO plugin. -->","yoast_head_json":{"title":"Filosof\u00eda | Aptus Holland | Aptus Plant Tech","description":"En Aptus Holland tenemos una misi\u00f3n y una visi\u00f3n claras. Lea nuestra filosof\u00eda sobre c\u00f3mo manejar las plantas correctamente aqu\u00ed.","robots":{"index":"index","follow":"follow","max-snippet":"max-snippet:-1","max-image-preview":"max-image-preview:large","max-video-preview":"max-video-preview:-1"},"canonical":"https:\/\/aptus-holland.com\/es\/filosofia\/","og_locale":"es_ES","og_type":"article","og_title":"Filosof\u00eda | Aptus Holland | Aptus Plant Tech","og_description":"En Aptus Holland tenemos una misi\u00f3n y una visi\u00f3n claras. Lea nuestra filosof\u00eda sobre c\u00f3mo manejar las plantas correctamente aqu\u00ed.","og_url":"https:\/\/aptus-holland.com\/es\/filosofia\/","og_site_name":"Aptus Holland","article_modified_time":"2023-08-17T12:56:38+00:00","og_image":[{"url":"http:\/\/aptus-holland.com\/wp-content\/uploads\/2021\/07\/folosiofie-aptus-holland.jpeg","type":"","width":"","height":""}],"twitter_card":"summary_large_image","twitter_misc":{"Tiempo de lectura":"1 minuto"},"schema":{"@context":"https:\/\/schema.org","@graph":[{"@type":"WebPage","@id":"https:\/\/aptus-holland.com\/es\/filosofia\/","url":"https:\/\/aptus-holland.com\/es\/filosofia\/","name":"Filosof\u00eda | Aptus Holland | Aptus Plant Tech","isPartOf":{"@id":"https:\/\/aptus-holland.com\/es\/#website"},"primaryImageOfPage":{"@id":"https:\/\/aptus-holland.com\/es\/filosofia\/#primaryimage"},"image":{"@id":"https:\/\/aptus-holland.com\/es\/filosofia\/#primaryimage"},"thumbnailUrl":"http:\/\/aptus-holland.com\/wp-content\/uploads\/2021\/07\/folosiofie-aptus-holland.jpeg","datePublished":"2021-07-23T13:51:13+00:00","dateModified":"2023-08-17T12:56:38+00:00","description":"En Aptus Holland tenemos una misi\u00f3n y una visi\u00f3n claras. Lea nuestra filosof\u00eda sobre c\u00f3mo manejar las plantas correctamente aqu\u00ed.","breadcrumb":{"@id":"https:\/\/aptus-holland.com\/es\/filosofia\/#breadcrumb"},"inLanguage":"es","potentialAction":[{"@type":"ReadAction","target":["https:\/\/aptus-holland.com\/es\/filosofia\/"]}]},{"@type":"ImageObject","inLanguage":"es","@id":"https:\/\/aptus-holland.com\/es\/filosofia\/#primaryimage","url":"http:\/\/aptus-holland.com\/wp-content\/uploads\/2021\/07\/folosiofie-aptus-holland.jpeg","contentUrl":"http:\/\/aptus-holland.com\/wp-content\/uploads\/2021\/07\/folosiofie-aptus-holland.jpeg"},{"@type":"BreadcrumbList","@id":"https:\/\/aptus-holland.com\/es\/filosofia\/#breadcrumb","itemListElement":[{"@type":"ListItem","position":1,"name":"Home","item":"https:\/\/aptus-holland.com\/es\/"},{"@type":"ListItem","position":2,"name":"Filosof\u00eda"}]},{"@type":"WebSite","@id":"https:\/\/aptus-holland.com\/es\/#website","url":"https:\/\/aptus-holland.com\/es\/","name":"Aptus Holland","description":"Plant Tech","publisher":{"@id":"https:\/\/aptus-holland.com\/es\/#organization"},"potentialAction":[{"@type":"SearchAction","target":{"@type":"EntryPoint","urlTemplate":"https:\/\/aptus-holland.com\/es\/?s={search_term_string}"},"query-input":{"@type":"PropertyValueSpecification","valueRequired":true,"valueName":"search_term_string"}}],"inLanguage":"es"},{"@type":"Organization","@id":"https:\/\/aptus-holland.com\/es\/#organization","name":"Aptus Holland","url":"https:\/\/aptus-holland.com\/es\/","logo":{"@type":"ImageObject","inLanguage":"es","@id":"https:\/\/aptus-holland.com\/es\/#\/schema\/logo\/image\/","url":"https:\/\/aptus-holland.com\/wp-content\/uploads\/2021\/07\/logo-aptus-holland.png","contentUrl":"https:\/\/aptus-holland.com\/wp-content\/uploads\/2021\/07\/logo-aptus-holland.png","width":365,"height":200,"caption":"Aptus Holland"},"image":{"@id":"https:\/\/aptus-holland.com\/es\/#\/schema\/logo\/image\/"}}]}},"_links":{"self":[{"href":"https:\/\/aptus-holland.com\/es\/wp-json\/wp\/v2\/pages\/34470","targetHints":{"allow":["GET"]}}],"collection":[{"href":"https:\/\/aptus-holland.com\/es\/wp-json\/wp\/v2\/pages"}],"about":[{"href":"https:\/\/aptus-holland.com\/es\/wp-json\/wp\/v2\/types\/page"}],"author":[{"embeddable":true,"href":"https:\/\/aptus-holland.com\/es\/wp-json\/wp\/v2\/users\/2"}],"replies":[{"embeddable":true,"href":"https:\/\/aptus-holland.com\/es\/wp-json\/wp\/v2\/comments?post=34470"}],"version-history":[{"count":7,"href":"https:\/\/aptus-holland.com\/es\/wp-json\/wp\/v2\/pages\/34470\/revisions"}],"predecessor-version":[{"id":34481,"href":"https:\/\/aptus-holland.com\/es\/wp-json\/wp\/v2\/pages\/34470\/revisions\/34481"}],"wp:attachment":[{"href":"https:\/\/aptus-holland.com\/es\/wp-json\/wp\/v2\/media?parent=34470"}],"curies":[{"name":"wp","href":"https:\/\/api.w.org\/{rel}","templated":true}]}}