{"id":34468,"date":"2020-01-09T04:10:53","date_gmt":"2020-01-09T04:10:53","guid":{"rendered":"https:\/\/aptus-holland.com\/geschiedenis\/"},"modified":"2023-08-17T12:53:35","modified_gmt":"2023-08-17T12:53:35","slug":"historia","status":"publish","type":"page","link":"https:\/\/aptus-holland.com\/es\/historia\/","title":{"rendered":"Historia"},"content":{"rendered":"\t\t<div data-elementor-type=\"wp-page\" data-elementor-id=\"34468\" class=\"elementor elementor-34468 elementor-1579\" data-elementor-settings=\"[]\">\n\t\t\t\t\t\t\t<div class=\"elementor-section-wrap\">\n\t\t\t\t\t\t\t<section class=\"elementor-section elementor-top-section elementor-element elementor-element-7f3cbd8 elementor-section-content-middle ot-traditional elementor-section-boxed elementor-section-height-default elementor-section-height-default\" data-id=\"7f3cbd8\" data-element_type=\"section\" data-settings=\"{&quot;background_background&quot;:&quot;classic&quot;}\">\n\t\t\t\t\t\t<div class=\"elementor-container elementor-column-gap-extended\">\n\t\t\t\t\t<div class=\"elementor-column elementor-col-50 elementor-top-column elementor-element elementor-element-9fc2569 ot-flex-column-vertical\" data-id=\"9fc2569\" data-element_type=\"column\">\n\t\t\t<div class=\"elementor-widget-wrap elementor-element-populated\">\n\t\t\t\t\t\t\t\t<div class=\"elementor-element elementor-element-925ee15 elementor-widget elementor-widget-iheading\" data-id=\"925ee15\" data-element_type=\"widget\" data-widget_type=\"iheading.default\">\n\t\t\t\t<div class=\"elementor-widget-container\">\n\t\t\t\t\t<div class=\"ot-heading\">\r\n\t        <h2 class=\"main-heading\">Historia<\/h2>\t    <\/div>\r\n\t    \t\t<\/div>\n\t\t\t\t<\/div>\n\t\t\t\t<div class=\"elementor-element elementor-element-0f0c33b elementor-widget elementor-widget-text-editor\" data-id=\"0f0c33b\" data-element_type=\"widget\" data-widget_type=\"text-editor.default\">\n\t\t\t\t<div class=\"elementor-widget-container\">\n\t\t\t\t\t\t\t\t<p>La fundaci\u00f3n de APTUS PLANT TECH, cuyas investigaciones giran en torno a los pilares b\u00e1sicos de la vida en el suelo y las plantas, se remonta a los a\u00f1os noventa. Vali\u00e9ndose de los conocimientos y la experiencia de los sectores de la agricultura y de los invernaderos profesionales, APTUS PLANT TECH ha desarrollado productos que destacan por su calidad y su valor a\u00f1adido.<br \/>En la actualidad, APTUS PLANT TECH se ha convertido en un proveedor l\u00edder de nutrientes para cultivos hidrop\u00f3nicos en Pa\u00edses Bajos y est\u00e1 creciendo r\u00e1pidamente en el mercado europeo. Sobre la base de este \u00e9xito, APTUS PLANT TECH est\u00e1 ampliando su negocio a Am\u00e9rica del Norte, Australia y el resto del mundo.<\/p>\t\t\t\t\t\t<\/div>\n\t\t\t\t<\/div>\n\t\t\t\t\t<\/div>\n\t\t<\/div>\n\t\t\t\t<div class=\"elementor-column elementor-col-50 elementor-top-column elementor-element elementor-element-7564da8 ot-column-items-top ot-flex-column-vertical\" data-id=\"7564da8\" data-element_type=\"column\">\n\t\t\t<div class=\"elementor-widget-wrap elementor-element-populated\">\n\t\t\t\t\t\t\t\t<div class=\"elementor-element elementor-element-34c8842 elementor-widget elementor-widget-image\" data-id=\"34c8842\" data-element_type=\"widget\" data-widget_type=\"image.default\">\n\t\t\t\t<div class=\"elementor-widget-container\">\n\t\t\t\t\t\t\t\t\t\t\t\t\t\t\t<img loading=\"lazy\" decoding=\"async\" width=\"1000\" height=\"617\" src=\"https:\/\/aptus-holland.com\/wp-content\/uploads\/2021\/07\/historie-aptus-holland.jpeg\" class=\"attachment-large size-large\" alt=\"\" srcset=\"https:\/\/aptus-holland.com\/wp-content\/uploads\/2021\/07\/historie-aptus-holland.jpeg 1000w, https:\/\/aptus-holland.com\/wp-content\/uploads\/2021\/07\/historie-aptus-holland-300x185.jpeg 300w, https:\/\/aptus-holland.com\/wp-content\/uploads\/2021\/07\/historie-aptus-holland-768x474.jpeg 768w, https:\/\/aptus-holland.com\/wp-content\/uploads\/2021\/07\/historie-aptus-holland-720x444.jpeg 720w\" sizes=\"auto, (max-width: 1000px) 100vw, 1000px\" \/>\t\t\t\t\t\t\t\t\t\t\t\t\t\t\t<\/div>\n\t\t\t\t<\/div>\n\t\t\t\t<div class=\"elementor-element elementor-element-68bb78b elementor-widget elementor-widget-text-editor\" data-id=\"68bb78b\" data-element_type=\"widget\" data-widget_type=\"text-editor.default\">\n\t\t\t\t<div class=\"elementor-widget-container\">\n\t\t\t\t\t\t\t\t<p><strong>APTUS PLANT TECH SE BASA EN PURA CIENCIA BOT\u00c1NICA, FORMACI\u00d3N Y RESULTADOS QUE HABLAN POR S\u00cd SOLOS.<\/strong><\/p>\t\t\t\t\t\t<\/div>\n\t\t\t\t<\/div>\n\t\t\t\t\t<\/div>\n\t\t<\/div>\n\t\t\t\t\t\t\t<\/div>\n\t\t<\/section>\n\t\t\t\t\t\t<\/div>\n\t\t\t\t\t<\/div>\n\t\t","protected":false},"excerpt":{"rendered":"<p>Historia La fundaci\u00f3n de APTUS PLANT TECH, cuyas investigaciones giran en torno a los pilares b\u00e1sicos de la vida en el suelo y las plantas, se remonta a los a\u00f1os noventa. Vali\u00e9ndose de los conocimientos y la experiencia de los sectores de la agricultura y de los invernaderos profesionales, APTUS PLANT TECH ha desarrollado productos [&hellip;]<\/p>\n","protected":false},"author":1,"featured_media":0,"parent":0,"menu_order":0,"comment_status":"closed","ping_status":"closed","template":"","meta":{"_monsterinsights_skip_tracking":false,"_monsterinsights_sitenote_active":false,"_monsterinsights_sitenote_note":"","_monsterinsights_sitenote_category":0,"footnotes":""},"class_list":["post-34468","page","type-page","status-publish","hentry"],"yoast_head":"<!-- This site is optimized with the Yoast SEO plugin v27.0 - https:\/\/yoast.com\/product\/yoast-seo-wordpress\/ -->\n<title>Historia | Aptus Holland | Aptus Plant Tech<\/title>\n<meta name=\"description\" content=\"\u00bfQuiere saber m\u00e1s sobre Aptus Holland - Aptus plant tech? Lea m\u00e1s sobre nuestra historia que comienza en la d\u00e9cada de 1990 aqu\u00ed.\" \/>\n<meta name=\"robots\" content=\"index, follow, max-snippet:-1, max-image-preview:large, max-video-preview:-1\" \/>\n<link rel=\"canonical\" href=\"https:\/\/aptus-holland.com\/es\/historia\/\" \/>\n<meta property=\"og:locale\" content=\"es_ES\" \/>\n<meta property=\"og:type\" content=\"article\" \/>\n<meta property=\"og:title\" content=\"Historia | Aptus Holland | Aptus Plant Tech\" \/>\n<meta property=\"og:description\" content=\"\u00bfQuiere saber m\u00e1s sobre Aptus Holland - Aptus plant tech? Lea m\u00e1s sobre nuestra historia que comienza en la d\u00e9cada de 1990 aqu\u00ed.\" \/>\n<meta property=\"og:url\" content=\"https:\/\/aptus-holland.com\/es\/historia\/\" \/>\n<meta property=\"og:site_name\" content=\"Aptus Holland\" \/>\n<meta property=\"article:modified_time\" content=\"2023-08-17T12:53:35+00:00\" \/>\n<meta property=\"og:image\" content=\"http:\/\/aptus-holland.com\/wp-content\/uploads\/2021\/07\/historie-aptus-holland.jpeg\" \/>\n<meta name=\"twitter:card\" content=\"summary_large_image\" \/>\n<meta name=\"twitter:label1\" content=\"Tiempo de lectura\" \/>\n\t<meta name=\"twitter:data1\" content=\"1 minuto\" \/>\n<script type=\"application\/ld+json\" class=\"yoast-schema-graph\">{\"@context\":\"https:\/\/schema.org\",\"@graph\":[{\"@type\":\"WebPage\",\"@id\":\"https:\/\/aptus-holland.com\/es\/historia\/\",\"url\":\"https:\/\/aptus-holland.com\/es\/historia\/\",\"name\":\"Historia | Aptus Holland | Aptus Plant Tech\",\"isPartOf\":{\"@id\":\"https:\/\/aptus-holland.com\/es\/#website\"},\"primaryImageOfPage\":{\"@id\":\"https:\/\/aptus-holland.com\/es\/historia\/#primaryimage\"},\"image\":{\"@id\":\"https:\/\/aptus-holland.com\/es\/historia\/#primaryimage\"},\"thumbnailUrl\":\"http:\/\/aptus-holland.com\/wp-content\/uploads\/2021\/07\/historie-aptus-holland.jpeg\",\"datePublished\":\"2020-01-09T04:10:53+00:00\",\"dateModified\":\"2023-08-17T12:53:35+00:00\",\"description\":\"\u00bfQuiere saber m\u00e1s sobre Aptus Holland - Aptus plant tech? Lea m\u00e1s sobre nuestra historia que comienza en la d\u00e9cada de 1990 aqu\u00ed.\",\"breadcrumb\":{\"@id\":\"https:\/\/aptus-holland.com\/es\/historia\/#breadcrumb\"},\"inLanguage\":\"es\",\"potentialAction\":[{\"@type\":\"ReadAction\",\"target\":[\"https:\/\/aptus-holland.com\/es\/historia\/\"]}]},{\"@type\":\"ImageObject\",\"inLanguage\":\"es\",\"@id\":\"https:\/\/aptus-holland.com\/es\/historia\/#primaryimage\",\"url\":\"http:\/\/aptus-holland.com\/wp-content\/uploads\/2021\/07\/historie-aptus-holland.jpeg\",\"contentUrl\":\"http:\/\/aptus-holland.com\/wp-content\/uploads\/2021\/07\/historie-aptus-holland.jpeg\"},{\"@type\":\"BreadcrumbList\",\"@id\":\"https:\/\/aptus-holland.com\/es\/historia\/#breadcrumb\",\"itemListElement\":[{\"@type\":\"ListItem\",\"position\":1,\"name\":\"Home\",\"item\":\"https:\/\/aptus-holland.com\/es\/\"},{\"@type\":\"ListItem\",\"position\":2,\"name\":\"Historia\"}]},{\"@type\":\"WebSite\",\"@id\":\"https:\/\/aptus-holland.com\/es\/#website\",\"url\":\"https:\/\/aptus-holland.com\/es\/\",\"name\":\"Aptus Holland\",\"description\":\"Plant Tech\",\"publisher\":{\"@id\":\"https:\/\/aptus-holland.com\/es\/#organization\"},\"potentialAction\":[{\"@type\":\"SearchAction\",\"target\":{\"@type\":\"EntryPoint\",\"urlTemplate\":\"https:\/\/aptus-holland.com\/es\/?s={search_term_string}\"},\"query-input\":{\"@type\":\"PropertyValueSpecification\",\"valueRequired\":true,\"valueName\":\"search_term_string\"}}],\"inLanguage\":\"es\"},{\"@type\":\"Organization\",\"@id\":\"https:\/\/aptus-holland.com\/es\/#organization\",\"name\":\"Aptus Holland\",\"url\":\"https:\/\/aptus-holland.com\/es\/\",\"logo\":{\"@type\":\"ImageObject\",\"inLanguage\":\"es\",\"@id\":\"https:\/\/aptus-holland.com\/es\/#\/schema\/logo\/image\/\",\"url\":\"https:\/\/aptus-holland.com\/wp-content\/uploads\/2021\/07\/logo-aptus-holland.png\",\"contentUrl\":\"https:\/\/aptus-holland.com\/wp-content\/uploads\/2021\/07\/logo-aptus-holland.png\",\"width\":365,\"height\":200,\"caption\":\"Aptus Holland\"},\"image\":{\"@id\":\"https:\/\/aptus-holland.com\/es\/#\/schema\/logo\/image\/\"}}]}<\/script>\n<!-- \/ Yoast SEO plugin. -->","yoast_head_json":{"title":"Historia | Aptus Holland | Aptus Plant Tech","description":"\u00bfQuiere saber m\u00e1s sobre Aptus Holland - Aptus plant tech? Lea m\u00e1s sobre nuestra historia que comienza en la d\u00e9cada de 1990 aqu\u00ed.","robots":{"index":"index","follow":"follow","max-snippet":"max-snippet:-1","max-image-preview":"max-image-preview:large","max-video-preview":"max-video-preview:-1"},"canonical":"https:\/\/aptus-holland.com\/es\/historia\/","og_locale":"es_ES","og_type":"article","og_title":"Historia | Aptus Holland | Aptus Plant Tech","og_description":"\u00bfQuiere saber m\u00e1s sobre Aptus Holland - Aptus plant tech? Lea m\u00e1s sobre nuestra historia que comienza en la d\u00e9cada de 1990 aqu\u00ed.","og_url":"https:\/\/aptus-holland.com\/es\/historia\/","og_site_name":"Aptus Holland","article_modified_time":"2023-08-17T12:53:35+00:00","og_image":[{"url":"http:\/\/aptus-holland.com\/wp-content\/uploads\/2021\/07\/historie-aptus-holland.jpeg","type":"","width":"","height":""}],"twitter_card":"summary_large_image","twitter_misc":{"Tiempo de lectura":"1 minuto"},"schema":{"@context":"https:\/\/schema.org","@graph":[{"@type":"WebPage","@id":"https:\/\/aptus-holland.com\/es\/historia\/","url":"https:\/\/aptus-holland.com\/es\/historia\/","name":"Historia | Aptus Holland | Aptus Plant Tech","isPartOf":{"@id":"https:\/\/aptus-holland.com\/es\/#website"},"primaryImageOfPage":{"@id":"https:\/\/aptus-holland.com\/es\/historia\/#primaryimage"},"image":{"@id":"https:\/\/aptus-holland.com\/es\/historia\/#primaryimage"},"thumbnailUrl":"http:\/\/aptus-holland.com\/wp-content\/uploads\/2021\/07\/historie-aptus-holland.jpeg","datePublished":"2020-01-09T04:10:53+00:00","dateModified":"2023-08-17T12:53:35+00:00","description":"\u00bfQuiere saber m\u00e1s sobre Aptus Holland - Aptus plant tech? Lea m\u00e1s sobre nuestra historia que comienza en la d\u00e9cada de 1990 aqu\u00ed.","breadcrumb":{"@id":"https:\/\/aptus-holland.com\/es\/historia\/#breadcrumb"},"inLanguage":"es","potentialAction":[{"@type":"ReadAction","target":["https:\/\/aptus-holland.com\/es\/historia\/"]}]},{"@type":"ImageObject","inLanguage":"es","@id":"https:\/\/aptus-holland.com\/es\/historia\/#primaryimage","url":"http:\/\/aptus-holland.com\/wp-content\/uploads\/2021\/07\/historie-aptus-holland.jpeg","contentUrl":"http:\/\/aptus-holland.com\/wp-content\/uploads\/2021\/07\/historie-aptus-holland.jpeg"},{"@type":"BreadcrumbList","@id":"https:\/\/aptus-holland.com\/es\/historia\/#breadcrumb","itemListElement":[{"@type":"ListItem","position":1,"name":"Home","item":"https:\/\/aptus-holland.com\/es\/"},{"@type":"ListItem","position":2,"name":"Historia"}]},{"@type":"WebSite","@id":"https:\/\/aptus-holland.com\/es\/#website","url":"https:\/\/aptus-holland.com\/es\/","name":"Aptus Holland","description":"Plant Tech","publisher":{"@id":"https:\/\/aptus-holland.com\/es\/#organization"},"potentialAction":[{"@type":"SearchAction","target":{"@type":"EntryPoint","urlTemplate":"https:\/\/aptus-holland.com\/es\/?s={search_term_string}"},"query-input":{"@type":"PropertyValueSpecification","valueRequired":true,"valueName":"search_term_string"}}],"inLanguage":"es"},{"@type":"Organization","@id":"https:\/\/aptus-holland.com\/es\/#organization","name":"Aptus Holland","url":"https:\/\/aptus-holland.com\/es\/","logo":{"@type":"ImageObject","inLanguage":"es","@id":"https:\/\/aptus-holland.com\/es\/#\/schema\/logo\/image\/","url":"https:\/\/aptus-holland.com\/wp-content\/uploads\/2021\/07\/logo-aptus-holland.png","contentUrl":"https:\/\/aptus-holland.com\/wp-content\/uploads\/2021\/07\/logo-aptus-holland.png","width":365,"height":200,"caption":"Aptus Holland"},"image":{"@id":"https:\/\/aptus-holland.com\/es\/#\/schema\/logo\/image\/"}}]}},"_links":{"self":[{"href":"https:\/\/aptus-holland.com\/es\/wp-json\/wp\/v2\/pages\/34468","targetHints":{"allow":["GET"]}}],"collection":[{"href":"https:\/\/aptus-holland.com\/es\/wp-json\/wp\/v2\/pages"}],"about":[{"href":"https:\/\/aptus-holland.com\/es\/wp-json\/wp\/v2\/types\/page"}],"author":[{"embeddable":true,"href":"https:\/\/aptus-holland.com\/es\/wp-json\/wp\/v2\/users\/1"}],"replies":[{"embeddable":true,"href":"https:\/\/aptus-holland.com\/es\/wp-json\/wp\/v2\/comments?post=34468"}],"version-history":[{"count":4,"href":"https:\/\/aptus-holland.com\/es\/wp-json\/wp\/v2\/pages\/34468\/revisions"}],"predecessor-version":[{"id":34473,"href":"https:\/\/aptus-holland.com\/es\/wp-json\/wp\/v2\/pages\/34468\/revisions\/34473"}],"wp:attachment":[{"href":"https:\/\/aptus-holland.com\/es\/wp-json\/wp\/v2\/media?parent=34468"}],"curies":[{"name":"wp","href":"https:\/\/api.w.org\/{rel}","templated":true}]}}