{"id":34396,"date":"2021-08-12T11:42:41","date_gmt":"2021-08-12T11:42:41","guid":{"rendered":"https:\/\/aptus-holland.com\/handleiding-en-schema\/"},"modified":"2025-04-02T09:17:02","modified_gmt":"2025-04-02T09:17:02","slug":"manual-y-programa","status":"publish","type":"page","link":"https:\/\/aptus-holland.com\/es\/manual-y-programa\/","title":{"rendered":"Manual y programa"},"content":{"rendered":"\t\t<div data-elementor-type=\"wp-page\" data-elementor-id=\"34396\" class=\"elementor elementor-34396 elementor-26438\" data-elementor-settings=\"[]\">\n\t\t\t\t\t\t\t<div class=\"elementor-section-wrap\">\n\t\t\t\t\t\t\t<section class=\"elementor-section elementor-top-section elementor-element elementor-element-8c1b6b2 elementor-section-content-middle ot-traditional elementor-section-boxed elementor-section-height-default elementor-section-height-default\" data-id=\"8c1b6b2\" data-element_type=\"section\">\n\t\t\t\t\t\t<div class=\"elementor-container elementor-column-gap-extended\">\n\t\t\t\t\t<div class=\"elementor-column elementor-col-100 elementor-top-column elementor-element elementor-element-8416bc3 ot-flex-column-vertical\" data-id=\"8416bc3\" data-element_type=\"column\">\n\t\t\t<div class=\"elementor-widget-wrap elementor-element-populated\">\n\t\t\t\t\t\t\t\t<section class=\"elementor-section elementor-inner-section elementor-element elementor-element-745c273 elementor-section-full_width ot-traditional elementor-section-height-default elementor-section-height-default\" data-id=\"745c273\" data-element_type=\"section\">\n\t\t\t\t\t\t<div class=\"elementor-container elementor-column-gap-default\">\n\t\t\t\t\t<div class=\"elementor-column elementor-col-100 elementor-inner-column elementor-element elementor-element-d737795 ot-flex-column-vertical\" data-id=\"d737795\" data-element_type=\"column\">\n\t\t\t<div class=\"elementor-widget-wrap elementor-element-populated\">\n\t\t\t\t\t\t\t\t<div class=\"elementor-element elementor-element-15c1fd5 elementor-widget elementor-widget-iheading\" data-id=\"15c1fd5\" data-element_type=\"widget\" data-widget_type=\"iheading.default\">\n\t\t\t\t<div class=\"elementor-widget-container\">\n\t\t\t\t\t<div class=\"ot-heading\">\r\n\t        <h2 class=\"main-heading\">\u00bfBuscas los nuevos horarios de Premium, Clean y Super Soil?<\/h2>\t    <\/div>\r\n\t    \t\t<\/div>\n\t\t\t\t<\/div>\n\t\t\t\t<div class=\"elementor-element elementor-element-125179a elementor-mobile-align-center elementor-widget elementor-widget-ibutton\" data-id=\"125179a\" data-element_type=\"widget\" data-widget_type=\"ibutton.default\">\n\t\t\t\t<div class=\"elementor-widget-container\">\n\t\t\t\t\t<div class=\"ot-button\">\r\n\t\t\t<a href=\"\/es\/the-new-aptus-feeding-programs-optimized-for-every-grower\/\" class=\"octf-btn octf-btn-primary\">\u00a1Haz clic aqu\u00ed!<\/a>\r\n\t    <\/div>\r\n\t    \t\t<\/div>\n\t\t\t\t<\/div>\n\t\t\t\t\t<\/div>\n\t\t<\/div>\n\t\t\t\t\t\t\t<\/div>\n\t\t<\/section>\n\t\t\t\t<section class=\"elementor-section elementor-inner-section elementor-element elementor-element-21a8202 elementor-section-full_width ot-traditional elementor-section-height-default elementor-section-height-default\" data-id=\"21a8202\" data-element_type=\"section\">\n\t\t\t\t\t\t<div class=\"elementor-container elementor-column-gap-default\">\n\t\t\t\t\t<div class=\"elementor-column elementor-col-100 elementor-inner-column elementor-element elementor-element-334263d ot-flex-column-vertical\" data-id=\"334263d\" data-element_type=\"column\">\n\t\t\t<div class=\"elementor-widget-wrap elementor-element-populated\">\n\t\t\t\t\t\t\t\t<div class=\"elementor-element elementor-element-8e20c13 elementor-widget elementor-widget-iheading\" data-id=\"8e20c13\" data-element_type=\"widget\" data-widget_type=\"iheading.default\">\n\t\t\t\t<div class=\"elementor-widget-container\">\n\t\t\t\t\t<div class=\"ot-heading\">\r\n\t        <h2 class=\"main-heading\">Manual de Aptus<\/h2>\t    <\/div>\r\n\t    \t\t<\/div>\n\t\t\t\t<\/div>\n\t\t\t\t<div class=\"elementor-element elementor-element-fe01168 elementor-widget elementor-widget-text-editor\" data-id=\"fe01168\" data-element_type=\"widget\" data-widget_type=\"text-editor.default\">\n\t\t\t\t<div class=\"elementor-widget-container\">\n\t\t\t\t\t\t\t\t<p><div class=\"_df_book df-lite\" id=\"df_26500\"  _slug=\"esp-manual\" data-title=\"esp-manual\" wpoptions=\"true\" thumb=\"http:\/\/aptus-holland.com\/wp-content\/uploads\/2021\/08\/page-header-img.jpg\" thumbtype=\"\" ><\/div><script class=\"df-shortcode-script\" nowprocket type=\"application\/javascript\">window.option_df_26500 = {\"outline\":[],\"autoEnableOutline\":\"false\",\"autoEnableThumbnail\":\"false\",\"overwritePDFOutline\":\"false\",\"enableDownload\":\"true\",\"direction\":\"1\",\"pageSize\":\"0\",\"soundEnable\":\"false\",\"source\":\"http:\\\/\\\/aptus-holland.com\\\/wp-content\\\/uploads\\\/2021\\\/08\\\/Manual_AH20_ESP.pdf\",\"wpOptions\":\"true\"}; if(window.DFLIP && window.DFLIP.parseBooks){window.DFLIP.parseBooks();}<\/script><\/p>\t\t\t\t\t\t<\/div>\n\t\t\t\t<\/div>\n\t\t\t\t\t<\/div>\n\t\t<\/div>\n\t\t\t\t\t\t\t<\/div>\n\t\t<\/section>\n\t\t\t\t<section class=\"elementor-section elementor-inner-section elementor-element elementor-element-9c092b1 elementor-section-full_width ot-traditional elementor-section-height-default elementor-section-height-default\" data-id=\"9c092b1\" data-element_type=\"section\">\n\t\t\t\t\t\t<div class=\"elementor-container elementor-column-gap-default\">\n\t\t\t\t\t<div class=\"elementor-column elementor-col-100 elementor-inner-column elementor-element elementor-element-e86704f ot-flex-column-vertical\" data-id=\"e86704f\" data-element_type=\"column\">\n\t\t\t<div class=\"elementor-widget-wrap elementor-element-populated\">\n\t\t\t\t\t\t\t\t<div class=\"elementor-element elementor-element-dbbf895 elementor-widget elementor-widget-iheading\" data-id=\"dbbf895\" data-element_type=\"widget\" data-widget_type=\"iheading.default\">\n\t\t\t\t<div class=\"elementor-widget-container\">\n\t\t\t\t\t<div class=\"ot-heading\">\r\n\t        <h2 class=\"main-heading\">Programa de Aptus<\/h2>\t    <\/div>\r\n\t    \t\t<\/div>\n\t\t\t\t<\/div>\n\t\t\t\t<div class=\"elementor-element elementor-element-a45b052 elementor-widget elementor-widget-text-editor\" data-id=\"a45b052\" data-element_type=\"widget\" data-widget_type=\"text-editor.default\">\n\t\t\t\t<div class=\"elementor-widget-container\">\n\t\t\t\t\t\t\t\t<p><div class=\"_df_book df-lite\" id=\"df_26503\"  _slug=\"esp-schedule\" data-title=\"esp-schedule\" wpoptions=\"true\" thumb=\"http:\/\/aptus-holland.com\/wp-content\/uploads\/2021\/08\/page-header-img.jpg\" thumbtype=\"\" ><\/div><script class=\"df-shortcode-script\" nowprocket type=\"application\/javascript\">window.option_df_26503 = {\"outline\":[],\"autoEnableOutline\":\"false\",\"autoEnableThumbnail\":\"false\",\"overwritePDFOutline\":\"false\",\"enableDownload\":\"true\",\"direction\":\"1\",\"pageSize\":\"0\",\"soundEnable\":\"false\",\"source\":\"http:\\\/\\\/aptus-holland.com\\\/wp-content\\\/uploads\\\/2021\\\/08\\\/kweekschema_ESP.pdf\",\"wpOptions\":\"true\"}; if(window.DFLIP && window.DFLIP.parseBooks){window.DFLIP.parseBooks();}<\/script><\/p>\t\t\t\t\t\t<\/div>\n\t\t\t\t<\/div>\n\t\t\t\t\t<\/div>\n\t\t<\/div>\n\t\t\t\t\t\t\t<\/div>\n\t\t<\/section>\n\t\t\t\t\t<\/div>\n\t\t<\/div>\n\t\t\t\t\t\t\t<\/div>\n\t\t<\/section>\n\t\t\t\t\t\t<\/div>\n\t\t\t\t\t<\/div>\n\t\t","protected":false},"excerpt":{"rendered":"<p>\u00bfBuscas los nuevos horarios de Premium, Clean y Super Soil? \u00a1Haz clic aqu\u00ed! Manual de Aptus Programa de Aptus<\/p>\n","protected":false},"author":2,"featured_media":31344,"parent":0,"menu_order":0,"comment_status":"closed","ping_status":"closed","template":"","meta":{"_monsterinsights_skip_tracking":false,"_monsterinsights_sitenote_active":false,"_monsterinsights_sitenote_note":"","_monsterinsights_sitenote_category":0,"footnotes":""},"class_list":["post-34396","page","type-page","status-publish","has-post-thumbnail","hentry"],"yoast_head":"<!-- This site is optimized with the Yoast SEO plugin v27.0 - https:\/\/yoast.com\/product\/yoast-seo-wordpress\/ -->\n<title>Manual y programa | Aptus Holland | Aptus Plant Tech<\/title>\n<meta name=\"description\" content=\"Aqu\u00ed encontrar\u00e1s el Manual de Aptus Holland y el horario de alimentaci\u00f3n (para una jardiner\u00eda sostenible en la ciudad) en varios idiomas.\" \/>\n<meta name=\"robots\" content=\"index, follow, max-snippet:-1, max-image-preview:large, max-video-preview:-1\" \/>\n<link rel=\"canonical\" href=\"https:\/\/aptus-holland.com\/es\/manual-y-programa\/\" \/>\n<meta property=\"og:locale\" content=\"es_ES\" \/>\n<meta property=\"og:type\" content=\"article\" \/>\n<meta property=\"og:title\" content=\"Manual y programa | Aptus Holland | Aptus Plant Tech\" \/>\n<meta property=\"og:description\" content=\"Aqu\u00ed encontrar\u00e1s el Manual de Aptus Holland y el horario de alimentaci\u00f3n (para una jardiner\u00eda sostenible en la ciudad) en varios idiomas.\" \/>\n<meta property=\"og:url\" content=\"https:\/\/aptus-holland.com\/es\/manual-y-programa\/\" \/>\n<meta property=\"og:site_name\" content=\"Aptus Holland\" \/>\n<meta property=\"article:modified_time\" content=\"2025-04-02T09:17:02+00:00\" \/>\n<meta property=\"og:image\" content=\"http:\/\/aptus-holland.com\/wp-content\/uploads\/2021\/09\/spain.png\" \/>\n\t<meta property=\"og:image:width\" content=\"512\" \/>\n\t<meta property=\"og:image:height\" content=\"512\" \/>\n\t<meta property=\"og:image:type\" content=\"image\/png\" \/>\n<meta name=\"twitter:card\" content=\"summary_large_image\" \/>\n<meta name=\"twitter:label1\" content=\"Tiempo de lectura\" \/>\n\t<meta name=\"twitter:data1\" content=\"1 minuto\" \/>\n<script type=\"application\/ld+json\" class=\"yoast-schema-graph\">{\"@context\":\"https:\/\/schema.org\",\"@graph\":[{\"@type\":\"WebPage\",\"@id\":\"https:\/\/aptus-holland.com\/es\/manual-y-programa\/\",\"url\":\"https:\/\/aptus-holland.com\/es\/manual-y-programa\/\",\"name\":\"Manual y programa | Aptus Holland | Aptus Plant Tech\",\"isPartOf\":{\"@id\":\"https:\/\/aptus-holland.com\/es\/#website\"},\"primaryImageOfPage\":{\"@id\":\"https:\/\/aptus-holland.com\/es\/manual-y-programa\/#primaryimage\"},\"image\":{\"@id\":\"https:\/\/aptus-holland.com\/es\/manual-y-programa\/#primaryimage\"},\"thumbnailUrl\":\"https:\/\/aptus-holland.com\/wp-content\/uploads\/2021\/09\/spain.png\",\"datePublished\":\"2021-08-12T11:42:41+00:00\",\"dateModified\":\"2025-04-02T09:17:02+00:00\",\"description\":\"Aqu\u00ed encontrar\u00e1s el Manual de Aptus Holland y el horario de alimentaci\u00f3n (para una jardiner\u00eda sostenible en la ciudad) en varios idiomas.\",\"breadcrumb\":{\"@id\":\"https:\/\/aptus-holland.com\/es\/manual-y-programa\/#breadcrumb\"},\"inLanguage\":\"es\",\"potentialAction\":[{\"@type\":\"ReadAction\",\"target\":[\"https:\/\/aptus-holland.com\/es\/manual-y-programa\/\"]}]},{\"@type\":\"ImageObject\",\"inLanguage\":\"es\",\"@id\":\"https:\/\/aptus-holland.com\/es\/manual-y-programa\/#primaryimage\",\"url\":\"https:\/\/aptus-holland.com\/wp-content\/uploads\/2021\/09\/spain.png\",\"contentUrl\":\"https:\/\/aptus-holland.com\/wp-content\/uploads\/2021\/09\/spain.png\",\"width\":512,\"height\":512},{\"@type\":\"BreadcrumbList\",\"@id\":\"https:\/\/aptus-holland.com\/es\/manual-y-programa\/#breadcrumb\",\"itemListElement\":[{\"@type\":\"ListItem\",\"position\":1,\"name\":\"Home\",\"item\":\"https:\/\/aptus-holland.com\/es\/\"},{\"@type\":\"ListItem\",\"position\":2,\"name\":\"Manual y programa\"}]},{\"@type\":\"WebSite\",\"@id\":\"https:\/\/aptus-holland.com\/es\/#website\",\"url\":\"https:\/\/aptus-holland.com\/es\/\",\"name\":\"Aptus Holland\",\"description\":\"Plant Tech\",\"publisher\":{\"@id\":\"https:\/\/aptus-holland.com\/es\/#organization\"},\"potentialAction\":[{\"@type\":\"SearchAction\",\"target\":{\"@type\":\"EntryPoint\",\"urlTemplate\":\"https:\/\/aptus-holland.com\/es\/?s={search_term_string}\"},\"query-input\":{\"@type\":\"PropertyValueSpecification\",\"valueRequired\":true,\"valueName\":\"search_term_string\"}}],\"inLanguage\":\"es\"},{\"@type\":\"Organization\",\"@id\":\"https:\/\/aptus-holland.com\/es\/#organization\",\"name\":\"Aptus Holland\",\"url\":\"https:\/\/aptus-holland.com\/es\/\",\"logo\":{\"@type\":\"ImageObject\",\"inLanguage\":\"es\",\"@id\":\"https:\/\/aptus-holland.com\/es\/#\/schema\/logo\/image\/\",\"url\":\"https:\/\/aptus-holland.com\/wp-content\/uploads\/2021\/07\/logo-aptus-holland.png\",\"contentUrl\":\"https:\/\/aptus-holland.com\/wp-content\/uploads\/2021\/07\/logo-aptus-holland.png\",\"width\":365,\"height\":200,\"caption\":\"Aptus Holland\"},\"image\":{\"@id\":\"https:\/\/aptus-holland.com\/es\/#\/schema\/logo\/image\/\"}}]}<\/script>\n<!-- \/ Yoast SEO plugin. -->","yoast_head_json":{"title":"Manual y programa | Aptus Holland | Aptus Plant Tech","description":"Aqu\u00ed encontrar\u00e1s el Manual de Aptus Holland y el horario de alimentaci\u00f3n (para una jardiner\u00eda sostenible en la ciudad) en varios idiomas.","robots":{"index":"index","follow":"follow","max-snippet":"max-snippet:-1","max-image-preview":"max-image-preview:large","max-video-preview":"max-video-preview:-1"},"canonical":"https:\/\/aptus-holland.com\/es\/manual-y-programa\/","og_locale":"es_ES","og_type":"article","og_title":"Manual y programa | Aptus Holland | Aptus Plant Tech","og_description":"Aqu\u00ed encontrar\u00e1s el Manual de Aptus Holland y el horario de alimentaci\u00f3n (para una jardiner\u00eda sostenible en la ciudad) en varios idiomas.","og_url":"https:\/\/aptus-holland.com\/es\/manual-y-programa\/","og_site_name":"Aptus Holland","article_modified_time":"2025-04-02T09:17:02+00:00","og_image":[{"width":512,"height":512,"url":"http:\/\/aptus-holland.com\/wp-content\/uploads\/2021\/09\/spain.png","type":"image\/png"}],"twitter_card":"summary_large_image","twitter_misc":{"Tiempo de lectura":"1 minuto"},"schema":{"@context":"https:\/\/schema.org","@graph":[{"@type":"WebPage","@id":"https:\/\/aptus-holland.com\/es\/manual-y-programa\/","url":"https:\/\/aptus-holland.com\/es\/manual-y-programa\/","name":"Manual y programa | Aptus Holland | Aptus Plant Tech","isPartOf":{"@id":"https:\/\/aptus-holland.com\/es\/#website"},"primaryImageOfPage":{"@id":"https:\/\/aptus-holland.com\/es\/manual-y-programa\/#primaryimage"},"image":{"@id":"https:\/\/aptus-holland.com\/es\/manual-y-programa\/#primaryimage"},"thumbnailUrl":"https:\/\/aptus-holland.com\/wp-content\/uploads\/2021\/09\/spain.png","datePublished":"2021-08-12T11:42:41+00:00","dateModified":"2025-04-02T09:17:02+00:00","description":"Aqu\u00ed encontrar\u00e1s el Manual de Aptus Holland y el horario de alimentaci\u00f3n (para una jardiner\u00eda sostenible en la ciudad) en varios idiomas.","breadcrumb":{"@id":"https:\/\/aptus-holland.com\/es\/manual-y-programa\/#breadcrumb"},"inLanguage":"es","potentialAction":[{"@type":"ReadAction","target":["https:\/\/aptus-holland.com\/es\/manual-y-programa\/"]}]},{"@type":"ImageObject","inLanguage":"es","@id":"https:\/\/aptus-holland.com\/es\/manual-y-programa\/#primaryimage","url":"https:\/\/aptus-holland.com\/wp-content\/uploads\/2021\/09\/spain.png","contentUrl":"https:\/\/aptus-holland.com\/wp-content\/uploads\/2021\/09\/spain.png","width":512,"height":512},{"@type":"BreadcrumbList","@id":"https:\/\/aptus-holland.com\/es\/manual-y-programa\/#breadcrumb","itemListElement":[{"@type":"ListItem","position":1,"name":"Home","item":"https:\/\/aptus-holland.com\/es\/"},{"@type":"ListItem","position":2,"name":"Manual y programa"}]},{"@type":"WebSite","@id":"https:\/\/aptus-holland.com\/es\/#website","url":"https:\/\/aptus-holland.com\/es\/","name":"Aptus Holland","description":"Plant Tech","publisher":{"@id":"https:\/\/aptus-holland.com\/es\/#organization"},"potentialAction":[{"@type":"SearchAction","target":{"@type":"EntryPoint","urlTemplate":"https:\/\/aptus-holland.com\/es\/?s={search_term_string}"},"query-input":{"@type":"PropertyValueSpecification","valueRequired":true,"valueName":"search_term_string"}}],"inLanguage":"es"},{"@type":"Organization","@id":"https:\/\/aptus-holland.com\/es\/#organization","name":"Aptus Holland","url":"https:\/\/aptus-holland.com\/es\/","logo":{"@type":"ImageObject","inLanguage":"es","@id":"https:\/\/aptus-holland.com\/es\/#\/schema\/logo\/image\/","url":"https:\/\/aptus-holland.com\/wp-content\/uploads\/2021\/07\/logo-aptus-holland.png","contentUrl":"https:\/\/aptus-holland.com\/wp-content\/uploads\/2021\/07\/logo-aptus-holland.png","width":365,"height":200,"caption":"Aptus Holland"},"image":{"@id":"https:\/\/aptus-holland.com\/es\/#\/schema\/logo\/image\/"}}]}},"_links":{"self":[{"href":"https:\/\/aptus-holland.com\/es\/wp-json\/wp\/v2\/pages\/34396","targetHints":{"allow":["GET"]}}],"collection":[{"href":"https:\/\/aptus-holland.com\/es\/wp-json\/wp\/v2\/pages"}],"about":[{"href":"https:\/\/aptus-holland.com\/es\/wp-json\/wp\/v2\/types\/page"}],"author":[{"embeddable":true,"href":"https:\/\/aptus-holland.com\/es\/wp-json\/wp\/v2\/users\/2"}],"replies":[{"embeddable":true,"href":"https:\/\/aptus-holland.com\/es\/wp-json\/wp\/v2\/comments?post=34396"}],"version-history":[{"count":11,"href":"https:\/\/aptus-holland.com\/es\/wp-json\/wp\/v2\/pages\/34396\/revisions"}],"predecessor-version":[{"id":38617,"href":"https:\/\/aptus-holland.com\/es\/wp-json\/wp\/v2\/pages\/34396\/revisions\/38617"}],"wp:featuredmedia":[{"embeddable":true,"href":"https:\/\/aptus-holland.com\/es\/wp-json\/wp\/v2\/media\/31344"}],"wp:attachment":[{"href":"https:\/\/aptus-holland.com\/es\/wp-json\/wp\/v2\/media?parent=34396"}],"curies":[{"name":"wp","href":"https:\/\/api.w.org\/{rel}","templated":true}]}}