{"id":38141,"date":"2025-03-06T15:07:59","date_gmt":"2025-03-06T15:07:59","guid":{"rendered":"https:\/\/aptus-holland.com\/produkte\/all-in-one-pro\/"},"modified":"2025-03-06T15:26:34","modified_gmt":"2025-03-06T15:26:34","slug":"all-in-one-pro","status":"publish","type":"page","link":"https:\/\/aptus-holland.com\/de\/produkte\/all-in-one-pro\/","title":{"rendered":"All-In-One Pro"},"content":{"rendered":"\t\t<div data-elementor-type=\"wp-page\" data-elementor-id=\"38141\" class=\"elementor elementor-38141 elementor-38124\" data-elementor-settings=\"[]\">\n\t\t\t\t\t\t\t<div class=\"elementor-section-wrap\">\n\t\t\t\t\t\t\t<section class=\"elementor-section elementor-top-section elementor-element elementor-element-cb4074c elementor-section-full_width ot-traditional elementor-section-height-default elementor-section-height-default\" data-id=\"cb4074c\" data-element_type=\"section\">\n\t\t\t\t\t\t<div class=\"elementor-container elementor-column-gap-extended\">\n\t\t\t\t\t<div class=\"elementor-column elementor-col-50 elementor-top-column elementor-element elementor-element-ccf0919 ot-column-items-top ot-flex-column-vertical\" data-id=\"ccf0919\" data-element_type=\"column\">\n\t\t\t<div class=\"elementor-widget-wrap elementor-element-populated\">\n\t\t\t\t\t\t\t\t<div class=\"elementor-element elementor-element-85abb63 product-img-aptus elementor-widget elementor-widget-image\" data-id=\"85abb63\" data-element_type=\"widget\" data-widget_type=\"image.default\">\n\t\t\t\t<div class=\"elementor-widget-container\">\n\t\t\t\t\t\t\t\t\t\t\t\t\t\t\t<img loading=\"lazy\" decoding=\"async\" width=\"800\" height=\"661\" src=\"https:\/\/aptus-holland.com\/wp-content\/uploads\/2025\/03\/Aptus-Holland-All-in-One-Pro-fam.webp\" class=\"attachment-full size-full\" alt=\"\" srcset=\"https:\/\/aptus-holland.com\/wp-content\/uploads\/2025\/03\/Aptus-Holland-All-in-One-Pro-fam.webp 800w, https:\/\/aptus-holland.com\/wp-content\/uploads\/2025\/03\/Aptus-Holland-All-in-One-Pro-fam-300x248.webp 300w, https:\/\/aptus-holland.com\/wp-content\/uploads\/2025\/03\/Aptus-Holland-All-in-One-Pro-fam-768x635.webp 768w, https:\/\/aptus-holland.com\/wp-content\/uploads\/2025\/03\/Aptus-Holland-All-in-One-Pro-fam-720x595.webp 720w, https:\/\/aptus-holland.com\/wp-content\/uploads\/2025\/03\/Aptus-Holland-All-in-One-Pro-fam-24x20.webp 24w, https:\/\/aptus-holland.com\/wp-content\/uploads\/2025\/03\/Aptus-Holland-All-in-One-Pro-fam-36x30.webp 36w, https:\/\/aptus-holland.com\/wp-content\/uploads\/2025\/03\/Aptus-Holland-All-in-One-Pro-fam-48x40.webp 48w\" sizes=\"auto, (max-width: 800px) 100vw, 800px\" \/>\t\t\t\t\t\t\t\t\t\t\t\t\t\t\t<\/div>\n\t\t\t\t<\/div>\n\t\t\t\t\t<\/div>\n\t\t<\/div>\n\t\t\t\t<div class=\"elementor-column elementor-col-50 elementor-top-column elementor-element elementor-element-9e78e1d ot-flex-column-vertical elementor-invisible\" data-id=\"9e78e1d\" data-element_type=\"column\" data-settings=\"{&quot;background_background&quot;:&quot;classic&quot;,&quot;animation&quot;:&quot;fadeInRight&quot;}\">\n\t\t\t<div class=\"elementor-widget-wrap elementor-element-populated\">\n\t\t\t\t\t\t\t\t<div class=\"elementor-element elementor-element-925ee15 elementor-widget elementor-widget-iheading\" data-id=\"925ee15\" data-element_type=\"widget\" data-widget_type=\"iheading.default\">\n\t\t\t\t<div class=\"elementor-widget-container\">\n\t\t\t\t\t<div class=\"ot-heading\">\r\n\t        \t            <span>\/\/ 100 % wasserl\u00f6slicher<\/span>\r\n\t        <h2 class=\"main-heading\">All-in-One Pro<\/h2>\t    <\/div>\r\n\t    \t\t<\/div>\n\t\t\t\t<\/div>\n\t\t\t\t<div class=\"elementor-element elementor-element-f9ab05f elementor-widget elementor-widget-text-editor\" data-id=\"f9ab05f\" data-element_type=\"widget\" data-widget_type=\"text-editor.default\">\n\t\t\t\t<div class=\"elementor-widget-container\">\n\t\t\t\t\t\t\t\t<p>ALL-IN-ONE PRO ist ein 100 % wasserl\u00f6slicher, hochkonzentrierter Minerald\u00fcnger, der f\u00fcr professionelle und kommerzielle Anbauer entwickelt wurde. Er bietet eine komplette, ausgewogene N\u00e4hrstoffl\u00f6sung, die Pflanzen w\u00e4hrend ihres gesamten Lebenszyklus unterst\u00fctzt \u2013 von der vegetativen Phase bis zur Bl\u00fcte. Entwickelt f\u00fcr pr\u00e4zisen Anbau, sorgt diese Formel f\u00fcr optimales Wachstum, maximale Ertr\u00e4ge und hochwertige Ergebnisse in jedem Anbausystem.<\/p>\t\t\t\t\t\t<\/div>\n\t\t\t\t<\/div>\n\t\t\t\t\t<\/div>\n\t\t<\/div>\n\t\t\t\t\t\t\t<\/div>\n\t\t<\/section>\n\t\t\t\t<section class=\"elementor-section elementor-top-section elementor-element elementor-element-683d3b1 groene-vlakken-producten ot-traditional elementor-section-boxed elementor-section-height-default elementor-section-height-default\" data-id=\"683d3b1\" data-element_type=\"section\" data-settings=\"{&quot;background_background&quot;:&quot;classic&quot;}\">\n\t\t\t\t\t\t<div class=\"elementor-container elementor-column-gap-extended\">\n\t\t\t\t\t<div class=\"elementor-column elementor-col-50 elementor-top-column elementor-element elementor-element-9aaa582 ot-flex-column-vertical\" data-id=\"9aaa582\" data-element_type=\"column\">\n\t\t\t<div class=\"elementor-widget-wrap elementor-element-populated\">\n\t\t\t\t\t\t\t\t<div class=\"elementor-element elementor-element-d58ba4b elementor-widget elementor-widget-iheading\" data-id=\"d58ba4b\" data-element_type=\"widget\" data-widget_type=\"iheading.default\">\n\t\t\t\t<div class=\"elementor-widget-container\">\n\t\t\t\t\t<div class=\"ot-heading\">\r\n\t        <h2 class=\"main-heading\">WOZU ALL-IN-ONE PRO?<\/h2>\t    <\/div>\r\n\t    \t\t<\/div>\n\t\t\t\t<\/div>\n\t\t\t\t<div class=\"elementor-element elementor-element-b6c8371 elementor-icon-list--layout-traditional elementor-list-item-link-full_width elementor-widget elementor-widget-icon-list\" data-id=\"b6c8371\" data-element_type=\"widget\" data-widget_type=\"icon-list.default\">\n\t\t\t\t<div class=\"elementor-widget-container\">\n\t\t\t\t\t<ul class=\"elementor-icon-list-items\">\n\t\t\t\t\t\t\t<li class=\"elementor-icon-list-item\">\n\t\t\t\t\t\t\t\t\t\t\t<span class=\"elementor-icon-list-icon\">\n\t\t\t\t\t\t\t<i aria-hidden=\"true\" class=\"fas fa-check\"><\/i>\t\t\t\t\t\t<\/span>\n\t\t\t\t\t\t\t\t\t\t<span class=\"elementor-icon-list-text\">Komplett & ausgewogen \u2013 Enth\u00e4lt alle essentiellen Makro-, Meso- und Mikron\u00e4hrstoffe f\u00fcr eine vollst\u00e4ndige Pflanzenern\u00e4hrung.<\/span>\n\t\t\t\t\t\t\t\t\t<\/li>\n\t\t\t\t\t\t\t\t<li class=\"elementor-icon-list-item\">\n\t\t\t\t\t\t\t\t\t\t\t<span class=\"elementor-icon-list-icon\">\n\t\t\t\t\t\t\t<i aria-hidden=\"true\" class=\"fas fa-check\"><\/i>\t\t\t\t\t\t<\/span>\n\t\t\t\t\t\t\t\t\t\t<span class=\"elementor-icon-list-text\">Hochkonzentriert \u2013 Geringe Anwendungsmengen machen es kosteneffizient und wirksam.<\/span>\n\t\t\t\t\t\t\t\t\t<\/li>\n\t\t\t\t\t\t\t\t<li class=\"elementor-icon-list-item\">\n\t\t\t\t\t\t\t\t\t\t\t<span class=\"elementor-icon-list-icon\">\n\t\t\t\t\t\t\t<i aria-hidden=\"true\" class=\"fas fa-check\"><\/i>\t\t\t\t\t\t<\/span>\n\t\t\t\t\t\t\t\t\t\t<span class=\"elementor-icon-list-text\">pH-stabil \u2013 Integrierter pH-Puffer gew\u00e4hrleistet eine stabile N\u00e4hrstoffverf\u00fcgbarkeit f\u00fcr bis zu 10 Tage im Tank.<\/span>\n\t\t\t\t\t\t\t\t\t<\/li>\n\t\t\t\t\t\t\t\t<li class=\"elementor-icon-list-item\">\n\t\t\t\t\t\t\t\t\t\t\t<span class=\"elementor-icon-list-icon\">\n\t\t\t\t\t\t\t<i aria-hidden=\"true\" class=\"fas fa-check\"><\/i>\t\t\t\t\t\t<\/span>\n\t\t\t\t\t\t\t\t\t\t<span class=\"elementor-icon-list-text\">Vollst\u00e4ndig wasserl\u00f6slich \u2013 Keine R\u00fcckst\u00e4nde oder Verstopfungen, ideal f\u00fcr Hydroponik, Erde und Kokos.<\/span>\n\t\t\t\t\t\t\t\t\t<\/li>\n\t\t\t\t\t\t\t\t<li class=\"elementor-icon-list-item\">\n\t\t\t\t\t\t\t\t\t\t\t<span class=\"elementor-icon-list-icon\">\n\t\t\t\t\t\t\t<i aria-hidden=\"true\" class=\"fas fa-check\"><\/i>\t\t\t\t\t\t<\/span>\n\t\t\t\t\t\t\t\t\t\t<span class=\"elementor-icon-list-text\">Geeignet f\u00fcr alle Anbaumethoden, einschlie\u00dflich rezirkulierender und Drain-to-Waste-Systeme.<\/span>\n\t\t\t\t\t\t\t\t\t<\/li>\n\t\t\t\t\t\t\t\t<li class=\"elementor-icon-list-item\">\n\t\t\t\t\t\t\t\t\t\t\t<span class=\"elementor-icon-list-icon\">\n\t\t\t\t\t\t\t<i aria-hidden=\"true\" class=\"fas fa-check\"><\/i>\t\t\t\t\t\t<\/span>\n\t\t\t\t\t\t\t\t\t\t<span class=\"elementor-icon-list-text\">Verbraucht bis zu 30 % weniger D\u00fcnger im Vergleich zu Standard-Minerald\u00fcngern.<\/span>\n\t\t\t\t\t\t\t\t\t<\/li>\n\t\t\t\t\t\t\t\t<li class=\"elementor-icon-list-item\">\n\t\t\t\t\t\t\t\t\t\t\t<span class=\"elementor-icon-list-icon\">\n\t\t\t\t\t\t\t<i aria-hidden=\"true\" class=\"fas fa-check\"><\/i>\t\t\t\t\t\t<\/span>\n\t\t\t\t\t\t\t\t\t\t<span class=\"elementor-icon-list-text\">Formuliert mit geringem Schwermetallgehalt und hergestellt nach strengen ISO-Standards.<\/span>\n\t\t\t\t\t\t\t\t\t<\/li>\n\t\t\t\t\t\t<\/ul>\n\t\t\t\t<\/div>\n\t\t\t\t<\/div>\n\t\t\t\t\t<\/div>\n\t\t<\/div>\n\t\t\t\t<div class=\"elementor-column elementor-col-50 elementor-top-column elementor-element elementor-element-f46f3a7 ot-flex-column-vertical\" data-id=\"f46f3a7\" data-element_type=\"column\">\n\t\t\t<div class=\"elementor-widget-wrap elementor-element-populated\">\n\t\t\t\t\t\t\t\t<div class=\"elementor-element elementor-element-9b95014 elementor-aspect-ratio-169 elementor-widget elementor-widget-video\" data-id=\"9b95014\" data-element_type=\"widget\" data-settings=\"{&quot;youtube_url&quot;:&quot;https:\\\/\\\/www.youtube.com\\\/watch?v=NfcU9MBE29A&amp;ab_channel=AptusPlantTech&quot;,&quot;video_type&quot;:&quot;youtube&quot;,&quot;controls&quot;:&quot;yes&quot;,&quot;aspect_ratio&quot;:&quot;169&quot;}\" data-widget_type=\"video.default\">\n\t\t\t\t<div class=\"elementor-widget-container\">\n\t\t\t\t\t<div class=\"elementor-wrapper elementor-fit-aspect-ratio elementor-open-inline\">\n\t\t\t<div class=\"elementor-video\"><\/div>\t\t<\/div>\n\t\t\t\t<\/div>\n\t\t\t\t<\/div>\n\t\t\t\t\t<\/div>\n\t\t<\/div>\n\t\t\t\t\t\t\t<\/div>\n\t\t<\/section>\n\t\t\t\t<section class=\"elementor-section elementor-top-section elementor-element elementor-element-3946652 elementor-section-full_width groene-vlakken-producten ot-traditional elementor-section-height-default elementor-section-height-default\" data-id=\"3946652\" data-element_type=\"section\" data-settings=\"{&quot;background_background&quot;:&quot;classic&quot;}\">\n\t\t\t\t\t\t<div class=\"elementor-container elementor-column-gap-extended\">\n\t\t\t\t\t<div class=\"elementor-column elementor-col-50 elementor-top-column elementor-element elementor-element-42163fa ot-flex-column-vertical\" data-id=\"42163fa\" data-element_type=\"column\" data-settings=\"{&quot;background_background&quot;:&quot;classic&quot;,&quot;animation&quot;:&quot;none&quot;}\">\n\t\t\t<div class=\"elementor-widget-wrap elementor-element-populated\">\n\t\t\t\t\t\t\t\t<div class=\"elementor-element elementor-element-adaf3f4 product-pagina-inhoud elementor-invisible elementor-widget elementor-widget-text-editor\" data-id=\"adaf3f4\" data-element_type=\"widget\" data-settings=\"{&quot;_animation_delay&quot;:600,&quot;_animation&quot;:&quot;fadeInLeft&quot;}\" data-widget_type=\"text-editor.default\">\n\t\t\t\t<div class=\"elementor-widget-container\">\n\t\t\t\t\t\t\t\t<h2>WIE VERWENDET MAN ALL-IN-ONE PRO?<\/h2><p>100 % wasserl\u00f6slich, geeignet f\u00fcr Bew\u00e4sserungssysteme, Fertigation oder manuelles Gie\u00dfen.<br \/>Dosierung: Standard-Verd\u00fcnnungsrate 0,5 &#8211; 2 g\/L Wasser.<\/p><ul><li>EC-Richtwerte:<ul><li>\u00a00,5 g\/L = 0,5 EC<\/li><li>o 1 g\/L = 1,0 EC<\/li><li>o 1,5 g\/L = 1,5 EC<\/li><li>2 g\/L = 2,0 EC<\/li><\/ul><\/li><\/ul><p>Die N\u00e4hrstoffl\u00f6sung bleibt bis zu 10 Tage pH-stabil, wenn sie richtig gemischt wird. Die Dosierung sollte je nach Pflanzenbedarf, Wachstumsphase und Umweltfaktoren angepasst werden.<\/p>\t\t\t\t\t\t<\/div>\n\t\t\t\t<\/div>\n\t\t\t\t<div class=\"elementor-element elementor-element-9d139e3 product-pagina-inhoud elementor-invisible elementor-widget elementor-widget-text-editor\" data-id=\"9d139e3\" data-element_type=\"widget\" data-settings=\"{&quot;_animation_delay&quot;:600,&quot;_animation&quot;:&quot;fadeInLeft&quot;}\" data-widget_type=\"text-editor.default\">\n\t\t\t\t<div class=\"elementor-widget-container\">\n\t\t\t\t\t\t\t\t<h2>ALL-IN-ONE PRO ENTH\u00c4LT<\/h2><p>Eine pr\u00e4zise &amp; vollst\u00e4ndige Mischung aus Makro-, Meso- und Mikroelementen, um gesundes Wachstum zu f\u00f6rdern und den Ertrag zu maximieren:<\/p><ul><li><strong>Makron\u00e4hrstoffe:<\/strong> Stickstoff (N), Phosphor (P), Kalium (K)<\/li><li><strong>Sekund\u00e4re N\u00e4hrstoffe:<\/strong> Kalzium (Ca), Magnesium (Mg), Schwefel (S)<\/li><li><strong>Mikron\u00e4hrstoffe:<\/strong> Eisen (Fe), Mangan (Mn), Zink (Zn), Kupfer (Cu), Bor (B), Molybd\u00e4n (Mo)<\/li><\/ul>\t\t\t\t\t\t<\/div>\n\t\t\t\t<\/div>\n\t\t\t\t\t<\/div>\n\t\t<\/div>\n\t\t\t\t<div class=\"elementor-column elementor-col-50 elementor-top-column elementor-element elementor-element-cf69460 ot-flex-column-vertical\" data-id=\"cf69460\" data-element_type=\"column\" data-settings=\"{&quot;background_background&quot;:&quot;classic&quot;}\">\n\t\t\t<div class=\"elementor-widget-wrap elementor-element-populated\">\n\t\t\t\t\t\t\t\t<div class=\"elementor-element elementor-element-5e91773 product-pagina-inhoud elementor-invisible elementor-widget elementor-widget-text-editor\" data-id=\"5e91773\" data-element_type=\"widget\" data-settings=\"{&quot;_animation_delay&quot;:600,&quot;_animation&quot;:&quot;fadeInRight&quot;}\" data-widget_type=\"text-editor.default\">\n\t\t\t\t<div class=\"elementor-widget-container\">\n\t\t\t\t\t\t\t\t<h2>WIE ALL-IN-ONE PRO WIRKT?<\/h2><p>ALL-IN-ONE PRO liefert ausgewogene N\u00e4hrstoffe \u00fcber den gesamten Wachstumszyklus, um eine optimale N\u00e4hrstoffaufnahme und Pflanzengesundheit zu gew\u00e4hrleisten.<\/p><ul><li>Optimiert f\u00fcr den kommerziellen Anbau \u2013 Reduziert D\u00fcngerabf\u00e4lle, senkt Betriebskosten und vereinfacht das N\u00e4hrstoffmanagement.<\/li><li>Bietet eine stabile N\u00e4hrstoffversorgung \u2013 Stellt sicher, dass Pflanzen eine gleichm\u00e4\u00dfige und pr\u00e4zise Mischung essentieller Elemente erhalten.<\/li><\/ul>\t\t\t\t\t\t<\/div>\n\t\t\t\t<\/div>\n\t\t\t\t<div class=\"elementor-element elementor-element-c2492b1 product-pagina-inhoud elementor-invisible elementor-widget elementor-widget-text-editor\" data-id=\"c2492b1\" data-element_type=\"widget\" data-settings=\"{&quot;_animation_delay&quot;:600,&quot;_animation&quot;:&quot;fadeInRight&quot;}\" data-widget_type=\"text-editor.default\">\n\t\t\t\t<div class=\"elementor-widget-container\">\n\t\t\t\t\t\t\t\t<h2>TIPPS VON ERFOLGREICHEN PFLANZENZ\u00dcCHTERN<\/h2><ul><li>EC-Werte anpassen \u2013 Die N\u00e4hrstoffst\u00e4rke je nach Pflanzenbedarf und Umweltbedingungen feinjustieren.<\/li><li>Mit Aptus Boostern kombinieren \u2013 Die Verwendung von Aptus-Zus\u00e4tzen steigert Widerstandsf\u00e4higkeit, Aroma und Ertrag.<\/li><li>An dein System anpassen \u2013 Geeignet f\u00fcr Tropfbew\u00e4sserung, Hydroponik, Kokos, Erde und rezirkulierende Systeme.<\/li><\/ul>\t\t\t\t\t\t<\/div>\n\t\t\t\t<\/div>\n\t\t\t\t\t<\/div>\n\t\t<\/div>\n\t\t\t\t\t\t\t<\/div>\n\t\t<\/section>\n\t\t\t\t\t\t<\/div>\n\t\t\t\t\t<\/div>\n\t\t","protected":false},"excerpt":{"rendered":"<p>\/\/ 100 % wasserl\u00f6slicher All-in-One Pro ALL-IN-ONE PRO ist ein 100 % wasserl\u00f6slicher, hochkonzentrierter Minerald\u00fcnger, der f\u00fcr professionelle und kommerzielle Anbauer entwickelt wurde. Er bietet eine komplette, ausgewogene N\u00e4hrstoffl\u00f6sung, die Pflanzen w\u00e4hrend ihres gesamten Lebenszyklus unterst\u00fctzt \u2013 von der vegetativen Phase bis zur Bl\u00fcte. Entwickelt f\u00fcr pr\u00e4zisen Anbau, sorgt diese Formel f\u00fcr optimales Wachstum, maximale [&hellip;]<\/p>\n","protected":false},"author":2,"featured_media":0,"parent":34094,"menu_order":0,"comment_status":"closed","ping_status":"closed","template":"","meta":{"_monsterinsights_skip_tracking":false,"_monsterinsights_sitenote_active":false,"_monsterinsights_sitenote_note":"","_monsterinsights_sitenote_category":0,"footnotes":""},"class_list":["post-38141","page","type-page","status-publish","hentry"],"yoast_head":"<!-- This site is optimized with the Yoast SEO plugin v27.0 - https:\/\/yoast.com\/product\/yoast-seo-wordpress\/ -->\n<title>All-In-One Pro - Aptus Holland<\/title>\n<meta name=\"robots\" content=\"index, follow, max-snippet:-1, max-image-preview:large, max-video-preview:-1\" \/>\n<link rel=\"canonical\" href=\"https:\/\/aptus-holland.com\/de\/produkte\/all-in-one-pro\/\" \/>\n<meta property=\"og:locale\" content=\"de_DE\" \/>\n<meta property=\"og:type\" content=\"article\" \/>\n<meta property=\"og:title\" content=\"All-In-One Pro - Aptus Holland\" \/>\n<meta property=\"og:description\" content=\"\/\/ 100 % wasserl\u00f6slicher All-in-One Pro ALL-IN-ONE PRO ist ein 100 % wasserl\u00f6slicher, hochkonzentrierter Minerald\u00fcnger, der f\u00fcr professionelle und kommerzielle Anbauer entwickelt wurde. Er bietet eine komplette, ausgewogene N\u00e4hrstoffl\u00f6sung, die Pflanzen w\u00e4hrend ihres gesamten Lebenszyklus unterst\u00fctzt \u2013 von der vegetativen Phase bis zur Bl\u00fcte. Entwickelt f\u00fcr pr\u00e4zisen Anbau, sorgt diese Formel f\u00fcr optimales Wachstum, maximale [&hellip;]\" \/>\n<meta property=\"og:url\" content=\"https:\/\/aptus-holland.com\/de\/produkte\/all-in-one-pro\/\" \/>\n<meta property=\"og:site_name\" content=\"Aptus Holland\" \/>\n<meta property=\"article:modified_time\" content=\"2025-03-06T15:26:34+00:00\" \/>\n<meta property=\"og:image\" content=\"http:\/\/aptus-holland.com\/wp-content\/uploads\/2025\/03\/Aptus-Holland-All-in-One-Pro-fam.webp\" \/>\n<meta name=\"twitter:card\" content=\"summary_large_image\" \/>\n<meta name=\"twitter:label1\" content=\"Gesch\u00e4tzte Lesezeit\" \/>\n\t<meta name=\"twitter:data1\" content=\"3\u00a0Minuten\" \/>\n<script type=\"application\/ld+json\" class=\"yoast-schema-graph\">{\"@context\":\"https:\/\/schema.org\",\"@graph\":[{\"@type\":\"WebPage\",\"@id\":\"https:\/\/aptus-holland.com\/de\/produkte\/all-in-one-pro\/\",\"url\":\"https:\/\/aptus-holland.com\/de\/produkte\/all-in-one-pro\/\",\"name\":\"All-In-One Pro - Aptus Holland\",\"isPartOf\":{\"@id\":\"https:\/\/aptus-holland.com\/de\/#website\"},\"primaryImageOfPage\":{\"@id\":\"https:\/\/aptus-holland.com\/de\/produkte\/all-in-one-pro\/#primaryimage\"},\"image\":{\"@id\":\"https:\/\/aptus-holland.com\/de\/produkte\/all-in-one-pro\/#primaryimage\"},\"thumbnailUrl\":\"http:\/\/aptus-holland.com\/wp-content\/uploads\/2025\/03\/Aptus-Holland-All-in-One-Pro-fam.webp\",\"datePublished\":\"2025-03-06T15:07:59+00:00\",\"dateModified\":\"2025-03-06T15:26:34+00:00\",\"breadcrumb\":{\"@id\":\"https:\/\/aptus-holland.com\/de\/produkte\/all-in-one-pro\/#breadcrumb\"},\"inLanguage\":\"de\",\"potentialAction\":[{\"@type\":\"ReadAction\",\"target\":[\"https:\/\/aptus-holland.com\/de\/produkte\/all-in-one-pro\/\"]}]},{\"@type\":\"ImageObject\",\"inLanguage\":\"de\",\"@id\":\"https:\/\/aptus-holland.com\/de\/produkte\/all-in-one-pro\/#primaryimage\",\"url\":\"http:\/\/aptus-holland.com\/wp-content\/uploads\/2025\/03\/Aptus-Holland-All-in-One-Pro-fam.webp\",\"contentUrl\":\"http:\/\/aptus-holland.com\/wp-content\/uploads\/2025\/03\/Aptus-Holland-All-in-One-Pro-fam.webp\"},{\"@type\":\"BreadcrumbList\",\"@id\":\"https:\/\/aptus-holland.com\/de\/produkte\/all-in-one-pro\/#breadcrumb\",\"itemListElement\":[{\"@type\":\"ListItem\",\"position\":1,\"name\":\"Home\",\"item\":\"https:\/\/aptus-holland.com\/de\/\"},{\"@type\":\"ListItem\",\"position\":2,\"name\":\"Produkte\",\"item\":\"https:\/\/aptus-holland.com\/de\/products\/\"},{\"@type\":\"ListItem\",\"position\":3,\"name\":\"All-In-One Pro\"}]},{\"@type\":\"WebSite\",\"@id\":\"https:\/\/aptus-holland.com\/de\/#website\",\"url\":\"https:\/\/aptus-holland.com\/de\/\",\"name\":\"Aptus Holland\",\"description\":\"Plant Tech\",\"publisher\":{\"@id\":\"https:\/\/aptus-holland.com\/de\/#organization\"},\"potentialAction\":[{\"@type\":\"SearchAction\",\"target\":{\"@type\":\"EntryPoint\",\"urlTemplate\":\"https:\/\/aptus-holland.com\/de\/?s={search_term_string}\"},\"query-input\":{\"@type\":\"PropertyValueSpecification\",\"valueRequired\":true,\"valueName\":\"search_term_string\"}}],\"inLanguage\":\"de\"},{\"@type\":\"Organization\",\"@id\":\"https:\/\/aptus-holland.com\/de\/#organization\",\"name\":\"Aptus Holland\",\"url\":\"https:\/\/aptus-holland.com\/de\/\",\"logo\":{\"@type\":\"ImageObject\",\"inLanguage\":\"de\",\"@id\":\"https:\/\/aptus-holland.com\/de\/#\/schema\/logo\/image\/\",\"url\":\"https:\/\/aptus-holland.com\/wp-content\/uploads\/2021\/07\/logo-aptus-holland.png\",\"contentUrl\":\"https:\/\/aptus-holland.com\/wp-content\/uploads\/2021\/07\/logo-aptus-holland.png\",\"width\":365,\"height\":200,\"caption\":\"Aptus Holland\"},\"image\":{\"@id\":\"https:\/\/aptus-holland.com\/de\/#\/schema\/logo\/image\/\"}}]}<\/script>\n<!-- \/ Yoast SEO plugin. -->","yoast_head_json":{"title":"All-In-One Pro - Aptus Holland","robots":{"index":"index","follow":"follow","max-snippet":"max-snippet:-1","max-image-preview":"max-image-preview:large","max-video-preview":"max-video-preview:-1"},"canonical":"https:\/\/aptus-holland.com\/de\/produkte\/all-in-one-pro\/","og_locale":"de_DE","og_type":"article","og_title":"All-In-One Pro - Aptus Holland","og_description":"\/\/ 100 % wasserl\u00f6slicher All-in-One Pro ALL-IN-ONE PRO ist ein 100 % wasserl\u00f6slicher, hochkonzentrierter Minerald\u00fcnger, der f\u00fcr professionelle und kommerzielle Anbauer entwickelt wurde. Er bietet eine komplette, ausgewogene N\u00e4hrstoffl\u00f6sung, die Pflanzen w\u00e4hrend ihres gesamten Lebenszyklus unterst\u00fctzt \u2013 von der vegetativen Phase bis zur Bl\u00fcte. Entwickelt f\u00fcr pr\u00e4zisen Anbau, sorgt diese Formel f\u00fcr optimales Wachstum, maximale [&hellip;]","og_url":"https:\/\/aptus-holland.com\/de\/produkte\/all-in-one-pro\/","og_site_name":"Aptus Holland","article_modified_time":"2025-03-06T15:26:34+00:00","og_image":[{"url":"http:\/\/aptus-holland.com\/wp-content\/uploads\/2025\/03\/Aptus-Holland-All-in-One-Pro-fam.webp","type":"","width":"","height":""}],"twitter_card":"summary_large_image","twitter_misc":{"Gesch\u00e4tzte Lesezeit":"3\u00a0Minuten"},"schema":{"@context":"https:\/\/schema.org","@graph":[{"@type":"WebPage","@id":"https:\/\/aptus-holland.com\/de\/produkte\/all-in-one-pro\/","url":"https:\/\/aptus-holland.com\/de\/produkte\/all-in-one-pro\/","name":"All-In-One Pro - Aptus Holland","isPartOf":{"@id":"https:\/\/aptus-holland.com\/de\/#website"},"primaryImageOfPage":{"@id":"https:\/\/aptus-holland.com\/de\/produkte\/all-in-one-pro\/#primaryimage"},"image":{"@id":"https:\/\/aptus-holland.com\/de\/produkte\/all-in-one-pro\/#primaryimage"},"thumbnailUrl":"http:\/\/aptus-holland.com\/wp-content\/uploads\/2025\/03\/Aptus-Holland-All-in-One-Pro-fam.webp","datePublished":"2025-03-06T15:07:59+00:00","dateModified":"2025-03-06T15:26:34+00:00","breadcrumb":{"@id":"https:\/\/aptus-holland.com\/de\/produkte\/all-in-one-pro\/#breadcrumb"},"inLanguage":"de","potentialAction":[{"@type":"ReadAction","target":["https:\/\/aptus-holland.com\/de\/produkte\/all-in-one-pro\/"]}]},{"@type":"ImageObject","inLanguage":"de","@id":"https:\/\/aptus-holland.com\/de\/produkte\/all-in-one-pro\/#primaryimage","url":"http:\/\/aptus-holland.com\/wp-content\/uploads\/2025\/03\/Aptus-Holland-All-in-One-Pro-fam.webp","contentUrl":"http:\/\/aptus-holland.com\/wp-content\/uploads\/2025\/03\/Aptus-Holland-All-in-One-Pro-fam.webp"},{"@type":"BreadcrumbList","@id":"https:\/\/aptus-holland.com\/de\/produkte\/all-in-one-pro\/#breadcrumb","itemListElement":[{"@type":"ListItem","position":1,"name":"Home","item":"https:\/\/aptus-holland.com\/de\/"},{"@type":"ListItem","position":2,"name":"Produkte","item":"https:\/\/aptus-holland.com\/de\/products\/"},{"@type":"ListItem","position":3,"name":"All-In-One Pro"}]},{"@type":"WebSite","@id":"https:\/\/aptus-holland.com\/de\/#website","url":"https:\/\/aptus-holland.com\/de\/","name":"Aptus Holland","description":"Plant Tech","publisher":{"@id":"https:\/\/aptus-holland.com\/de\/#organization"},"potentialAction":[{"@type":"SearchAction","target":{"@type":"EntryPoint","urlTemplate":"https:\/\/aptus-holland.com\/de\/?s={search_term_string}"},"query-input":{"@type":"PropertyValueSpecification","valueRequired":true,"valueName":"search_term_string"}}],"inLanguage":"de"},{"@type":"Organization","@id":"https:\/\/aptus-holland.com\/de\/#organization","name":"Aptus Holland","url":"https:\/\/aptus-holland.com\/de\/","logo":{"@type":"ImageObject","inLanguage":"de","@id":"https:\/\/aptus-holland.com\/de\/#\/schema\/logo\/image\/","url":"https:\/\/aptus-holland.com\/wp-content\/uploads\/2021\/07\/logo-aptus-holland.png","contentUrl":"https:\/\/aptus-holland.com\/wp-content\/uploads\/2021\/07\/logo-aptus-holland.png","width":365,"height":200,"caption":"Aptus Holland"},"image":{"@id":"https:\/\/aptus-holland.com\/de\/#\/schema\/logo\/image\/"}}]}},"_links":{"self":[{"href":"https:\/\/aptus-holland.com\/de\/wp-json\/wp\/v2\/pages\/38141","targetHints":{"allow":["GET"]}}],"collection":[{"href":"https:\/\/aptus-holland.com\/de\/wp-json\/wp\/v2\/pages"}],"about":[{"href":"https:\/\/aptus-holland.com\/de\/wp-json\/wp\/v2\/types\/page"}],"author":[{"embeddable":true,"href":"https:\/\/aptus-holland.com\/de\/wp-json\/wp\/v2\/users\/2"}],"replies":[{"embeddable":true,"href":"https:\/\/aptus-holland.com\/de\/wp-json\/wp\/v2\/comments?post=38141"}],"version-history":[{"count":4,"href":"https:\/\/aptus-holland.com\/de\/wp-json\/wp\/v2\/pages\/38141\/revisions"}],"predecessor-version":[{"id":38148,"href":"https:\/\/aptus-holland.com\/de\/wp-json\/wp\/v2\/pages\/38141\/revisions\/38148"}],"up":[{"embeddable":true,"href":"https:\/\/aptus-holland.com\/de\/wp-json\/wp\/v2\/pages\/34094"}],"wp:attachment":[{"href":"https:\/\/aptus-holland.com\/de\/wp-json\/wp\/v2\/media?parent=38141"}],"curies":[{"name":"wp","href":"https:\/\/api.w.org\/{rel}","templated":true}]}}