{"id":34668,"date":"2021-11-17T12:37:18","date_gmt":"2021-11-17T12:37:18","guid":{"rendered":"https:\/\/aptus-holland.com\/produkte\/mycor-mix\/"},"modified":"2023-08-18T08:05:04","modified_gmt":"2023-08-18T08:05:04","slug":"mycor-mix","status":"publish","type":"page","link":"https:\/\/aptus-holland.com\/de\/produkte\/mycor-mix\/","title":{"rendered":"Mycor Mix"},"content":{"rendered":"\t\t<div data-elementor-type=\"wp-page\" data-elementor-id=\"34668\" class=\"elementor elementor-34668 elementor-27991\" data-elementor-settings=\"[]\">\n\t\t\t\t\t\t\t<div class=\"elementor-section-wrap\">\n\t\t\t\t\t\t\t<section class=\"elementor-section elementor-top-section elementor-element elementor-element-cb4074c elementor-section-full_width ot-traditional elementor-section-height-default elementor-section-height-default\" data-id=\"cb4074c\" data-element_type=\"section\">\n\t\t\t\t\t\t<div class=\"elementor-container elementor-column-gap-extended\">\n\t\t\t\t\t<div class=\"elementor-column elementor-col-50 elementor-top-column elementor-element elementor-element-ccf0919 ot-column-items-top ot-flex-column-vertical\" data-id=\"ccf0919\" data-element_type=\"column\">\n\t\t\t<div class=\"elementor-widget-wrap elementor-element-populated\">\n\t\t\t\t\t\t\t\t<div class=\"elementor-element elementor-element-85abb63 product-img-aptus elementor-widget elementor-widget-image\" data-id=\"85abb63\" data-element_type=\"widget\" data-widget_type=\"image.default\">\n\t\t\t\t<div class=\"elementor-widget-container\">\n\t\t\t\t\t\t\t\t\t\t\t\t\t\t\t<img loading=\"lazy\" decoding=\"async\" width=\"600\" height=\"536\" src=\"https:\/\/aptus-holland.com\/wp-content\/uploads\/2022\/09\/mycor-fam-img-aptus.png\" class=\"attachment-full size-full\" alt=\"\" srcset=\"https:\/\/aptus-holland.com\/wp-content\/uploads\/2022\/09\/mycor-fam-img-aptus.png 600w, https:\/\/aptus-holland.com\/wp-content\/uploads\/2022\/09\/mycor-fam-img-aptus-300x268.png 300w, https:\/\/aptus-holland.com\/wp-content\/uploads\/2022\/09\/mycor-fam-img-aptus-24x21.png 24w, https:\/\/aptus-holland.com\/wp-content\/uploads\/2022\/09\/mycor-fam-img-aptus-36x32.png 36w, https:\/\/aptus-holland.com\/wp-content\/uploads\/2022\/09\/mycor-fam-img-aptus-48x43.png 48w\" sizes=\"auto, (max-width: 600px) 100vw, 600px\" \/>\t\t\t\t\t\t\t\t\t\t\t\t\t\t\t<\/div>\n\t\t\t\t<\/div>\n\t\t\t\t\t<\/div>\n\t\t<\/div>\n\t\t\t\t<div class=\"elementor-column elementor-col-50 elementor-top-column elementor-element elementor-element-9e78e1d ot-flex-column-vertical elementor-invisible\" data-id=\"9e78e1d\" data-element_type=\"column\" data-settings=\"{&quot;background_background&quot;:&quot;classic&quot;,&quot;animation&quot;:&quot;fadeInRight&quot;}\">\n\t\t\t<div class=\"elementor-widget-wrap elementor-element-populated\">\n\t\t\t\t\t\t\t\t<div class=\"elementor-element elementor-element-925ee15 elementor-widget elementor-widget-iheading\" data-id=\"925ee15\" data-element_type=\"widget\" data-widget_type=\"iheading.default\">\n\t\t\t\t<div class=\"elementor-widget-container\">\n\t\t\t\t\t<div class=\"ot-heading\">\r\n\t        \t            <span>\/\/ VERGR\u00d6SSERT DAS WURZELSYSTEM UND ERLEICHTERT DIE N\u00c4HRSTOFFAUFNAHME<\/span>\r\n\t        <h2 class=\"main-heading\">Mycor Mix <\/h2>\t    <\/div>\r\n\t    \t\t<\/div>\n\t\t\t\t<\/div>\n\t\t\t\t<div class=\"elementor-element elementor-element-f9ab05f elementor-widget elementor-widget-text-editor\" data-id=\"f9ab05f\" data-element_type=\"widget\" data-widget_type=\"text-editor.default\">\n\t\t\t\t<div class=\"elementor-widget-container\">\n\t\t\t\t\t\t\t\t<p>Mycor Mix vergr\u00f6\u00dfert das Wurzelsystem und erleichtert die N\u00e4hrstoffaufnahme. Mycor Mix enth\u00e4lt eine Mischung aus diversen Mycorrhizae-Spezies.<\/p>\t\t\t\t\t\t<\/div>\n\t\t\t\t<\/div>\n\t\t\t\t\t<\/div>\n\t\t<\/div>\n\t\t\t\t\t\t\t<\/div>\n\t\t<\/section>\n\t\t\t\t<section class=\"elementor-section elementor-top-section elementor-element elementor-element-683d3b1 groene-vlakken-producten ot-traditional elementor-section-boxed elementor-section-height-default elementor-section-height-default\" data-id=\"683d3b1\" data-element_type=\"section\" data-settings=\"{&quot;background_background&quot;:&quot;classic&quot;}\">\n\t\t\t\t\t\t<div class=\"elementor-container elementor-column-gap-extended\">\n\t\t\t\t\t<div class=\"elementor-column elementor-col-50 elementor-top-column elementor-element elementor-element-9aaa582 ot-flex-column-vertical\" data-id=\"9aaa582\" data-element_type=\"column\">\n\t\t\t<div class=\"elementor-widget-wrap elementor-element-populated\">\n\t\t\t\t\t\t\t\t<div class=\"elementor-element elementor-element-d58ba4b elementor-widget elementor-widget-iheading\" data-id=\"d58ba4b\" data-element_type=\"widget\" data-widget_type=\"iheading.default\">\n\t\t\t\t<div class=\"elementor-widget-container\">\n\t\t\t\t\t<div class=\"ot-heading\">\r\n\t        <h2 class=\"main-heading\">Wozu Mycor Mix?<\/h2>\t    <\/div>\r\n\t    \t\t<\/div>\n\t\t\t\t<\/div>\n\t\t\t\t<div class=\"elementor-element elementor-element-b6c8371 elementor-icon-list--layout-traditional elementor-list-item-link-full_width elementor-widget elementor-widget-icon-list\" data-id=\"b6c8371\" data-element_type=\"widget\" data-widget_type=\"icon-list.default\">\n\t\t\t\t<div class=\"elementor-widget-container\">\n\t\t\t\t\t<ul class=\"elementor-icon-list-items\">\n\t\t\t\t\t\t\t<li class=\"elementor-icon-list-item\">\n\t\t\t\t\t\t\t\t\t\t\t<span class=\"elementor-icon-list-icon\">\n\t\t\t\t\t\t\t<i aria-hidden=\"true\" class=\"fas fa-check\"><\/i>\t\t\t\t\t\t<\/span>\n\t\t\t\t\t\t\t\t\t\t<span class=\"elementor-icon-list-text\">Vergr\u00f6\u00dfert das Wuzelsystem bis zu 700 mal!<\/span>\n\t\t\t\t\t\t\t\t\t<\/li>\n\t\t\t\t\t\t\t\t<li class=\"elementor-icon-list-item\">\n\t\t\t\t\t\t\t\t\t\t\t<span class=\"elementor-icon-list-icon\">\n\t\t\t\t\t\t\t<i aria-hidden=\"true\" class=\"fas fa-check\"><\/i>\t\t\t\t\t\t<\/span>\n\t\t\t\t\t\t\t\t\t\t<span class=\"elementor-icon-list-text\">Verbessert die N\u00e4hrstoffaufnahme (insbesondere Phosphor)<\/span>\n\t\t\t\t\t\t\t\t\t<\/li>\n\t\t\t\t\t\t\t\t<li class=\"elementor-icon-list-item\">\n\t\t\t\t\t\t\t\t\t\t\t<span class=\"elementor-icon-list-icon\">\n\t\t\t\t\t\t\t<i aria-hidden=\"true\" class=\"fas fa-check\"><\/i>\t\t\t\t\t\t<\/span>\n\t\t\t\t\t\t\t\t\t\t<span class=\"elementor-icon-list-text\">100% organisch<\/span>\n\t\t\t\t\t\t\t\t\t<\/li>\n\t\t\t\t\t\t<\/ul>\n\t\t\t\t<\/div>\n\t\t\t\t<\/div>\n\t\t\t\t\t<\/div>\n\t\t<\/div>\n\t\t\t\t<div class=\"elementor-column elementor-col-50 elementor-top-column elementor-element elementor-element-f46f3a7 ot-flex-column-vertical\" data-id=\"f46f3a7\" data-element_type=\"column\">\n\t\t\t<div class=\"elementor-widget-wrap elementor-element-populated\">\n\t\t\t\t\t\t\t\t<div class=\"elementor-element elementor-element-9b95014 elementor-aspect-ratio-169 elementor-widget elementor-widget-video\" data-id=\"9b95014\" data-element_type=\"widget\" data-settings=\"{&quot;youtube_url&quot;:&quot;https:\\\/\\\/www.youtube.com\\\/watch?v=OPlg8xI9gWg&amp;ab_channel=AptusPlantTech&quot;,&quot;video_type&quot;:&quot;youtube&quot;,&quot;controls&quot;:&quot;yes&quot;,&quot;aspect_ratio&quot;:&quot;169&quot;}\" data-widget_type=\"video.default\">\n\t\t\t\t<div class=\"elementor-widget-container\">\n\t\t\t\t\t<div class=\"elementor-wrapper elementor-fit-aspect-ratio elementor-open-inline\">\n\t\t\t<div class=\"elementor-video\"><\/div>\t\t<\/div>\n\t\t\t\t<\/div>\n\t\t\t\t<\/div>\n\t\t\t\t\t<\/div>\n\t\t<\/div>\n\t\t\t\t\t\t\t<\/div>\n\t\t<\/section>\n\t\t\t\t<section class=\"elementor-section elementor-top-section elementor-element elementor-element-3946652 elementor-section-full_width groene-vlakken-producten ot-traditional elementor-section-height-default elementor-section-height-default\" data-id=\"3946652\" data-element_type=\"section\" data-settings=\"{&quot;background_background&quot;:&quot;classic&quot;}\">\n\t\t\t\t\t\t<div class=\"elementor-container elementor-column-gap-extended\">\n\t\t\t\t\t<div class=\"elementor-column elementor-col-50 elementor-top-column elementor-element elementor-element-42163fa ot-flex-column-vertical\" data-id=\"42163fa\" data-element_type=\"column\" data-settings=\"{&quot;background_background&quot;:&quot;classic&quot;,&quot;animation&quot;:&quot;none&quot;}\">\n\t\t\t<div class=\"elementor-widget-wrap elementor-element-populated\">\n\t\t\t\t\t\t\t\t<div class=\"elementor-element elementor-element-adaf3f4 product-pagina-inhoud elementor-invisible elementor-widget elementor-widget-text-editor\" data-id=\"adaf3f4\" data-element_type=\"widget\" data-settings=\"{&quot;_animation_delay&quot;:600,&quot;_animation&quot;:&quot;fadeInLeft&quot;}\" data-widget_type=\"text-editor.default\">\n\t\t\t\t<div class=\"elementor-widget-container\">\n\t\t\t\t\t\t\t\t<h2>WIE VERWENDET MAN MYCOR MIX<\/h2><p>Geben Sie einmal 1 g Mycor Mix zu, bevor Sie die Pflanze in das Pflanzloch einsetzen. Damit hat Mycor Mix direkten Zugang zum Wurzelsystem.<\/p>\t\t\t\t\t\t<\/div>\n\t\t\t\t<\/div>\n\t\t\t\t<div class=\"elementor-element elementor-element-9d139e3 product-pagina-inhoud elementor-invisible elementor-widget elementor-widget-text-editor\" data-id=\"9d139e3\" data-element_type=\"widget\" data-settings=\"{&quot;_animation_delay&quot;:600,&quot;_animation&quot;:&quot;fadeInLeft&quot;}\" data-widget_type=\"text-editor.default\">\n\t\t\t\t<div class=\"elementor-widget-container\">\n\t\t\t\t\t\t\t\t<h2>MYCOR MIX ENTH\u00c4LT<\/h2><p>Mycor Mix enth\u00e4lt eine Mischung aus diversen Endomycorrhizae-Spezies. Es gibt noch mehr Arten von Mycorrhizae neben den Endomycorrhizae, aber nur die Endomycorrhizae haben eine Wirkung f\u00fcr Ihre Nutzpflanzen. Die Mycorrhizae sitzen auf einem pflanzlichen Tr\u00e4ger, der die Pilze n\u00e4hrt und sch\u00fctzt<\/p>\t\t\t\t\t\t<\/div>\n\t\t\t\t<\/div>\n\t\t\t\t\t<\/div>\n\t\t<\/div>\n\t\t\t\t<div class=\"elementor-column elementor-col-50 elementor-top-column elementor-element elementor-element-cf69460 ot-flex-column-vertical\" data-id=\"cf69460\" data-element_type=\"column\" data-settings=\"{&quot;background_background&quot;:&quot;classic&quot;}\">\n\t\t\t<div class=\"elementor-widget-wrap elementor-element-populated\">\n\t\t\t\t\t\t\t\t<div class=\"elementor-element elementor-element-5e91773 product-pagina-inhoud elementor-invisible elementor-widget elementor-widget-text-editor\" data-id=\"5e91773\" data-element_type=\"widget\" data-settings=\"{&quot;_animation_delay&quot;:600,&quot;_animation&quot;:&quot;fadeInRight&quot;}\" data-widget_type=\"text-editor.default\">\n\t\t\t\t<div class=\"elementor-widget-container\">\n\t\t\t\t\t\t\t\t<h2>WIE MYCOR MIX WIRKT<\/h2><p>Mycorrhizae sind g\u00fcnstige Pilze, die Kolonien auf dem Wurzelsystem bilden. Die feinen Hyphenstr\u00e4nge transportieren die N\u00e4hrstoffe in die Wurzelsysteme und vergr\u00f6\u00dfern faktisch die Oberfl\u00e4che, \u00fcber die die Pflanzen ihre N\u00e4hrstoffe absorbieren k\u00f6nnen.<\/p><p>Mycor Mix erzeugt sichtbare Ergebnisse in der Bl\u00fchphase, da die Mycorrhizen die Phosphoraufnahme erh\u00f6hen. Die verst\u00e4rkte Phosphoraufnahme erzeugt gr\u00f6\u00dfere Blumen und erh\u00f6ht die Ernte.<\/p>\t\t\t\t\t\t<\/div>\n\t\t\t\t<\/div>\n\t\t\t\t<div class=\"elementor-element elementor-element-c2492b1 product-pagina-inhoud elementor-invisible elementor-widget elementor-widget-text-editor\" data-id=\"c2492b1\" data-element_type=\"widget\" data-settings=\"{&quot;_animation_delay&quot;:600,&quot;_animation&quot;:&quot;fadeInRight&quot;}\" data-widget_type=\"text-editor.default\">\n\t\t\t\t<div class=\"elementor-widget-container\">\n\t\t\t\t\t\t\t\t<h2>TIPS VON ERFOLGREICHEN PFLANZENZ\u00dcCHTERN<\/h2><ul><li>Das neue Medium beim Umpflanzen mit Mycor Mix impfen, insbesondere in der N\u00e4he der bestehenden Wurzeln Ihrer Pflanzen<\/li><li>Leitungswasser immer erst dechlorieren, bevor Sie es f\u00fcr das Wachstumsmedium verwenden; andernfalls zerst\u00f6ren Sie damit die bestehenden Populationen an Mikroorganismen<\/li><\/ul>\t\t\t\t\t\t<\/div>\n\t\t\t\t<\/div>\n\t\t\t\t\t<\/div>\n\t\t<\/div>\n\t\t\t\t\t\t\t<\/div>\n\t\t<\/section>\n\t\t\t\t\t\t<\/div>\n\t\t\t\t\t<\/div>\n\t\t","protected":false},"excerpt":{"rendered":"<p>\/\/ VERGR\u00d6SSERT DAS WURZELSYSTEM UND ERLEICHTERT DIE N\u00c4HRSTOFFAUFNAHME Mycor Mix Mycor Mix vergr\u00f6\u00dfert das Wurzelsystem und erleichtert die N\u00e4hrstoffaufnahme. Mycor Mix enth\u00e4lt eine Mischung aus diversen Mycorrhizae-Spezies. Wozu Mycor Mix? Vergr\u00f6\u00dfert das Wuzelsystem bis zu 700 mal! Verbessert die N\u00e4hrstoffaufnahme (insbesondere Phosphor) 100% organisch https:\/\/www.youtube.com\/watch?v=OPlg8xI9gWg&#038;ab_channel=AptusPlantTech WIE VERWENDET MAN MYCOR MIX Geben Sie einmal 1 g [&hellip;]<\/p>\n","protected":false},"author":2,"featured_media":0,"parent":34094,"menu_order":0,"comment_status":"closed","ping_status":"closed","template":"","meta":{"_monsterinsights_skip_tracking":false,"_monsterinsights_sitenote_active":false,"_monsterinsights_sitenote_note":"","_monsterinsights_sitenote_category":0,"footnotes":""},"class_list":["post-34668","page","type-page","status-publish","hentry"],"yoast_head":"<!-- This site is optimized with the Yoast SEO plugin v27.0 - https:\/\/yoast.com\/product\/yoast-seo-wordpress\/ -->\n<title>Mycor Mix - Aptus Holland<\/title>\n<meta name=\"robots\" content=\"index, follow, max-snippet:-1, max-image-preview:large, max-video-preview:-1\" \/>\n<link rel=\"canonical\" href=\"https:\/\/aptus-holland.com\/de\/produkte\/mycor-mix\/\" \/>\n<meta property=\"og:locale\" content=\"de_DE\" \/>\n<meta property=\"og:type\" content=\"article\" \/>\n<meta property=\"og:title\" content=\"Mycor Mix - Aptus Holland\" \/>\n<meta property=\"og:description\" content=\"\/\/ VERGR\u00d6SSERT DAS WURZELSYSTEM UND ERLEICHTERT DIE N\u00c4HRSTOFFAUFNAHME Mycor Mix Mycor Mix vergr\u00f6\u00dfert das Wurzelsystem und erleichtert die N\u00e4hrstoffaufnahme. Mycor Mix enth\u00e4lt eine Mischung aus diversen Mycorrhizae-Spezies. Wozu Mycor Mix? Vergr\u00f6\u00dfert das Wuzelsystem bis zu 700 mal! Verbessert die N\u00e4hrstoffaufnahme (insbesondere Phosphor) 100% organisch https:\/\/www.youtube.com\/watch?v=OPlg8xI9gWg&#038;ab_channel=AptusPlantTech WIE VERWENDET MAN MYCOR MIX Geben Sie einmal 1 g [&hellip;]\" \/>\n<meta property=\"og:url\" content=\"https:\/\/aptus-holland.com\/de\/produkte\/mycor-mix\/\" \/>\n<meta property=\"og:site_name\" content=\"Aptus Holland\" \/>\n<meta property=\"article:modified_time\" content=\"2023-08-18T08:05:04+00:00\" \/>\n<meta property=\"og:image\" content=\"http:\/\/aptus-holland.com\/wp-content\/uploads\/2022\/09\/mycor-fam-img-aptus.png\" \/>\n<meta name=\"twitter:card\" content=\"summary_large_image\" \/>\n<meta name=\"twitter:label1\" content=\"Gesch\u00e4tzte Lesezeit\" \/>\n\t<meta name=\"twitter:data1\" content=\"2\u00a0Minuten\" \/>\n<script type=\"application\/ld+json\" class=\"yoast-schema-graph\">{\"@context\":\"https:\/\/schema.org\",\"@graph\":[{\"@type\":\"WebPage\",\"@id\":\"https:\/\/aptus-holland.com\/de\/produkte\/mycor-mix\/\",\"url\":\"https:\/\/aptus-holland.com\/de\/produkte\/mycor-mix\/\",\"name\":\"Mycor Mix - Aptus Holland\",\"isPartOf\":{\"@id\":\"https:\/\/aptus-holland.com\/de\/#website\"},\"primaryImageOfPage\":{\"@id\":\"https:\/\/aptus-holland.com\/de\/produkte\/mycor-mix\/#primaryimage\"},\"image\":{\"@id\":\"https:\/\/aptus-holland.com\/de\/produkte\/mycor-mix\/#primaryimage\"},\"thumbnailUrl\":\"http:\/\/aptus-holland.com\/wp-content\/uploads\/2022\/09\/mycor-fam-img-aptus.png\",\"datePublished\":\"2021-11-17T12:37:18+00:00\",\"dateModified\":\"2023-08-18T08:05:04+00:00\",\"breadcrumb\":{\"@id\":\"https:\/\/aptus-holland.com\/de\/produkte\/mycor-mix\/#breadcrumb\"},\"inLanguage\":\"de\",\"potentialAction\":[{\"@type\":\"ReadAction\",\"target\":[\"https:\/\/aptus-holland.com\/de\/produkte\/mycor-mix\/\"]}]},{\"@type\":\"ImageObject\",\"inLanguage\":\"de\",\"@id\":\"https:\/\/aptus-holland.com\/de\/produkte\/mycor-mix\/#primaryimage\",\"url\":\"http:\/\/aptus-holland.com\/wp-content\/uploads\/2022\/09\/mycor-fam-img-aptus.png\",\"contentUrl\":\"http:\/\/aptus-holland.com\/wp-content\/uploads\/2022\/09\/mycor-fam-img-aptus.png\"},{\"@type\":\"BreadcrumbList\",\"@id\":\"https:\/\/aptus-holland.com\/de\/produkte\/mycor-mix\/#breadcrumb\",\"itemListElement\":[{\"@type\":\"ListItem\",\"position\":1,\"name\":\"Home\",\"item\":\"https:\/\/aptus-holland.com\/de\/\"},{\"@type\":\"ListItem\",\"position\":2,\"name\":\"Produkte\",\"item\":\"https:\/\/aptus-holland.com\/de\/products\/\"},{\"@type\":\"ListItem\",\"position\":3,\"name\":\"Mycor Mix\"}]},{\"@type\":\"WebSite\",\"@id\":\"https:\/\/aptus-holland.com\/de\/#website\",\"url\":\"https:\/\/aptus-holland.com\/de\/\",\"name\":\"Aptus Holland\",\"description\":\"Plant Tech\",\"publisher\":{\"@id\":\"https:\/\/aptus-holland.com\/de\/#organization\"},\"potentialAction\":[{\"@type\":\"SearchAction\",\"target\":{\"@type\":\"EntryPoint\",\"urlTemplate\":\"https:\/\/aptus-holland.com\/de\/?s={search_term_string}\"},\"query-input\":{\"@type\":\"PropertyValueSpecification\",\"valueRequired\":true,\"valueName\":\"search_term_string\"}}],\"inLanguage\":\"de\"},{\"@type\":\"Organization\",\"@id\":\"https:\/\/aptus-holland.com\/de\/#organization\",\"name\":\"Aptus Holland\",\"url\":\"https:\/\/aptus-holland.com\/de\/\",\"logo\":{\"@type\":\"ImageObject\",\"inLanguage\":\"de\",\"@id\":\"https:\/\/aptus-holland.com\/de\/#\/schema\/logo\/image\/\",\"url\":\"https:\/\/aptus-holland.com\/wp-content\/uploads\/2021\/07\/logo-aptus-holland.png\",\"contentUrl\":\"https:\/\/aptus-holland.com\/wp-content\/uploads\/2021\/07\/logo-aptus-holland.png\",\"width\":365,\"height\":200,\"caption\":\"Aptus Holland\"},\"image\":{\"@id\":\"https:\/\/aptus-holland.com\/de\/#\/schema\/logo\/image\/\"}}]}<\/script>\n<!-- \/ Yoast SEO plugin. -->","yoast_head_json":{"title":"Mycor Mix - Aptus Holland","robots":{"index":"index","follow":"follow","max-snippet":"max-snippet:-1","max-image-preview":"max-image-preview:large","max-video-preview":"max-video-preview:-1"},"canonical":"https:\/\/aptus-holland.com\/de\/produkte\/mycor-mix\/","og_locale":"de_DE","og_type":"article","og_title":"Mycor Mix - Aptus Holland","og_description":"\/\/ VERGR\u00d6SSERT DAS WURZELSYSTEM UND ERLEICHTERT DIE N\u00c4HRSTOFFAUFNAHME Mycor Mix Mycor Mix vergr\u00f6\u00dfert das Wurzelsystem und erleichtert die N\u00e4hrstoffaufnahme. Mycor Mix enth\u00e4lt eine Mischung aus diversen Mycorrhizae-Spezies. Wozu Mycor Mix? Vergr\u00f6\u00dfert das Wuzelsystem bis zu 700 mal! Verbessert die N\u00e4hrstoffaufnahme (insbesondere Phosphor) 100% organisch https:\/\/www.youtube.com\/watch?v=OPlg8xI9gWg&#038;ab_channel=AptusPlantTech WIE VERWENDET MAN MYCOR MIX Geben Sie einmal 1 g [&hellip;]","og_url":"https:\/\/aptus-holland.com\/de\/produkte\/mycor-mix\/","og_site_name":"Aptus Holland","article_modified_time":"2023-08-18T08:05:04+00:00","og_image":[{"url":"http:\/\/aptus-holland.com\/wp-content\/uploads\/2022\/09\/mycor-fam-img-aptus.png","type":"","width":"","height":""}],"twitter_card":"summary_large_image","twitter_misc":{"Gesch\u00e4tzte Lesezeit":"2\u00a0Minuten"},"schema":{"@context":"https:\/\/schema.org","@graph":[{"@type":"WebPage","@id":"https:\/\/aptus-holland.com\/de\/produkte\/mycor-mix\/","url":"https:\/\/aptus-holland.com\/de\/produkte\/mycor-mix\/","name":"Mycor Mix - Aptus Holland","isPartOf":{"@id":"https:\/\/aptus-holland.com\/de\/#website"},"primaryImageOfPage":{"@id":"https:\/\/aptus-holland.com\/de\/produkte\/mycor-mix\/#primaryimage"},"image":{"@id":"https:\/\/aptus-holland.com\/de\/produkte\/mycor-mix\/#primaryimage"},"thumbnailUrl":"http:\/\/aptus-holland.com\/wp-content\/uploads\/2022\/09\/mycor-fam-img-aptus.png","datePublished":"2021-11-17T12:37:18+00:00","dateModified":"2023-08-18T08:05:04+00:00","breadcrumb":{"@id":"https:\/\/aptus-holland.com\/de\/produkte\/mycor-mix\/#breadcrumb"},"inLanguage":"de","potentialAction":[{"@type":"ReadAction","target":["https:\/\/aptus-holland.com\/de\/produkte\/mycor-mix\/"]}]},{"@type":"ImageObject","inLanguage":"de","@id":"https:\/\/aptus-holland.com\/de\/produkte\/mycor-mix\/#primaryimage","url":"http:\/\/aptus-holland.com\/wp-content\/uploads\/2022\/09\/mycor-fam-img-aptus.png","contentUrl":"http:\/\/aptus-holland.com\/wp-content\/uploads\/2022\/09\/mycor-fam-img-aptus.png"},{"@type":"BreadcrumbList","@id":"https:\/\/aptus-holland.com\/de\/produkte\/mycor-mix\/#breadcrumb","itemListElement":[{"@type":"ListItem","position":1,"name":"Home","item":"https:\/\/aptus-holland.com\/de\/"},{"@type":"ListItem","position":2,"name":"Produkte","item":"https:\/\/aptus-holland.com\/de\/products\/"},{"@type":"ListItem","position":3,"name":"Mycor Mix"}]},{"@type":"WebSite","@id":"https:\/\/aptus-holland.com\/de\/#website","url":"https:\/\/aptus-holland.com\/de\/","name":"Aptus Holland","description":"Plant Tech","publisher":{"@id":"https:\/\/aptus-holland.com\/de\/#organization"},"potentialAction":[{"@type":"SearchAction","target":{"@type":"EntryPoint","urlTemplate":"https:\/\/aptus-holland.com\/de\/?s={search_term_string}"},"query-input":{"@type":"PropertyValueSpecification","valueRequired":true,"valueName":"search_term_string"}}],"inLanguage":"de"},{"@type":"Organization","@id":"https:\/\/aptus-holland.com\/de\/#organization","name":"Aptus Holland","url":"https:\/\/aptus-holland.com\/de\/","logo":{"@type":"ImageObject","inLanguage":"de","@id":"https:\/\/aptus-holland.com\/de\/#\/schema\/logo\/image\/","url":"https:\/\/aptus-holland.com\/wp-content\/uploads\/2021\/07\/logo-aptus-holland.png","contentUrl":"https:\/\/aptus-holland.com\/wp-content\/uploads\/2021\/07\/logo-aptus-holland.png","width":365,"height":200,"caption":"Aptus Holland"},"image":{"@id":"https:\/\/aptus-holland.com\/de\/#\/schema\/logo\/image\/"}}]}},"_links":{"self":[{"href":"https:\/\/aptus-holland.com\/de\/wp-json\/wp\/v2\/pages\/34668","targetHints":{"allow":["GET"]}}],"collection":[{"href":"https:\/\/aptus-holland.com\/de\/wp-json\/wp\/v2\/pages"}],"about":[{"href":"https:\/\/aptus-holland.com\/de\/wp-json\/wp\/v2\/types\/page"}],"author":[{"embeddable":true,"href":"https:\/\/aptus-holland.com\/de\/wp-json\/wp\/v2\/users\/2"}],"replies":[{"embeddable":true,"href":"https:\/\/aptus-holland.com\/de\/wp-json\/wp\/v2\/comments?post=34668"}],"version-history":[{"count":4,"href":"https:\/\/aptus-holland.com\/de\/wp-json\/wp\/v2\/pages\/34668\/revisions"}],"predecessor-version":[{"id":34672,"href":"https:\/\/aptus-holland.com\/de\/wp-json\/wp\/v2\/pages\/34668\/revisions\/34672"}],"up":[{"embeddable":true,"href":"https:\/\/aptus-holland.com\/de\/wp-json\/wp\/v2\/pages\/34094"}],"wp:attachment":[{"href":"https:\/\/aptus-holland.com\/de\/wp-json\/wp\/v2\/media?parent=34668"}],"curies":[{"name":"wp","href":"https:\/\/api.w.org\/{rel}","templated":true}]}}