{"id":34663,"date":"2021-11-17T12:28:12","date_gmt":"2021-11-17T12:28:12","guid":{"rendered":"https:\/\/aptus-holland.com\/produkte\/micromix\/"},"modified":"2024-07-23T13:53:03","modified_gmt":"2024-07-23T13:53:03","slug":"micromix","status":"publish","type":"page","link":"https:\/\/aptus-holland.com\/de\/produkte\/micromix\/","title":{"rendered":"Micromix Soil &#038; Drip"},"content":{"rendered":"\t\t<div data-elementor-type=\"wp-page\" data-elementor-id=\"34663\" class=\"elementor elementor-34663 elementor-27985\" data-elementor-settings=\"[]\">\n\t\t\t\t\t\t\t<div class=\"elementor-section-wrap\">\n\t\t\t\t\t\t\t<section class=\"elementor-section elementor-top-section elementor-element elementor-element-cb4074c elementor-section-full_width ot-traditional elementor-section-height-default elementor-section-height-default\" data-id=\"cb4074c\" data-element_type=\"section\">\n\t\t\t\t\t\t<div class=\"elementor-container elementor-column-gap-extended\">\n\t\t\t\t\t<div class=\"elementor-column elementor-col-50 elementor-top-column elementor-element elementor-element-ccf0919 ot-column-items-top ot-flex-column-vertical\" data-id=\"ccf0919\" data-element_type=\"column\">\n\t\t\t<div class=\"elementor-widget-wrap elementor-element-populated\">\n\t\t\t\t\t\t\t\t<div class=\"elementor-element elementor-element-85abb63 product-img-aptus elementor-widget elementor-widget-image\" data-id=\"85abb63\" data-element_type=\"widget\" data-widget_type=\"image.default\">\n\t\t\t\t<div class=\"elementor-widget-container\">\n\t\t\t\t\t\t\t\t\t\t\t\t\t\t\t<img loading=\"lazy\" decoding=\"async\" width=\"800\" height=\"661\" src=\"https:\/\/aptus-holland.com\/wp-content\/uploads\/2022\/08\/aptus-holland-micrommix-soil-and-drip.png\" class=\"attachment-full size-full\" alt=\"\" srcset=\"https:\/\/aptus-holland.com\/wp-content\/uploads\/2022\/08\/aptus-holland-micrommix-soil-and-drip.png 800w, https:\/\/aptus-holland.com\/wp-content\/uploads\/2022\/08\/aptus-holland-micrommix-soil-and-drip-300x248.png 300w, https:\/\/aptus-holland.com\/wp-content\/uploads\/2022\/08\/aptus-holland-micrommix-soil-and-drip-768x635.png 768w, https:\/\/aptus-holland.com\/wp-content\/uploads\/2022\/08\/aptus-holland-micrommix-soil-and-drip-720x595.png 720w, https:\/\/aptus-holland.com\/wp-content\/uploads\/2022\/08\/aptus-holland-micrommix-soil-and-drip-24x20.png 24w, https:\/\/aptus-holland.com\/wp-content\/uploads\/2022\/08\/aptus-holland-micrommix-soil-and-drip-36x30.png 36w, https:\/\/aptus-holland.com\/wp-content\/uploads\/2022\/08\/aptus-holland-micrommix-soil-and-drip-48x40.png 48w\" sizes=\"auto, (max-width: 800px) 100vw, 800px\" \/>\t\t\t\t\t\t\t\t\t\t\t\t\t\t\t<\/div>\n\t\t\t\t<\/div>\n\t\t\t\t\t<\/div>\n\t\t<\/div>\n\t\t\t\t<div class=\"elementor-column elementor-col-50 elementor-top-column elementor-element elementor-element-9e78e1d ot-flex-column-vertical elementor-invisible\" data-id=\"9e78e1d\" data-element_type=\"column\" data-settings=\"{&quot;background_background&quot;:&quot;classic&quot;,&quot;animation&quot;:&quot;fadeInRight&quot;}\">\n\t\t\t<div class=\"elementor-widget-wrap elementor-element-populated\">\n\t\t\t\t\t\t\t\t<div class=\"elementor-element elementor-element-925ee15 elementor-widget elementor-widget-iheading\" data-id=\"925ee15\" data-element_type=\"widget\" data-widget_type=\"iheading.default\">\n\t\t\t\t<div class=\"elementor-widget-container\">\n\t\t\t\t\t<div class=\"ot-heading\">\r\n\t        \t            <span>\/\/ N\u00dcTZLICHE MIKROORGANISMEN IM BODEN<\/span>\r\n\t        <h2 class=\"main-heading\">Micromix Soil & Drip<\/h2>\t    <\/div>\r\n\t    \t\t<\/div>\n\t\t\t\t<\/div>\n\t\t\t\t<div class=\"elementor-element elementor-element-f9ab05f elementor-widget elementor-widget-text-editor\" data-id=\"f9ab05f\" data-element_type=\"widget\" data-widget_type=\"text-editor.default\">\n\t\t\t\t<div class=\"elementor-widget-container\">\n\t\t\t\t\t\t\t\t<p>Bei der Herstellung der Wachstumssubstrate werden alle Mikroorganismen abget\u00f6tet\/sterilisiert, damit keine sch\u00e4dlichenWirkungen verbleiben. Dabei werden allerdings auch die gew\u00fcnschten Elemente zerst\u00f6rt. Damit ist das Substrat eine leichtere Beute f\u00fcr Sch\u00e4dlinge und Krankheiten. Wichtig sind viele g\u00fcnstige Mikroorganismen im Substrat, um Probleme zu vermeiden und die Wachstumsbedingungen zu optimieren. Durch die Beigabe von Micromix Soil erzeugt man ein reichhaltiges g\u00fcnstiges Bodenleben, das optimale Wachstumsbedingungen im Substrat schafft.<\/p>\t\t\t\t\t\t<\/div>\n\t\t\t\t<\/div>\n\t\t\t\t\t<\/div>\n\t\t<\/div>\n\t\t\t\t\t\t\t<\/div>\n\t\t<\/section>\n\t\t\t\t<section class=\"elementor-section elementor-top-section elementor-element elementor-element-683d3b1 groene-vlakken-producten ot-traditional elementor-section-boxed elementor-section-height-default elementor-section-height-default\" data-id=\"683d3b1\" data-element_type=\"section\" data-settings=\"{&quot;background_background&quot;:&quot;classic&quot;}\">\n\t\t\t\t\t\t<div class=\"elementor-container elementor-column-gap-extended\">\n\t\t\t\t\t<div class=\"elementor-column elementor-col-50 elementor-top-column elementor-element elementor-element-9aaa582 ot-flex-column-vertical\" data-id=\"9aaa582\" data-element_type=\"column\">\n\t\t\t<div class=\"elementor-widget-wrap elementor-element-populated\">\n\t\t\t\t\t\t\t\t<div class=\"elementor-element elementor-element-d58ba4b elementor-widget elementor-widget-iheading\" data-id=\"d58ba4b\" data-element_type=\"widget\" data-widget_type=\"iheading.default\">\n\t\t\t\t<div class=\"elementor-widget-container\">\n\t\t\t\t\t<div class=\"ot-heading\">\r\n\t        <h2 class=\"main-heading\">Wozu Micromix?<\/h2>\t    <\/div>\r\n\t    \t\t<\/div>\n\t\t\t\t<\/div>\n\t\t\t\t<div class=\"elementor-element elementor-element-b6c8371 elementor-icon-list--layout-traditional elementor-list-item-link-full_width elementor-widget elementor-widget-icon-list\" data-id=\"b6c8371\" data-element_type=\"widget\" data-widget_type=\"icon-list.default\">\n\t\t\t\t<div class=\"elementor-widget-container\">\n\t\t\t\t\t<ul class=\"elementor-icon-list-items\">\n\t\t\t\t\t\t\t<li class=\"elementor-icon-list-item\">\n\t\t\t\t\t\t\t\t\t\t\t<span class=\"elementor-icon-list-icon\">\n\t\t\t\t\t\t\t<i aria-hidden=\"true\" class=\"fas fa-check\"><\/i>\t\t\t\t\t\t<\/span>\n\t\t\t\t\t\t\t\t\t\t<span class=\"elementor-icon-list-text\">Sch\u00fctzt das Wurzelsystem vor sch\u00e4dlichen Pilzen und Bakterien<\/span>\n\t\t\t\t\t\t\t\t\t<\/li>\n\t\t\t\t\t\t\t\t<li class=\"elementor-icon-list-item\">\n\t\t\t\t\t\t\t\t\t\t\t<span class=\"elementor-icon-list-icon\">\n\t\t\t\t\t\t\t<i aria-hidden=\"true\" class=\"fas fa-check\"><\/i>\t\t\t\t\t\t<\/span>\n\t\t\t\t\t\t\t\t\t\t<span class=\"elementor-icon-list-text\">Stimuliert die Wurzelbildung und die Wachstumsprozesse<\/span>\n\t\t\t\t\t\t\t\t\t<\/li>\n\t\t\t\t\t\t\t\t<li class=\"elementor-icon-list-item\">\n\t\t\t\t\t\t\t\t\t\t\t<span class=\"elementor-icon-list-icon\">\n\t\t\t\t\t\t\t<i aria-hidden=\"true\" class=\"fas fa-check\"><\/i>\t\t\t\t\t\t<\/span>\n\t\t\t\t\t\t\t\t\t\t<span class=\"elementor-icon-list-text\">100% organisch<\/span>\n\t\t\t\t\t\t\t\t\t<\/li>\n\t\t\t\t\t\t<\/ul>\n\t\t\t\t<\/div>\n\t\t\t\t<\/div>\n\t\t\t\t\t<\/div>\n\t\t<\/div>\n\t\t\t\t<div class=\"elementor-column elementor-col-50 elementor-top-column elementor-element elementor-element-f46f3a7 ot-flex-column-vertical\" data-id=\"f46f3a7\" data-element_type=\"column\">\n\t\t\t<div class=\"elementor-widget-wrap elementor-element-populated\">\n\t\t\t\t\t\t\t\t<div class=\"elementor-element elementor-element-9b95014 elementor-aspect-ratio-169 elementor-widget elementor-widget-video\" data-id=\"9b95014\" data-element_type=\"widget\" data-settings=\"{&quot;youtube_url&quot;:&quot;https:\\\/\\\/www.youtube.com\\\/watch?v=SZ0Y_rkaHBI&quot;,&quot;video_type&quot;:&quot;youtube&quot;,&quot;controls&quot;:&quot;yes&quot;,&quot;aspect_ratio&quot;:&quot;169&quot;}\" data-widget_type=\"video.default\">\n\t\t\t\t<div class=\"elementor-widget-container\">\n\t\t\t\t\t<div class=\"elementor-wrapper elementor-fit-aspect-ratio elementor-open-inline\">\n\t\t\t<div class=\"elementor-video\"><\/div>\t\t<\/div>\n\t\t\t\t<\/div>\n\t\t\t\t<\/div>\n\t\t\t\t\t<\/div>\n\t\t<\/div>\n\t\t\t\t\t\t\t<\/div>\n\t\t<\/section>\n\t\t\t\t<section class=\"elementor-section elementor-top-section elementor-element elementor-element-3946652 elementor-section-full_width groene-vlakken-producten ot-traditional elementor-section-height-default elementor-section-height-default\" data-id=\"3946652\" data-element_type=\"section\" data-settings=\"{&quot;background_background&quot;:&quot;classic&quot;}\">\n\t\t\t\t\t\t<div class=\"elementor-container elementor-column-gap-extended\">\n\t\t\t\t\t<div class=\"elementor-column elementor-col-50 elementor-top-column elementor-element elementor-element-42163fa ot-flex-column-vertical\" data-id=\"42163fa\" data-element_type=\"column\" data-settings=\"{&quot;background_background&quot;:&quot;classic&quot;,&quot;animation&quot;:&quot;none&quot;}\">\n\t\t\t<div class=\"elementor-widget-wrap elementor-element-populated\">\n\t\t\t\t\t\t\t\t<div class=\"elementor-element elementor-element-adaf3f4 product-pagina-inhoud elementor-invisible elementor-widget elementor-widget-text-editor\" data-id=\"adaf3f4\" data-element_type=\"widget\" data-settings=\"{&quot;_animation_delay&quot;:600,&quot;_animation&quot;:&quot;fadeInLeft&quot;}\" data-widget_type=\"text-editor.default\">\n\t\t\t\t<div class=\"elementor-widget-container\">\n\t\t\t\t\t\t\t\t<h2>WIE VERWENDET MAN MICROMIX<\/h2><p><strong>Micromix Soil:<\/strong> <br \/>Mischen Sie 0,5 &#8211; 1 g pro L Substrat ein oder geben vor dem Um- o. Einpflanzen 1 g in das Pflanzloch. Vorzugsweise nach 21 Tagen Micromix Drip hinzugeben.<\/p><p><strong>Micromix Drip:<br \/><\/strong> Mischen Sie 1 g pro 1 L in einem Tank und mischen Sie gr\u00fcndlich damit Micromix sich vollst\u00e4ndig aufl\u00f6st. F\u00fcgen Sie diese Mischung den Pflanzen zu. Vorzugsweise wiederholen Sie diesen Vorgang nach 30 Tagen.<\/p>\t\t\t\t\t\t<\/div>\n\t\t\t\t<\/div>\n\t\t\t\t<div class=\"elementor-element elementor-element-9d139e3 product-pagina-inhoud elementor-invisible elementor-widget elementor-widget-text-editor\" data-id=\"9d139e3\" data-element_type=\"widget\" data-settings=\"{&quot;_animation_delay&quot;:600,&quot;_animation&quot;:&quot;fadeInLeft&quot;}\" data-widget_type=\"text-editor.default\">\n\t\t\t\t<div class=\"elementor-widget-container\">\n\t\t\t\t\t\t\t\t<h2>MICROMIX ENTH\u00c4LT<\/h2><p>Micromix wird in zwei Arten in Pulverform angeboten: Soil &amp; Drip. Diese beiden Produkte enthalten eine Mischung aus Mikroorganismen und Stimulanzen. Die Mikroorganismen werden nach ihrer Funktion selektiert und speziell behandelt, damit sie stabil bleiben.<\/p><p>Um die Haltbarkeit der Mischung zu verbessern, wurden spezielle Tr\u00e4germaterialien zum Schutz und zur Ern\u00e4hrung der Mikroorganismen verwendet. Damit ist gew\u00e4hrleistet, dass die Mikroorganismen sofort nach der Anwendung eine stabile, starke Wirkung entfalten<\/p>\t\t\t\t\t\t<\/div>\n\t\t\t\t<\/div>\n\t\t\t\t\t<\/div>\n\t\t<\/div>\n\t\t\t\t<div class=\"elementor-column elementor-col-50 elementor-top-column elementor-element elementor-element-cf69460 ot-flex-column-vertical\" data-id=\"cf69460\" data-element_type=\"column\" data-settings=\"{&quot;background_background&quot;:&quot;classic&quot;}\">\n\t\t\t<div class=\"elementor-widget-wrap elementor-element-populated\">\n\t\t\t\t\t\t\t\t<div class=\"elementor-element elementor-element-5e91773 product-pagina-inhoud elementor-invisible elementor-widget elementor-widget-text-editor\" data-id=\"5e91773\" data-element_type=\"widget\" data-settings=\"{&quot;_animation_delay&quot;:600,&quot;_animation&quot;:&quot;fadeInRight&quot;}\" data-widget_type=\"text-editor.default\">\n\t\t\t\t<div class=\"elementor-widget-container\">\n\t\t\t\t\t\t\t\t<h2>WIE MICROMIX WIRKT<\/h2><p>Die von g\u00fcnstigen Bakterien produzierten Enzyme zersetzen die angesammelten N\u00e4hrstoffsalze Gesunde Populationen an g\u00fcnstigen Mikroorganismen sch\u00fctzen die Wurzelsysteme vor sch\u00e4dlichen Mikroorganismen<\/p>\t\t\t\t\t\t<\/div>\n\t\t\t\t<\/div>\n\t\t\t\t<div class=\"elementor-element elementor-element-c2492b1 product-pagina-inhoud elementor-invisible elementor-widget elementor-widget-text-editor\" data-id=\"c2492b1\" data-element_type=\"widget\" data-settings=\"{&quot;_animation_delay&quot;:600,&quot;_animation&quot;:&quot;fadeInRight&quot;}\" data-widget_type=\"text-editor.default\">\n\t\t\t\t<div class=\"elementor-widget-container\">\n\t\t\t\t\t\t\t\t<h2>TIPS VON ERFOLGREICHEN PFLANZENZ\u00dcCHTERN<\/h2><ul><li>Verwenden Sie Micromix Soil in der Wachstumsphase, um die \u00dcberlebensrate der Jungpflanzen zu erh\u00f6hen und deren Gesundheit zu verbessern<\/li><li>Micromix Soil eignet sich f\u00fcr Substrate aller Art<\/li><\/ul>\t\t\t\t\t\t<\/div>\n\t\t\t\t<\/div>\n\t\t\t\t\t<\/div>\n\t\t<\/div>\n\t\t\t\t\t\t\t<\/div>\n\t\t<\/section>\n\t\t\t\t\t\t<\/div>\n\t\t\t\t\t<\/div>\n\t\t","protected":false},"excerpt":{"rendered":"<p>\/\/ N\u00dcTZLICHE MIKROORGANISMEN IM BODEN Micromix Soil &#038; Drip Bei der Herstellung der Wachstumssubstrate werden alle Mikroorganismen abget\u00f6tet\/sterilisiert, damit keine sch\u00e4dlichenWirkungen verbleiben. Dabei werden allerdings auch die gew\u00fcnschten Elemente zerst\u00f6rt. Damit ist das Substrat eine leichtere Beute f\u00fcr Sch\u00e4dlinge und Krankheiten. Wichtig sind viele g\u00fcnstige Mikroorganismen im Substrat, um Probleme zu vermeiden und die Wachstumsbedingungen [&hellip;]<\/p>\n","protected":false},"author":2,"featured_media":0,"parent":34094,"menu_order":0,"comment_status":"closed","ping_status":"closed","template":"","meta":{"_monsterinsights_skip_tracking":false,"_monsterinsights_sitenote_active":false,"_monsterinsights_sitenote_note":"","_monsterinsights_sitenote_category":0,"footnotes":""},"class_list":["post-34663","page","type-page","status-publish","hentry"],"yoast_head":"<!-- This site is optimized with the Yoast SEO plugin v27.0 - https:\/\/yoast.com\/product\/yoast-seo-wordpress\/ -->\n<title>Micromix Soil &amp; Drip - Aptus Holland<\/title>\n<meta name=\"robots\" content=\"index, follow, max-snippet:-1, max-image-preview:large, max-video-preview:-1\" \/>\n<link rel=\"canonical\" href=\"https:\/\/aptus-holland.com\/de\/produkte\/micromix\/\" \/>\n<meta property=\"og:locale\" content=\"de_DE\" \/>\n<meta property=\"og:type\" content=\"article\" \/>\n<meta property=\"og:title\" content=\"Micromix Soil &amp; Drip - Aptus Holland\" \/>\n<meta property=\"og:description\" content=\"\/\/ N\u00dcTZLICHE MIKROORGANISMEN IM BODEN Micromix Soil &#038; Drip Bei der Herstellung der Wachstumssubstrate werden alle Mikroorganismen abget\u00f6tet\/sterilisiert, damit keine sch\u00e4dlichenWirkungen verbleiben. Dabei werden allerdings auch die gew\u00fcnschten Elemente zerst\u00f6rt. Damit ist das Substrat eine leichtere Beute f\u00fcr Sch\u00e4dlinge und Krankheiten. Wichtig sind viele g\u00fcnstige Mikroorganismen im Substrat, um Probleme zu vermeiden und die Wachstumsbedingungen [&hellip;]\" \/>\n<meta property=\"og:url\" content=\"https:\/\/aptus-holland.com\/de\/produkte\/micromix\/\" \/>\n<meta property=\"og:site_name\" content=\"Aptus Holland\" \/>\n<meta property=\"article:modified_time\" content=\"2024-07-23T13:53:03+00:00\" \/>\n<meta property=\"og:image\" content=\"http:\/\/aptus-holland.com\/wp-content\/uploads\/2022\/08\/aptus-holland-micrommix-soil-and-drip.png\" \/>\n<meta name=\"twitter:card\" content=\"summary_large_image\" \/>\n<meta name=\"twitter:label1\" content=\"Gesch\u00e4tzte Lesezeit\" \/>\n\t<meta name=\"twitter:data1\" content=\"2\u00a0Minuten\" \/>\n<script type=\"application\/ld+json\" class=\"yoast-schema-graph\">{\"@context\":\"https:\/\/schema.org\",\"@graph\":[{\"@type\":\"WebPage\",\"@id\":\"https:\/\/aptus-holland.com\/de\/produkte\/micromix\/\",\"url\":\"https:\/\/aptus-holland.com\/de\/produkte\/micromix\/\",\"name\":\"Micromix Soil & Drip - Aptus Holland\",\"isPartOf\":{\"@id\":\"https:\/\/aptus-holland.com\/de\/#website\"},\"primaryImageOfPage\":{\"@id\":\"https:\/\/aptus-holland.com\/de\/produkte\/micromix\/#primaryimage\"},\"image\":{\"@id\":\"https:\/\/aptus-holland.com\/de\/produkte\/micromix\/#primaryimage\"},\"thumbnailUrl\":\"http:\/\/aptus-holland.com\/wp-content\/uploads\/2022\/08\/aptus-holland-micrommix-soil-and-drip.png\",\"datePublished\":\"2021-11-17T12:28:12+00:00\",\"dateModified\":\"2024-07-23T13:53:03+00:00\",\"breadcrumb\":{\"@id\":\"https:\/\/aptus-holland.com\/de\/produkte\/micromix\/#breadcrumb\"},\"inLanguage\":\"de\",\"potentialAction\":[{\"@type\":\"ReadAction\",\"target\":[\"https:\/\/aptus-holland.com\/de\/produkte\/micromix\/\"]}]},{\"@type\":\"ImageObject\",\"inLanguage\":\"de\",\"@id\":\"https:\/\/aptus-holland.com\/de\/produkte\/micromix\/#primaryimage\",\"url\":\"http:\/\/aptus-holland.com\/wp-content\/uploads\/2022\/08\/aptus-holland-micrommix-soil-and-drip.png\",\"contentUrl\":\"http:\/\/aptus-holland.com\/wp-content\/uploads\/2022\/08\/aptus-holland-micrommix-soil-and-drip.png\"},{\"@type\":\"BreadcrumbList\",\"@id\":\"https:\/\/aptus-holland.com\/de\/produkte\/micromix\/#breadcrumb\",\"itemListElement\":[{\"@type\":\"ListItem\",\"position\":1,\"name\":\"Home\",\"item\":\"https:\/\/aptus-holland.com\/de\/\"},{\"@type\":\"ListItem\",\"position\":2,\"name\":\"Produkte\",\"item\":\"https:\/\/aptus-holland.com\/de\/products\/\"},{\"@type\":\"ListItem\",\"position\":3,\"name\":\"Micromix Soil &#038; Drip\"}]},{\"@type\":\"WebSite\",\"@id\":\"https:\/\/aptus-holland.com\/de\/#website\",\"url\":\"https:\/\/aptus-holland.com\/de\/\",\"name\":\"Aptus Holland\",\"description\":\"Plant Tech\",\"publisher\":{\"@id\":\"https:\/\/aptus-holland.com\/de\/#organization\"},\"potentialAction\":[{\"@type\":\"SearchAction\",\"target\":{\"@type\":\"EntryPoint\",\"urlTemplate\":\"https:\/\/aptus-holland.com\/de\/?s={search_term_string}\"},\"query-input\":{\"@type\":\"PropertyValueSpecification\",\"valueRequired\":true,\"valueName\":\"search_term_string\"}}],\"inLanguage\":\"de\"},{\"@type\":\"Organization\",\"@id\":\"https:\/\/aptus-holland.com\/de\/#organization\",\"name\":\"Aptus Holland\",\"url\":\"https:\/\/aptus-holland.com\/de\/\",\"logo\":{\"@type\":\"ImageObject\",\"inLanguage\":\"de\",\"@id\":\"https:\/\/aptus-holland.com\/de\/#\/schema\/logo\/image\/\",\"url\":\"https:\/\/aptus-holland.com\/wp-content\/uploads\/2021\/07\/logo-aptus-holland.png\",\"contentUrl\":\"https:\/\/aptus-holland.com\/wp-content\/uploads\/2021\/07\/logo-aptus-holland.png\",\"width\":365,\"height\":200,\"caption\":\"Aptus Holland\"},\"image\":{\"@id\":\"https:\/\/aptus-holland.com\/de\/#\/schema\/logo\/image\/\"}}]}<\/script>\n<!-- \/ Yoast SEO plugin. -->","yoast_head_json":{"title":"Micromix Soil & Drip - Aptus Holland","robots":{"index":"index","follow":"follow","max-snippet":"max-snippet:-1","max-image-preview":"max-image-preview:large","max-video-preview":"max-video-preview:-1"},"canonical":"https:\/\/aptus-holland.com\/de\/produkte\/micromix\/","og_locale":"de_DE","og_type":"article","og_title":"Micromix Soil & Drip - Aptus Holland","og_description":"\/\/ N\u00dcTZLICHE MIKROORGANISMEN IM BODEN Micromix Soil &#038; Drip Bei der Herstellung der Wachstumssubstrate werden alle Mikroorganismen abget\u00f6tet\/sterilisiert, damit keine sch\u00e4dlichenWirkungen verbleiben. Dabei werden allerdings auch die gew\u00fcnschten Elemente zerst\u00f6rt. Damit ist das Substrat eine leichtere Beute f\u00fcr Sch\u00e4dlinge und Krankheiten. Wichtig sind viele g\u00fcnstige Mikroorganismen im Substrat, um Probleme zu vermeiden und die Wachstumsbedingungen [&hellip;]","og_url":"https:\/\/aptus-holland.com\/de\/produkte\/micromix\/","og_site_name":"Aptus Holland","article_modified_time":"2024-07-23T13:53:03+00:00","og_image":[{"url":"http:\/\/aptus-holland.com\/wp-content\/uploads\/2022\/08\/aptus-holland-micrommix-soil-and-drip.png","type":"","width":"","height":""}],"twitter_card":"summary_large_image","twitter_misc":{"Gesch\u00e4tzte Lesezeit":"2\u00a0Minuten"},"schema":{"@context":"https:\/\/schema.org","@graph":[{"@type":"WebPage","@id":"https:\/\/aptus-holland.com\/de\/produkte\/micromix\/","url":"https:\/\/aptus-holland.com\/de\/produkte\/micromix\/","name":"Micromix Soil & Drip - Aptus Holland","isPartOf":{"@id":"https:\/\/aptus-holland.com\/de\/#website"},"primaryImageOfPage":{"@id":"https:\/\/aptus-holland.com\/de\/produkte\/micromix\/#primaryimage"},"image":{"@id":"https:\/\/aptus-holland.com\/de\/produkte\/micromix\/#primaryimage"},"thumbnailUrl":"http:\/\/aptus-holland.com\/wp-content\/uploads\/2022\/08\/aptus-holland-micrommix-soil-and-drip.png","datePublished":"2021-11-17T12:28:12+00:00","dateModified":"2024-07-23T13:53:03+00:00","breadcrumb":{"@id":"https:\/\/aptus-holland.com\/de\/produkte\/micromix\/#breadcrumb"},"inLanguage":"de","potentialAction":[{"@type":"ReadAction","target":["https:\/\/aptus-holland.com\/de\/produkte\/micromix\/"]}]},{"@type":"ImageObject","inLanguage":"de","@id":"https:\/\/aptus-holland.com\/de\/produkte\/micromix\/#primaryimage","url":"http:\/\/aptus-holland.com\/wp-content\/uploads\/2022\/08\/aptus-holland-micrommix-soil-and-drip.png","contentUrl":"http:\/\/aptus-holland.com\/wp-content\/uploads\/2022\/08\/aptus-holland-micrommix-soil-and-drip.png"},{"@type":"BreadcrumbList","@id":"https:\/\/aptus-holland.com\/de\/produkte\/micromix\/#breadcrumb","itemListElement":[{"@type":"ListItem","position":1,"name":"Home","item":"https:\/\/aptus-holland.com\/de\/"},{"@type":"ListItem","position":2,"name":"Produkte","item":"https:\/\/aptus-holland.com\/de\/products\/"},{"@type":"ListItem","position":3,"name":"Micromix Soil &#038; Drip"}]},{"@type":"WebSite","@id":"https:\/\/aptus-holland.com\/de\/#website","url":"https:\/\/aptus-holland.com\/de\/","name":"Aptus Holland","description":"Plant Tech","publisher":{"@id":"https:\/\/aptus-holland.com\/de\/#organization"},"potentialAction":[{"@type":"SearchAction","target":{"@type":"EntryPoint","urlTemplate":"https:\/\/aptus-holland.com\/de\/?s={search_term_string}"},"query-input":{"@type":"PropertyValueSpecification","valueRequired":true,"valueName":"search_term_string"}}],"inLanguage":"de"},{"@type":"Organization","@id":"https:\/\/aptus-holland.com\/de\/#organization","name":"Aptus Holland","url":"https:\/\/aptus-holland.com\/de\/","logo":{"@type":"ImageObject","inLanguage":"de","@id":"https:\/\/aptus-holland.com\/de\/#\/schema\/logo\/image\/","url":"https:\/\/aptus-holland.com\/wp-content\/uploads\/2021\/07\/logo-aptus-holland.png","contentUrl":"https:\/\/aptus-holland.com\/wp-content\/uploads\/2021\/07\/logo-aptus-holland.png","width":365,"height":200,"caption":"Aptus Holland"},"image":{"@id":"https:\/\/aptus-holland.com\/de\/#\/schema\/logo\/image\/"}}]}},"_links":{"self":[{"href":"https:\/\/aptus-holland.com\/de\/wp-json\/wp\/v2\/pages\/34663","targetHints":{"allow":["GET"]}}],"collection":[{"href":"https:\/\/aptus-holland.com\/de\/wp-json\/wp\/v2\/pages"}],"about":[{"href":"https:\/\/aptus-holland.com\/de\/wp-json\/wp\/v2\/types\/page"}],"author":[{"embeddable":true,"href":"https:\/\/aptus-holland.com\/de\/wp-json\/wp\/v2\/users\/2"}],"replies":[{"embeddable":true,"href":"https:\/\/aptus-holland.com\/de\/wp-json\/wp\/v2\/comments?post=34663"}],"version-history":[{"count":7,"href":"https:\/\/aptus-holland.com\/de\/wp-json\/wp\/v2\/pages\/34663\/revisions"}],"predecessor-version":[{"id":37884,"href":"https:\/\/aptus-holland.com\/de\/wp-json\/wp\/v2\/pages\/34663\/revisions\/37884"}],"up":[{"embeddable":true,"href":"https:\/\/aptus-holland.com\/de\/wp-json\/wp\/v2\/pages\/34094"}],"wp:attachment":[{"href":"https:\/\/aptus-holland.com\/de\/wp-json\/wp\/v2\/media?parent=34663"}],"curies":[{"name":"wp","href":"https:\/\/api.w.org\/{rel}","templated":true}]}}