{"id":34354,"date":"2021-11-17T12:52:00","date_gmt":"2021-11-17T12:52:00","guid":{"rendered":"https:\/\/aptus-holland.com\/produkte\/all-in-one-pellet\/"},"modified":"2025-03-07T08:02:23","modified_gmt":"2025-03-07T08:02:23","slug":"all-in-one-pellet","status":"publish","type":"page","link":"https:\/\/aptus-holland.com\/de\/produkte\/all-in-one-pellet\/","title":{"rendered":"All-in-One Pellet"},"content":{"rendered":"\t\t<div data-elementor-type=\"wp-page\" data-elementor-id=\"34354\" class=\"elementor elementor-34354 elementor-28001\" data-elementor-settings=\"[]\">\n\t\t\t\t\t\t\t<div class=\"elementor-section-wrap\">\n\t\t\t\t\t\t\t<section class=\"elementor-section elementor-top-section elementor-element elementor-element-cb4074c elementor-section-full_width ot-traditional elementor-section-height-default elementor-section-height-default\" data-id=\"cb4074c\" data-element_type=\"section\">\n\t\t\t\t\t\t<div class=\"elementor-container elementor-column-gap-extended\">\n\t\t\t\t\t<div class=\"elementor-column elementor-col-50 elementor-top-column elementor-element elementor-element-ccf0919 ot-column-items-top ot-flex-column-vertical\" data-id=\"ccf0919\" data-element_type=\"column\">\n\t\t\t<div class=\"elementor-widget-wrap elementor-element-populated\">\n\t\t\t\t\t\t\t\t<div class=\"elementor-element elementor-element-85abb63 product-img-aptus elementor-widget elementor-widget-image\" data-id=\"85abb63\" data-element_type=\"widget\" data-widget_type=\"image.default\">\n\t\t\t\t<div class=\"elementor-widget-container\">\n\t\t\t\t\t\t\t\t\t\t\t\t\t\t\t<img loading=\"lazy\" decoding=\"async\" width=\"800\" height=\"695\" src=\"https:\/\/aptus-holland.com\/wp-content\/uploads\/2025\/03\/aptus-holland-all-in-one-pellet-fam.webp\" class=\"attachment-full size-full\" alt=\"\" srcset=\"https:\/\/aptus-holland.com\/wp-content\/uploads\/2025\/03\/aptus-holland-all-in-one-pellet-fam.webp 800w, https:\/\/aptus-holland.com\/wp-content\/uploads\/2025\/03\/aptus-holland-all-in-one-pellet-fam-300x261.webp 300w, https:\/\/aptus-holland.com\/wp-content\/uploads\/2025\/03\/aptus-holland-all-in-one-pellet-fam-768x667.webp 768w, https:\/\/aptus-holland.com\/wp-content\/uploads\/2025\/03\/aptus-holland-all-in-one-pellet-fam-720x626.webp 720w, https:\/\/aptus-holland.com\/wp-content\/uploads\/2025\/03\/aptus-holland-all-in-one-pellet-fam-24x21.webp 24w, https:\/\/aptus-holland.com\/wp-content\/uploads\/2025\/03\/aptus-holland-all-in-one-pellet-fam-36x31.webp 36w, https:\/\/aptus-holland.com\/wp-content\/uploads\/2025\/03\/aptus-holland-all-in-one-pellet-fam-48x42.webp 48w\" sizes=\"auto, (max-width: 800px) 100vw, 800px\" \/>\t\t\t\t\t\t\t\t\t\t\t\t\t\t\t<\/div>\n\t\t\t\t<\/div>\n\t\t\t\t\t<\/div>\n\t\t<\/div>\n\t\t\t\t<div class=\"elementor-column elementor-col-50 elementor-top-column elementor-element elementor-element-9e78e1d ot-flex-column-vertical elementor-invisible\" data-id=\"9e78e1d\" data-element_type=\"column\" data-settings=\"{&quot;background_background&quot;:&quot;classic&quot;,&quot;animation&quot;:&quot;fadeInRight&quot;}\">\n\t\t\t<div class=\"elementor-widget-wrap elementor-element-populated\">\n\t\t\t\t\t\t\t\t<div class=\"elementor-element elementor-element-925ee15 elementor-widget elementor-widget-iheading\" data-id=\"925ee15\" data-element_type=\"widget\" data-widget_type=\"iheading.default\">\n\t\t\t\t<div class=\"elementor-widget-container\">\n\t\t\t\t\t<div class=\"ot-heading\">\r\n\t        \t            <span>\/\/ N\u00c4HRSTOFF-PELLET<\/span>\r\n\t        <h2 class=\"main-heading\">All-in-One Pellet <\/h2>\t    <\/div>\r\n\t    \t\t<\/div>\n\t\t\t\t<\/div>\n\t\t\t\t<div class=\"elementor-element elementor-element-f9ab05f elementor-widget elementor-widget-text-editor\" data-id=\"f9ab05f\" data-element_type=\"widget\" data-widget_type=\"text-editor.default\">\n\t\t\t\t<div class=\"elementor-widget-container\">\n\t\t\t\t\t\t\t\t<p>Aptus All-in-One ist ein 100% organischer Pelletd\u00fcnger, dessen Inhaltsstoffe mit der Zeit freigesetzt werden und der die vollst\u00e4ndige Ern\u00e4hrung zur Entwicklung der Pflanzen f\u00fcr einen Zeitraum von bis zu 3 Monaten bereitstellt. Jede Anwendung dauert 10 &#8211; 12 Wochen und kann bei l\u00e4ngeren Zyklen erneut angewendet werden. Diese spezielle Rezeptur enth\u00e4lt Makron\u00e4hrstoffe und Mikron\u00e4hrstoffe, Aminos\u00e4uren und Biostimulanzien zur langfristigen Verbesserung der Pflanzenentwicklung. Aptus All-in-One kann beim Umsetzen der Pflanzen oder bei der Bodenvorbereitung direkt in den Boden gegeben oder auch als Kopfd\u00fcngung\/Oberfl\u00e4chend\u00fcngung aufgebracht werden, um den Wachstumszyklus zu verl\u00e4ngern.<\/p>\t\t\t\t\t\t<\/div>\n\t\t\t\t<\/div>\n\t\t\t\t\t<\/div>\n\t\t<\/div>\n\t\t\t\t\t\t\t<\/div>\n\t\t<\/section>\n\t\t\t\t<section class=\"elementor-section elementor-top-section elementor-element elementor-element-683d3b1 groene-vlakken-producten ot-traditional elementor-section-boxed elementor-section-height-default elementor-section-height-default\" data-id=\"683d3b1\" data-element_type=\"section\" data-settings=\"{&quot;background_background&quot;:&quot;classic&quot;}\">\n\t\t\t\t\t\t<div class=\"elementor-container elementor-column-gap-extended\">\n\t\t\t\t\t<div class=\"elementor-column elementor-col-50 elementor-top-column elementor-element elementor-element-9aaa582 ot-flex-column-vertical\" data-id=\"9aaa582\" data-element_type=\"column\">\n\t\t\t<div class=\"elementor-widget-wrap elementor-element-populated\">\n\t\t\t\t\t\t\t\t<div class=\"elementor-element elementor-element-d58ba4b elementor-widget elementor-widget-iheading\" data-id=\"d58ba4b\" data-element_type=\"widget\" data-widget_type=\"iheading.default\">\n\t\t\t\t<div class=\"elementor-widget-container\">\n\t\t\t\t\t<div class=\"ot-heading\">\r\n\t        <h2 class=\"main-heading\">Wozu All-in-One Pellet?<\/h2>\t    <\/div>\r\n\t    \t\t<\/div>\n\t\t\t\t<\/div>\n\t\t\t\t<div class=\"elementor-element elementor-element-b6c8371 elementor-icon-list--layout-traditional elementor-list-item-link-full_width elementor-widget elementor-widget-icon-list\" data-id=\"b6c8371\" data-element_type=\"widget\" data-widget_type=\"icon-list.default\">\n\t\t\t\t<div class=\"elementor-widget-container\">\n\t\t\t\t\t<ul class=\"elementor-icon-list-items\">\n\t\t\t\t\t\t\t<li class=\"elementor-icon-list-item\">\n\t\t\t\t\t\t\t\t\t\t\t<span class=\"elementor-icon-list-icon\">\n\t\t\t\t\t\t\t<i aria-hidden=\"true\" class=\"fas fa-check\"><\/i>\t\t\t\t\t\t<\/span>\n\t\t\t\t\t\t\t\t\t\t<span class=\"elementor-icon-list-text\">Einfache und komplette, 100% organische Pflanzenern\u00e4hrung. Nur Wasser wird noch ben\u00f6tigt<\/span>\n\t\t\t\t\t\t\t\t\t<\/li>\n\t\t\t\t\t\t\t\t<li class=\"elementor-icon-list-item\">\n\t\t\t\t\t\t\t\t\t\t\t<span class=\"elementor-icon-list-icon\">\n\t\t\t\t\t\t\t<i aria-hidden=\"true\" class=\"fas fa-check\"><\/i>\t\t\t\t\t\t<\/span>\n\t\t\t\t\t\t\t\t\t\t<span class=\"elementor-icon-list-text\">Kompletter Granulatd\u00fcnger zum Einmischen oder als Kopfd\u00fcngung mit langsamer Freisetzung der N\u00e4hrstoffe<\/span>\n\t\t\t\t\t\t\t\t\t<\/li>\n\t\t\t\t\t\t\t\t<li class=\"elementor-icon-list-item\">\n\t\t\t\t\t\t\t\t\t\t\t<span class=\"elementor-icon-list-icon\">\n\t\t\t\t\t\t\t<i aria-hidden=\"true\" class=\"fas fa-check\"><\/i>\t\t\t\t\t\t<\/span>\n\t\t\t\t\t\t\t\t\t\t<span class=\"elementor-icon-list-text\">Dank der kompletten Rezeptur wird weniger D\u00fcngemittel ben\u00f6tigt<\/span>\n\t\t\t\t\t\t\t\t\t<\/li>\n\t\t\t\t\t\t\t\t<li class=\"elementor-icon-list-item\">\n\t\t\t\t\t\t\t\t\t\t\t<span class=\"elementor-icon-list-icon\">\n\t\t\t\t\t\t\t<i aria-hidden=\"true\" class=\"fas fa-check\"><\/i>\t\t\t\t\t\t<\/span>\n\t\t\t\t\t\t\t\t\t\t<span class=\"elementor-icon-list-text\">Benutzerfreundlich \u2013 gelangt alle zwei bis drei Monate zur Anwendung<\/span>\n\t\t\t\t\t\t\t\t\t<\/li>\n\t\t\t\t\t\t\t\t<li class=\"elementor-icon-list-item\">\n\t\t\t\t\t\t\t\t\t\t\t<span class=\"elementor-icon-list-icon\">\n\t\t\t\t\t\t\t<i aria-hidden=\"true\" class=\"fas fa-check\"><\/i>\t\t\t\t\t\t<\/span>\n\t\t\t\t\t\t\t\t\t\t<span class=\"elementor-icon-list-text\">Perfekt f\u00fcr abgelegene Standort und lange Zyklen bei den Nutzpflanzen<\/span>\n\t\t\t\t\t\t\t\t\t<\/li>\n\t\t\t\t\t\t\t\t<li class=\"elementor-icon-list-item\">\n\t\t\t\t\t\t\t\t\t\t\t<span class=\"elementor-icon-list-icon\">\n\t\t\t\t\t\t\t<i aria-hidden=\"true\" class=\"fas fa-check\"><\/i>\t\t\t\t\t\t<\/span>\n\t\t\t\t\t\t\t\t\t\t<span class=\"elementor-icon-list-text\">Tr\u00e4gt zur Bodenverbesserung bei, f\u00f6rdert die Pflanzenentwicklung und stimuliert die Mikroorganismen<\/span>\n\t\t\t\t\t\t\t\t\t<\/li>\n\t\t\t\t\t\t\t\t<li class=\"elementor-icon-list-item\">\n\t\t\t\t\t\t\t\t\t\t\t<span class=\"elementor-icon-list-icon\">\n\t\t\t\t\t\t\t<i aria-hidden=\"true\" class=\"fas fa-check\"><\/i>\t\t\t\t\t\t<\/span>\n\t\t\t\t\t\t\t\t\t\t<span class=\"elementor-icon-list-text\">Bei richtiger Lagerung lange haltbar<\/span>\n\t\t\t\t\t\t\t\t\t<\/li>\n\t\t\t\t\t\t<\/ul>\n\t\t\t\t<\/div>\n\t\t\t\t<\/div>\n\t\t\t\t\t<\/div>\n\t\t<\/div>\n\t\t\t\t<div class=\"elementor-column elementor-col-50 elementor-top-column elementor-element elementor-element-f46f3a7 ot-flex-column-vertical\" data-id=\"f46f3a7\" data-element_type=\"column\">\n\t\t\t<div class=\"elementor-widget-wrap elementor-element-populated\">\n\t\t\t\t\t\t\t\t<div class=\"elementor-element elementor-element-9b95014 elementor-aspect-ratio-169 elementor-widget elementor-widget-video\" data-id=\"9b95014\" data-element_type=\"widget\" data-settings=\"{&quot;youtube_url&quot;:&quot;https:\\\/\\\/youtu.be\\\/TQldtRwbZOI&quot;,&quot;video_type&quot;:&quot;youtube&quot;,&quot;controls&quot;:&quot;yes&quot;,&quot;aspect_ratio&quot;:&quot;169&quot;}\" data-widget_type=\"video.default\">\n\t\t\t\t<div class=\"elementor-widget-container\">\n\t\t\t\t\t<div class=\"elementor-wrapper elementor-fit-aspect-ratio elementor-open-inline\">\n\t\t\t<div class=\"elementor-video\"><\/div>\t\t<\/div>\n\t\t\t\t<\/div>\n\t\t\t\t<\/div>\n\t\t\t\t\t<\/div>\n\t\t<\/div>\n\t\t\t\t\t\t\t<\/div>\n\t\t<\/section>\n\t\t\t\t<section class=\"elementor-section elementor-top-section elementor-element elementor-element-3946652 elementor-section-full_width groene-vlakken-producten ot-traditional elementor-section-height-default elementor-section-height-default\" data-id=\"3946652\" data-element_type=\"section\" data-settings=\"{&quot;background_background&quot;:&quot;classic&quot;}\">\n\t\t\t\t\t\t<div class=\"elementor-container elementor-column-gap-extended\">\n\t\t\t\t\t<div class=\"elementor-column elementor-col-50 elementor-top-column elementor-element elementor-element-42163fa ot-flex-column-vertical\" data-id=\"42163fa\" data-element_type=\"column\" data-settings=\"{&quot;background_background&quot;:&quot;classic&quot;,&quot;animation&quot;:&quot;none&quot;}\">\n\t\t\t<div class=\"elementor-widget-wrap elementor-element-populated\">\n\t\t\t\t\t\t\t\t<div class=\"elementor-element elementor-element-adaf3f4 product-pagina-inhoud elementor-invisible elementor-widget elementor-widget-text-editor\" data-id=\"adaf3f4\" data-element_type=\"widget\" data-settings=\"{&quot;_animation_delay&quot;:600,&quot;_animation&quot;:&quot;fadeInLeft&quot;}\" data-widget_type=\"text-editor.default\">\n\t\t\t\t<div class=\"elementor-widget-container\">\n\t\t\t\t\t\t\t\t<h2>WIE VERWENDET MAN ALL-IN-ONE PELLET<\/h2><p><strong>Anwendungsm\u00f6glichkeiten:<\/strong><\/p><ul><li>Mischen Sie die Pellets mit dem Substrat bevor Sie einpflanzen<\/li><li>Geben Sie die Pellets mit in jedes Pflanzloch<\/li><li>Im oberen 5 cm Boden bereich vermischen und Bew\u00e4ssern<\/li><\/ul><p><strong>F\u00fcr kurze Anbauphasen (3 Monate)<\/strong><\/p><ul><li>Torf: Verwenden Sie 50 &#8211; 100 g pro Pflanze und Zyklus<\/li><li>Lehm oder schwerem Boden: Verwenden Sie 100 g pro Pflanze und Zyklus<\/li><li>Kokos oder sandigem Boden: Verwenden Sie 200 g pro Pflanze und Zyklus<\/li><\/ul><p>Betr\u00e4gt der Zyklus l\u00e4nger wie 3 Monate, wiederholen Sie den Vorgang (nach 2 Monaten) der Kopfd\u00fcngung oder im oberen 5 cm Boden bereich erneut vermischen und Bew\u00e4ssern.<\/p>\t\t\t\t\t\t<\/div>\n\t\t\t\t<\/div>\n\t\t\t\t<div class=\"elementor-element elementor-element-9d139e3 product-pagina-inhoud elementor-invisible elementor-widget elementor-widget-text-editor\" data-id=\"9d139e3\" data-element_type=\"widget\" data-settings=\"{&quot;_animation_delay&quot;:600,&quot;_animation&quot;:&quot;fadeInLeft&quot;}\" data-widget_type=\"text-editor.default\">\n\t\t\t\t<div class=\"elementor-widget-container\">\n\t\t\t\t\t\t\t\t<h2>All-in-One Pellet enth\u00e4lt<\/h2><ul><li>NPK-D\u00fcngermischung mit Magnesium (Mg) und Schwefel (S)<\/li><li>Organisch chelierte Mikroelemente wie Bor (B), Eisen (Fe), Mangan (Mn), Zink (Zn)<\/li><li>L-Aminos\u00e4uren<\/li><\/ul>\t\t\t\t\t\t<\/div>\n\t\t\t\t<\/div>\n\t\t\t\t\t<\/div>\n\t\t<\/div>\n\t\t\t\t<div class=\"elementor-column elementor-col-50 elementor-top-column elementor-element elementor-element-cf69460 ot-flex-column-vertical\" data-id=\"cf69460\" data-element_type=\"column\" data-settings=\"{&quot;background_background&quot;:&quot;classic&quot;}\">\n\t\t\t<div class=\"elementor-widget-wrap elementor-element-populated\">\n\t\t\t\t\t\t\t\t<div class=\"elementor-element elementor-element-5e91773 product-pagina-inhoud elementor-invisible elementor-widget elementor-widget-text-editor\" data-id=\"5e91773\" data-element_type=\"widget\" data-settings=\"{&quot;_animation_delay&quot;:600,&quot;_animation&quot;:&quot;fadeInRight&quot;}\" data-widget_type=\"text-editor.default\">\n\t\t\t\t<div class=\"elementor-widget-container\">\n\t\t\t\t\t\t\t\t<h2>WIE ALL-IN-ONE PELLET WIRKT<\/h2><ul><li>Sorgt f\u00fcr eine komplette Pflanzenern\u00e4hrung f\u00fcr zwei bis drei Monate, wobei die N\u00e4hrstoffe mit der Zeit freigesetzt werden<\/li><li>L-Aminos\u00e4uren stimulieren die nat\u00fcrlichen Pflanzenprozesse und das Wachstum<\/li><li>Das vollst\u00e4ndige N\u00e4hrstoffprofil minimiert den Pflanzenstress aufgrund umweltbedingter Einfl\u00fcsse, durch Sch\u00e4dlinge und Pathogene<\/li><\/ul>\t\t\t\t\t\t<\/div>\n\t\t\t\t<\/div>\n\t\t\t\t<div class=\"elementor-element elementor-element-c2492b1 product-pagina-inhoud elementor-invisible elementor-widget elementor-widget-text-editor\" data-id=\"c2492b1\" data-element_type=\"widget\" data-settings=\"{&quot;_animation_delay&quot;:600,&quot;_animation&quot;:&quot;fadeInRight&quot;}\" data-widget_type=\"text-editor.default\">\n\t\t\t\t<div class=\"elementor-widget-container\">\n\t\t\t\t\t\t\t\t<h2>TIPS VON ERFOLGREICHEN PFLANZENZ\u00dcCHTERN<\/h2><ul><li>F\u00fcr einen perfekten Start geben Sie Micromix hinzu beim Einpflanzen \u2022 Im Falle von Defiziten, f\u00fcr eine schnelle Absorption pulverisieren Sie die Pellets und als Kopfd\u00fcngung beigeben, anschlie\u00dfend Bew\u00e4ssern. Durch das Pulverisieren werden die Pellets sofort aufgel\u00f6st und die N\u00e4hrstoffe sind f\u00fcr die Pflanze verf\u00fcgbar \u2022 F\u00fcr eine optimale Wirkung im Freilandbereich verwenden Sie zus\u00e4tzlich Regulator, Startbooster und Nutrispray<\/li><li>F\u00fcr eine optimale Wirkung im Innenbereich bei Pflanzent\u00f6pfen verwenden Sie zus\u00e4tzlich Regulator, Startbooster, Topbooster, P-Boost, K-Boost und CaMg-Boost<\/li><li>An einem k\u00fchlen, trockenen Ort aufbewahren. Bei richtiger Lagerung bis zu 3 Jahre haltbar<\/li><\/ul>\t\t\t\t\t\t<\/div>\n\t\t\t\t<\/div>\n\t\t\t\t\t<\/div>\n\t\t<\/div>\n\t\t\t\t\t\t\t<\/div>\n\t\t<\/section>\n\t\t\t\t\t\t<\/div>\n\t\t\t\t\t<\/div>\n\t\t","protected":false},"excerpt":{"rendered":"<p>\/\/ N\u00c4HRSTOFF-PELLET All-in-One Pellet Aptus All-in-One ist ein 100% organischer Pelletd\u00fcnger, dessen Inhaltsstoffe mit der Zeit freigesetzt werden und der die vollst\u00e4ndige Ern\u00e4hrung zur Entwicklung der Pflanzen f\u00fcr einen Zeitraum von bis zu 3 Monaten bereitstellt. Jede Anwendung dauert 10 &#8211; 12 Wochen und kann bei l\u00e4ngeren Zyklen erneut angewendet werden. Diese spezielle Rezeptur enth\u00e4lt [&hellip;]<\/p>\n","protected":false},"author":2,"featured_media":0,"parent":34094,"menu_order":0,"comment_status":"closed","ping_status":"closed","template":"","meta":{"_monsterinsights_skip_tracking":false,"_monsterinsights_sitenote_active":false,"_monsterinsights_sitenote_note":"","_monsterinsights_sitenote_category":0,"footnotes":""},"class_list":["post-34354","page","type-page","status-publish","hentry"],"yoast_head":"<!-- This site is optimized with the Yoast SEO plugin v27.0 - https:\/\/yoast.com\/product\/yoast-seo-wordpress\/ -->\n<title>All-in-One Pellet - Aptus Holland<\/title>\n<meta name=\"robots\" content=\"index, follow, max-snippet:-1, max-image-preview:large, max-video-preview:-1\" \/>\n<link rel=\"canonical\" href=\"https:\/\/aptus-holland.com\/de\/produkte\/all-in-one-pellet\/\" \/>\n<meta property=\"og:locale\" content=\"de_DE\" \/>\n<meta property=\"og:type\" content=\"article\" \/>\n<meta property=\"og:title\" content=\"All-in-One Pellet - Aptus Holland\" \/>\n<meta property=\"og:description\" content=\"\/\/ N\u00c4HRSTOFF-PELLET All-in-One Pellet Aptus All-in-One ist ein 100% organischer Pelletd\u00fcnger, dessen Inhaltsstoffe mit der Zeit freigesetzt werden und der die vollst\u00e4ndige Ern\u00e4hrung zur Entwicklung der Pflanzen f\u00fcr einen Zeitraum von bis zu 3 Monaten bereitstellt. Jede Anwendung dauert 10 &#8211; 12 Wochen und kann bei l\u00e4ngeren Zyklen erneut angewendet werden. Diese spezielle Rezeptur enth\u00e4lt [&hellip;]\" \/>\n<meta property=\"og:url\" content=\"https:\/\/aptus-holland.com\/de\/produkte\/all-in-one-pellet\/\" \/>\n<meta property=\"og:site_name\" content=\"Aptus Holland\" \/>\n<meta property=\"article:modified_time\" content=\"2025-03-07T08:02:23+00:00\" \/>\n<meta property=\"og:image\" content=\"http:\/\/aptus-holland.com\/wp-content\/uploads\/2025\/03\/aptus-holland-all-in-one-pellet-fam.webp\" \/>\n<meta name=\"twitter:card\" content=\"summary_large_image\" \/>\n<meta name=\"twitter:label1\" content=\"Gesch\u00e4tzte Lesezeit\" \/>\n\t<meta name=\"twitter:data1\" content=\"3\u00a0Minuten\" \/>\n<script type=\"application\/ld+json\" class=\"yoast-schema-graph\">{\"@context\":\"https:\/\/schema.org\",\"@graph\":[{\"@type\":\"WebPage\",\"@id\":\"https:\/\/aptus-holland.com\/de\/produkte\/all-in-one-pellet\/\",\"url\":\"https:\/\/aptus-holland.com\/de\/produkte\/all-in-one-pellet\/\",\"name\":\"All-in-One Pellet - Aptus Holland\",\"isPartOf\":{\"@id\":\"https:\/\/aptus-holland.com\/de\/#website\"},\"primaryImageOfPage\":{\"@id\":\"https:\/\/aptus-holland.com\/de\/produkte\/all-in-one-pellet\/#primaryimage\"},\"image\":{\"@id\":\"https:\/\/aptus-holland.com\/de\/produkte\/all-in-one-pellet\/#primaryimage\"},\"thumbnailUrl\":\"http:\/\/aptus-holland.com\/wp-content\/uploads\/2025\/03\/aptus-holland-all-in-one-pellet-fam.webp\",\"datePublished\":\"2021-11-17T12:52:00+00:00\",\"dateModified\":\"2025-03-07T08:02:23+00:00\",\"breadcrumb\":{\"@id\":\"https:\/\/aptus-holland.com\/de\/produkte\/all-in-one-pellet\/#breadcrumb\"},\"inLanguage\":\"de\",\"potentialAction\":[{\"@type\":\"ReadAction\",\"target\":[\"https:\/\/aptus-holland.com\/de\/produkte\/all-in-one-pellet\/\"]}]},{\"@type\":\"ImageObject\",\"inLanguage\":\"de\",\"@id\":\"https:\/\/aptus-holland.com\/de\/produkte\/all-in-one-pellet\/#primaryimage\",\"url\":\"http:\/\/aptus-holland.com\/wp-content\/uploads\/2025\/03\/aptus-holland-all-in-one-pellet-fam.webp\",\"contentUrl\":\"http:\/\/aptus-holland.com\/wp-content\/uploads\/2025\/03\/aptus-holland-all-in-one-pellet-fam.webp\"},{\"@type\":\"BreadcrumbList\",\"@id\":\"https:\/\/aptus-holland.com\/de\/produkte\/all-in-one-pellet\/#breadcrumb\",\"itemListElement\":[{\"@type\":\"ListItem\",\"position\":1,\"name\":\"Home\",\"item\":\"https:\/\/aptus-holland.com\/de\/\"},{\"@type\":\"ListItem\",\"position\":2,\"name\":\"Produkte\",\"item\":\"https:\/\/aptus-holland.com\/de\/products\/\"},{\"@type\":\"ListItem\",\"position\":3,\"name\":\"All-in-One Pellet\"}]},{\"@type\":\"WebSite\",\"@id\":\"https:\/\/aptus-holland.com\/de\/#website\",\"url\":\"https:\/\/aptus-holland.com\/de\/\",\"name\":\"Aptus Holland\",\"description\":\"Plant Tech\",\"publisher\":{\"@id\":\"https:\/\/aptus-holland.com\/de\/#organization\"},\"potentialAction\":[{\"@type\":\"SearchAction\",\"target\":{\"@type\":\"EntryPoint\",\"urlTemplate\":\"https:\/\/aptus-holland.com\/de\/?s={search_term_string}\"},\"query-input\":{\"@type\":\"PropertyValueSpecification\",\"valueRequired\":true,\"valueName\":\"search_term_string\"}}],\"inLanguage\":\"de\"},{\"@type\":\"Organization\",\"@id\":\"https:\/\/aptus-holland.com\/de\/#organization\",\"name\":\"Aptus Holland\",\"url\":\"https:\/\/aptus-holland.com\/de\/\",\"logo\":{\"@type\":\"ImageObject\",\"inLanguage\":\"de\",\"@id\":\"https:\/\/aptus-holland.com\/de\/#\/schema\/logo\/image\/\",\"url\":\"https:\/\/aptus-holland.com\/wp-content\/uploads\/2021\/07\/logo-aptus-holland.png\",\"contentUrl\":\"https:\/\/aptus-holland.com\/wp-content\/uploads\/2021\/07\/logo-aptus-holland.png\",\"width\":365,\"height\":200,\"caption\":\"Aptus Holland\"},\"image\":{\"@id\":\"https:\/\/aptus-holland.com\/de\/#\/schema\/logo\/image\/\"}}]}<\/script>\n<!-- \/ Yoast SEO plugin. -->","yoast_head_json":{"title":"All-in-One Pellet - Aptus Holland","robots":{"index":"index","follow":"follow","max-snippet":"max-snippet:-1","max-image-preview":"max-image-preview:large","max-video-preview":"max-video-preview:-1"},"canonical":"https:\/\/aptus-holland.com\/de\/produkte\/all-in-one-pellet\/","og_locale":"de_DE","og_type":"article","og_title":"All-in-One Pellet - Aptus Holland","og_description":"\/\/ N\u00c4HRSTOFF-PELLET All-in-One Pellet Aptus All-in-One ist ein 100% organischer Pelletd\u00fcnger, dessen Inhaltsstoffe mit der Zeit freigesetzt werden und der die vollst\u00e4ndige Ern\u00e4hrung zur Entwicklung der Pflanzen f\u00fcr einen Zeitraum von bis zu 3 Monaten bereitstellt. Jede Anwendung dauert 10 &#8211; 12 Wochen und kann bei l\u00e4ngeren Zyklen erneut angewendet werden. Diese spezielle Rezeptur enth\u00e4lt [&hellip;]","og_url":"https:\/\/aptus-holland.com\/de\/produkte\/all-in-one-pellet\/","og_site_name":"Aptus Holland","article_modified_time":"2025-03-07T08:02:23+00:00","og_image":[{"url":"http:\/\/aptus-holland.com\/wp-content\/uploads\/2025\/03\/aptus-holland-all-in-one-pellet-fam.webp","type":"","width":"","height":""}],"twitter_card":"summary_large_image","twitter_misc":{"Gesch\u00e4tzte Lesezeit":"3\u00a0Minuten"},"schema":{"@context":"https:\/\/schema.org","@graph":[{"@type":"WebPage","@id":"https:\/\/aptus-holland.com\/de\/produkte\/all-in-one-pellet\/","url":"https:\/\/aptus-holland.com\/de\/produkte\/all-in-one-pellet\/","name":"All-in-One Pellet - Aptus Holland","isPartOf":{"@id":"https:\/\/aptus-holland.com\/de\/#website"},"primaryImageOfPage":{"@id":"https:\/\/aptus-holland.com\/de\/produkte\/all-in-one-pellet\/#primaryimage"},"image":{"@id":"https:\/\/aptus-holland.com\/de\/produkte\/all-in-one-pellet\/#primaryimage"},"thumbnailUrl":"http:\/\/aptus-holland.com\/wp-content\/uploads\/2025\/03\/aptus-holland-all-in-one-pellet-fam.webp","datePublished":"2021-11-17T12:52:00+00:00","dateModified":"2025-03-07T08:02:23+00:00","breadcrumb":{"@id":"https:\/\/aptus-holland.com\/de\/produkte\/all-in-one-pellet\/#breadcrumb"},"inLanguage":"de","potentialAction":[{"@type":"ReadAction","target":["https:\/\/aptus-holland.com\/de\/produkte\/all-in-one-pellet\/"]}]},{"@type":"ImageObject","inLanguage":"de","@id":"https:\/\/aptus-holland.com\/de\/produkte\/all-in-one-pellet\/#primaryimage","url":"http:\/\/aptus-holland.com\/wp-content\/uploads\/2025\/03\/aptus-holland-all-in-one-pellet-fam.webp","contentUrl":"http:\/\/aptus-holland.com\/wp-content\/uploads\/2025\/03\/aptus-holland-all-in-one-pellet-fam.webp"},{"@type":"BreadcrumbList","@id":"https:\/\/aptus-holland.com\/de\/produkte\/all-in-one-pellet\/#breadcrumb","itemListElement":[{"@type":"ListItem","position":1,"name":"Home","item":"https:\/\/aptus-holland.com\/de\/"},{"@type":"ListItem","position":2,"name":"Produkte","item":"https:\/\/aptus-holland.com\/de\/products\/"},{"@type":"ListItem","position":3,"name":"All-in-One Pellet"}]},{"@type":"WebSite","@id":"https:\/\/aptus-holland.com\/de\/#website","url":"https:\/\/aptus-holland.com\/de\/","name":"Aptus Holland","description":"Plant Tech","publisher":{"@id":"https:\/\/aptus-holland.com\/de\/#organization"},"potentialAction":[{"@type":"SearchAction","target":{"@type":"EntryPoint","urlTemplate":"https:\/\/aptus-holland.com\/de\/?s={search_term_string}"},"query-input":{"@type":"PropertyValueSpecification","valueRequired":true,"valueName":"search_term_string"}}],"inLanguage":"de"},{"@type":"Organization","@id":"https:\/\/aptus-holland.com\/de\/#organization","name":"Aptus Holland","url":"https:\/\/aptus-holland.com\/de\/","logo":{"@type":"ImageObject","inLanguage":"de","@id":"https:\/\/aptus-holland.com\/de\/#\/schema\/logo\/image\/","url":"https:\/\/aptus-holland.com\/wp-content\/uploads\/2021\/07\/logo-aptus-holland.png","contentUrl":"https:\/\/aptus-holland.com\/wp-content\/uploads\/2021\/07\/logo-aptus-holland.png","width":365,"height":200,"caption":"Aptus Holland"},"image":{"@id":"https:\/\/aptus-holland.com\/de\/#\/schema\/logo\/image\/"}}]}},"_links":{"self":[{"href":"https:\/\/aptus-holland.com\/de\/wp-json\/wp\/v2\/pages\/34354","targetHints":{"allow":["GET"]}}],"collection":[{"href":"https:\/\/aptus-holland.com\/de\/wp-json\/wp\/v2\/pages"}],"about":[{"href":"https:\/\/aptus-holland.com\/de\/wp-json\/wp\/v2\/types\/page"}],"author":[{"embeddable":true,"href":"https:\/\/aptus-holland.com\/de\/wp-json\/wp\/v2\/users\/2"}],"replies":[{"embeddable":true,"href":"https:\/\/aptus-holland.com\/de\/wp-json\/wp\/v2\/comments?post=34354"}],"version-history":[{"count":13,"href":"https:\/\/aptus-holland.com\/de\/wp-json\/wp\/v2\/pages\/34354\/revisions"}],"predecessor-version":[{"id":38202,"href":"https:\/\/aptus-holland.com\/de\/wp-json\/wp\/v2\/pages\/34354\/revisions\/38202"}],"up":[{"embeddable":true,"href":"https:\/\/aptus-holland.com\/de\/wp-json\/wp\/v2\/pages\/34094"}],"wp:attachment":[{"href":"https:\/\/aptus-holland.com\/de\/wp-json\/wp\/v2\/media?parent=34354"}],"curies":[{"name":"wp","href":"https:\/\/api.w.org\/{rel}","templated":true}]}}