{"id":34349,"date":"2021-11-17T12:41:11","date_gmt":"2021-11-17T12:41:11","guid":{"rendered":"https:\/\/aptus-holland.com\/produkte\/all-in-one-liquid\/"},"modified":"2025-02-27T13:20:06","modified_gmt":"2025-02-27T13:20:06","slug":"all-in-one-liquid","status":"publish","type":"page","link":"https:\/\/aptus-holland.com\/de\/produkte\/all-in-one-liquid\/","title":{"rendered":"All-in-One Liquid"},"content":{"rendered":"\t\t<div data-elementor-type=\"wp-page\" data-elementor-id=\"34349\" class=\"elementor elementor-34349 elementor-27996\" data-elementor-settings=\"[]\">\n\t\t\t\t\t\t\t<div class=\"elementor-section-wrap\">\n\t\t\t\t\t\t\t<section class=\"elementor-section elementor-top-section elementor-element elementor-element-cb4074c elementor-section-full_width ot-traditional elementor-section-height-default elementor-section-height-default\" data-id=\"cb4074c\" data-element_type=\"section\">\n\t\t\t\t\t\t<div class=\"elementor-container elementor-column-gap-extended\">\n\t\t\t\t\t<div class=\"elementor-column elementor-col-50 elementor-top-column elementor-element elementor-element-ccf0919 ot-column-items-top ot-flex-column-vertical\" data-id=\"ccf0919\" data-element_type=\"column\">\n\t\t\t<div class=\"elementor-widget-wrap elementor-element-populated\">\n\t\t\t\t\t\t\t\t<div class=\"elementor-element elementor-element-85abb63 product-img-aptus elementor-widget elementor-widget-image\" data-id=\"85abb63\" data-element_type=\"widget\" data-widget_type=\"image.default\">\n\t\t\t\t<div class=\"elementor-widget-container\">\n\t\t\t\t\t\t\t\t\t\t\t\t\t\t\t<img loading=\"lazy\" decoding=\"async\" width=\"800\" height=\"661\" src=\"https:\/\/aptus-holland.com\/wp-content\/uploads\/2021\/12\/Aptus-Holland-All-in-one-liquid-fam.png\" class=\"attachment-full size-full\" alt=\"\" srcset=\"https:\/\/aptus-holland.com\/wp-content\/uploads\/2021\/12\/Aptus-Holland-All-in-one-liquid-fam.png 800w, https:\/\/aptus-holland.com\/wp-content\/uploads\/2021\/12\/Aptus-Holland-All-in-one-liquid-fam-300x248.png 300w, https:\/\/aptus-holland.com\/wp-content\/uploads\/2021\/12\/Aptus-Holland-All-in-one-liquid-fam-768x635.png 768w, https:\/\/aptus-holland.com\/wp-content\/uploads\/2021\/12\/Aptus-Holland-All-in-one-liquid-fam-720x595.png 720w\" sizes=\"auto, (max-width: 800px) 100vw, 800px\" \/>\t\t\t\t\t\t\t\t\t\t\t\t\t\t\t<\/div>\n\t\t\t\t<\/div>\n\t\t\t\t\t<\/div>\n\t\t<\/div>\n\t\t\t\t<div class=\"elementor-column elementor-col-50 elementor-top-column elementor-element elementor-element-9e78e1d ot-flex-column-vertical elementor-invisible\" data-id=\"9e78e1d\" data-element_type=\"column\" data-settings=\"{&quot;background_background&quot;:&quot;classic&quot;,&quot;animation&quot;:&quot;fadeInRight&quot;}\">\n\t\t\t<div class=\"elementor-widget-wrap elementor-element-populated\">\n\t\t\t\t\t\t\t\t<div class=\"elementor-element elementor-element-925ee15 elementor-widget elementor-widget-iheading\" data-id=\"925ee15\" data-element_type=\"widget\" data-widget_type=\"iheading.default\">\n\t\t\t\t<div class=\"elementor-widget-container\">\n\t\t\t\t\t<div class=\"ot-heading\">\r\n\t        \t            <span>\/\/ EIN D\u00dcNGER F\u00dcR JEDES SUBSTRAT<\/span>\r\n\t        <h2 class=\"main-heading\">All-in-One Liquid<\/h2>\t    <\/div>\r\n\t    \t\t<\/div>\n\t\t\t\t<\/div>\n\t\t\t\t<div class=\"elementor-element elementor-element-f9ab05f elementor-widget elementor-widget-text-editor\" data-id=\"f9ab05f\" data-element_type=\"widget\" data-widget_type=\"text-editor.default\">\n\t\t\t\t<div class=\"elementor-widget-container\">\n\t\t\t\t\t\t\t\t<p>All-in-One Liquid ist ein zu 100% mineralischer D\u00fcnger und geeignet f\u00fcr jedes Substrat und Systeme. Kann von der vegetativen Phase bis zum Ende angewendet werden. Der einzigartige Herstellungsprozess bietet eine optimale Verf\u00fcgbarkeit in einem gro\u00dfem pH-Bereich, nicht anf\u00e4llig gegen\u00fcber pH-Schwankungen.<\/p>\t\t\t\t\t\t<\/div>\n\t\t\t\t<\/div>\n\t\t\t\t\t<\/div>\n\t\t<\/div>\n\t\t\t\t\t\t\t<\/div>\n\t\t<\/section>\n\t\t\t\t<section class=\"elementor-section elementor-top-section elementor-element elementor-element-683d3b1 groene-vlakken-producten ot-traditional elementor-section-boxed elementor-section-height-default elementor-section-height-default\" data-id=\"683d3b1\" data-element_type=\"section\" data-settings=\"{&quot;background_background&quot;:&quot;classic&quot;}\">\n\t\t\t\t\t\t<div class=\"elementor-container elementor-column-gap-extended\">\n\t\t\t\t\t<div class=\"elementor-column elementor-col-50 elementor-top-column elementor-element elementor-element-9aaa582 ot-flex-column-vertical\" data-id=\"9aaa582\" data-element_type=\"column\">\n\t\t\t<div class=\"elementor-widget-wrap elementor-element-populated\">\n\t\t\t\t\t\t\t\t<div class=\"elementor-element elementor-element-d58ba4b elementor-widget elementor-widget-iheading\" data-id=\"d58ba4b\" data-element_type=\"widget\" data-widget_type=\"iheading.default\">\n\t\t\t\t<div class=\"elementor-widget-container\">\n\t\t\t\t\t<div class=\"ot-heading\">\r\n\t        <h2 class=\"main-heading\">Wozu All-in-One Liquid?<\/h2>\t    <\/div>\r\n\t    \t\t<\/div>\n\t\t\t\t<\/div>\n\t\t\t\t<div class=\"elementor-element elementor-element-b6c8371 elementor-icon-list--layout-traditional elementor-list-item-link-full_width elementor-widget elementor-widget-icon-list\" data-id=\"b6c8371\" data-element_type=\"widget\" data-widget_type=\"icon-list.default\">\n\t\t\t\t<div class=\"elementor-widget-container\">\n\t\t\t\t\t<ul class=\"elementor-icon-list-items\">\n\t\t\t\t\t\t\t<li class=\"elementor-icon-list-item\">\n\t\t\t\t\t\t\t\t\t\t\t<span class=\"elementor-icon-list-icon\">\n\t\t\t\t\t\t\t<i aria-hidden=\"true\" class=\"fas fa-check\"><\/i>\t\t\t\t\t\t<\/span>\n\t\t\t\t\t\t\t\t\t\t<span class=\"elementor-icon-list-text\">Anwendung einfach und unkompliziert 100% mineralischer NPK D\u00fcnger<\/span>\n\t\t\t\t\t\t\t\t\t<\/li>\n\t\t\t\t\t\t\t\t<li class=\"elementor-icon-list-item\">\n\t\t\t\t\t\t\t\t\t\t\t<span class=\"elementor-icon-list-icon\">\n\t\t\t\t\t\t\t<i aria-hidden=\"true\" class=\"fas fa-check\"><\/i>\t\t\t\t\t\t<\/span>\n\t\t\t\t\t\t\t\t\t\t<span class=\"elementor-icon-list-text\">Nicht anf\u00e4llig gegen pH-Schwankung (kann angewendet werden in einem gr\u00f6\u00dferen pH-Bereich)<\/span>\n\t\t\t\t\t\t\t\t\t<\/li>\n\t\t\t\t\t\t\t\t<li class=\"elementor-icon-list-item\">\n\t\t\t\t\t\t\t\t\t\t\t<span class=\"elementor-icon-list-icon\">\n\t\t\t\t\t\t\t<i aria-hidden=\"true\" class=\"fas fa-check\"><\/i>\t\t\t\t\t\t<\/span>\n\t\t\t\t\t\t\t\t\t\t<span class=\"elementor-icon-list-text\">Wirtschaftlicher Einsatz 1 bis max. 2 ml pro L von Anfang bis Ende<\/span>\n\t\t\t\t\t\t\t\t\t<\/li>\n\t\t\t\t\t\t\t\t<li class=\"elementor-icon-list-item\">\n\t\t\t\t\t\t\t\t\t\t\t<span class=\"elementor-icon-list-icon\">\n\t\t\t\t\t\t\t<i aria-hidden=\"true\" class=\"fas fa-check\"><\/i>\t\t\t\t\t\t<\/span>\n\t\t\t\t\t\t\t\t\t\t<span class=\"elementor-icon-list-text\">Vollst\u00e4ndig wasserl\u00f6slich und geeignet f\u00fcr alle Bew\u00e4sserungssysteme (inkl. Rezirkulationssysteme)<\/span>\n\t\t\t\t\t\t\t\t\t<\/li>\n\t\t\t\t\t\t\t\t<li class=\"elementor-icon-list-item\">\n\t\t\t\t\t\t\t\t\t\t\t<span class=\"elementor-icon-list-icon\">\n\t\t\t\t\t\t\t<i aria-hidden=\"true\" class=\"fas fa-check\"><\/i>\t\t\t\t\t\t<\/span>\n\t\t\t\t\t\t\t\t\t\t<span class=\"elementor-icon-list-text\">Kann auf jedem Substrat angewendet werden (Erde, Kokos, Steinwolle etc.)<\/span>\n\t\t\t\t\t\t\t\t\t<\/li>\n\t\t\t\t\t\t\t\t<li class=\"elementor-icon-list-item\">\n\t\t\t\t\t\t\t\t\t\t\t<span class=\"elementor-icon-list-icon\">\n\t\t\t\t\t\t\t<i aria-hidden=\"true\" class=\"fas fa-check\"><\/i>\t\t\t\t\t\t<\/span>\n\t\t\t\t\t\t\t\t\t\t<span class=\"elementor-icon-list-text\">Hergestellt aus reinen Rohstoffen f\u00fcr eine optimale Bioverf\u00fcgbarkeit und ohne Zus\u00e4tzen von Chloriden und Ballastsalzen<\/span>\n\t\t\t\t\t\t\t\t\t<\/li>\n\t\t\t\t\t\t\t\t<li class=\"elementor-icon-list-item\">\n\t\t\t\t\t\t\t\t\t\t\t<span class=\"elementor-icon-list-icon\">\n\t\t\t\t\t\t\t<i aria-hidden=\"true\" class=\"fas fa-check\"><\/i>\t\t\t\t\t\t<\/span>\n\t\t\t\t\t\t\t\t\t\t<span class=\"elementor-icon-list-text\">Dadurch dass All-in-One Liquid keinen Chloride enth\u00e4lt, hat es keinen negativen Einfluss auf das Mikrobenleben<\/span>\n\t\t\t\t\t\t\t\t\t<\/li>\n\t\t\t\t\t\t<\/ul>\n\t\t\t\t<\/div>\n\t\t\t\t<\/div>\n\t\t\t\t\t<\/div>\n\t\t<\/div>\n\t\t\t\t<div class=\"elementor-column elementor-col-50 elementor-top-column elementor-element elementor-element-f46f3a7 ot-flex-column-vertical\" data-id=\"f46f3a7\" data-element_type=\"column\">\n\t\t\t<div class=\"elementor-widget-wrap elementor-element-populated\">\n\t\t\t\t\t\t\t\t<div class=\"elementor-element elementor-element-9b95014 elementor-aspect-ratio-169 elementor-widget elementor-widget-video\" data-id=\"9b95014\" data-element_type=\"widget\" data-settings=\"{&quot;youtube_url&quot;:&quot;https:\\\/\\\/youtu.be\\\/H42R0liyW3U&quot;,&quot;video_type&quot;:&quot;youtube&quot;,&quot;controls&quot;:&quot;yes&quot;,&quot;aspect_ratio&quot;:&quot;169&quot;}\" data-widget_type=\"video.default\">\n\t\t\t\t<div class=\"elementor-widget-container\">\n\t\t\t\t\t<div class=\"elementor-wrapper elementor-fit-aspect-ratio elementor-open-inline\">\n\t\t\t<div class=\"elementor-video\"><\/div>\t\t<\/div>\n\t\t\t\t<\/div>\n\t\t\t\t<\/div>\n\t\t\t\t\t<\/div>\n\t\t<\/div>\n\t\t\t\t\t\t\t<\/div>\n\t\t<\/section>\n\t\t\t\t<section class=\"elementor-section elementor-top-section elementor-element elementor-element-3946652 elementor-section-full_width groene-vlakken-producten ot-traditional elementor-section-height-default elementor-section-height-default\" data-id=\"3946652\" data-element_type=\"section\" data-settings=\"{&quot;background_background&quot;:&quot;classic&quot;}\">\n\t\t\t\t\t\t<div class=\"elementor-container elementor-column-gap-extended\">\n\t\t\t\t\t<div class=\"elementor-column elementor-col-50 elementor-top-column elementor-element elementor-element-42163fa ot-flex-column-vertical\" data-id=\"42163fa\" data-element_type=\"column\" data-settings=\"{&quot;background_background&quot;:&quot;classic&quot;,&quot;animation&quot;:&quot;none&quot;}\">\n\t\t\t<div class=\"elementor-widget-wrap elementor-element-populated\">\n\t\t\t\t\t\t\t\t<div class=\"elementor-element elementor-element-adaf3f4 product-pagina-inhoud elementor-invisible elementor-widget elementor-widget-text-editor\" data-id=\"adaf3f4\" data-element_type=\"widget\" data-settings=\"{&quot;_animation_delay&quot;:600,&quot;_animation&quot;:&quot;fadeInLeft&quot;}\" data-widget_type=\"text-editor.default\">\n\t\t\t\t<div class=\"elementor-widget-container\">\n\t\t\t\t\t\t\t\t<h2>WIE VERWENDET MAN ALL-IN-ONE LIQUID<\/h2><p>All-in-One Liquid ist ein hoch konzentrierter D\u00fcnger (1:1000). Die Standarddosierung betr\u00e4gt 1 ml pro L. Durch die hohe Konzentrierung ist All-in-One Liquid sehr wirtschaftlich im Einsatz.<\/p><ul><li>Verwenden Sie All-in-One Liquid zu jeder Bew\u00e4sserung ihrer Pflanzen<\/li><li>All-in-One Liquid enth\u00e4lt keine Ballastsalze oder Chloride, dadurch ist der gemessene EC-Wert der eigentliche EC-Wert<\/li><li>Unter optimalen Bedingungen kann die Verd\u00fcnnung auf max. 2 ml pro L erh\u00f6ht werden<\/li><\/ul>\t\t\t\t\t\t<\/div>\n\t\t\t\t<\/div>\n\t\t\t\t<div class=\"elementor-element elementor-element-9d139e3 product-pagina-inhoud elementor-invisible elementor-widget elementor-widget-text-editor\" data-id=\"9d139e3\" data-element_type=\"widget\" data-settings=\"{&quot;_animation_delay&quot;:600,&quot;_animation&quot;:&quot;fadeInLeft&quot;}\" data-widget_type=\"text-editor.default\">\n\t\t\t\t<div class=\"elementor-widget-container\">\n\t\t\t\t\t\t\t\t<h2>All-in-One Liquid enth\u00e4lt<\/h2><ul><li>Die wesentlichen Elemente: Stickstoff, Phosphor, Kalium und Magnesium<\/li><li>Die Mikroelemente: Bor, Molybd\u00e4n, Eisen, Magnesium, Zink und Kupfer<\/li><\/ul>\t\t\t\t\t\t<\/div>\n\t\t\t\t<\/div>\n\t\t\t\t\t<\/div>\n\t\t<\/div>\n\t\t\t\t<div class=\"elementor-column elementor-col-50 elementor-top-column elementor-element elementor-element-cf69460 ot-flex-column-vertical\" data-id=\"cf69460\" data-element_type=\"column\" data-settings=\"{&quot;background_background&quot;:&quot;classic&quot;}\">\n\t\t\t<div class=\"elementor-widget-wrap elementor-element-populated\">\n\t\t\t\t\t\t\t\t<div class=\"elementor-element elementor-element-5e91773 product-pagina-inhoud elementor-invisible elementor-widget elementor-widget-text-editor\" data-id=\"5e91773\" data-element_type=\"widget\" data-settings=\"{&quot;_animation_delay&quot;:600,&quot;_animation&quot;:&quot;fadeInRight&quot;}\" data-widget_type=\"text-editor.default\">\n\t\t\t\t<div class=\"elementor-widget-container\">\n\t\t\t\t\t\t\t\t<h2>WIE ALL-IN-ONE LIQUID WIRKT<\/h2><ul><li>Durch das einzigartige Herstellungsverfahren ist All-in-One Liquid einfach in der Anwendung und nicht anf\u00e4llig gegen\u00fcber pH-Schwankungen, dadurch eine optimale Verf\u00fcgbarkeit in einem gro\u00dfem pH-Bereich<\/li><li>Auf Erde (Torf): All-in-One Liquid ist eine kompletter Basisd\u00fcnger<\/li><li>Bei Hydro\/Kokos empfehlen wir f\u00fcr beste Resultate die Kombination All-in-One Liquid mit CaMg-Boost. Durch die Kombination CaMg-Boost mit All-in-One Liquid ist es ratsam den pH unter 6,3 zu halten, um eine optimale Aufnahme von Kalzium und Magnesium zu gew\u00e4hrleisten<\/li><\/ul>\t\t\t\t\t\t<\/div>\n\t\t\t\t<\/div>\n\t\t\t\t<div class=\"elementor-element elementor-element-c2492b1 product-pagina-inhoud elementor-invisible elementor-widget elementor-widget-text-editor\" data-id=\"c2492b1\" data-element_type=\"widget\" data-settings=\"{&quot;_animation_delay&quot;:600,&quot;_animation&quot;:&quot;fadeInRight&quot;}\" data-widget_type=\"text-editor.default\">\n\t\t\t\t<div class=\"elementor-widget-container\">\n\t\t\t\t\t\t\t\t<h2>TIPS VON ERFOLGREICHEN Z\u00dcCHTER<\/h2><ul><li>Das gr\u00fcndliche Mischen ist sehr wichtig bei Zugabe von N\u00e4hrstoffen<\/li><li>Achten Sie auf die Hinweise der Reihenfolge bei der Zugabe auf Seite 51<\/li><li>F\u00fcr eine maximale Entwicklung der Pflanze kombinieren Sie All-in-One Liquid in Verbindung mit Regulator, Startbooster, Topbooster, Super-PK und CaMg-Boost<\/li><li>All-in-One Liquid kann auf einer Vielzahl von Nutzpflanzen zum Einsatz gelangen, von Wurzel- und Knollenpflanzen bis hin zu Fr\u00fcchten, Blumen und Zierpflanzen<\/li><\/ul>\t\t\t\t\t\t<\/div>\n\t\t\t\t<\/div>\n\t\t\t\t\t<\/div>\n\t\t<\/div>\n\t\t\t\t\t\t\t<\/div>\n\t\t<\/section>\n\t\t\t\t\t\t<\/div>\n\t\t\t\t\t<\/div>\n\t\t","protected":false},"excerpt":{"rendered":"<p>\/\/ EIN D\u00dcNGER F\u00dcR JEDES SUBSTRAT All-in-One Liquid All-in-One Liquid ist ein zu 100% mineralischer D\u00fcnger und geeignet f\u00fcr jedes Substrat und Systeme. Kann von der vegetativen Phase bis zum Ende angewendet werden. Der einzigartige Herstellungsprozess bietet eine optimale Verf\u00fcgbarkeit in einem gro\u00dfem pH-Bereich, nicht anf\u00e4llig gegen\u00fcber pH-Schwankungen. Wozu All-in-One Liquid? Anwendung einfach und unkompliziert [&hellip;]<\/p>\n","protected":false},"author":2,"featured_media":0,"parent":34094,"menu_order":0,"comment_status":"closed","ping_status":"closed","template":"","meta":{"_monsterinsights_skip_tracking":false,"_monsterinsights_sitenote_active":false,"_monsterinsights_sitenote_note":"","_monsterinsights_sitenote_category":0,"footnotes":""},"class_list":["post-34349","page","type-page","status-publish","hentry"],"yoast_head":"<!-- This site is optimized with the Yoast SEO plugin v27.0 - https:\/\/yoast.com\/product\/yoast-seo-wordpress\/ -->\n<title>All-in-One Liquid - Aptus Holland<\/title>\n<meta name=\"robots\" content=\"index, follow, max-snippet:-1, max-image-preview:large, max-video-preview:-1\" \/>\n<link rel=\"canonical\" href=\"https:\/\/aptus-holland.com\/de\/produkte\/all-in-one-liquid\/\" \/>\n<meta property=\"og:locale\" content=\"de_DE\" \/>\n<meta property=\"og:type\" content=\"article\" \/>\n<meta property=\"og:title\" content=\"All-in-One Liquid - Aptus Holland\" \/>\n<meta property=\"og:description\" content=\"\/\/ EIN D\u00dcNGER F\u00dcR JEDES SUBSTRAT All-in-One Liquid All-in-One Liquid ist ein zu 100% mineralischer D\u00fcnger und geeignet f\u00fcr jedes Substrat und Systeme. Kann von der vegetativen Phase bis zum Ende angewendet werden. Der einzigartige Herstellungsprozess bietet eine optimale Verf\u00fcgbarkeit in einem gro\u00dfem pH-Bereich, nicht anf\u00e4llig gegen\u00fcber pH-Schwankungen. Wozu All-in-One Liquid? Anwendung einfach und unkompliziert [&hellip;]\" \/>\n<meta property=\"og:url\" content=\"https:\/\/aptus-holland.com\/de\/produkte\/all-in-one-liquid\/\" \/>\n<meta property=\"og:site_name\" content=\"Aptus Holland\" \/>\n<meta property=\"article:modified_time\" content=\"2025-02-27T13:20:06+00:00\" \/>\n<meta property=\"og:image\" content=\"http:\/\/aptus-holland.com\/wp-content\/uploads\/2021\/12\/Aptus-Holland-All-in-one-liquid-fam.png\" \/>\n<meta name=\"twitter:card\" content=\"summary_large_image\" \/>\n<meta name=\"twitter:label1\" content=\"Gesch\u00e4tzte Lesezeit\" \/>\n\t<meta name=\"twitter:data1\" content=\"3\u00a0Minuten\" \/>\n<script type=\"application\/ld+json\" class=\"yoast-schema-graph\">{\"@context\":\"https:\/\/schema.org\",\"@graph\":[{\"@type\":\"WebPage\",\"@id\":\"https:\/\/aptus-holland.com\/de\/produkte\/all-in-one-liquid\/\",\"url\":\"https:\/\/aptus-holland.com\/de\/produkte\/all-in-one-liquid\/\",\"name\":\"All-in-One Liquid - Aptus Holland\",\"isPartOf\":{\"@id\":\"https:\/\/aptus-holland.com\/de\/#website\"},\"primaryImageOfPage\":{\"@id\":\"https:\/\/aptus-holland.com\/de\/produkte\/all-in-one-liquid\/#primaryimage\"},\"image\":{\"@id\":\"https:\/\/aptus-holland.com\/de\/produkte\/all-in-one-liquid\/#primaryimage\"},\"thumbnailUrl\":\"http:\/\/aptus-holland.com\/wp-content\/uploads\/2021\/12\/Aptus-Holland-All-in-one-liquid-fam.png\",\"datePublished\":\"2021-11-17T12:41:11+00:00\",\"dateModified\":\"2025-02-27T13:20:06+00:00\",\"breadcrumb\":{\"@id\":\"https:\/\/aptus-holland.com\/de\/produkte\/all-in-one-liquid\/#breadcrumb\"},\"inLanguage\":\"de\",\"potentialAction\":[{\"@type\":\"ReadAction\",\"target\":[\"https:\/\/aptus-holland.com\/de\/produkte\/all-in-one-liquid\/\"]}]},{\"@type\":\"ImageObject\",\"inLanguage\":\"de\",\"@id\":\"https:\/\/aptus-holland.com\/de\/produkte\/all-in-one-liquid\/#primaryimage\",\"url\":\"http:\/\/aptus-holland.com\/wp-content\/uploads\/2021\/12\/Aptus-Holland-All-in-one-liquid-fam.png\",\"contentUrl\":\"http:\/\/aptus-holland.com\/wp-content\/uploads\/2021\/12\/Aptus-Holland-All-in-one-liquid-fam.png\"},{\"@type\":\"BreadcrumbList\",\"@id\":\"https:\/\/aptus-holland.com\/de\/produkte\/all-in-one-liquid\/#breadcrumb\",\"itemListElement\":[{\"@type\":\"ListItem\",\"position\":1,\"name\":\"Home\",\"item\":\"https:\/\/aptus-holland.com\/de\/\"},{\"@type\":\"ListItem\",\"position\":2,\"name\":\"Produkte\",\"item\":\"https:\/\/aptus-holland.com\/de\/products\/\"},{\"@type\":\"ListItem\",\"position\":3,\"name\":\"All-in-One Liquid\"}]},{\"@type\":\"WebSite\",\"@id\":\"https:\/\/aptus-holland.com\/de\/#website\",\"url\":\"https:\/\/aptus-holland.com\/de\/\",\"name\":\"Aptus Holland\",\"description\":\"Plant Tech\",\"publisher\":{\"@id\":\"https:\/\/aptus-holland.com\/de\/#organization\"},\"potentialAction\":[{\"@type\":\"SearchAction\",\"target\":{\"@type\":\"EntryPoint\",\"urlTemplate\":\"https:\/\/aptus-holland.com\/de\/?s={search_term_string}\"},\"query-input\":{\"@type\":\"PropertyValueSpecification\",\"valueRequired\":true,\"valueName\":\"search_term_string\"}}],\"inLanguage\":\"de\"},{\"@type\":\"Organization\",\"@id\":\"https:\/\/aptus-holland.com\/de\/#organization\",\"name\":\"Aptus Holland\",\"url\":\"https:\/\/aptus-holland.com\/de\/\",\"logo\":{\"@type\":\"ImageObject\",\"inLanguage\":\"de\",\"@id\":\"https:\/\/aptus-holland.com\/de\/#\/schema\/logo\/image\/\",\"url\":\"https:\/\/aptus-holland.com\/wp-content\/uploads\/2021\/07\/logo-aptus-holland.png\",\"contentUrl\":\"https:\/\/aptus-holland.com\/wp-content\/uploads\/2021\/07\/logo-aptus-holland.png\",\"width\":365,\"height\":200,\"caption\":\"Aptus Holland\"},\"image\":{\"@id\":\"https:\/\/aptus-holland.com\/de\/#\/schema\/logo\/image\/\"}}]}<\/script>\n<!-- \/ Yoast SEO plugin. -->","yoast_head_json":{"title":"All-in-One Liquid - Aptus Holland","robots":{"index":"index","follow":"follow","max-snippet":"max-snippet:-1","max-image-preview":"max-image-preview:large","max-video-preview":"max-video-preview:-1"},"canonical":"https:\/\/aptus-holland.com\/de\/produkte\/all-in-one-liquid\/","og_locale":"de_DE","og_type":"article","og_title":"All-in-One Liquid - Aptus Holland","og_description":"\/\/ EIN D\u00dcNGER F\u00dcR JEDES SUBSTRAT All-in-One Liquid All-in-One Liquid ist ein zu 100% mineralischer D\u00fcnger und geeignet f\u00fcr jedes Substrat und Systeme. Kann von der vegetativen Phase bis zum Ende angewendet werden. Der einzigartige Herstellungsprozess bietet eine optimale Verf\u00fcgbarkeit in einem gro\u00dfem pH-Bereich, nicht anf\u00e4llig gegen\u00fcber pH-Schwankungen. Wozu All-in-One Liquid? Anwendung einfach und unkompliziert [&hellip;]","og_url":"https:\/\/aptus-holland.com\/de\/produkte\/all-in-one-liquid\/","og_site_name":"Aptus Holland","article_modified_time":"2025-02-27T13:20:06+00:00","og_image":[{"url":"http:\/\/aptus-holland.com\/wp-content\/uploads\/2021\/12\/Aptus-Holland-All-in-one-liquid-fam.png","type":"","width":"","height":""}],"twitter_card":"summary_large_image","twitter_misc":{"Gesch\u00e4tzte Lesezeit":"3\u00a0Minuten"},"schema":{"@context":"https:\/\/schema.org","@graph":[{"@type":"WebPage","@id":"https:\/\/aptus-holland.com\/de\/produkte\/all-in-one-liquid\/","url":"https:\/\/aptus-holland.com\/de\/produkte\/all-in-one-liquid\/","name":"All-in-One Liquid - Aptus Holland","isPartOf":{"@id":"https:\/\/aptus-holland.com\/de\/#website"},"primaryImageOfPage":{"@id":"https:\/\/aptus-holland.com\/de\/produkte\/all-in-one-liquid\/#primaryimage"},"image":{"@id":"https:\/\/aptus-holland.com\/de\/produkte\/all-in-one-liquid\/#primaryimage"},"thumbnailUrl":"http:\/\/aptus-holland.com\/wp-content\/uploads\/2021\/12\/Aptus-Holland-All-in-one-liquid-fam.png","datePublished":"2021-11-17T12:41:11+00:00","dateModified":"2025-02-27T13:20:06+00:00","breadcrumb":{"@id":"https:\/\/aptus-holland.com\/de\/produkte\/all-in-one-liquid\/#breadcrumb"},"inLanguage":"de","potentialAction":[{"@type":"ReadAction","target":["https:\/\/aptus-holland.com\/de\/produkte\/all-in-one-liquid\/"]}]},{"@type":"ImageObject","inLanguage":"de","@id":"https:\/\/aptus-holland.com\/de\/produkte\/all-in-one-liquid\/#primaryimage","url":"http:\/\/aptus-holland.com\/wp-content\/uploads\/2021\/12\/Aptus-Holland-All-in-one-liquid-fam.png","contentUrl":"http:\/\/aptus-holland.com\/wp-content\/uploads\/2021\/12\/Aptus-Holland-All-in-one-liquid-fam.png"},{"@type":"BreadcrumbList","@id":"https:\/\/aptus-holland.com\/de\/produkte\/all-in-one-liquid\/#breadcrumb","itemListElement":[{"@type":"ListItem","position":1,"name":"Home","item":"https:\/\/aptus-holland.com\/de\/"},{"@type":"ListItem","position":2,"name":"Produkte","item":"https:\/\/aptus-holland.com\/de\/products\/"},{"@type":"ListItem","position":3,"name":"All-in-One Liquid"}]},{"@type":"WebSite","@id":"https:\/\/aptus-holland.com\/de\/#website","url":"https:\/\/aptus-holland.com\/de\/","name":"Aptus Holland","description":"Plant Tech","publisher":{"@id":"https:\/\/aptus-holland.com\/de\/#organization"},"potentialAction":[{"@type":"SearchAction","target":{"@type":"EntryPoint","urlTemplate":"https:\/\/aptus-holland.com\/de\/?s={search_term_string}"},"query-input":{"@type":"PropertyValueSpecification","valueRequired":true,"valueName":"search_term_string"}}],"inLanguage":"de"},{"@type":"Organization","@id":"https:\/\/aptus-holland.com\/de\/#organization","name":"Aptus Holland","url":"https:\/\/aptus-holland.com\/de\/","logo":{"@type":"ImageObject","inLanguage":"de","@id":"https:\/\/aptus-holland.com\/de\/#\/schema\/logo\/image\/","url":"https:\/\/aptus-holland.com\/wp-content\/uploads\/2021\/07\/logo-aptus-holland.png","contentUrl":"https:\/\/aptus-holland.com\/wp-content\/uploads\/2021\/07\/logo-aptus-holland.png","width":365,"height":200,"caption":"Aptus Holland"},"image":{"@id":"https:\/\/aptus-holland.com\/de\/#\/schema\/logo\/image\/"}}]}},"_links":{"self":[{"href":"https:\/\/aptus-holland.com\/de\/wp-json\/wp\/v2\/pages\/34349","targetHints":{"allow":["GET"]}}],"collection":[{"href":"https:\/\/aptus-holland.com\/de\/wp-json\/wp\/v2\/pages"}],"about":[{"href":"https:\/\/aptus-holland.com\/de\/wp-json\/wp\/v2\/types\/page"}],"author":[{"embeddable":true,"href":"https:\/\/aptus-holland.com\/de\/wp-json\/wp\/v2\/users\/2"}],"replies":[{"embeddable":true,"href":"https:\/\/aptus-holland.com\/de\/wp-json\/wp\/v2\/comments?post=34349"}],"version-history":[{"count":7,"href":"https:\/\/aptus-holland.com\/de\/wp-json\/wp\/v2\/pages\/34349\/revisions"}],"predecessor-version":[{"id":38070,"href":"https:\/\/aptus-holland.com\/de\/wp-json\/wp\/v2\/pages\/34349\/revisions\/38070"}],"up":[{"embeddable":true,"href":"https:\/\/aptus-holland.com\/de\/wp-json\/wp\/v2\/pages\/34094"}],"wp:attachment":[{"href":"https:\/\/aptus-holland.com\/de\/wp-json\/wp\/v2\/media?parent=34349"}],"curies":[{"name":"wp","href":"https:\/\/api.w.org\/{rel}","templated":true}]}}