{"id":34310,"date":"2021-11-17T10:11:45","date_gmt":"2021-11-17T10:11:45","guid":{"rendered":"https:\/\/aptus-holland.com\/produkte\/super-pk\/"},"modified":"2023-08-22T10:43:31","modified_gmt":"2023-08-22T10:43:31","slug":"super-pk","status":"publish","type":"page","link":"https:\/\/aptus-holland.com\/de\/produkte\/super-pk\/","title":{"rendered":"Super-PK"},"content":{"rendered":"\t\t<div data-elementor-type=\"wp-page\" data-elementor-id=\"34310\" class=\"elementor elementor-34310 elementor-27944\" data-elementor-settings=\"[]\">\n\t\t\t\t\t\t\t<div class=\"elementor-section-wrap\">\n\t\t\t\t\t\t\t<section class=\"elementor-section elementor-top-section elementor-element elementor-element-cb4074c elementor-section-full_width ot-traditional elementor-section-height-default elementor-section-height-default\" data-id=\"cb4074c\" data-element_type=\"section\">\n\t\t\t\t\t\t<div class=\"elementor-container elementor-column-gap-extended\">\n\t\t\t\t\t<div class=\"elementor-column elementor-col-50 elementor-top-column elementor-element elementor-element-ccf0919 ot-column-items-top ot-flex-column-vertical\" data-id=\"ccf0919\" data-element_type=\"column\">\n\t\t\t<div class=\"elementor-widget-wrap elementor-element-populated\">\n\t\t\t\t\t\t\t\t<div class=\"elementor-element elementor-element-85abb63 product-img-aptus elementor-widget elementor-widget-image\" data-id=\"85abb63\" data-element_type=\"widget\" data-widget_type=\"image.default\">\n\t\t\t\t<div class=\"elementor-widget-container\">\n\t\t\t\t\t\t\t\t\t\t\t\t\t\t\t<img loading=\"lazy\" decoding=\"async\" width=\"800\" height=\"661\" src=\"https:\/\/aptus-holland.com\/wp-content\/uploads\/2021\/12\/Aptus-Holland-Super-PK-fam.png\" class=\"attachment-full size-full\" alt=\"\" srcset=\"https:\/\/aptus-holland.com\/wp-content\/uploads\/2021\/12\/Aptus-Holland-Super-PK-fam.png 800w, https:\/\/aptus-holland.com\/wp-content\/uploads\/2021\/12\/Aptus-Holland-Super-PK-fam-300x248.png 300w, https:\/\/aptus-holland.com\/wp-content\/uploads\/2021\/12\/Aptus-Holland-Super-PK-fam-768x635.png 768w, https:\/\/aptus-holland.com\/wp-content\/uploads\/2021\/12\/Aptus-Holland-Super-PK-fam-720x595.png 720w\" sizes=\"auto, (max-width: 800px) 100vw, 800px\" \/>\t\t\t\t\t\t\t\t\t\t\t\t\t\t\t<\/div>\n\t\t\t\t<\/div>\n\t\t\t\t\t<\/div>\n\t\t<\/div>\n\t\t\t\t<div class=\"elementor-column elementor-col-50 elementor-top-column elementor-element elementor-element-9e78e1d ot-flex-column-vertical elementor-invisible\" data-id=\"9e78e1d\" data-element_type=\"column\" data-settings=\"{&quot;background_background&quot;:&quot;classic&quot;,&quot;animation&quot;:&quot;fadeInRight&quot;}\">\n\t\t\t<div class=\"elementor-widget-wrap elementor-element-populated\">\n\t\t\t\t\t\t\t\t<div class=\"elementor-element elementor-element-925ee15 elementor-widget elementor-widget-iheading\" data-id=\"925ee15\" data-element_type=\"widget\" data-widget_type=\"iheading.default\">\n\t\t\t\t<div class=\"elementor-widget-container\">\n\t\t\t\t\t<div class=\"ot-heading\">\r\n\t        \t            <span>\/\/ LEISTUNGSF\u00c4HIGER PK-BL\u00dcTESTIMULATOR<\/span>\r\n\t        <h2 class=\"main-heading\">Super-PK<\/h2>\t    <\/div>\r\n\t    \t\t<\/div>\n\t\t\t\t<\/div>\n\t\t\t\t<div class=\"elementor-element elementor-element-f9ab05f elementor-widget elementor-widget-text-editor\" data-id=\"f9ab05f\" data-element_type=\"widget\" data-widget_type=\"text-editor.default\">\n\t\t\t\t<div class=\"elementor-widget-container\">\n\t\t\t\t\t\t\t\t<p>Super-PK ist ein hochwertiger organo-mineralischer Bl\u00fctestimulator. Er besteht aus 20% Phosphor (P) und 23% Kalium (K) in Kombination mit Aminos\u00e4uren und eignet sich somit ideal zur Bl\u00fctestimulation.<\/p>\t\t\t\t\t\t<\/div>\n\t\t\t\t<\/div>\n\t\t\t\t\t<\/div>\n\t\t<\/div>\n\t\t\t\t\t\t\t<\/div>\n\t\t<\/section>\n\t\t\t\t<section class=\"elementor-section elementor-top-section elementor-element elementor-element-683d3b1 groene-vlakken-producten ot-traditional elementor-section-boxed elementor-section-height-default elementor-section-height-default\" data-id=\"683d3b1\" data-element_type=\"section\" data-settings=\"{&quot;background_background&quot;:&quot;classic&quot;}\">\n\t\t\t\t\t\t<div class=\"elementor-container elementor-column-gap-extended\">\n\t\t\t\t\t<div class=\"elementor-column elementor-col-50 elementor-top-column elementor-element elementor-element-9aaa582 ot-flex-column-vertical\" data-id=\"9aaa582\" data-element_type=\"column\">\n\t\t\t<div class=\"elementor-widget-wrap elementor-element-populated\">\n\t\t\t\t\t\t\t\t<div class=\"elementor-element elementor-element-d58ba4b elementor-widget elementor-widget-iheading\" data-id=\"d58ba4b\" data-element_type=\"widget\" data-widget_type=\"iheading.default\">\n\t\t\t\t<div class=\"elementor-widget-container\">\n\t\t\t\t\t<div class=\"ot-heading\">\r\n\t        <h2 class=\"main-heading\">Wozu Super-PK?<\/h2>\t    <\/div>\r\n\t    \t\t<\/div>\n\t\t\t\t<\/div>\n\t\t\t\t<div class=\"elementor-element elementor-element-b6c8371 elementor-icon-list--layout-traditional elementor-list-item-link-full_width elementor-widget elementor-widget-icon-list\" data-id=\"b6c8371\" data-element_type=\"widget\" data-widget_type=\"icon-list.default\">\n\t\t\t\t<div class=\"elementor-widget-container\">\n\t\t\t\t\t<ul class=\"elementor-icon-list-items\">\n\t\t\t\t\t\t\t<li class=\"elementor-icon-list-item\">\n\t\t\t\t\t\t\t\t\t\t\t<span class=\"elementor-icon-list-icon\">\n\t\t\t\t\t\t\t<i aria-hidden=\"true\" class=\"fas fa-check\"><\/i>\t\t\t\t\t\t<\/span>\n\t\t\t\t\t\t\t\t\t\t<span class=\"elementor-icon-list-text\">Hochwertiges organo-mineralisches Produkt<\/span>\n\t\t\t\t\t\t\t\t\t<\/li>\n\t\t\t\t\t\t\t\t<li class=\"elementor-icon-list-item\">\n\t\t\t\t\t\t\t\t\t\t\t<span class=\"elementor-icon-list-icon\">\n\t\t\t\t\t\t\t<i aria-hidden=\"true\" class=\"fas fa-check\"><\/i>\t\t\t\t\t\t<\/span>\n\t\t\t\t\t\t\t\t\t\t<span class=\"elementor-icon-list-text\">Hochkonzentriert<\/span>\n\t\t\t\t\t\t\t\t\t<\/li>\n\t\t\t\t\t\t\t\t<li class=\"elementor-icon-list-item\">\n\t\t\t\t\t\t\t\t\t\t\t<span class=\"elementor-icon-list-icon\">\n\t\t\t\t\t\t\t<i aria-hidden=\"true\" class=\"fas fa-check\"><\/i>\t\t\t\t\t\t<\/span>\n\t\t\t\t\t\t\t\t\t\t<span class=\"elementor-icon-list-text\">Enth\u00e4lt L-Aminos\u00e4uren<\/span>\n\t\t\t\t\t\t\t\t\t<\/li>\n\t\t\t\t\t\t<\/ul>\n\t\t\t\t<\/div>\n\t\t\t\t<\/div>\n\t\t\t\t\t<\/div>\n\t\t<\/div>\n\t\t\t\t<div class=\"elementor-column elementor-col-50 elementor-top-column elementor-element elementor-element-f46f3a7 ot-flex-column-vertical\" data-id=\"f46f3a7\" data-element_type=\"column\">\n\t\t\t<div class=\"elementor-widget-wrap elementor-element-populated\">\n\t\t\t\t\t\t\t\t<div class=\"elementor-element elementor-element-9b95014 elementor-aspect-ratio-169 elementor-widget elementor-widget-video\" data-id=\"9b95014\" data-element_type=\"widget\" data-settings=\"{&quot;youtube_url&quot;:&quot;https:\\\/\\\/www.youtube.com\\\/watch?v=rJrSnqPly5Y&amp;ab_channel=AptusPlantTech&quot;,&quot;video_type&quot;:&quot;youtube&quot;,&quot;controls&quot;:&quot;yes&quot;,&quot;aspect_ratio&quot;:&quot;169&quot;}\" data-widget_type=\"video.default\">\n\t\t\t\t<div class=\"elementor-widget-container\">\n\t\t\t\t\t<div class=\"elementor-wrapper elementor-fit-aspect-ratio elementor-open-inline\">\n\t\t\t<div class=\"elementor-video\"><\/div>\t\t<\/div>\n\t\t\t\t<\/div>\n\t\t\t\t<\/div>\n\t\t\t\t\t<\/div>\n\t\t<\/div>\n\t\t\t\t\t\t\t<\/div>\n\t\t<\/section>\n\t\t\t\t<section class=\"elementor-section elementor-top-section elementor-element elementor-element-3946652 elementor-section-full_width groene-vlakken-producten ot-traditional elementor-section-height-default elementor-section-height-default\" data-id=\"3946652\" data-element_type=\"section\" data-settings=\"{&quot;background_background&quot;:&quot;classic&quot;}\">\n\t\t\t\t\t\t<div class=\"elementor-container elementor-column-gap-extended\">\n\t\t\t\t\t<div class=\"elementor-column elementor-col-50 elementor-top-column elementor-element elementor-element-42163fa ot-flex-column-vertical\" data-id=\"42163fa\" data-element_type=\"column\" data-settings=\"{&quot;background_background&quot;:&quot;classic&quot;,&quot;animation&quot;:&quot;none&quot;}\">\n\t\t\t<div class=\"elementor-widget-wrap elementor-element-populated\">\n\t\t\t\t\t\t\t\t<div class=\"elementor-element elementor-element-adaf3f4 product-pagina-inhoud elementor-invisible elementor-widget elementor-widget-text-editor\" data-id=\"adaf3f4\" data-element_type=\"widget\" data-settings=\"{&quot;_animation_delay&quot;:600,&quot;_animation&quot;:&quot;fadeInLeft&quot;}\" data-widget_type=\"text-editor.default\">\n\t\t\t\t<div class=\"elementor-widget-container\">\n\t\t\t\t\t\t\t\t<h2>WIE VERWENDET MAN SUPER-PK<\/h2><p>Verwenden Sie Super-PK in der Bl\u00fchphase. Mischen Sie 2,5 &#8211; 5 ml Super-PK mit 10 L Wasser. Vor Gebrauch sch\u00fctteln. Ganz wasserl\u00f6slich.<\/p><p>Hinterl\u00e4sst keine R\u00fcckst\u00e4nde in den Bew\u00e4sserungssystemen. Ideal zur Verwendung in Hydrokultursystemen.<\/p>\t\t\t\t\t\t<\/div>\n\t\t\t\t<\/div>\n\t\t\t\t<div class=\"elementor-element elementor-element-9d139e3 product-pagina-inhoud elementor-invisible elementor-widget elementor-widget-text-editor\" data-id=\"9d139e3\" data-element_type=\"widget\" data-settings=\"{&quot;_animation_delay&quot;:600,&quot;_animation&quot;:&quot;fadeInLeft&quot;}\" data-widget_type=\"text-editor.default\">\n\t\t\t\t<div class=\"elementor-widget-container\">\n\t\t\t\t\t\t\t\t<h2>Super-PK enth\u00e4lt<\/h2><ul><li>20% Phosphor (P)<\/li><li>23% Kalium (K)<\/li><li>Aminos\u00e4uren zur Stimulierung der Bl\u00fcte<\/li><li>Vitamine zur Stimulierung der Bl\u00fcte<\/li><\/ul>\t\t\t\t\t\t<\/div>\n\t\t\t\t<\/div>\n\t\t\t\t\t<\/div>\n\t\t<\/div>\n\t\t\t\t<div class=\"elementor-column elementor-col-50 elementor-top-column elementor-element elementor-element-cf69460 ot-flex-column-vertical\" data-id=\"cf69460\" data-element_type=\"column\" data-settings=\"{&quot;background_background&quot;:&quot;classic&quot;}\">\n\t\t\t<div class=\"elementor-widget-wrap elementor-element-populated\">\n\t\t\t\t\t\t\t\t<div class=\"elementor-element elementor-element-5e91773 product-pagina-inhoud elementor-invisible elementor-widget elementor-widget-text-editor\" data-id=\"5e91773\" data-element_type=\"widget\" data-settings=\"{&quot;_animation_delay&quot;:600,&quot;_animation&quot;:&quot;fadeInRight&quot;}\" data-widget_type=\"text-editor.default\">\n\t\t\t\t<div class=\"elementor-widget-container\">\n\t\t\t\t\t\t\t\t<h2>WIE SUPER-PK WIRKT<\/h2><ul><li>Ein hoher Gehalt an Phosphor und Kalium stimuliert die Bl\u00fcte und Bl\u00fctenpflanzen<\/li><li>Verbessert die Festigkeit und sorgt f\u00fcr die kompakte Struktur des Endprodukts<\/li><\/ul>\t\t\t\t\t\t<\/div>\n\t\t\t\t<\/div>\n\t\t\t\t<div class=\"elementor-element elementor-element-c2492b1 product-pagina-inhoud elementor-invisible elementor-widget elementor-widget-text-editor\" data-id=\"c2492b1\" data-element_type=\"widget\" data-settings=\"{&quot;_animation_delay&quot;:600,&quot;_animation&quot;:&quot;fadeInRight&quot;}\" data-widget_type=\"text-editor.default\">\n\t\t\t\t<div class=\"elementor-widget-container\">\n\t\t\t\t\t\t\t\t<h2>TIPS VON ERFOLGREICHEN PFLANZENZ\u00dcCHTERN<\/h2><ul><li>Bei empfindlichen Pflanzen sollte Super-PK erst ab der vierten oder f\u00fcnften Woche der Bl\u00fchphase zum Einsatz gelangen<\/li><li>Verwenden Sie zu Beginn der Bl\u00fchphase die halbe Dosierung, um eine schnelle Bl\u00fctenentwicklung zu gew\u00e4hrleisten<\/li><li>Super-PK hat einen pH-Wert von 8,5 &#8211; 9 und kann verwendet werden, um den pH-Wert einer L\u00f6sung zu erh\u00f6hen<\/li><\/ul>\t\t\t\t\t\t<\/div>\n\t\t\t\t<\/div>\n\t\t\t\t\t<\/div>\n\t\t<\/div>\n\t\t\t\t\t\t\t<\/div>\n\t\t<\/section>\n\t\t\t\t\t\t<\/div>\n\t\t\t\t\t<\/div>\n\t\t","protected":false},"excerpt":{"rendered":"<p>\/\/ LEISTUNGSF\u00c4HIGER PK-BL\u00dcTESTIMULATOR Super-PK Super-PK ist ein hochwertiger organo-mineralischer Bl\u00fctestimulator. Er besteht aus 20% Phosphor (P) und 23% Kalium (K) in Kombination mit Aminos\u00e4uren und eignet sich somit ideal zur Bl\u00fctestimulation. Wozu Super-PK? Hochwertiges organo-mineralisches Produkt Hochkonzentriert Enth\u00e4lt L-Aminos\u00e4uren https:\/\/www.youtube.com\/watch?v=rJrSnqPly5Y&#038;ab_channel=AptusPlantTech WIE VERWENDET MAN SUPER-PK Verwenden Sie Super-PK in der Bl\u00fchphase. Mischen Sie 2,5 &#8211; 5 [&hellip;]<\/p>\n","protected":false},"author":2,"featured_media":0,"parent":34094,"menu_order":0,"comment_status":"closed","ping_status":"closed","template":"","meta":{"_monsterinsights_skip_tracking":false,"_monsterinsights_sitenote_active":false,"_monsterinsights_sitenote_note":"","_monsterinsights_sitenote_category":0,"footnotes":""},"class_list":["post-34310","page","type-page","status-publish","hentry"],"yoast_head":"<!-- This site is optimized with the Yoast SEO plugin v27.0 - https:\/\/yoast.com\/product\/yoast-seo-wordpress\/ -->\n<title>Super-PK - Aptus Holland<\/title>\n<meta name=\"robots\" content=\"index, follow, max-snippet:-1, max-image-preview:large, max-video-preview:-1\" \/>\n<link rel=\"canonical\" href=\"https:\/\/aptus-holland.com\/de\/produkte\/super-pk\/\" \/>\n<meta property=\"og:locale\" content=\"de_DE\" \/>\n<meta property=\"og:type\" content=\"article\" \/>\n<meta property=\"og:title\" content=\"Super-PK - Aptus Holland\" \/>\n<meta property=\"og:description\" content=\"\/\/ LEISTUNGSF\u00c4HIGER PK-BL\u00dcTESTIMULATOR Super-PK Super-PK ist ein hochwertiger organo-mineralischer Bl\u00fctestimulator. Er besteht aus 20% Phosphor (P) und 23% Kalium (K) in Kombination mit Aminos\u00e4uren und eignet sich somit ideal zur Bl\u00fctestimulation. Wozu Super-PK? Hochwertiges organo-mineralisches Produkt Hochkonzentriert Enth\u00e4lt L-Aminos\u00e4uren https:\/\/www.youtube.com\/watch?v=rJrSnqPly5Y&#038;ab_channel=AptusPlantTech WIE VERWENDET MAN SUPER-PK Verwenden Sie Super-PK in der Bl\u00fchphase. Mischen Sie 2,5 &#8211; 5 [&hellip;]\" \/>\n<meta property=\"og:url\" content=\"https:\/\/aptus-holland.com\/de\/produkte\/super-pk\/\" \/>\n<meta property=\"og:site_name\" content=\"Aptus Holland\" \/>\n<meta property=\"article:modified_time\" content=\"2023-08-22T10:43:31+00:00\" \/>\n<meta property=\"og:image\" content=\"http:\/\/aptus-holland.com\/wp-content\/uploads\/2021\/12\/Aptus-Holland-Super-PK-fam.png\" \/>\n<meta name=\"twitter:card\" content=\"summary_large_image\" \/>\n<meta name=\"twitter:label1\" content=\"Gesch\u00e4tzte Lesezeit\" \/>\n\t<meta name=\"twitter:data1\" content=\"2\u00a0Minuten\" \/>\n<script type=\"application\/ld+json\" class=\"yoast-schema-graph\">{\"@context\":\"https:\/\/schema.org\",\"@graph\":[{\"@type\":\"WebPage\",\"@id\":\"https:\/\/aptus-holland.com\/de\/produkte\/super-pk\/\",\"url\":\"https:\/\/aptus-holland.com\/de\/produkte\/super-pk\/\",\"name\":\"Super-PK - Aptus Holland\",\"isPartOf\":{\"@id\":\"https:\/\/aptus-holland.com\/de\/#website\"},\"primaryImageOfPage\":{\"@id\":\"https:\/\/aptus-holland.com\/de\/produkte\/super-pk\/#primaryimage\"},\"image\":{\"@id\":\"https:\/\/aptus-holland.com\/de\/produkte\/super-pk\/#primaryimage\"},\"thumbnailUrl\":\"http:\/\/aptus-holland.com\/wp-content\/uploads\/2021\/12\/Aptus-Holland-Super-PK-fam.png\",\"datePublished\":\"2021-11-17T10:11:45+00:00\",\"dateModified\":\"2023-08-22T10:43:31+00:00\",\"breadcrumb\":{\"@id\":\"https:\/\/aptus-holland.com\/de\/produkte\/super-pk\/#breadcrumb\"},\"inLanguage\":\"de\",\"potentialAction\":[{\"@type\":\"ReadAction\",\"target\":[\"https:\/\/aptus-holland.com\/de\/produkte\/super-pk\/\"]}]},{\"@type\":\"ImageObject\",\"inLanguage\":\"de\",\"@id\":\"https:\/\/aptus-holland.com\/de\/produkte\/super-pk\/#primaryimage\",\"url\":\"http:\/\/aptus-holland.com\/wp-content\/uploads\/2021\/12\/Aptus-Holland-Super-PK-fam.png\",\"contentUrl\":\"http:\/\/aptus-holland.com\/wp-content\/uploads\/2021\/12\/Aptus-Holland-Super-PK-fam.png\"},{\"@type\":\"BreadcrumbList\",\"@id\":\"https:\/\/aptus-holland.com\/de\/produkte\/super-pk\/#breadcrumb\",\"itemListElement\":[{\"@type\":\"ListItem\",\"position\":1,\"name\":\"Home\",\"item\":\"https:\/\/aptus-holland.com\/de\/\"},{\"@type\":\"ListItem\",\"position\":2,\"name\":\"Produkte\",\"item\":\"https:\/\/aptus-holland.com\/de\/products\/\"},{\"@type\":\"ListItem\",\"position\":3,\"name\":\"Super-PK\"}]},{\"@type\":\"WebSite\",\"@id\":\"https:\/\/aptus-holland.com\/de\/#website\",\"url\":\"https:\/\/aptus-holland.com\/de\/\",\"name\":\"Aptus Holland\",\"description\":\"Plant Tech\",\"publisher\":{\"@id\":\"https:\/\/aptus-holland.com\/de\/#organization\"},\"potentialAction\":[{\"@type\":\"SearchAction\",\"target\":{\"@type\":\"EntryPoint\",\"urlTemplate\":\"https:\/\/aptus-holland.com\/de\/?s={search_term_string}\"},\"query-input\":{\"@type\":\"PropertyValueSpecification\",\"valueRequired\":true,\"valueName\":\"search_term_string\"}}],\"inLanguage\":\"de\"},{\"@type\":\"Organization\",\"@id\":\"https:\/\/aptus-holland.com\/de\/#organization\",\"name\":\"Aptus Holland\",\"url\":\"https:\/\/aptus-holland.com\/de\/\",\"logo\":{\"@type\":\"ImageObject\",\"inLanguage\":\"de\",\"@id\":\"https:\/\/aptus-holland.com\/de\/#\/schema\/logo\/image\/\",\"url\":\"https:\/\/aptus-holland.com\/wp-content\/uploads\/2021\/07\/logo-aptus-holland.png\",\"contentUrl\":\"https:\/\/aptus-holland.com\/wp-content\/uploads\/2021\/07\/logo-aptus-holland.png\",\"width\":365,\"height\":200,\"caption\":\"Aptus Holland\"},\"image\":{\"@id\":\"https:\/\/aptus-holland.com\/de\/#\/schema\/logo\/image\/\"}}]}<\/script>\n<!-- \/ Yoast SEO plugin. -->","yoast_head_json":{"title":"Super-PK - Aptus Holland","robots":{"index":"index","follow":"follow","max-snippet":"max-snippet:-1","max-image-preview":"max-image-preview:large","max-video-preview":"max-video-preview:-1"},"canonical":"https:\/\/aptus-holland.com\/de\/produkte\/super-pk\/","og_locale":"de_DE","og_type":"article","og_title":"Super-PK - Aptus Holland","og_description":"\/\/ LEISTUNGSF\u00c4HIGER PK-BL\u00dcTESTIMULATOR Super-PK Super-PK ist ein hochwertiger organo-mineralischer Bl\u00fctestimulator. Er besteht aus 20% Phosphor (P) und 23% Kalium (K) in Kombination mit Aminos\u00e4uren und eignet sich somit ideal zur Bl\u00fctestimulation. Wozu Super-PK? Hochwertiges organo-mineralisches Produkt Hochkonzentriert Enth\u00e4lt L-Aminos\u00e4uren https:\/\/www.youtube.com\/watch?v=rJrSnqPly5Y&#038;ab_channel=AptusPlantTech WIE VERWENDET MAN SUPER-PK Verwenden Sie Super-PK in der Bl\u00fchphase. Mischen Sie 2,5 &#8211; 5 [&hellip;]","og_url":"https:\/\/aptus-holland.com\/de\/produkte\/super-pk\/","og_site_name":"Aptus Holland","article_modified_time":"2023-08-22T10:43:31+00:00","og_image":[{"url":"http:\/\/aptus-holland.com\/wp-content\/uploads\/2021\/12\/Aptus-Holland-Super-PK-fam.png","type":"","width":"","height":""}],"twitter_card":"summary_large_image","twitter_misc":{"Gesch\u00e4tzte Lesezeit":"2\u00a0Minuten"},"schema":{"@context":"https:\/\/schema.org","@graph":[{"@type":"WebPage","@id":"https:\/\/aptus-holland.com\/de\/produkte\/super-pk\/","url":"https:\/\/aptus-holland.com\/de\/produkte\/super-pk\/","name":"Super-PK - Aptus Holland","isPartOf":{"@id":"https:\/\/aptus-holland.com\/de\/#website"},"primaryImageOfPage":{"@id":"https:\/\/aptus-holland.com\/de\/produkte\/super-pk\/#primaryimage"},"image":{"@id":"https:\/\/aptus-holland.com\/de\/produkte\/super-pk\/#primaryimage"},"thumbnailUrl":"http:\/\/aptus-holland.com\/wp-content\/uploads\/2021\/12\/Aptus-Holland-Super-PK-fam.png","datePublished":"2021-11-17T10:11:45+00:00","dateModified":"2023-08-22T10:43:31+00:00","breadcrumb":{"@id":"https:\/\/aptus-holland.com\/de\/produkte\/super-pk\/#breadcrumb"},"inLanguage":"de","potentialAction":[{"@type":"ReadAction","target":["https:\/\/aptus-holland.com\/de\/produkte\/super-pk\/"]}]},{"@type":"ImageObject","inLanguage":"de","@id":"https:\/\/aptus-holland.com\/de\/produkte\/super-pk\/#primaryimage","url":"http:\/\/aptus-holland.com\/wp-content\/uploads\/2021\/12\/Aptus-Holland-Super-PK-fam.png","contentUrl":"http:\/\/aptus-holland.com\/wp-content\/uploads\/2021\/12\/Aptus-Holland-Super-PK-fam.png"},{"@type":"BreadcrumbList","@id":"https:\/\/aptus-holland.com\/de\/produkte\/super-pk\/#breadcrumb","itemListElement":[{"@type":"ListItem","position":1,"name":"Home","item":"https:\/\/aptus-holland.com\/de\/"},{"@type":"ListItem","position":2,"name":"Produkte","item":"https:\/\/aptus-holland.com\/de\/products\/"},{"@type":"ListItem","position":3,"name":"Super-PK"}]},{"@type":"WebSite","@id":"https:\/\/aptus-holland.com\/de\/#website","url":"https:\/\/aptus-holland.com\/de\/","name":"Aptus Holland","description":"Plant Tech","publisher":{"@id":"https:\/\/aptus-holland.com\/de\/#organization"},"potentialAction":[{"@type":"SearchAction","target":{"@type":"EntryPoint","urlTemplate":"https:\/\/aptus-holland.com\/de\/?s={search_term_string}"},"query-input":{"@type":"PropertyValueSpecification","valueRequired":true,"valueName":"search_term_string"}}],"inLanguage":"de"},{"@type":"Organization","@id":"https:\/\/aptus-holland.com\/de\/#organization","name":"Aptus Holland","url":"https:\/\/aptus-holland.com\/de\/","logo":{"@type":"ImageObject","inLanguage":"de","@id":"https:\/\/aptus-holland.com\/de\/#\/schema\/logo\/image\/","url":"https:\/\/aptus-holland.com\/wp-content\/uploads\/2021\/07\/logo-aptus-holland.png","contentUrl":"https:\/\/aptus-holland.com\/wp-content\/uploads\/2021\/07\/logo-aptus-holland.png","width":365,"height":200,"caption":"Aptus Holland"},"image":{"@id":"https:\/\/aptus-holland.com\/de\/#\/schema\/logo\/image\/"}}]}},"_links":{"self":[{"href":"https:\/\/aptus-holland.com\/de\/wp-json\/wp\/v2\/pages\/34310","targetHints":{"allow":["GET"]}}],"collection":[{"href":"https:\/\/aptus-holland.com\/de\/wp-json\/wp\/v2\/pages"}],"about":[{"href":"https:\/\/aptus-holland.com\/de\/wp-json\/wp\/v2\/types\/page"}],"author":[{"embeddable":true,"href":"https:\/\/aptus-holland.com\/de\/wp-json\/wp\/v2\/users\/2"}],"replies":[{"embeddable":true,"href":"https:\/\/aptus-holland.com\/de\/wp-json\/wp\/v2\/comments?post=34310"}],"version-history":[{"count":7,"href":"https:\/\/aptus-holland.com\/de\/wp-json\/wp\/v2\/pages\/34310\/revisions"}],"predecessor-version":[{"id":35624,"href":"https:\/\/aptus-holland.com\/de\/wp-json\/wp\/v2\/pages\/34310\/revisions\/35624"}],"up":[{"embeddable":true,"href":"https:\/\/aptus-holland.com\/de\/wp-json\/wp\/v2\/pages\/34094"}],"wp:attachment":[{"href":"https:\/\/aptus-holland.com\/de\/wp-json\/wp\/v2\/media?parent=34310"}],"curies":[{"name":"wp","href":"https:\/\/api.w.org\/{rel}","templated":true}]}}