{"id":34268,"date":"2021-08-06T09:23:48","date_gmt":"2021-08-06T09:23:48","guid":{"rendered":"https:\/\/aptus-holland.com\/produkte\/regulator\/"},"modified":"2025-02-27T13:19:27","modified_gmt":"2025-02-27T13:19:27","slug":"regulator","status":"publish","type":"page","link":"https:\/\/aptus-holland.com\/de\/produkte\/regulator\/","title":{"rendered":"Regulator"},"content":{"rendered":"\t\t<div data-elementor-type=\"wp-page\" data-elementor-id=\"34268\" class=\"elementor elementor-34268 elementor-26154\" data-elementor-settings=\"[]\">\n\t\t\t\t\t\t\t<div class=\"elementor-section-wrap\">\n\t\t\t\t\t\t\t<section class=\"elementor-section elementor-top-section elementor-element elementor-element-cb4074c elementor-section-full_width ot-traditional elementor-section-height-default elementor-section-height-default\" data-id=\"cb4074c\" data-element_type=\"section\">\n\t\t\t\t\t\t<div class=\"elementor-container elementor-column-gap-extended\">\n\t\t\t\t\t<div class=\"elementor-column elementor-col-50 elementor-top-column elementor-element elementor-element-ccf0919 ot-column-items-top ot-flex-column-vertical\" data-id=\"ccf0919\" data-element_type=\"column\">\n\t\t\t<div class=\"elementor-widget-wrap elementor-element-populated\">\n\t\t\t\t\t\t\t\t<div class=\"elementor-element elementor-element-85abb63 product-img-aptus elementor-widget elementor-widget-image\" data-id=\"85abb63\" data-element_type=\"widget\" data-widget_type=\"image.default\">\n\t\t\t\t<div class=\"elementor-widget-container\">\n\t\t\t\t\t\t\t\t\t\t\t\t\t\t\t<img loading=\"lazy\" decoding=\"async\" width=\"800\" height=\"661\" src=\"https:\/\/aptus-holland.com\/wp-content\/uploads\/2021\/12\/Aptus-Holland-Regulator-fam.png\" class=\"attachment-full size-full\" alt=\"\" srcset=\"https:\/\/aptus-holland.com\/wp-content\/uploads\/2021\/12\/Aptus-Holland-Regulator-fam.png 800w, https:\/\/aptus-holland.com\/wp-content\/uploads\/2021\/12\/Aptus-Holland-Regulator-fam-300x248.png 300w, https:\/\/aptus-holland.com\/wp-content\/uploads\/2021\/12\/Aptus-Holland-Regulator-fam-768x635.png 768w, https:\/\/aptus-holland.com\/wp-content\/uploads\/2021\/12\/Aptus-Holland-Regulator-fam-720x595.png 720w\" sizes=\"auto, (max-width: 800px) 100vw, 800px\" \/>\t\t\t\t\t\t\t\t\t\t\t\t\t\t\t<\/div>\n\t\t\t\t<\/div>\n\t\t\t\t\t<\/div>\n\t\t<\/div>\n\t\t\t\t<div class=\"elementor-column elementor-col-50 elementor-top-column elementor-element elementor-element-9e78e1d ot-flex-column-vertical elementor-invisible\" data-id=\"9e78e1d\" data-element_type=\"column\" data-settings=\"{&quot;background_background&quot;:&quot;classic&quot;,&quot;animation&quot;:&quot;fadeInRight&quot;}\">\n\t\t\t<div class=\"elementor-widget-wrap elementor-element-populated\">\n\t\t\t\t\t\t\t\t<div class=\"elementor-element elementor-element-925ee15 elementor-widget elementor-widget-iheading\" data-id=\"925ee15\" data-element_type=\"widget\" data-widget_type=\"iheading.default\">\n\t\t\t\t<div class=\"elementor-widget-container\">\n\t\t\t\t\t<div class=\"ot-heading\">\r\n\t        \t            <span>\/\/ ERN\u00c4HRUNGSMANAGER UND ANTI-STRESS-PFLANZENVERBESSERER<\/span>\r\n\t        <h2 class=\"main-heading\">Regulator<\/h2>\t    <\/div>\r\n\t    \t\t<\/div>\n\t\t\t\t<\/div>\n\t\t\t\t<div class=\"elementor-element elementor-element-f9ab05f elementor-widget elementor-widget-text-editor\" data-id=\"f9ab05f\" data-element_type=\"widget\" data-widget_type=\"text-editor.default\">\n\t\t\t\t<div class=\"elementor-widget-container\">\n\t\t\t\t\t\t\t\t<p>Unterst\u00fctzt die N\u00e4hrstoffaufnahme, st\u00e4rkt die Pflanzenstruktur und verbessert die F\u00e4higkeit der Pflanze, Umweltstress unterschiedlicher Art auszuhalten (abiotisch und biotisch). Der Regulator gilt als Eckpfeiler eines Pflanzenern\u00e4hrungsprogramms. Er erh\u00f6ht die Absorption und Bioverf\u00fcgbarkeit aller anderen N\u00e4hrstoffe, indem er als wirksamer Transporter f\u00fcr andere Elemente fungiert. Damit erh\u00f6ht sich die allgemeine St\u00e4rke, Gesundheit und der Ern\u00e4hrungszustand der Pflanzen. Dieses Produkt bietet einen Zugang f\u00fcr die Absorption und Nutzung anderer N\u00e4hrstoffe in einem N\u00e4hrstoffprogramm. Die patentierte Formel st\u00fctzt sich auf nat\u00fcrliche Pflanzenmechanismen, um die richtige Ern\u00e4hrung in den richtigen Mengen zur richtigen Zeit sicherzustellen.<\/p>\t\t\t\t\t\t<\/div>\n\t\t\t\t<\/div>\n\t\t\t\t\t<\/div>\n\t\t<\/div>\n\t\t\t\t\t\t\t<\/div>\n\t\t<\/section>\n\t\t\t\t<section class=\"elementor-section elementor-top-section elementor-element elementor-element-683d3b1 groene-vlakken-producten ot-traditional elementor-section-boxed elementor-section-height-default elementor-section-height-default\" data-id=\"683d3b1\" data-element_type=\"section\" data-settings=\"{&quot;background_background&quot;:&quot;classic&quot;}\">\n\t\t\t\t\t\t<div class=\"elementor-container elementor-column-gap-extended\">\n\t\t\t\t\t<div class=\"elementor-column elementor-col-50 elementor-top-column elementor-element elementor-element-9aaa582 ot-flex-column-vertical\" data-id=\"9aaa582\" data-element_type=\"column\">\n\t\t\t<div class=\"elementor-widget-wrap elementor-element-populated\">\n\t\t\t\t\t\t\t\t<div class=\"elementor-element elementor-element-d58ba4b elementor-widget elementor-widget-iheading\" data-id=\"d58ba4b\" data-element_type=\"widget\" data-widget_type=\"iheading.default\">\n\t\t\t\t<div class=\"elementor-widget-container\">\n\t\t\t\t\t<div class=\"ot-heading\">\r\n\t        <h2 class=\"main-heading\">Wozu Regulator?<\/h2>\t    <\/div>\r\n\t    \t\t<\/div>\n\t\t\t\t<\/div>\n\t\t\t\t<div class=\"elementor-element elementor-element-b6c8371 elementor-icon-list--layout-traditional elementor-list-item-link-full_width elementor-widget elementor-widget-icon-list\" data-id=\"b6c8371\" data-element_type=\"widget\" data-widget_type=\"icon-list.default\">\n\t\t\t\t<div class=\"elementor-widget-container\">\n\t\t\t\t\t<ul class=\"elementor-icon-list-items\">\n\t\t\t\t\t\t\t<li class=\"elementor-icon-list-item\">\n\t\t\t\t\t\t\t\t\t\t\t<span class=\"elementor-icon-list-icon\">\n\t\t\t\t\t\t\t<i aria-hidden=\"true\" class=\"fas fa-check\"><\/i>\t\t\t\t\t\t<\/span>\n\t\t\t\t\t\t\t\t\t\t<span class=\"elementor-icon-list-text\">Widerstand gegen abiotische Stress (umweltbedingt: Temperatur, Wind, Trockenheit)<\/span>\n\t\t\t\t\t\t\t\t\t<\/li>\n\t\t\t\t\t\t\t\t<li class=\"elementor-icon-list-item\">\n\t\t\t\t\t\t\t\t\t\t\t<span class=\"elementor-icon-list-icon\">\n\t\t\t\t\t\t\t<i aria-hidden=\"true\" class=\"fas fa-check\"><\/i>\t\t\t\t\t\t<\/span>\n\t\t\t\t\t\t\t\t\t\t<span class=\"elementor-icon-list-text\">Widerstand gegen biotischen Stress (Sch\u00e4dlinge und Pathogene)<\/span>\n\t\t\t\t\t\t\t\t\t<\/li>\n\t\t\t\t\t\t\t\t<li class=\"elementor-icon-list-item\">\n\t\t\t\t\t\t\t\t\t\t\t<span class=\"elementor-icon-list-icon\">\n\t\t\t\t\t\t\t<i aria-hidden=\"true\" class=\"fas fa-check\"><\/i>\t\t\t\t\t\t<\/span>\n\t\t\t\t\t\t\t\t\t\t<span class=\"elementor-icon-list-text\">Verbessert die Aufnahme, Absorption und Nutzung der N\u00e4hrstoffe<\/span>\n\t\t\t\t\t\t\t\t\t<\/li>\n\t\t\t\t\t\t\t\t<li class=\"elementor-icon-list-item\">\n\t\t\t\t\t\t\t\t\t\t\t<span class=\"elementor-icon-list-icon\">\n\t\t\t\t\t\t\t<i aria-hidden=\"true\" class=\"fas fa-check\"><\/i>\t\t\t\t\t\t<\/span>\n\t\t\t\t\t\t\t\t\t\t<span class=\"elementor-icon-list-text\">St\u00e4rkere Zellstrukturen und Epidermisschichten, somit st\u00e4rkere Pflanzen und dickere St\u00e4mme (erh\u00f6htes Trockengewicht)<\/span>\n\t\t\t\t\t\t\t\t\t<\/li>\n\t\t\t\t\t\t\t\t<li class=\"elementor-icon-list-item\">\n\t\t\t\t\t\t\t\t\t\t\t<span class=\"elementor-icon-list-icon\">\n\t\t\t\t\t\t\t<i aria-hidden=\"true\" class=\"fas fa-check\"><\/i>\t\t\t\t\t\t<\/span>\n\t\t\t\t\t\t\t\t\t\t<span class=\"elementor-icon-list-text\">Verringert und kontrolliert den Zwischenraum zwischen den Internodia, die durch Temperaturstress und eine unausgewogene Ern\u00e4hrung entstehen<\/span>\n\t\t\t\t\t\t\t\t\t<\/li>\n\t\t\t\t\t\t\t\t<li class=\"elementor-icon-list-item\">\n\t\t\t\t\t\t\t\t\t\t\t<span class=\"elementor-icon-list-icon\">\n\t\t\t\t\t\t\t<i aria-hidden=\"true\" class=\"fas fa-check\"><\/i>\t\t\t\t\t\t<\/span>\n\t\t\t\t\t\t\t\t\t\t<span class=\"elementor-icon-list-text\">Erh\u00f6ht den Widerstand gegen Salzhaltigkeit (Ansammlung von N\u00e4hrstoffsalzen)<\/span>\n\t\t\t\t\t\t\t\t\t<\/li>\n\t\t\t\t\t\t\t\t<li class=\"elementor-icon-list-item\">\n\t\t\t\t\t\t\t\t\t\t\t<span class=\"elementor-icon-list-icon\">\n\t\t\t\t\t\t\t<i aria-hidden=\"true\" class=\"fas fa-check\"><\/i>\t\t\t\t\t\t<\/span>\n\t\t\t\t\t\t\t\t\t\t<span class=\"elementor-icon-list-text\">Verringert die Ausd\u00fcnstung (Feuchtigkeitsverlust \u00fcber die Bl\u00e4tter)<\/span>\n\t\t\t\t\t\t\t\t\t<\/li>\n\t\t\t\t\t\t<\/ul>\n\t\t\t\t<\/div>\n\t\t\t\t<\/div>\n\t\t\t\t\t<\/div>\n\t\t<\/div>\n\t\t\t\t<div class=\"elementor-column elementor-col-50 elementor-top-column elementor-element elementor-element-f46f3a7 ot-flex-column-vertical\" data-id=\"f46f3a7\" data-element_type=\"column\">\n\t\t\t<div class=\"elementor-widget-wrap elementor-element-populated\">\n\t\t\t\t\t\t\t\t<div class=\"elementor-element elementor-element-9b95014 elementor-aspect-ratio-169 elementor-widget elementor-widget-video\" data-id=\"9b95014\" data-element_type=\"widget\" data-settings=\"{&quot;youtube_url&quot;:&quot;https:\\\/\\\/youtu.be\\\/MFHcCswyXL4&quot;,&quot;video_type&quot;:&quot;youtube&quot;,&quot;controls&quot;:&quot;yes&quot;,&quot;aspect_ratio&quot;:&quot;169&quot;}\" data-widget_type=\"video.default\">\n\t\t\t\t<div class=\"elementor-widget-container\">\n\t\t\t\t\t<div class=\"elementor-wrapper elementor-fit-aspect-ratio elementor-open-inline\">\n\t\t\t<div class=\"elementor-video\"><\/div>\t\t<\/div>\n\t\t\t\t<\/div>\n\t\t\t\t<\/div>\n\t\t\t\t\t<\/div>\n\t\t<\/div>\n\t\t\t\t\t\t\t<\/div>\n\t\t<\/section>\n\t\t\t\t<section class=\"elementor-section elementor-top-section elementor-element elementor-element-3946652 elementor-section-full_width groene-vlakken-producten ot-traditional elementor-section-height-default elementor-section-height-default\" data-id=\"3946652\" data-element_type=\"section\" data-settings=\"{&quot;background_background&quot;:&quot;classic&quot;}\">\n\t\t\t\t\t\t<div class=\"elementor-container elementor-column-gap-extended\">\n\t\t\t\t\t<div class=\"elementor-column elementor-col-50 elementor-top-column elementor-element elementor-element-42163fa ot-flex-column-vertical\" data-id=\"42163fa\" data-element_type=\"column\" data-settings=\"{&quot;background_background&quot;:&quot;classic&quot;,&quot;animation&quot;:&quot;none&quot;}\">\n\t\t\t<div class=\"elementor-widget-wrap elementor-element-populated\">\n\t\t\t\t\t\t\t\t<div class=\"elementor-element elementor-element-adaf3f4 product-pagina-inhoud elementor-invisible elementor-widget elementor-widget-text-editor\" data-id=\"adaf3f4\" data-element_type=\"widget\" data-settings=\"{&quot;_animation_delay&quot;:600,&quot;_animation&quot;:&quot;fadeInLeft&quot;}\" data-widget_type=\"text-editor.default\">\n\t\t\t\t<div class=\"elementor-widget-container\">\n\t\t\t\t\t\t\t\t<h2>Wie verwendet man Regulator<\/h2><p>Der Regulator ist ein hochkonzentriertes Produkt (1:6660). Eine geringe Dosierung von 1,5 ml auf 10 L Wasser ist ausreichend f\u00fcr eine gro\u00dfe sichtbare Wirkung. Aufgrund der hohen Konzentration ist der Regulator kosteng\u00fcnstig in der Anwendung.<\/p><p>Den Regulator immer in einem mit sauberem Wasser gef\u00fcllten Tank mischen, bevor man andere D\u00fcnger, Booster oder Pflanzenschutzprodukte hinzugibt. Mischen, bis der Regulator gleichm\u00e4\u00dfig im Wasser verteilt ist. Dann gibt man weiterhin D\u00fcnger, Booster oder Pflanzenschutzprodukte hinzu.<\/p><p>Sicherstellen, dass kein Wasser und auch kein Schmutz in die Flasche\/Dose mit dem Regulator gelangt. Zur Extraktion des Regulators immer trockene, saubere Spritzen\/Messbecher verwenden.<\/p>\t\t\t\t\t\t<\/div>\n\t\t\t\t<\/div>\n\t\t\t\t<div class=\"elementor-element elementor-element-9d139e3 product-pagina-inhoud elementor-invisible elementor-widget elementor-widget-text-editor\" data-id=\"9d139e3\" data-element_type=\"widget\" data-settings=\"{&quot;_animation_delay&quot;:600,&quot;_animation&quot;:&quot;fadeInLeft&quot;}\" data-widget_type=\"text-editor.default\">\n\t\t\t\t<div class=\"elementor-widget-container\">\n\t\t\t\t\t\t\t\t<h2>Regulator enth\u00e4lt<\/h2><ul><li>Monokiesels\u00e4ure (Si) \u2013 N\u00e4hrstofftransporter<\/li><li>Bor (B) \u2013 Ein Vorl\u00e4ufer zur Verbesserung der Calciumaufnahme und Faserproduktion<\/li><li>Molybd\u00e4n (Mo) \u2013 Transportiert den Stickstoff von den unteren zu den oberen Bl\u00e4ttern<\/li><\/ul>\t\t\t\t\t\t<\/div>\n\t\t\t\t<\/div>\n\t\t\t\t<div class=\"elementor-element elementor-element-e528ef2 product-pagina-inhoud elementor-invisible elementor-widget elementor-widget-text-editor\" data-id=\"e528ef2\" data-element_type=\"widget\" data-settings=\"{&quot;_animation_delay&quot;:600,&quot;_animation&quot;:&quot;fadeInLeft&quot;}\" data-widget_type=\"text-editor.default\">\n\t\t\t\t<div class=\"elementor-widget-container\">\n\t\t\t\t\t\t\t\t<h2>Schulung<\/h2><p>Bor (B) gilt als Grundlage f\u00fcr die gesamte weitere N\u00e4hrstoffnutzung. Insbesondere erh\u00f6ht es die Calcium (Ca) &#8211; Aufnahme und stimuliert die Produktion von Pflanzenfasern (bessere Qualit\u00e4t, mehr Trockenmasse). Molybd\u00e4n (Mo) ist ein Schl\u00fcsselfaktor in Bezug auf die Aktivit\u00e4t des Nitrogenase-Enzyms. Wenn Stickstoff (N) fehlt, suchen die Pflanzen nach Molybd\u00e4n, um die Nitrogenase-Aktivit\u00e4t zu stimulieren. Diese tr\u00e4gt dazu bei, den Stickstoff von den alten Bl\u00e4ttern in die neu wachsenden Bl\u00e4tter zu transportieren.<\/p>\t\t\t\t\t\t<\/div>\n\t\t\t\t<\/div>\n\t\t\t\t\t<\/div>\n\t\t<\/div>\n\t\t\t\t<div class=\"elementor-column elementor-col-50 elementor-top-column elementor-element elementor-element-cf69460 ot-flex-column-vertical\" data-id=\"cf69460\" data-element_type=\"column\" data-settings=\"{&quot;background_background&quot;:&quot;classic&quot;}\">\n\t\t\t<div class=\"elementor-widget-wrap elementor-element-populated\">\n\t\t\t\t\t\t\t\t<div class=\"elementor-element elementor-element-5e91773 product-pagina-inhoud elementor-invisible elementor-widget elementor-widget-text-editor\" data-id=\"5e91773\" data-element_type=\"widget\" data-settings=\"{&quot;_animation_delay&quot;:600,&quot;_animation&quot;:&quot;fadeInRight&quot;}\" data-widget_type=\"text-editor.default\">\n\t\t\t\t<div class=\"elementor-widget-container\">\n\t\t\t\t\t\t\t\t<h2>WIE REGULATOR WIRKT<\/h2><ul><li>Verbessert die Bioverf\u00fcgbarkeit der N\u00e4hrstoffe in Abh\u00e4ngigkeit vom Bedarf der Pflanzen (reguliert die N\u00e4hrstoffaufnahme)<\/li><li>St\u00e4rkt die Pflanzen mit einer besseren Zellstruktur und verbessert den nat\u00fcrlichen Widerstand der Pflanzen gegen Krankheiten<\/li><li>Erh\u00f6ht den Widerstand gegen abiotischen (umweltbedingten) Stress sowie gegen biotischen Stress (Sch\u00e4dlinge, Pathogene und Seuchen)<\/li><\/ul>\t\t\t\t\t\t<\/div>\n\t\t\t\t<\/div>\n\t\t\t\t<div class=\"elementor-element elementor-element-c2492b1 product-pagina-inhoud elementor-invisible elementor-widget elementor-widget-text-editor\" data-id=\"c2492b1\" data-element_type=\"widget\" data-settings=\"{&quot;_animation_delay&quot;:600,&quot;_animation&quot;:&quot;fadeInRight&quot;}\" data-widget_type=\"text-editor.default\">\n\t\t\t\t<div class=\"elementor-widget-container\">\n\t\t\t\t\t\t\t\t<h2>TIPS VON ERFOLGREICHEN PFLANZENZ\u00dcCHTERN<\/h2><ul><li>Mischen Sie immer den Regulator erst in Ihrem mit sauberem Wasser gef\u00fcllten Reservoir. Andernfalls kann es vorkommen, dass andere N\u00e4hrstoffe nicht sofort f\u00fcr die Nutzung durch die Pflanze verf\u00fcgbar sind<\/li><li>Der Regulator macht die Pflanzen kompakter. Wenn die Pflanzen zu hoch oder zu schnell wachsen, verlangsamt eine h\u00f6here Dosis Regulator das L\u00e4ngenwachstum der Pflanze (die Pflanze wird breiter und verzweigt sich st\u00e4rker)<\/li><li>Oft lassen sich N\u00e4hrstoffdefizite beheben, indem man die Bioverf\u00fcgbarkeit der bestehenden N\u00e4hrstoffe erh\u00f6ht<\/li><li>Wird verwendet, um den Abstand zwischen den Verzweigungen (Internodia) zu regulieren<\/li><\/ul>\t\t\t\t\t\t<\/div>\n\t\t\t\t<\/div>\n\t\t\t\t\t<\/div>\n\t\t<\/div>\n\t\t\t\t\t\t\t<\/div>\n\t\t<\/section>\n\t\t\t\t\t\t<\/div>\n\t\t\t\t\t<\/div>\n\t\t","protected":false},"excerpt":{"rendered":"<p>\/\/ ERN\u00c4HRUNGSMANAGER UND ANTI-STRESS-PFLANZENVERBESSERER Regulator Unterst\u00fctzt die N\u00e4hrstoffaufnahme, st\u00e4rkt die Pflanzenstruktur und verbessert die F\u00e4higkeit der Pflanze, Umweltstress unterschiedlicher Art auszuhalten (abiotisch und biotisch). Der Regulator gilt als Eckpfeiler eines Pflanzenern\u00e4hrungsprogramms. Er erh\u00f6ht die Absorption und Bioverf\u00fcgbarkeit aller anderen N\u00e4hrstoffe, indem er als wirksamer Transporter f\u00fcr andere Elemente fungiert. Damit erh\u00f6ht sich die allgemeine St\u00e4rke, [&hellip;]<\/p>\n","protected":false},"author":2,"featured_media":0,"parent":34094,"menu_order":0,"comment_status":"closed","ping_status":"closed","template":"","meta":{"_monsterinsights_skip_tracking":false,"_monsterinsights_sitenote_active":false,"_monsterinsights_sitenote_note":"","_monsterinsights_sitenote_category":0,"footnotes":""},"class_list":["post-34268","page","type-page","status-publish","hentry"],"yoast_head":"<!-- This site is optimized with the Yoast SEO plugin v27.0 - https:\/\/yoast.com\/product\/yoast-seo-wordpress\/ -->\n<title>Regulator - Aptus Holland<\/title>\n<meta name=\"robots\" content=\"index, follow, max-snippet:-1, max-image-preview:large, max-video-preview:-1\" \/>\n<link rel=\"canonical\" href=\"https:\/\/aptus-holland.com\/de\/produkte\/regulator\/\" \/>\n<meta property=\"og:locale\" content=\"de_DE\" \/>\n<meta property=\"og:type\" content=\"article\" \/>\n<meta property=\"og:title\" content=\"Regulator - Aptus Holland\" \/>\n<meta property=\"og:description\" content=\"\/\/ ERN\u00c4HRUNGSMANAGER UND ANTI-STRESS-PFLANZENVERBESSERER Regulator Unterst\u00fctzt die N\u00e4hrstoffaufnahme, st\u00e4rkt die Pflanzenstruktur und verbessert die F\u00e4higkeit der Pflanze, Umweltstress unterschiedlicher Art auszuhalten (abiotisch und biotisch). Der Regulator gilt als Eckpfeiler eines Pflanzenern\u00e4hrungsprogramms. Er erh\u00f6ht die Absorption und Bioverf\u00fcgbarkeit aller anderen N\u00e4hrstoffe, indem er als wirksamer Transporter f\u00fcr andere Elemente fungiert. Damit erh\u00f6ht sich die allgemeine St\u00e4rke, [&hellip;]\" \/>\n<meta property=\"og:url\" content=\"https:\/\/aptus-holland.com\/de\/produkte\/regulator\/\" \/>\n<meta property=\"og:site_name\" content=\"Aptus Holland\" \/>\n<meta property=\"article:modified_time\" content=\"2025-02-27T13:19:27+00:00\" \/>\n<meta property=\"og:image\" content=\"http:\/\/aptus-holland.com\/wp-content\/uploads\/2021\/12\/Aptus-Holland-Regulator-fam.png\" \/>\n<meta name=\"twitter:card\" content=\"summary_large_image\" \/>\n<meta name=\"twitter:label1\" content=\"Gesch\u00e4tzte Lesezeit\" \/>\n\t<meta name=\"twitter:data1\" content=\"3\u00a0Minuten\" \/>\n<script type=\"application\/ld+json\" class=\"yoast-schema-graph\">{\"@context\":\"https:\/\/schema.org\",\"@graph\":[{\"@type\":\"WebPage\",\"@id\":\"https:\/\/aptus-holland.com\/de\/produkte\/regulator\/\",\"url\":\"https:\/\/aptus-holland.com\/de\/produkte\/regulator\/\",\"name\":\"Regulator - Aptus Holland\",\"isPartOf\":{\"@id\":\"https:\/\/aptus-holland.com\/de\/#website\"},\"primaryImageOfPage\":{\"@id\":\"https:\/\/aptus-holland.com\/de\/produkte\/regulator\/#primaryimage\"},\"image\":{\"@id\":\"https:\/\/aptus-holland.com\/de\/produkte\/regulator\/#primaryimage\"},\"thumbnailUrl\":\"http:\/\/aptus-holland.com\/wp-content\/uploads\/2021\/12\/Aptus-Holland-Regulator-fam.png\",\"datePublished\":\"2021-08-06T09:23:48+00:00\",\"dateModified\":\"2025-02-27T13:19:27+00:00\",\"breadcrumb\":{\"@id\":\"https:\/\/aptus-holland.com\/de\/produkte\/regulator\/#breadcrumb\"},\"inLanguage\":\"de\",\"potentialAction\":[{\"@type\":\"ReadAction\",\"target\":[\"https:\/\/aptus-holland.com\/de\/produkte\/regulator\/\"]}]},{\"@type\":\"ImageObject\",\"inLanguage\":\"de\",\"@id\":\"https:\/\/aptus-holland.com\/de\/produkte\/regulator\/#primaryimage\",\"url\":\"http:\/\/aptus-holland.com\/wp-content\/uploads\/2021\/12\/Aptus-Holland-Regulator-fam.png\",\"contentUrl\":\"http:\/\/aptus-holland.com\/wp-content\/uploads\/2021\/12\/Aptus-Holland-Regulator-fam.png\"},{\"@type\":\"BreadcrumbList\",\"@id\":\"https:\/\/aptus-holland.com\/de\/produkte\/regulator\/#breadcrumb\",\"itemListElement\":[{\"@type\":\"ListItem\",\"position\":1,\"name\":\"Home\",\"item\":\"https:\/\/aptus-holland.com\/de\/\"},{\"@type\":\"ListItem\",\"position\":2,\"name\":\"Produkte\",\"item\":\"https:\/\/aptus-holland.com\/de\/products\/\"},{\"@type\":\"ListItem\",\"position\":3,\"name\":\"Regulator\"}]},{\"@type\":\"WebSite\",\"@id\":\"https:\/\/aptus-holland.com\/de\/#website\",\"url\":\"https:\/\/aptus-holland.com\/de\/\",\"name\":\"Aptus Holland\",\"description\":\"Plant Tech\",\"publisher\":{\"@id\":\"https:\/\/aptus-holland.com\/de\/#organization\"},\"potentialAction\":[{\"@type\":\"SearchAction\",\"target\":{\"@type\":\"EntryPoint\",\"urlTemplate\":\"https:\/\/aptus-holland.com\/de\/?s={search_term_string}\"},\"query-input\":{\"@type\":\"PropertyValueSpecification\",\"valueRequired\":true,\"valueName\":\"search_term_string\"}}],\"inLanguage\":\"de\"},{\"@type\":\"Organization\",\"@id\":\"https:\/\/aptus-holland.com\/de\/#organization\",\"name\":\"Aptus Holland\",\"url\":\"https:\/\/aptus-holland.com\/de\/\",\"logo\":{\"@type\":\"ImageObject\",\"inLanguage\":\"de\",\"@id\":\"https:\/\/aptus-holland.com\/de\/#\/schema\/logo\/image\/\",\"url\":\"https:\/\/aptus-holland.com\/wp-content\/uploads\/2021\/07\/logo-aptus-holland.png\",\"contentUrl\":\"https:\/\/aptus-holland.com\/wp-content\/uploads\/2021\/07\/logo-aptus-holland.png\",\"width\":365,\"height\":200,\"caption\":\"Aptus Holland\"},\"image\":{\"@id\":\"https:\/\/aptus-holland.com\/de\/#\/schema\/logo\/image\/\"}}]}<\/script>\n<!-- \/ Yoast SEO plugin. -->","yoast_head_json":{"title":"Regulator - Aptus Holland","robots":{"index":"index","follow":"follow","max-snippet":"max-snippet:-1","max-image-preview":"max-image-preview:large","max-video-preview":"max-video-preview:-1"},"canonical":"https:\/\/aptus-holland.com\/de\/produkte\/regulator\/","og_locale":"de_DE","og_type":"article","og_title":"Regulator - Aptus Holland","og_description":"\/\/ ERN\u00c4HRUNGSMANAGER UND ANTI-STRESS-PFLANZENVERBESSERER Regulator Unterst\u00fctzt die N\u00e4hrstoffaufnahme, st\u00e4rkt die Pflanzenstruktur und verbessert die F\u00e4higkeit der Pflanze, Umweltstress unterschiedlicher Art auszuhalten (abiotisch und biotisch). Der Regulator gilt als Eckpfeiler eines Pflanzenern\u00e4hrungsprogramms. Er erh\u00f6ht die Absorption und Bioverf\u00fcgbarkeit aller anderen N\u00e4hrstoffe, indem er als wirksamer Transporter f\u00fcr andere Elemente fungiert. Damit erh\u00f6ht sich die allgemeine St\u00e4rke, [&hellip;]","og_url":"https:\/\/aptus-holland.com\/de\/produkte\/regulator\/","og_site_name":"Aptus Holland","article_modified_time":"2025-02-27T13:19:27+00:00","og_image":[{"url":"http:\/\/aptus-holland.com\/wp-content\/uploads\/2021\/12\/Aptus-Holland-Regulator-fam.png","type":"","width":"","height":""}],"twitter_card":"summary_large_image","twitter_misc":{"Gesch\u00e4tzte Lesezeit":"3\u00a0Minuten"},"schema":{"@context":"https:\/\/schema.org","@graph":[{"@type":"WebPage","@id":"https:\/\/aptus-holland.com\/de\/produkte\/regulator\/","url":"https:\/\/aptus-holland.com\/de\/produkte\/regulator\/","name":"Regulator - Aptus Holland","isPartOf":{"@id":"https:\/\/aptus-holland.com\/de\/#website"},"primaryImageOfPage":{"@id":"https:\/\/aptus-holland.com\/de\/produkte\/regulator\/#primaryimage"},"image":{"@id":"https:\/\/aptus-holland.com\/de\/produkte\/regulator\/#primaryimage"},"thumbnailUrl":"http:\/\/aptus-holland.com\/wp-content\/uploads\/2021\/12\/Aptus-Holland-Regulator-fam.png","datePublished":"2021-08-06T09:23:48+00:00","dateModified":"2025-02-27T13:19:27+00:00","breadcrumb":{"@id":"https:\/\/aptus-holland.com\/de\/produkte\/regulator\/#breadcrumb"},"inLanguage":"de","potentialAction":[{"@type":"ReadAction","target":["https:\/\/aptus-holland.com\/de\/produkte\/regulator\/"]}]},{"@type":"ImageObject","inLanguage":"de","@id":"https:\/\/aptus-holland.com\/de\/produkte\/regulator\/#primaryimage","url":"http:\/\/aptus-holland.com\/wp-content\/uploads\/2021\/12\/Aptus-Holland-Regulator-fam.png","contentUrl":"http:\/\/aptus-holland.com\/wp-content\/uploads\/2021\/12\/Aptus-Holland-Regulator-fam.png"},{"@type":"BreadcrumbList","@id":"https:\/\/aptus-holland.com\/de\/produkte\/regulator\/#breadcrumb","itemListElement":[{"@type":"ListItem","position":1,"name":"Home","item":"https:\/\/aptus-holland.com\/de\/"},{"@type":"ListItem","position":2,"name":"Produkte","item":"https:\/\/aptus-holland.com\/de\/products\/"},{"@type":"ListItem","position":3,"name":"Regulator"}]},{"@type":"WebSite","@id":"https:\/\/aptus-holland.com\/de\/#website","url":"https:\/\/aptus-holland.com\/de\/","name":"Aptus Holland","description":"Plant Tech","publisher":{"@id":"https:\/\/aptus-holland.com\/de\/#organization"},"potentialAction":[{"@type":"SearchAction","target":{"@type":"EntryPoint","urlTemplate":"https:\/\/aptus-holland.com\/de\/?s={search_term_string}"},"query-input":{"@type":"PropertyValueSpecification","valueRequired":true,"valueName":"search_term_string"}}],"inLanguage":"de"},{"@type":"Organization","@id":"https:\/\/aptus-holland.com\/de\/#organization","name":"Aptus Holland","url":"https:\/\/aptus-holland.com\/de\/","logo":{"@type":"ImageObject","inLanguage":"de","@id":"https:\/\/aptus-holland.com\/de\/#\/schema\/logo\/image\/","url":"https:\/\/aptus-holland.com\/wp-content\/uploads\/2021\/07\/logo-aptus-holland.png","contentUrl":"https:\/\/aptus-holland.com\/wp-content\/uploads\/2021\/07\/logo-aptus-holland.png","width":365,"height":200,"caption":"Aptus Holland"},"image":{"@id":"https:\/\/aptus-holland.com\/de\/#\/schema\/logo\/image\/"}}]}},"_links":{"self":[{"href":"https:\/\/aptus-holland.com\/de\/wp-json\/wp\/v2\/pages\/34268","targetHints":{"allow":["GET"]}}],"collection":[{"href":"https:\/\/aptus-holland.com\/de\/wp-json\/wp\/v2\/pages"}],"about":[{"href":"https:\/\/aptus-holland.com\/de\/wp-json\/wp\/v2\/types\/page"}],"author":[{"embeddable":true,"href":"https:\/\/aptus-holland.com\/de\/wp-json\/wp\/v2\/users\/2"}],"replies":[{"embeddable":true,"href":"https:\/\/aptus-holland.com\/de\/wp-json\/wp\/v2\/comments?post=34268"}],"version-history":[{"count":13,"href":"https:\/\/aptus-holland.com\/de\/wp-json\/wp\/v2\/pages\/34268\/revisions"}],"predecessor-version":[{"id":38067,"href":"https:\/\/aptus-holland.com\/de\/wp-json\/wp\/v2\/pages\/34268\/revisions\/38067"}],"up":[{"embeddable":true,"href":"https:\/\/aptus-holland.com\/de\/wp-json\/wp\/v2\/pages\/34094"}],"wp:attachment":[{"href":"https:\/\/aptus-holland.com\/de\/wp-json\/wp\/v2\/media?parent=34268"}],"curies":[{"name":"wp","href":"https:\/\/api.w.org\/{rel}","templated":true}]}}