{"id":34131,"date":"2020-01-02T09:28:08","date_gmt":"2020-01-02T09:28:08","guid":{"rendered":"https:\/\/aptus-holland.com\/contact\/"},"modified":"2023-12-22T14:10:08","modified_gmt":"2023-12-22T14:10:08","slug":"kontakt","status":"publish","type":"page","link":"https:\/\/aptus-holland.com\/de\/kontakt\/","title":{"rendered":"Kontakt"},"content":{"rendered":"\t\t<div data-elementor-type=\"wp-page\" data-elementor-id=\"34131\" class=\"elementor elementor-34131 elementor-1370\" data-elementor-settings=\"[]\">\n\t\t\t\t\t\t\t<div class=\"elementor-section-wrap\">\n\t\t\t\t\t\t\t<section class=\"elementor-section elementor-top-section elementor-element elementor-element-8c1b6b2 elementor-section-content-middle ot-traditional elementor-section-boxed elementor-section-height-default elementor-section-height-default\" data-id=\"8c1b6b2\" data-element_type=\"section\">\n\t\t\t\t\t\t<div class=\"elementor-container elementor-column-gap-extended\">\n\t\t\t\t\t<div class=\"elementor-column elementor-col-50 elementor-top-column elementor-element elementor-element-8416bc3 ot-flex-column-vertical\" data-id=\"8416bc3\" data-element_type=\"column\">\n\t\t\t<div class=\"elementor-widget-wrap elementor-element-populated\">\n\t\t\t\t\t\t\t\t<div class=\"elementor-element elementor-element-e36ab66 elementor-widget elementor-widget-text-editor\" data-id=\"e36ab66\" data-element_type=\"widget\" data-widget_type=\"text-editor.default\">\n\t\t\t\t<div class=\"elementor-widget-container\">\n\t\t\t\t\t\t\t\t<p><strong>\u201cOur company will be closed for the holidays from December 23rd until January 1st. We will resume operations from January 2nd, 2021. We wish you all happy holidays!\u201d<\/strong><\/p><p>\u00a0<\/p>\t\t\t\t\t\t<\/div>\n\t\t\t\t<\/div>\n\t\t\t\t<div class=\"elementor-element elementor-element-f535a30 elementor-widget elementor-widget-heading\" data-id=\"f535a30\" data-element_type=\"widget\" data-widget_type=\"heading.default\">\n\t\t\t\t<div class=\"elementor-widget-container\">\n\t\t\t<h2 class=\"elementor-heading-title elementor-size-default\">Kontaktdetails<\/h2>\t\t<\/div>\n\t\t\t\t<\/div>\n\t\t\t\t<div class=\"elementor-element elementor-element-b59a336 elementor-widget elementor-widget-icontact_info\" data-id=\"b59a336\" data-element_type=\"widget\" data-widget_type=\"icontact_info.default\">\n\t\t\t\t<div class=\"elementor-widget-container\">\n\t\t\t\t\t\t\t\t    \t<div class=\"contact-info box-style1\">\r\n\t\t\t\t\t\t\t\t    \t\t        <i class=\"flaticon-world-globe\"><\/i>\t\t\t        <div class=\"info-text\">\r\n\t\t\t        \t<h6>Unsere Anschrift<\/h6>\r\n\t\t\t        \t<p>Daelderweg 22<br>6361 HK Nuth<br>Niederlande\n<\/p>\r\n\t\t\t        <\/div>\r\n\t\t\t    <\/div>\r\n\t\t    \t    \t\t<\/div>\n\t\t\t\t<\/div>\n\t\t\t\t<div class=\"elementor-element elementor-element-4c90f57 elementor-widget elementor-widget-icontact_info\" data-id=\"4c90f57\" data-element_type=\"widget\" data-widget_type=\"icontact_info.default\">\n\t\t\t\t<div class=\"elementor-widget-container\">\n\t\t\t\t\t\t\t\t    \t<div class=\"contact-info box-style1\">\r\n\t\t\t\t\t\t\t\t    \t\t        <i class=\"flaticon-envelope\"><\/i>\t\t\t        <div class=\"info-text\">\r\n\t\t\t        \t<h6>E-Mail-Adresse<\/h6>\r\n\t\t\t        \t<p><a href=\"mailto:info@aptus-holland.com\">info@aptus-holland.com<\/a><\/p>\r\n\t\t\t        <\/div>\r\n\t\t\t    <\/div>\r\n\t\t    \t    \t\t<\/div>\n\t\t\t\t<\/div>\n\t\t\t\t<div class=\"elementor-element elementor-element-a59e635 elementor-widget elementor-widget-icontact_info\" data-id=\"a59e635\" data-element_type=\"widget\" data-widget_type=\"icontact_info.default\">\n\t\t\t\t<div class=\"elementor-widget-container\">\n\t\t\t\t\t\t\t\t    \t<div class=\"contact-info box-style1\">\r\n\t\t\t\t\t\t\t\t    \t\t        <i class=\"flaticon-phone-1\"><\/i>\t\t\t        <div class=\"info-text\">\r\n\t\t\t        \t<h6>Rufnummer<\/h6>\r\n\t\t\t        \t<p><a href=\"tel:\/\/+ 31455778305\">+ 31 (0) 45 \u2013 577 83 05<\/a><\/p>\r\n\t\t\t        <\/div>\r\n\t\t\t    <\/div>\r\n\t\t    \t    \t\t<\/div>\n\t\t\t\t<\/div>\n\t\t\t\t\t<\/div>\n\t\t<\/div>\n\t\t\t\t<div class=\"elementor-column elementor-col-50 elementor-top-column elementor-element elementor-element-add1e18 ot-flex-column-vertical\" data-id=\"add1e18\" data-element_type=\"column\">\n\t\t\t<div class=\"elementor-widget-wrap elementor-element-populated\">\n\t\t\t\t\t\t\t\t<div class=\"elementor-element elementor-element-5c60825 elementor-widget elementor-widget-shortcode\" data-id=\"5c60825\" data-element_type=\"widget\" data-widget_type=\"shortcode.default\">\n\t\t\t\t<div class=\"elementor-widget-container\">\n\t\t\t\t\t<div class=\"elementor-shortcode\">\n<div class=\"wpcf7 no-js\" id=\"wpcf7-f34136-o1\" lang=\"de-DE\" dir=\"ltr\" data-wpcf7-id=\"34136\">\n<div class=\"screen-reader-response\"><p role=\"status\" aria-live=\"polite\" aria-atomic=\"true\"><\/p> <ul><\/ul><\/div>\n<form action=\"\/de\/wp-json\/wp\/v2\/pages\/34131#wpcf7-f34136-o1\" method=\"post\" class=\"wpcf7-form init\" aria-label=\"Kontaktformular\" novalidate=\"novalidate\" data-status=\"init\">\n<fieldset class=\"hidden-fields-container\"><input type=\"hidden\" name=\"_wpcf7\" value=\"34136\" \/><input type=\"hidden\" name=\"_wpcf7_version\" value=\"6.1.5\" \/><input type=\"hidden\" name=\"_wpcf7_locale\" value=\"de_DE\" \/><input type=\"hidden\" name=\"_wpcf7_unit_tag\" value=\"wpcf7-f34136-o1\" \/><input type=\"hidden\" name=\"_wpcf7_container_post\" value=\"0\" \/><input type=\"hidden\" name=\"_wpcf7_posted_data_hash\" value=\"\" \/><input type=\"hidden\" name=\"_wpcf7_recaptcha_response\" value=\"\" \/>\n<\/fieldset>\n<div class=\"main-form\">\n\t<h2>Eine Nachricht hinterlassen\n\t<\/h2>\n\t<p class=\"font14\">Ihrer E-Mail-Adresse wird nicht ver\u00f6ffentlicht. Pflichtfelder sind mit * gekennzeichnet.\n\t<\/p>\n\t<p><span class=\"wpcf7-form-control-wrap\" data-name=\"your-name\"><input size=\"40\" maxlength=\"400\" class=\"wpcf7-form-control wpcf7-text wpcf7-validates-as-required\" aria-required=\"true\" aria-invalid=\"false\" placeholder=\"Ihr Name *\" value=\"\" type=\"text\" name=\"your-name\" \/><\/span>\n\t<\/p>\n\t<p><span class=\"wpcf7-form-control-wrap\" data-name=\"your-email\"><input size=\"40\" maxlength=\"400\" class=\"wpcf7-form-control wpcf7-email wpcf7-validates-as-required wpcf7-text wpcf7-validates-as-email\" aria-required=\"true\" aria-invalid=\"false\" placeholder=\"Ihre E-Mail-Adresse *\" value=\"\" type=\"email\" name=\"your-email\" \/><\/span>\n\t<\/p>\n\t<p><span class=\"wpcf7-form-control-wrap\" data-name=\"your-subject\"><input size=\"40\" maxlength=\"400\" class=\"wpcf7-form-control wpcf7-text wpcf7-validates-as-required\" aria-required=\"true\" aria-invalid=\"false\" placeholder=\"Thema *\" value=\"\" type=\"text\" name=\"your-subject\" \/><\/span>\n\t<\/p>\n\t<p><span class=\"wpcf7-form-control-wrap\" data-name=\"your-message\"><textarea cols=\"40\" rows=\"10\" maxlength=\"2000\" class=\"wpcf7-form-control wpcf7-textarea\" aria-invalid=\"false\" placeholder=\"Nachricht...\" name=\"your-message\"><\/textarea><\/span>\n\t<\/p>\n\t<p><button type=\"submit\" class=\"octf-btn octf-btn-light\">Nachricht senden<\/button>\n\t<\/p>\n<\/div><input type='hidden' class='wpcf7-pum' value='{\"closepopup\":false,\"closedelay\":0,\"openpopup\":false,\"openpopup_id\":0}' \/><div class=\"wpcf7-response-output\" aria-hidden=\"true\"><\/div>\n<\/form>\n<\/div>\n<\/div>\n\t\t\t\t<\/div>\n\t\t\t\t<\/div>\n\t\t\t\t\t<\/div>\n\t\t<\/div>\n\t\t\t\t\t\t\t<\/div>\n\t\t<\/section>\n\t\t\t\t<section class=\"elementor-section elementor-top-section elementor-element elementor-element-aba0bc8 elementor-section-full_width ot-traditional elementor-section-height-default elementor-section-height-default\" data-id=\"aba0bc8\" data-element_type=\"section\">\n\t\t\t\t\t\t<div class=\"elementor-container elementor-column-gap-default\">\n\t\t\t\t\t<div class=\"elementor-column elementor-col-100 elementor-top-column elementor-element elementor-element-aa84c84 ot-flex-column-vertical\" data-id=\"aa84c84\" data-element_type=\"column\">\n\t\t\t<div class=\"elementor-widget-wrap elementor-element-populated\">\n\t\t\t\t\t\t\t\t<div class=\"elementor-element elementor-element-e0a8550 elementor-widget elementor-widget-html\" data-id=\"e0a8550\" data-element_type=\"widget\" data-widget_type=\"html.default\">\n\t\t\t\t<div class=\"elementor-widget-container\">\n\t\t\t<iframe src=\"https:\/\/www.google.com\/maps\/embed?pb=!1m18!1m12!1m3!1d2514.9471650237288!2d5.879642315950668!3d50.92469436096005!2m3!1f0!2f0!3f0!3m2!1i1024!2i768!4f13.1!3m3!1m2!1s0x47c0bf17bab75805%3A0x6db4e92d2fb73bd2!2sIb.eco%20B.V.!5e0!3m2!1snl!2snl!4v1627030780840!5m2!1snl!2snl\" width=\"100%\" height=\"450\" style=\"border:0;\" allowfullscreen=\"\" loading=\"lazy\"><\/iframe>\t\t<\/div>\n\t\t\t\t<\/div>\n\t\t\t\t\t<\/div>\n\t\t<\/div>\n\t\t\t\t\t\t\t<\/div>\n\t\t<\/section>\n\t\t\t\t\t\t<\/div>\n\t\t\t\t\t<\/div>\n\t\t","protected":false},"excerpt":{"rendered":"<p>\u201cOur company will be closed for the holidays from December 23rd until January 1st. We will resume operations from January 2nd, 2021. We wish you all happy holidays!\u201d \u00a0 Kontaktdetails Unsere Anschrift Daelderweg 226361 HK NuthNiederlande E-Mail-Adresse info@aptus-holland.com Rufnummer + 31 (0) 45 \u2013 577 83 05<\/p>\n","protected":false},"author":1,"featured_media":0,"parent":0,"menu_order":0,"comment_status":"closed","ping_status":"closed","template":"","meta":{"_monsterinsights_skip_tracking":false,"_monsterinsights_sitenote_active":false,"_monsterinsights_sitenote_note":"","_monsterinsights_sitenote_category":0,"footnotes":""},"class_list":["post-34131","page","type-page","status-publish","hentry"],"yoast_head":"<!-- This site is optimized with the Yoast SEO plugin v27.0 - https:\/\/yoast.com\/product\/yoast-seo-wordpress\/ -->\n<title>Kontakt | Aptus Holland - Aptus Plant Tech | True Plant Science<\/title>\n<meta name=\"description\" content=\"Haben Sie Fragen zu Aptus Holland in Nuth oder m\u00f6chten Sie einen Termin vereinbaren? Kontaktieren Sie uns gerne \u00fcber eine der Kontaktm\u00f6glichkeiten.\" \/>\n<meta name=\"robots\" content=\"index, follow, max-snippet:-1, max-image-preview:large, max-video-preview:-1\" \/>\n<link rel=\"canonical\" href=\"https:\/\/aptus-holland.com\/de\/kontakt\/\" \/>\n<meta property=\"og:locale\" content=\"de_DE\" \/>\n<meta property=\"og:type\" content=\"article\" \/>\n<meta property=\"og:title\" content=\"Kontakt | Aptus Holland - Aptus Plant Tech | True Plant Science\" \/>\n<meta property=\"og:description\" content=\"Haben Sie Fragen zu Aptus Holland in Nuth oder m\u00f6chten Sie einen Termin vereinbaren? Kontaktieren Sie uns gerne \u00fcber eine der Kontaktm\u00f6glichkeiten.\" \/>\n<meta property=\"og:url\" content=\"https:\/\/aptus-holland.com\/de\/kontakt\/\" \/>\n<meta property=\"og:site_name\" content=\"Aptus Holland\" \/>\n<meta property=\"article:modified_time\" content=\"2023-12-22T14:10:08+00:00\" \/>\n<meta name=\"twitter:card\" content=\"summary_large_image\" \/>\n<meta name=\"twitter:label1\" content=\"Gesch\u00e4tzte Lesezeit\" \/>\n\t<meta name=\"twitter:data1\" content=\"1\u00a0Minute\" \/>\n<script type=\"application\/ld+json\" class=\"yoast-schema-graph\">{\"@context\":\"https:\/\/schema.org\",\"@graph\":[{\"@type\":\"WebPage\",\"@id\":\"https:\/\/aptus-holland.com\/de\/kontakt\/\",\"url\":\"https:\/\/aptus-holland.com\/de\/kontakt\/\",\"name\":\"Kontakt | Aptus Holland - Aptus Plant Tech | True Plant Science\",\"isPartOf\":{\"@id\":\"https:\/\/aptus-holland.com\/de\/#website\"},\"datePublished\":\"2020-01-02T09:28:08+00:00\",\"dateModified\":\"2023-12-22T14:10:08+00:00\",\"description\":\"Haben Sie Fragen zu Aptus Holland in Nuth oder m\u00f6chten Sie einen Termin vereinbaren? Kontaktieren Sie uns gerne \u00fcber eine der Kontaktm\u00f6glichkeiten.\",\"breadcrumb\":{\"@id\":\"https:\/\/aptus-holland.com\/de\/kontakt\/#breadcrumb\"},\"inLanguage\":\"de\",\"potentialAction\":[{\"@type\":\"ReadAction\",\"target\":[\"https:\/\/aptus-holland.com\/de\/kontakt\/\"]}]},{\"@type\":\"BreadcrumbList\",\"@id\":\"https:\/\/aptus-holland.com\/de\/kontakt\/#breadcrumb\",\"itemListElement\":[{\"@type\":\"ListItem\",\"position\":1,\"name\":\"Home\",\"item\":\"https:\/\/aptus-holland.com\/de\/\"},{\"@type\":\"ListItem\",\"position\":2,\"name\":\"Kontakt\"}]},{\"@type\":\"WebSite\",\"@id\":\"https:\/\/aptus-holland.com\/de\/#website\",\"url\":\"https:\/\/aptus-holland.com\/de\/\",\"name\":\"Aptus Holland\",\"description\":\"Plant Tech\",\"publisher\":{\"@id\":\"https:\/\/aptus-holland.com\/de\/#organization\"},\"potentialAction\":[{\"@type\":\"SearchAction\",\"target\":{\"@type\":\"EntryPoint\",\"urlTemplate\":\"https:\/\/aptus-holland.com\/de\/?s={search_term_string}\"},\"query-input\":{\"@type\":\"PropertyValueSpecification\",\"valueRequired\":true,\"valueName\":\"search_term_string\"}}],\"inLanguage\":\"de\"},{\"@type\":\"Organization\",\"@id\":\"https:\/\/aptus-holland.com\/de\/#organization\",\"name\":\"Aptus Holland\",\"url\":\"https:\/\/aptus-holland.com\/de\/\",\"logo\":{\"@type\":\"ImageObject\",\"inLanguage\":\"de\",\"@id\":\"https:\/\/aptus-holland.com\/de\/#\/schema\/logo\/image\/\",\"url\":\"https:\/\/aptus-holland.com\/wp-content\/uploads\/2021\/07\/logo-aptus-holland.png\",\"contentUrl\":\"https:\/\/aptus-holland.com\/wp-content\/uploads\/2021\/07\/logo-aptus-holland.png\",\"width\":365,\"height\":200,\"caption\":\"Aptus Holland\"},\"image\":{\"@id\":\"https:\/\/aptus-holland.com\/de\/#\/schema\/logo\/image\/\"}}]}<\/script>\n<!-- \/ Yoast SEO plugin. -->","yoast_head_json":{"title":"Kontakt | Aptus Holland - Aptus Plant Tech | True Plant Science","description":"Haben Sie Fragen zu Aptus Holland in Nuth oder m\u00f6chten Sie einen Termin vereinbaren? Kontaktieren Sie uns gerne \u00fcber eine der Kontaktm\u00f6glichkeiten.","robots":{"index":"index","follow":"follow","max-snippet":"max-snippet:-1","max-image-preview":"max-image-preview:large","max-video-preview":"max-video-preview:-1"},"canonical":"https:\/\/aptus-holland.com\/de\/kontakt\/","og_locale":"de_DE","og_type":"article","og_title":"Kontakt | Aptus Holland - Aptus Plant Tech | True Plant Science","og_description":"Haben Sie Fragen zu Aptus Holland in Nuth oder m\u00f6chten Sie einen Termin vereinbaren? Kontaktieren Sie uns gerne \u00fcber eine der Kontaktm\u00f6glichkeiten.","og_url":"https:\/\/aptus-holland.com\/de\/kontakt\/","og_site_name":"Aptus Holland","article_modified_time":"2023-12-22T14:10:08+00:00","twitter_card":"summary_large_image","twitter_misc":{"Gesch\u00e4tzte Lesezeit":"1\u00a0Minute"},"schema":{"@context":"https:\/\/schema.org","@graph":[{"@type":"WebPage","@id":"https:\/\/aptus-holland.com\/de\/kontakt\/","url":"https:\/\/aptus-holland.com\/de\/kontakt\/","name":"Kontakt | Aptus Holland - Aptus Plant Tech | True Plant Science","isPartOf":{"@id":"https:\/\/aptus-holland.com\/de\/#website"},"datePublished":"2020-01-02T09:28:08+00:00","dateModified":"2023-12-22T14:10:08+00:00","description":"Haben Sie Fragen zu Aptus Holland in Nuth oder m\u00f6chten Sie einen Termin vereinbaren? Kontaktieren Sie uns gerne \u00fcber eine der Kontaktm\u00f6glichkeiten.","breadcrumb":{"@id":"https:\/\/aptus-holland.com\/de\/kontakt\/#breadcrumb"},"inLanguage":"de","potentialAction":[{"@type":"ReadAction","target":["https:\/\/aptus-holland.com\/de\/kontakt\/"]}]},{"@type":"BreadcrumbList","@id":"https:\/\/aptus-holland.com\/de\/kontakt\/#breadcrumb","itemListElement":[{"@type":"ListItem","position":1,"name":"Home","item":"https:\/\/aptus-holland.com\/de\/"},{"@type":"ListItem","position":2,"name":"Kontakt"}]},{"@type":"WebSite","@id":"https:\/\/aptus-holland.com\/de\/#website","url":"https:\/\/aptus-holland.com\/de\/","name":"Aptus Holland","description":"Plant Tech","publisher":{"@id":"https:\/\/aptus-holland.com\/de\/#organization"},"potentialAction":[{"@type":"SearchAction","target":{"@type":"EntryPoint","urlTemplate":"https:\/\/aptus-holland.com\/de\/?s={search_term_string}"},"query-input":{"@type":"PropertyValueSpecification","valueRequired":true,"valueName":"search_term_string"}}],"inLanguage":"de"},{"@type":"Organization","@id":"https:\/\/aptus-holland.com\/de\/#organization","name":"Aptus Holland","url":"https:\/\/aptus-holland.com\/de\/","logo":{"@type":"ImageObject","inLanguage":"de","@id":"https:\/\/aptus-holland.com\/de\/#\/schema\/logo\/image\/","url":"https:\/\/aptus-holland.com\/wp-content\/uploads\/2021\/07\/logo-aptus-holland.png","contentUrl":"https:\/\/aptus-holland.com\/wp-content\/uploads\/2021\/07\/logo-aptus-holland.png","width":365,"height":200,"caption":"Aptus Holland"},"image":{"@id":"https:\/\/aptus-holland.com\/de\/#\/schema\/logo\/image\/"}}]}},"_links":{"self":[{"href":"https:\/\/aptus-holland.com\/de\/wp-json\/wp\/v2\/pages\/34131","targetHints":{"allow":["GET"]}}],"collection":[{"href":"https:\/\/aptus-holland.com\/de\/wp-json\/wp\/v2\/pages"}],"about":[{"href":"https:\/\/aptus-holland.com\/de\/wp-json\/wp\/v2\/types\/page"}],"author":[{"embeddable":true,"href":"https:\/\/aptus-holland.com\/de\/wp-json\/wp\/v2\/users\/1"}],"replies":[{"embeddable":true,"href":"https:\/\/aptus-holland.com\/de\/wp-json\/wp\/v2\/comments?post=34131"}],"version-history":[{"count":10,"href":"https:\/\/aptus-holland.com\/de\/wp-json\/wp\/v2\/pages\/34131\/revisions"}],"predecessor-version":[{"id":36628,"href":"https:\/\/aptus-holland.com\/de\/wp-json\/wp\/v2\/pages\/34131\/revisions\/36628"}],"wp:attachment":[{"href":"https:\/\/aptus-holland.com\/de\/wp-json\/wp\/v2\/media?parent=34131"}],"curies":[{"name":"wp","href":"https:\/\/api.w.org\/{rel}","templated":true}]}}