{"id":34126,"date":"2021-07-23T14:22:22","date_gmt":"2021-07-23T14:22:22","guid":{"rendered":"https:\/\/aptus-holland.com\/de-aptus-aanpak\/"},"modified":"2023-08-16T12:20:44","modified_gmt":"2023-08-16T12:20:44","slug":"das-aptus-konzept","status":"publish","type":"page","link":"https:\/\/aptus-holland.com\/de\/das-aptus-konzept\/","title":{"rendered":"Das Aptus-Konzept"},"content":{"rendered":"\t\t<div data-elementor-type=\"wp-page\" data-elementor-id=\"34126\" class=\"elementor elementor-34126 elementor-5317\" data-elementor-settings=\"[]\">\n\t\t\t\t\t\t\t<div class=\"elementor-section-wrap\">\n\t\t\t\t\t\t\t<section class=\"elementor-section elementor-top-section elementor-element elementor-element-7f3cbd8 elementor-section-content-middle ot-traditional elementor-section-boxed elementor-section-height-default elementor-section-height-default\" data-id=\"7f3cbd8\" data-element_type=\"section\" data-settings=\"{&quot;background_background&quot;:&quot;classic&quot;}\">\n\t\t\t\t\t\t<div class=\"elementor-container elementor-column-gap-extended\">\n\t\t\t\t\t<div class=\"elementor-column elementor-col-50 elementor-top-column elementor-element elementor-element-9fc2569 ot-flex-column-vertical\" data-id=\"9fc2569\" data-element_type=\"column\">\n\t\t\t<div class=\"elementor-widget-wrap elementor-element-populated\">\n\t\t\t\t\t\t\t\t<div class=\"elementor-element elementor-element-925ee15 elementor-widget elementor-widget-iheading\" data-id=\"925ee15\" data-element_type=\"widget\" data-widget_type=\"iheading.default\">\n\t\t\t\t<div class=\"elementor-widget-container\">\n\t\t\t\t\t<div class=\"ot-heading\">\r\n\t        <h2 class=\"main-heading\">Das Aptus-Konzept<\/h2>\t    <\/div>\r\n\t    \t\t<\/div>\n\t\t\t\t<\/div>\n\t\t\t\t<div class=\"elementor-element elementor-element-0f0c33b elementor-widget elementor-widget-text-editor\" data-id=\"0f0c33b\" data-element_type=\"widget\" data-widget_type=\"text-editor.default\">\n\t\t\t\t<div class=\"elementor-widget-container\">\n\t\t\t\t\t\t\t\t<p>Das Aptus-Konzept besteht in der Lieferung hochwertiger uniformer Produkte und im Angebot von Schulungen f\u00fcr die Steigerung der Produktion und der Anbaukenntnisse von Erzeugern. Die Grundlage des Konzepts ist eine Pr\u00e4ventivmethodik f\u00fcr Wirte (Pflanzen), Sch\u00e4dlinge und Umweltprobleme. Kurz gesagt geht es darum, Probleme zu verhindern, bevor sie \u00fcberhaupt auftreten.<\/p><p>Das Aptus-Konzept ist ein nat\u00fcrlicher Prozess: Die Regeln der Natur werden vollumf\u00e4nglich respektiert und das Konzept bietet eine Anleitung daf\u00fcr, wie uralte nat\u00fcrliche Mechanismen von Boden- und Pflanzenpflege neu etabliert werden k\u00f6nnen. Aptus ist eine Kombination aus biologischer Bodensanierung, Pflanzenstimulation und guter Ern\u00e4hrung.<\/p>\t\t\t\t\t\t<\/div>\n\t\t\t\t<\/div>\n\t\t\t\t\t<\/div>\n\t\t<\/div>\n\t\t\t\t<div class=\"elementor-column elementor-col-50 elementor-top-column elementor-element elementor-element-fea2944 ot-column-items-top ot-flex-column-vertical\" data-id=\"fea2944\" data-element_type=\"column\">\n\t\t\t<div class=\"elementor-widget-wrap elementor-element-populated\">\n\t\t\t\t\t\t\t\t<div class=\"elementor-element elementor-element-e6ac377 elementor-widget elementor-widget-image\" data-id=\"e6ac377\" data-element_type=\"widget\" data-widget_type=\"image.default\">\n\t\t\t\t<div class=\"elementor-widget-container\">\n\t\t\t\t\t\t\t\t\t\t\t\t\t\t\t\t<a href=\"http:\/\/aptus-holland.com\/wp-content\/uploads\/2021\/07\/aptus-approach-aptus-holland.png\" data-elementor-open-lightbox=\"yes\" data-elementor-lightbox-title=\"aptus-approach-aptus-holland\">\n\t\t\t\t\t\t\t<img loading=\"lazy\" decoding=\"async\" width=\"750\" height=\"370\" src=\"https:\/\/aptus-holland.com\/wp-content\/uploads\/2021\/07\/aptus-approach-aptus-holland.png\" class=\"attachment-large size-large\" alt=\"\" srcset=\"https:\/\/aptus-holland.com\/wp-content\/uploads\/2021\/07\/aptus-approach-aptus-holland.png 750w, https:\/\/aptus-holland.com\/wp-content\/uploads\/2021\/07\/aptus-approach-aptus-holland-300x148.png 300w, https:\/\/aptus-holland.com\/wp-content\/uploads\/2021\/07\/aptus-approach-aptus-holland-720x355.png 720w\" sizes=\"auto, (max-width: 750px) 100vw, 750px\" \/>\t\t\t\t\t\t\t\t<\/a>\n\t\t\t\t\t\t\t\t\t\t\t\t\t\t\t<\/div>\n\t\t\t\t<\/div>\n\t\t\t\t\t<\/div>\n\t\t<\/div>\n\t\t\t\t\t\t\t<\/div>\n\t\t<\/section>\n\t\t\t\t\t\t<\/div>\n\t\t\t\t\t<\/div>\n\t\t","protected":false},"excerpt":{"rendered":"<p>Das Aptus-Konzept Das Aptus-Konzept besteht in der Lieferung hochwertiger uniformer Produkte und im Angebot von Schulungen f\u00fcr die Steigerung der Produktion und der Anbaukenntnisse von Erzeugern. Die Grundlage des Konzepts ist eine Pr\u00e4ventivmethodik f\u00fcr Wirte (Pflanzen), Sch\u00e4dlinge und Umweltprobleme. Kurz gesagt geht es darum, Probleme zu verhindern, bevor sie \u00fcberhaupt auftreten. Das Aptus-Konzept ist ein [&hellip;]<\/p>\n","protected":false},"author":2,"featured_media":0,"parent":0,"menu_order":0,"comment_status":"closed","ping_status":"closed","template":"","meta":{"_monsterinsights_skip_tracking":false,"_monsterinsights_sitenote_active":false,"_monsterinsights_sitenote_note":"","_monsterinsights_sitenote_category":0,"footnotes":""},"class_list":["post-34126","page","type-page","status-publish","hentry"],"yoast_head":"<!-- This site is optimized with the Yoast SEO plugin v27.0 - https:\/\/yoast.com\/product\/yoast-seo-wordpress\/ -->\n<title>Das Aptus-Konzept | Aptus Holland | Aptus Plant Tech<\/title>\n<meta name=\"description\" content=\"Der Ansatz von Aptus besteht darin, einheitliche Qualit\u00e4tsprodukte und Schulungen bereitzustellen, die die Produktion und die Wachstumsf\u00e4higkeit der Landwirte verbessern.\" \/>\n<meta name=\"robots\" content=\"index, follow, max-snippet:-1, max-image-preview:large, max-video-preview:-1\" \/>\n<link rel=\"canonical\" href=\"https:\/\/aptus-holland.com\/de\/das-aptus-konzept\/\" \/>\n<meta property=\"og:locale\" content=\"de_DE\" \/>\n<meta property=\"og:type\" content=\"article\" \/>\n<meta property=\"og:title\" content=\"Das Aptus-Konzept | Aptus Holland | Aptus Plant Tech\" \/>\n<meta property=\"og:description\" content=\"Der Ansatz von Aptus besteht darin, einheitliche Qualit\u00e4tsprodukte und Schulungen bereitzustellen, die die Produktion und die Wachstumsf\u00e4higkeit der Landwirte verbessern.\" \/>\n<meta property=\"og:url\" content=\"https:\/\/aptus-holland.com\/de\/das-aptus-konzept\/\" \/>\n<meta property=\"og:site_name\" content=\"Aptus Holland\" \/>\n<meta property=\"article:modified_time\" content=\"2023-08-16T12:20:44+00:00\" \/>\n<meta property=\"og:image\" content=\"http:\/\/aptus-holland.com\/wp-content\/uploads\/2021\/07\/aptus-approach-aptus-holland.png\" \/>\n<meta name=\"twitter:card\" content=\"summary_large_image\" \/>\n<meta name=\"twitter:label1\" content=\"Gesch\u00e4tzte Lesezeit\" \/>\n\t<meta name=\"twitter:data1\" content=\"1\u00a0Minute\" \/>\n<script type=\"application\/ld+json\" class=\"yoast-schema-graph\">{\"@context\":\"https:\/\/schema.org\",\"@graph\":[{\"@type\":\"WebPage\",\"@id\":\"https:\/\/aptus-holland.com\/de\/das-aptus-konzept\/\",\"url\":\"https:\/\/aptus-holland.com\/de\/das-aptus-konzept\/\",\"name\":\"Das Aptus-Konzept | Aptus Holland | Aptus Plant Tech\",\"isPartOf\":{\"@id\":\"https:\/\/aptus-holland.com\/de\/#website\"},\"primaryImageOfPage\":{\"@id\":\"https:\/\/aptus-holland.com\/de\/das-aptus-konzept\/#primaryimage\"},\"image\":{\"@id\":\"https:\/\/aptus-holland.com\/de\/das-aptus-konzept\/#primaryimage\"},\"thumbnailUrl\":\"http:\/\/aptus-holland.com\/wp-content\/uploads\/2021\/07\/aptus-approach-aptus-holland.png\",\"datePublished\":\"2021-07-23T14:22:22+00:00\",\"dateModified\":\"2023-08-16T12:20:44+00:00\",\"description\":\"Der Ansatz von Aptus besteht darin, einheitliche Qualit\u00e4tsprodukte und Schulungen bereitzustellen, die die Produktion und die Wachstumsf\u00e4higkeit der Landwirte verbessern.\",\"breadcrumb\":{\"@id\":\"https:\/\/aptus-holland.com\/de\/das-aptus-konzept\/#breadcrumb\"},\"inLanguage\":\"de\",\"potentialAction\":[{\"@type\":\"ReadAction\",\"target\":[\"https:\/\/aptus-holland.com\/de\/das-aptus-konzept\/\"]}]},{\"@type\":\"ImageObject\",\"inLanguage\":\"de\",\"@id\":\"https:\/\/aptus-holland.com\/de\/das-aptus-konzept\/#primaryimage\",\"url\":\"http:\/\/aptus-holland.com\/wp-content\/uploads\/2021\/07\/aptus-approach-aptus-holland.png\",\"contentUrl\":\"http:\/\/aptus-holland.com\/wp-content\/uploads\/2021\/07\/aptus-approach-aptus-holland.png\"},{\"@type\":\"BreadcrumbList\",\"@id\":\"https:\/\/aptus-holland.com\/de\/das-aptus-konzept\/#breadcrumb\",\"itemListElement\":[{\"@type\":\"ListItem\",\"position\":1,\"name\":\"Home\",\"item\":\"https:\/\/aptus-holland.com\/de\/\"},{\"@type\":\"ListItem\",\"position\":2,\"name\":\"Das Aptus-Konzept\"}]},{\"@type\":\"WebSite\",\"@id\":\"https:\/\/aptus-holland.com\/de\/#website\",\"url\":\"https:\/\/aptus-holland.com\/de\/\",\"name\":\"Aptus Holland\",\"description\":\"Plant Tech\",\"publisher\":{\"@id\":\"https:\/\/aptus-holland.com\/de\/#organization\"},\"potentialAction\":[{\"@type\":\"SearchAction\",\"target\":{\"@type\":\"EntryPoint\",\"urlTemplate\":\"https:\/\/aptus-holland.com\/de\/?s={search_term_string}\"},\"query-input\":{\"@type\":\"PropertyValueSpecification\",\"valueRequired\":true,\"valueName\":\"search_term_string\"}}],\"inLanguage\":\"de\"},{\"@type\":\"Organization\",\"@id\":\"https:\/\/aptus-holland.com\/de\/#organization\",\"name\":\"Aptus Holland\",\"url\":\"https:\/\/aptus-holland.com\/de\/\",\"logo\":{\"@type\":\"ImageObject\",\"inLanguage\":\"de\",\"@id\":\"https:\/\/aptus-holland.com\/de\/#\/schema\/logo\/image\/\",\"url\":\"https:\/\/aptus-holland.com\/wp-content\/uploads\/2021\/07\/logo-aptus-holland.png\",\"contentUrl\":\"https:\/\/aptus-holland.com\/wp-content\/uploads\/2021\/07\/logo-aptus-holland.png\",\"width\":365,\"height\":200,\"caption\":\"Aptus Holland\"},\"image\":{\"@id\":\"https:\/\/aptus-holland.com\/de\/#\/schema\/logo\/image\/\"}}]}<\/script>\n<!-- \/ Yoast SEO plugin. -->","yoast_head_json":{"title":"Das Aptus-Konzept | Aptus Holland | Aptus Plant Tech","description":"Der Ansatz von Aptus besteht darin, einheitliche Qualit\u00e4tsprodukte und Schulungen bereitzustellen, die die Produktion und die Wachstumsf\u00e4higkeit der Landwirte verbessern.","robots":{"index":"index","follow":"follow","max-snippet":"max-snippet:-1","max-image-preview":"max-image-preview:large","max-video-preview":"max-video-preview:-1"},"canonical":"https:\/\/aptus-holland.com\/de\/das-aptus-konzept\/","og_locale":"de_DE","og_type":"article","og_title":"Das Aptus-Konzept | Aptus Holland | Aptus Plant Tech","og_description":"Der Ansatz von Aptus besteht darin, einheitliche Qualit\u00e4tsprodukte und Schulungen bereitzustellen, die die Produktion und die Wachstumsf\u00e4higkeit der Landwirte verbessern.","og_url":"https:\/\/aptus-holland.com\/de\/das-aptus-konzept\/","og_site_name":"Aptus Holland","article_modified_time":"2023-08-16T12:20:44+00:00","og_image":[{"url":"http:\/\/aptus-holland.com\/wp-content\/uploads\/2021\/07\/aptus-approach-aptus-holland.png","type":"","width":"","height":""}],"twitter_card":"summary_large_image","twitter_misc":{"Gesch\u00e4tzte Lesezeit":"1\u00a0Minute"},"schema":{"@context":"https:\/\/schema.org","@graph":[{"@type":"WebPage","@id":"https:\/\/aptus-holland.com\/de\/das-aptus-konzept\/","url":"https:\/\/aptus-holland.com\/de\/das-aptus-konzept\/","name":"Das Aptus-Konzept | Aptus Holland | Aptus Plant Tech","isPartOf":{"@id":"https:\/\/aptus-holland.com\/de\/#website"},"primaryImageOfPage":{"@id":"https:\/\/aptus-holland.com\/de\/das-aptus-konzept\/#primaryimage"},"image":{"@id":"https:\/\/aptus-holland.com\/de\/das-aptus-konzept\/#primaryimage"},"thumbnailUrl":"http:\/\/aptus-holland.com\/wp-content\/uploads\/2021\/07\/aptus-approach-aptus-holland.png","datePublished":"2021-07-23T14:22:22+00:00","dateModified":"2023-08-16T12:20:44+00:00","description":"Der Ansatz von Aptus besteht darin, einheitliche Qualit\u00e4tsprodukte und Schulungen bereitzustellen, die die Produktion und die Wachstumsf\u00e4higkeit der Landwirte verbessern.","breadcrumb":{"@id":"https:\/\/aptus-holland.com\/de\/das-aptus-konzept\/#breadcrumb"},"inLanguage":"de","potentialAction":[{"@type":"ReadAction","target":["https:\/\/aptus-holland.com\/de\/das-aptus-konzept\/"]}]},{"@type":"ImageObject","inLanguage":"de","@id":"https:\/\/aptus-holland.com\/de\/das-aptus-konzept\/#primaryimage","url":"http:\/\/aptus-holland.com\/wp-content\/uploads\/2021\/07\/aptus-approach-aptus-holland.png","contentUrl":"http:\/\/aptus-holland.com\/wp-content\/uploads\/2021\/07\/aptus-approach-aptus-holland.png"},{"@type":"BreadcrumbList","@id":"https:\/\/aptus-holland.com\/de\/das-aptus-konzept\/#breadcrumb","itemListElement":[{"@type":"ListItem","position":1,"name":"Home","item":"https:\/\/aptus-holland.com\/de\/"},{"@type":"ListItem","position":2,"name":"Das Aptus-Konzept"}]},{"@type":"WebSite","@id":"https:\/\/aptus-holland.com\/de\/#website","url":"https:\/\/aptus-holland.com\/de\/","name":"Aptus Holland","description":"Plant Tech","publisher":{"@id":"https:\/\/aptus-holland.com\/de\/#organization"},"potentialAction":[{"@type":"SearchAction","target":{"@type":"EntryPoint","urlTemplate":"https:\/\/aptus-holland.com\/de\/?s={search_term_string}"},"query-input":{"@type":"PropertyValueSpecification","valueRequired":true,"valueName":"search_term_string"}}],"inLanguage":"de"},{"@type":"Organization","@id":"https:\/\/aptus-holland.com\/de\/#organization","name":"Aptus Holland","url":"https:\/\/aptus-holland.com\/de\/","logo":{"@type":"ImageObject","inLanguage":"de","@id":"https:\/\/aptus-holland.com\/de\/#\/schema\/logo\/image\/","url":"https:\/\/aptus-holland.com\/wp-content\/uploads\/2021\/07\/logo-aptus-holland.png","contentUrl":"https:\/\/aptus-holland.com\/wp-content\/uploads\/2021\/07\/logo-aptus-holland.png","width":365,"height":200,"caption":"Aptus Holland"},"image":{"@id":"https:\/\/aptus-holland.com\/de\/#\/schema\/logo\/image\/"}}]}},"_links":{"self":[{"href":"https:\/\/aptus-holland.com\/de\/wp-json\/wp\/v2\/pages\/34126","targetHints":{"allow":["GET"]}}],"collection":[{"href":"https:\/\/aptus-holland.com\/de\/wp-json\/wp\/v2\/pages"}],"about":[{"href":"https:\/\/aptus-holland.com\/de\/wp-json\/wp\/v2\/types\/page"}],"author":[{"embeddable":true,"href":"https:\/\/aptus-holland.com\/de\/wp-json\/wp\/v2\/users\/2"}],"replies":[{"embeddable":true,"href":"https:\/\/aptus-holland.com\/de\/wp-json\/wp\/v2\/comments?post=34126"}],"version-history":[{"count":4,"href":"https:\/\/aptus-holland.com\/de\/wp-json\/wp\/v2\/pages\/34126\/revisions"}],"predecessor-version":[{"id":34130,"href":"https:\/\/aptus-holland.com\/de\/wp-json\/wp\/v2\/pages\/34126\/revisions\/34130"}],"wp:attachment":[{"href":"https:\/\/aptus-holland.com\/de\/wp-json\/wp\/v2\/media?parent=34126"}],"curies":[{"name":"wp","href":"https:\/\/api.w.org\/{rel}","templated":true}]}}