{"id":34121,"date":"2021-07-23T14:09:42","date_gmt":"2021-07-23T14:09:42","guid":{"rendered":"https:\/\/aptus-holland.com\/kwaliteit-en-concentratie\/"},"modified":"2023-08-16T12:17:29","modified_gmt":"2023-08-16T12:17:29","slug":"qualitat-und-konzentration","status":"publish","type":"page","link":"https:\/\/aptus-holland.com\/de\/qualitat-und-konzentration\/","title":{"rendered":"Qualit\u00e4t &#038; Konzentration"},"content":{"rendered":"\t\t<div data-elementor-type=\"wp-page\" data-elementor-id=\"34121\" class=\"elementor elementor-34121 elementor-5294\" data-elementor-settings=\"[]\">\n\t\t\t\t\t\t\t<div class=\"elementor-section-wrap\">\n\t\t\t\t\t\t\t<section class=\"elementor-section elementor-top-section elementor-element elementor-element-7f3cbd8 elementor-section-content-middle ot-traditional elementor-section-boxed elementor-section-height-default elementor-section-height-default\" data-id=\"7f3cbd8\" data-element_type=\"section\" data-settings=\"{&quot;background_background&quot;:&quot;classic&quot;}\">\n\t\t\t\t\t\t<div class=\"elementor-container elementor-column-gap-extended\">\n\t\t\t\t\t<div class=\"elementor-column elementor-col-50 elementor-top-column elementor-element elementor-element-9fc2569 ot-flex-column-vertical\" data-id=\"9fc2569\" data-element_type=\"column\">\n\t\t\t<div class=\"elementor-widget-wrap elementor-element-populated\">\n\t\t\t\t\t\t\t\t<div class=\"elementor-element elementor-element-925ee15 elementor-widget elementor-widget-iheading\" data-id=\"925ee15\" data-element_type=\"widget\" data-widget_type=\"iheading.default\">\n\t\t\t\t<div class=\"elementor-widget-container\">\n\t\t\t\t\t<div class=\"ot-heading\">\r\n\t        <h2 class=\"main-heading\">Qualit\u00e4t & Konzentration<\/h2>\t    <\/div>\r\n\t    \t\t<\/div>\n\t\t\t\t<\/div>\n\t\t\t\t<div class=\"elementor-element elementor-element-0f0c33b elementor-widget elementor-widget-text-editor\" data-id=\"0f0c33b\" data-element_type=\"widget\" data-widget_type=\"text-editor.default\">\n\t\t\t\t<div class=\"elementor-widget-container\">\n\t\t\t\t\t\t\t\t<p>Die Quelle und die Qualit\u00e4t der Inhaltsstoffe von D\u00fcngemitteln und Bio-Stimulanzien wird beim Ern\u00e4hrungsmanagement h\u00e4ufig vernachl\u00e4ssigt. N\u00e4hrstoffe mit der h\u00f6chsten Bioverf\u00fcgbarkeit entstehen, wenn organische oder organisch-mineralische Verbindungen mit einem Mindestma\u00df an \u00fcbersch\u00fcssigen Salzen und ohne Schwermetalle verwendet werden.<\/p><p>Die meisten N\u00e4hrstoffprodukte werden in viel Wasser gemischt und gel\u00f6st und mithilfe kosteng\u00fcnstiger synthetischer Chemikalien chelatiert. Auf diese Weise entstehen minderwertige N\u00e4hrstoffe, die nicht bioverf\u00fcgbar sind.<\/p><p>Die Pflanzen verschwenden dadurch Energie f\u00fcr die Umwandlung der N\u00e4hrstoffe, bevor sie \u00fcberhaupt verwertet werden k\u00f6nnen.<\/p><p>N\u00e4hrstoffe mit L-Aminos\u00e4uren zu chelatieren ist der nat\u00fcrlichste und effektivste Weg, eine schnelle und vollst\u00e4ndige Aufnahme in das Pflanzengewebe zu gew\u00e4hrleisten. Fast alle N\u00e4hrstoffprodukte von APTUS PLANT TECH sind mit L-Aminos\u00e4uren chelatiert und enthalten zu 100\u00a0% aktive Inhaltsstoffe.<\/p>\t\t\t\t\t\t<\/div>\n\t\t\t\t<\/div>\n\t\t\t\t\t<\/div>\n\t\t<\/div>\n\t\t\t\t<div class=\"elementor-column elementor-col-50 elementor-top-column elementor-element elementor-element-fea2944 ot-column-items-top ot-flex-column-vertical\" data-id=\"fea2944\" data-element_type=\"column\">\n\t\t\t<div class=\"elementor-widget-wrap elementor-element-populated\">\n\t\t\t\t\t\t\t\t<div class=\"elementor-element elementor-element-e6ac377 elementor-widget elementor-widget-image\" data-id=\"e6ac377\" data-element_type=\"widget\" data-widget_type=\"image.default\">\n\t\t\t\t<div class=\"elementor-widget-container\">\n\t\t\t\t\t\t\t\t\t\t\t\t\t\t\t<img loading=\"lazy\" decoding=\"async\" width=\"1024\" height=\"683\" src=\"https:\/\/aptus-holland.com\/wp-content\/uploads\/2021\/07\/aptus-holland-quality-concentration.jpeg\" class=\"attachment-large size-large\" alt=\"\" srcset=\"https:\/\/aptus-holland.com\/wp-content\/uploads\/2021\/07\/aptus-holland-quality-concentration.jpeg 1024w, https:\/\/aptus-holland.com\/wp-content\/uploads\/2021\/07\/aptus-holland-quality-concentration-300x200.jpeg 300w, https:\/\/aptus-holland.com\/wp-content\/uploads\/2021\/07\/aptus-holland-quality-concentration-768x512.jpeg 768w, https:\/\/aptus-holland.com\/wp-content\/uploads\/2021\/07\/aptus-holland-quality-concentration-720x480.jpeg 720w\" sizes=\"auto, (max-width: 1024px) 100vw, 1024px\" \/>\t\t\t\t\t\t\t\t\t\t\t\t\t\t\t<\/div>\n\t\t\t\t<\/div>\n\t\t\t\t\t<\/div>\n\t\t<\/div>\n\t\t\t\t\t\t\t<\/div>\n\t\t<\/section>\n\t\t\t\t\t\t<\/div>\n\t\t\t\t\t<\/div>\n\t\t","protected":false},"excerpt":{"rendered":"<p>Qualit\u00e4t &#038; Konzentration Die Quelle und die Qualit\u00e4t der Inhaltsstoffe von D\u00fcngemitteln und Bio-Stimulanzien wird beim Ern\u00e4hrungsmanagement h\u00e4ufig vernachl\u00e4ssigt. N\u00e4hrstoffe mit der h\u00f6chsten Bioverf\u00fcgbarkeit entstehen, wenn organische oder organisch-mineralische Verbindungen mit einem Mindestma\u00df an \u00fcbersch\u00fcssigen Salzen und ohne Schwermetalle verwendet werden. Die meisten N\u00e4hrstoffprodukte werden in viel Wasser gemischt und gel\u00f6st und mithilfe kosteng\u00fcnstiger synthetischer [&hellip;]<\/p>\n","protected":false},"author":2,"featured_media":0,"parent":0,"menu_order":0,"comment_status":"closed","ping_status":"closed","template":"","meta":{"_monsterinsights_skip_tracking":false,"_monsterinsights_sitenote_active":false,"_monsterinsights_sitenote_note":"","_monsterinsights_sitenote_category":0,"footnotes":""},"class_list":["post-34121","page","type-page","status-publish","hentry"],"yoast_head":"<!-- This site is optimized with the Yoast SEO plugin v27.0 - https:\/\/yoast.com\/product\/yoast-seo-wordpress\/ -->\n<title>Qualit\u00e4t &amp; Konzentration | Aptus Holland | True Plant Science<\/title>\n<meta name=\"description\" content=\"Qualit\u00e4t und Konzentration sind zwei sehr wichtige Aspekte echter Anlagentechnik. Lesen Sie hier mehr \u00fcber die Ern\u00e4hrungsprodukte von Aptus Plant Tech.\" \/>\n<meta name=\"robots\" content=\"index, follow, max-snippet:-1, max-image-preview:large, max-video-preview:-1\" \/>\n<link rel=\"canonical\" href=\"https:\/\/aptus-holland.com\/de\/qualitat-und-konzentration\/\" \/>\n<meta property=\"og:locale\" content=\"de_DE\" \/>\n<meta property=\"og:type\" content=\"article\" \/>\n<meta property=\"og:title\" content=\"Qualit\u00e4t &amp; Konzentration | Aptus Holland | True Plant Science\" \/>\n<meta property=\"og:description\" content=\"Qualit\u00e4t und Konzentration sind zwei sehr wichtige Aspekte echter Anlagentechnik. Lesen Sie hier mehr \u00fcber die Ern\u00e4hrungsprodukte von Aptus Plant Tech.\" \/>\n<meta property=\"og:url\" content=\"https:\/\/aptus-holland.com\/de\/qualitat-und-konzentration\/\" \/>\n<meta property=\"og:site_name\" content=\"Aptus Holland\" \/>\n<meta property=\"article:modified_time\" content=\"2023-08-16T12:17:29+00:00\" \/>\n<meta property=\"og:image\" content=\"http:\/\/aptus-holland.com\/wp-content\/uploads\/2021\/07\/aptus-holland-quality-concentration.jpeg\" \/>\n<meta name=\"twitter:card\" content=\"summary_large_image\" \/>\n<meta name=\"twitter:label1\" content=\"Gesch\u00e4tzte Lesezeit\" \/>\n\t<meta name=\"twitter:data1\" content=\"1\u00a0Minute\" \/>\n<script type=\"application\/ld+json\" class=\"yoast-schema-graph\">{\"@context\":\"https:\/\/schema.org\",\"@graph\":[{\"@type\":\"WebPage\",\"@id\":\"https:\/\/aptus-holland.com\/de\/qualitat-und-konzentration\/\",\"url\":\"https:\/\/aptus-holland.com\/de\/qualitat-und-konzentration\/\",\"name\":\"Qualit\u00e4t & Konzentration | Aptus Holland | True Plant Science\",\"isPartOf\":{\"@id\":\"https:\/\/aptus-holland.com\/de\/#website\"},\"primaryImageOfPage\":{\"@id\":\"https:\/\/aptus-holland.com\/de\/qualitat-und-konzentration\/#primaryimage\"},\"image\":{\"@id\":\"https:\/\/aptus-holland.com\/de\/qualitat-und-konzentration\/#primaryimage\"},\"thumbnailUrl\":\"http:\/\/aptus-holland.com\/wp-content\/uploads\/2021\/07\/aptus-holland-quality-concentration.jpeg\",\"datePublished\":\"2021-07-23T14:09:42+00:00\",\"dateModified\":\"2023-08-16T12:17:29+00:00\",\"description\":\"Qualit\u00e4t und Konzentration sind zwei sehr wichtige Aspekte echter Anlagentechnik. Lesen Sie hier mehr \u00fcber die Ern\u00e4hrungsprodukte von Aptus Plant Tech.\",\"breadcrumb\":{\"@id\":\"https:\/\/aptus-holland.com\/de\/qualitat-und-konzentration\/#breadcrumb\"},\"inLanguage\":\"de\",\"potentialAction\":[{\"@type\":\"ReadAction\",\"target\":[\"https:\/\/aptus-holland.com\/de\/qualitat-und-konzentration\/\"]}]},{\"@type\":\"ImageObject\",\"inLanguage\":\"de\",\"@id\":\"https:\/\/aptus-holland.com\/de\/qualitat-und-konzentration\/#primaryimage\",\"url\":\"http:\/\/aptus-holland.com\/wp-content\/uploads\/2021\/07\/aptus-holland-quality-concentration.jpeg\",\"contentUrl\":\"http:\/\/aptus-holland.com\/wp-content\/uploads\/2021\/07\/aptus-holland-quality-concentration.jpeg\"},{\"@type\":\"BreadcrumbList\",\"@id\":\"https:\/\/aptus-holland.com\/de\/qualitat-und-konzentration\/#breadcrumb\",\"itemListElement\":[{\"@type\":\"ListItem\",\"position\":1,\"name\":\"Home\",\"item\":\"https:\/\/aptus-holland.com\/de\/\"},{\"@type\":\"ListItem\",\"position\":2,\"name\":\"Qualit\u00e4t &#038; Konzentration\"}]},{\"@type\":\"WebSite\",\"@id\":\"https:\/\/aptus-holland.com\/de\/#website\",\"url\":\"https:\/\/aptus-holland.com\/de\/\",\"name\":\"Aptus Holland\",\"description\":\"Plant Tech\",\"publisher\":{\"@id\":\"https:\/\/aptus-holland.com\/de\/#organization\"},\"potentialAction\":[{\"@type\":\"SearchAction\",\"target\":{\"@type\":\"EntryPoint\",\"urlTemplate\":\"https:\/\/aptus-holland.com\/de\/?s={search_term_string}\"},\"query-input\":{\"@type\":\"PropertyValueSpecification\",\"valueRequired\":true,\"valueName\":\"search_term_string\"}}],\"inLanguage\":\"de\"},{\"@type\":\"Organization\",\"@id\":\"https:\/\/aptus-holland.com\/de\/#organization\",\"name\":\"Aptus Holland\",\"url\":\"https:\/\/aptus-holland.com\/de\/\",\"logo\":{\"@type\":\"ImageObject\",\"inLanguage\":\"de\",\"@id\":\"https:\/\/aptus-holland.com\/de\/#\/schema\/logo\/image\/\",\"url\":\"https:\/\/aptus-holland.com\/wp-content\/uploads\/2021\/07\/logo-aptus-holland.png\",\"contentUrl\":\"https:\/\/aptus-holland.com\/wp-content\/uploads\/2021\/07\/logo-aptus-holland.png\",\"width\":365,\"height\":200,\"caption\":\"Aptus Holland\"},\"image\":{\"@id\":\"https:\/\/aptus-holland.com\/de\/#\/schema\/logo\/image\/\"}}]}<\/script>\n<!-- \/ Yoast SEO plugin. -->","yoast_head_json":{"title":"Qualit\u00e4t & Konzentration | Aptus Holland | True Plant Science","description":"Qualit\u00e4t und Konzentration sind zwei sehr wichtige Aspekte echter Anlagentechnik. Lesen Sie hier mehr \u00fcber die Ern\u00e4hrungsprodukte von Aptus Plant Tech.","robots":{"index":"index","follow":"follow","max-snippet":"max-snippet:-1","max-image-preview":"max-image-preview:large","max-video-preview":"max-video-preview:-1"},"canonical":"https:\/\/aptus-holland.com\/de\/qualitat-und-konzentration\/","og_locale":"de_DE","og_type":"article","og_title":"Qualit\u00e4t & Konzentration | Aptus Holland | True Plant Science","og_description":"Qualit\u00e4t und Konzentration sind zwei sehr wichtige Aspekte echter Anlagentechnik. Lesen Sie hier mehr \u00fcber die Ern\u00e4hrungsprodukte von Aptus Plant Tech.","og_url":"https:\/\/aptus-holland.com\/de\/qualitat-und-konzentration\/","og_site_name":"Aptus Holland","article_modified_time":"2023-08-16T12:17:29+00:00","og_image":[{"url":"http:\/\/aptus-holland.com\/wp-content\/uploads\/2021\/07\/aptus-holland-quality-concentration.jpeg","type":"","width":"","height":""}],"twitter_card":"summary_large_image","twitter_misc":{"Gesch\u00e4tzte Lesezeit":"1\u00a0Minute"},"schema":{"@context":"https:\/\/schema.org","@graph":[{"@type":"WebPage","@id":"https:\/\/aptus-holland.com\/de\/qualitat-und-konzentration\/","url":"https:\/\/aptus-holland.com\/de\/qualitat-und-konzentration\/","name":"Qualit\u00e4t & Konzentration | Aptus Holland | True Plant Science","isPartOf":{"@id":"https:\/\/aptus-holland.com\/de\/#website"},"primaryImageOfPage":{"@id":"https:\/\/aptus-holland.com\/de\/qualitat-und-konzentration\/#primaryimage"},"image":{"@id":"https:\/\/aptus-holland.com\/de\/qualitat-und-konzentration\/#primaryimage"},"thumbnailUrl":"http:\/\/aptus-holland.com\/wp-content\/uploads\/2021\/07\/aptus-holland-quality-concentration.jpeg","datePublished":"2021-07-23T14:09:42+00:00","dateModified":"2023-08-16T12:17:29+00:00","description":"Qualit\u00e4t und Konzentration sind zwei sehr wichtige Aspekte echter Anlagentechnik. Lesen Sie hier mehr \u00fcber die Ern\u00e4hrungsprodukte von Aptus Plant Tech.","breadcrumb":{"@id":"https:\/\/aptus-holland.com\/de\/qualitat-und-konzentration\/#breadcrumb"},"inLanguage":"de","potentialAction":[{"@type":"ReadAction","target":["https:\/\/aptus-holland.com\/de\/qualitat-und-konzentration\/"]}]},{"@type":"ImageObject","inLanguage":"de","@id":"https:\/\/aptus-holland.com\/de\/qualitat-und-konzentration\/#primaryimage","url":"http:\/\/aptus-holland.com\/wp-content\/uploads\/2021\/07\/aptus-holland-quality-concentration.jpeg","contentUrl":"http:\/\/aptus-holland.com\/wp-content\/uploads\/2021\/07\/aptus-holland-quality-concentration.jpeg"},{"@type":"BreadcrumbList","@id":"https:\/\/aptus-holland.com\/de\/qualitat-und-konzentration\/#breadcrumb","itemListElement":[{"@type":"ListItem","position":1,"name":"Home","item":"https:\/\/aptus-holland.com\/de\/"},{"@type":"ListItem","position":2,"name":"Qualit\u00e4t &#038; Konzentration"}]},{"@type":"WebSite","@id":"https:\/\/aptus-holland.com\/de\/#website","url":"https:\/\/aptus-holland.com\/de\/","name":"Aptus Holland","description":"Plant Tech","publisher":{"@id":"https:\/\/aptus-holland.com\/de\/#organization"},"potentialAction":[{"@type":"SearchAction","target":{"@type":"EntryPoint","urlTemplate":"https:\/\/aptus-holland.com\/de\/?s={search_term_string}"},"query-input":{"@type":"PropertyValueSpecification","valueRequired":true,"valueName":"search_term_string"}}],"inLanguage":"de"},{"@type":"Organization","@id":"https:\/\/aptus-holland.com\/de\/#organization","name":"Aptus Holland","url":"https:\/\/aptus-holland.com\/de\/","logo":{"@type":"ImageObject","inLanguage":"de","@id":"https:\/\/aptus-holland.com\/de\/#\/schema\/logo\/image\/","url":"https:\/\/aptus-holland.com\/wp-content\/uploads\/2021\/07\/logo-aptus-holland.png","contentUrl":"https:\/\/aptus-holland.com\/wp-content\/uploads\/2021\/07\/logo-aptus-holland.png","width":365,"height":200,"caption":"Aptus Holland"},"image":{"@id":"https:\/\/aptus-holland.com\/de\/#\/schema\/logo\/image\/"}}]}},"_links":{"self":[{"href":"https:\/\/aptus-holland.com\/de\/wp-json\/wp\/v2\/pages\/34121","targetHints":{"allow":["GET"]}}],"collection":[{"href":"https:\/\/aptus-holland.com\/de\/wp-json\/wp\/v2\/pages"}],"about":[{"href":"https:\/\/aptus-holland.com\/de\/wp-json\/wp\/v2\/types\/page"}],"author":[{"embeddable":true,"href":"https:\/\/aptus-holland.com\/de\/wp-json\/wp\/v2\/users\/2"}],"replies":[{"embeddable":true,"href":"https:\/\/aptus-holland.com\/de\/wp-json\/wp\/v2\/comments?post=34121"}],"version-history":[{"count":4,"href":"https:\/\/aptus-holland.com\/de\/wp-json\/wp\/v2\/pages\/34121\/revisions"}],"predecessor-version":[{"id":34125,"href":"https:\/\/aptus-holland.com\/de\/wp-json\/wp\/v2\/pages\/34121\/revisions\/34125"}],"wp:attachment":[{"href":"https:\/\/aptus-holland.com\/de\/wp-json\/wp\/v2\/media?parent=34121"}],"curies":[{"name":"wp","href":"https:\/\/api.w.org\/{rel}","templated":true}]}}