{"id":34116,"date":"2021-07-23T14:01:48","date_gmt":"2021-07-23T14:01:48","guid":{"rendered":"https:\/\/aptus-holland.com\/kernwaarden-van-ons-merk\/"},"modified":"2023-08-16T12:12:43","modified_gmt":"2023-08-16T12:12:43","slug":"unsere-markensaeulen","status":"publish","type":"page","link":"https:\/\/aptus-holland.com\/de\/unsere-markensaeulen\/","title":{"rendered":"Unsere Markens\u00e4ulen"},"content":{"rendered":"\t\t<div data-elementor-type=\"wp-page\" data-elementor-id=\"34116\" class=\"elementor elementor-34116 elementor-5274\" data-elementor-settings=\"[]\">\n\t\t\t\t\t\t\t<div class=\"elementor-section-wrap\">\n\t\t\t\t\t\t\t<section class=\"elementor-section elementor-top-section elementor-element elementor-element-7f3cbd8 elementor-section-content-middle ot-traditional elementor-section-boxed elementor-section-height-default elementor-section-height-default\" data-id=\"7f3cbd8\" data-element_type=\"section\" data-settings=\"{&quot;background_background&quot;:&quot;classic&quot;}\">\n\t\t\t\t\t\t<div class=\"elementor-container elementor-column-gap-extended\">\n\t\t\t\t\t<div class=\"elementor-column elementor-col-100 elementor-top-column elementor-element elementor-element-9fc2569 ot-flex-column-vertical\" data-id=\"9fc2569\" data-element_type=\"column\">\n\t\t\t<div class=\"elementor-widget-wrap elementor-element-populated\">\n\t\t\t\t\t\t\t\t<div class=\"elementor-element elementor-element-925ee15 elementor-widget elementor-widget-iheading\" data-id=\"925ee15\" data-element_type=\"widget\" data-widget_type=\"iheading.default\">\n\t\t\t\t<div class=\"elementor-widget-container\">\n\t\t\t\t\t<div class=\"ot-heading\">\r\n\t        <h2 class=\"main-heading\">Markens\u00e4ulen von Aptus Holland<\/h2>\t    <\/div>\r\n\t    \t\t<\/div>\n\t\t\t\t<\/div>\n\t\t\t\t<div class=\"elementor-element elementor-element-0f0c33b elementor-widget elementor-widget-text-editor\" data-id=\"0f0c33b\" data-element_type=\"widget\" data-widget_type=\"text-editor.default\">\n\t\t\t\t<div class=\"elementor-widget-container\">\n\t\t\t\t\t\t\t\t<p>Bei allem, was wir tun, wollen wir \u00dcberdurchschnittliches leisten. Das gilt f\u00fcr die D\u00fcnger genau wie f\u00fcr den Kundenservice, unsere Au\u00dfenwirkung und unsere \u00dcberzeugungen.<br \/>Und das sind die S\u00e4ulen unserer Marke:<\/p>\t\t\t\t\t\t<\/div>\n\t\t\t\t<\/div>\n\t\t\t\t\t<\/div>\n\t\t<\/div>\n\t\t\t\t\t\t\t<\/div>\n\t\t<\/section>\n\t\t\t\t<section class=\"elementor-section elementor-top-section elementor-element elementor-element-cb4074c ot-traditional elementor-section-boxed elementor-section-height-default elementor-section-height-default\" data-id=\"cb4074c\" data-element_type=\"section\">\n\t\t\t\t\t\t<div class=\"elementor-container elementor-column-gap-extended\">\n\t\t\t\t\t<div class=\"elementor-column elementor-col-33 elementor-top-column elementor-element elementor-element-ccf0919 ot-flex-column-vertical\" data-id=\"ccf0919\" data-element_type=\"column\">\n\t\t\t<div class=\"elementor-widget-wrap elementor-element-populated\">\n\t\t\t\t\t\t\t\t<div class=\"elementor-element elementor-element-2af5947 elementor-widget elementor-widget-text-editor\" data-id=\"2af5947\" data-element_type=\"widget\" data-widget_type=\"text-editor.default\">\n\t\t\t\t<div class=\"elementor-widget-container\">\n\t\t\t\t\t\t\t\t<p><strong>Schulung<\/strong> \u2013 Alles was wir tun, beginnt mit einer soliden Schulung. Wir konzentrieren uns auf echte Erkenntnisse und die Vorteile einer vollst\u00e4ndigen Aussch\u00f6pfung des genetischen Potenzials von Pflanzen durch nat\u00fcrliche und wissenschaftsbasierte Technologien. Unser gr\u00f6\u00dfter Wunsch ist es, eine Gemeinschaft von Erzeugern aufzubauen, die verstehen, warum sie h\u00f6here Ertr\u00e4ge mit h\u00f6herer Qualit\u00e4t und besserem N\u00e4hrwert erzielen.<\/p>\t\t\t\t\t\t<\/div>\n\t\t\t\t<\/div>\n\t\t\t\t\t<\/div>\n\t\t<\/div>\n\t\t\t\t<div class=\"elementor-column elementor-col-33 elementor-top-column elementor-element elementor-element-ce67559 ot-flex-column-vertical\" data-id=\"ce67559\" data-element_type=\"column\">\n\t\t\t<div class=\"elementor-widget-wrap elementor-element-populated\">\n\t\t\t\t\t\t\t\t<div class=\"elementor-element elementor-element-7ecd464 elementor-widget elementor-widget-text-editor\" data-id=\"7ecd464\" data-element_type=\"widget\" data-widget_type=\"text-editor.default\">\n\t\t\t\t<div class=\"elementor-widget-container\">\n\t\t\t\t\t\t\t\t<p><strong>Qualit\u00e4t<\/strong> \u2013 Wir \u00fcberwachen kontinuierlich die Qualit\u00e4t unserer Inhaltsstoffe und Vertriebskan\u00e4le und die Qualifikation unserer Besch\u00e4ftigten. Mit Aptus-Produkten k\u00f6nnen Erzeuger sich darauf verlassen, dass ihre Pflanzen keine synthetischen oder sch\u00e4dlichen Substanzen erhalten \u2013 nur nat\u00fcrliche Nahrung. S\u00e4mtliche Inhaltsstoffe haben die h\u00f6chste und reinste Qualit\u00e4t.<\/p><p>Hergestellt und weiterverarbeitet werden sie in einer nach ISO 9001:2015 zertifizierten Umgebung.<\/p>\t\t\t\t\t\t<\/div>\n\t\t\t\t<\/div>\n\t\t\t\t\t<\/div>\n\t\t<\/div>\n\t\t\t\t<div class=\"elementor-column elementor-col-33 elementor-top-column elementor-element elementor-element-01a7900 ot-flex-column-vertical\" data-id=\"01a7900\" data-element_type=\"column\">\n\t\t\t<div class=\"elementor-widget-wrap elementor-element-populated\">\n\t\t\t\t\t\t\t\t<div class=\"elementor-element elementor-element-b32117a elementor-widget elementor-widget-text-editor\" data-id=\"b32117a\" data-element_type=\"widget\" data-widget_type=\"text-editor.default\">\n\t\t\t\t<div class=\"elementor-widget-container\">\n\t\t\t\t\t\t\t\t<p><strong>Mehrwert<\/strong> \u2013 Dank der hohen Konzentrationen unserer N\u00e4hrstoffformeln bleiben die Betriebskosten niedrig und die Abfallmenge gering.<\/p>\t\t\t\t\t\t<\/div>\n\t\t\t\t<\/div>\n\t\t\t\t\t<\/div>\n\t\t<\/div>\n\t\t\t\t\t\t\t<\/div>\n\t\t<\/section>\n\t\t\t\t<section class=\"elementor-section elementor-top-section elementor-element elementor-element-d0ab106 ot-traditional elementor-section-boxed elementor-section-height-default elementor-section-height-default\" data-id=\"d0ab106\" data-element_type=\"section\">\n\t\t\t\t\t\t<div class=\"elementor-container elementor-column-gap-extended\">\n\t\t\t\t\t<div class=\"elementor-column elementor-col-100 elementor-top-column elementor-element elementor-element-be3a76d ot-flex-column-vertical\" data-id=\"be3a76d\" data-element_type=\"column\">\n\t\t\t<div class=\"elementor-widget-wrap elementor-element-populated\">\n\t\t\t\t\t\t\t\t<div class=\"elementor-element elementor-element-59da2f1 elementor-widget elementor-widget-text-editor\" data-id=\"59da2f1\" data-element_type=\"widget\" data-widget_type=\"text-editor.default\">\n\t\t\t\t<div class=\"elementor-widget-container\">\n\t\t\t\t\t\t\t\t<p>In der Regel erzielen die Erzeuger eine bessere Qualit\u00e4t und h\u00f6here Ertr\u00e4ge bei erheblich geringeren Kosten.<\/p>\t\t\t\t\t\t<\/div>\n\t\t\t\t<\/div>\n\t\t\t\t\t<\/div>\n\t\t<\/div>\n\t\t\t\t\t\t\t<\/div>\n\t\t<\/section>\n\t\t\t\t\t\t<\/div>\n\t\t\t\t\t<\/div>\n\t\t","protected":false},"excerpt":{"rendered":"<p>Markens\u00e4ulen von Aptus Holland Bei allem, was wir tun, wollen wir \u00dcberdurchschnittliches leisten. Das gilt f\u00fcr die D\u00fcnger genau wie f\u00fcr den Kundenservice, unsere Au\u00dfenwirkung und unsere \u00dcberzeugungen.Und das sind die S\u00e4ulen unserer Marke: Schulung \u2013 Alles was wir tun, beginnt mit einer soliden Schulung. Wir konzentrieren uns auf echte Erkenntnisse und die Vorteile einer [&hellip;]<\/p>\n","protected":false},"author":2,"featured_media":0,"parent":0,"menu_order":0,"comment_status":"closed","ping_status":"closed","template":"","meta":{"_monsterinsights_skip_tracking":false,"_monsterinsights_sitenote_active":false,"_monsterinsights_sitenote_note":"","_monsterinsights_sitenote_category":0,"footnotes":""},"class_list":["post-34116","page","type-page","status-publish","hentry"],"yoast_head":"<!-- This site is optimized with the Yoast SEO plugin v27.0 - https:\/\/yoast.com\/product\/yoast-seo-wordpress\/ -->\n<title>Unsere Markens\u00e4ulen | Aptus Holland | Aptus Plant Tech<\/title>\n<meta name=\"description\" content=\"Wir streben bei allem, was wir tun, nach Exzellenz. Deshalb haben wir drei charakteristische S\u00e4ulen. Lesen Sie hier mehr \u00fcber die S\u00e4ulen von Aptus Holland.\" \/>\n<meta name=\"robots\" content=\"index, follow, max-snippet:-1, max-image-preview:large, max-video-preview:-1\" \/>\n<link rel=\"canonical\" href=\"https:\/\/aptus-holland.com\/de\/unsere-markensaeulen\/\" \/>\n<meta property=\"og:locale\" content=\"de_DE\" \/>\n<meta property=\"og:type\" content=\"article\" \/>\n<meta property=\"og:title\" content=\"Unsere Markens\u00e4ulen | Aptus Holland | Aptus Plant Tech\" \/>\n<meta property=\"og:description\" content=\"Wir streben bei allem, was wir tun, nach Exzellenz. Deshalb haben wir drei charakteristische S\u00e4ulen. Lesen Sie hier mehr \u00fcber die S\u00e4ulen von Aptus Holland.\" \/>\n<meta property=\"og:url\" content=\"https:\/\/aptus-holland.com\/de\/unsere-markensaeulen\/\" \/>\n<meta property=\"og:site_name\" content=\"Aptus Holland\" \/>\n<meta property=\"article:modified_time\" content=\"2023-08-16T12:12:43+00:00\" \/>\n<meta name=\"twitter:card\" content=\"summary_large_image\" \/>\n<meta name=\"twitter:label1\" content=\"Gesch\u00e4tzte Lesezeit\" \/>\n\t<meta name=\"twitter:data1\" content=\"1\u00a0Minute\" \/>\n<script type=\"application\/ld+json\" class=\"yoast-schema-graph\">{\"@context\":\"https:\/\/schema.org\",\"@graph\":[{\"@type\":\"WebPage\",\"@id\":\"https:\/\/aptus-holland.com\/de\/unsere-markensaeulen\/\",\"url\":\"https:\/\/aptus-holland.com\/de\/unsere-markensaeulen\/\",\"name\":\"Unsere Markens\u00e4ulen | Aptus Holland | Aptus Plant Tech\",\"isPartOf\":{\"@id\":\"https:\/\/aptus-holland.com\/de\/#website\"},\"datePublished\":\"2021-07-23T14:01:48+00:00\",\"dateModified\":\"2023-08-16T12:12:43+00:00\",\"description\":\"Wir streben bei allem, was wir tun, nach Exzellenz. Deshalb haben wir drei charakteristische S\u00e4ulen. Lesen Sie hier mehr \u00fcber die S\u00e4ulen von Aptus Holland.\",\"breadcrumb\":{\"@id\":\"https:\/\/aptus-holland.com\/de\/unsere-markensaeulen\/#breadcrumb\"},\"inLanguage\":\"de\",\"potentialAction\":[{\"@type\":\"ReadAction\",\"target\":[\"https:\/\/aptus-holland.com\/de\/unsere-markensaeulen\/\"]}]},{\"@type\":\"BreadcrumbList\",\"@id\":\"https:\/\/aptus-holland.com\/de\/unsere-markensaeulen\/#breadcrumb\",\"itemListElement\":[{\"@type\":\"ListItem\",\"position\":1,\"name\":\"Home\",\"item\":\"https:\/\/aptus-holland.com\/de\/\"},{\"@type\":\"ListItem\",\"position\":2,\"name\":\"Unsere Markens\u00e4ulen\"}]},{\"@type\":\"WebSite\",\"@id\":\"https:\/\/aptus-holland.com\/de\/#website\",\"url\":\"https:\/\/aptus-holland.com\/de\/\",\"name\":\"Aptus Holland\",\"description\":\"Plant Tech\",\"publisher\":{\"@id\":\"https:\/\/aptus-holland.com\/de\/#organization\"},\"potentialAction\":[{\"@type\":\"SearchAction\",\"target\":{\"@type\":\"EntryPoint\",\"urlTemplate\":\"https:\/\/aptus-holland.com\/de\/?s={search_term_string}\"},\"query-input\":{\"@type\":\"PropertyValueSpecification\",\"valueRequired\":true,\"valueName\":\"search_term_string\"}}],\"inLanguage\":\"de\"},{\"@type\":\"Organization\",\"@id\":\"https:\/\/aptus-holland.com\/de\/#organization\",\"name\":\"Aptus Holland\",\"url\":\"https:\/\/aptus-holland.com\/de\/\",\"logo\":{\"@type\":\"ImageObject\",\"inLanguage\":\"de\",\"@id\":\"https:\/\/aptus-holland.com\/de\/#\/schema\/logo\/image\/\",\"url\":\"https:\/\/aptus-holland.com\/wp-content\/uploads\/2021\/07\/logo-aptus-holland.png\",\"contentUrl\":\"https:\/\/aptus-holland.com\/wp-content\/uploads\/2021\/07\/logo-aptus-holland.png\",\"width\":365,\"height\":200,\"caption\":\"Aptus Holland\"},\"image\":{\"@id\":\"https:\/\/aptus-holland.com\/de\/#\/schema\/logo\/image\/\"}}]}<\/script>\n<!-- \/ Yoast SEO plugin. -->","yoast_head_json":{"title":"Unsere Markens\u00e4ulen | Aptus Holland | Aptus Plant Tech","description":"Wir streben bei allem, was wir tun, nach Exzellenz. Deshalb haben wir drei charakteristische S\u00e4ulen. Lesen Sie hier mehr \u00fcber die S\u00e4ulen von Aptus Holland.","robots":{"index":"index","follow":"follow","max-snippet":"max-snippet:-1","max-image-preview":"max-image-preview:large","max-video-preview":"max-video-preview:-1"},"canonical":"https:\/\/aptus-holland.com\/de\/unsere-markensaeulen\/","og_locale":"de_DE","og_type":"article","og_title":"Unsere Markens\u00e4ulen | Aptus Holland | Aptus Plant Tech","og_description":"Wir streben bei allem, was wir tun, nach Exzellenz. Deshalb haben wir drei charakteristische S\u00e4ulen. Lesen Sie hier mehr \u00fcber die S\u00e4ulen von Aptus Holland.","og_url":"https:\/\/aptus-holland.com\/de\/unsere-markensaeulen\/","og_site_name":"Aptus Holland","article_modified_time":"2023-08-16T12:12:43+00:00","twitter_card":"summary_large_image","twitter_misc":{"Gesch\u00e4tzte Lesezeit":"1\u00a0Minute"},"schema":{"@context":"https:\/\/schema.org","@graph":[{"@type":"WebPage","@id":"https:\/\/aptus-holland.com\/de\/unsere-markensaeulen\/","url":"https:\/\/aptus-holland.com\/de\/unsere-markensaeulen\/","name":"Unsere Markens\u00e4ulen | Aptus Holland | Aptus Plant Tech","isPartOf":{"@id":"https:\/\/aptus-holland.com\/de\/#website"},"datePublished":"2021-07-23T14:01:48+00:00","dateModified":"2023-08-16T12:12:43+00:00","description":"Wir streben bei allem, was wir tun, nach Exzellenz. Deshalb haben wir drei charakteristische S\u00e4ulen. Lesen Sie hier mehr \u00fcber die S\u00e4ulen von Aptus Holland.","breadcrumb":{"@id":"https:\/\/aptus-holland.com\/de\/unsere-markensaeulen\/#breadcrumb"},"inLanguage":"de","potentialAction":[{"@type":"ReadAction","target":["https:\/\/aptus-holland.com\/de\/unsere-markensaeulen\/"]}]},{"@type":"BreadcrumbList","@id":"https:\/\/aptus-holland.com\/de\/unsere-markensaeulen\/#breadcrumb","itemListElement":[{"@type":"ListItem","position":1,"name":"Home","item":"https:\/\/aptus-holland.com\/de\/"},{"@type":"ListItem","position":2,"name":"Unsere Markens\u00e4ulen"}]},{"@type":"WebSite","@id":"https:\/\/aptus-holland.com\/de\/#website","url":"https:\/\/aptus-holland.com\/de\/","name":"Aptus Holland","description":"Plant Tech","publisher":{"@id":"https:\/\/aptus-holland.com\/de\/#organization"},"potentialAction":[{"@type":"SearchAction","target":{"@type":"EntryPoint","urlTemplate":"https:\/\/aptus-holland.com\/de\/?s={search_term_string}"},"query-input":{"@type":"PropertyValueSpecification","valueRequired":true,"valueName":"search_term_string"}}],"inLanguage":"de"},{"@type":"Organization","@id":"https:\/\/aptus-holland.com\/de\/#organization","name":"Aptus Holland","url":"https:\/\/aptus-holland.com\/de\/","logo":{"@type":"ImageObject","inLanguage":"de","@id":"https:\/\/aptus-holland.com\/de\/#\/schema\/logo\/image\/","url":"https:\/\/aptus-holland.com\/wp-content\/uploads\/2021\/07\/logo-aptus-holland.png","contentUrl":"https:\/\/aptus-holland.com\/wp-content\/uploads\/2021\/07\/logo-aptus-holland.png","width":365,"height":200,"caption":"Aptus Holland"},"image":{"@id":"https:\/\/aptus-holland.com\/de\/#\/schema\/logo\/image\/"}}]}},"_links":{"self":[{"href":"https:\/\/aptus-holland.com\/de\/wp-json\/wp\/v2\/pages\/34116","targetHints":{"allow":["GET"]}}],"collection":[{"href":"https:\/\/aptus-holland.com\/de\/wp-json\/wp\/v2\/pages"}],"about":[{"href":"https:\/\/aptus-holland.com\/de\/wp-json\/wp\/v2\/types\/page"}],"author":[{"embeddable":true,"href":"https:\/\/aptus-holland.com\/de\/wp-json\/wp\/v2\/users\/2"}],"replies":[{"embeddable":true,"href":"https:\/\/aptus-holland.com\/de\/wp-json\/wp\/v2\/comments?post=34116"}],"version-history":[{"count":4,"href":"https:\/\/aptus-holland.com\/de\/wp-json\/wp\/v2\/pages\/34116\/revisions"}],"predecessor-version":[{"id":34120,"href":"https:\/\/aptus-holland.com\/de\/wp-json\/wp\/v2\/pages\/34116\/revisions\/34120"}],"wp:attachment":[{"href":"https:\/\/aptus-holland.com\/de\/wp-json\/wp\/v2\/media?parent=34116"}],"curies":[{"name":"wp","href":"https:\/\/api.w.org\/{rel}","templated":true}]}}