{"id":34102,"date":"2020-01-09T04:10:53","date_gmt":"2020-01-09T04:10:53","guid":{"rendered":"https:\/\/aptus-holland.com\/geschiedenis\/"},"modified":"2023-08-16T12:00:19","modified_gmt":"2023-08-16T12:00:19","slug":"geschichte","status":"publish","type":"page","link":"https:\/\/aptus-holland.com\/de\/geschichte\/","title":{"rendered":"Geschichte"},"content":{"rendered":"\t\t<div data-elementor-type=\"wp-page\" data-elementor-id=\"34102\" class=\"elementor elementor-34102 elementor-1579\" data-elementor-settings=\"[]\">\n\t\t\t\t\t\t\t<div class=\"elementor-section-wrap\">\n\t\t\t\t\t\t\t<section class=\"elementor-section elementor-top-section elementor-element elementor-element-7f3cbd8 elementor-section-content-middle ot-traditional elementor-section-boxed elementor-section-height-default elementor-section-height-default\" data-id=\"7f3cbd8\" data-element_type=\"section\" data-settings=\"{&quot;background_background&quot;:&quot;classic&quot;}\">\n\t\t\t\t\t\t<div class=\"elementor-container elementor-column-gap-extended\">\n\t\t\t\t\t<div class=\"elementor-column elementor-col-50 elementor-top-column elementor-element elementor-element-9fc2569 ot-flex-column-vertical\" data-id=\"9fc2569\" data-element_type=\"column\">\n\t\t\t<div class=\"elementor-widget-wrap elementor-element-populated\">\n\t\t\t\t\t\t\t\t<div class=\"elementor-element elementor-element-925ee15 elementor-widget elementor-widget-iheading\" data-id=\"925ee15\" data-element_type=\"widget\" data-widget_type=\"iheading.default\">\n\t\t\t\t<div class=\"elementor-widget-container\">\n\t\t\t\t\t<div class=\"ot-heading\">\r\n\t        <h2 class=\"main-heading\">Unsere Geschichte<\/h2>\t    <\/div>\r\n\t    \t\t<\/div>\n\t\t\t\t<\/div>\n\t\t\t\t<div class=\"elementor-element elementor-element-0f0c33b elementor-widget elementor-widget-text-editor\" data-id=\"0f0c33b\" data-element_type=\"widget\" data-widget_type=\"text-editor.default\">\n\t\t\t\t<div class=\"elementor-widget-container\">\n\t\t\t\t\t\t\t\t<p>Mit der Erforschung der essenziellen Bausteine des Lebens im Boden und in den Pflanzen wurde in den 1990-er Jahren der Grundstein f\u00fcr APTUS PLANT TECH gelegt. Anhand des Wissens und der Erfahrung aus dem gewerblichen Unterglasgartenbau und der Agrarwirtschaft entwickelte APTUS PLANT TECH Produkte mit herausragender Qualit\u00e4t und erstklassigem Mehrwert.<br \/>Heute ist APTUS PLANT TECH in den Niederlanden einer der f\u00fchrenden Anbieter von Hydroponik-D\u00fcngern und w\u00e4chst auch europaweit schnell. Auf der Grundlage dieses Erfolgs weitet APTUS PLANT TECH seine Aktivit\u00e4ten auf Nordamerika, Australien und den Rest der Welt aus.<\/p>\t\t\t\t\t\t<\/div>\n\t\t\t\t<\/div>\n\t\t\t\t\t<\/div>\n\t\t<\/div>\n\t\t\t\t<div class=\"elementor-column elementor-col-50 elementor-top-column elementor-element elementor-element-7564da8 ot-column-items-top ot-flex-column-vertical\" data-id=\"7564da8\" data-element_type=\"column\">\n\t\t\t<div class=\"elementor-widget-wrap elementor-element-populated\">\n\t\t\t\t\t\t\t\t<div class=\"elementor-element elementor-element-34c8842 elementor-widget elementor-widget-image\" data-id=\"34c8842\" data-element_type=\"widget\" data-widget_type=\"image.default\">\n\t\t\t\t<div class=\"elementor-widget-container\">\n\t\t\t\t\t\t\t\t\t\t\t\t\t\t\t<img loading=\"lazy\" decoding=\"async\" width=\"1000\" height=\"617\" src=\"https:\/\/aptus-holland.com\/wp-content\/uploads\/2021\/07\/historie-aptus-holland.jpeg\" class=\"attachment-large size-large\" alt=\"\" srcset=\"https:\/\/aptus-holland.com\/wp-content\/uploads\/2021\/07\/historie-aptus-holland.jpeg 1000w, https:\/\/aptus-holland.com\/wp-content\/uploads\/2021\/07\/historie-aptus-holland-300x185.jpeg 300w, https:\/\/aptus-holland.com\/wp-content\/uploads\/2021\/07\/historie-aptus-holland-768x474.jpeg 768w, https:\/\/aptus-holland.com\/wp-content\/uploads\/2021\/07\/historie-aptus-holland-720x444.jpeg 720w\" sizes=\"auto, (max-width: 1000px) 100vw, 1000px\" \/>\t\t\t\t\t\t\t\t\t\t\t\t\t\t\t<\/div>\n\t\t\t\t<\/div>\n\t\t\t\t<div class=\"elementor-element elementor-element-68bb78b elementor-widget elementor-widget-text-editor\" data-id=\"68bb78b\" data-element_type=\"widget\" data-widget_type=\"text-editor.default\">\n\t\t\t\t<div class=\"elementor-widget-container\">\n\t\t\t\t\t\t\t\t<p><strong>DIE BASIS VON APTUS PLANT TECH SIND ECHTE PFLANZENWISSENSCHAFT, SCHULUNG UND ERGEBNISSE, DIE F\u00dcR SICH SPRECHEN.<\/strong><\/p>\t\t\t\t\t\t<\/div>\n\t\t\t\t<\/div>\n\t\t\t\t\t<\/div>\n\t\t<\/div>\n\t\t\t\t\t\t\t<\/div>\n\t\t<\/section>\n\t\t\t\t\t\t<\/div>\n\t\t\t\t\t<\/div>\n\t\t","protected":false},"excerpt":{"rendered":"<p>Unsere Geschichte Mit der Erforschung der essenziellen Bausteine des Lebens im Boden und in den Pflanzen wurde in den 1990-er Jahren der Grundstein f\u00fcr APTUS PLANT TECH gelegt. Anhand des Wissens und der Erfahrung aus dem gewerblichen Unterglasgartenbau und der Agrarwirtschaft entwickelte APTUS PLANT TECH Produkte mit herausragender Qualit\u00e4t und erstklassigem Mehrwert.Heute ist APTUS PLANT [&hellip;]<\/p>\n","protected":false},"author":1,"featured_media":0,"parent":0,"menu_order":0,"comment_status":"closed","ping_status":"closed","template":"","meta":{"_monsterinsights_skip_tracking":false,"_monsterinsights_sitenote_active":false,"_monsterinsights_sitenote_note":"","_monsterinsights_sitenote_category":0,"footnotes":""},"class_list":["post-34102","page","type-page","status-publish","hentry"],"yoast_head":"<!-- This site is optimized with the Yoast SEO plugin v27.0 - https:\/\/yoast.com\/product\/yoast-seo-wordpress\/ -->\n<title>Unsere Geschichte | Aptus Holland | Aptus Plant Tech<\/title>\n<meta name=\"description\" content=\"M\u00f6chten Sie mehr \u00fcber Aptus Holland \u2013 Aptus Plant Tech erfahren? Lesen Sie hier mehr \u00fcber unsere Geschichte, die in den 1990er Jahren beginnt.\" \/>\n<meta name=\"robots\" content=\"index, follow, max-snippet:-1, max-image-preview:large, max-video-preview:-1\" \/>\n<link rel=\"canonical\" href=\"https:\/\/aptus-holland.com\/de\/geschichte\/\" \/>\n<meta property=\"og:locale\" content=\"de_DE\" \/>\n<meta property=\"og:type\" content=\"article\" \/>\n<meta property=\"og:title\" content=\"Unsere Geschichte | Aptus Holland | Aptus Plant Tech\" \/>\n<meta property=\"og:description\" content=\"M\u00f6chten Sie mehr \u00fcber Aptus Holland \u2013 Aptus Plant Tech erfahren? Lesen Sie hier mehr \u00fcber unsere Geschichte, die in den 1990er Jahren beginnt.\" \/>\n<meta property=\"og:url\" content=\"https:\/\/aptus-holland.com\/de\/geschichte\/\" \/>\n<meta property=\"og:site_name\" content=\"Aptus Holland\" \/>\n<meta property=\"article:modified_time\" content=\"2023-08-16T12:00:19+00:00\" \/>\n<meta property=\"og:image\" content=\"http:\/\/aptus-holland.com\/wp-content\/uploads\/2021\/07\/historie-aptus-holland.jpeg\" \/>\n<meta name=\"twitter:card\" content=\"summary_large_image\" \/>\n<meta name=\"twitter:label1\" content=\"Gesch\u00e4tzte Lesezeit\" \/>\n\t<meta name=\"twitter:data1\" content=\"1\u00a0Minute\" \/>\n<script type=\"application\/ld+json\" class=\"yoast-schema-graph\">{\"@context\":\"https:\/\/schema.org\",\"@graph\":[{\"@type\":\"WebPage\",\"@id\":\"https:\/\/aptus-holland.com\/de\/geschichte\/\",\"url\":\"https:\/\/aptus-holland.com\/de\/geschichte\/\",\"name\":\"Unsere Geschichte | Aptus Holland | Aptus Plant Tech\",\"isPartOf\":{\"@id\":\"https:\/\/aptus-holland.com\/de\/#website\"},\"primaryImageOfPage\":{\"@id\":\"https:\/\/aptus-holland.com\/de\/geschichte\/#primaryimage\"},\"image\":{\"@id\":\"https:\/\/aptus-holland.com\/de\/geschichte\/#primaryimage\"},\"thumbnailUrl\":\"http:\/\/aptus-holland.com\/wp-content\/uploads\/2021\/07\/historie-aptus-holland.jpeg\",\"datePublished\":\"2020-01-09T04:10:53+00:00\",\"dateModified\":\"2023-08-16T12:00:19+00:00\",\"description\":\"M\u00f6chten Sie mehr \u00fcber Aptus Holland \u2013 Aptus Plant Tech erfahren? Lesen Sie hier mehr \u00fcber unsere Geschichte, die in den 1990er Jahren beginnt.\",\"breadcrumb\":{\"@id\":\"https:\/\/aptus-holland.com\/de\/geschichte\/#breadcrumb\"},\"inLanguage\":\"de\",\"potentialAction\":[{\"@type\":\"ReadAction\",\"target\":[\"https:\/\/aptus-holland.com\/de\/geschichte\/\"]}]},{\"@type\":\"ImageObject\",\"inLanguage\":\"de\",\"@id\":\"https:\/\/aptus-holland.com\/de\/geschichte\/#primaryimage\",\"url\":\"http:\/\/aptus-holland.com\/wp-content\/uploads\/2021\/07\/historie-aptus-holland.jpeg\",\"contentUrl\":\"http:\/\/aptus-holland.com\/wp-content\/uploads\/2021\/07\/historie-aptus-holland.jpeg\"},{\"@type\":\"BreadcrumbList\",\"@id\":\"https:\/\/aptus-holland.com\/de\/geschichte\/#breadcrumb\",\"itemListElement\":[{\"@type\":\"ListItem\",\"position\":1,\"name\":\"Home\",\"item\":\"https:\/\/aptus-holland.com\/de\/\"},{\"@type\":\"ListItem\",\"position\":2,\"name\":\"Geschichte\"}]},{\"@type\":\"WebSite\",\"@id\":\"https:\/\/aptus-holland.com\/de\/#website\",\"url\":\"https:\/\/aptus-holland.com\/de\/\",\"name\":\"Aptus Holland\",\"description\":\"Plant Tech\",\"publisher\":{\"@id\":\"https:\/\/aptus-holland.com\/de\/#organization\"},\"potentialAction\":[{\"@type\":\"SearchAction\",\"target\":{\"@type\":\"EntryPoint\",\"urlTemplate\":\"https:\/\/aptus-holland.com\/de\/?s={search_term_string}\"},\"query-input\":{\"@type\":\"PropertyValueSpecification\",\"valueRequired\":true,\"valueName\":\"search_term_string\"}}],\"inLanguage\":\"de\"},{\"@type\":\"Organization\",\"@id\":\"https:\/\/aptus-holland.com\/de\/#organization\",\"name\":\"Aptus Holland\",\"url\":\"https:\/\/aptus-holland.com\/de\/\",\"logo\":{\"@type\":\"ImageObject\",\"inLanguage\":\"de\",\"@id\":\"https:\/\/aptus-holland.com\/de\/#\/schema\/logo\/image\/\",\"url\":\"https:\/\/aptus-holland.com\/wp-content\/uploads\/2021\/07\/logo-aptus-holland.png\",\"contentUrl\":\"https:\/\/aptus-holland.com\/wp-content\/uploads\/2021\/07\/logo-aptus-holland.png\",\"width\":365,\"height\":200,\"caption\":\"Aptus Holland\"},\"image\":{\"@id\":\"https:\/\/aptus-holland.com\/de\/#\/schema\/logo\/image\/\"}}]}<\/script>\n<!-- \/ Yoast SEO plugin. -->","yoast_head_json":{"title":"Unsere Geschichte | Aptus Holland | Aptus Plant Tech","description":"M\u00f6chten Sie mehr \u00fcber Aptus Holland \u2013 Aptus Plant Tech erfahren? Lesen Sie hier mehr \u00fcber unsere Geschichte, die in den 1990er Jahren beginnt.","robots":{"index":"index","follow":"follow","max-snippet":"max-snippet:-1","max-image-preview":"max-image-preview:large","max-video-preview":"max-video-preview:-1"},"canonical":"https:\/\/aptus-holland.com\/de\/geschichte\/","og_locale":"de_DE","og_type":"article","og_title":"Unsere Geschichte | Aptus Holland | Aptus Plant Tech","og_description":"M\u00f6chten Sie mehr \u00fcber Aptus Holland \u2013 Aptus Plant Tech erfahren? Lesen Sie hier mehr \u00fcber unsere Geschichte, die in den 1990er Jahren beginnt.","og_url":"https:\/\/aptus-holland.com\/de\/geschichte\/","og_site_name":"Aptus Holland","article_modified_time":"2023-08-16T12:00:19+00:00","og_image":[{"url":"http:\/\/aptus-holland.com\/wp-content\/uploads\/2021\/07\/historie-aptus-holland.jpeg","type":"","width":"","height":""}],"twitter_card":"summary_large_image","twitter_misc":{"Gesch\u00e4tzte Lesezeit":"1\u00a0Minute"},"schema":{"@context":"https:\/\/schema.org","@graph":[{"@type":"WebPage","@id":"https:\/\/aptus-holland.com\/de\/geschichte\/","url":"https:\/\/aptus-holland.com\/de\/geschichte\/","name":"Unsere Geschichte | Aptus Holland | Aptus Plant Tech","isPartOf":{"@id":"https:\/\/aptus-holland.com\/de\/#website"},"primaryImageOfPage":{"@id":"https:\/\/aptus-holland.com\/de\/geschichte\/#primaryimage"},"image":{"@id":"https:\/\/aptus-holland.com\/de\/geschichte\/#primaryimage"},"thumbnailUrl":"http:\/\/aptus-holland.com\/wp-content\/uploads\/2021\/07\/historie-aptus-holland.jpeg","datePublished":"2020-01-09T04:10:53+00:00","dateModified":"2023-08-16T12:00:19+00:00","description":"M\u00f6chten Sie mehr \u00fcber Aptus Holland \u2013 Aptus Plant Tech erfahren? Lesen Sie hier mehr \u00fcber unsere Geschichte, die in den 1990er Jahren beginnt.","breadcrumb":{"@id":"https:\/\/aptus-holland.com\/de\/geschichte\/#breadcrumb"},"inLanguage":"de","potentialAction":[{"@type":"ReadAction","target":["https:\/\/aptus-holland.com\/de\/geschichte\/"]}]},{"@type":"ImageObject","inLanguage":"de","@id":"https:\/\/aptus-holland.com\/de\/geschichte\/#primaryimage","url":"http:\/\/aptus-holland.com\/wp-content\/uploads\/2021\/07\/historie-aptus-holland.jpeg","contentUrl":"http:\/\/aptus-holland.com\/wp-content\/uploads\/2021\/07\/historie-aptus-holland.jpeg"},{"@type":"BreadcrumbList","@id":"https:\/\/aptus-holland.com\/de\/geschichte\/#breadcrumb","itemListElement":[{"@type":"ListItem","position":1,"name":"Home","item":"https:\/\/aptus-holland.com\/de\/"},{"@type":"ListItem","position":2,"name":"Geschichte"}]},{"@type":"WebSite","@id":"https:\/\/aptus-holland.com\/de\/#website","url":"https:\/\/aptus-holland.com\/de\/","name":"Aptus Holland","description":"Plant Tech","publisher":{"@id":"https:\/\/aptus-holland.com\/de\/#organization"},"potentialAction":[{"@type":"SearchAction","target":{"@type":"EntryPoint","urlTemplate":"https:\/\/aptus-holland.com\/de\/?s={search_term_string}"},"query-input":{"@type":"PropertyValueSpecification","valueRequired":true,"valueName":"search_term_string"}}],"inLanguage":"de"},{"@type":"Organization","@id":"https:\/\/aptus-holland.com\/de\/#organization","name":"Aptus Holland","url":"https:\/\/aptus-holland.com\/de\/","logo":{"@type":"ImageObject","inLanguage":"de","@id":"https:\/\/aptus-holland.com\/de\/#\/schema\/logo\/image\/","url":"https:\/\/aptus-holland.com\/wp-content\/uploads\/2021\/07\/logo-aptus-holland.png","contentUrl":"https:\/\/aptus-holland.com\/wp-content\/uploads\/2021\/07\/logo-aptus-holland.png","width":365,"height":200,"caption":"Aptus Holland"},"image":{"@id":"https:\/\/aptus-holland.com\/de\/#\/schema\/logo\/image\/"}}]}},"_links":{"self":[{"href":"https:\/\/aptus-holland.com\/de\/wp-json\/wp\/v2\/pages\/34102","targetHints":{"allow":["GET"]}}],"collection":[{"href":"https:\/\/aptus-holland.com\/de\/wp-json\/wp\/v2\/pages"}],"about":[{"href":"https:\/\/aptus-holland.com\/de\/wp-json\/wp\/v2\/types\/page"}],"author":[{"embeddable":true,"href":"https:\/\/aptus-holland.com\/de\/wp-json\/wp\/v2\/users\/1"}],"replies":[{"embeddable":true,"href":"https:\/\/aptus-holland.com\/de\/wp-json\/wp\/v2\/comments?post=34102"}],"version-history":[{"count":4,"href":"https:\/\/aptus-holland.com\/de\/wp-json\/wp\/v2\/pages\/34102\/revisions"}],"predecessor-version":[{"id":34106,"href":"https:\/\/aptus-holland.com\/de\/wp-json\/wp\/v2\/pages\/34102\/revisions\/34106"}],"wp:attachment":[{"href":"https:\/\/aptus-holland.com\/de\/wp-json\/wp\/v2\/media?parent=34102"}],"curies":[{"name":"wp","href":"https:\/\/api.w.org\/{rel}","templated":true}]}}