{"id":33954,"date":"2021-07-23T09:23:12","date_gmt":"2021-07-23T09:23:12","guid":{"rendered":"https:\/\/aptus-holland.com\/disclaimer\/"},"modified":"2023-08-16T07:56:10","modified_gmt":"2023-08-16T07:56:10","slug":"disclaimer","status":"publish","type":"page","link":"https:\/\/aptus-holland.com\/de\/disclaimer\/","title":{"rendered":"Disclaimer"},"content":{"rendered":"\t\t<div data-elementor-type=\"wp-page\" data-elementor-id=\"33954\" class=\"elementor elementor-33954 elementor-5197\" data-elementor-settings=\"[]\">\n\t\t\t\t\t\t\t<div class=\"elementor-section-wrap\">\n\t\t\t\t\t\t\t<section class=\"elementor-section elementor-top-section elementor-element elementor-element-8c1b6b2 elementor-section-content-middle ot-traditional elementor-section-boxed elementor-section-height-default elementor-section-height-default\" data-id=\"8c1b6b2\" data-element_type=\"section\">\n\t\t\t\t\t\t<div class=\"elementor-container elementor-column-gap-extended\">\n\t\t\t\t\t<div class=\"elementor-column elementor-col-100 elementor-top-column elementor-element elementor-element-8416bc3 ot-flex-column-vertical\" data-id=\"8416bc3\" data-element_type=\"column\">\n\t\t\t<div class=\"elementor-widget-wrap elementor-element-populated\">\n\t\t\t\t\t\t\t\t<div class=\"elementor-element elementor-element-d735292 elementor-widget elementor-widget-iheading\" data-id=\"d735292\" data-element_type=\"widget\" data-widget_type=\"iheading.default\">\n\t\t\t\t<div class=\"elementor-widget-container\">\n\t\t\t\t\t<div class=\"ot-heading\">\r\n\t        \t            <span>\/\/ Aptus Holand | True Plant Science<\/span>\r\n\t        <h2 class=\"main-heading\">Disclaimer<\/h2>\t    <\/div>\r\n\t    \t\t<\/div>\n\t\t\t\t<\/div>\n\t\t\t\t<section class=\"elementor-section elementor-inner-section elementor-element elementor-element-4389fef elementor-section-full_width ot-traditional elementor-section-height-default elementor-section-height-default\" data-id=\"4389fef\" data-element_type=\"section\">\n\t\t\t\t\t\t<div class=\"elementor-container elementor-column-gap-default\">\n\t\t\t\t\t<div class=\"elementor-column elementor-col-100 elementor-inner-column elementor-element elementor-element-9ca3462 ot-flex-column-vertical\" data-id=\"9ca3462\" data-element_type=\"column\">\n\t\t\t<div class=\"elementor-widget-wrap elementor-element-populated\">\n\t\t\t\t\t\t\t\t<div class=\"elementor-element elementor-element-d1b9e95 elementor-widget elementor-widget-text-editor\" data-id=\"d1b9e95\" data-element_type=\"widget\" data-widget_type=\"text-editor.default\">\n\t\t\t\t<div class=\"elementor-widget-container\">\n\t\t\t\t\t\t\t\t<p>Der Inhalt dieser APTUS HOLLAND-Website ist durch Urheberrechte, Markenrechte und andere geistige Eigentumsrechte gesch\u00fctzt. Alle Rechte sind vorbehalten. IB.ECO BV vertreibt unter dem Namen Aptus-Holland: Aptus, Insect &amp; Soil Care und Specialty Booster D\u00fcngemittel. IB.ECO BV verkauft diese Produkte an Einzelh\u00e4ndler mit einem g\u00fcltigen Abonnement der Handelskammer, die unseren Anforderungen entsprechen.<\/p><p>Die Marken und Logos von IB.ECO BV, Aptus, Insect &amp; Soil Care und Specialty Booster sind gesch\u00fctztes Eigentum. Aptus\u00ae, Insect &amp; Soil Care\u00ae und Specialty Booster\u00ae sind eingetragene Marken.<\/p><p>IB.ECO BV stellt die Website-Materialien ausschlie\u00dflich zur Ver\u00f6ffentlichung von Nachrichten, Artikeln und Rezensionen \u00fcber IB.ECO BV zur Verf\u00fcgung. Sie k\u00f6nnen diese Materialien in Ihre Nachrichten, Artikel und Rezensionen \u00fcber IB.ECO BV aufnehmen.<br \/>Die Inhalte dieser Website wurden mit gr\u00f6\u00dfter Sorgfalt erstellt. Dennoch k\u00f6nnen daraus keine Rechte abgeleitet werden. IB.ECO BV \u00fcbernimmt keine Verantwortung f\u00fcr den Inhalt dieser Website. Sie d\u00fcrfen die Website-Materialien nicht zur Werbung f\u00fcr ein anderes Produkt oder Unternehmen verwenden. Alle unter Verwendung von IB.ECO BV-Materialien erstellten \u00c4nderungen oder abgeleiteten Werke unterliegen der ordnungsgem\u00e4\u00dfen Zustimmung von IB.ECO BV, die jederzeit und aus jedem Grund verlangen kann, dass sie entfernt und\/oder zerst\u00f6rt werden.<\/p><p>Es ist Ihnen nicht gestattet, Inhalte der IB.ECO BV-Website zu ver\u00e4ndern, zu ver\u00f6ffentlichen, zu \u00fcbertragen, zu verteilen, zu verkaufen, zu vermieten, zu verleasen, zu lizenzieren oder auf andere Weise anderen zug\u00e4nglich zu machen; Sie d\u00fcrfen lediglich auf die IB.ECO BV-Website verlinken. Sie d\u00fcrfen die Marken oder Materialien von IB.ECO BV nicht in einer Weise verwenden oder anzeigen, die den Eindruck erwecken k\u00f6nnte, dass IB.ECO BV der Autor Ihrer Artikel oder ein offizieller Sponsor ist.<\/p><p>Sie d\u00fcrfen Inhalte der IB.ECO BV-Website nicht \u00fcber Ihre eigene Website verf\u00fcgbar machen, wenn eine solche Nutzung das Hosten dieser Inhalte durch IB.ECO BV erfordert. Beispielsweise ist es Ihnen nicht gestattet, Inhalte der IB.ECO BV-Website in einem Frame, Iframe, direkter Inhaltsverkn\u00fcpfung oder einem Widget zur Verf\u00fcgung zu stellen.<\/p><p>Materialien von IB.ECO BV d\u00fcrfen nicht auf Websites verwendet werden, die sexuell eindeutige Materialien, Gewalt, Diskriminierung oder illegale Aktivit\u00e4ten f\u00f6rdern oder abf\u00e4llige, verleumderische oder unehrliche Aussagen \u00fcber IB.ECO BV und\/oder seine Produkte, Mitarbeiter und Vertreter machen.<\/p><p>Es ist Ihnen nicht gestattet, in den IB.ECO BV-Materialien enthaltene Text-, Urheberrechts- oder andere Eigentumshinweise zu entfernen.<\/p><p>Wir behalten uns das Recht vor, diese Lizenz jederzeit jedem Benutzer aus beliebigem Grund und nach alleinigem Ermessen von IB.ECO BV zu entziehen.<\/p><p>IB.ECO BV ersetzt Produkte, die nicht den Spezifikationen entsprechen.<\/p><p>Lesen Sie vor der Anwendung sorgf\u00e4ltig die Anwendungs- und Dosierungshinweise auf der Packung.<br \/>IB.ECO BV schlie\u00dft jegliche direkte oder indirekte Haftung aus der Nutzung unserer Produkte oder der Informationen auf dieser Website aus.<\/p><p>IB.ECO BV kann die Allgemeinen Gesch\u00e4ftsbedingungen jederzeit nach eigenem Ermessen \u00e4ndern.<\/p><p>F\u00fcr alle Angelegenheiten, die IB.ECO BV betreffen, gelten ausschlie\u00dflich EU-Gesetze, ohne dass die Kollisionsnormen oder Ihr tats\u00e4chlicher Staat oder Ihr Wohnsitzland in Kraft treten. Alle Anspr\u00fcche, Gerichtsverfahren oder Rechtsstreitigkeiten, die sich im Zusammenhang mit IB.ECO BV ergeben, werden ausschlie\u00dflich in Maastricht, Niederlande, vorgebracht, und Sie stimmen der ausschlie\u00dflichen Zust\u00e4ndigkeit dieser Gerichte zu.<\/p>\t\t\t\t\t\t<\/div>\n\t\t\t\t<\/div>\n\t\t\t\t\t<\/div>\n\t\t<\/div>\n\t\t\t\t\t\t\t<\/div>\n\t\t<\/section>\n\t\t\t\t\t<\/div>\n\t\t<\/div>\n\t\t\t\t\t\t\t<\/div>\n\t\t<\/section>\n\t\t\t\t\t\t<\/div>\n\t\t\t\t\t<\/div>\n\t\t","protected":false},"excerpt":{"rendered":"<p>\/\/ Aptus Holand | True Plant Science Disclaimer Der Inhalt dieser APTUS HOLLAND-Website ist durch Urheberrechte, Markenrechte und andere geistige Eigentumsrechte gesch\u00fctzt. Alle Rechte sind vorbehalten. IB.ECO BV vertreibt unter dem Namen Aptus-Holland: Aptus, Insect &amp; Soil Care und Specialty Booster D\u00fcngemittel. IB.ECO BV verkauft diese Produkte an Einzelh\u00e4ndler mit einem g\u00fcltigen Abonnement der Handelskammer, [&hellip;]<\/p>\n","protected":false},"author":2,"featured_media":0,"parent":0,"menu_order":0,"comment_status":"closed","ping_status":"closed","template":"","meta":{"_monsterinsights_skip_tracking":false,"_monsterinsights_sitenote_active":false,"_monsterinsights_sitenote_note":"","_monsterinsights_sitenote_category":0,"footnotes":""},"class_list":["post-33954","page","type-page","status-publish","hentry"],"yoast_head":"<!-- This site is optimized with the Yoast SEO plugin v27.0 - https:\/\/yoast.com\/product\/yoast-seo-wordpress\/ -->\n<title>Disclaimer - Aptus Holland<\/title>\n<meta name=\"robots\" content=\"index, follow, max-snippet:-1, max-image-preview:large, max-video-preview:-1\" \/>\n<link rel=\"canonical\" href=\"https:\/\/aptus-holland.com\/de\/disclaimer\/\" \/>\n<meta property=\"og:locale\" content=\"de_DE\" \/>\n<meta property=\"og:type\" content=\"article\" \/>\n<meta property=\"og:title\" content=\"Disclaimer - Aptus Holland\" \/>\n<meta property=\"og:description\" content=\"\/\/ Aptus Holand | True Plant Science Disclaimer Der Inhalt dieser APTUS HOLLAND-Website ist durch Urheberrechte, Markenrechte und andere geistige Eigentumsrechte gesch\u00fctzt. Alle Rechte sind vorbehalten. IB.ECO BV vertreibt unter dem Namen Aptus-Holland: Aptus, Insect &amp; Soil Care und Specialty Booster D\u00fcngemittel. IB.ECO BV verkauft diese Produkte an Einzelh\u00e4ndler mit einem g\u00fcltigen Abonnement der Handelskammer, [&hellip;]\" \/>\n<meta property=\"og:url\" content=\"https:\/\/aptus-holland.com\/de\/disclaimer\/\" \/>\n<meta property=\"og:site_name\" content=\"Aptus Holland\" \/>\n<meta property=\"article:modified_time\" content=\"2023-08-16T07:56:10+00:00\" \/>\n<meta name=\"twitter:card\" content=\"summary_large_image\" \/>\n<meta name=\"twitter:label1\" content=\"Gesch\u00e4tzte Lesezeit\" \/>\n\t<meta name=\"twitter:data1\" content=\"3\u00a0Minuten\" \/>\n<script type=\"application\/ld+json\" class=\"yoast-schema-graph\">{\"@context\":\"https:\/\/schema.org\",\"@graph\":[{\"@type\":\"WebPage\",\"@id\":\"https:\/\/aptus-holland.com\/de\/disclaimer\/\",\"url\":\"https:\/\/aptus-holland.com\/de\/disclaimer\/\",\"name\":\"Disclaimer - Aptus Holland\",\"isPartOf\":{\"@id\":\"https:\/\/aptus-holland.com\/de\/#website\"},\"datePublished\":\"2021-07-23T09:23:12+00:00\",\"dateModified\":\"2023-08-16T07:56:10+00:00\",\"breadcrumb\":{\"@id\":\"https:\/\/aptus-holland.com\/de\/disclaimer\/#breadcrumb\"},\"inLanguage\":\"de\",\"potentialAction\":[{\"@type\":\"ReadAction\",\"target\":[\"https:\/\/aptus-holland.com\/de\/disclaimer\/\"]}]},{\"@type\":\"BreadcrumbList\",\"@id\":\"https:\/\/aptus-holland.com\/de\/disclaimer\/#breadcrumb\",\"itemListElement\":[{\"@type\":\"ListItem\",\"position\":1,\"name\":\"Home\",\"item\":\"https:\/\/aptus-holland.com\/de\/\"},{\"@type\":\"ListItem\",\"position\":2,\"name\":\"Disclaimer\"}]},{\"@type\":\"WebSite\",\"@id\":\"https:\/\/aptus-holland.com\/de\/#website\",\"url\":\"https:\/\/aptus-holland.com\/de\/\",\"name\":\"Aptus Holland\",\"description\":\"Plant Tech\",\"publisher\":{\"@id\":\"https:\/\/aptus-holland.com\/de\/#organization\"},\"potentialAction\":[{\"@type\":\"SearchAction\",\"target\":{\"@type\":\"EntryPoint\",\"urlTemplate\":\"https:\/\/aptus-holland.com\/de\/?s={search_term_string}\"},\"query-input\":{\"@type\":\"PropertyValueSpecification\",\"valueRequired\":true,\"valueName\":\"search_term_string\"}}],\"inLanguage\":\"de\"},{\"@type\":\"Organization\",\"@id\":\"https:\/\/aptus-holland.com\/de\/#organization\",\"name\":\"Aptus Holland\",\"url\":\"https:\/\/aptus-holland.com\/de\/\",\"logo\":{\"@type\":\"ImageObject\",\"inLanguage\":\"de\",\"@id\":\"https:\/\/aptus-holland.com\/de\/#\/schema\/logo\/image\/\",\"url\":\"https:\/\/aptus-holland.com\/wp-content\/uploads\/2021\/07\/logo-aptus-holland.png\",\"contentUrl\":\"https:\/\/aptus-holland.com\/wp-content\/uploads\/2021\/07\/logo-aptus-holland.png\",\"width\":365,\"height\":200,\"caption\":\"Aptus Holland\"},\"image\":{\"@id\":\"https:\/\/aptus-holland.com\/de\/#\/schema\/logo\/image\/\"}}]}<\/script>\n<!-- \/ Yoast SEO plugin. -->","yoast_head_json":{"title":"Disclaimer - Aptus Holland","robots":{"index":"index","follow":"follow","max-snippet":"max-snippet:-1","max-image-preview":"max-image-preview:large","max-video-preview":"max-video-preview:-1"},"canonical":"https:\/\/aptus-holland.com\/de\/disclaimer\/","og_locale":"de_DE","og_type":"article","og_title":"Disclaimer - Aptus Holland","og_description":"\/\/ Aptus Holand | True Plant Science Disclaimer Der Inhalt dieser APTUS HOLLAND-Website ist durch Urheberrechte, Markenrechte und andere geistige Eigentumsrechte gesch\u00fctzt. Alle Rechte sind vorbehalten. IB.ECO BV vertreibt unter dem Namen Aptus-Holland: Aptus, Insect &amp; Soil Care und Specialty Booster D\u00fcngemittel. IB.ECO BV verkauft diese Produkte an Einzelh\u00e4ndler mit einem g\u00fcltigen Abonnement der Handelskammer, [&hellip;]","og_url":"https:\/\/aptus-holland.com\/de\/disclaimer\/","og_site_name":"Aptus Holland","article_modified_time":"2023-08-16T07:56:10+00:00","twitter_card":"summary_large_image","twitter_misc":{"Gesch\u00e4tzte Lesezeit":"3\u00a0Minuten"},"schema":{"@context":"https:\/\/schema.org","@graph":[{"@type":"WebPage","@id":"https:\/\/aptus-holland.com\/de\/disclaimer\/","url":"https:\/\/aptus-holland.com\/de\/disclaimer\/","name":"Disclaimer - Aptus Holland","isPartOf":{"@id":"https:\/\/aptus-holland.com\/de\/#website"},"datePublished":"2021-07-23T09:23:12+00:00","dateModified":"2023-08-16T07:56:10+00:00","breadcrumb":{"@id":"https:\/\/aptus-holland.com\/de\/disclaimer\/#breadcrumb"},"inLanguage":"de","potentialAction":[{"@type":"ReadAction","target":["https:\/\/aptus-holland.com\/de\/disclaimer\/"]}]},{"@type":"BreadcrumbList","@id":"https:\/\/aptus-holland.com\/de\/disclaimer\/#breadcrumb","itemListElement":[{"@type":"ListItem","position":1,"name":"Home","item":"https:\/\/aptus-holland.com\/de\/"},{"@type":"ListItem","position":2,"name":"Disclaimer"}]},{"@type":"WebSite","@id":"https:\/\/aptus-holland.com\/de\/#website","url":"https:\/\/aptus-holland.com\/de\/","name":"Aptus Holland","description":"Plant Tech","publisher":{"@id":"https:\/\/aptus-holland.com\/de\/#organization"},"potentialAction":[{"@type":"SearchAction","target":{"@type":"EntryPoint","urlTemplate":"https:\/\/aptus-holland.com\/de\/?s={search_term_string}"},"query-input":{"@type":"PropertyValueSpecification","valueRequired":true,"valueName":"search_term_string"}}],"inLanguage":"de"},{"@type":"Organization","@id":"https:\/\/aptus-holland.com\/de\/#organization","name":"Aptus Holland","url":"https:\/\/aptus-holland.com\/de\/","logo":{"@type":"ImageObject","inLanguage":"de","@id":"https:\/\/aptus-holland.com\/de\/#\/schema\/logo\/image\/","url":"https:\/\/aptus-holland.com\/wp-content\/uploads\/2021\/07\/logo-aptus-holland.png","contentUrl":"https:\/\/aptus-holland.com\/wp-content\/uploads\/2021\/07\/logo-aptus-holland.png","width":365,"height":200,"caption":"Aptus Holland"},"image":{"@id":"https:\/\/aptus-holland.com\/de\/#\/schema\/logo\/image\/"}}]}},"_links":{"self":[{"href":"https:\/\/aptus-holland.com\/de\/wp-json\/wp\/v2\/pages\/33954","targetHints":{"allow":["GET"]}}],"collection":[{"href":"https:\/\/aptus-holland.com\/de\/wp-json\/wp\/v2\/pages"}],"about":[{"href":"https:\/\/aptus-holland.com\/de\/wp-json\/wp\/v2\/types\/page"}],"author":[{"embeddable":true,"href":"https:\/\/aptus-holland.com\/de\/wp-json\/wp\/v2\/users\/2"}],"replies":[{"embeddable":true,"href":"https:\/\/aptus-holland.com\/de\/wp-json\/wp\/v2\/comments?post=33954"}],"version-history":[{"count":4,"href":"https:\/\/aptus-holland.com\/de\/wp-json\/wp\/v2\/pages\/33954\/revisions"}],"predecessor-version":[{"id":33958,"href":"https:\/\/aptus-holland.com\/de\/wp-json\/wp\/v2\/pages\/33954\/revisions\/33958"}],"wp:attachment":[{"href":"https:\/\/aptus-holland.com\/de\/wp-json\/wp\/v2\/media?parent=33954"}],"curies":[{"name":"wp","href":"https:\/\/api.w.org\/{rel}","templated":true}]}}